{"id":24724,"date":"2026-03-11T18:55:06","date_gmt":"2026-03-11T16:55:06","guid":{"rendered":"https:\/\/skaitytaknyga.lt\/?post_type=product&#038;p=24724"},"modified":"2026-03-18T09:34:41","modified_gmt":"2026-03-18T07:34:41","slug":"psichoanalizes-ivadas-paskaitos","status":"publish","type":"product","link":"https:\/\/skaitytaknyga.lt\/en\/produktas\/psichoanalizes-ivadas-paskaitos\/","title":{"rendered":"Psichoanaliz\u0117s \u012fvadas. Paskaitos"},"content":{"rendered":"<p>\u0160i knyga ypatingai reik\u0161minga \u2013 joje pateikiamas psichoanaliz\u0117s koncepcijos branduolys. Pirmose dviejose dalyse &#8211; \u201eRiktai\u201c ir \u201eSapnai\u201c \u2013 d\u0117stomi teoriniai psichoanaliz\u0117s principai, jos metodai bei duomen\u0173, gaunam\u0173 psichoanalitin\u0117s tyrimo metu, ai\u0161kinimo b\u016bdai. Tre\u010dioji dalis skiriama bendriesiems psichoanaliz\u0117s neurozi\u0173 teorijos principams. \u201ePaskaitose\u201c i\u0161samiai aptariamos Freudo sukurtos s\u0105vokos, atspindin\u010dios real\u0173 psichikos savitum\u0105, be kuri\u0173 sunku \u012fsivaizduoti \u0161iuolaikin\u012f moksl\u0105 apie psichik\u0105<\/p>\n","protected":false},"excerpt":{"rendered":"<p>\u0160i knyga ypatingai reik\u0161minga \u2013 joje pateikiamas psichoanaliz\u0117s koncepcijos branduolys. Pirmose dviejose dalyse &#8211; \u201eRiktai\u201c ir \u201eSapnai\u201c \u2013 d\u0117stomi teoriniai psichoanaliz\u0117s principai, jos metodai bei duomen\u0173, gaunam\u0173 psichoanalitin\u0117s tyrimo metu, ai\u0161kinimo b\u016bdai. Tre\u010dioji dalis skiriama bendriesiems psichoanaliz\u0117s neurozi\u0173 teorijos principams. \u201ePaskaitose\u201c i\u0161samiai aptariamos Freudo sukurtos s\u0105vokos, atspindin\u010dios real\u0173 psichikos savitum\u0105, be kuri\u0173 sunku \u012fsivaizduoti \u0161iuolaikin\u012f moksl\u0105 apie psichik\u0105<\/p>\n","protected":false},"featured_media":24729,"comment_status":"open","ping_status":"closed","template":"","meta":{"_acf_changed":false,"site-sidebar-layout":"default","site-content-layout":"","ast-site-content-layout":"default","site-content-style":"default","site-sidebar-style":"default","ast-global-header-display":"","ast-banner-title-visibility":"","ast-main-header-display":"","ast-hfb-above-header-display":"","ast-hfb-below-header-display":"","ast-hfb-mobile-header-display":"","site-post-title":"","ast-breadcrumbs-content":"","ast-featured-img":"","footer-sml-layout":"","ast-disable-related-posts":"","theme-transparent-header-meta":"","adv-header-id-meta":"","stick-header-meta":"","header-above-stick-meta":"","header-main-stick-meta":"","header-below-stick-meta":"","astra-migrate-meta-layouts":"default","ast-page-background-enabled":"default","ast-page-background-meta":{"desktop":{"background-color":"","background-image":"","background-repeat":"repeat","background-position":"center center","background-size":"auto","background-attachment":"scroll","background-type":"","background-media":"","overlay-type":"","overlay-color":"","overlay-opacity":"","overlay-gradient":""},"tablet":{"background-color":"","background-image":"","background-repeat":"repeat","background-position":"center center","background-size":"auto","background-attachment":"scroll","background-type":"","background-media":"","overlay-type":"","overlay-color":"","overlay-opacity":"","overlay-gradient":""},"mobile":{"background-color":"","background-image":"","background-repeat":"repeat","background-position":"center center","background-size":"auto","background-attachment":"scroll","background-type":"","background-media":"","overlay-type":"","overlay-color":"","overlay-opacity":"","overlay-gradient":""}},"ast-content-background-meta":{"desktop":{"background-color":"var(--ast-global-color-4)","background-image":"","background-repeat":"repeat","background-position":"center center","background-size":"auto","background-attachment":"scroll","background-type":"","background-media":"","overlay-type":"","overlay-color":"","overlay-opacity":"","overlay-gradient":""},"tablet":{"background-color":"var(--ast-global-color-4)","background-image":"","background-repeat":"repeat","background-position":"center center","background-size":"auto","background-attachment":"scroll","background-type":"","background-media":"","overlay-type":"","overlay-color":"","overlay-opacity":"","overlay-gradient":""},"mobile":{"background-color":"var(--ast-global-color-4)","background-image":"","background-repeat":"repeat","background-position":"center center","background-size":"auto","background-attachment":"scroll","background-type":"","background-media":"","overlay-type":"","overlay-color":"","overlay-opacity":"","overlay-gradient":""}}},"product_brand":[],"product_cat":[30],"product_tag":[9793],"class_list":{"0":"post-24724","1":"product","2":"type-product","3":"status-publish","4":"has-post-thumbnail","6":"product_cat-psichologija-ir-saviugda","7":"product_tag-sigmund-freud","8":"desktop-align-left","9":"tablet-align-left","10":"mobile-align-left","12":"first","13":"instock","14":"shipping-taxable","15":"purchasable","16":"product-type-simple"},"acf":[],"yoast_head":"<!-- This site is optimized with the Yoast SEO plugin v27.0 - https:\/\/yoast.com\/product\/yoast-seo-wordpress\/ -->\n<title>Psichoanaliz\u0117s \u012fvadas. Paskaitos<\/title>\n<meta name=\"description\" content=\"\u0160i knyga ypatingai reik\u0161minga \u2013 joje pateikiamas psichoanaliz\u0117s koncepcijos branduolys. Pirmose dviejose dalyse - \u201eRiktai\u201c ir \u201eSapnai\u201c \u2013 d\u0117stomi teoriniai\" \/>\n<meta name=\"robots\" content=\"index, follow, max-snippet:-1, max-image-preview:large, max-video-preview:-1\" \/>\n<link rel=\"canonical\" href=\"https:\/\/skaitytaknyga.lt\/en\/produktas\/psichoanalizes-ivadas-paskaitos\/\" \/>\n<meta property=\"og:locale\" content=\"en_GB\" \/>\n<meta property=\"og:locale:alternate\" content=\"lt_LT\" \/>\n<meta property=\"og:type\" content=\"article\" \/>\n<meta property=\"og:title\" content=\"Psichoanaliz\u0117s \u012fvadas. Paskaitos\" \/>\n<meta property=\"og:description\" content=\"\u0160i knyga ypatingai reik\u0161minga \u2013 joje pateikiamas psichoanaliz\u0117s koncepcijos branduolys. Pirmose dviejose dalyse - \u201eRiktai\u201c ir \u201eSapnai\u201c \u2013 d\u0117stomi teoriniai\" \/>\n<meta property=\"og:url\" content=\"https:\/\/skaitytaknyga.lt\/en\/produktas\/psichoanalizes-ivadas-paskaitos\/\" \/>\n<meta property=\"og:site_name\" content=\"Skaitytaknyga\" \/>\n<meta property=\"article:publisher\" content=\"https:\/\/www.facebook.com\/skaitytaknyga\/\" \/>\n<meta property=\"article:modified_time\" content=\"2026-03-18T07:34:41+00:00\" \/>\n<meta property=\"og:image\" content=\"https:\/\/skaitytaknyga.lt\/wp-content\/uploads\/2026\/03\/Psichoanalizes-ivadas.-Paskaitos.webp\" \/>\n\t<meta property=\"og:image:width\" content=\"529\" \/>\n\t<meta property=\"og:image:height\" content=\"801\" \/>\n\t<meta property=\"og:image:type\" content=\"image\/webp\" \/>\n<meta name=\"twitter:card\" content=\"summary_large_image\" \/>\n<script type=\"application\/ld+json\" class=\"yoast-schema-graph\">{\"@context\":\"https:\/\/schema.org\",\"@graph\":[{\"@type\":\"WebPage\",\"@id\":\"https:\/\/skaitytaknyga.lt\/produktas\/psichoanalizes-ivadas-paskaitos\/\",\"url\":\"https:\/\/skaitytaknyga.lt\/produktas\/psichoanalizes-ivadas-paskaitos\/\",\"name\":\"Psichoanaliz\u0117s \u012fvadas. Paskaitos\",\"isPartOf\":{\"@id\":\"https:\/\/skaitytaknyga.lt\/#website\"},\"primaryImageOfPage\":{\"@id\":\"https:\/\/skaitytaknyga.lt\/produktas\/psichoanalizes-ivadas-paskaitos\/#primaryimage\"},\"image\":{\"@id\":\"https:\/\/skaitytaknyga.lt\/produktas\/psichoanalizes-ivadas-paskaitos\/#primaryimage\"},\"thumbnailUrl\":\"https:\/\/skaitytaknyga.lt\/wp-content\/uploads\/2026\/03\/Psichoanalizes-ivadas.-Paskaitos.webp\",\"datePublished\":\"2026-03-11T16:55:06+00:00\",\"dateModified\":\"2026-03-18T07:34:41+00:00\",\"description\":\"\u0160i knyga ypatingai reik\u0161minga \u2013 joje pateikiamas psichoanaliz\u0117s koncepcijos branduolys. Pirmose dviejose dalyse - \u201eRiktai\u201c ir \u201eSapnai\u201c \u2013 d\u0117stomi teoriniai\",\"breadcrumb\":{\"@id\":\"https:\/\/skaitytaknyga.lt\/produktas\/psichoanalizes-ivadas-paskaitos\/#breadcrumb\"},\"inLanguage\":\"en-GB\",\"potentialAction\":[{\"@type\":\"ReadAction\",\"target\":[\"https:\/\/skaitytaknyga.lt\/produktas\/psichoanalizes-ivadas-paskaitos\/\"]}]},{\"@type\":\"ImageObject\",\"inLanguage\":\"en-GB\",\"@id\":\"https:\/\/skaitytaknyga.lt\/produktas\/psichoanalizes-ivadas-paskaitos\/#primaryimage\",\"url\":\"https:\/\/skaitytaknyga.lt\/wp-content\/uploads\/2026\/03\/Psichoanalizes-ivadas.-Paskaitos.webp\",\"contentUrl\":\"https:\/\/skaitytaknyga.lt\/wp-content\/uploads\/2026\/03\/Psichoanalizes-ivadas.-Paskaitos.webp\",\"width\":529,\"height\":801,\"caption\":\"Psichoanaliz\u0117s \u012fvadas. Paskaitos\"},{\"@type\":\"BreadcrumbList\",\"@id\":\"https:\/\/skaitytaknyga.lt\/produktas\/psichoanalizes-ivadas-paskaitos\/#breadcrumb\",\"itemListElement\":[{\"@type\":\"ListItem\",\"position\":1,\"name\":\"Home\",\"item\":\"https:\/\/skaitytaknyga.lt\/\"},{\"@type\":\"ListItem\",\"position\":2,\"name\":\"Parduotuv\u0117\",\"item\":\"https:\/\/skaitytaknyga.lt\/knygu-parduotuve\/\"},{\"@type\":\"ListItem\",\"position\":3,\"name\":\"Psichoanaliz\u0117s \u012fvadas. Paskaitos\"}]},{\"@type\":\"WebSite\",\"@id\":\"https:\/\/skaitytaknyga.lt\/#website\",\"url\":\"https:\/\/skaitytaknyga.lt\/\",\"name\":\"skaitytaknyga.lt\",\"description\":\"Skaitytaknyga.lt \u2013 tai ma\u017eas \u0161eimos verslas, kuris prasid\u0117jo nuo meil\u0117s knygoms ir siekio i\u0161gelb\u0117ti knygas nuo likimo prie konteinerio. Kas vienam nereikalingas daiktas \u2013 kitam lobis, o mes esame tarpininkai, kurie padeda abiems tapti laimingesniems ???? \u017dinome kaip nelengva i\u0161gyventi ma\u017eiems verslams, tad nuo \u0161iol, \u010dia rasite ir kit\u0173, ma\u017e\u0173 \u0161eim\u0173 versl\u0173, rank\u0173 darbo, dovan\u0173 sau ir artimiesiems.\",\"publisher\":{\"@id\":\"https:\/\/skaitytaknyga.lt\/#organization\"},\"potentialAction\":[{\"@type\":\"SearchAction\",\"target\":{\"@type\":\"EntryPoint\",\"urlTemplate\":\"https:\/\/skaitytaknyga.lt\/?s={search_term_string}\"},\"query-input\":{\"@type\":\"PropertyValueSpecification\",\"valueRequired\":true,\"valueName\":\"search_term_string\"}}],\"inLanguage\":\"en-GB\"},{\"@type\":\"Organization\",\"@id\":\"https:\/\/skaitytaknyga.lt\/#organization\",\"name\":\"skaitytaknyga.lt\",\"url\":\"https:\/\/skaitytaknyga.lt\/\",\"logo\":{\"@type\":\"ImageObject\",\"inLanguage\":\"en-GB\",\"@id\":\"https:\/\/skaitytaknyga.lt\/#\/schema\/logo\/image\/\",\"url\":\"https:\/\/skaitytaknyga.lt\/wp-content\/uploads\/2024\/05\/cropped-cropped-cropped-02_00843_jt3bggkj1j3HLc7SyY6rEUpg.jpeg\",\"contentUrl\":\"https:\/\/skaitytaknyga.lt\/wp-content\/uploads\/2024\/05\/cropped-cropped-cropped-02_00843_jt3bggkj1j3HLc7SyY6rEUpg.jpeg\",\"width\":1600,\"height\":1600,\"caption\":\"skaitytaknyga.lt\"},\"image\":{\"@id\":\"https:\/\/skaitytaknyga.lt\/#\/schema\/logo\/image\/\"},\"sameAs\":[\"https:\/\/www.facebook.com\/skaitytaknyga\/\"]}]}<\/script>\n<!-- \/ Yoast SEO plugin. -->","yoast_head_json":{"title":"Psichoanaliz\u0117s \u012fvadas. Paskaitos","description":"\u0160i knyga ypatingai reik\u0161minga \u2013 joje pateikiamas psichoanaliz\u0117s koncepcijos branduolys. Pirmose dviejose dalyse - \u201eRiktai\u201c ir \u201eSapnai\u201c \u2013 d\u0117stomi teoriniai","robots":{"index":"index","follow":"follow","max-snippet":"max-snippet:-1","max-image-preview":"max-image-preview:large","max-video-preview":"max-video-preview:-1"},"canonical":"https:\/\/skaitytaknyga.lt\/en\/produktas\/psichoanalizes-ivadas-paskaitos\/","og_locale":"en_GB","og_type":"article","og_title":"[:lt]Psichoanaliz\u0117s \u012fvadas. Paskaitos[:] - Skaitytaknyga","og_description":"\u0160i knyga ypatingai reik\u0161minga \u2013 joje pateikiamas psichoanaliz\u0117s koncepcijos branduolys. Pirmose dviejose dalyse - \u201eRiktai\u201c ir \u201eSapnai\u201c \u2013 d\u0117stomi teoriniai","og_url":"https:\/\/skaitytaknyga.lt\/en\/produktas\/psichoanalizes-ivadas-paskaitos\/","og_site_name":"Skaitytaknyga","article_publisher":"https:\/\/www.facebook.com\/skaitytaknyga\/","article_modified_time":"2026-03-18T07:34:41+00:00","og_image":[{"width":529,"height":801,"url":"https:\/\/skaitytaknyga.lt\/wp-content\/uploads\/2026\/03\/Psichoanalizes-ivadas.-Paskaitos.webp","type":"image\/webp"}],"twitter_card":"summary_large_image","schema":{"@context":"https:\/\/schema.org","@graph":[{"@type":"WebPage","@id":"https:\/\/skaitytaknyga.lt\/produktas\/psichoanalizes-ivadas-paskaitos\/","url":"https:\/\/skaitytaknyga.lt\/produktas\/psichoanalizes-ivadas-paskaitos\/","name":"Psichoanaliz\u0117s \u012fvadas. Paskaitos","isPartOf":{"@id":"https:\/\/skaitytaknyga.lt\/#website"},"primaryImageOfPage":{"@id":"https:\/\/skaitytaknyga.lt\/produktas\/psichoanalizes-ivadas-paskaitos\/#primaryimage"},"image":{"@id":"https:\/\/skaitytaknyga.lt\/produktas\/psichoanalizes-ivadas-paskaitos\/#primaryimage"},"thumbnailUrl":"https:\/\/skaitytaknyga.lt\/wp-content\/uploads\/2026\/03\/Psichoanalizes-ivadas.-Paskaitos.webp","datePublished":"2026-03-11T16:55:06+00:00","dateModified":"2026-03-18T07:34:41+00:00","description":"\u0160i knyga ypatingai reik\u0161minga \u2013 joje pateikiamas psichoanaliz\u0117s koncepcijos branduolys. Pirmose dviejose dalyse - \u201eRiktai\u201c ir \u201eSapnai\u201c \u2013 d\u0117stomi teoriniai","breadcrumb":{"@id":"https:\/\/skaitytaknyga.lt\/produktas\/psichoanalizes-ivadas-paskaitos\/#breadcrumb"},"inLanguage":"en-GB","potentialAction":[{"@type":"ReadAction","target":["https:\/\/skaitytaknyga.lt\/produktas\/psichoanalizes-ivadas-paskaitos\/"]}]},{"@type":"ImageObject","inLanguage":"en-GB","@id":"https:\/\/skaitytaknyga.lt\/produktas\/psichoanalizes-ivadas-paskaitos\/#primaryimage","url":"https:\/\/skaitytaknyga.lt\/wp-content\/uploads\/2026\/03\/Psichoanalizes-ivadas.-Paskaitos.webp","contentUrl":"https:\/\/skaitytaknyga.lt\/wp-content\/uploads\/2026\/03\/Psichoanalizes-ivadas.-Paskaitos.webp","width":529,"height":801,"caption":"Psichoanaliz\u0117s \u012fvadas. Paskaitos"},{"@type":"BreadcrumbList","@id":"https:\/\/skaitytaknyga.lt\/produktas\/psichoanalizes-ivadas-paskaitos\/#breadcrumb","itemListElement":[{"@type":"ListItem","position":1,"name":"Home","item":"https:\/\/skaitytaknyga.lt\/"},{"@type":"ListItem","position":2,"name":"Parduotuv\u0117","item":"https:\/\/skaitytaknyga.lt\/knygu-parduotuve\/"},{"@type":"ListItem","position":3,"name":"Psichoanaliz\u0117s \u012fvadas. Paskaitos"}]},{"@type":"WebSite","@id":"https:\/\/skaitytaknyga.lt\/#website","url":"https:\/\/skaitytaknyga.lt\/","name":"skaitytaknyga.lt","description":"Skaitytaknyga.lt \u2013 tai ma\u017eas \u0161eimos verslas, kuris prasid\u0117jo nuo meil\u0117s knygoms ir siekio i\u0161gelb\u0117ti knygas nuo likimo prie konteinerio. Kas vienam nereikalingas daiktas \u2013 kitam lobis, o mes esame tarpininkai, kurie padeda abiems tapti laimingesniems ???? \u017dinome kaip nelengva i\u0161gyventi ma\u017eiems verslams, tad nuo \u0161iol, \u010dia rasite ir kit\u0173, ma\u017e\u0173 \u0161eim\u0173 versl\u0173, rank\u0173 darbo, dovan\u0173 sau ir artimiesiems.","publisher":{"@id":"https:\/\/skaitytaknyga.lt\/#organization"},"potentialAction":[{"@type":"SearchAction","target":{"@type":"EntryPoint","urlTemplate":"https:\/\/skaitytaknyga.lt\/?s={search_term_string}"},"query-input":{"@type":"PropertyValueSpecification","valueRequired":true,"valueName":"search_term_string"}}],"inLanguage":"en-GB"},{"@type":"Organization","@id":"https:\/\/skaitytaknyga.lt\/#organization","name":"skaitytaknyga.lt","url":"https:\/\/skaitytaknyga.lt\/","logo":{"@type":"ImageObject","inLanguage":"en-GB","@id":"https:\/\/skaitytaknyga.lt\/#\/schema\/logo\/image\/","url":"https:\/\/skaitytaknyga.lt\/wp-content\/uploads\/2024\/05\/cropped-cropped-cropped-02_00843_jt3bggkj1j3HLc7SyY6rEUpg.jpeg","contentUrl":"https:\/\/skaitytaknyga.lt\/wp-content\/uploads\/2024\/05\/cropped-cropped-cropped-02_00843_jt3bggkj1j3HLc7SyY6rEUpg.jpeg","width":1600,"height":1600,"caption":"skaitytaknyga.lt"},"image":{"@id":"https:\/\/skaitytaknyga.lt\/#\/schema\/logo\/image\/"},"sameAs":["https:\/\/www.facebook.com\/skaitytaknyga\/"]}]}},"_links":{"self":[{"href":"https:\/\/skaitytaknyga.lt\/en\/wp-json\/wp\/v2\/product\/24724","targetHints":{"allow":["GET"]}}],"collection":[{"href":"https:\/\/skaitytaknyga.lt\/en\/wp-json\/wp\/v2\/product"}],"about":[{"href":"https:\/\/skaitytaknyga.lt\/en\/wp-json\/wp\/v2\/types\/product"}],"replies":[{"embeddable":true,"href":"https:\/\/skaitytaknyga.lt\/en\/wp-json\/wp\/v2\/comments?post=24724"}],"wp:featuredmedia":[{"embeddable":true,"href":"https:\/\/skaitytaknyga.lt\/en\/wp-json\/wp\/v2\/media\/24729"}],"wp:attachment":[{"href":"https:\/\/skaitytaknyga.lt\/en\/wp-json\/wp\/v2\/media?parent=24724"}],"wp:term":[{"taxonomy":"product_brand","embeddable":true,"href":"https:\/\/skaitytaknyga.lt\/en\/wp-json\/wp\/v2\/product_brand?post=24724"},{"taxonomy":"product_cat","embeddable":true,"href":"https:\/\/skaitytaknyga.lt\/en\/wp-json\/wp\/v2\/product_cat?post=24724"},{"taxonomy":"product_tag","embeddable":true,"href":"https:\/\/skaitytaknyga.lt\/en\/wp-json\/wp\/v2\/product_tag?post=24724"}],"curies":[{"name":"wp","href":"https:\/\/api.w.org\/{rel}","templated":true}]}}