{"id":24723,"date":"2026-03-11T18:55:06","date_gmt":"2026-03-11T16:55:06","guid":{"rendered":"https:\/\/skaitytaknyga.lt\/?post_type=product&#038;p=24723"},"modified":"2026-03-18T19:38:23","modified_gmt":"2026-03-18T17:38:23","slug":"del-musu-likimo-ir-zvaigzdes-kaltos","status":"publish","type":"product","link":"https:\/\/skaitytaknyga.lt\/en\/produktas\/del-musu-likimo-ir-zvaigzdes-kaltos\/","title":{"rendered":"D\u0117l m\u016bs\u0173 likimo ir \u017evaig\u017ed\u0117s kaltos"},"content":{"rendered":"<p>\u0160e\u0161iolikmet\u0117s Heizel\u0117s ir septyniolikme\u010dio Ogasto meil\u0117s istorija, papasakota pa\u010dios Heizel\u0117s. Jiedu susipa\u017eino sunkiomis ligomis sergan\u010di\u0173 vaik\u0173 Tarpusavio paramos grup\u0117je. Jaunuoliai turi daug svajoni\u0173, ta\u010diau liga (o gal \u017evaig\u017ed\u0117s) patvarko savaip. Per trump\u0105 kartu jiems skirt\u0105 laik\u0105 abu ie\u0161ko ir randa atsakymus \u012f begal\u0119 klausim\u0173 apie gyvenim\u0105 ir mirt\u012f. \u0160is pasakojimas \u2013 nepertraukiamas juoko pro a\u0161aras pli\u016bpsnis, persmelktas ne\u012ftikimai skaidrios ir guod\u017eian\u010dios \u0161viesos.<\/p>\n","protected":false},"excerpt":{"rendered":"<p>\u0160e\u0161iolikmet\u0117s Heizel\u0117s ir septyniolikme\u010dio Ogasto meil\u0117s istorija, papasakota pa\u010dios Heizel\u0117s. Jiedu susipa\u017eino sunkiomis ligomis sergan\u010di\u0173 vaik\u0173 Tarpusavio paramos grup\u0117je. Jaunuoliai turi daug svajoni\u0173, ta\u010diau liga (o gal \u017evaig\u017ed\u0117s) patvarko savaip. Per trump\u0105 kartu jiems skirt\u0105 laik\u0105 abu ie\u0161ko ir randa atsakymus \u012f begal\u0119 klausim\u0173 apie gyvenim\u0105 ir mirt\u012f. \u0160is pasakojimas \u2013 nepertraukiamas juoko pro a\u0161aras pli\u016bpsnis, persmelktas ne\u012ftikimai skaidrios ir guod\u017eian\u010dios \u0161viesos.<\/p>\n","protected":false},"featured_media":24728,"comment_status":"open","ping_status":"closed","template":"","meta":{"_acf_changed":false,"site-sidebar-layout":"default","site-content-layout":"","ast-site-content-layout":"default","site-content-style":"default","site-sidebar-style":"default","ast-global-header-display":"","ast-banner-title-visibility":"","ast-main-header-display":"","ast-hfb-above-header-display":"","ast-hfb-below-header-display":"","ast-hfb-mobile-header-display":"","site-post-title":"","ast-breadcrumbs-content":"","ast-featured-img":"","footer-sml-layout":"","ast-disable-related-posts":"","theme-transparent-header-meta":"","adv-header-id-meta":"","stick-header-meta":"","header-above-stick-meta":"","header-main-stick-meta":"","header-below-stick-meta":"","astra-migrate-meta-layouts":"default","ast-page-background-enabled":"default","ast-page-background-meta":{"desktop":{"background-color":"","background-image":"","background-repeat":"repeat","background-position":"center center","background-size":"auto","background-attachment":"scroll","background-type":"","background-media":"","overlay-type":"","overlay-color":"","overlay-opacity":"","overlay-gradient":""},"tablet":{"background-color":"","background-image":"","background-repeat":"repeat","background-position":"center center","background-size":"auto","background-attachment":"scroll","background-type":"","background-media":"","overlay-type":"","overlay-color":"","overlay-opacity":"","overlay-gradient":""},"mobile":{"background-color":"","background-image":"","background-repeat":"repeat","background-position":"center center","background-size":"auto","background-attachment":"scroll","background-type":"","background-media":"","overlay-type":"","overlay-color":"","overlay-opacity":"","overlay-gradient":""}},"ast-content-background-meta":{"desktop":{"background-color":"var(--ast-global-color-4)","background-image":"","background-repeat":"repeat","background-position":"center center","background-size":"auto","background-attachment":"scroll","background-type":"","background-media":"","overlay-type":"","overlay-color":"","overlay-opacity":"","overlay-gradient":""},"tablet":{"background-color":"var(--ast-global-color-4)","background-image":"","background-repeat":"repeat","background-position":"center center","background-size":"auto","background-attachment":"scroll","background-type":"","background-media":"","overlay-type":"","overlay-color":"","overlay-opacity":"","overlay-gradient":""},"mobile":{"background-color":"var(--ast-global-color-4)","background-image":"","background-repeat":"repeat","background-position":"center center","background-size":"auto","background-attachment":"scroll","background-type":"","background-media":"","overlay-type":"","overlay-color":"","overlay-opacity":"","overlay-gradient":""}}},"product_brand":[],"product_cat":[9676],"product_tag":[9791],"class_list":{"0":"post-24723","1":"product","2":"type-product","3":"status-publish","4":"has-post-thumbnail","6":"product_cat-paaugliams","7":"product_tag-john-green","8":"desktop-align-left","9":"tablet-align-left","10":"mobile-align-left","12":"first","13":"instock","14":"shipping-taxable","15":"purchasable","16":"product-type-simple"},"acf":[],"yoast_head":"<!-- This site is optimized with the Yoast SEO plugin v27.0 - https:\/\/yoast.com\/product\/yoast-seo-wordpress\/ -->\n<title>D\u0117l m\u016bs\u0173 likimo ir \u017evaig\u017ed\u0117s kaltos<\/title>\n<meta name=\"description\" content=\"\u0160e\u0161iolikmet\u0117s Heizel\u0117s ir septyniolikme\u010dio Ogasto meil\u0117s istorija, papasakota pa\u010dios Heizel\u0117s. Jiedu susipa\u017eino sunkiomis ligomis sergan\u010di\u0173 vaik\u0173\" \/>\n<meta name=\"robots\" content=\"index, follow, max-snippet:-1, max-image-preview:large, max-video-preview:-1\" \/>\n<link rel=\"canonical\" href=\"https:\/\/skaitytaknyga.lt\/en\/produktas\/del-musu-likimo-ir-zvaigzdes-kaltos\/\" \/>\n<meta property=\"og:locale\" content=\"en_GB\" \/>\n<meta property=\"og:locale:alternate\" content=\"lt_LT\" \/>\n<meta property=\"og:type\" content=\"article\" \/>\n<meta property=\"og:title\" content=\"D\u0117l m\u016bs\u0173 likimo ir \u017evaig\u017ed\u0117s kaltos\" \/>\n<meta property=\"og:description\" content=\"\u0160e\u0161iolikmet\u0117s Heizel\u0117s ir septyniolikme\u010dio Ogasto meil\u0117s istorija, papasakota pa\u010dios Heizel\u0117s. Jiedu susipa\u017eino sunkiomis ligomis sergan\u010di\u0173 vaik\u0173\" \/>\n<meta property=\"og:url\" content=\"https:\/\/skaitytaknyga.lt\/en\/produktas\/del-musu-likimo-ir-zvaigzdes-kaltos\/\" \/>\n<meta property=\"og:site_name\" content=\"Skaitytaknyga\" \/>\n<meta property=\"article:publisher\" content=\"https:\/\/www.facebook.com\/skaitytaknyga\/\" \/>\n<meta property=\"article:modified_time\" content=\"2026-03-18T17:38:23+00:00\" \/>\n<meta property=\"og:image\" content=\"https:\/\/skaitytaknyga.lt\/wp-content\/uploads\/2026\/03\/Del-musu-likimo-ir-zvaigzdes-kaltos.webp\" \/>\n\t<meta property=\"og:image:width\" content=\"305\" \/>\n\t<meta property=\"og:image:height\" content=\"496\" \/>\n\t<meta property=\"og:image:type\" content=\"image\/webp\" \/>\n<meta name=\"twitter:card\" content=\"summary_large_image\" \/>\n<script type=\"application\/ld+json\" class=\"yoast-schema-graph\">{\"@context\":\"https:\/\/schema.org\",\"@graph\":[{\"@type\":\"WebPage\",\"@id\":\"https:\/\/skaitytaknyga.lt\/produktas\/del-musu-likimo-ir-zvaigzdes-kaltos\/\",\"url\":\"https:\/\/skaitytaknyga.lt\/produktas\/del-musu-likimo-ir-zvaigzdes-kaltos\/\",\"name\":\"D\u0117l m\u016bs\u0173 likimo ir \u017evaig\u017ed\u0117s kaltos\",\"isPartOf\":{\"@id\":\"https:\/\/skaitytaknyga.lt\/#website\"},\"primaryImageOfPage\":{\"@id\":\"https:\/\/skaitytaknyga.lt\/produktas\/del-musu-likimo-ir-zvaigzdes-kaltos\/#primaryimage\"},\"image\":{\"@id\":\"https:\/\/skaitytaknyga.lt\/produktas\/del-musu-likimo-ir-zvaigzdes-kaltos\/#primaryimage\"},\"thumbnailUrl\":\"https:\/\/skaitytaknyga.lt\/wp-content\/uploads\/2026\/03\/Del-musu-likimo-ir-zvaigzdes-kaltos.webp\",\"datePublished\":\"2026-03-11T16:55:06+00:00\",\"dateModified\":\"2026-03-18T17:38:23+00:00\",\"description\":\"\u0160e\u0161iolikmet\u0117s Heizel\u0117s ir septyniolikme\u010dio Ogasto meil\u0117s istorija, papasakota pa\u010dios Heizel\u0117s. Jiedu susipa\u017eino sunkiomis ligomis sergan\u010di\u0173 vaik\u0173\",\"breadcrumb\":{\"@id\":\"https:\/\/skaitytaknyga.lt\/produktas\/del-musu-likimo-ir-zvaigzdes-kaltos\/#breadcrumb\"},\"inLanguage\":\"en-GB\",\"potentialAction\":[{\"@type\":\"ReadAction\",\"target\":[\"https:\/\/skaitytaknyga.lt\/produktas\/del-musu-likimo-ir-zvaigzdes-kaltos\/\"]}]},{\"@type\":\"ImageObject\",\"inLanguage\":\"en-GB\",\"@id\":\"https:\/\/skaitytaknyga.lt\/produktas\/del-musu-likimo-ir-zvaigzdes-kaltos\/#primaryimage\",\"url\":\"https:\/\/skaitytaknyga.lt\/wp-content\/uploads\/2026\/03\/Del-musu-likimo-ir-zvaigzdes-kaltos.webp\",\"contentUrl\":\"https:\/\/skaitytaknyga.lt\/wp-content\/uploads\/2026\/03\/Del-musu-likimo-ir-zvaigzdes-kaltos.webp\",\"width\":305,\"height\":496,\"caption\":\"D\u0117l m\u016bs\u0173 likimo ir \u017evaig\u017ed\u0117s kaltos\"},{\"@type\":\"BreadcrumbList\",\"@id\":\"https:\/\/skaitytaknyga.lt\/produktas\/del-musu-likimo-ir-zvaigzdes-kaltos\/#breadcrumb\",\"itemListElement\":[{\"@type\":\"ListItem\",\"position\":1,\"name\":\"Home\",\"item\":\"https:\/\/skaitytaknyga.lt\/\"},{\"@type\":\"ListItem\",\"position\":2,\"name\":\"Parduotuv\u0117\",\"item\":\"https:\/\/skaitytaknyga.lt\/knygu-parduotuve\/\"},{\"@type\":\"ListItem\",\"position\":3,\"name\":\"D\u0117l m\u016bs\u0173 likimo ir \u017evaig\u017ed\u0117s kaltos\"}]},{\"@type\":\"WebSite\",\"@id\":\"https:\/\/skaitytaknyga.lt\/#website\",\"url\":\"https:\/\/skaitytaknyga.lt\/\",\"name\":\"skaitytaknyga.lt\",\"description\":\"Skaitytaknyga.lt \u2013 tai ma\u017eas \u0161eimos verslas, kuris prasid\u0117jo nuo meil\u0117s knygoms ir siekio i\u0161gelb\u0117ti knygas nuo likimo prie konteinerio. Kas vienam nereikalingas daiktas \u2013 kitam lobis, o mes esame tarpininkai, kurie padeda abiems tapti laimingesniems ???? \u017dinome kaip nelengva i\u0161gyventi ma\u017eiems verslams, tad nuo \u0161iol, \u010dia rasite ir kit\u0173, ma\u017e\u0173 \u0161eim\u0173 versl\u0173, rank\u0173 darbo, dovan\u0173 sau ir artimiesiems.\",\"publisher\":{\"@id\":\"https:\/\/skaitytaknyga.lt\/#organization\"},\"potentialAction\":[{\"@type\":\"SearchAction\",\"target\":{\"@type\":\"EntryPoint\",\"urlTemplate\":\"https:\/\/skaitytaknyga.lt\/?s={search_term_string}\"},\"query-input\":{\"@type\":\"PropertyValueSpecification\",\"valueRequired\":true,\"valueName\":\"search_term_string\"}}],\"inLanguage\":\"en-GB\"},{\"@type\":\"Organization\",\"@id\":\"https:\/\/skaitytaknyga.lt\/#organization\",\"name\":\"skaitytaknyga.lt\",\"url\":\"https:\/\/skaitytaknyga.lt\/\",\"logo\":{\"@type\":\"ImageObject\",\"inLanguage\":\"en-GB\",\"@id\":\"https:\/\/skaitytaknyga.lt\/#\/schema\/logo\/image\/\",\"url\":\"https:\/\/skaitytaknyga.lt\/wp-content\/uploads\/2024\/05\/cropped-cropped-cropped-02_00843_jt3bggkj1j3HLc7SyY6rEUpg.jpeg\",\"contentUrl\":\"https:\/\/skaitytaknyga.lt\/wp-content\/uploads\/2024\/05\/cropped-cropped-cropped-02_00843_jt3bggkj1j3HLc7SyY6rEUpg.jpeg\",\"width\":1600,\"height\":1600,\"caption\":\"skaitytaknyga.lt\"},\"image\":{\"@id\":\"https:\/\/skaitytaknyga.lt\/#\/schema\/logo\/image\/\"},\"sameAs\":[\"https:\/\/www.facebook.com\/skaitytaknyga\/\"]}]}<\/script>\n<!-- \/ Yoast SEO plugin. -->","yoast_head_json":{"title":"D\u0117l m\u016bs\u0173 likimo ir \u017evaig\u017ed\u0117s kaltos","description":"\u0160e\u0161iolikmet\u0117s Heizel\u0117s ir septyniolikme\u010dio Ogasto meil\u0117s istorija, papasakota pa\u010dios Heizel\u0117s. Jiedu susipa\u017eino sunkiomis ligomis sergan\u010di\u0173 vaik\u0173","robots":{"index":"index","follow":"follow","max-snippet":"max-snippet:-1","max-image-preview":"max-image-preview:large","max-video-preview":"max-video-preview:-1"},"canonical":"https:\/\/skaitytaknyga.lt\/en\/produktas\/del-musu-likimo-ir-zvaigzdes-kaltos\/","og_locale":"en_GB","og_type":"article","og_title":"[:lt]D\u0117l m\u016bs\u0173 likimo ir \u017evaig\u017ed\u0117s kaltos[:] - Skaitytaknyga","og_description":"\u0160e\u0161iolikmet\u0117s Heizel\u0117s ir septyniolikme\u010dio Ogasto meil\u0117s istorija, papasakota pa\u010dios Heizel\u0117s. Jiedu susipa\u017eino sunkiomis ligomis sergan\u010di\u0173 vaik\u0173","og_url":"https:\/\/skaitytaknyga.lt\/en\/produktas\/del-musu-likimo-ir-zvaigzdes-kaltos\/","og_site_name":"Skaitytaknyga","article_publisher":"https:\/\/www.facebook.com\/skaitytaknyga\/","article_modified_time":"2026-03-18T17:38:23+00:00","og_image":[{"width":305,"height":496,"url":"https:\/\/skaitytaknyga.lt\/wp-content\/uploads\/2026\/03\/Del-musu-likimo-ir-zvaigzdes-kaltos.webp","type":"image\/webp"}],"twitter_card":"summary_large_image","schema":{"@context":"https:\/\/schema.org","@graph":[{"@type":"WebPage","@id":"https:\/\/skaitytaknyga.lt\/produktas\/del-musu-likimo-ir-zvaigzdes-kaltos\/","url":"https:\/\/skaitytaknyga.lt\/produktas\/del-musu-likimo-ir-zvaigzdes-kaltos\/","name":"D\u0117l m\u016bs\u0173 likimo ir \u017evaig\u017ed\u0117s kaltos","isPartOf":{"@id":"https:\/\/skaitytaknyga.lt\/#website"},"primaryImageOfPage":{"@id":"https:\/\/skaitytaknyga.lt\/produktas\/del-musu-likimo-ir-zvaigzdes-kaltos\/#primaryimage"},"image":{"@id":"https:\/\/skaitytaknyga.lt\/produktas\/del-musu-likimo-ir-zvaigzdes-kaltos\/#primaryimage"},"thumbnailUrl":"https:\/\/skaitytaknyga.lt\/wp-content\/uploads\/2026\/03\/Del-musu-likimo-ir-zvaigzdes-kaltos.webp","datePublished":"2026-03-11T16:55:06+00:00","dateModified":"2026-03-18T17:38:23+00:00","description":"\u0160e\u0161iolikmet\u0117s Heizel\u0117s ir septyniolikme\u010dio Ogasto meil\u0117s istorija, papasakota pa\u010dios Heizel\u0117s. Jiedu susipa\u017eino sunkiomis ligomis sergan\u010di\u0173 vaik\u0173","breadcrumb":{"@id":"https:\/\/skaitytaknyga.lt\/produktas\/del-musu-likimo-ir-zvaigzdes-kaltos\/#breadcrumb"},"inLanguage":"en-GB","potentialAction":[{"@type":"ReadAction","target":["https:\/\/skaitytaknyga.lt\/produktas\/del-musu-likimo-ir-zvaigzdes-kaltos\/"]}]},{"@type":"ImageObject","inLanguage":"en-GB","@id":"https:\/\/skaitytaknyga.lt\/produktas\/del-musu-likimo-ir-zvaigzdes-kaltos\/#primaryimage","url":"https:\/\/skaitytaknyga.lt\/wp-content\/uploads\/2026\/03\/Del-musu-likimo-ir-zvaigzdes-kaltos.webp","contentUrl":"https:\/\/skaitytaknyga.lt\/wp-content\/uploads\/2026\/03\/Del-musu-likimo-ir-zvaigzdes-kaltos.webp","width":305,"height":496,"caption":"D\u0117l m\u016bs\u0173 likimo ir \u017evaig\u017ed\u0117s kaltos"},{"@type":"BreadcrumbList","@id":"https:\/\/skaitytaknyga.lt\/produktas\/del-musu-likimo-ir-zvaigzdes-kaltos\/#breadcrumb","itemListElement":[{"@type":"ListItem","position":1,"name":"Home","item":"https:\/\/skaitytaknyga.lt\/"},{"@type":"ListItem","position":2,"name":"Parduotuv\u0117","item":"https:\/\/skaitytaknyga.lt\/knygu-parduotuve\/"},{"@type":"ListItem","position":3,"name":"D\u0117l m\u016bs\u0173 likimo ir \u017evaig\u017ed\u0117s kaltos"}]},{"@type":"WebSite","@id":"https:\/\/skaitytaknyga.lt\/#website","url":"https:\/\/skaitytaknyga.lt\/","name":"skaitytaknyga.lt","description":"Skaitytaknyga.lt \u2013 tai ma\u017eas \u0161eimos verslas, kuris prasid\u0117jo nuo meil\u0117s knygoms ir siekio i\u0161gelb\u0117ti knygas nuo likimo prie konteinerio. Kas vienam nereikalingas daiktas \u2013 kitam lobis, o mes esame tarpininkai, kurie padeda abiems tapti laimingesniems ???? \u017dinome kaip nelengva i\u0161gyventi ma\u017eiems verslams, tad nuo \u0161iol, \u010dia rasite ir kit\u0173, ma\u017e\u0173 \u0161eim\u0173 versl\u0173, rank\u0173 darbo, dovan\u0173 sau ir artimiesiems.","publisher":{"@id":"https:\/\/skaitytaknyga.lt\/#organization"},"potentialAction":[{"@type":"SearchAction","target":{"@type":"EntryPoint","urlTemplate":"https:\/\/skaitytaknyga.lt\/?s={search_term_string}"},"query-input":{"@type":"PropertyValueSpecification","valueRequired":true,"valueName":"search_term_string"}}],"inLanguage":"en-GB"},{"@type":"Organization","@id":"https:\/\/skaitytaknyga.lt\/#organization","name":"skaitytaknyga.lt","url":"https:\/\/skaitytaknyga.lt\/","logo":{"@type":"ImageObject","inLanguage":"en-GB","@id":"https:\/\/skaitytaknyga.lt\/#\/schema\/logo\/image\/","url":"https:\/\/skaitytaknyga.lt\/wp-content\/uploads\/2024\/05\/cropped-cropped-cropped-02_00843_jt3bggkj1j3HLc7SyY6rEUpg.jpeg","contentUrl":"https:\/\/skaitytaknyga.lt\/wp-content\/uploads\/2024\/05\/cropped-cropped-cropped-02_00843_jt3bggkj1j3HLc7SyY6rEUpg.jpeg","width":1600,"height":1600,"caption":"skaitytaknyga.lt"},"image":{"@id":"https:\/\/skaitytaknyga.lt\/#\/schema\/logo\/image\/"},"sameAs":["https:\/\/www.facebook.com\/skaitytaknyga\/"]}]}},"_links":{"self":[{"href":"https:\/\/skaitytaknyga.lt\/en\/wp-json\/wp\/v2\/product\/24723","targetHints":{"allow":["GET"]}}],"collection":[{"href":"https:\/\/skaitytaknyga.lt\/en\/wp-json\/wp\/v2\/product"}],"about":[{"href":"https:\/\/skaitytaknyga.lt\/en\/wp-json\/wp\/v2\/types\/product"}],"replies":[{"embeddable":true,"href":"https:\/\/skaitytaknyga.lt\/en\/wp-json\/wp\/v2\/comments?post=24723"}],"wp:featuredmedia":[{"embeddable":true,"href":"https:\/\/skaitytaknyga.lt\/en\/wp-json\/wp\/v2\/media\/24728"}],"wp:attachment":[{"href":"https:\/\/skaitytaknyga.lt\/en\/wp-json\/wp\/v2\/media?parent=24723"}],"wp:term":[{"taxonomy":"product_brand","embeddable":true,"href":"https:\/\/skaitytaknyga.lt\/en\/wp-json\/wp\/v2\/product_brand?post=24723"},{"taxonomy":"product_cat","embeddable":true,"href":"https:\/\/skaitytaknyga.lt\/en\/wp-json\/wp\/v2\/product_cat?post=24723"},{"taxonomy":"product_tag","embeddable":true,"href":"https:\/\/skaitytaknyga.lt\/en\/wp-json\/wp\/v2\/product_tag?post=24723"}],"curies":[{"name":"wp","href":"https:\/\/api.w.org\/{rel}","templated":true}]}}