{"id":24715,"date":"2026-03-11T18:33:50","date_gmt":"2026-03-11T16:33:50","guid":{"rendered":"https:\/\/skaitytaknyga.lt\/?post_type=product&#038;p=24715"},"modified":"2026-03-18T09:34:26","modified_gmt":"2026-03-18T07:34:26","slug":"popieriniai-rumai","status":"publish","type":"product","link":"https:\/\/skaitytaknyga.lt\/en\/produktas\/popieriniai-rumai\/","title":{"rendered":"Popieriniai r\u016bmai"},"content":{"rendered":"<p>\u201e\u0160is i\u0161 popieriaus pastatytas namelis vis stovi, kasmet laukia m\u016bs\u0173 sugr\u012f\u017etan\u010di\u0173. \u0160is namelis \u017eino visas mano paslaptis.&#8221;<\/p>\n<p>Tobul\u0105 rugpj\u016b\u010dio ryt\u0105 penkiasde\u0161imtmet\u0117, laimingai i\u0161tek\u0117jusi trij\u0173 vaik\u0173 mama El\u0117 Bi\u0161op nubunda Popieriniuose r\u016bmuose \u2013 prie\u0161 daugel\u012f met\u0173 ant e\u017eero kranto jos senelio \u012fkurtoje poilsiaviet\u0117je. Nuo pat ma\u017e\u0173 dien\u0173 El\u0117 kartu su visa \u0161eima \u010dia leisdavo vasaras. Ta\u010diau \u0161is rytas kitoks. Vakar nakt\u012f, visiems garsiai kalbantis ir terasoje gurk\u0161nojant g\u0117rimus, El\u0117 ir jos did\u017eioji paauglyst\u0117s meil\u0117 D\u017eonas i\u0161sli\u016bkino laukan ir, apgaubti pasal\u016bni\u0161kos tamsos, pirm\u0105syk myl\u0117josi.<\/p>\n<p>Dabar, per kitas dvide\u0161imt keturias valandas, El\u0117 turi apsispr\u0119sti: likti su mylin\u010diu, r\u016bpestingu vyru Piteriu ar pagaliau patirti t\u0105 i\u0161siilgtos pirmosios meil\u0117s i\u0161sipildym\u0105, kuriam prie\u0161 daugel\u012f met\u0173 keli\u0105 pastojo visk\u0105 pakeitusi, El\u0119 su D\u017eonu skirtingais keliais nublo\u0161kusi tragedija.<\/p>\n<p>\u201ePopieriniai r\u016bmai&#8221; \u2013 vienos paros, sykiu daugiau nei penkiasde\u0161imties met\u0173 istorija, \u017eingsnis po \u017eingsnio vedanti El\u0117s sprendimo link.<\/p>\n","protected":false},"excerpt":{"rendered":"<p>\u201e\u0160is i\u0161 popieriaus pastatytas namelis vis stovi, kasmet laukia m\u016bs\u0173 sugr\u012f\u017etan\u010di\u0173. \u0160is namelis \u017eino visas mano paslaptis.&#8221; Tobul\u0105 rugpj\u016b\u010dio ryt\u0105 penkiasde\u0161imtmet\u0117, laimingai i\u0161tek\u0117jusi trij\u0173 vaik\u0173 mama El\u0117 Bi\u0161op nubunda Popieriniuose r\u016bmuose \u2013 prie\u0161 daugel\u012f met\u0173 ant e\u017eero kranto jos senelio \u012fkurtoje poilsiaviet\u0117je. Nuo pat ma\u017e\u0173 dien\u0173 El\u0117 kartu su visa \u0161eima \u010dia leisdavo vasaras. Ta\u010diau \u0161is rytas kitoks. Vakar nakt\u012f, visiems garsiai kalbantis ir terasoje gurk\u0161nojant g\u0117rimus, El\u0117 ir jos did\u017eioji paauglyst\u0117s meil\u0117 D\u017eonas i\u0161sli\u016bkino laukan ir, apgaubti pasal\u016bni\u0161kos tamsos, pirm\u0105syk myl\u0117josi. Dabar, per kitas dvide\u0161imt keturias valandas, El\u0117 turi apsispr\u0119sti: likti su mylin\u010diu, r\u016bpestingu vyru Piteriu ar pagaliau patirti t\u0105 i\u0161siilgtos pirmosios meil\u0117s i\u0161sipildym\u0105, kuriam prie\u0161 daugel\u012f met\u0173 keli\u0105 pastojo visk\u0105 pakeitusi, El\u0119 su D\u017eonu skirtingais keliais nublo\u0161kusi tragedija. \u201ePopieriniai r\u016bmai&#8221; \u2013 vienos paros, sykiu daugiau nei penkiasde\u0161imties met\u0173 istorija, \u017eingsnis po \u017eingsnio vedanti El\u0117s sprendimo link.<\/p>\n","protected":false},"featured_media":24720,"comment_status":"open","ping_status":"closed","template":"","meta":{"_acf_changed":false,"site-sidebar-layout":"default","site-content-layout":"","ast-site-content-layout":"default","site-content-style":"default","site-sidebar-style":"default","ast-global-header-display":"","ast-banner-title-visibility":"","ast-main-header-display":"","ast-hfb-above-header-display":"","ast-hfb-below-header-display":"","ast-hfb-mobile-header-display":"","site-post-title":"","ast-breadcrumbs-content":"","ast-featured-img":"","footer-sml-layout":"","ast-disable-related-posts":"","theme-transparent-header-meta":"","adv-header-id-meta":"","stick-header-meta":"","header-above-stick-meta":"","header-main-stick-meta":"","header-below-stick-meta":"","astra-migrate-meta-layouts":"default","ast-page-background-enabled":"default","ast-page-background-meta":{"desktop":{"background-color":"","background-image":"","background-repeat":"repeat","background-position":"center center","background-size":"auto","background-attachment":"scroll","background-type":"","background-media":"","overlay-type":"","overlay-color":"","overlay-opacity":"","overlay-gradient":""},"tablet":{"background-color":"","background-image":"","background-repeat":"repeat","background-position":"center center","background-size":"auto","background-attachment":"scroll","background-type":"","background-media":"","overlay-type":"","overlay-color":"","overlay-opacity":"","overlay-gradient":""},"mobile":{"background-color":"","background-image":"","background-repeat":"repeat","background-position":"center center","background-size":"auto","background-attachment":"scroll","background-type":"","background-media":"","overlay-type":"","overlay-color":"","overlay-opacity":"","overlay-gradient":""}},"ast-content-background-meta":{"desktop":{"background-color":"var(--ast-global-color-4)","background-image":"","background-repeat":"repeat","background-position":"center center","background-size":"auto","background-attachment":"scroll","background-type":"","background-media":"","overlay-type":"","overlay-color":"","overlay-opacity":"","overlay-gradient":""},"tablet":{"background-color":"var(--ast-global-color-4)","background-image":"","background-repeat":"repeat","background-position":"center center","background-size":"auto","background-attachment":"scroll","background-type":"","background-media":"","overlay-type":"","overlay-color":"","overlay-opacity":"","overlay-gradient":""},"mobile":{"background-color":"var(--ast-global-color-4)","background-image":"","background-repeat":"repeat","background-position":"center center","background-size":"auto","background-attachment":"scroll","background-type":"","background-media":"","overlay-type":"","overlay-color":"","overlay-opacity":"","overlay-gradient":""}}},"product_brand":[],"product_cat":[9734],"product_tag":[9785],"class_list":{"0":"post-24715","1":"product","2":"type-product","3":"status-publish","4":"has-post-thumbnail","6":"product_cat-romanai","7":"product_tag-miranda-cowley-heller","8":"desktop-align-left","9":"tablet-align-left","10":"mobile-align-left","12":"first","13":"instock","14":"shipping-taxable","15":"purchasable","16":"product-type-simple"},"acf":[],"yoast_head":"<!-- This site is optimized with the Yoast SEO plugin v27.0 - https:\/\/yoast.com\/product\/yoast-seo-wordpress\/ -->\n<title>Popieriniai r\u016bmai<\/title>\n<meta name=\"description\" content=\"\u201e\u0160is i\u0161 popieriaus pastatytas namelis vis stovi, kasmet laukia m\u016bs\u0173 sugr\u012f\u017etan\u010di\u0173. \u0160is namelis \u017eino visas mano paslaptis.&quot; Tobul\u0105 rugpj\u016b\u010dio ryt\u0105\" \/>\n<meta name=\"robots\" content=\"index, follow, max-snippet:-1, max-image-preview:large, max-video-preview:-1\" \/>\n<link rel=\"canonical\" href=\"https:\/\/skaitytaknyga.lt\/en\/produktas\/popieriniai-rumai\/\" \/>\n<meta property=\"og:locale\" content=\"en_GB\" \/>\n<meta property=\"og:locale:alternate\" content=\"lt_LT\" \/>\n<meta property=\"og:type\" content=\"article\" \/>\n<meta property=\"og:title\" content=\"Popieriniai r\u016bmai\" \/>\n<meta property=\"og:description\" content=\"\u201e\u0160is i\u0161 popieriaus pastatytas namelis vis stovi, kasmet laukia m\u016bs\u0173 sugr\u012f\u017etan\u010di\u0173. \u0160is namelis \u017eino visas mano paslaptis.&quot; Tobul\u0105 rugpj\u016b\u010dio ryt\u0105\" \/>\n<meta property=\"og:url\" content=\"https:\/\/skaitytaknyga.lt\/en\/produktas\/popieriniai-rumai\/\" \/>\n<meta property=\"og:site_name\" content=\"Skaitytaknyga\" \/>\n<meta property=\"article:publisher\" content=\"https:\/\/www.facebook.com\/skaitytaknyga\/\" \/>\n<meta property=\"article:modified_time\" content=\"2026-03-18T07:34:26+00:00\" \/>\n<meta property=\"og:image\" content=\"https:\/\/skaitytaknyga.lt\/wp-content\/uploads\/2026\/03\/Popieriniai-rumai.webp\" \/>\n\t<meta property=\"og:image:width\" content=\"541\" \/>\n\t<meta property=\"og:image:height\" content=\"783\" \/>\n\t<meta property=\"og:image:type\" content=\"image\/webp\" \/>\n<meta name=\"twitter:card\" content=\"summary_large_image\" \/>\n<meta name=\"twitter:label1\" content=\"Estimated reading time\" \/>\n\t<meta name=\"twitter:data1\" content=\"1 minute\" \/>\n<script type=\"application\/ld+json\" class=\"yoast-schema-graph\">{\"@context\":\"https:\/\/schema.org\",\"@graph\":[{\"@type\":\"WebPage\",\"@id\":\"https:\/\/skaitytaknyga.lt\/produktas\/popieriniai-rumai\/\",\"url\":\"https:\/\/skaitytaknyga.lt\/produktas\/popieriniai-rumai\/\",\"name\":\"Popieriniai r\u016bmai\",\"isPartOf\":{\"@id\":\"https:\/\/skaitytaknyga.lt\/#website\"},\"primaryImageOfPage\":{\"@id\":\"https:\/\/skaitytaknyga.lt\/produktas\/popieriniai-rumai\/#primaryimage\"},\"image\":{\"@id\":\"https:\/\/skaitytaknyga.lt\/produktas\/popieriniai-rumai\/#primaryimage\"},\"thumbnailUrl\":\"https:\/\/skaitytaknyga.lt\/wp-content\/uploads\/2026\/03\/Popieriniai-rumai.webp\",\"datePublished\":\"2026-03-11T16:33:50+00:00\",\"dateModified\":\"2026-03-18T07:34:26+00:00\",\"description\":\"\u201e\u0160is i\u0161 popieriaus pastatytas namelis vis stovi, kasmet laukia m\u016bs\u0173 sugr\u012f\u017etan\u010di\u0173. \u0160is namelis \u017eino visas mano paslaptis.\\\" Tobul\u0105 rugpj\u016b\u010dio ryt\u0105\",\"breadcrumb\":{\"@id\":\"https:\/\/skaitytaknyga.lt\/produktas\/popieriniai-rumai\/#breadcrumb\"},\"inLanguage\":\"en-GB\",\"potentialAction\":[{\"@type\":\"ReadAction\",\"target\":[\"https:\/\/skaitytaknyga.lt\/produktas\/popieriniai-rumai\/\"]}]},{\"@type\":\"ImageObject\",\"inLanguage\":\"en-GB\",\"@id\":\"https:\/\/skaitytaknyga.lt\/produktas\/popieriniai-rumai\/#primaryimage\",\"url\":\"https:\/\/skaitytaknyga.lt\/wp-content\/uploads\/2026\/03\/Popieriniai-rumai.webp\",\"contentUrl\":\"https:\/\/skaitytaknyga.lt\/wp-content\/uploads\/2026\/03\/Popieriniai-rumai.webp\",\"width\":541,\"height\":783,\"caption\":\"Popieriniai r\u016bmai\"},{\"@type\":\"BreadcrumbList\",\"@id\":\"https:\/\/skaitytaknyga.lt\/produktas\/popieriniai-rumai\/#breadcrumb\",\"itemListElement\":[{\"@type\":\"ListItem\",\"position\":1,\"name\":\"Home\",\"item\":\"https:\/\/skaitytaknyga.lt\/\"},{\"@type\":\"ListItem\",\"position\":2,\"name\":\"Parduotuv\u0117\",\"item\":\"https:\/\/skaitytaknyga.lt\/knygu-parduotuve\/\"},{\"@type\":\"ListItem\",\"position\":3,\"name\":\"Popieriniai r\u016bmai\"}]},{\"@type\":\"WebSite\",\"@id\":\"https:\/\/skaitytaknyga.lt\/#website\",\"url\":\"https:\/\/skaitytaknyga.lt\/\",\"name\":\"skaitytaknyga.lt\",\"description\":\"Skaitytaknyga.lt \u2013 tai ma\u017eas \u0161eimos verslas, kuris prasid\u0117jo nuo meil\u0117s knygoms ir siekio i\u0161gelb\u0117ti knygas nuo likimo prie konteinerio. Kas vienam nereikalingas daiktas \u2013 kitam lobis, o mes esame tarpininkai, kurie padeda abiems tapti laimingesniems ???? \u017dinome kaip nelengva i\u0161gyventi ma\u017eiems verslams, tad nuo \u0161iol, \u010dia rasite ir kit\u0173, ma\u017e\u0173 \u0161eim\u0173 versl\u0173, rank\u0173 darbo, dovan\u0173 sau ir artimiesiems.\",\"publisher\":{\"@id\":\"https:\/\/skaitytaknyga.lt\/#organization\"},\"potentialAction\":[{\"@type\":\"SearchAction\",\"target\":{\"@type\":\"EntryPoint\",\"urlTemplate\":\"https:\/\/skaitytaknyga.lt\/?s={search_term_string}\"},\"query-input\":{\"@type\":\"PropertyValueSpecification\",\"valueRequired\":true,\"valueName\":\"search_term_string\"}}],\"inLanguage\":\"en-GB\"},{\"@type\":\"Organization\",\"@id\":\"https:\/\/skaitytaknyga.lt\/#organization\",\"name\":\"skaitytaknyga.lt\",\"url\":\"https:\/\/skaitytaknyga.lt\/\",\"logo\":{\"@type\":\"ImageObject\",\"inLanguage\":\"en-GB\",\"@id\":\"https:\/\/skaitytaknyga.lt\/#\/schema\/logo\/image\/\",\"url\":\"https:\/\/skaitytaknyga.lt\/wp-content\/uploads\/2024\/05\/cropped-cropped-cropped-02_00843_jt3bggkj1j3HLc7SyY6rEUpg.jpeg\",\"contentUrl\":\"https:\/\/skaitytaknyga.lt\/wp-content\/uploads\/2024\/05\/cropped-cropped-cropped-02_00843_jt3bggkj1j3HLc7SyY6rEUpg.jpeg\",\"width\":1600,\"height\":1600,\"caption\":\"skaitytaknyga.lt\"},\"image\":{\"@id\":\"https:\/\/skaitytaknyga.lt\/#\/schema\/logo\/image\/\"},\"sameAs\":[\"https:\/\/www.facebook.com\/skaitytaknyga\/\"]}]}<\/script>\n<!-- \/ Yoast SEO plugin. -->","yoast_head_json":{"title":"Popieriniai r\u016bmai","description":"\u201e\u0160is i\u0161 popieriaus pastatytas namelis vis stovi, kasmet laukia m\u016bs\u0173 sugr\u012f\u017etan\u010di\u0173. \u0160is namelis \u017eino visas mano paslaptis.\" Tobul\u0105 rugpj\u016b\u010dio ryt\u0105","robots":{"index":"index","follow":"follow","max-snippet":"max-snippet:-1","max-image-preview":"max-image-preview:large","max-video-preview":"max-video-preview:-1"},"canonical":"https:\/\/skaitytaknyga.lt\/en\/produktas\/popieriniai-rumai\/","og_locale":"en_GB","og_type":"article","og_title":"[:lt]Popieriniai r\u016bmai[:] - Skaitytaknyga","og_description":"\u201e\u0160is i\u0161 popieriaus pastatytas namelis vis stovi, kasmet laukia m\u016bs\u0173 sugr\u012f\u017etan\u010di\u0173. \u0160is namelis \u017eino visas mano paslaptis.\" Tobul\u0105 rugpj\u016b\u010dio ryt\u0105","og_url":"https:\/\/skaitytaknyga.lt\/en\/produktas\/popieriniai-rumai\/","og_site_name":"Skaitytaknyga","article_publisher":"https:\/\/www.facebook.com\/skaitytaknyga\/","article_modified_time":"2026-03-18T07:34:26+00:00","og_image":[{"width":541,"height":783,"url":"https:\/\/skaitytaknyga.lt\/wp-content\/uploads\/2026\/03\/Popieriniai-rumai.webp","type":"image\/webp"}],"twitter_card":"summary_large_image","twitter_misc":{"Estimated reading time":"1 minute"},"schema":{"@context":"https:\/\/schema.org","@graph":[{"@type":"WebPage","@id":"https:\/\/skaitytaknyga.lt\/produktas\/popieriniai-rumai\/","url":"https:\/\/skaitytaknyga.lt\/produktas\/popieriniai-rumai\/","name":"Popieriniai r\u016bmai","isPartOf":{"@id":"https:\/\/skaitytaknyga.lt\/#website"},"primaryImageOfPage":{"@id":"https:\/\/skaitytaknyga.lt\/produktas\/popieriniai-rumai\/#primaryimage"},"image":{"@id":"https:\/\/skaitytaknyga.lt\/produktas\/popieriniai-rumai\/#primaryimage"},"thumbnailUrl":"https:\/\/skaitytaknyga.lt\/wp-content\/uploads\/2026\/03\/Popieriniai-rumai.webp","datePublished":"2026-03-11T16:33:50+00:00","dateModified":"2026-03-18T07:34:26+00:00","description":"\u201e\u0160is i\u0161 popieriaus pastatytas namelis vis stovi, kasmet laukia m\u016bs\u0173 sugr\u012f\u017etan\u010di\u0173. \u0160is namelis \u017eino visas mano paslaptis.\" Tobul\u0105 rugpj\u016b\u010dio ryt\u0105","breadcrumb":{"@id":"https:\/\/skaitytaknyga.lt\/produktas\/popieriniai-rumai\/#breadcrumb"},"inLanguage":"en-GB","potentialAction":[{"@type":"ReadAction","target":["https:\/\/skaitytaknyga.lt\/produktas\/popieriniai-rumai\/"]}]},{"@type":"ImageObject","inLanguage":"en-GB","@id":"https:\/\/skaitytaknyga.lt\/produktas\/popieriniai-rumai\/#primaryimage","url":"https:\/\/skaitytaknyga.lt\/wp-content\/uploads\/2026\/03\/Popieriniai-rumai.webp","contentUrl":"https:\/\/skaitytaknyga.lt\/wp-content\/uploads\/2026\/03\/Popieriniai-rumai.webp","width":541,"height":783,"caption":"Popieriniai r\u016bmai"},{"@type":"BreadcrumbList","@id":"https:\/\/skaitytaknyga.lt\/produktas\/popieriniai-rumai\/#breadcrumb","itemListElement":[{"@type":"ListItem","position":1,"name":"Home","item":"https:\/\/skaitytaknyga.lt\/"},{"@type":"ListItem","position":2,"name":"Parduotuv\u0117","item":"https:\/\/skaitytaknyga.lt\/knygu-parduotuve\/"},{"@type":"ListItem","position":3,"name":"Popieriniai r\u016bmai"}]},{"@type":"WebSite","@id":"https:\/\/skaitytaknyga.lt\/#website","url":"https:\/\/skaitytaknyga.lt\/","name":"skaitytaknyga.lt","description":"Skaitytaknyga.lt \u2013 tai ma\u017eas \u0161eimos verslas, kuris prasid\u0117jo nuo meil\u0117s knygoms ir siekio i\u0161gelb\u0117ti knygas nuo likimo prie konteinerio. Kas vienam nereikalingas daiktas \u2013 kitam lobis, o mes esame tarpininkai, kurie padeda abiems tapti laimingesniems ???? \u017dinome kaip nelengva i\u0161gyventi ma\u017eiems verslams, tad nuo \u0161iol, \u010dia rasite ir kit\u0173, ma\u017e\u0173 \u0161eim\u0173 versl\u0173, rank\u0173 darbo, dovan\u0173 sau ir artimiesiems.","publisher":{"@id":"https:\/\/skaitytaknyga.lt\/#organization"},"potentialAction":[{"@type":"SearchAction","target":{"@type":"EntryPoint","urlTemplate":"https:\/\/skaitytaknyga.lt\/?s={search_term_string}"},"query-input":{"@type":"PropertyValueSpecification","valueRequired":true,"valueName":"search_term_string"}}],"inLanguage":"en-GB"},{"@type":"Organization","@id":"https:\/\/skaitytaknyga.lt\/#organization","name":"skaitytaknyga.lt","url":"https:\/\/skaitytaknyga.lt\/","logo":{"@type":"ImageObject","inLanguage":"en-GB","@id":"https:\/\/skaitytaknyga.lt\/#\/schema\/logo\/image\/","url":"https:\/\/skaitytaknyga.lt\/wp-content\/uploads\/2024\/05\/cropped-cropped-cropped-02_00843_jt3bggkj1j3HLc7SyY6rEUpg.jpeg","contentUrl":"https:\/\/skaitytaknyga.lt\/wp-content\/uploads\/2024\/05\/cropped-cropped-cropped-02_00843_jt3bggkj1j3HLc7SyY6rEUpg.jpeg","width":1600,"height":1600,"caption":"skaitytaknyga.lt"},"image":{"@id":"https:\/\/skaitytaknyga.lt\/#\/schema\/logo\/image\/"},"sameAs":["https:\/\/www.facebook.com\/skaitytaknyga\/"]}]}},"_links":{"self":[{"href":"https:\/\/skaitytaknyga.lt\/en\/wp-json\/wp\/v2\/product\/24715","targetHints":{"allow":["GET"]}}],"collection":[{"href":"https:\/\/skaitytaknyga.lt\/en\/wp-json\/wp\/v2\/product"}],"about":[{"href":"https:\/\/skaitytaknyga.lt\/en\/wp-json\/wp\/v2\/types\/product"}],"replies":[{"embeddable":true,"href":"https:\/\/skaitytaknyga.lt\/en\/wp-json\/wp\/v2\/comments?post=24715"}],"wp:featuredmedia":[{"embeddable":true,"href":"https:\/\/skaitytaknyga.lt\/en\/wp-json\/wp\/v2\/media\/24720"}],"wp:attachment":[{"href":"https:\/\/skaitytaknyga.lt\/en\/wp-json\/wp\/v2\/media?parent=24715"}],"wp:term":[{"taxonomy":"product_brand","embeddable":true,"href":"https:\/\/skaitytaknyga.lt\/en\/wp-json\/wp\/v2\/product_brand?post=24715"},{"taxonomy":"product_cat","embeddable":true,"href":"https:\/\/skaitytaknyga.lt\/en\/wp-json\/wp\/v2\/product_cat?post=24715"},{"taxonomy":"product_tag","embeddable":true,"href":"https:\/\/skaitytaknyga.lt\/en\/wp-json\/wp\/v2\/product_tag?post=24715"}],"curies":[{"name":"wp","href":"https:\/\/api.w.org\/{rel}","templated":true}]}}