{"id":2471,"date":"2024-04-17T13:13:26","date_gmt":"2024-04-17T13:13:26","guid":{"rendered":"https:\/\/skaitytaknyga.lt\/?post_type=product&#038;p=2471"},"modified":"2025-05-19T09:47:00","modified_gmt":"2025-05-19T06:47:00","slug":"c-tinley-lemtingas-valsas","status":"publish","type":"product","link":"https:\/\/skaitytaknyga.lt\/en\/produktas\/c-tinley-lemtingas-valsas\/","title":{"rendered":"Lemtingas valsas"},"content":{"rendered":"<p>Pilkai pelytei laikas suspind\u0117ti&#8230;<\/p>\n<p>Kad i\u0161saugot\u0173 nuosavyb\u0119, grafas \u0160alfordas privalo vesti pasiturin\u010di\u0105 paveld\u0117toj\u0105. Turtinga gra\u017euol\u0117 Henrieta Baksted \u2013 puiki kandidat\u0117. Tai kod\u0117l grafo akys vis krypsta prie jos pusseser\u0117s \u0160arlot\u0117s Vinkroft?<\/p>\n<p>\u0160arlot\u0117 \u2013 dr\u0105si, laisva ir apsiskai\u010diusi mergina, aplinkinius akimirksniu su\u017eavinti nuo\u0161irdumu. Tik ne savo tet\u0105, grie\u017et\u0105j\u0105 ledi Baksted! Apsigyvenusi pas giminai\u010dius Londone, \u0160arlot\u0117 priversta paklusti \u0161iuose namuose vyraujan\u010diai tvarkai, nereik\u0161ti savo nuomon\u0117s ir laikytis nuo\u0161aliai. Juk tikra dama negali parodyti, jog i\u0161mano tai, apie k\u0105 kalbasi d\u017eentelmenai! Vie\u0161nag\u0117, kurios mergina taip lauk\u0117, pama\u017eu tampa rimtu i\u0161bandymu, o ne smagiu nuotykiu. Ta\u010diau \u0160arlot\u0117 yra priversta susitaikyti su esama pad\u0117timi, kol jos t\u0117vas gr\u012f\u0161 atlik\u0119s dar vien\u0105 kariuomen\u0117s u\u017eduot\u012f.<\/p>\n<p>\u0160arlot\u0117 i\u0161 tolo stebi, kaip jos pusseser\u0117 Henrieta flirtuoja su jai meilikaujan\u010diu grafu ir kitais kilmingais kavalieriais. Kol netik\u0117tai vienas pavogtas \u0161okis atskleid\u017eia jos pa\u010dios slap\u010diausius tro\u0161kimus. Mergina supranta, kad niekada neprilygs gra\u017euolei pusseserei ir netiks grafui \u012f \u017emonas. Ta\u010diau \u0161ird\u017eiai ne\u012fsakysi. B\u016bdama Adamo gl\u0117byje ji gali bent pasvajoti apie ilgai ir laimingai pabaig\u0105!<\/p>\n","protected":false},"excerpt":{"rendered":"<p>Pilkai pelytei laikas suspind\u0117ti&#8230; Kad i\u0161saugot\u0173 nuosavyb\u0119, grafas \u0160alfordas privalo vesti pasiturin\u010di\u0105 paveld\u0117toj\u0105. Turtinga gra\u017euol\u0117 Henrieta Baksted \u2013 puiki kandidat\u0117. Tai kod\u0117l grafo akys vis krypsta prie jos pusseser\u0117s \u0160arlot\u0117s Vinkroft? \u0160arlot\u0117 \u2013 dr\u0105si, laisva ir apsiskai\u010diusi mergina, aplinkinius akimirksniu su\u017eavinti nuo\u0161irdumu. Tik ne savo tet\u0105, grie\u017et\u0105j\u0105 ledi Baksted! Apsigyvenusi pas giminai\u010dius Londone, \u0160arlot\u0117 priversta paklusti \u0161iuose namuose vyraujan\u010diai tvarkai, nereik\u0161ti savo nuomon\u0117s ir laikytis nuo\u0161aliai. Juk tikra dama negali parodyti, jog i\u0161mano tai, apie k\u0105 kalbasi d\u017eentelmenai! Vie\u0161nag\u0117, kurios mergina taip lauk\u0117, pama\u017eu tampa rimtu i\u0161bandymu, o ne smagiu nuotykiu. Ta\u010diau \u0160arlot\u0117 yra priversta susitaikyti su esama pad\u0117timi, kol jos t\u0117vas gr\u012f\u0161 atlik\u0119s dar vien\u0105 kariuomen\u0117s u\u017eduot\u012f. \u0160arlot\u0117 i\u0161 tolo stebi, kaip jos pusseser\u0117 Henrieta flirtuoja su jai meilikaujan\u010diu grafu ir kitais kilmingais kavalieriais. Kol netik\u0117tai vienas pavogtas \u0161okis atskleid\u017eia jos pa\u010dios slap\u010diausius tro\u0161kimus. Mergina supranta, kad niekada neprilygs gra\u017euolei pusseserei ir netiks grafui \u012f \u017emonas. Ta\u010diau \u0161ird\u017eiai ne\u012fsakysi. B\u016bdama Adamo gl\u0117byje ji gali bent pasvajoti apie ilgai ir laimingai pabaig\u0105!<\/p>\n","protected":false},"featured_media":2521,"comment_status":"closed","ping_status":"closed","template":"","meta":{"_acf_changed":false,"site-sidebar-layout":"default","site-content-layout":"","ast-site-content-layout":"default","site-content-style":"default","site-sidebar-style":"default","ast-global-header-display":"","ast-banner-title-visibility":"","ast-main-header-display":"","ast-hfb-above-header-display":"","ast-hfb-below-header-display":"","ast-hfb-mobile-header-display":"","site-post-title":"","ast-breadcrumbs-content":"","ast-featured-img":"","footer-sml-layout":"","ast-disable-related-posts":"","theme-transparent-header-meta":"","adv-header-id-meta":"","stick-header-meta":"","header-above-stick-meta":"","header-main-stick-meta":"","header-below-stick-meta":"","astra-migrate-meta-layouts":"default","ast-page-background-enabled":"default","ast-page-background-meta":{"desktop":{"background-color":"","background-image":"","background-repeat":"repeat","background-position":"center center","background-size":"auto","background-attachment":"scroll","background-type":"","background-media":"","overlay-type":"","overlay-color":"","overlay-opacity":"","overlay-gradient":""},"tablet":{"background-color":"","background-image":"","background-repeat":"repeat","background-position":"center center","background-size":"auto","background-attachment":"scroll","background-type":"","background-media":"","overlay-type":"","overlay-color":"","overlay-opacity":"","overlay-gradient":""},"mobile":{"background-color":"","background-image":"","background-repeat":"repeat","background-position":"center center","background-size":"auto","background-attachment":"scroll","background-type":"","background-media":"","overlay-type":"","overlay-color":"","overlay-opacity":"","overlay-gradient":""}},"ast-content-background-meta":{"desktop":{"background-color":"var(--ast-global-color-4)","background-image":"","background-repeat":"repeat","background-position":"center center","background-size":"auto","background-attachment":"scroll","background-type":"","background-media":"","overlay-type":"","overlay-color":"","overlay-opacity":"","overlay-gradient":""},"tablet":{"background-color":"var(--ast-global-color-4)","background-image":"","background-repeat":"repeat","background-position":"center center","background-size":"auto","background-attachment":"scroll","background-type":"","background-media":"","overlay-type":"","overlay-color":"","overlay-opacity":"","overlay-gradient":""},"mobile":{"background-color":"var(--ast-global-color-4)","background-image":"","background-repeat":"repeat","background-position":"center center","background-size":"auto","background-attachment":"scroll","background-type":"","background-media":"","overlay-type":"","overlay-color":"","overlay-opacity":"","overlay-gradient":""}}},"product_brand":[],"product_cat":[31],"product_tag":[],"class_list":{"0":"post-2471","1":"product","2":"type-product","3":"status-publish","4":"has-post-thumbnail","6":"product_cat-grozine-literatura","7":"desktop-align-left","8":"tablet-align-left","9":"mobile-align-left","11":"first","12":"instock","13":"shipping-taxable","14":"purchasable","15":"product-type-simple"},"acf":[],"yoast_head":"<!-- This site is optimized with the Yoast SEO plugin v27.0 - https:\/\/yoast.com\/product\/yoast-seo-wordpress\/ -->\n<title>Lemtingas valsas<\/title>\n<meta name=\"description\" content=\"Pilkai pelytei laikas suspind\u0117ti... Kad i\u0161saugot\u0173 nuosavyb\u0119, grafas \u0160alfordas privalo vesti pasiturin\u010di\u0105 paveld\u0117toj\u0105. Turtinga gra\u017euol\u0117 Henrieta Baksted \u2013\" \/>\n<meta name=\"robots\" content=\"index, follow, max-snippet:-1, max-image-preview:large, max-video-preview:-1\" \/>\n<link rel=\"canonical\" href=\"https:\/\/skaitytaknyga.lt\/en\/produktas\/c-tinley-lemtingas-valsas\/\" \/>\n<meta property=\"og:locale\" content=\"en_GB\" \/>\n<meta property=\"og:locale:alternate\" content=\"lt_LT\" \/>\n<meta property=\"og:type\" content=\"article\" \/>\n<meta property=\"og:title\" content=\"Lemtingas valsas\" \/>\n<meta property=\"og:description\" content=\"Pilkai pelytei laikas suspind\u0117ti... Kad i\u0161saugot\u0173 nuosavyb\u0119, grafas \u0160alfordas privalo vesti pasiturin\u010di\u0105 paveld\u0117toj\u0105. Turtinga gra\u017euol\u0117 Henrieta Baksted \u2013\" \/>\n<meta property=\"og:url\" content=\"https:\/\/skaitytaknyga.lt\/en\/produktas\/c-tinley-lemtingas-valsas\/\" \/>\n<meta property=\"og:site_name\" content=\"Skaitytaknyga\" \/>\n<meta property=\"article:publisher\" content=\"https:\/\/www.facebook.com\/skaitytaknyga\/\" \/>\n<meta property=\"article:modified_time\" content=\"2025-05-19T06:47:00+00:00\" \/>\n<meta property=\"og:image\" content=\"https:\/\/skaitytaknyga.lt\/wp-content\/uploads\/2024\/04\/1545212120_3D__Lemtingas_valsas_150dpi.jpg\" \/>\n\t<meta property=\"og:image:width\" content=\"293\" \/>\n\t<meta property=\"og:image:height\" content=\"430\" \/>\n\t<meta property=\"og:image:type\" content=\"image\/jpeg\" \/>\n<meta name=\"twitter:card\" content=\"summary_large_image\" \/>\n<meta name=\"twitter:label1\" content=\"Estimated reading time\" \/>\n\t<meta name=\"twitter:data1\" content=\"1 minute\" \/>\n<script type=\"application\/ld+json\" class=\"yoast-schema-graph\">{\"@context\":\"https:\/\/schema.org\",\"@graph\":[{\"@type\":\"WebPage\",\"@id\":\"https:\/\/skaitytaknyga.lt\/produktas\/c-tinley-lemtingas-valsas\/\",\"url\":\"https:\/\/skaitytaknyga.lt\/produktas\/c-tinley-lemtingas-valsas\/\",\"name\":\"Lemtingas valsas\",\"isPartOf\":{\"@id\":\"https:\/\/skaitytaknyga.lt\/#website\"},\"primaryImageOfPage\":{\"@id\":\"https:\/\/skaitytaknyga.lt\/produktas\/c-tinley-lemtingas-valsas\/#primaryimage\"},\"image\":{\"@id\":\"https:\/\/skaitytaknyga.lt\/produktas\/c-tinley-lemtingas-valsas\/#primaryimage\"},\"thumbnailUrl\":\"https:\/\/skaitytaknyga.lt\/wp-content\/uploads\/2024\/04\/1545212120_3D__Lemtingas_valsas_150dpi.jpg\",\"datePublished\":\"2024-04-17T13:13:26+00:00\",\"dateModified\":\"2025-05-19T06:47:00+00:00\",\"description\":\"Pilkai pelytei laikas suspind\u0117ti... Kad i\u0161saugot\u0173 nuosavyb\u0119, grafas \u0160alfordas privalo vesti pasiturin\u010di\u0105 paveld\u0117toj\u0105. Turtinga gra\u017euol\u0117 Henrieta Baksted \u2013\",\"breadcrumb\":{\"@id\":\"https:\/\/skaitytaknyga.lt\/produktas\/c-tinley-lemtingas-valsas\/#breadcrumb\"},\"inLanguage\":\"en-GB\",\"potentialAction\":[{\"@type\":\"ReadAction\",\"target\":[\"https:\/\/skaitytaknyga.lt\/produktas\/c-tinley-lemtingas-valsas\/\"]}]},{\"@type\":\"ImageObject\",\"inLanguage\":\"en-GB\",\"@id\":\"https:\/\/skaitytaknyga.lt\/produktas\/c-tinley-lemtingas-valsas\/#primaryimage\",\"url\":\"https:\/\/skaitytaknyga.lt\/wp-content\/uploads\/2024\/04\/1545212120_3D__Lemtingas_valsas_150dpi.jpg\",\"contentUrl\":\"https:\/\/skaitytaknyga.lt\/wp-content\/uploads\/2024\/04\/1545212120_3D__Lemtingas_valsas_150dpi.jpg\",\"width\":293,\"height\":430,\"caption\":\"1545212120 3D Lemtingas valsas 150dpi\"},{\"@type\":\"BreadcrumbList\",\"@id\":\"https:\/\/skaitytaknyga.lt\/produktas\/c-tinley-lemtingas-valsas\/#breadcrumb\",\"itemListElement\":[{\"@type\":\"ListItem\",\"position\":1,\"name\":\"Home\",\"item\":\"https:\/\/skaitytaknyga.lt\/\"},{\"@type\":\"ListItem\",\"position\":2,\"name\":\"Parduotuv\u0117\",\"item\":\"https:\/\/skaitytaknyga.lt\/knygu-parduotuve\/\"},{\"@type\":\"ListItem\",\"position\":3,\"name\":\"Lemtingas valsas\"}]},{\"@type\":\"WebSite\",\"@id\":\"https:\/\/skaitytaknyga.lt\/#website\",\"url\":\"https:\/\/skaitytaknyga.lt\/\",\"name\":\"skaitytaknyga.lt\",\"description\":\"Skaitytaknyga.lt \u2013 tai ma\u017eas \u0161eimos verslas, kuris prasid\u0117jo nuo meil\u0117s knygoms ir siekio i\u0161gelb\u0117ti knygas nuo likimo prie konteinerio. Kas vienam nereikalingas daiktas \u2013 kitam lobis, o mes esame tarpininkai, kurie padeda abiems tapti laimingesniems ???? \u017dinome kaip nelengva i\u0161gyventi ma\u017eiems verslams, tad nuo \u0161iol, \u010dia rasite ir kit\u0173, ma\u017e\u0173 \u0161eim\u0173 versl\u0173, rank\u0173 darbo, dovan\u0173 sau ir artimiesiems.\",\"publisher\":{\"@id\":\"https:\/\/skaitytaknyga.lt\/#organization\"},\"potentialAction\":[{\"@type\":\"SearchAction\",\"target\":{\"@type\":\"EntryPoint\",\"urlTemplate\":\"https:\/\/skaitytaknyga.lt\/?s={search_term_string}\"},\"query-input\":{\"@type\":\"PropertyValueSpecification\",\"valueRequired\":true,\"valueName\":\"search_term_string\"}}],\"inLanguage\":\"en-GB\"},{\"@type\":\"Organization\",\"@id\":\"https:\/\/skaitytaknyga.lt\/#organization\",\"name\":\"skaitytaknyga.lt\",\"url\":\"https:\/\/skaitytaknyga.lt\/\",\"logo\":{\"@type\":\"ImageObject\",\"inLanguage\":\"en-GB\",\"@id\":\"https:\/\/skaitytaknyga.lt\/#\/schema\/logo\/image\/\",\"url\":\"https:\/\/skaitytaknyga.lt\/wp-content\/uploads\/2024\/05\/cropped-cropped-cropped-02_00843_jt3bggkj1j3HLc7SyY6rEUpg.jpeg\",\"contentUrl\":\"https:\/\/skaitytaknyga.lt\/wp-content\/uploads\/2024\/05\/cropped-cropped-cropped-02_00843_jt3bggkj1j3HLc7SyY6rEUpg.jpeg\",\"width\":1600,\"height\":1600,\"caption\":\"skaitytaknyga.lt\"},\"image\":{\"@id\":\"https:\/\/skaitytaknyga.lt\/#\/schema\/logo\/image\/\"},\"sameAs\":[\"https:\/\/www.facebook.com\/skaitytaknyga\/\"]}]}<\/script>\n<!-- \/ Yoast SEO plugin. -->","yoast_head_json":{"title":"Lemtingas valsas","description":"Pilkai pelytei laikas suspind\u0117ti... Kad i\u0161saugot\u0173 nuosavyb\u0119, grafas \u0160alfordas privalo vesti pasiturin\u010di\u0105 paveld\u0117toj\u0105. Turtinga gra\u017euol\u0117 Henrieta Baksted \u2013","robots":{"index":"index","follow":"follow","max-snippet":"max-snippet:-1","max-image-preview":"max-image-preview:large","max-video-preview":"max-video-preview:-1"},"canonical":"https:\/\/skaitytaknyga.lt\/en\/produktas\/c-tinley-lemtingas-valsas\/","og_locale":"en_GB","og_type":"article","og_title":"[:lt]Lemtingas valsas[:] - Skaitytaknyga","og_description":"Pilkai pelytei laikas suspind\u0117ti... Kad i\u0161saugot\u0173 nuosavyb\u0119, grafas \u0160alfordas privalo vesti pasiturin\u010di\u0105 paveld\u0117toj\u0105. Turtinga gra\u017euol\u0117 Henrieta Baksted \u2013","og_url":"https:\/\/skaitytaknyga.lt\/en\/produktas\/c-tinley-lemtingas-valsas\/","og_site_name":"Skaitytaknyga","article_publisher":"https:\/\/www.facebook.com\/skaitytaknyga\/","article_modified_time":"2025-05-19T06:47:00+00:00","og_image":[{"width":293,"height":430,"url":"https:\/\/skaitytaknyga.lt\/wp-content\/uploads\/2024\/04\/1545212120_3D__Lemtingas_valsas_150dpi.jpg","type":"image\/jpeg"}],"twitter_card":"summary_large_image","twitter_misc":{"Estimated reading time":"1 minute"},"schema":{"@context":"https:\/\/schema.org","@graph":[{"@type":"WebPage","@id":"https:\/\/skaitytaknyga.lt\/produktas\/c-tinley-lemtingas-valsas\/","url":"https:\/\/skaitytaknyga.lt\/produktas\/c-tinley-lemtingas-valsas\/","name":"Lemtingas valsas","isPartOf":{"@id":"https:\/\/skaitytaknyga.lt\/#website"},"primaryImageOfPage":{"@id":"https:\/\/skaitytaknyga.lt\/produktas\/c-tinley-lemtingas-valsas\/#primaryimage"},"image":{"@id":"https:\/\/skaitytaknyga.lt\/produktas\/c-tinley-lemtingas-valsas\/#primaryimage"},"thumbnailUrl":"https:\/\/skaitytaknyga.lt\/wp-content\/uploads\/2024\/04\/1545212120_3D__Lemtingas_valsas_150dpi.jpg","datePublished":"2024-04-17T13:13:26+00:00","dateModified":"2025-05-19T06:47:00+00:00","description":"Pilkai pelytei laikas suspind\u0117ti... Kad i\u0161saugot\u0173 nuosavyb\u0119, grafas \u0160alfordas privalo vesti pasiturin\u010di\u0105 paveld\u0117toj\u0105. Turtinga gra\u017euol\u0117 Henrieta Baksted \u2013","breadcrumb":{"@id":"https:\/\/skaitytaknyga.lt\/produktas\/c-tinley-lemtingas-valsas\/#breadcrumb"},"inLanguage":"en-GB","potentialAction":[{"@type":"ReadAction","target":["https:\/\/skaitytaknyga.lt\/produktas\/c-tinley-lemtingas-valsas\/"]}]},{"@type":"ImageObject","inLanguage":"en-GB","@id":"https:\/\/skaitytaknyga.lt\/produktas\/c-tinley-lemtingas-valsas\/#primaryimage","url":"https:\/\/skaitytaknyga.lt\/wp-content\/uploads\/2024\/04\/1545212120_3D__Lemtingas_valsas_150dpi.jpg","contentUrl":"https:\/\/skaitytaknyga.lt\/wp-content\/uploads\/2024\/04\/1545212120_3D__Lemtingas_valsas_150dpi.jpg","width":293,"height":430,"caption":"1545212120 3D Lemtingas valsas 150dpi"},{"@type":"BreadcrumbList","@id":"https:\/\/skaitytaknyga.lt\/produktas\/c-tinley-lemtingas-valsas\/#breadcrumb","itemListElement":[{"@type":"ListItem","position":1,"name":"Home","item":"https:\/\/skaitytaknyga.lt\/"},{"@type":"ListItem","position":2,"name":"Parduotuv\u0117","item":"https:\/\/skaitytaknyga.lt\/knygu-parduotuve\/"},{"@type":"ListItem","position":3,"name":"Lemtingas valsas"}]},{"@type":"WebSite","@id":"https:\/\/skaitytaknyga.lt\/#website","url":"https:\/\/skaitytaknyga.lt\/","name":"skaitytaknyga.lt","description":"Skaitytaknyga.lt \u2013 tai ma\u017eas \u0161eimos verslas, kuris prasid\u0117jo nuo meil\u0117s knygoms ir siekio i\u0161gelb\u0117ti knygas nuo likimo prie konteinerio. Kas vienam nereikalingas daiktas \u2013 kitam lobis, o mes esame tarpininkai, kurie padeda abiems tapti laimingesniems ???? \u017dinome kaip nelengva i\u0161gyventi ma\u017eiems verslams, tad nuo \u0161iol, \u010dia rasite ir kit\u0173, ma\u017e\u0173 \u0161eim\u0173 versl\u0173, rank\u0173 darbo, dovan\u0173 sau ir artimiesiems.","publisher":{"@id":"https:\/\/skaitytaknyga.lt\/#organization"},"potentialAction":[{"@type":"SearchAction","target":{"@type":"EntryPoint","urlTemplate":"https:\/\/skaitytaknyga.lt\/?s={search_term_string}"},"query-input":{"@type":"PropertyValueSpecification","valueRequired":true,"valueName":"search_term_string"}}],"inLanguage":"en-GB"},{"@type":"Organization","@id":"https:\/\/skaitytaknyga.lt\/#organization","name":"skaitytaknyga.lt","url":"https:\/\/skaitytaknyga.lt\/","logo":{"@type":"ImageObject","inLanguage":"en-GB","@id":"https:\/\/skaitytaknyga.lt\/#\/schema\/logo\/image\/","url":"https:\/\/skaitytaknyga.lt\/wp-content\/uploads\/2024\/05\/cropped-cropped-cropped-02_00843_jt3bggkj1j3HLc7SyY6rEUpg.jpeg","contentUrl":"https:\/\/skaitytaknyga.lt\/wp-content\/uploads\/2024\/05\/cropped-cropped-cropped-02_00843_jt3bggkj1j3HLc7SyY6rEUpg.jpeg","width":1600,"height":1600,"caption":"skaitytaknyga.lt"},"image":{"@id":"https:\/\/skaitytaknyga.lt\/#\/schema\/logo\/image\/"},"sameAs":["https:\/\/www.facebook.com\/skaitytaknyga\/"]}]}},"_links":{"self":[{"href":"https:\/\/skaitytaknyga.lt\/en\/wp-json\/wp\/v2\/product\/2471","targetHints":{"allow":["GET"]}}],"collection":[{"href":"https:\/\/skaitytaknyga.lt\/en\/wp-json\/wp\/v2\/product"}],"about":[{"href":"https:\/\/skaitytaknyga.lt\/en\/wp-json\/wp\/v2\/types\/product"}],"replies":[{"embeddable":true,"href":"https:\/\/skaitytaknyga.lt\/en\/wp-json\/wp\/v2\/comments?post=2471"}],"wp:featuredmedia":[{"embeddable":true,"href":"https:\/\/skaitytaknyga.lt\/en\/wp-json\/wp\/v2\/media\/2521"}],"wp:attachment":[{"href":"https:\/\/skaitytaknyga.lt\/en\/wp-json\/wp\/v2\/media?parent=2471"}],"wp:term":[{"taxonomy":"product_brand","embeddable":true,"href":"https:\/\/skaitytaknyga.lt\/en\/wp-json\/wp\/v2\/product_brand?post=2471"},{"taxonomy":"product_cat","embeddable":true,"href":"https:\/\/skaitytaknyga.lt\/en\/wp-json\/wp\/v2\/product_cat?post=2471"},{"taxonomy":"product_tag","embeddable":true,"href":"https:\/\/skaitytaknyga.lt\/en\/wp-json\/wp\/v2\/product_tag?post=2471"}],"curies":[{"name":"wp","href":"https:\/\/api.w.org\/{rel}","templated":true}]}}