{"id":2470,"date":"2024-04-17T13:13:26","date_gmt":"2024-04-17T13:13:26","guid":{"rendered":"https:\/\/skaitytaknyga.lt\/?post_type=product&#038;p=2470"},"modified":"2026-03-18T12:33:58","modified_gmt":"2026-03-18T10:33:58","slug":"beprotiskai-turtingi","status":"publish","type":"product","link":"https:\/\/skaitytaknyga.lt\/en\/produktas\/beprotiskai-turtingi\/","title":{"rendered":"K. Kwan \u201eBeproti\u0161kai turtingi\u201c"},"content":{"rendered":"<p>Kevin Kwan (Kevinas Kvanas) \u2013 i\u0161 Singap\u016bro kil\u0119s pasauliniais bestseleriais tapusios trilogijos apie nepaprastai turtingus azijie\u010dius autorius. 2018 m. jis buvo \u012ftrauktas \u012f \u201eTime&#8221; 100 \u012ftakingiausi\u0173 \u017emoni\u0173 s\u0105ra\u0161\u0105. \u201eBeproti\u0161kai turtingi&#8221; (\u201eCrazy Rich Asians&#8221;) \u2013 ironi\u0161ka ir \u0161maik\u0161ti knyga, tapusi pasauline sensacija.<\/p>\n<p>Tai romanas apie Azijos turtuolius, kuri\u0173 gyvenimo mes negalime net \u012fsivaizduoti: privat\u016bs l\u0117ktuvai, skraidinantys \u012f mergvakar\u012f nuostabioje saloje, naujausios dizaineri\u0173 kolekcijos Pary\u017eiuje, auksu spindintys interjerai, prabanga ir pramogos kiekviename \u017eingsnyje. Visame \u0161iame pertekliuje u\u017eaugo Nikolas Jangas. Ta\u010diau&#8230; jis d\u0117sto Niujorko universitete, elgiasi ir atrodo kaip niujorkietis intelektualas. Ir susitikin\u0117ja su kolege Rei\u010dele \u010cu, net ne\u012ftarian\u010dia, kas i\u0161 ties\u0173 yra jos draugas. Nuskridusi su Nikolu \u012f jo gimtin\u0119 Singap\u016br\u0105 dalyvauti geriausio Niko draugo vestuv\u0117se, ji tik\u0117josi pamatyti kuklius namus ir praleisti laik\u0105 su \u017emogumi, su kuriuo galb\u016bt nor\u0117t\u0173 kada nors susituokti.<br \/>\nTada ir paai\u0161k\u0117ja, kad Nikas \u2013 vienos garsiausi\u0173 ir turtingiausi\u0173 Singap\u016bro \u0161eim\u0173 at\u017eala, svajoni\u0173 jaunikis. Ir jo gyvenimas atrodo kaip pasaka: vietoje nam\u0173 \u2013 r\u016bmai, vietoje kuklios \u0161eimos \u2013 Azijos grietin\u0117l\u0117. O vestuv\u0117s, \u012f kurias jie atskrido, yra keis\u010diausi\u0173, pra\u0161matniausi\u0173 ir labiausiai i\u0161lepusi\u0173 pasaulio \u017emoni\u0173 susib\u016brimas. I\u0161silavinusi ir paprasta Rei\u010del\u0117 sukelia baisi\u0105 sumai\u0161t\u012f: kas ji? I\u0161 kokios \u0161eimos? Kuo ji su\u017eav\u0117jo Nik\u0105?<\/p>\n","protected":false},"excerpt":{"rendered":"<p>Kevin Kwan (Kevinas Kvanas) \u2013 i\u0161 Singap\u016bro kil\u0119s pasauliniais bestseleriais tapusios trilogijos apie nepaprastai turtingus azijie\u010dius autorius. 2018 m. jis buvo \u012ftrauktas \u012f \u201eTime&#8221; 100 \u012ftakingiausi\u0173 \u017emoni\u0173 s\u0105ra\u0161\u0105. \u201eBeproti\u0161kai turtingi&#8221; (\u201eCrazy Rich Asians&#8221;) \u2013 ironi\u0161ka ir \u0161maik\u0161ti knyga, tapusi pasauline sensacija. Tai romanas apie Azijos turtuolius, kuri\u0173 gyvenimo mes negalime net \u012fsivaizduoti: privat\u016bs l\u0117ktuvai, skraidinantys \u012f mergvakar\u012f nuostabioje saloje, naujausios dizaineri\u0173 kolekcijos Pary\u017eiuje, auksu spindintys interjerai, prabanga ir pramogos kiekviename \u017eingsnyje. Visame \u0161iame pertekliuje u\u017eaugo Nikolas Jangas. Ta\u010diau&#8230; jis d\u0117sto Niujorko universitete, elgiasi ir atrodo kaip niujorkietis intelektualas. Ir susitikin\u0117ja su kolege Rei\u010dele \u010cu, net ne\u012ftarian\u010dia, kas i\u0161 ties\u0173 yra jos draugas. Nuskridusi su Nikolu \u012f jo gimtin\u0119 Singap\u016br\u0105 dalyvauti geriausio Niko draugo vestuv\u0117se, ji tik\u0117josi pamatyti kuklius namus ir praleisti laik\u0105 su \u017emogumi, su kuriuo galb\u016bt nor\u0117t\u0173 kada nors susituokti. Tada ir paai\u0161k\u0117ja, kad Nikas \u2013 vienos garsiausi\u0173 ir turtingiausi\u0173 Singap\u016bro \u0161eim\u0173 at\u017eala, svajoni\u0173 jaunikis. Ir jo gyvenimas atrodo kaip pasaka: vietoje nam\u0173 \u2013 r\u016bmai, vietoje kuklios \u0161eimos \u2013 Azijos grietin\u0117l\u0117. O vestuv\u0117s, \u012f kurias jie atskrido, yra keis\u010diausi\u0173, pra\u0161matniausi\u0173 ir labiausiai i\u0161lepusi\u0173 pasaulio \u017emoni\u0173 susib\u016brimas. I\u0161silavinusi ir paprasta Rei\u010del\u0117 sukelia baisi\u0105 sumai\u0161t\u012f: kas ji? I\u0161 kokios \u0161eimos? Kuo ji su\u017eav\u0117jo Nik\u0105?<\/p>\n","protected":false},"featured_media":2520,"comment_status":"closed","ping_status":"closed","template":"","meta":{"_acf_changed":false,"site-sidebar-layout":"default","site-content-layout":"","ast-site-content-layout":"default","site-content-style":"default","site-sidebar-style":"default","ast-global-header-display":"","ast-banner-title-visibility":"","ast-main-header-display":"","ast-hfb-above-header-display":"","ast-hfb-below-header-display":"","ast-hfb-mobile-header-display":"","site-post-title":"","ast-breadcrumbs-content":"","ast-featured-img":"","footer-sml-layout":"","ast-disable-related-posts":"","theme-transparent-header-meta":"","adv-header-id-meta":"","stick-header-meta":"","header-above-stick-meta":"","header-main-stick-meta":"","header-below-stick-meta":"","astra-migrate-meta-layouts":"default","ast-page-background-enabled":"default","ast-page-background-meta":{"desktop":{"background-color":"","background-image":"","background-repeat":"repeat","background-position":"center center","background-size":"auto","background-attachment":"scroll","background-type":"","background-media":"","overlay-type":"","overlay-color":"","overlay-opacity":"","overlay-gradient":""},"tablet":{"background-color":"","background-image":"","background-repeat":"repeat","background-position":"center center","background-size":"auto","background-attachment":"scroll","background-type":"","background-media":"","overlay-type":"","overlay-color":"","overlay-opacity":"","overlay-gradient":""},"mobile":{"background-color":"","background-image":"","background-repeat":"repeat","background-position":"center center","background-size":"auto","background-attachment":"scroll","background-type":"","background-media":"","overlay-type":"","overlay-color":"","overlay-opacity":"","overlay-gradient":""}},"ast-content-background-meta":{"desktop":{"background-color":"var(--ast-global-color-4)","background-image":"","background-repeat":"repeat","background-position":"center center","background-size":"auto","background-attachment":"scroll","background-type":"","background-media":"","overlay-type":"","overlay-color":"","overlay-opacity":"","overlay-gradient":""},"tablet":{"background-color":"var(--ast-global-color-4)","background-image":"","background-repeat":"repeat","background-position":"center center","background-size":"auto","background-attachment":"scroll","background-type":"","background-media":"","overlay-type":"","overlay-color":"","overlay-opacity":"","overlay-gradient":""},"mobile":{"background-color":"var(--ast-global-color-4)","background-image":"","background-repeat":"repeat","background-position":"center center","background-size":"auto","background-attachment":"scroll","background-type":"","background-media":"","overlay-type":"","overlay-color":"","overlay-opacity":"","overlay-gradient":""}}},"product_brand":[],"product_cat":[9734],"product_tag":[],"class_list":{"0":"post-2470","1":"product","2":"type-product","3":"status-publish","4":"has-post-thumbnail","6":"product_cat-romanai","7":"desktop-align-left","8":"tablet-align-left","9":"mobile-align-left","11":"first","12":"instock","13":"shipping-taxable","14":"purchasable","15":"product-type-simple"},"acf":[],"yoast_head":"<!-- This site is optimized with the Yoast SEO plugin v27.0 - https:\/\/yoast.com\/product\/yoast-seo-wordpress\/ -->\n<title>K. Kwan \u201eBeproti\u0161kai turtingi\u201c<\/title>\n<meta name=\"description\" content=\"Kevin Kwan (Kevinas Kvanas) \u2013 i\u0161 Singap\u016bro kil\u0119s pasauliniais bestseleriais tapusios trilogijos apie nepaprastai turtingus azijie\u010dius autorius. 2018 m.\" \/>\n<meta name=\"robots\" content=\"index, follow, max-snippet:-1, max-image-preview:large, max-video-preview:-1\" \/>\n<link rel=\"canonical\" href=\"https:\/\/skaitytaknyga.lt\/en\/produktas\/beprotiskai-turtingi\/\" \/>\n<meta property=\"og:locale\" content=\"en_GB\" \/>\n<meta property=\"og:locale:alternate\" content=\"lt_LT\" \/>\n<meta property=\"og:type\" content=\"article\" \/>\n<meta property=\"og:title\" content=\"K. Kwan \u201eBeproti\u0161kai turtingi\u201c\" \/>\n<meta property=\"og:description\" content=\"Kevin Kwan (Kevinas Kvanas) \u2013 i\u0161 Singap\u016bro kil\u0119s pasauliniais bestseleriais tapusios trilogijos apie nepaprastai turtingus azijie\u010dius autorius. 2018 m.\" \/>\n<meta property=\"og:url\" content=\"https:\/\/skaitytaknyga.lt\/en\/produktas\/beprotiskai-turtingi\/\" \/>\n<meta property=\"og:site_name\" content=\"Skaitytaknyga\" \/>\n<meta property=\"article:publisher\" content=\"https:\/\/www.facebook.com\/skaitytaknyga\/\" \/>\n<meta property=\"article:modified_time\" content=\"2026-03-18T10:33:58+00:00\" \/>\n<meta property=\"og:image\" content=\"https:\/\/skaitytaknyga.lt\/wp-content\/uploads\/2024\/04\/1576163624_beprotiskai-turtingi-1.jpg\" \/>\n\t<meta property=\"og:image:width\" content=\"287\" \/>\n\t<meta property=\"og:image:height\" content=\"430\" \/>\n\t<meta property=\"og:image:type\" content=\"image\/jpeg\" \/>\n<meta name=\"twitter:card\" content=\"summary_large_image\" \/>\n<meta name=\"twitter:label1\" content=\"Estimated reading time\" \/>\n\t<meta name=\"twitter:data1\" content=\"1 minute\" \/>\n<script type=\"application\/ld+json\" class=\"yoast-schema-graph\">{\"@context\":\"https:\/\/schema.org\",\"@graph\":[{\"@type\":\"WebPage\",\"@id\":\"https:\/\/skaitytaknyga.lt\/produktas\/beprotiskai-turtingi\/\",\"url\":\"https:\/\/skaitytaknyga.lt\/produktas\/beprotiskai-turtingi\/\",\"name\":\"K. Kwan \u201eBeproti\u0161kai turtingi\u201c\",\"isPartOf\":{\"@id\":\"https:\/\/skaitytaknyga.lt\/#website\"},\"primaryImageOfPage\":{\"@id\":\"https:\/\/skaitytaknyga.lt\/produktas\/beprotiskai-turtingi\/#primaryimage\"},\"image\":{\"@id\":\"https:\/\/skaitytaknyga.lt\/produktas\/beprotiskai-turtingi\/#primaryimage\"},\"thumbnailUrl\":\"https:\/\/skaitytaknyga.lt\/wp-content\/uploads\/2024\/04\/1576163624_beprotiskai-turtingi-1.jpg\",\"datePublished\":\"2024-04-17T13:13:26+00:00\",\"dateModified\":\"2026-03-18T10:33:58+00:00\",\"description\":\"Kevin Kwan (Kevinas Kvanas) \u2013 i\u0161 Singap\u016bro kil\u0119s pasauliniais bestseleriais tapusios trilogijos apie nepaprastai turtingus azijie\u010dius autorius. 2018 m.\",\"breadcrumb\":{\"@id\":\"https:\/\/skaitytaknyga.lt\/produktas\/beprotiskai-turtingi\/#breadcrumb\"},\"inLanguage\":\"en-GB\",\"potentialAction\":[{\"@type\":\"ReadAction\",\"target\":[\"https:\/\/skaitytaknyga.lt\/produktas\/beprotiskai-turtingi\/\"]}]},{\"@type\":\"ImageObject\",\"inLanguage\":\"en-GB\",\"@id\":\"https:\/\/skaitytaknyga.lt\/produktas\/beprotiskai-turtingi\/#primaryimage\",\"url\":\"https:\/\/skaitytaknyga.lt\/wp-content\/uploads\/2024\/04\/1576163624_beprotiskai-turtingi-1.jpg\",\"contentUrl\":\"https:\/\/skaitytaknyga.lt\/wp-content\/uploads\/2024\/04\/1576163624_beprotiskai-turtingi-1.jpg\",\"width\":287,\"height\":430,\"caption\":\"1576163624 beprotiskai turtingi 1\"},{\"@type\":\"BreadcrumbList\",\"@id\":\"https:\/\/skaitytaknyga.lt\/produktas\/beprotiskai-turtingi\/#breadcrumb\",\"itemListElement\":[{\"@type\":\"ListItem\",\"position\":1,\"name\":\"Home\",\"item\":\"https:\/\/skaitytaknyga.lt\/\"},{\"@type\":\"ListItem\",\"position\":2,\"name\":\"Parduotuv\u0117\",\"item\":\"https:\/\/skaitytaknyga.lt\/knygu-parduotuve\/\"},{\"@type\":\"ListItem\",\"position\":3,\"name\":\"K. Kwan \u201eBeproti\u0161kai turtingi\u201c\"}]},{\"@type\":\"WebSite\",\"@id\":\"https:\/\/skaitytaknyga.lt\/#website\",\"url\":\"https:\/\/skaitytaknyga.lt\/\",\"name\":\"skaitytaknyga.lt\",\"description\":\"Skaitytaknyga.lt \u2013 tai ma\u017eas \u0161eimos verslas, kuris prasid\u0117jo nuo meil\u0117s knygoms ir siekio i\u0161gelb\u0117ti knygas nuo likimo prie konteinerio. Kas vienam nereikalingas daiktas \u2013 kitam lobis, o mes esame tarpininkai, kurie padeda abiems tapti laimingesniems ???? \u017dinome kaip nelengva i\u0161gyventi ma\u017eiems verslams, tad nuo \u0161iol, \u010dia rasite ir kit\u0173, ma\u017e\u0173 \u0161eim\u0173 versl\u0173, rank\u0173 darbo, dovan\u0173 sau ir artimiesiems.\",\"publisher\":{\"@id\":\"https:\/\/skaitytaknyga.lt\/#organization\"},\"potentialAction\":[{\"@type\":\"SearchAction\",\"target\":{\"@type\":\"EntryPoint\",\"urlTemplate\":\"https:\/\/skaitytaknyga.lt\/?s={search_term_string}\"},\"query-input\":{\"@type\":\"PropertyValueSpecification\",\"valueRequired\":true,\"valueName\":\"search_term_string\"}}],\"inLanguage\":\"en-GB\"},{\"@type\":\"Organization\",\"@id\":\"https:\/\/skaitytaknyga.lt\/#organization\",\"name\":\"skaitytaknyga.lt\",\"url\":\"https:\/\/skaitytaknyga.lt\/\",\"logo\":{\"@type\":\"ImageObject\",\"inLanguage\":\"en-GB\",\"@id\":\"https:\/\/skaitytaknyga.lt\/#\/schema\/logo\/image\/\",\"url\":\"https:\/\/skaitytaknyga.lt\/wp-content\/uploads\/2024\/05\/cropped-cropped-cropped-02_00843_jt3bggkj1j3HLc7SyY6rEUpg.jpeg\",\"contentUrl\":\"https:\/\/skaitytaknyga.lt\/wp-content\/uploads\/2024\/05\/cropped-cropped-cropped-02_00843_jt3bggkj1j3HLc7SyY6rEUpg.jpeg\",\"width\":1600,\"height\":1600,\"caption\":\"skaitytaknyga.lt\"},\"image\":{\"@id\":\"https:\/\/skaitytaknyga.lt\/#\/schema\/logo\/image\/\"},\"sameAs\":[\"https:\/\/www.facebook.com\/skaitytaknyga\/\"]}]}<\/script>\n<!-- \/ Yoast SEO plugin. -->","yoast_head_json":{"title":"K. Kwan \u201eBeproti\u0161kai turtingi\u201c","description":"Kevin Kwan (Kevinas Kvanas) \u2013 i\u0161 Singap\u016bro kil\u0119s pasauliniais bestseleriais tapusios trilogijos apie nepaprastai turtingus azijie\u010dius autorius. 2018 m.","robots":{"index":"index","follow":"follow","max-snippet":"max-snippet:-1","max-image-preview":"max-image-preview:large","max-video-preview":"max-video-preview:-1"},"canonical":"https:\/\/skaitytaknyga.lt\/en\/produktas\/beprotiskai-turtingi\/","og_locale":"en_GB","og_type":"article","og_title":"[:lt]K. Kwan \u201eBeproti\u0161kai turtingi\u201c[:] - Skaitytaknyga","og_description":"Kevin Kwan (Kevinas Kvanas) \u2013 i\u0161 Singap\u016bro kil\u0119s pasauliniais bestseleriais tapusios trilogijos apie nepaprastai turtingus azijie\u010dius autorius. 2018 m.","og_url":"https:\/\/skaitytaknyga.lt\/en\/produktas\/beprotiskai-turtingi\/","og_site_name":"Skaitytaknyga","article_publisher":"https:\/\/www.facebook.com\/skaitytaknyga\/","article_modified_time":"2026-03-18T10:33:58+00:00","og_image":[{"width":287,"height":430,"url":"https:\/\/skaitytaknyga.lt\/wp-content\/uploads\/2024\/04\/1576163624_beprotiskai-turtingi-1.jpg","type":"image\/jpeg"}],"twitter_card":"summary_large_image","twitter_misc":{"Estimated reading time":"1 minute"},"schema":{"@context":"https:\/\/schema.org","@graph":[{"@type":"WebPage","@id":"https:\/\/skaitytaknyga.lt\/produktas\/beprotiskai-turtingi\/","url":"https:\/\/skaitytaknyga.lt\/produktas\/beprotiskai-turtingi\/","name":"K. Kwan \u201eBeproti\u0161kai turtingi\u201c","isPartOf":{"@id":"https:\/\/skaitytaknyga.lt\/#website"},"primaryImageOfPage":{"@id":"https:\/\/skaitytaknyga.lt\/produktas\/beprotiskai-turtingi\/#primaryimage"},"image":{"@id":"https:\/\/skaitytaknyga.lt\/produktas\/beprotiskai-turtingi\/#primaryimage"},"thumbnailUrl":"https:\/\/skaitytaknyga.lt\/wp-content\/uploads\/2024\/04\/1576163624_beprotiskai-turtingi-1.jpg","datePublished":"2024-04-17T13:13:26+00:00","dateModified":"2026-03-18T10:33:58+00:00","description":"Kevin Kwan (Kevinas Kvanas) \u2013 i\u0161 Singap\u016bro kil\u0119s pasauliniais bestseleriais tapusios trilogijos apie nepaprastai turtingus azijie\u010dius autorius. 2018 m.","breadcrumb":{"@id":"https:\/\/skaitytaknyga.lt\/produktas\/beprotiskai-turtingi\/#breadcrumb"},"inLanguage":"en-GB","potentialAction":[{"@type":"ReadAction","target":["https:\/\/skaitytaknyga.lt\/produktas\/beprotiskai-turtingi\/"]}]},{"@type":"ImageObject","inLanguage":"en-GB","@id":"https:\/\/skaitytaknyga.lt\/produktas\/beprotiskai-turtingi\/#primaryimage","url":"https:\/\/skaitytaknyga.lt\/wp-content\/uploads\/2024\/04\/1576163624_beprotiskai-turtingi-1.jpg","contentUrl":"https:\/\/skaitytaknyga.lt\/wp-content\/uploads\/2024\/04\/1576163624_beprotiskai-turtingi-1.jpg","width":287,"height":430,"caption":"1576163624 beprotiskai turtingi 1"},{"@type":"BreadcrumbList","@id":"https:\/\/skaitytaknyga.lt\/produktas\/beprotiskai-turtingi\/#breadcrumb","itemListElement":[{"@type":"ListItem","position":1,"name":"Home","item":"https:\/\/skaitytaknyga.lt\/"},{"@type":"ListItem","position":2,"name":"Parduotuv\u0117","item":"https:\/\/skaitytaknyga.lt\/knygu-parduotuve\/"},{"@type":"ListItem","position":3,"name":"K. Kwan \u201eBeproti\u0161kai turtingi\u201c"}]},{"@type":"WebSite","@id":"https:\/\/skaitytaknyga.lt\/#website","url":"https:\/\/skaitytaknyga.lt\/","name":"skaitytaknyga.lt","description":"Skaitytaknyga.lt \u2013 tai ma\u017eas \u0161eimos verslas, kuris prasid\u0117jo nuo meil\u0117s knygoms ir siekio i\u0161gelb\u0117ti knygas nuo likimo prie konteinerio. Kas vienam nereikalingas daiktas \u2013 kitam lobis, o mes esame tarpininkai, kurie padeda abiems tapti laimingesniems ???? \u017dinome kaip nelengva i\u0161gyventi ma\u017eiems verslams, tad nuo \u0161iol, \u010dia rasite ir kit\u0173, ma\u017e\u0173 \u0161eim\u0173 versl\u0173, rank\u0173 darbo, dovan\u0173 sau ir artimiesiems.","publisher":{"@id":"https:\/\/skaitytaknyga.lt\/#organization"},"potentialAction":[{"@type":"SearchAction","target":{"@type":"EntryPoint","urlTemplate":"https:\/\/skaitytaknyga.lt\/?s={search_term_string}"},"query-input":{"@type":"PropertyValueSpecification","valueRequired":true,"valueName":"search_term_string"}}],"inLanguage":"en-GB"},{"@type":"Organization","@id":"https:\/\/skaitytaknyga.lt\/#organization","name":"skaitytaknyga.lt","url":"https:\/\/skaitytaknyga.lt\/","logo":{"@type":"ImageObject","inLanguage":"en-GB","@id":"https:\/\/skaitytaknyga.lt\/#\/schema\/logo\/image\/","url":"https:\/\/skaitytaknyga.lt\/wp-content\/uploads\/2024\/05\/cropped-cropped-cropped-02_00843_jt3bggkj1j3HLc7SyY6rEUpg.jpeg","contentUrl":"https:\/\/skaitytaknyga.lt\/wp-content\/uploads\/2024\/05\/cropped-cropped-cropped-02_00843_jt3bggkj1j3HLc7SyY6rEUpg.jpeg","width":1600,"height":1600,"caption":"skaitytaknyga.lt"},"image":{"@id":"https:\/\/skaitytaknyga.lt\/#\/schema\/logo\/image\/"},"sameAs":["https:\/\/www.facebook.com\/skaitytaknyga\/"]}]}},"_links":{"self":[{"href":"https:\/\/skaitytaknyga.lt\/en\/wp-json\/wp\/v2\/product\/2470","targetHints":{"allow":["GET"]}}],"collection":[{"href":"https:\/\/skaitytaknyga.lt\/en\/wp-json\/wp\/v2\/product"}],"about":[{"href":"https:\/\/skaitytaknyga.lt\/en\/wp-json\/wp\/v2\/types\/product"}],"replies":[{"embeddable":true,"href":"https:\/\/skaitytaknyga.lt\/en\/wp-json\/wp\/v2\/comments?post=2470"}],"wp:featuredmedia":[{"embeddable":true,"href":"https:\/\/skaitytaknyga.lt\/en\/wp-json\/wp\/v2\/media\/2520"}],"wp:attachment":[{"href":"https:\/\/skaitytaknyga.lt\/en\/wp-json\/wp\/v2\/media?parent=2470"}],"wp:term":[{"taxonomy":"product_brand","embeddable":true,"href":"https:\/\/skaitytaknyga.lt\/en\/wp-json\/wp\/v2\/product_brand?post=2470"},{"taxonomy":"product_cat","embeddable":true,"href":"https:\/\/skaitytaknyga.lt\/en\/wp-json\/wp\/v2\/product_cat?post=2470"},{"taxonomy":"product_tag","embeddable":true,"href":"https:\/\/skaitytaknyga.lt\/en\/wp-json\/wp\/v2\/product_tag?post=2470"}],"curies":[{"name":"wp","href":"https:\/\/api.w.org\/{rel}","templated":true}]}}