{"id":24692,"date":"2026-03-11T17:53:45","date_gmt":"2026-03-11T15:53:45","guid":{"rendered":"https:\/\/skaitytaknyga.lt\/?post_type=product&#038;p=24692"},"modified":"2026-03-18T09:34:26","modified_gmt":"2026-03-18T07:34:26","slug":"aukstuju-simoniu-likimas-2","status":"publish","type":"product","link":"https:\/\/skaitytaknyga.lt\/en\/produktas\/aukstuju-simoniu-likimas-2\/","title":{"rendered":"Auk\u0161tuj\u0173 \u0160imoni\u0173 likimas"},"content":{"rendered":"<p><strong>\u201eLiterat\u016bra. Svarbiausi tekstai\u201c<\/strong>\u00a0\u2013 tai serija knyg\u0173, supa\u017eindinan\u010di\u0173 moksleivius ir visuomen\u0119 su pagrindiniais lietuvi\u0173 ir pasaulio autori\u0173 k\u016briniais.<\/p>\n<p>Romanas\u00a0<strong>\u201eAuk\u0161tuj\u0173 \u0160imoni\u0173 likimas\u201c<\/strong>\u00a0\u2013 tai Ma\u017eosios Lietuvos buities, papro\u010di\u0173, tradicij\u0173\u00a0 metra\u0161tis, kur \u0161io kra\u0161to istorija parodyta per vienos gimin\u0117s kart\u0173 kartas. Romane vaizduojama dviej\u0173 kult\u016br\u0173 (voki\u0161kosios ir lietuvi\u0161kosios), dviej\u0173 tik\u0117jim\u0173 (pagonyb\u0117s ir krik\u0161\u010dionyb\u0117s) sand\u016bra. Prad\u0117dama pasakojim\u0105 apie i\u0161nykusi\u0105 praeit\u012f, I. Simonaityt\u0117 skaitytoj\u0105 nukelia \u012f XVIII am\u017ei\u0173, pla\u010diau apra\u0161ydama vien\u0105 svarb\u0173 \u012fvyk\u012f \u2013 1709\u20131711 met\u0173 mar\u0105, nusiaubus\u012f Ma\u017e\u0105j\u0105 Lietuv\u0105, nusine\u0161us\u012f \u0161imtus gyvybi\u0173 ir nul\u0117mus\u012f tolesn\u012f pagrindini\u0173 romano veik\u0117j\u0173 \u0160imoni\u0173 gyvenim\u0105.<\/p>\n<p><strong>Ievos Simonaityt\u0117s<\/strong>\u00a0(1897\u20131978) k\u016bryba neatsiejama nuo Ma\u017eosios Lietuvos ir Klaip\u0117dos kra\u0161to. Kaip \u0161iandieninis skaitytojas negali \u012fsivaizduoti \u017demaitijos be \u017demait\u0117s, Auk\u0161taitijos be Vai\u017eganto, taip Klaip\u0117dos kra\u0161to lietuvinink\u0173 tradicijos pa\u017e\u012fstamos per I. Simonaityt\u0117s romanus\u00a0<strong>\u201eAuk\u0161tuj\u0173 \u0160imoni\u0173 likimas\u201c<\/strong>\u00a0(1935),\u00a0\u201eVilius Karalius\u201c\u00a0(1938), atverian\u010dius etnografin\u012f Klaip\u0117dos kra\u0161to savitum\u0105. U\u017e roman\u0105\u00a0<strong>\u201eAuk\u0161tuj\u0173 \u0160imoni\u0173 likimas<\/strong>\u201c 1935 m. ra\u0161ytojai buvo paskirta Lietuvos valstybin\u0117 literat\u016bros premija.<\/p>\n<p>Kurdama bajor\u0173 \u0160imoni\u0173 istorij\u0105, I. Simonaityt\u0117 dabart\u012f sujungia su praeitimi. Romano veik\u0117j\u0173 kelion\u0117 trunka du \u0161imtme\u010dius, parodydama, kaip garbingi bajorai \u0160imoniai palaipsniui tampa b\u016brais, paminan\u010diais bet kokias vertybes, praradusiais moralin\u012f pagrind\u0105. Tarytum nor\u0117dama visk\u0105 u\u017efiksuoti, ra\u0161ytoja su metra\u0161tininkui b\u016bdingu atidumu romane pa\u017eymi visus \u0160imoni\u0173 gimin\u0117s gimimus ir mirtis, taip akcentuodama laiko t\u0117km\u0119 ir gyvenimo laikinum\u0105, pabr\u0117\u017edama likimo nei\u0161vengiamyb\u0119.<\/p>\n","protected":false},"excerpt":{"rendered":"<p>\u201eLiterat\u016bra. Svarbiausi tekstai\u201c\u00a0\u2013 tai serija knyg\u0173, supa\u017eindinan\u010di\u0173 moksleivius ir visuomen\u0119 su pagrindiniais lietuvi\u0173 ir pasaulio autori\u0173 k\u016briniais. Romanas\u00a0\u201eAuk\u0161tuj\u0173 \u0160imoni\u0173 likimas\u201c\u00a0\u2013 tai Ma\u017eosios Lietuvos buities, papro\u010di\u0173, tradicij\u0173\u00a0 metra\u0161tis, kur \u0161io kra\u0161to istorija parodyta per vienos gimin\u0117s kart\u0173 kartas. Romane vaizduojama dviej\u0173 kult\u016br\u0173 (voki\u0161kosios ir lietuvi\u0161kosios), dviej\u0173 tik\u0117jim\u0173 (pagonyb\u0117s ir krik\u0161\u010dionyb\u0117s) sand\u016bra. Prad\u0117dama pasakojim\u0105 apie i\u0161nykusi\u0105 praeit\u012f, I. Simonaityt\u0117 skaitytoj\u0105 nukelia \u012f XVIII am\u017ei\u0173, pla\u010diau apra\u0161ydama vien\u0105 svarb\u0173 \u012fvyk\u012f \u2013 1709\u20131711 met\u0173 mar\u0105, nusiaubus\u012f Ma\u017e\u0105j\u0105 Lietuv\u0105, nusine\u0161us\u012f \u0161imtus gyvybi\u0173 ir nul\u0117mus\u012f tolesn\u012f pagrindini\u0173 romano veik\u0117j\u0173 \u0160imoni\u0173 gyvenim\u0105. Ievos Simonaityt\u0117s\u00a0(1897\u20131978) k\u016bryba neatsiejama nuo Ma\u017eosios Lietuvos ir Klaip\u0117dos kra\u0161to. Kaip \u0161iandieninis skaitytojas negali \u012fsivaizduoti \u017demaitijos be \u017demait\u0117s, Auk\u0161taitijos be Vai\u017eganto, taip Klaip\u0117dos kra\u0161to lietuvinink\u0173 tradicijos pa\u017e\u012fstamos per I. Simonaityt\u0117s romanus\u00a0\u201eAuk\u0161tuj\u0173 \u0160imoni\u0173 likimas\u201c\u00a0(1935),\u00a0\u201eVilius Karalius\u201c\u00a0(1938), atverian\u010dius etnografin\u012f Klaip\u0117dos kra\u0161to savitum\u0105. U\u017e roman\u0105\u00a0\u201eAuk\u0161tuj\u0173 \u0160imoni\u0173 likimas\u201c 1935 m. ra\u0161ytojai buvo paskirta Lietuvos valstybin\u0117 literat\u016bros premija. Kurdama bajor\u0173 \u0160imoni\u0173 istorij\u0105, I. Simonaityt\u0117 dabart\u012f sujungia su praeitimi. Romano veik\u0117j\u0173 kelion\u0117 trunka du \u0161imtme\u010dius, parodydama, kaip garbingi bajorai \u0160imoniai palaipsniui tampa b\u016brais, paminan\u010diais bet kokias vertybes, praradusiais moralin\u012f pagrind\u0105. Tarytum nor\u0117dama visk\u0105 u\u017efiksuoti, ra\u0161ytoja su metra\u0161tininkui b\u016bdingu atidumu romane pa\u017eymi visus \u0160imoni\u0173 gimin\u0117s gimimus ir mirtis, taip akcentuodama laiko t\u0117km\u0119 ir gyvenimo laikinum\u0105, pabr\u0117\u017edama likimo nei\u0161vengiamyb\u0119.<\/p>\n","protected":false},"featured_media":24696,"comment_status":"closed","ping_status":"closed","template":"","meta":{"_acf_changed":false,"site-sidebar-layout":"default","site-content-layout":"","ast-site-content-layout":"default","site-content-style":"default","site-sidebar-style":"default","ast-global-header-display":"","ast-banner-title-visibility":"","ast-main-header-display":"","ast-hfb-above-header-display":"","ast-hfb-below-header-display":"","ast-hfb-mobile-header-display":"","site-post-title":"","ast-breadcrumbs-content":"","ast-featured-img":"","footer-sml-layout":"","ast-disable-related-posts":"","theme-transparent-header-meta":"default","adv-header-id-meta":"","stick-header-meta":"","header-above-stick-meta":"","header-main-stick-meta":"","header-below-stick-meta":"","astra-migrate-meta-layouts":"set","ast-page-background-enabled":"default","ast-page-background-meta":{"desktop":{"background-color":"","background-image":"","background-repeat":"repeat","background-position":"center center","background-size":"auto","background-attachment":"scroll","background-type":"","background-media":"","overlay-type":"","overlay-color":"","overlay-opacity":"","overlay-gradient":""},"tablet":{"background-color":"","background-image":"","background-repeat":"repeat","background-position":"center center","background-size":"auto","background-attachment":"scroll","background-type":"","background-media":"","overlay-type":"","overlay-color":"","overlay-opacity":"","overlay-gradient":""},"mobile":{"background-color":"","background-image":"","background-repeat":"repeat","background-position":"center center","background-size":"auto","background-attachment":"scroll","background-type":"","background-media":"","overlay-type":"","overlay-color":"","overlay-opacity":"","overlay-gradient":""}},"ast-content-background-meta":{"desktop":{"background-color":"var(--ast-global-color-4)","background-image":"","background-repeat":"repeat","background-position":"center center","background-size":"auto","background-attachment":"scroll","background-type":"","background-media":"","overlay-type":"","overlay-color":"","overlay-opacity":"","overlay-gradient":""},"tablet":{"background-color":"var(--ast-global-color-4)","background-image":"","background-repeat":"repeat","background-position":"center center","background-size":"auto","background-attachment":"scroll","background-type":"","background-media":"","overlay-type":"","overlay-color":"","overlay-opacity":"","overlay-gradient":""},"mobile":{"background-color":"var(--ast-global-color-4)","background-image":"","background-repeat":"repeat","background-position":"center center","background-size":"auto","background-attachment":"scroll","background-type":"","background-media":"","overlay-type":"","overlay-color":"","overlay-opacity":"","overlay-gradient":""}}},"product_brand":[],"product_cat":[9590],"product_tag":[],"class_list":{"0":"post-24692","1":"product","2":"type-product","3":"status-publish","4":"has-post-thumbnail","6":"product_cat-lietuviu-literatura","7":"desktop-align-left","8":"tablet-align-left","9":"mobile-align-left","11":"first","12":"instock","13":"shipping-taxable","14":"purchasable","15":"product-type-variable"},"acf":[],"yoast_head":"<!-- This site is optimized with the Yoast SEO plugin v27.0 - https:\/\/yoast.com\/product\/yoast-seo-wordpress\/ -->\n<title>Auk\u0161tuj\u0173 \u0160imoni\u0173 likimas<\/title>\n<meta name=\"description\" content=\"\u201eLiterat\u016bra. Svarbiausi tekstai\u201c\u00a0\u2013 tai serija knyg\u0173, supa\u017eindinan\u010di\u0173 moksleivius ir visuomen\u0119 su pagrindiniais lietuvi\u0173 ir pasaulio autori\u0173 k\u016briniais.\" \/>\n<meta name=\"robots\" content=\"index, follow, max-snippet:-1, max-image-preview:large, max-video-preview:-1\" \/>\n<link rel=\"canonical\" href=\"https:\/\/skaitytaknyga.lt\/en\/produktas\/aukstuju-simoniu-likimas-2\/\" \/>\n<meta property=\"og:locale\" content=\"en_GB\" \/>\n<meta property=\"og:locale:alternate\" content=\"lt_LT\" \/>\n<meta property=\"og:type\" content=\"article\" \/>\n<meta property=\"og:title\" content=\"Auk\u0161tuj\u0173 \u0160imoni\u0173 likimas\" \/>\n<meta property=\"og:description\" content=\"\u201eLiterat\u016bra. Svarbiausi tekstai\u201c\u00a0\u2013 tai serija knyg\u0173, supa\u017eindinan\u010di\u0173 moksleivius ir visuomen\u0119 su pagrindiniais lietuvi\u0173 ir pasaulio autori\u0173 k\u016briniais.\" \/>\n<meta property=\"og:url\" content=\"https:\/\/skaitytaknyga.lt\/en\/produktas\/aukstuju-simoniu-likimas-2\/\" \/>\n<meta property=\"og:site_name\" content=\"Skaitytaknyga\" \/>\n<meta property=\"article:publisher\" content=\"https:\/\/www.facebook.com\/skaitytaknyga\/\" \/>\n<meta property=\"article:modified_time\" content=\"2026-03-18T07:34:26+00:00\" \/>\n<meta property=\"og:image\" content=\"https:\/\/skaitytaknyga.lt\/wp-content\/uploads\/2026\/03\/Aukstuju-Simoniu-likimas.webp\" \/>\n\t<meta property=\"og:image:width\" content=\"379\" \/>\n\t<meta property=\"og:image:height\" content=\"600\" \/>\n\t<meta property=\"og:image:type\" content=\"image\/webp\" \/>\n<meta name=\"twitter:card\" content=\"summary_large_image\" \/>\n<meta name=\"twitter:label1\" content=\"Estimated reading time\" \/>\n\t<meta name=\"twitter:data1\" content=\"2 minutes\" \/>\n<script type=\"application\/ld+json\" class=\"yoast-schema-graph\">{\"@context\":\"https:\/\/schema.org\",\"@graph\":[{\"@type\":\"WebPage\",\"@id\":\"https:\/\/skaitytaknyga.lt\/produktas\/aukstuju-simoniu-likimas-2\/\",\"url\":\"https:\/\/skaitytaknyga.lt\/produktas\/aukstuju-simoniu-likimas-2\/\",\"name\":\"Auk\u0161tuj\u0173 \u0160imoni\u0173 likimas\",\"isPartOf\":{\"@id\":\"https:\/\/skaitytaknyga.lt\/#website\"},\"primaryImageOfPage\":{\"@id\":\"https:\/\/skaitytaknyga.lt\/produktas\/aukstuju-simoniu-likimas-2\/#primaryimage\"},\"image\":{\"@id\":\"https:\/\/skaitytaknyga.lt\/produktas\/aukstuju-simoniu-likimas-2\/#primaryimage\"},\"thumbnailUrl\":\"https:\/\/skaitytaknyga.lt\/wp-content\/uploads\/2026\/03\/Aukstuju-Simoniu-likimas.webp\",\"datePublished\":\"2026-03-11T15:53:45+00:00\",\"dateModified\":\"2026-03-18T07:34:26+00:00\",\"description\":\"\u201eLiterat\u016bra. Svarbiausi tekstai\u201c\u00a0\u2013 tai serija knyg\u0173, supa\u017eindinan\u010di\u0173 moksleivius ir visuomen\u0119 su pagrindiniais lietuvi\u0173 ir pasaulio autori\u0173 k\u016briniais.\",\"breadcrumb\":{\"@id\":\"https:\/\/skaitytaknyga.lt\/produktas\/aukstuju-simoniu-likimas-2\/#breadcrumb\"},\"inLanguage\":\"en-GB\",\"potentialAction\":[{\"@type\":\"ReadAction\",\"target\":[\"https:\/\/skaitytaknyga.lt\/produktas\/aukstuju-simoniu-likimas-2\/\"]}]},{\"@type\":\"ImageObject\",\"inLanguage\":\"en-GB\",\"@id\":\"https:\/\/skaitytaknyga.lt\/produktas\/aukstuju-simoniu-likimas-2\/#primaryimage\",\"url\":\"https:\/\/skaitytaknyga.lt\/wp-content\/uploads\/2026\/03\/Aukstuju-Simoniu-likimas.webp\",\"contentUrl\":\"https:\/\/skaitytaknyga.lt\/wp-content\/uploads\/2026\/03\/Aukstuju-Simoniu-likimas.webp\",\"width\":379,\"height\":600,\"caption\":\"Auk\u0161tuj\u0173 \u0160imoni\u0173 likimas\"},{\"@type\":\"BreadcrumbList\",\"@id\":\"https:\/\/skaitytaknyga.lt\/produktas\/aukstuju-simoniu-likimas-2\/#breadcrumb\",\"itemListElement\":[{\"@type\":\"ListItem\",\"position\":1,\"name\":\"Home\",\"item\":\"https:\/\/skaitytaknyga.lt\/\"},{\"@type\":\"ListItem\",\"position\":2,\"name\":\"Parduotuv\u0117\",\"item\":\"https:\/\/skaitytaknyga.lt\/knygu-parduotuve\/\"},{\"@type\":\"ListItem\",\"position\":3,\"name\":\"Auk\u0161tuj\u0173 \u0160imoni\u0173 likimas\"}]},{\"@type\":\"WebSite\",\"@id\":\"https:\/\/skaitytaknyga.lt\/#website\",\"url\":\"https:\/\/skaitytaknyga.lt\/\",\"name\":\"skaitytaknyga.lt\",\"description\":\"Skaitytaknyga.lt \u2013 tai ma\u017eas \u0161eimos verslas, kuris prasid\u0117jo nuo meil\u0117s knygoms ir siekio i\u0161gelb\u0117ti knygas nuo likimo prie konteinerio. Kas vienam nereikalingas daiktas \u2013 kitam lobis, o mes esame tarpininkai, kurie padeda abiems tapti laimingesniems ???? \u017dinome kaip nelengva i\u0161gyventi ma\u017eiems verslams, tad nuo \u0161iol, \u010dia rasite ir kit\u0173, ma\u017e\u0173 \u0161eim\u0173 versl\u0173, rank\u0173 darbo, dovan\u0173 sau ir artimiesiems.\",\"publisher\":{\"@id\":\"https:\/\/skaitytaknyga.lt\/#organization\"},\"potentialAction\":[{\"@type\":\"SearchAction\",\"target\":{\"@type\":\"EntryPoint\",\"urlTemplate\":\"https:\/\/skaitytaknyga.lt\/?s={search_term_string}\"},\"query-input\":{\"@type\":\"PropertyValueSpecification\",\"valueRequired\":true,\"valueName\":\"search_term_string\"}}],\"inLanguage\":\"en-GB\"},{\"@type\":\"Organization\",\"@id\":\"https:\/\/skaitytaknyga.lt\/#organization\",\"name\":\"skaitytaknyga.lt\",\"url\":\"https:\/\/skaitytaknyga.lt\/\",\"logo\":{\"@type\":\"ImageObject\",\"inLanguage\":\"en-GB\",\"@id\":\"https:\/\/skaitytaknyga.lt\/#\/schema\/logo\/image\/\",\"url\":\"https:\/\/skaitytaknyga.lt\/wp-content\/uploads\/2024\/05\/cropped-cropped-cropped-02_00843_jt3bggkj1j3HLc7SyY6rEUpg.jpeg\",\"contentUrl\":\"https:\/\/skaitytaknyga.lt\/wp-content\/uploads\/2024\/05\/cropped-cropped-cropped-02_00843_jt3bggkj1j3HLc7SyY6rEUpg.jpeg\",\"width\":1600,\"height\":1600,\"caption\":\"skaitytaknyga.lt\"},\"image\":{\"@id\":\"https:\/\/skaitytaknyga.lt\/#\/schema\/logo\/image\/\"},\"sameAs\":[\"https:\/\/www.facebook.com\/skaitytaknyga\/\"]}]}<\/script>\n<!-- \/ Yoast SEO plugin. -->","yoast_head_json":{"title":"Auk\u0161tuj\u0173 \u0160imoni\u0173 likimas","description":"\u201eLiterat\u016bra. Svarbiausi tekstai\u201c\u00a0\u2013 tai serija knyg\u0173, supa\u017eindinan\u010di\u0173 moksleivius ir visuomen\u0119 su pagrindiniais lietuvi\u0173 ir pasaulio autori\u0173 k\u016briniais.","robots":{"index":"index","follow":"follow","max-snippet":"max-snippet:-1","max-image-preview":"max-image-preview:large","max-video-preview":"max-video-preview:-1"},"canonical":"https:\/\/skaitytaknyga.lt\/en\/produktas\/aukstuju-simoniu-likimas-2\/","og_locale":"en_GB","og_type":"article","og_title":"[:lt]Auk\u0161tuj\u0173 \u0160imoni\u0173 likimas[:] - Skaitytaknyga","og_description":"\u201eLiterat\u016bra. Svarbiausi tekstai\u201c\u00a0\u2013 tai serija knyg\u0173, supa\u017eindinan\u010di\u0173 moksleivius ir visuomen\u0119 su pagrindiniais lietuvi\u0173 ir pasaulio autori\u0173 k\u016briniais.","og_url":"https:\/\/skaitytaknyga.lt\/en\/produktas\/aukstuju-simoniu-likimas-2\/","og_site_name":"Skaitytaknyga","article_publisher":"https:\/\/www.facebook.com\/skaitytaknyga\/","article_modified_time":"2026-03-18T07:34:26+00:00","og_image":[{"width":379,"height":600,"url":"https:\/\/skaitytaknyga.lt\/wp-content\/uploads\/2026\/03\/Aukstuju-Simoniu-likimas.webp","type":"image\/webp"}],"twitter_card":"summary_large_image","twitter_misc":{"Estimated reading time":"2 minutes"},"schema":{"@context":"https:\/\/schema.org","@graph":[{"@type":"WebPage","@id":"https:\/\/skaitytaknyga.lt\/produktas\/aukstuju-simoniu-likimas-2\/","url":"https:\/\/skaitytaknyga.lt\/produktas\/aukstuju-simoniu-likimas-2\/","name":"Auk\u0161tuj\u0173 \u0160imoni\u0173 likimas","isPartOf":{"@id":"https:\/\/skaitytaknyga.lt\/#website"},"primaryImageOfPage":{"@id":"https:\/\/skaitytaknyga.lt\/produktas\/aukstuju-simoniu-likimas-2\/#primaryimage"},"image":{"@id":"https:\/\/skaitytaknyga.lt\/produktas\/aukstuju-simoniu-likimas-2\/#primaryimage"},"thumbnailUrl":"https:\/\/skaitytaknyga.lt\/wp-content\/uploads\/2026\/03\/Aukstuju-Simoniu-likimas.webp","datePublished":"2026-03-11T15:53:45+00:00","dateModified":"2026-03-18T07:34:26+00:00","description":"\u201eLiterat\u016bra. Svarbiausi tekstai\u201c\u00a0\u2013 tai serija knyg\u0173, supa\u017eindinan\u010di\u0173 moksleivius ir visuomen\u0119 su pagrindiniais lietuvi\u0173 ir pasaulio autori\u0173 k\u016briniais.","breadcrumb":{"@id":"https:\/\/skaitytaknyga.lt\/produktas\/aukstuju-simoniu-likimas-2\/#breadcrumb"},"inLanguage":"en-GB","potentialAction":[{"@type":"ReadAction","target":["https:\/\/skaitytaknyga.lt\/produktas\/aukstuju-simoniu-likimas-2\/"]}]},{"@type":"ImageObject","inLanguage":"en-GB","@id":"https:\/\/skaitytaknyga.lt\/produktas\/aukstuju-simoniu-likimas-2\/#primaryimage","url":"https:\/\/skaitytaknyga.lt\/wp-content\/uploads\/2026\/03\/Aukstuju-Simoniu-likimas.webp","contentUrl":"https:\/\/skaitytaknyga.lt\/wp-content\/uploads\/2026\/03\/Aukstuju-Simoniu-likimas.webp","width":379,"height":600,"caption":"Auk\u0161tuj\u0173 \u0160imoni\u0173 likimas"},{"@type":"BreadcrumbList","@id":"https:\/\/skaitytaknyga.lt\/produktas\/aukstuju-simoniu-likimas-2\/#breadcrumb","itemListElement":[{"@type":"ListItem","position":1,"name":"Home","item":"https:\/\/skaitytaknyga.lt\/"},{"@type":"ListItem","position":2,"name":"Parduotuv\u0117","item":"https:\/\/skaitytaknyga.lt\/knygu-parduotuve\/"},{"@type":"ListItem","position":3,"name":"Auk\u0161tuj\u0173 \u0160imoni\u0173 likimas"}]},{"@type":"WebSite","@id":"https:\/\/skaitytaknyga.lt\/#website","url":"https:\/\/skaitytaknyga.lt\/","name":"skaitytaknyga.lt","description":"Skaitytaknyga.lt \u2013 tai ma\u017eas \u0161eimos verslas, kuris prasid\u0117jo nuo meil\u0117s knygoms ir siekio i\u0161gelb\u0117ti knygas nuo likimo prie konteinerio. Kas vienam nereikalingas daiktas \u2013 kitam lobis, o mes esame tarpininkai, kurie padeda abiems tapti laimingesniems ???? \u017dinome kaip nelengva i\u0161gyventi ma\u017eiems verslams, tad nuo \u0161iol, \u010dia rasite ir kit\u0173, ma\u017e\u0173 \u0161eim\u0173 versl\u0173, rank\u0173 darbo, dovan\u0173 sau ir artimiesiems.","publisher":{"@id":"https:\/\/skaitytaknyga.lt\/#organization"},"potentialAction":[{"@type":"SearchAction","target":{"@type":"EntryPoint","urlTemplate":"https:\/\/skaitytaknyga.lt\/?s={search_term_string}"},"query-input":{"@type":"PropertyValueSpecification","valueRequired":true,"valueName":"search_term_string"}}],"inLanguage":"en-GB"},{"@type":"Organization","@id":"https:\/\/skaitytaknyga.lt\/#organization","name":"skaitytaknyga.lt","url":"https:\/\/skaitytaknyga.lt\/","logo":{"@type":"ImageObject","inLanguage":"en-GB","@id":"https:\/\/skaitytaknyga.lt\/#\/schema\/logo\/image\/","url":"https:\/\/skaitytaknyga.lt\/wp-content\/uploads\/2024\/05\/cropped-cropped-cropped-02_00843_jt3bggkj1j3HLc7SyY6rEUpg.jpeg","contentUrl":"https:\/\/skaitytaknyga.lt\/wp-content\/uploads\/2024\/05\/cropped-cropped-cropped-02_00843_jt3bggkj1j3HLc7SyY6rEUpg.jpeg","width":1600,"height":1600,"caption":"skaitytaknyga.lt"},"image":{"@id":"https:\/\/skaitytaknyga.lt\/#\/schema\/logo\/image\/"},"sameAs":["https:\/\/www.facebook.com\/skaitytaknyga\/"]}]}},"_links":{"self":[{"href":"https:\/\/skaitytaknyga.lt\/en\/wp-json\/wp\/v2\/product\/24692","targetHints":{"allow":["GET"]}}],"collection":[{"href":"https:\/\/skaitytaknyga.lt\/en\/wp-json\/wp\/v2\/product"}],"about":[{"href":"https:\/\/skaitytaknyga.lt\/en\/wp-json\/wp\/v2\/types\/product"}],"replies":[{"embeddable":true,"href":"https:\/\/skaitytaknyga.lt\/en\/wp-json\/wp\/v2\/comments?post=24692"}],"wp:featuredmedia":[{"embeddable":true,"href":"https:\/\/skaitytaknyga.lt\/en\/wp-json\/wp\/v2\/media\/24696"}],"wp:attachment":[{"href":"https:\/\/skaitytaknyga.lt\/en\/wp-json\/wp\/v2\/media?parent=24692"}],"wp:term":[{"taxonomy":"product_brand","embeddable":true,"href":"https:\/\/skaitytaknyga.lt\/en\/wp-json\/wp\/v2\/product_brand?post=24692"},{"taxonomy":"product_cat","embeddable":true,"href":"https:\/\/skaitytaknyga.lt\/en\/wp-json\/wp\/v2\/product_cat?post=24692"},{"taxonomy":"product_tag","embeddable":true,"href":"https:\/\/skaitytaknyga.lt\/en\/wp-json\/wp\/v2\/product_tag?post=24692"}],"curies":[{"name":"wp","href":"https:\/\/api.w.org\/{rel}","templated":true}]}}