{"id":24681,"date":"2026-03-11T10:57:00","date_gmt":"2026-03-11T08:57:00","guid":{"rendered":"https:\/\/skaitytaknyga.lt\/?post_type=product&#038;p=24681"},"modified":"2026-03-16T14:18:55","modified_gmt":"2026-03-16T12:18:55","slug":"pamilk-save-ir-buk-laimingas","status":"publish","type":"product","link":"https:\/\/skaitytaknyga.lt\/en\/produktas\/pamilk-save-ir-buk-laimingas\/","title":{"rendered":"Pamilk save ir b\u016bk laimingas (pagelt\u0119 lapai)"},"content":{"rendered":"<p>Knygoje \u201ePamilk save ir b\u016bk laimingas\u201c Louise L. Hay, metafizines temas gvildenanti paskaitinink\u0117, mokytoja ir daugelio bestseleri\u0173 autor\u0117, pasakoja apie m\u0105stysenos ir fizini\u0173 negalavim\u0173 ry\u0161ius. \u012e knyg\u0105 ji \u012ftrauk\u0117 unikal\u0173 savo sudaryt\u0105 lig\u0173 ir mentalini\u0173 j\u0173 prie\u017eas\u010di\u0173 s\u0105ra\u0161\u0105 bei pateikia daug patarim\u0173.<\/p>\n<p>Remdamasi savo asmenine patirtimi, autor\u0117 moko, jog \u012fmanoma i\u0161 pagrind\u0173 pakeisti savo gyvenim\u0105 ir susikurti gerov\u0119, kad ir kokia prasta b\u016bt\u0173 esama pad\u0117tis. Kiekvienas skyrius prasideda pozityviu \u012fsiteiginiu, skirtu kokiai nors konkre\u010diai gyvenimo sri\u010diai tobulinti, o baigiasi s\u0105mon\u0119 kei\u010dian\u010di\u0173 pozityvi\u0173 min\u010di\u0173 srautu.<\/p>\n<p>\u201eJeigu nuosekliai atliksite knygoje pateiktus pratimus, j\u016bs\u0173 gyvenimas prad\u0117s keistis. Si\u016blau kart\u0105 perskaityti \u0161i\u0105 knyg\u0105. Tada v\u0117l prad\u0117ti nuo prad\u017ei\u0173 ir skaityti daug l\u0117\u010diau, skiriant pakankamai laiko kiekvienam pratimui. Jeigu tik \u012fmanoma, darykite pratimus su draugu ar \u0161eimos nariu. Vadovaudamiesi knygoje pateiktais patarimais, nuolat jausite mano nuo\u0161ird\u017ei\u0105 param\u0105.\u201c<\/p>\n","protected":false},"excerpt":{"rendered":"<p>Knygoje \u201ePamilk save ir b\u016bk laimingas\u201c Louise L. Hay, metafizines temas gvildenanti paskaitinink\u0117, mokytoja ir daugelio bestseleri\u0173 autor\u0117, pasakoja apie m\u0105stysenos ir fizini\u0173 negalavim\u0173 ry\u0161ius. \u012e knyg\u0105 ji \u012ftrauk\u0117 unikal\u0173 savo sudaryt\u0105 lig\u0173 ir mentalini\u0173 j\u0173 prie\u017eas\u010di\u0173 s\u0105ra\u0161\u0105 bei pateikia daug patarim\u0173. Remdamasi savo asmenine patirtimi, autor\u0117 moko, jog \u012fmanoma i\u0161 pagrind\u0173 pakeisti savo gyvenim\u0105 ir susikurti gerov\u0119, kad ir kokia prasta b\u016bt\u0173 esama pad\u0117tis. Kiekvienas skyrius prasideda pozityviu \u012fsiteiginiu, skirtu kokiai nors konkre\u010diai gyvenimo sri\u010diai tobulinti, o baigiasi s\u0105mon\u0119 kei\u010dian\u010di\u0173 pozityvi\u0173 min\u010di\u0173 srautu. \u201eJeigu nuosekliai atliksite knygoje pateiktus pratimus, j\u016bs\u0173 gyvenimas prad\u0117s keistis. Si\u016blau kart\u0105 perskaityti \u0161i\u0105 knyg\u0105. Tada v\u0117l prad\u0117ti nuo prad\u017ei\u0173 ir skaityti daug l\u0117\u010diau, skiriant pakankamai laiko kiekvienam pratimui. Jeigu tik \u012fmanoma, darykite pratimus su draugu ar \u0161eimos nariu. Vadovaudamiesi knygoje pateiktais patarimais, nuolat jausite mano nuo\u0161ird\u017ei\u0105 param\u0105.\u201c<\/p>\n","protected":false},"featured_media":24691,"comment_status":"open","ping_status":"closed","template":"","meta":{"_acf_changed":false,"site-sidebar-layout":"default","site-content-layout":"","ast-site-content-layout":"default","site-content-style":"default","site-sidebar-style":"default","ast-global-header-display":"","ast-banner-title-visibility":"","ast-main-header-display":"","ast-hfb-above-header-display":"","ast-hfb-below-header-display":"","ast-hfb-mobile-header-display":"","site-post-title":"","ast-breadcrumbs-content":"","ast-featured-img":"","footer-sml-layout":"","ast-disable-related-posts":"","theme-transparent-header-meta":"","adv-header-id-meta":"","stick-header-meta":"","header-above-stick-meta":"","header-main-stick-meta":"","header-below-stick-meta":"","astra-migrate-meta-layouts":"default","ast-page-background-enabled":"default","ast-page-background-meta":{"desktop":{"background-color":"","background-image":"","background-repeat":"repeat","background-position":"center center","background-size":"auto","background-attachment":"scroll","background-type":"","background-media":"","overlay-type":"","overlay-color":"","overlay-opacity":"","overlay-gradient":""},"tablet":{"background-color":"","background-image":"","background-repeat":"repeat","background-position":"center center","background-size":"auto","background-attachment":"scroll","background-type":"","background-media":"","overlay-type":"","overlay-color":"","overlay-opacity":"","overlay-gradient":""},"mobile":{"background-color":"","background-image":"","background-repeat":"repeat","background-position":"center center","background-size":"auto","background-attachment":"scroll","background-type":"","background-media":"","overlay-type":"","overlay-color":"","overlay-opacity":"","overlay-gradient":""}},"ast-content-background-meta":{"desktop":{"background-color":"var(--ast-global-color-4)","background-image":"","background-repeat":"repeat","background-position":"center center","background-size":"auto","background-attachment":"scroll","background-type":"","background-media":"","overlay-type":"","overlay-color":"","overlay-opacity":"","overlay-gradient":""},"tablet":{"background-color":"var(--ast-global-color-4)","background-image":"","background-repeat":"repeat","background-position":"center center","background-size":"auto","background-attachment":"scroll","background-type":"","background-media":"","overlay-type":"","overlay-color":"","overlay-opacity":"","overlay-gradient":""},"mobile":{"background-color":"var(--ast-global-color-4)","background-image":"","background-repeat":"repeat","background-position":"center center","background-size":"auto","background-attachment":"scroll","background-type":"","background-media":"","overlay-type":"","overlay-color":"","overlay-opacity":"","overlay-gradient":""}}},"product_brand":[],"product_cat":[30],"product_tag":[1374],"class_list":{"0":"post-24681","1":"product","2":"type-product","3":"status-publish","4":"has-post-thumbnail","6":"product_cat-psichologija-ir-saviugda","7":"product_tag-louise-l-hay","8":"desktop-align-left","9":"tablet-align-left","10":"mobile-align-left","12":"first","13":"outofstock","14":"shipping-taxable","15":"purchasable","16":"product-type-simple"},"acf":[],"yoast_head":"<!-- This site is optimized with the Yoast SEO plugin v27.0 - https:\/\/yoast.com\/product\/yoast-seo-wordpress\/ -->\n<title>Pamilk save ir b\u016bk laimingas (pagelt\u0119 lapai)<\/title>\n<meta name=\"description\" content=\"Knygoje \u201ePamilk save ir b\u016bk laimingas\u201c Louise L. Hay, metafizines temas gvildenanti paskaitinink\u0117, mokytoja ir daugelio bestseleri\u0173 autor\u0117, pasakoja apie\" \/>\n<meta name=\"robots\" content=\"index, follow, max-snippet:-1, max-image-preview:large, max-video-preview:-1\" \/>\n<link rel=\"canonical\" href=\"https:\/\/skaitytaknyga.lt\/en\/produktas\/pamilk-save-ir-buk-laimingas\/\" \/>\n<meta property=\"og:locale\" content=\"en_GB\" \/>\n<meta property=\"og:locale:alternate\" content=\"lt_LT\" \/>\n<meta property=\"og:type\" content=\"article\" \/>\n<meta property=\"og:title\" content=\"Pamilk save ir b\u016bk laimingas (pagelt\u0119 lapai)\" \/>\n<meta property=\"og:description\" content=\"Knygoje \u201ePamilk save ir b\u016bk laimingas\u201c Louise L. Hay, metafizines temas gvildenanti paskaitinink\u0117, mokytoja ir daugelio bestseleri\u0173 autor\u0117, pasakoja apie\" \/>\n<meta property=\"og:url\" content=\"https:\/\/skaitytaknyga.lt\/en\/produktas\/pamilk-save-ir-buk-laimingas\/\" \/>\n<meta property=\"og:site_name\" content=\"Skaitytaknyga\" \/>\n<meta property=\"article:publisher\" content=\"https:\/\/www.facebook.com\/skaitytaknyga\/\" \/>\n<meta property=\"article:modified_time\" content=\"2026-03-16T12:18:55+00:00\" \/>\n<meta property=\"og:image\" content=\"https:\/\/skaitytaknyga.lt\/wp-content\/uploads\/2026\/03\/Pamilk-save-ir-buk-laimingas.webp\" \/>\n\t<meta property=\"og:image:width\" content=\"535\" \/>\n\t<meta property=\"og:image:height\" content=\"792\" \/>\n\t<meta property=\"og:image:type\" content=\"image\/webp\" \/>\n<meta name=\"twitter:card\" content=\"summary_large_image\" \/>\n<meta name=\"twitter:label1\" content=\"Estimated reading time\" \/>\n\t<meta name=\"twitter:data1\" content=\"1 minute\" \/>\n<script type=\"application\/ld+json\" class=\"yoast-schema-graph\">{\"@context\":\"https:\/\/schema.org\",\"@graph\":[{\"@type\":\"WebPage\",\"@id\":\"https:\/\/skaitytaknyga.lt\/produktas\/pamilk-save-ir-buk-laimingas\/\",\"url\":\"https:\/\/skaitytaknyga.lt\/produktas\/pamilk-save-ir-buk-laimingas\/\",\"name\":\"Pamilk save ir b\u016bk laimingas (pagelt\u0119 lapai)\",\"isPartOf\":{\"@id\":\"https:\/\/skaitytaknyga.lt\/#website\"},\"primaryImageOfPage\":{\"@id\":\"https:\/\/skaitytaknyga.lt\/produktas\/pamilk-save-ir-buk-laimingas\/#primaryimage\"},\"image\":{\"@id\":\"https:\/\/skaitytaknyga.lt\/produktas\/pamilk-save-ir-buk-laimingas\/#primaryimage\"},\"thumbnailUrl\":\"https:\/\/skaitytaknyga.lt\/wp-content\/uploads\/2026\/03\/Pamilk-save-ir-buk-laimingas.webp\",\"datePublished\":\"2026-03-11T08:57:00+00:00\",\"dateModified\":\"2026-03-16T12:18:55+00:00\",\"description\":\"Knygoje \u201ePamilk save ir b\u016bk laimingas\u201c Louise L. Hay, metafizines temas gvildenanti paskaitinink\u0117, mokytoja ir daugelio bestseleri\u0173 autor\u0117, pasakoja apie\",\"breadcrumb\":{\"@id\":\"https:\/\/skaitytaknyga.lt\/produktas\/pamilk-save-ir-buk-laimingas\/#breadcrumb\"},\"inLanguage\":\"en-GB\",\"potentialAction\":[{\"@type\":\"ReadAction\",\"target\":[\"https:\/\/skaitytaknyga.lt\/produktas\/pamilk-save-ir-buk-laimingas\/\"]}]},{\"@type\":\"ImageObject\",\"inLanguage\":\"en-GB\",\"@id\":\"https:\/\/skaitytaknyga.lt\/produktas\/pamilk-save-ir-buk-laimingas\/#primaryimage\",\"url\":\"https:\/\/skaitytaknyga.lt\/wp-content\/uploads\/2026\/03\/Pamilk-save-ir-buk-laimingas.webp\",\"contentUrl\":\"https:\/\/skaitytaknyga.lt\/wp-content\/uploads\/2026\/03\/Pamilk-save-ir-buk-laimingas.webp\",\"width\":535,\"height\":792,\"caption\":\"Pamilk save ir b\u016bk laimingas\"},{\"@type\":\"BreadcrumbList\",\"@id\":\"https:\/\/skaitytaknyga.lt\/produktas\/pamilk-save-ir-buk-laimingas\/#breadcrumb\",\"itemListElement\":[{\"@type\":\"ListItem\",\"position\":1,\"name\":\"Home\",\"item\":\"https:\/\/skaitytaknyga.lt\/\"},{\"@type\":\"ListItem\",\"position\":2,\"name\":\"Parduotuv\u0117\",\"item\":\"https:\/\/skaitytaknyga.lt\/knygu-parduotuve\/\"},{\"@type\":\"ListItem\",\"position\":3,\"name\":\"Pamilk save ir b\u016bk laimingas (pagelt\u0119 lapai)\"}]},{\"@type\":\"WebSite\",\"@id\":\"https:\/\/skaitytaknyga.lt\/#website\",\"url\":\"https:\/\/skaitytaknyga.lt\/\",\"name\":\"skaitytaknyga.lt\",\"description\":\"Skaitytaknyga.lt \u2013 tai ma\u017eas \u0161eimos verslas, kuris prasid\u0117jo nuo meil\u0117s knygoms ir siekio i\u0161gelb\u0117ti knygas nuo likimo prie konteinerio. Kas vienam nereikalingas daiktas \u2013 kitam lobis, o mes esame tarpininkai, kurie padeda abiems tapti laimingesniems ???? \u017dinome kaip nelengva i\u0161gyventi ma\u017eiems verslams, tad nuo \u0161iol, \u010dia rasite ir kit\u0173, ma\u017e\u0173 \u0161eim\u0173 versl\u0173, rank\u0173 darbo, dovan\u0173 sau ir artimiesiems.\",\"publisher\":{\"@id\":\"https:\/\/skaitytaknyga.lt\/#organization\"},\"potentialAction\":[{\"@type\":\"SearchAction\",\"target\":{\"@type\":\"EntryPoint\",\"urlTemplate\":\"https:\/\/skaitytaknyga.lt\/?s={search_term_string}\"},\"query-input\":{\"@type\":\"PropertyValueSpecification\",\"valueRequired\":true,\"valueName\":\"search_term_string\"}}],\"inLanguage\":\"en-GB\"},{\"@type\":\"Organization\",\"@id\":\"https:\/\/skaitytaknyga.lt\/#organization\",\"name\":\"skaitytaknyga.lt\",\"url\":\"https:\/\/skaitytaknyga.lt\/\",\"logo\":{\"@type\":\"ImageObject\",\"inLanguage\":\"en-GB\",\"@id\":\"https:\/\/skaitytaknyga.lt\/#\/schema\/logo\/image\/\",\"url\":\"https:\/\/skaitytaknyga.lt\/wp-content\/uploads\/2024\/05\/cropped-cropped-cropped-02_00843_jt3bggkj1j3HLc7SyY6rEUpg.jpeg\",\"contentUrl\":\"https:\/\/skaitytaknyga.lt\/wp-content\/uploads\/2024\/05\/cropped-cropped-cropped-02_00843_jt3bggkj1j3HLc7SyY6rEUpg.jpeg\",\"width\":1600,\"height\":1600,\"caption\":\"skaitytaknyga.lt\"},\"image\":{\"@id\":\"https:\/\/skaitytaknyga.lt\/#\/schema\/logo\/image\/\"},\"sameAs\":[\"https:\/\/www.facebook.com\/skaitytaknyga\/\"]}]}<\/script>\n<!-- \/ Yoast SEO plugin. -->","yoast_head_json":{"title":"Pamilk save ir b\u016bk laimingas (pagelt\u0119 lapai)","description":"Knygoje \u201ePamilk save ir b\u016bk laimingas\u201c Louise L. Hay, metafizines temas gvildenanti paskaitinink\u0117, mokytoja ir daugelio bestseleri\u0173 autor\u0117, pasakoja apie","robots":{"index":"index","follow":"follow","max-snippet":"max-snippet:-1","max-image-preview":"max-image-preview:large","max-video-preview":"max-video-preview:-1"},"canonical":"https:\/\/skaitytaknyga.lt\/en\/produktas\/pamilk-save-ir-buk-laimingas\/","og_locale":"en_GB","og_type":"article","og_title":"[:lt]Pamilk save ir b\u016bk laimingas (pagelt\u0119 lapai)[:] - Skaitytaknyga","og_description":"Knygoje \u201ePamilk save ir b\u016bk laimingas\u201c Louise L. Hay, metafizines temas gvildenanti paskaitinink\u0117, mokytoja ir daugelio bestseleri\u0173 autor\u0117, pasakoja apie","og_url":"https:\/\/skaitytaknyga.lt\/en\/produktas\/pamilk-save-ir-buk-laimingas\/","og_site_name":"Skaitytaknyga","article_publisher":"https:\/\/www.facebook.com\/skaitytaknyga\/","article_modified_time":"2026-03-16T12:18:55+00:00","og_image":[{"width":535,"height":792,"url":"https:\/\/skaitytaknyga.lt\/wp-content\/uploads\/2026\/03\/Pamilk-save-ir-buk-laimingas.webp","type":"image\/webp"}],"twitter_card":"summary_large_image","twitter_misc":{"Estimated reading time":"1 minute"},"schema":{"@context":"https:\/\/schema.org","@graph":[{"@type":"WebPage","@id":"https:\/\/skaitytaknyga.lt\/produktas\/pamilk-save-ir-buk-laimingas\/","url":"https:\/\/skaitytaknyga.lt\/produktas\/pamilk-save-ir-buk-laimingas\/","name":"Pamilk save ir b\u016bk laimingas (pagelt\u0119 lapai)","isPartOf":{"@id":"https:\/\/skaitytaknyga.lt\/#website"},"primaryImageOfPage":{"@id":"https:\/\/skaitytaknyga.lt\/produktas\/pamilk-save-ir-buk-laimingas\/#primaryimage"},"image":{"@id":"https:\/\/skaitytaknyga.lt\/produktas\/pamilk-save-ir-buk-laimingas\/#primaryimage"},"thumbnailUrl":"https:\/\/skaitytaknyga.lt\/wp-content\/uploads\/2026\/03\/Pamilk-save-ir-buk-laimingas.webp","datePublished":"2026-03-11T08:57:00+00:00","dateModified":"2026-03-16T12:18:55+00:00","description":"Knygoje \u201ePamilk save ir b\u016bk laimingas\u201c Louise L. Hay, metafizines temas gvildenanti paskaitinink\u0117, mokytoja ir daugelio bestseleri\u0173 autor\u0117, pasakoja apie","breadcrumb":{"@id":"https:\/\/skaitytaknyga.lt\/produktas\/pamilk-save-ir-buk-laimingas\/#breadcrumb"},"inLanguage":"en-GB","potentialAction":[{"@type":"ReadAction","target":["https:\/\/skaitytaknyga.lt\/produktas\/pamilk-save-ir-buk-laimingas\/"]}]},{"@type":"ImageObject","inLanguage":"en-GB","@id":"https:\/\/skaitytaknyga.lt\/produktas\/pamilk-save-ir-buk-laimingas\/#primaryimage","url":"https:\/\/skaitytaknyga.lt\/wp-content\/uploads\/2026\/03\/Pamilk-save-ir-buk-laimingas.webp","contentUrl":"https:\/\/skaitytaknyga.lt\/wp-content\/uploads\/2026\/03\/Pamilk-save-ir-buk-laimingas.webp","width":535,"height":792,"caption":"Pamilk save ir b\u016bk laimingas"},{"@type":"BreadcrumbList","@id":"https:\/\/skaitytaknyga.lt\/produktas\/pamilk-save-ir-buk-laimingas\/#breadcrumb","itemListElement":[{"@type":"ListItem","position":1,"name":"Home","item":"https:\/\/skaitytaknyga.lt\/"},{"@type":"ListItem","position":2,"name":"Parduotuv\u0117","item":"https:\/\/skaitytaknyga.lt\/knygu-parduotuve\/"},{"@type":"ListItem","position":3,"name":"Pamilk save ir b\u016bk laimingas (pagelt\u0119 lapai)"}]},{"@type":"WebSite","@id":"https:\/\/skaitytaknyga.lt\/#website","url":"https:\/\/skaitytaknyga.lt\/","name":"skaitytaknyga.lt","description":"Skaitytaknyga.lt \u2013 tai ma\u017eas \u0161eimos verslas, kuris prasid\u0117jo nuo meil\u0117s knygoms ir siekio i\u0161gelb\u0117ti knygas nuo likimo prie konteinerio. Kas vienam nereikalingas daiktas \u2013 kitam lobis, o mes esame tarpininkai, kurie padeda abiems tapti laimingesniems ???? \u017dinome kaip nelengva i\u0161gyventi ma\u017eiems verslams, tad nuo \u0161iol, \u010dia rasite ir kit\u0173, ma\u017e\u0173 \u0161eim\u0173 versl\u0173, rank\u0173 darbo, dovan\u0173 sau ir artimiesiems.","publisher":{"@id":"https:\/\/skaitytaknyga.lt\/#organization"},"potentialAction":[{"@type":"SearchAction","target":{"@type":"EntryPoint","urlTemplate":"https:\/\/skaitytaknyga.lt\/?s={search_term_string}"},"query-input":{"@type":"PropertyValueSpecification","valueRequired":true,"valueName":"search_term_string"}}],"inLanguage":"en-GB"},{"@type":"Organization","@id":"https:\/\/skaitytaknyga.lt\/#organization","name":"skaitytaknyga.lt","url":"https:\/\/skaitytaknyga.lt\/","logo":{"@type":"ImageObject","inLanguage":"en-GB","@id":"https:\/\/skaitytaknyga.lt\/#\/schema\/logo\/image\/","url":"https:\/\/skaitytaknyga.lt\/wp-content\/uploads\/2024\/05\/cropped-cropped-cropped-02_00843_jt3bggkj1j3HLc7SyY6rEUpg.jpeg","contentUrl":"https:\/\/skaitytaknyga.lt\/wp-content\/uploads\/2024\/05\/cropped-cropped-cropped-02_00843_jt3bggkj1j3HLc7SyY6rEUpg.jpeg","width":1600,"height":1600,"caption":"skaitytaknyga.lt"},"image":{"@id":"https:\/\/skaitytaknyga.lt\/#\/schema\/logo\/image\/"},"sameAs":["https:\/\/www.facebook.com\/skaitytaknyga\/"]}]}},"_links":{"self":[{"href":"https:\/\/skaitytaknyga.lt\/en\/wp-json\/wp\/v2\/product\/24681","targetHints":{"allow":["GET"]}}],"collection":[{"href":"https:\/\/skaitytaknyga.lt\/en\/wp-json\/wp\/v2\/product"}],"about":[{"href":"https:\/\/skaitytaknyga.lt\/en\/wp-json\/wp\/v2\/types\/product"}],"replies":[{"embeddable":true,"href":"https:\/\/skaitytaknyga.lt\/en\/wp-json\/wp\/v2\/comments?post=24681"}],"wp:featuredmedia":[{"embeddable":true,"href":"https:\/\/skaitytaknyga.lt\/en\/wp-json\/wp\/v2\/media\/24691"}],"wp:attachment":[{"href":"https:\/\/skaitytaknyga.lt\/en\/wp-json\/wp\/v2\/media?parent=24681"}],"wp:term":[{"taxonomy":"product_brand","embeddable":true,"href":"https:\/\/skaitytaknyga.lt\/en\/wp-json\/wp\/v2\/product_brand?post=24681"},{"taxonomy":"product_cat","embeddable":true,"href":"https:\/\/skaitytaknyga.lt\/en\/wp-json\/wp\/v2\/product_cat?post=24681"},{"taxonomy":"product_tag","embeddable":true,"href":"https:\/\/skaitytaknyga.lt\/en\/wp-json\/wp\/v2\/product_tag?post=24681"}],"curies":[{"name":"wp","href":"https:\/\/api.w.org\/{rel}","templated":true}]}}