{"id":24680,"date":"2026-03-11T10:57:00","date_gmt":"2026-03-11T08:57:00","guid":{"rendered":"https:\/\/skaitytaknyga.lt\/?post_type=product&#038;p=24680"},"modified":"2026-03-18T19:38:23","modified_gmt":"2026-03-18T17:38:23","slug":"malunu-gatve-be-malunu","status":"publish","type":"product","link":"https:\/\/skaitytaknyga.lt\/en\/produktas\/malunu-gatve-be-malunu\/","title":{"rendered":"Mal\u016bn\u0173 gatv\u0117 be mal\u016bn\u0173"},"content":{"rendered":"<p>Jurgis Kun\u010dinas (1947\u20132002) \u2013 vienas ry\u0161kiausi\u0173 ir charizmati\u0161kiausi\u0173 XX a. pabaigos lietuvi\u0173 ra\u0161ytoj\u0173, itin universalus k\u016br\u0117jas \u2013 prozininkas, poetas, eseistas, vert\u0117jas. Jo k\u016bryboje susipina lyrika, epas, humoras ir satyra, eseistika ir publicistika, k\u016brybin\u0117 i\u0161mon\u0117 ir dokumenti\u0161ka autentika.<\/p>\n<p>Ra\u0161ytojo keli\u0105 prad\u0117j\u0119s kaip poetas, J. Kun\u010dinas labiausiai i\u0161gars\u0117jo lietuvi\u0173 literat\u016broje i\u0161skirtiniais prozos k\u016briniais \u2013 tradicin\u0117mis ir trumpomis novel\u0117mis ir, \u017einoma, romanais. Autoriaus poezija skaitytojams \u017einoma ma\u017eiau, bet ji ne ma\u017eiau \u012fdomi ir intriguojanti.<\/p>\n<p>\u012e \u0161i\u0105 unikali\u0105 rinktin\u0119 sud\u0117ti gra\u017eiausi ir b\u016bdingiausi eil\u0117ra\u0161\u010diai i\u0161 penki\u0173 poetui gyvam esant i\u0161\u0117jusi\u0173 rinkini\u0173, dabar jau tapusi\u0173 bibliografine retenybe: debiutinio \u201eTakas per giri\u0105&#8221; (1977), \u201eAtid\u0117tas rugs\u0117jis&#8221; (1984), \u201eLiep\u0173 ratas&#8221; (1988), Alytuje i\u0161leisto \u201eAtgimimo Kry\u017eius&#8221; (1990) bei paskutiniojo \u2013 \u201eNamai be \u017eiburi\u0173&#8221; (1991). Taip pat atrinktas nema\u017eas pluo\u0161tas eil\u0117ra\u0161\u010di\u0173, spausdint\u0173 vien \u0161iandien jau sunkiai pasiekiamuose periodiniuose leidiniuose.<\/p>\n","protected":false},"excerpt":{"rendered":"<p>Jurgis Kun\u010dinas (1947\u20132002) \u2013 vienas ry\u0161kiausi\u0173 ir charizmati\u0161kiausi\u0173 XX a. pabaigos lietuvi\u0173 ra\u0161ytoj\u0173, itin universalus k\u016br\u0117jas \u2013 prozininkas, poetas, eseistas, vert\u0117jas. Jo k\u016bryboje susipina lyrika, epas, humoras ir satyra, eseistika ir publicistika, k\u016brybin\u0117 i\u0161mon\u0117 ir dokumenti\u0161ka autentika. Ra\u0161ytojo keli\u0105 prad\u0117j\u0119s kaip poetas, J. Kun\u010dinas labiausiai i\u0161gars\u0117jo lietuvi\u0173 literat\u016broje i\u0161skirtiniais prozos k\u016briniais \u2013 tradicin\u0117mis ir trumpomis novel\u0117mis ir, \u017einoma, romanais. Autoriaus poezija skaitytojams \u017einoma ma\u017eiau, bet ji ne ma\u017eiau \u012fdomi ir intriguojanti. \u012e \u0161i\u0105 unikali\u0105 rinktin\u0119 sud\u0117ti gra\u017eiausi ir b\u016bdingiausi eil\u0117ra\u0161\u010diai i\u0161 penki\u0173 poetui gyvam esant i\u0161\u0117jusi\u0173 rinkini\u0173, dabar jau tapusi\u0173 bibliografine retenybe: debiutinio \u201eTakas per giri\u0105&#8221; (1977), \u201eAtid\u0117tas rugs\u0117jis&#8221; (1984), \u201eLiep\u0173 ratas&#8221; (1988), Alytuje i\u0161leisto \u201eAtgimimo Kry\u017eius&#8221; (1990) bei paskutiniojo \u2013 \u201eNamai be \u017eiburi\u0173&#8221; (1991). Taip pat atrinktas nema\u017eas pluo\u0161tas eil\u0117ra\u0161\u010di\u0173, spausdint\u0173 vien \u0161iandien jau sunkiai pasiekiamuose periodiniuose leidiniuose.<\/p>\n","protected":false},"featured_media":24685,"comment_status":"open","ping_status":"closed","template":"","meta":{"_acf_changed":false,"site-sidebar-layout":"default","site-content-layout":"","ast-site-content-layout":"default","site-content-style":"default","site-sidebar-style":"default","ast-global-header-display":"","ast-banner-title-visibility":"","ast-main-header-display":"","ast-hfb-above-header-display":"","ast-hfb-below-header-display":"","ast-hfb-mobile-header-display":"","site-post-title":"","ast-breadcrumbs-content":"","ast-featured-img":"","footer-sml-layout":"","ast-disable-related-posts":"","theme-transparent-header-meta":"","adv-header-id-meta":"","stick-header-meta":"","header-above-stick-meta":"","header-main-stick-meta":"","header-below-stick-meta":"","astra-migrate-meta-layouts":"default","ast-page-background-enabled":"default","ast-page-background-meta":{"desktop":{"background-color":"","background-image":"","background-repeat":"repeat","background-position":"center center","background-size":"auto","background-attachment":"scroll","background-type":"","background-media":"","overlay-type":"","overlay-color":"","overlay-opacity":"","overlay-gradient":""},"tablet":{"background-color":"","background-image":"","background-repeat":"repeat","background-position":"center center","background-size":"auto","background-attachment":"scroll","background-type":"","background-media":"","overlay-type":"","overlay-color":"","overlay-opacity":"","overlay-gradient":""},"mobile":{"background-color":"","background-image":"","background-repeat":"repeat","background-position":"center center","background-size":"auto","background-attachment":"scroll","background-type":"","background-media":"","overlay-type":"","overlay-color":"","overlay-opacity":"","overlay-gradient":""}},"ast-content-background-meta":{"desktop":{"background-color":"var(--ast-global-color-4)","background-image":"","background-repeat":"repeat","background-position":"center center","background-size":"auto","background-attachment":"scroll","background-type":"","background-media":"","overlay-type":"","overlay-color":"","overlay-opacity":"","overlay-gradient":""},"tablet":{"background-color":"var(--ast-global-color-4)","background-image":"","background-repeat":"repeat","background-position":"center center","background-size":"auto","background-attachment":"scroll","background-type":"","background-media":"","overlay-type":"","overlay-color":"","overlay-opacity":"","overlay-gradient":""},"mobile":{"background-color":"var(--ast-global-color-4)","background-image":"","background-repeat":"repeat","background-position":"center center","background-size":"auto","background-attachment":"scroll","background-type":"","background-media":"","overlay-type":"","overlay-color":"","overlay-opacity":"","overlay-gradient":""}}},"product_brand":[],"product_cat":[9590],"product_tag":[2842],"class_list":{"0":"post-24680","1":"product","2":"type-product","3":"status-publish","4":"has-post-thumbnail","6":"product_cat-lietuviu-literatura","7":"product_tag-jurgis-kuncinas","8":"desktop-align-left","9":"tablet-align-left","10":"mobile-align-left","12":"first","13":"instock","14":"shipping-taxable","15":"purchasable","16":"product-type-simple"},"acf":[],"yoast_head":"<!-- This site is optimized with the Yoast SEO plugin v27.0 - https:\/\/yoast.com\/product\/yoast-seo-wordpress\/ -->\n<title>Mal\u016bn\u0173 gatv\u0117 be mal\u016bn\u0173<\/title>\n<meta name=\"description\" content=\"Jurgis Kun\u010dinas (1947\u20132002) \u2013 vienas ry\u0161kiausi\u0173 ir charizmati\u0161kiausi\u0173 XX a. pabaigos lietuvi\u0173 ra\u0161ytoj\u0173, itin universalus k\u016br\u0117jas \u2013 prozininkas, poetas,\" \/>\n<meta name=\"robots\" content=\"index, follow, max-snippet:-1, max-image-preview:large, max-video-preview:-1\" \/>\n<link rel=\"canonical\" href=\"https:\/\/skaitytaknyga.lt\/en\/produktas\/malunu-gatve-be-malunu\/\" \/>\n<meta property=\"og:locale\" content=\"en_GB\" \/>\n<meta property=\"og:locale:alternate\" content=\"lt_LT\" \/>\n<meta property=\"og:type\" content=\"article\" \/>\n<meta property=\"og:title\" content=\"Mal\u016bn\u0173 gatv\u0117 be mal\u016bn\u0173\" \/>\n<meta property=\"og:description\" content=\"Jurgis Kun\u010dinas (1947\u20132002) \u2013 vienas ry\u0161kiausi\u0173 ir charizmati\u0161kiausi\u0173 XX a. pabaigos lietuvi\u0173 ra\u0161ytoj\u0173, itin universalus k\u016br\u0117jas \u2013 prozininkas, poetas,\" \/>\n<meta property=\"og:url\" content=\"https:\/\/skaitytaknyga.lt\/en\/produktas\/malunu-gatve-be-malunu\/\" \/>\n<meta property=\"og:site_name\" content=\"Skaitytaknyga\" \/>\n<meta property=\"article:publisher\" content=\"https:\/\/www.facebook.com\/skaitytaknyga\/\" \/>\n<meta property=\"article:modified_time\" content=\"2026-03-18T17:38:23+00:00\" \/>\n<meta property=\"og:image\" content=\"https:\/\/skaitytaknyga.lt\/wp-content\/uploads\/2026\/03\/Malunu-gatve-be-malunu.-Jurgis-Kuncinas.webp\" \/>\n\t<meta property=\"og:image:width\" content=\"307\" \/>\n\t<meta property=\"og:image:height\" content=\"498\" \/>\n\t<meta property=\"og:image:type\" content=\"image\/webp\" \/>\n<meta name=\"twitter:card\" content=\"summary_large_image\" \/>\n<meta name=\"twitter:label1\" content=\"Estimated reading time\" \/>\n\t<meta name=\"twitter:data1\" content=\"1 minute\" \/>\n<script type=\"application\/ld+json\" class=\"yoast-schema-graph\">{\"@context\":\"https:\/\/schema.org\",\"@graph\":[{\"@type\":\"WebPage\",\"@id\":\"https:\/\/skaitytaknyga.lt\/produktas\/malunu-gatve-be-malunu\/\",\"url\":\"https:\/\/skaitytaknyga.lt\/produktas\/malunu-gatve-be-malunu\/\",\"name\":\"Mal\u016bn\u0173 gatv\u0117 be mal\u016bn\u0173\",\"isPartOf\":{\"@id\":\"https:\/\/skaitytaknyga.lt\/#website\"},\"primaryImageOfPage\":{\"@id\":\"https:\/\/skaitytaknyga.lt\/produktas\/malunu-gatve-be-malunu\/#primaryimage\"},\"image\":{\"@id\":\"https:\/\/skaitytaknyga.lt\/produktas\/malunu-gatve-be-malunu\/#primaryimage\"},\"thumbnailUrl\":\"https:\/\/skaitytaknyga.lt\/wp-content\/uploads\/2026\/03\/Malunu-gatve-be-malunu.-Jurgis-Kuncinas.webp\",\"datePublished\":\"2026-03-11T08:57:00+00:00\",\"dateModified\":\"2026-03-18T17:38:23+00:00\",\"description\":\"Jurgis Kun\u010dinas (1947\u20132002) \u2013 vienas ry\u0161kiausi\u0173 ir charizmati\u0161kiausi\u0173 XX a. pabaigos lietuvi\u0173 ra\u0161ytoj\u0173, itin universalus k\u016br\u0117jas \u2013 prozininkas, poetas,\",\"breadcrumb\":{\"@id\":\"https:\/\/skaitytaknyga.lt\/produktas\/malunu-gatve-be-malunu\/#breadcrumb\"},\"inLanguage\":\"en-GB\",\"potentialAction\":[{\"@type\":\"ReadAction\",\"target\":[\"https:\/\/skaitytaknyga.lt\/produktas\/malunu-gatve-be-malunu\/\"]}]},{\"@type\":\"ImageObject\",\"inLanguage\":\"en-GB\",\"@id\":\"https:\/\/skaitytaknyga.lt\/produktas\/malunu-gatve-be-malunu\/#primaryimage\",\"url\":\"https:\/\/skaitytaknyga.lt\/wp-content\/uploads\/2026\/03\/Malunu-gatve-be-malunu.-Jurgis-Kuncinas.webp\",\"contentUrl\":\"https:\/\/skaitytaknyga.lt\/wp-content\/uploads\/2026\/03\/Malunu-gatve-be-malunu.-Jurgis-Kuncinas.webp\",\"width\":307,\"height\":498,\"caption\":\"Mal\u016bn\u0173 gatv\u0117 be mal\u016bn\u0173. Jurgis Kun\u010dinas\"},{\"@type\":\"BreadcrumbList\",\"@id\":\"https:\/\/skaitytaknyga.lt\/produktas\/malunu-gatve-be-malunu\/#breadcrumb\",\"itemListElement\":[{\"@type\":\"ListItem\",\"position\":1,\"name\":\"Home\",\"item\":\"https:\/\/skaitytaknyga.lt\/\"},{\"@type\":\"ListItem\",\"position\":2,\"name\":\"Parduotuv\u0117\",\"item\":\"https:\/\/skaitytaknyga.lt\/knygu-parduotuve\/\"},{\"@type\":\"ListItem\",\"position\":3,\"name\":\"Mal\u016bn\u0173 gatv\u0117 be mal\u016bn\u0173\"}]},{\"@type\":\"WebSite\",\"@id\":\"https:\/\/skaitytaknyga.lt\/#website\",\"url\":\"https:\/\/skaitytaknyga.lt\/\",\"name\":\"skaitytaknyga.lt\",\"description\":\"Skaitytaknyga.lt \u2013 tai ma\u017eas \u0161eimos verslas, kuris prasid\u0117jo nuo meil\u0117s knygoms ir siekio i\u0161gelb\u0117ti knygas nuo likimo prie konteinerio. Kas vienam nereikalingas daiktas \u2013 kitam lobis, o mes esame tarpininkai, kurie padeda abiems tapti laimingesniems ???? \u017dinome kaip nelengva i\u0161gyventi ma\u017eiems verslams, tad nuo \u0161iol, \u010dia rasite ir kit\u0173, ma\u017e\u0173 \u0161eim\u0173 versl\u0173, rank\u0173 darbo, dovan\u0173 sau ir artimiesiems.\",\"publisher\":{\"@id\":\"https:\/\/skaitytaknyga.lt\/#organization\"},\"potentialAction\":[{\"@type\":\"SearchAction\",\"target\":{\"@type\":\"EntryPoint\",\"urlTemplate\":\"https:\/\/skaitytaknyga.lt\/?s={search_term_string}\"},\"query-input\":{\"@type\":\"PropertyValueSpecification\",\"valueRequired\":true,\"valueName\":\"search_term_string\"}}],\"inLanguage\":\"en-GB\"},{\"@type\":\"Organization\",\"@id\":\"https:\/\/skaitytaknyga.lt\/#organization\",\"name\":\"skaitytaknyga.lt\",\"url\":\"https:\/\/skaitytaknyga.lt\/\",\"logo\":{\"@type\":\"ImageObject\",\"inLanguage\":\"en-GB\",\"@id\":\"https:\/\/skaitytaknyga.lt\/#\/schema\/logo\/image\/\",\"url\":\"https:\/\/skaitytaknyga.lt\/wp-content\/uploads\/2024\/05\/cropped-cropped-cropped-02_00843_jt3bggkj1j3HLc7SyY6rEUpg.jpeg\",\"contentUrl\":\"https:\/\/skaitytaknyga.lt\/wp-content\/uploads\/2024\/05\/cropped-cropped-cropped-02_00843_jt3bggkj1j3HLc7SyY6rEUpg.jpeg\",\"width\":1600,\"height\":1600,\"caption\":\"skaitytaknyga.lt\"},\"image\":{\"@id\":\"https:\/\/skaitytaknyga.lt\/#\/schema\/logo\/image\/\"},\"sameAs\":[\"https:\/\/www.facebook.com\/skaitytaknyga\/\"]}]}<\/script>\n<!-- \/ Yoast SEO plugin. -->","yoast_head_json":{"title":"Mal\u016bn\u0173 gatv\u0117 be mal\u016bn\u0173","description":"Jurgis Kun\u010dinas (1947\u20132002) \u2013 vienas ry\u0161kiausi\u0173 ir charizmati\u0161kiausi\u0173 XX a. pabaigos lietuvi\u0173 ra\u0161ytoj\u0173, itin universalus k\u016br\u0117jas \u2013 prozininkas, poetas,","robots":{"index":"index","follow":"follow","max-snippet":"max-snippet:-1","max-image-preview":"max-image-preview:large","max-video-preview":"max-video-preview:-1"},"canonical":"https:\/\/skaitytaknyga.lt\/en\/produktas\/malunu-gatve-be-malunu\/","og_locale":"en_GB","og_type":"article","og_title":"[:lt]Mal\u016bn\u0173 gatv\u0117 be mal\u016bn\u0173[:] - Skaitytaknyga","og_description":"Jurgis Kun\u010dinas (1947\u20132002) \u2013 vienas ry\u0161kiausi\u0173 ir charizmati\u0161kiausi\u0173 XX a. pabaigos lietuvi\u0173 ra\u0161ytoj\u0173, itin universalus k\u016br\u0117jas \u2013 prozininkas, poetas,","og_url":"https:\/\/skaitytaknyga.lt\/en\/produktas\/malunu-gatve-be-malunu\/","og_site_name":"Skaitytaknyga","article_publisher":"https:\/\/www.facebook.com\/skaitytaknyga\/","article_modified_time":"2026-03-18T17:38:23+00:00","og_image":[{"width":307,"height":498,"url":"https:\/\/skaitytaknyga.lt\/wp-content\/uploads\/2026\/03\/Malunu-gatve-be-malunu.-Jurgis-Kuncinas.webp","type":"image\/webp"}],"twitter_card":"summary_large_image","twitter_misc":{"Estimated reading time":"1 minute"},"schema":{"@context":"https:\/\/schema.org","@graph":[{"@type":"WebPage","@id":"https:\/\/skaitytaknyga.lt\/produktas\/malunu-gatve-be-malunu\/","url":"https:\/\/skaitytaknyga.lt\/produktas\/malunu-gatve-be-malunu\/","name":"Mal\u016bn\u0173 gatv\u0117 be mal\u016bn\u0173","isPartOf":{"@id":"https:\/\/skaitytaknyga.lt\/#website"},"primaryImageOfPage":{"@id":"https:\/\/skaitytaknyga.lt\/produktas\/malunu-gatve-be-malunu\/#primaryimage"},"image":{"@id":"https:\/\/skaitytaknyga.lt\/produktas\/malunu-gatve-be-malunu\/#primaryimage"},"thumbnailUrl":"https:\/\/skaitytaknyga.lt\/wp-content\/uploads\/2026\/03\/Malunu-gatve-be-malunu.-Jurgis-Kuncinas.webp","datePublished":"2026-03-11T08:57:00+00:00","dateModified":"2026-03-18T17:38:23+00:00","description":"Jurgis Kun\u010dinas (1947\u20132002) \u2013 vienas ry\u0161kiausi\u0173 ir charizmati\u0161kiausi\u0173 XX a. pabaigos lietuvi\u0173 ra\u0161ytoj\u0173, itin universalus k\u016br\u0117jas \u2013 prozininkas, poetas,","breadcrumb":{"@id":"https:\/\/skaitytaknyga.lt\/produktas\/malunu-gatve-be-malunu\/#breadcrumb"},"inLanguage":"en-GB","potentialAction":[{"@type":"ReadAction","target":["https:\/\/skaitytaknyga.lt\/produktas\/malunu-gatve-be-malunu\/"]}]},{"@type":"ImageObject","inLanguage":"en-GB","@id":"https:\/\/skaitytaknyga.lt\/produktas\/malunu-gatve-be-malunu\/#primaryimage","url":"https:\/\/skaitytaknyga.lt\/wp-content\/uploads\/2026\/03\/Malunu-gatve-be-malunu.-Jurgis-Kuncinas.webp","contentUrl":"https:\/\/skaitytaknyga.lt\/wp-content\/uploads\/2026\/03\/Malunu-gatve-be-malunu.-Jurgis-Kuncinas.webp","width":307,"height":498,"caption":"Mal\u016bn\u0173 gatv\u0117 be mal\u016bn\u0173. Jurgis Kun\u010dinas"},{"@type":"BreadcrumbList","@id":"https:\/\/skaitytaknyga.lt\/produktas\/malunu-gatve-be-malunu\/#breadcrumb","itemListElement":[{"@type":"ListItem","position":1,"name":"Home","item":"https:\/\/skaitytaknyga.lt\/"},{"@type":"ListItem","position":2,"name":"Parduotuv\u0117","item":"https:\/\/skaitytaknyga.lt\/knygu-parduotuve\/"},{"@type":"ListItem","position":3,"name":"Mal\u016bn\u0173 gatv\u0117 be mal\u016bn\u0173"}]},{"@type":"WebSite","@id":"https:\/\/skaitytaknyga.lt\/#website","url":"https:\/\/skaitytaknyga.lt\/","name":"skaitytaknyga.lt","description":"Skaitytaknyga.lt \u2013 tai ma\u017eas \u0161eimos verslas, kuris prasid\u0117jo nuo meil\u0117s knygoms ir siekio i\u0161gelb\u0117ti knygas nuo likimo prie konteinerio. Kas vienam nereikalingas daiktas \u2013 kitam lobis, o mes esame tarpininkai, kurie padeda abiems tapti laimingesniems ???? \u017dinome kaip nelengva i\u0161gyventi ma\u017eiems verslams, tad nuo \u0161iol, \u010dia rasite ir kit\u0173, ma\u017e\u0173 \u0161eim\u0173 versl\u0173, rank\u0173 darbo, dovan\u0173 sau ir artimiesiems.","publisher":{"@id":"https:\/\/skaitytaknyga.lt\/#organization"},"potentialAction":[{"@type":"SearchAction","target":{"@type":"EntryPoint","urlTemplate":"https:\/\/skaitytaknyga.lt\/?s={search_term_string}"},"query-input":{"@type":"PropertyValueSpecification","valueRequired":true,"valueName":"search_term_string"}}],"inLanguage":"en-GB"},{"@type":"Organization","@id":"https:\/\/skaitytaknyga.lt\/#organization","name":"skaitytaknyga.lt","url":"https:\/\/skaitytaknyga.lt\/","logo":{"@type":"ImageObject","inLanguage":"en-GB","@id":"https:\/\/skaitytaknyga.lt\/#\/schema\/logo\/image\/","url":"https:\/\/skaitytaknyga.lt\/wp-content\/uploads\/2024\/05\/cropped-cropped-cropped-02_00843_jt3bggkj1j3HLc7SyY6rEUpg.jpeg","contentUrl":"https:\/\/skaitytaknyga.lt\/wp-content\/uploads\/2024\/05\/cropped-cropped-cropped-02_00843_jt3bggkj1j3HLc7SyY6rEUpg.jpeg","width":1600,"height":1600,"caption":"skaitytaknyga.lt"},"image":{"@id":"https:\/\/skaitytaknyga.lt\/#\/schema\/logo\/image\/"},"sameAs":["https:\/\/www.facebook.com\/skaitytaknyga\/"]}]}},"_links":{"self":[{"href":"https:\/\/skaitytaknyga.lt\/en\/wp-json\/wp\/v2\/product\/24680","targetHints":{"allow":["GET"]}}],"collection":[{"href":"https:\/\/skaitytaknyga.lt\/en\/wp-json\/wp\/v2\/product"}],"about":[{"href":"https:\/\/skaitytaknyga.lt\/en\/wp-json\/wp\/v2\/types\/product"}],"replies":[{"embeddable":true,"href":"https:\/\/skaitytaknyga.lt\/en\/wp-json\/wp\/v2\/comments?post=24680"}],"wp:featuredmedia":[{"embeddable":true,"href":"https:\/\/skaitytaknyga.lt\/en\/wp-json\/wp\/v2\/media\/24685"}],"wp:attachment":[{"href":"https:\/\/skaitytaknyga.lt\/en\/wp-json\/wp\/v2\/media?parent=24680"}],"wp:term":[{"taxonomy":"product_brand","embeddable":true,"href":"https:\/\/skaitytaknyga.lt\/en\/wp-json\/wp\/v2\/product_brand?post=24680"},{"taxonomy":"product_cat","embeddable":true,"href":"https:\/\/skaitytaknyga.lt\/en\/wp-json\/wp\/v2\/product_cat?post=24680"},{"taxonomy":"product_tag","embeddable":true,"href":"https:\/\/skaitytaknyga.lt\/en\/wp-json\/wp\/v2\/product_tag?post=24680"}],"curies":[{"name":"wp","href":"https:\/\/api.w.org\/{rel}","templated":true}]}}