{"id":24679,"date":"2026-03-11T10:56:59","date_gmt":"2026-03-11T08:56:59","guid":{"rendered":"https:\/\/skaitytaknyga.lt\/?post_type=product&#038;p=24679"},"modified":"2026-03-18T14:59:37","modified_gmt":"2026-03-18T12:59:37","slug":"teroras-1940-1958-m","status":"publish","type":"product","link":"https:\/\/skaitytaknyga.lt\/en\/produktas\/teroras-1940-1958-m\/","title":{"rendered":"Teroras 1940 &#8211; 1958 m."},"content":{"rendered":"<p>Nuo 1940 m. lietuvi\u0173 tauta patyr\u0117 dideli\u0173 sukr\u0117tim\u0173: nepriklausoma valstyb\u0117 buvo okupuota, vienas kit\u0105 kei\u010diantys okupantai vykd\u0117 Lietuvos gyventoj\u0173 naikinimo politik\u0105.<\/p>\n<p>Naci\u0173 nusikaltimai buvo \u012fvertinti ir tarptautiniu mastu pasmerkti, o \u0161tai sovietinis \u017emoni\u0173 naikinimas teisminio vertinimo d\u0117l genocido ir karo nusikaltim\u0173 naikinant rezistentus ar nusikaltim\u0173 \u017emoni\u0161kumui sulaukia tik kai kuriose Ryt\u0173 Europos valstyb\u0117se, i\u0161sivadavusiose i\u0161 Soviet\u0173 S\u0105jungos priespaudos. Vie\u0161o tarptautinio tribunolo komunistiniai nusikaltimai nesulauk\u0117, nors nuo \u0161i\u0173 nusikaltim\u0173 nukent\u0117jusi\u0173 asmen\u0173 organizacijos ir jaunos Europos demokratijos palaik\u0117 visuomenines iniciatyvas teisi\u0161kai \u0161iuos nusikaltimus \u012fvertinti. Knygos autorius teroro tema domisi daugiau nei du de\u0161imtme\u010dius. Remdamasis atliktais istorijos tyrimais, gausiais naujais archyviniais \u0161altiniais ir naujausiomis mokslin\u0117mis studijomis, Lietuvoje ir Rusijoje turimais archyviniais dokumentais (kai kurie j\u0173 Rusijoje v\u0117l neprieinami tyr\u0117jams), liudytoj\u0173 prisiminimais pasakoja apie baisius nusikaltimus. Tyrimas patvirtino blogiausias prognozes \u2013 kas tre\u010dias suaug\u0119s lietuvis yra tap\u0119s sovietini\u0173 okupant\u0173 vykdyto genocido ir teroro auka. Knygoje taip pat skelbiamos Lietuvos genocido auk\u0173, Tremties ir rezistencijos, Utenos kra\u0161totyros muziejuose, Lietuvos centriniame archyve, Lietuvos ypatingajame archyve, Rusijos Federacijos valstybiniame archyve ir Rusijos valstybiniame karo archyve atrinktos nuotraukos ir dokumentai.<\/p>\n","protected":false},"excerpt":{"rendered":"<p>Nuo 1940 m. lietuvi\u0173 tauta patyr\u0117 dideli\u0173 sukr\u0117tim\u0173: nepriklausoma valstyb\u0117 buvo okupuota, vienas kit\u0105 kei\u010diantys okupantai vykd\u0117 Lietuvos gyventoj\u0173 naikinimo politik\u0105. Naci\u0173 nusikaltimai buvo \u012fvertinti ir tarptautiniu mastu pasmerkti, o \u0161tai sovietinis \u017emoni\u0173 naikinimas teisminio vertinimo d\u0117l genocido ir karo nusikaltim\u0173 naikinant rezistentus ar nusikaltim\u0173 \u017emoni\u0161kumui sulaukia tik kai kuriose Ryt\u0173 Europos valstyb\u0117se, i\u0161sivadavusiose i\u0161 Soviet\u0173 S\u0105jungos priespaudos. Vie\u0161o tarptautinio tribunolo komunistiniai nusikaltimai nesulauk\u0117, nors nuo \u0161i\u0173 nusikaltim\u0173 nukent\u0117jusi\u0173 asmen\u0173 organizacijos ir jaunos Europos demokratijos palaik\u0117 visuomenines iniciatyvas teisi\u0161kai \u0161iuos nusikaltimus \u012fvertinti. Knygos autorius teroro tema domisi daugiau nei du de\u0161imtme\u010dius. Remdamasis atliktais istorijos tyrimais, gausiais naujais archyviniais \u0161altiniais ir naujausiomis mokslin\u0117mis studijomis, Lietuvoje ir Rusijoje turimais archyviniais dokumentais (kai kurie j\u0173 Rusijoje v\u0117l neprieinami tyr\u0117jams), liudytoj\u0173 prisiminimais pasakoja apie baisius nusikaltimus. Tyrimas patvirtino blogiausias prognozes \u2013 kas tre\u010dias suaug\u0119s lietuvis yra tap\u0119s sovietini\u0173 okupant\u0173 vykdyto genocido ir teroro auka. Knygoje taip pat skelbiamos Lietuvos genocido auk\u0173, Tremties ir rezistencijos, Utenos kra\u0161totyros muziejuose, Lietuvos centriniame archyve, Lietuvos ypatingajame archyve, Rusijos Federacijos valstybiniame archyve ir Rusijos valstybiniame karo archyve atrinktos nuotraukos ir dokumentai.<\/p>\n","protected":false},"featured_media":24684,"comment_status":"open","ping_status":"closed","template":"","meta":{"_acf_changed":false,"site-sidebar-layout":"default","site-content-layout":"","ast-site-content-layout":"default","site-content-style":"default","site-sidebar-style":"default","ast-global-header-display":"","ast-banner-title-visibility":"","ast-main-header-display":"","ast-hfb-above-header-display":"","ast-hfb-below-header-display":"","ast-hfb-mobile-header-display":"","site-post-title":"","ast-breadcrumbs-content":"","ast-featured-img":"","footer-sml-layout":"","ast-disable-related-posts":"","theme-transparent-header-meta":"","adv-header-id-meta":"","stick-header-meta":"","header-above-stick-meta":"","header-main-stick-meta":"","header-below-stick-meta":"","astra-migrate-meta-layouts":"default","ast-page-background-enabled":"default","ast-page-background-meta":{"desktop":{"background-color":"","background-image":"","background-repeat":"repeat","background-position":"center center","background-size":"auto","background-attachment":"scroll","background-type":"","background-media":"","overlay-type":"","overlay-color":"","overlay-opacity":"","overlay-gradient":""},"tablet":{"background-color":"","background-image":"","background-repeat":"repeat","background-position":"center center","background-size":"auto","background-attachment":"scroll","background-type":"","background-media":"","overlay-type":"","overlay-color":"","overlay-opacity":"","overlay-gradient":""},"mobile":{"background-color":"","background-image":"","background-repeat":"repeat","background-position":"center center","background-size":"auto","background-attachment":"scroll","background-type":"","background-media":"","overlay-type":"","overlay-color":"","overlay-opacity":"","overlay-gradient":""}},"ast-content-background-meta":{"desktop":{"background-color":"var(--ast-global-color-4)","background-image":"","background-repeat":"repeat","background-position":"center center","background-size":"auto","background-attachment":"scroll","background-type":"","background-media":"","overlay-type":"","overlay-color":"","overlay-opacity":"","overlay-gradient":""},"tablet":{"background-color":"var(--ast-global-color-4)","background-image":"","background-repeat":"repeat","background-position":"center center","background-size":"auto","background-attachment":"scroll","background-type":"","background-media":"","overlay-type":"","overlay-color":"","overlay-opacity":"","overlay-gradient":""},"mobile":{"background-color":"var(--ast-global-color-4)","background-image":"","background-repeat":"repeat","background-position":"center center","background-size":"auto","background-attachment":"scroll","background-type":"","background-media":"","overlay-type":"","overlay-color":"","overlay-opacity":"","overlay-gradient":""}}},"product_brand":[],"product_cat":[9862,174],"product_tag":[6750],"class_list":{"0":"post-24679","1":"product","2":"type-product","3":"status-publish","4":"has-post-thumbnail","6":"product_cat-lietuvos-istorija","7":"product_cat-istorija-ir-politologija","8":"product_tag-arvydas-anusauskas","9":"desktop-align-left","10":"tablet-align-left","11":"mobile-align-left","13":"first","14":"instock","15":"shipping-taxable","16":"purchasable","17":"product-type-simple"},"acf":[],"yoast_head":"<!-- This site is optimized with the Yoast SEO plugin v27.0 - https:\/\/yoast.com\/product\/yoast-seo-wordpress\/ -->\n<title>Teroras 1940 - 1958 m.<\/title>\n<meta name=\"description\" content=\"Nuo 1940 m. lietuvi\u0173 tauta patyr\u0117 dideli\u0173 sukr\u0117tim\u0173: nepriklausoma valstyb\u0117 buvo okupuota, vienas kit\u0105 kei\u010diantys okupantai vykd\u0117 Lietuvos gyventoj\u0173\" \/>\n<meta name=\"robots\" content=\"index, follow, max-snippet:-1, max-image-preview:large, max-video-preview:-1\" \/>\n<link rel=\"canonical\" href=\"https:\/\/skaitytaknyga.lt\/en\/produktas\/teroras-1940-1958-m\/\" \/>\n<meta property=\"og:locale\" content=\"en_GB\" \/>\n<meta property=\"og:locale:alternate\" content=\"lt_LT\" \/>\n<meta property=\"og:type\" content=\"article\" \/>\n<meta property=\"og:title\" content=\"Teroras 1940 - 1958 m.\" \/>\n<meta property=\"og:description\" content=\"Nuo 1940 m. lietuvi\u0173 tauta patyr\u0117 dideli\u0173 sukr\u0117tim\u0173: nepriklausoma valstyb\u0117 buvo okupuota, vienas kit\u0105 kei\u010diantys okupantai vykd\u0117 Lietuvos gyventoj\u0173\" \/>\n<meta property=\"og:url\" content=\"https:\/\/skaitytaknyga.lt\/en\/produktas\/teroras-1940-1958-m\/\" \/>\n<meta property=\"og:site_name\" content=\"Skaitytaknyga\" \/>\n<meta property=\"article:publisher\" content=\"https:\/\/www.facebook.com\/skaitytaknyga\/\" \/>\n<meta property=\"article:modified_time\" content=\"2026-03-18T12:59:37+00:00\" \/>\n<meta property=\"og:image\" content=\"https:\/\/skaitytaknyga.lt\/wp-content\/uploads\/2026\/03\/Teroras-1940-1958-m.webp\" \/>\n\t<meta property=\"og:image:width\" content=\"566\" \/>\n\t<meta property=\"og:image:height\" content=\"800\" \/>\n\t<meta property=\"og:image:type\" content=\"image\/webp\" \/>\n<meta name=\"twitter:card\" content=\"summary_large_image\" \/>\n<meta name=\"twitter:label1\" content=\"Estimated reading time\" \/>\n\t<meta name=\"twitter:data1\" content=\"1 minute\" \/>\n<script type=\"application\/ld+json\" class=\"yoast-schema-graph\">{\"@context\":\"https:\/\/schema.org\",\"@graph\":[{\"@type\":\"WebPage\",\"@id\":\"https:\/\/skaitytaknyga.lt\/produktas\/teroras-1940-1958-m\/\",\"url\":\"https:\/\/skaitytaknyga.lt\/produktas\/teroras-1940-1958-m\/\",\"name\":\"Teroras 1940 - 1958 m.\",\"isPartOf\":{\"@id\":\"https:\/\/skaitytaknyga.lt\/#website\"},\"primaryImageOfPage\":{\"@id\":\"https:\/\/skaitytaknyga.lt\/produktas\/teroras-1940-1958-m\/#primaryimage\"},\"image\":{\"@id\":\"https:\/\/skaitytaknyga.lt\/produktas\/teroras-1940-1958-m\/#primaryimage\"},\"thumbnailUrl\":\"https:\/\/skaitytaknyga.lt\/wp-content\/uploads\/2026\/03\/Teroras-1940-1958-m.webp\",\"datePublished\":\"2026-03-11T08:56:59+00:00\",\"dateModified\":\"2026-03-18T12:59:37+00:00\",\"description\":\"Nuo 1940 m. lietuvi\u0173 tauta patyr\u0117 dideli\u0173 sukr\u0117tim\u0173: nepriklausoma valstyb\u0117 buvo okupuota, vienas kit\u0105 kei\u010diantys okupantai vykd\u0117 Lietuvos gyventoj\u0173\",\"breadcrumb\":{\"@id\":\"https:\/\/skaitytaknyga.lt\/produktas\/teroras-1940-1958-m\/#breadcrumb\"},\"inLanguage\":\"en-GB\",\"potentialAction\":[{\"@type\":\"ReadAction\",\"target\":[\"https:\/\/skaitytaknyga.lt\/produktas\/teroras-1940-1958-m\/\"]}]},{\"@type\":\"ImageObject\",\"inLanguage\":\"en-GB\",\"@id\":\"https:\/\/skaitytaknyga.lt\/produktas\/teroras-1940-1958-m\/#primaryimage\",\"url\":\"https:\/\/skaitytaknyga.lt\/wp-content\/uploads\/2026\/03\/Teroras-1940-1958-m.webp\",\"contentUrl\":\"https:\/\/skaitytaknyga.lt\/wp-content\/uploads\/2026\/03\/Teroras-1940-1958-m.webp\",\"width\":566,\"height\":800,\"caption\":\"Teroras 1940 1958 m.\"},{\"@type\":\"BreadcrumbList\",\"@id\":\"https:\/\/skaitytaknyga.lt\/produktas\/teroras-1940-1958-m\/#breadcrumb\",\"itemListElement\":[{\"@type\":\"ListItem\",\"position\":1,\"name\":\"Home\",\"item\":\"https:\/\/skaitytaknyga.lt\/\"},{\"@type\":\"ListItem\",\"position\":2,\"name\":\"Parduotuv\u0117\",\"item\":\"https:\/\/skaitytaknyga.lt\/knygu-parduotuve\/\"},{\"@type\":\"ListItem\",\"position\":3,\"name\":\"Teroras 1940 &#8211; 1958 m.\"}]},{\"@type\":\"WebSite\",\"@id\":\"https:\/\/skaitytaknyga.lt\/#website\",\"url\":\"https:\/\/skaitytaknyga.lt\/\",\"name\":\"skaitytaknyga.lt\",\"description\":\"Skaitytaknyga.lt \u2013 tai ma\u017eas \u0161eimos verslas, kuris prasid\u0117jo nuo meil\u0117s knygoms ir siekio i\u0161gelb\u0117ti knygas nuo likimo prie konteinerio. Kas vienam nereikalingas daiktas \u2013 kitam lobis, o mes esame tarpininkai, kurie padeda abiems tapti laimingesniems ???? \u017dinome kaip nelengva i\u0161gyventi ma\u017eiems verslams, tad nuo \u0161iol, \u010dia rasite ir kit\u0173, ma\u017e\u0173 \u0161eim\u0173 versl\u0173, rank\u0173 darbo, dovan\u0173 sau ir artimiesiems.\",\"publisher\":{\"@id\":\"https:\/\/skaitytaknyga.lt\/#organization\"},\"potentialAction\":[{\"@type\":\"SearchAction\",\"target\":{\"@type\":\"EntryPoint\",\"urlTemplate\":\"https:\/\/skaitytaknyga.lt\/?s={search_term_string}\"},\"query-input\":{\"@type\":\"PropertyValueSpecification\",\"valueRequired\":true,\"valueName\":\"search_term_string\"}}],\"inLanguage\":\"en-GB\"},{\"@type\":\"Organization\",\"@id\":\"https:\/\/skaitytaknyga.lt\/#organization\",\"name\":\"skaitytaknyga.lt\",\"url\":\"https:\/\/skaitytaknyga.lt\/\",\"logo\":{\"@type\":\"ImageObject\",\"inLanguage\":\"en-GB\",\"@id\":\"https:\/\/skaitytaknyga.lt\/#\/schema\/logo\/image\/\",\"url\":\"https:\/\/skaitytaknyga.lt\/wp-content\/uploads\/2024\/05\/cropped-cropped-cropped-02_00843_jt3bggkj1j3HLc7SyY6rEUpg.jpeg\",\"contentUrl\":\"https:\/\/skaitytaknyga.lt\/wp-content\/uploads\/2024\/05\/cropped-cropped-cropped-02_00843_jt3bggkj1j3HLc7SyY6rEUpg.jpeg\",\"width\":1600,\"height\":1600,\"caption\":\"skaitytaknyga.lt\"},\"image\":{\"@id\":\"https:\/\/skaitytaknyga.lt\/#\/schema\/logo\/image\/\"},\"sameAs\":[\"https:\/\/www.facebook.com\/skaitytaknyga\/\"]}]}<\/script>\n<!-- \/ Yoast SEO plugin. -->","yoast_head_json":{"title":"Teroras 1940 - 1958 m.","description":"Nuo 1940 m. lietuvi\u0173 tauta patyr\u0117 dideli\u0173 sukr\u0117tim\u0173: nepriklausoma valstyb\u0117 buvo okupuota, vienas kit\u0105 kei\u010diantys okupantai vykd\u0117 Lietuvos gyventoj\u0173","robots":{"index":"index","follow":"follow","max-snippet":"max-snippet:-1","max-image-preview":"max-image-preview:large","max-video-preview":"max-video-preview:-1"},"canonical":"https:\/\/skaitytaknyga.lt\/en\/produktas\/teroras-1940-1958-m\/","og_locale":"en_GB","og_type":"article","og_title":"[:lt]Teroras 1940 - 1958 m.[:] - Skaitytaknyga","og_description":"Nuo 1940 m. lietuvi\u0173 tauta patyr\u0117 dideli\u0173 sukr\u0117tim\u0173: nepriklausoma valstyb\u0117 buvo okupuota, vienas kit\u0105 kei\u010diantys okupantai vykd\u0117 Lietuvos gyventoj\u0173","og_url":"https:\/\/skaitytaknyga.lt\/en\/produktas\/teroras-1940-1958-m\/","og_site_name":"Skaitytaknyga","article_publisher":"https:\/\/www.facebook.com\/skaitytaknyga\/","article_modified_time":"2026-03-18T12:59:37+00:00","og_image":[{"width":566,"height":800,"url":"https:\/\/skaitytaknyga.lt\/wp-content\/uploads\/2026\/03\/Teroras-1940-1958-m.webp","type":"image\/webp"}],"twitter_card":"summary_large_image","twitter_misc":{"Estimated reading time":"1 minute"},"schema":{"@context":"https:\/\/schema.org","@graph":[{"@type":"WebPage","@id":"https:\/\/skaitytaknyga.lt\/produktas\/teroras-1940-1958-m\/","url":"https:\/\/skaitytaknyga.lt\/produktas\/teroras-1940-1958-m\/","name":"Teroras 1940 - 1958 m.","isPartOf":{"@id":"https:\/\/skaitytaknyga.lt\/#website"},"primaryImageOfPage":{"@id":"https:\/\/skaitytaknyga.lt\/produktas\/teroras-1940-1958-m\/#primaryimage"},"image":{"@id":"https:\/\/skaitytaknyga.lt\/produktas\/teroras-1940-1958-m\/#primaryimage"},"thumbnailUrl":"https:\/\/skaitytaknyga.lt\/wp-content\/uploads\/2026\/03\/Teroras-1940-1958-m.webp","datePublished":"2026-03-11T08:56:59+00:00","dateModified":"2026-03-18T12:59:37+00:00","description":"Nuo 1940 m. lietuvi\u0173 tauta patyr\u0117 dideli\u0173 sukr\u0117tim\u0173: nepriklausoma valstyb\u0117 buvo okupuota, vienas kit\u0105 kei\u010diantys okupantai vykd\u0117 Lietuvos gyventoj\u0173","breadcrumb":{"@id":"https:\/\/skaitytaknyga.lt\/produktas\/teroras-1940-1958-m\/#breadcrumb"},"inLanguage":"en-GB","potentialAction":[{"@type":"ReadAction","target":["https:\/\/skaitytaknyga.lt\/produktas\/teroras-1940-1958-m\/"]}]},{"@type":"ImageObject","inLanguage":"en-GB","@id":"https:\/\/skaitytaknyga.lt\/produktas\/teroras-1940-1958-m\/#primaryimage","url":"https:\/\/skaitytaknyga.lt\/wp-content\/uploads\/2026\/03\/Teroras-1940-1958-m.webp","contentUrl":"https:\/\/skaitytaknyga.lt\/wp-content\/uploads\/2026\/03\/Teroras-1940-1958-m.webp","width":566,"height":800,"caption":"Teroras 1940 1958 m."},{"@type":"BreadcrumbList","@id":"https:\/\/skaitytaknyga.lt\/produktas\/teroras-1940-1958-m\/#breadcrumb","itemListElement":[{"@type":"ListItem","position":1,"name":"Home","item":"https:\/\/skaitytaknyga.lt\/"},{"@type":"ListItem","position":2,"name":"Parduotuv\u0117","item":"https:\/\/skaitytaknyga.lt\/knygu-parduotuve\/"},{"@type":"ListItem","position":3,"name":"Teroras 1940 &#8211; 1958 m."}]},{"@type":"WebSite","@id":"https:\/\/skaitytaknyga.lt\/#website","url":"https:\/\/skaitytaknyga.lt\/","name":"skaitytaknyga.lt","description":"Skaitytaknyga.lt \u2013 tai ma\u017eas \u0161eimos verslas, kuris prasid\u0117jo nuo meil\u0117s knygoms ir siekio i\u0161gelb\u0117ti knygas nuo likimo prie konteinerio. Kas vienam nereikalingas daiktas \u2013 kitam lobis, o mes esame tarpininkai, kurie padeda abiems tapti laimingesniems ???? \u017dinome kaip nelengva i\u0161gyventi ma\u017eiems verslams, tad nuo \u0161iol, \u010dia rasite ir kit\u0173, ma\u017e\u0173 \u0161eim\u0173 versl\u0173, rank\u0173 darbo, dovan\u0173 sau ir artimiesiems.","publisher":{"@id":"https:\/\/skaitytaknyga.lt\/#organization"},"potentialAction":[{"@type":"SearchAction","target":{"@type":"EntryPoint","urlTemplate":"https:\/\/skaitytaknyga.lt\/?s={search_term_string}"},"query-input":{"@type":"PropertyValueSpecification","valueRequired":true,"valueName":"search_term_string"}}],"inLanguage":"en-GB"},{"@type":"Organization","@id":"https:\/\/skaitytaknyga.lt\/#organization","name":"skaitytaknyga.lt","url":"https:\/\/skaitytaknyga.lt\/","logo":{"@type":"ImageObject","inLanguage":"en-GB","@id":"https:\/\/skaitytaknyga.lt\/#\/schema\/logo\/image\/","url":"https:\/\/skaitytaknyga.lt\/wp-content\/uploads\/2024\/05\/cropped-cropped-cropped-02_00843_jt3bggkj1j3HLc7SyY6rEUpg.jpeg","contentUrl":"https:\/\/skaitytaknyga.lt\/wp-content\/uploads\/2024\/05\/cropped-cropped-cropped-02_00843_jt3bggkj1j3HLc7SyY6rEUpg.jpeg","width":1600,"height":1600,"caption":"skaitytaknyga.lt"},"image":{"@id":"https:\/\/skaitytaknyga.lt\/#\/schema\/logo\/image\/"},"sameAs":["https:\/\/www.facebook.com\/skaitytaknyga\/"]}]}},"_links":{"self":[{"href":"https:\/\/skaitytaknyga.lt\/en\/wp-json\/wp\/v2\/product\/24679","targetHints":{"allow":["GET"]}}],"collection":[{"href":"https:\/\/skaitytaknyga.lt\/en\/wp-json\/wp\/v2\/product"}],"about":[{"href":"https:\/\/skaitytaknyga.lt\/en\/wp-json\/wp\/v2\/types\/product"}],"replies":[{"embeddable":true,"href":"https:\/\/skaitytaknyga.lt\/en\/wp-json\/wp\/v2\/comments?post=24679"}],"wp:featuredmedia":[{"embeddable":true,"href":"https:\/\/skaitytaknyga.lt\/en\/wp-json\/wp\/v2\/media\/24684"}],"wp:attachment":[{"href":"https:\/\/skaitytaknyga.lt\/en\/wp-json\/wp\/v2\/media?parent=24679"}],"wp:term":[{"taxonomy":"product_brand","embeddable":true,"href":"https:\/\/skaitytaknyga.lt\/en\/wp-json\/wp\/v2\/product_brand?post=24679"},{"taxonomy":"product_cat","embeddable":true,"href":"https:\/\/skaitytaknyga.lt\/en\/wp-json\/wp\/v2\/product_cat?post=24679"},{"taxonomy":"product_tag","embeddable":true,"href":"https:\/\/skaitytaknyga.lt\/en\/wp-json\/wp\/v2\/product_tag?post=24679"}],"curies":[{"name":"wp","href":"https:\/\/api.w.org\/{rel}","templated":true}]}}