{"id":24677,"date":"2026-03-11T10:56:58","date_gmt":"2026-03-11T08:56:58","guid":{"rendered":"https:\/\/skaitytaknyga.lt\/?post_type=product&#038;p=24677"},"modified":"2026-03-11T11:02:42","modified_gmt":"2026-03-11T09:02:42","slug":"hitas","status":"publish","type":"product","link":"https:\/\/skaitytaknyga.lt\/en\/produktas\/hitas\/","title":{"rendered":"Hitas"},"content":{"rendered":"<p>Nedr\u012fsk galvoti; tu tiek daug jauti, tau taip gera ir taip baisu, tu taip trok\u0161ti gyventi, nors to nebus. Gyvyb\u0117 tiesiog ver\u017eiasi pro pir\u0161t\u0173 galiukus, ir jeigu kas nors dabar pat prieit\u0173 ir pasi\u016blyt\u0173 gr\u0105\u017einti tau gyvenim\u0105, bet niekada nebeleist\u0173 patirti \u0161io jausmo, k\u0105 atsakytum?<\/p>\n<p>Mieste \u017eaibo greitumu sklinda gandas \u2013 i\u0161rastas naujas narkotikas. Jis dovanoja savait\u0119 tobulo gyvenimo, o tada, visi kalba&#8230; ateina mirtis.<\/p>\n<p>Lizei ir Adamui \u2013 septyniolika, jie lyg ir myli vienas kit\u0105 ir abu turi svaiginan\u010di\u0173 plan\u0173. Deja, per nelemt\u0105 nesusipratim\u0105 juodu \u012fsivelia \u012f mirtinai pavojingus \u012fvykius.<\/p>\n<p>\u017dinoma, tai susij\u0119 su naujuoju narkotiku.<\/p>\n<p>Prasideda kvap\u0105 gniau\u017eian\u010dios lenktyn\u0117s su laiku.<\/p>\n<p>Knygos \u201eHitas\u201c id\u0117j\u0105 Melvinui Burgessui pasi\u016bl\u0117 jo leid\u0117jas \u2013 papasakojo apie vieno filosofijos mokytojo ir jo mokini\u0173 diskusij\u0105 apie menamai i\u0161rast\u0105 nauj\u0105 narkotik\u0105, suteikiant\u012f septynias dienas tobulos palaimos ir galiausiai nu\u017eudant\u012f.<\/p>\n<p>Knygos persona\u017eai gauna prog\u0105 i\u0161m\u0117ginti tokio narkotiko poveik\u012f ir vos ne per v\u0117lai supranta \u2013  vienintel\u0117 vertyb\u0117 yra pats gyvenimas.<\/p>\n","protected":false},"excerpt":{"rendered":"<p>Nedr\u012fsk galvoti; tu tiek daug jauti, tau taip gera ir taip baisu, tu taip trok\u0161ti gyventi, nors to nebus. Gyvyb\u0117 tiesiog ver\u017eiasi pro pir\u0161t\u0173 galiukus, ir jeigu kas nors dabar pat prieit\u0173 ir pasi\u016blyt\u0173 gr\u0105\u017einti tau gyvenim\u0105, bet niekada nebeleist\u0173 patirti \u0161io jausmo, k\u0105 atsakytum? Mieste \u017eaibo greitumu sklinda gandas \u2013 i\u0161rastas naujas narkotikas. Jis dovanoja savait\u0119 tobulo gyvenimo, o tada, visi kalba&#8230; ateina mirtis. Lizei ir Adamui \u2013 septyniolika, jie lyg ir myli vienas kit\u0105 ir abu turi svaiginan\u010di\u0173 plan\u0173. Deja, per nelemt\u0105 nesusipratim\u0105 juodu \u012fsivelia \u012f mirtinai pavojingus \u012fvykius. \u017dinoma, tai susij\u0119 su naujuoju narkotiku. Prasideda kvap\u0105 gniau\u017eian\u010dios lenktyn\u0117s su laiku. Knygos \u201eHitas\u201c id\u0117j\u0105 Melvinui Burgessui pasi\u016bl\u0117 jo leid\u0117jas \u2013 papasakojo apie vieno filosofijos mokytojo ir jo mokini\u0173 diskusij\u0105 apie menamai i\u0161rast\u0105 nauj\u0105 narkotik\u0105, suteikiant\u012f septynias dienas tobulos palaimos ir galiausiai nu\u017eudant\u012f. Knygos persona\u017eai gauna prog\u0105 i\u0161m\u0117ginti tokio narkotiko poveik\u012f ir vos ne per v\u0117lai supranta \u2013 vienintel\u0117 vertyb\u0117 yra pats gyvenimas.<\/p>\n","protected":false},"featured_media":24682,"comment_status":"open","ping_status":"closed","template":"","meta":{"_acf_changed":false,"site-sidebar-layout":"default","site-content-layout":"","ast-site-content-layout":"default","site-content-style":"default","site-sidebar-style":"default","ast-global-header-display":"","ast-banner-title-visibility":"","ast-main-header-display":"","ast-hfb-above-header-display":"","ast-hfb-below-header-display":"","ast-hfb-mobile-header-display":"","site-post-title":"","ast-breadcrumbs-content":"","ast-featured-img":"","footer-sml-layout":"","ast-disable-related-posts":"","theme-transparent-header-meta":"","adv-header-id-meta":"","stick-header-meta":"","header-above-stick-meta":"","header-main-stick-meta":"","header-below-stick-meta":"","astra-migrate-meta-layouts":"default","ast-page-background-enabled":"default","ast-page-background-meta":{"desktop":{"background-color":"","background-image":"","background-repeat":"repeat","background-position":"center center","background-size":"auto","background-attachment":"scroll","background-type":"","background-media":"","overlay-type":"","overlay-color":"","overlay-opacity":"","overlay-gradient":""},"tablet":{"background-color":"","background-image":"","background-repeat":"repeat","background-position":"center center","background-size":"auto","background-attachment":"scroll","background-type":"","background-media":"","overlay-type":"","overlay-color":"","overlay-opacity":"","overlay-gradient":""},"mobile":{"background-color":"","background-image":"","background-repeat":"repeat","background-position":"center center","background-size":"auto","background-attachment":"scroll","background-type":"","background-media":"","overlay-type":"","overlay-color":"","overlay-opacity":"","overlay-gradient":""}},"ast-content-background-meta":{"desktop":{"background-color":"var(--ast-global-color-4)","background-image":"","background-repeat":"repeat","background-position":"center center","background-size":"auto","background-attachment":"scroll","background-type":"","background-media":"","overlay-type":"","overlay-color":"","overlay-opacity":"","overlay-gradient":""},"tablet":{"background-color":"var(--ast-global-color-4)","background-image":"","background-repeat":"repeat","background-position":"center center","background-size":"auto","background-attachment":"scroll","background-type":"","background-media":"","overlay-type":"","overlay-color":"","overlay-opacity":"","overlay-gradient":""},"mobile":{"background-color":"var(--ast-global-color-4)","background-image":"","background-repeat":"repeat","background-position":"center center","background-size":"auto","background-attachment":"scroll","background-type":"","background-media":"","overlay-type":"","overlay-color":"","overlay-opacity":"","overlay-gradient":""}}},"product_brand":[],"product_cat":[9676],"product_tag":[2533],"class_list":{"0":"post-24677","1":"product","2":"type-product","3":"status-publish","4":"has-post-thumbnail","6":"product_cat-paaugliams","7":"product_tag-melvin-burgess","8":"desktop-align-left","9":"tablet-align-left","10":"mobile-align-left","12":"first","13":"instock","14":"shipping-taxable","15":"purchasable","16":"product-type-simple"},"acf":[],"yoast_head":"<!-- This site is optimized with the Yoast SEO plugin v27.0 - https:\/\/yoast.com\/product\/yoast-seo-wordpress\/ -->\n<title>Hitas<\/title>\n<meta name=\"description\" content=\"Nedr\u012fsk galvoti; tu tiek daug jauti, tau taip gera ir taip baisu, tu taip trok\u0161ti gyventi, nors to nebus. Gyvyb\u0117 tiesiog ver\u017eiasi pro pir\u0161t\u0173 galiukus, ir\" \/>\n<meta name=\"robots\" content=\"index, follow, max-snippet:-1, max-image-preview:large, max-video-preview:-1\" \/>\n<link rel=\"canonical\" href=\"https:\/\/skaitytaknyga.lt\/en\/produktas\/hitas\/\" \/>\n<meta property=\"og:locale\" content=\"en_GB\" \/>\n<meta property=\"og:locale:alternate\" content=\"lt_LT\" \/>\n<meta property=\"og:type\" content=\"article\" \/>\n<meta property=\"og:title\" content=\"Hitas\" \/>\n<meta property=\"og:description\" content=\"Nedr\u012fsk galvoti; tu tiek daug jauti, tau taip gera ir taip baisu, tu taip trok\u0161ti gyventi, nors to nebus. Gyvyb\u0117 tiesiog ver\u017eiasi pro pir\u0161t\u0173 galiukus, ir\" \/>\n<meta property=\"og:url\" content=\"https:\/\/skaitytaknyga.lt\/en\/produktas\/hitas\/\" \/>\n<meta property=\"og:site_name\" content=\"Skaitytaknyga\" \/>\n<meta property=\"article:publisher\" content=\"https:\/\/www.facebook.com\/skaitytaknyga\/\" \/>\n<meta property=\"article:modified_time\" content=\"2026-03-11T09:02:42+00:00\" \/>\n<meta property=\"og:image\" content=\"https:\/\/skaitytaknyga.lt\/wp-content\/uploads\/2026\/03\/Hitas.webp\" \/>\n\t<meta property=\"og:image:width\" content=\"285\" \/>\n\t<meta property=\"og:image:height\" content=\"451\" \/>\n\t<meta property=\"og:image:type\" content=\"image\/webp\" \/>\n<meta name=\"twitter:card\" content=\"summary_large_image\" \/>\n<meta name=\"twitter:label1\" content=\"Estimated reading time\" \/>\n\t<meta name=\"twitter:data1\" content=\"1 minute\" \/>\n<script type=\"application\/ld+json\" class=\"yoast-schema-graph\">{\"@context\":\"https:\/\/schema.org\",\"@graph\":[{\"@type\":\"WebPage\",\"@id\":\"https:\/\/skaitytaknyga.lt\/produktas\/hitas\/\",\"url\":\"https:\/\/skaitytaknyga.lt\/produktas\/hitas\/\",\"name\":\"Hitas\",\"isPartOf\":{\"@id\":\"https:\/\/skaitytaknyga.lt\/#website\"},\"primaryImageOfPage\":{\"@id\":\"https:\/\/skaitytaknyga.lt\/produktas\/hitas\/#primaryimage\"},\"image\":{\"@id\":\"https:\/\/skaitytaknyga.lt\/produktas\/hitas\/#primaryimage\"},\"thumbnailUrl\":\"https:\/\/skaitytaknyga.lt\/wp-content\/uploads\/2026\/03\/Hitas.webp\",\"datePublished\":\"2026-03-11T08:56:58+00:00\",\"dateModified\":\"2026-03-11T09:02:42+00:00\",\"description\":\"Nedr\u012fsk galvoti; tu tiek daug jauti, tau taip gera ir taip baisu, tu taip trok\u0161ti gyventi, nors to nebus. Gyvyb\u0117 tiesiog ver\u017eiasi pro pir\u0161t\u0173 galiukus, ir\",\"breadcrumb\":{\"@id\":\"https:\/\/skaitytaknyga.lt\/produktas\/hitas\/#breadcrumb\"},\"inLanguage\":\"en-GB\",\"potentialAction\":[{\"@type\":\"ReadAction\",\"target\":[\"https:\/\/skaitytaknyga.lt\/produktas\/hitas\/\"]}]},{\"@type\":\"ImageObject\",\"inLanguage\":\"en-GB\",\"@id\":\"https:\/\/skaitytaknyga.lt\/produktas\/hitas\/#primaryimage\",\"url\":\"https:\/\/skaitytaknyga.lt\/wp-content\/uploads\/2026\/03\/Hitas.webp\",\"contentUrl\":\"https:\/\/skaitytaknyga.lt\/wp-content\/uploads\/2026\/03\/Hitas.webp\",\"width\":285,\"height\":451,\"caption\":\"Hitas\"},{\"@type\":\"BreadcrumbList\",\"@id\":\"https:\/\/skaitytaknyga.lt\/produktas\/hitas\/#breadcrumb\",\"itemListElement\":[{\"@type\":\"ListItem\",\"position\":1,\"name\":\"Home\",\"item\":\"https:\/\/skaitytaknyga.lt\/\"},{\"@type\":\"ListItem\",\"position\":2,\"name\":\"Parduotuv\u0117\",\"item\":\"https:\/\/skaitytaknyga.lt\/knygu-parduotuve\/\"},{\"@type\":\"ListItem\",\"position\":3,\"name\":\"Hitas\"}]},{\"@type\":\"WebSite\",\"@id\":\"https:\/\/skaitytaknyga.lt\/#website\",\"url\":\"https:\/\/skaitytaknyga.lt\/\",\"name\":\"skaitytaknyga.lt\",\"description\":\"Skaitytaknyga.lt \u2013 tai ma\u017eas \u0161eimos verslas, kuris prasid\u0117jo nuo meil\u0117s knygoms ir siekio i\u0161gelb\u0117ti knygas nuo likimo prie konteinerio. Kas vienam nereikalingas daiktas \u2013 kitam lobis, o mes esame tarpininkai, kurie padeda abiems tapti laimingesniems ???? \u017dinome kaip nelengva i\u0161gyventi ma\u017eiems verslams, tad nuo \u0161iol, \u010dia rasite ir kit\u0173, ma\u017e\u0173 \u0161eim\u0173 versl\u0173, rank\u0173 darbo, dovan\u0173 sau ir artimiesiems.\",\"publisher\":{\"@id\":\"https:\/\/skaitytaknyga.lt\/#organization\"},\"potentialAction\":[{\"@type\":\"SearchAction\",\"target\":{\"@type\":\"EntryPoint\",\"urlTemplate\":\"https:\/\/skaitytaknyga.lt\/?s={search_term_string}\"},\"query-input\":{\"@type\":\"PropertyValueSpecification\",\"valueRequired\":true,\"valueName\":\"search_term_string\"}}],\"inLanguage\":\"en-GB\"},{\"@type\":\"Organization\",\"@id\":\"https:\/\/skaitytaknyga.lt\/#organization\",\"name\":\"skaitytaknyga.lt\",\"url\":\"https:\/\/skaitytaknyga.lt\/\",\"logo\":{\"@type\":\"ImageObject\",\"inLanguage\":\"en-GB\",\"@id\":\"https:\/\/skaitytaknyga.lt\/#\/schema\/logo\/image\/\",\"url\":\"https:\/\/skaitytaknyga.lt\/wp-content\/uploads\/2024\/05\/cropped-cropped-cropped-02_00843_jt3bggkj1j3HLc7SyY6rEUpg.jpeg\",\"contentUrl\":\"https:\/\/skaitytaknyga.lt\/wp-content\/uploads\/2024\/05\/cropped-cropped-cropped-02_00843_jt3bggkj1j3HLc7SyY6rEUpg.jpeg\",\"width\":1600,\"height\":1600,\"caption\":\"skaitytaknyga.lt\"},\"image\":{\"@id\":\"https:\/\/skaitytaknyga.lt\/#\/schema\/logo\/image\/\"},\"sameAs\":[\"https:\/\/www.facebook.com\/skaitytaknyga\/\"]}]}<\/script>\n<!-- \/ Yoast SEO plugin. -->","yoast_head_json":{"title":"Hitas","description":"Nedr\u012fsk galvoti; tu tiek daug jauti, tau taip gera ir taip baisu, tu taip trok\u0161ti gyventi, nors to nebus. Gyvyb\u0117 tiesiog ver\u017eiasi pro pir\u0161t\u0173 galiukus, ir","robots":{"index":"index","follow":"follow","max-snippet":"max-snippet:-1","max-image-preview":"max-image-preview:large","max-video-preview":"max-video-preview:-1"},"canonical":"https:\/\/skaitytaknyga.lt\/en\/produktas\/hitas\/","og_locale":"en_GB","og_type":"article","og_title":"[:lt]Hitas[:] - Skaitytaknyga","og_description":"Nedr\u012fsk galvoti; tu tiek daug jauti, tau taip gera ir taip baisu, tu taip trok\u0161ti gyventi, nors to nebus. Gyvyb\u0117 tiesiog ver\u017eiasi pro pir\u0161t\u0173 galiukus, ir","og_url":"https:\/\/skaitytaknyga.lt\/en\/produktas\/hitas\/","og_site_name":"Skaitytaknyga","article_publisher":"https:\/\/www.facebook.com\/skaitytaknyga\/","article_modified_time":"2026-03-11T09:02:42+00:00","og_image":[{"width":285,"height":451,"url":"https:\/\/skaitytaknyga.lt\/wp-content\/uploads\/2026\/03\/Hitas.webp","type":"image\/webp"}],"twitter_card":"summary_large_image","twitter_misc":{"Estimated reading time":"1 minute"},"schema":{"@context":"https:\/\/schema.org","@graph":[{"@type":"WebPage","@id":"https:\/\/skaitytaknyga.lt\/produktas\/hitas\/","url":"https:\/\/skaitytaknyga.lt\/produktas\/hitas\/","name":"Hitas","isPartOf":{"@id":"https:\/\/skaitytaknyga.lt\/#website"},"primaryImageOfPage":{"@id":"https:\/\/skaitytaknyga.lt\/produktas\/hitas\/#primaryimage"},"image":{"@id":"https:\/\/skaitytaknyga.lt\/produktas\/hitas\/#primaryimage"},"thumbnailUrl":"https:\/\/skaitytaknyga.lt\/wp-content\/uploads\/2026\/03\/Hitas.webp","datePublished":"2026-03-11T08:56:58+00:00","dateModified":"2026-03-11T09:02:42+00:00","description":"Nedr\u012fsk galvoti; tu tiek daug jauti, tau taip gera ir taip baisu, tu taip trok\u0161ti gyventi, nors to nebus. Gyvyb\u0117 tiesiog ver\u017eiasi pro pir\u0161t\u0173 galiukus, ir","breadcrumb":{"@id":"https:\/\/skaitytaknyga.lt\/produktas\/hitas\/#breadcrumb"},"inLanguage":"en-GB","potentialAction":[{"@type":"ReadAction","target":["https:\/\/skaitytaknyga.lt\/produktas\/hitas\/"]}]},{"@type":"ImageObject","inLanguage":"en-GB","@id":"https:\/\/skaitytaknyga.lt\/produktas\/hitas\/#primaryimage","url":"https:\/\/skaitytaknyga.lt\/wp-content\/uploads\/2026\/03\/Hitas.webp","contentUrl":"https:\/\/skaitytaknyga.lt\/wp-content\/uploads\/2026\/03\/Hitas.webp","width":285,"height":451,"caption":"Hitas"},{"@type":"BreadcrumbList","@id":"https:\/\/skaitytaknyga.lt\/produktas\/hitas\/#breadcrumb","itemListElement":[{"@type":"ListItem","position":1,"name":"Home","item":"https:\/\/skaitytaknyga.lt\/"},{"@type":"ListItem","position":2,"name":"Parduotuv\u0117","item":"https:\/\/skaitytaknyga.lt\/knygu-parduotuve\/"},{"@type":"ListItem","position":3,"name":"Hitas"}]},{"@type":"WebSite","@id":"https:\/\/skaitytaknyga.lt\/#website","url":"https:\/\/skaitytaknyga.lt\/","name":"skaitytaknyga.lt","description":"Skaitytaknyga.lt \u2013 tai ma\u017eas \u0161eimos verslas, kuris prasid\u0117jo nuo meil\u0117s knygoms ir siekio i\u0161gelb\u0117ti knygas nuo likimo prie konteinerio. Kas vienam nereikalingas daiktas \u2013 kitam lobis, o mes esame tarpininkai, kurie padeda abiems tapti laimingesniems ???? \u017dinome kaip nelengva i\u0161gyventi ma\u017eiems verslams, tad nuo \u0161iol, \u010dia rasite ir kit\u0173, ma\u017e\u0173 \u0161eim\u0173 versl\u0173, rank\u0173 darbo, dovan\u0173 sau ir artimiesiems.","publisher":{"@id":"https:\/\/skaitytaknyga.lt\/#organization"},"potentialAction":[{"@type":"SearchAction","target":{"@type":"EntryPoint","urlTemplate":"https:\/\/skaitytaknyga.lt\/?s={search_term_string}"},"query-input":{"@type":"PropertyValueSpecification","valueRequired":true,"valueName":"search_term_string"}}],"inLanguage":"en-GB"},{"@type":"Organization","@id":"https:\/\/skaitytaknyga.lt\/#organization","name":"skaitytaknyga.lt","url":"https:\/\/skaitytaknyga.lt\/","logo":{"@type":"ImageObject","inLanguage":"en-GB","@id":"https:\/\/skaitytaknyga.lt\/#\/schema\/logo\/image\/","url":"https:\/\/skaitytaknyga.lt\/wp-content\/uploads\/2024\/05\/cropped-cropped-cropped-02_00843_jt3bggkj1j3HLc7SyY6rEUpg.jpeg","contentUrl":"https:\/\/skaitytaknyga.lt\/wp-content\/uploads\/2024\/05\/cropped-cropped-cropped-02_00843_jt3bggkj1j3HLc7SyY6rEUpg.jpeg","width":1600,"height":1600,"caption":"skaitytaknyga.lt"},"image":{"@id":"https:\/\/skaitytaknyga.lt\/#\/schema\/logo\/image\/"},"sameAs":["https:\/\/www.facebook.com\/skaitytaknyga\/"]}]}},"_links":{"self":[{"href":"https:\/\/skaitytaknyga.lt\/en\/wp-json\/wp\/v2\/product\/24677","targetHints":{"allow":["GET"]}}],"collection":[{"href":"https:\/\/skaitytaknyga.lt\/en\/wp-json\/wp\/v2\/product"}],"about":[{"href":"https:\/\/skaitytaknyga.lt\/en\/wp-json\/wp\/v2\/types\/product"}],"replies":[{"embeddable":true,"href":"https:\/\/skaitytaknyga.lt\/en\/wp-json\/wp\/v2\/comments?post=24677"}],"wp:featuredmedia":[{"embeddable":true,"href":"https:\/\/skaitytaknyga.lt\/en\/wp-json\/wp\/v2\/media\/24682"}],"wp:attachment":[{"href":"https:\/\/skaitytaknyga.lt\/en\/wp-json\/wp\/v2\/media?parent=24677"}],"wp:term":[{"taxonomy":"product_brand","embeddable":true,"href":"https:\/\/skaitytaknyga.lt\/en\/wp-json\/wp\/v2\/product_brand?post=24677"},{"taxonomy":"product_cat","embeddable":true,"href":"https:\/\/skaitytaknyga.lt\/en\/wp-json\/wp\/v2\/product_cat?post=24677"},{"taxonomy":"product_tag","embeddable":true,"href":"https:\/\/skaitytaknyga.lt\/en\/wp-json\/wp\/v2\/product_tag?post=24677"}],"curies":[{"name":"wp","href":"https:\/\/api.w.org\/{rel}","templated":true}]}}