{"id":24660,"date":"2026-03-10T18:09:52","date_gmt":"2026-03-10T16:09:52","guid":{"rendered":"https:\/\/skaitytaknyga.lt\/?post_type=product&#038;p=24660"},"modified":"2026-04-01T13:26:11","modified_gmt":"2026-04-01T10:26:11","slug":"skurdo-vaikas","status":"publish","type":"product","link":"https:\/\/skaitytaknyga.lt\/en\/produktas\/skurdo-vaikas\/","title":{"rendered":"Skurdo vaikas"},"content":{"rendered":"<p>Stulbinamas asmeninis liudijimas, papasakotas \u0161iltai, atvirai ir su empatija. Knyga, kuri gali pakeisti visuomen\u0119, o kartu ir mus pa\u010dius.<\/p>\n<p>Dr. Katriona O&#8217;Sullivan \u2013 airi\u0173 psicholog\u0117, d\u0117stytoja, ra\u0161ytoja. Jos debiutin\u0117 knyga \u201eSkurdo vaikas\u201c (2023), vos pasirod\u017eiusi, i\u0161kart sulauk\u0117 ypatingo skaitytoj\u0173 ir kritik\u0173 d\u0117mesio: Airijoje buvo paskelbta Met\u0173 biografija, tapo bestseleriu, taip pat peln\u0117 \u201eThe Last Word\u201c platformos klausytoj\u0173 apdovanojim\u0105 (garsin\u0117 knyga). \u201eGuardian\u201c \u017eurnalistai j\u0105 pavadino \u201eviena geriausi\u0173 knyg\u0173 apie skaud\u017ei\u0105 skurdo patirt\u012f \u0161iuolaikin\u0117je visuomen\u0117je\u201c, o pa\u010di\u0105 autor\u0119 \u012fvardijo kaip \u201evien\u0105 nuostabiausi\u0173 \u017emoni\u0173, kuriuos kada nors lemta sutikti\u201c.<\/p>\n<p>K. O&#8217;Sullivan i\u0161augo penki\u0173 vaik\u0173 \u0161eimoje. Jos t\u0117vai tur\u0117jo priklausomybi\u0173 ir stokojo socialini\u0173 \u012fg\u016bd\u017ei\u0173, nors retomis blaivumo akimirkomis ir steng\u0117si kurti \u201enormal\u0173\u201c, kaip jie patys \u012fsivaizdavo, gyvenim\u0105.<\/p>\n<p>Ra\u0161ytoja atvirai pasakoja apie savo vaikyst\u0119, praleist\u0105 skurde, ir nagrin\u0117ja ankstyvame am\u017eiuje i\u0161tikusio nepritekliaus ir prievartos padarinius. Jai teko mil\u017eini\u0161k\u0173 i\u0161bandym\u0173 na\u0161ta: septyneri\u0173 patirta seksualin\u0117 prievarta, n\u0117\u0161tumas paauglyst\u0117je, benamyst\u0117, vagyst\u0117s, alkoholis, dvasin\u0117 sumai\u0161tis, balansavimas ties i\u0161gyvenimo riba&#8230; Ta\u010diau su geranori\u0161k\u0173 mokytoj\u0173 pagalba ra\u0161ytojai pavyko \u012fveikti i\u0161bandymus, o valia, smalsumas ir u\u017esidegimas pad\u0117jo tapti daugyb\u0119 apdovanojim\u0173 pelniusia mokslininke.<\/p>\n<p>K. O&#8217;Sullivan Dublino Trejyb\u0117s koled\u017ee \u012fgijo psichologijos daktaro laipsn\u012f, dirba vyresni\u0105ja skaitmenini\u0173 \u012fg\u016bd\u017ei\u0173 d\u0117stytoja Meinuto (Airija) universiteto Psichologijos katedroje. Ji bendradarbiauja su politikos formuotojais Airijoje ir u\u017e jos rib\u0173, kuria \u0161vietimo ir \u012ftraukties strategijas, buvo kviestin\u0117 prane\u0161\u0117ja JT, Pasaulio \u0161vietimo forume. Jos kuriama programa, kuria siekiama pagerinti mergai\u010di\u0173 galimybes mokytis STEM disciplin\u0173, Amsterdame peln\u0117 \u201eWomen in Tech Europe Awards\u201c \u012ftakingiausios iniciatyvos premij\u0105.<\/p>\n","protected":false},"excerpt":{"rendered":"<p>Stulbinamas asmeninis liudijimas, papasakotas \u0161iltai, atvirai ir su empatija. Knyga, kuri gali pakeisti visuomen\u0119, o kartu ir mus pa\u010dius. Dr. Katriona O&#8217;Sullivan \u2013 airi\u0173 psicholog\u0117, d\u0117stytoja, ra\u0161ytoja. Jos debiutin\u0117 knyga \u201eSkurdo vaikas\u201c (2023), vos pasirod\u017eiusi, i\u0161kart sulauk\u0117 ypatingo skaitytoj\u0173 ir kritik\u0173 d\u0117mesio: Airijoje buvo paskelbta Met\u0173 biografija, tapo bestseleriu, taip pat peln\u0117 \u201eThe Last Word\u201c platformos klausytoj\u0173 apdovanojim\u0105 (garsin\u0117 knyga). \u201eGuardian\u201c \u017eurnalistai j\u0105 pavadino \u201eviena geriausi\u0173 knyg\u0173 apie skaud\u017ei\u0105 skurdo patirt\u012f \u0161iuolaikin\u0117je visuomen\u0117je\u201c, o pa\u010di\u0105 autor\u0119 \u012fvardijo kaip \u201evien\u0105 nuostabiausi\u0173 \u017emoni\u0173, kuriuos kada nors lemta sutikti\u201c. K. O&#8217;Sullivan i\u0161augo penki\u0173 vaik\u0173 \u0161eimoje. Jos t\u0117vai tur\u0117jo priklausomybi\u0173 ir stokojo socialini\u0173 \u012fg\u016bd\u017ei\u0173, nors retomis blaivumo akimirkomis ir steng\u0117si kurti \u201enormal\u0173\u201c, kaip jie patys \u012fsivaizdavo, gyvenim\u0105. Ra\u0161ytoja atvirai pasakoja apie savo vaikyst\u0119, praleist\u0105 skurde, ir nagrin\u0117ja ankstyvame am\u017eiuje i\u0161tikusio nepritekliaus ir prievartos padarinius. Jai teko mil\u017eini\u0161k\u0173 i\u0161bandym\u0173 na\u0161ta: septyneri\u0173 patirta seksualin\u0117 prievarta, n\u0117\u0161tumas paauglyst\u0117je, benamyst\u0117, vagyst\u0117s, alkoholis, dvasin\u0117 sumai\u0161tis, balansavimas ties i\u0161gyvenimo riba&#8230; Ta\u010diau su geranori\u0161k\u0173 mokytoj\u0173 pagalba ra\u0161ytojai pavyko \u012fveikti i\u0161bandymus, o valia, smalsumas ir u\u017esidegimas pad\u0117jo tapti daugyb\u0119 apdovanojim\u0173 pelniusia mokslininke. K. O&#8217;Sullivan Dublino Trejyb\u0117s koled\u017ee \u012fgijo psichologijos daktaro laipsn\u012f, dirba vyresni\u0105ja skaitmenini\u0173 \u012fg\u016bd\u017ei\u0173 d\u0117stytoja Meinuto (Airija) universiteto Psichologijos katedroje. Ji bendradarbiauja su politikos formuotojais Airijoje ir u\u017e jos rib\u0173, kuria \u0161vietimo ir \u012ftraukties strategijas, buvo kviestin\u0117 prane\u0161\u0117ja JT, Pasaulio \u0161vietimo forume. Jos kuriama programa, kuria siekiama pagerinti mergai\u010di\u0173 galimybes mokytis STEM disciplin\u0173, Amsterdame peln\u0117 \u201eWomen in Tech Europe Awards\u201c \u012ftakingiausios iniciatyvos premij\u0105.<\/p>\n","protected":false},"featured_media":24670,"comment_status":"open","ping_status":"closed","template":"","meta":{"_acf_changed":false,"site-sidebar-layout":"default","site-content-layout":"","ast-site-content-layout":"default","site-content-style":"default","site-sidebar-style":"default","ast-global-header-display":"","ast-banner-title-visibility":"","ast-main-header-display":"","ast-hfb-above-header-display":"","ast-hfb-below-header-display":"","ast-hfb-mobile-header-display":"","site-post-title":"","ast-breadcrumbs-content":"","ast-featured-img":"","footer-sml-layout":"","ast-disable-related-posts":"","theme-transparent-header-meta":"","adv-header-id-meta":"","stick-header-meta":"","header-above-stick-meta":"","header-main-stick-meta":"","header-below-stick-meta":"","astra-migrate-meta-layouts":"default","ast-page-background-enabled":"default","ast-page-background-meta":{"desktop":{"background-color":"","background-image":"","background-repeat":"repeat","background-position":"center center","background-size":"auto","background-attachment":"scroll","background-type":"","background-media":"","overlay-type":"","overlay-color":"","overlay-opacity":"","overlay-gradient":""},"tablet":{"background-color":"","background-image":"","background-repeat":"repeat","background-position":"center center","background-size":"auto","background-attachment":"scroll","background-type":"","background-media":"","overlay-type":"","overlay-color":"","overlay-opacity":"","overlay-gradient":""},"mobile":{"background-color":"","background-image":"","background-repeat":"repeat","background-position":"center center","background-size":"auto","background-attachment":"scroll","background-type":"","background-media":"","overlay-type":"","overlay-color":"","overlay-opacity":"","overlay-gradient":""}},"ast-content-background-meta":{"desktop":{"background-color":"var(--ast-global-color-4)","background-image":"","background-repeat":"repeat","background-position":"center center","background-size":"auto","background-attachment":"scroll","background-type":"","background-media":"","overlay-type":"","overlay-color":"","overlay-opacity":"","overlay-gradient":""},"tablet":{"background-color":"var(--ast-global-color-4)","background-image":"","background-repeat":"repeat","background-position":"center center","background-size":"auto","background-attachment":"scroll","background-type":"","background-media":"","overlay-type":"","overlay-color":"","overlay-opacity":"","overlay-gradient":""},"mobile":{"background-color":"var(--ast-global-color-4)","background-image":"","background-repeat":"repeat","background-position":"center center","background-size":"auto","background-attachment":"scroll","background-type":"","background-media":"","overlay-type":"","overlay-color":"","overlay-opacity":"","overlay-gradient":""}}},"product_brand":[],"product_cat":[33],"product_tag":[9761],"class_list":{"0":"post-24660","1":"product","2":"type-product","3":"status-publish","4":"has-post-thumbnail","6":"product_cat-biografijos","7":"product_tag-katriona-osullivan","8":"desktop-align-left","9":"tablet-align-left","10":"mobile-align-left","12":"first","13":"instock","14":"shipping-taxable","15":"purchasable","16":"product-type-simple"},"acf":[],"yoast_head":"<!-- This site is optimized with the Yoast SEO plugin v27.0 - https:\/\/yoast.com\/product\/yoast-seo-wordpress\/ -->\n<title>Skurdo vaikas<\/title>\n<meta name=\"description\" content=\"Stulbinamas asmeninis liudijimas, papasakotas \u0161iltai, atvirai ir su empatija. Knyga, kuri gali pakeisti visuomen\u0119, o kartu ir mus pa\u010dius. Dr. Katriona\" \/>\n<meta name=\"robots\" content=\"index, follow, max-snippet:-1, max-image-preview:large, max-video-preview:-1\" \/>\n<link rel=\"canonical\" href=\"https:\/\/skaitytaknyga.lt\/en\/produktas\/skurdo-vaikas\/\" \/>\n<meta property=\"og:locale\" content=\"en_GB\" \/>\n<meta property=\"og:locale:alternate\" content=\"lt_LT\" \/>\n<meta property=\"og:type\" content=\"article\" \/>\n<meta property=\"og:title\" content=\"Skurdo vaikas\" \/>\n<meta property=\"og:description\" content=\"Stulbinamas asmeninis liudijimas, papasakotas \u0161iltai, atvirai ir su empatija. Knyga, kuri gali pakeisti visuomen\u0119, o kartu ir mus pa\u010dius. Dr. Katriona\" \/>\n<meta property=\"og:url\" content=\"https:\/\/skaitytaknyga.lt\/en\/produktas\/skurdo-vaikas\/\" \/>\n<meta property=\"og:site_name\" content=\"Skaitytaknyga\" \/>\n<meta property=\"article:publisher\" content=\"https:\/\/www.facebook.com\/skaitytaknyga\/\" \/>\n<meta property=\"article:modified_time\" content=\"2026-04-01T10:26:11+00:00\" \/>\n<meta property=\"og:image\" content=\"https:\/\/skaitytaknyga.lt\/wp-content\/uploads\/2026\/03\/Skurdo-vaikas-e1773164735945.webp\" \/>\n\t<meta property=\"og:image:width\" content=\"300\" \/>\n\t<meta property=\"og:image:height\" content=\"447\" \/>\n\t<meta property=\"og:image:type\" content=\"image\/webp\" \/>\n<meta name=\"twitter:card\" content=\"summary_large_image\" \/>\n<meta name=\"twitter:label1\" content=\"Estimated reading time\" \/>\n\t<meta name=\"twitter:data1\" content=\"1 minute\" \/>\n<script type=\"application\/ld+json\" class=\"yoast-schema-graph\">{\"@context\":\"https:\/\/schema.org\",\"@graph\":[{\"@type\":\"WebPage\",\"@id\":\"https:\/\/skaitytaknyga.lt\/produktas\/skurdo-vaikas\/\",\"url\":\"https:\/\/skaitytaknyga.lt\/produktas\/skurdo-vaikas\/\",\"name\":\"Skurdo vaikas\",\"isPartOf\":{\"@id\":\"https:\/\/skaitytaknyga.lt\/#website\"},\"primaryImageOfPage\":{\"@id\":\"https:\/\/skaitytaknyga.lt\/produktas\/skurdo-vaikas\/#primaryimage\"},\"image\":{\"@id\":\"https:\/\/skaitytaknyga.lt\/produktas\/skurdo-vaikas\/#primaryimage\"},\"thumbnailUrl\":\"https:\/\/skaitytaknyga.lt\/wp-content\/uploads\/2026\/03\/Skurdo-vaikas-e1773164735945.webp\",\"datePublished\":\"2026-03-10T16:09:52+00:00\",\"dateModified\":\"2026-04-01T10:26:11+00:00\",\"description\":\"Stulbinamas asmeninis liudijimas, papasakotas \u0161iltai, atvirai ir su empatija. Knyga, kuri gali pakeisti visuomen\u0119, o kartu ir mus pa\u010dius. Dr. Katriona\",\"breadcrumb\":{\"@id\":\"https:\/\/skaitytaknyga.lt\/produktas\/skurdo-vaikas\/#breadcrumb\"},\"inLanguage\":\"en-GB\",\"potentialAction\":[{\"@type\":\"ReadAction\",\"target\":[\"https:\/\/skaitytaknyga.lt\/produktas\/skurdo-vaikas\/\"]}]},{\"@type\":\"ImageObject\",\"inLanguage\":\"en-GB\",\"@id\":\"https:\/\/skaitytaknyga.lt\/produktas\/skurdo-vaikas\/#primaryimage\",\"url\":\"https:\/\/skaitytaknyga.lt\/wp-content\/uploads\/2026\/03\/Skurdo-vaikas-e1773164735945.webp\",\"contentUrl\":\"https:\/\/skaitytaknyga.lt\/wp-content\/uploads\/2026\/03\/Skurdo-vaikas-e1773164735945.webp\",\"width\":300,\"height\":447,\"caption\":\"Skurdo vaikas\"},{\"@type\":\"BreadcrumbList\",\"@id\":\"https:\/\/skaitytaknyga.lt\/produktas\/skurdo-vaikas\/#breadcrumb\",\"itemListElement\":[{\"@type\":\"ListItem\",\"position\":1,\"name\":\"Home\",\"item\":\"https:\/\/skaitytaknyga.lt\/\"},{\"@type\":\"ListItem\",\"position\":2,\"name\":\"Parduotuv\u0117\",\"item\":\"https:\/\/skaitytaknyga.lt\/knygu-parduotuve\/\"},{\"@type\":\"ListItem\",\"position\":3,\"name\":\"Skurdo vaikas\"}]},{\"@type\":\"WebSite\",\"@id\":\"https:\/\/skaitytaknyga.lt\/#website\",\"url\":\"https:\/\/skaitytaknyga.lt\/\",\"name\":\"skaitytaknyga.lt\",\"description\":\"Skaitytaknyga.lt \u2013 tai ma\u017eas \u0161eimos verslas, kuris prasid\u0117jo nuo meil\u0117s knygoms ir siekio i\u0161gelb\u0117ti knygas nuo likimo prie konteinerio. Kas vienam nereikalingas daiktas \u2013 kitam lobis, o mes esame tarpininkai, kurie padeda abiems tapti laimingesniems ???? \u017dinome kaip nelengva i\u0161gyventi ma\u017eiems verslams, tad nuo \u0161iol, \u010dia rasite ir kit\u0173, ma\u017e\u0173 \u0161eim\u0173 versl\u0173, rank\u0173 darbo, dovan\u0173 sau ir artimiesiems.\",\"publisher\":{\"@id\":\"https:\/\/skaitytaknyga.lt\/#organization\"},\"potentialAction\":[{\"@type\":\"SearchAction\",\"target\":{\"@type\":\"EntryPoint\",\"urlTemplate\":\"https:\/\/skaitytaknyga.lt\/?s={search_term_string}\"},\"query-input\":{\"@type\":\"PropertyValueSpecification\",\"valueRequired\":true,\"valueName\":\"search_term_string\"}}],\"inLanguage\":\"en-GB\"},{\"@type\":\"Organization\",\"@id\":\"https:\/\/skaitytaknyga.lt\/#organization\",\"name\":\"skaitytaknyga.lt\",\"url\":\"https:\/\/skaitytaknyga.lt\/\",\"logo\":{\"@type\":\"ImageObject\",\"inLanguage\":\"en-GB\",\"@id\":\"https:\/\/skaitytaknyga.lt\/#\/schema\/logo\/image\/\",\"url\":\"https:\/\/skaitytaknyga.lt\/wp-content\/uploads\/2024\/05\/cropped-cropped-cropped-02_00843_jt3bggkj1j3HLc7SyY6rEUpg.jpeg\",\"contentUrl\":\"https:\/\/skaitytaknyga.lt\/wp-content\/uploads\/2024\/05\/cropped-cropped-cropped-02_00843_jt3bggkj1j3HLc7SyY6rEUpg.jpeg\",\"width\":1600,\"height\":1600,\"caption\":\"skaitytaknyga.lt\"},\"image\":{\"@id\":\"https:\/\/skaitytaknyga.lt\/#\/schema\/logo\/image\/\"},\"sameAs\":[\"https:\/\/www.facebook.com\/skaitytaknyga\/\"]}]}<\/script>\n<!-- \/ Yoast SEO plugin. -->","yoast_head_json":{"title":"Skurdo vaikas","description":"Stulbinamas asmeninis liudijimas, papasakotas \u0161iltai, atvirai ir su empatija. Knyga, kuri gali pakeisti visuomen\u0119, o kartu ir mus pa\u010dius. Dr. Katriona","robots":{"index":"index","follow":"follow","max-snippet":"max-snippet:-1","max-image-preview":"max-image-preview:large","max-video-preview":"max-video-preview:-1"},"canonical":"https:\/\/skaitytaknyga.lt\/en\/produktas\/skurdo-vaikas\/","og_locale":"en_GB","og_type":"article","og_title":"[:lt]Skurdo vaikas[:] - Skaitytaknyga","og_description":"Stulbinamas asmeninis liudijimas, papasakotas \u0161iltai, atvirai ir su empatija. Knyga, kuri gali pakeisti visuomen\u0119, o kartu ir mus pa\u010dius. Dr. Katriona","og_url":"https:\/\/skaitytaknyga.lt\/en\/produktas\/skurdo-vaikas\/","og_site_name":"Skaitytaknyga","article_publisher":"https:\/\/www.facebook.com\/skaitytaknyga\/","article_modified_time":"2026-04-01T10:26:11+00:00","og_image":[{"width":300,"height":447,"url":"https:\/\/skaitytaknyga.lt\/wp-content\/uploads\/2026\/03\/Skurdo-vaikas-e1773164735945.webp","type":"image\/webp"}],"twitter_card":"summary_large_image","twitter_misc":{"Estimated reading time":"1 minute"},"schema":{"@context":"https:\/\/schema.org","@graph":[{"@type":"WebPage","@id":"https:\/\/skaitytaknyga.lt\/produktas\/skurdo-vaikas\/","url":"https:\/\/skaitytaknyga.lt\/produktas\/skurdo-vaikas\/","name":"Skurdo vaikas","isPartOf":{"@id":"https:\/\/skaitytaknyga.lt\/#website"},"primaryImageOfPage":{"@id":"https:\/\/skaitytaknyga.lt\/produktas\/skurdo-vaikas\/#primaryimage"},"image":{"@id":"https:\/\/skaitytaknyga.lt\/produktas\/skurdo-vaikas\/#primaryimage"},"thumbnailUrl":"https:\/\/skaitytaknyga.lt\/wp-content\/uploads\/2026\/03\/Skurdo-vaikas-e1773164735945.webp","datePublished":"2026-03-10T16:09:52+00:00","dateModified":"2026-04-01T10:26:11+00:00","description":"Stulbinamas asmeninis liudijimas, papasakotas \u0161iltai, atvirai ir su empatija. Knyga, kuri gali pakeisti visuomen\u0119, o kartu ir mus pa\u010dius. Dr. Katriona","breadcrumb":{"@id":"https:\/\/skaitytaknyga.lt\/produktas\/skurdo-vaikas\/#breadcrumb"},"inLanguage":"en-GB","potentialAction":[{"@type":"ReadAction","target":["https:\/\/skaitytaknyga.lt\/produktas\/skurdo-vaikas\/"]}]},{"@type":"ImageObject","inLanguage":"en-GB","@id":"https:\/\/skaitytaknyga.lt\/produktas\/skurdo-vaikas\/#primaryimage","url":"https:\/\/skaitytaknyga.lt\/wp-content\/uploads\/2026\/03\/Skurdo-vaikas-e1773164735945.webp","contentUrl":"https:\/\/skaitytaknyga.lt\/wp-content\/uploads\/2026\/03\/Skurdo-vaikas-e1773164735945.webp","width":300,"height":447,"caption":"Skurdo vaikas"},{"@type":"BreadcrumbList","@id":"https:\/\/skaitytaknyga.lt\/produktas\/skurdo-vaikas\/#breadcrumb","itemListElement":[{"@type":"ListItem","position":1,"name":"Home","item":"https:\/\/skaitytaknyga.lt\/"},{"@type":"ListItem","position":2,"name":"Parduotuv\u0117","item":"https:\/\/skaitytaknyga.lt\/knygu-parduotuve\/"},{"@type":"ListItem","position":3,"name":"Skurdo vaikas"}]},{"@type":"WebSite","@id":"https:\/\/skaitytaknyga.lt\/#website","url":"https:\/\/skaitytaknyga.lt\/","name":"skaitytaknyga.lt","description":"Skaitytaknyga.lt \u2013 tai ma\u017eas \u0161eimos verslas, kuris prasid\u0117jo nuo meil\u0117s knygoms ir siekio i\u0161gelb\u0117ti knygas nuo likimo prie konteinerio. Kas vienam nereikalingas daiktas \u2013 kitam lobis, o mes esame tarpininkai, kurie padeda abiems tapti laimingesniems ???? \u017dinome kaip nelengva i\u0161gyventi ma\u017eiems verslams, tad nuo \u0161iol, \u010dia rasite ir kit\u0173, ma\u017e\u0173 \u0161eim\u0173 versl\u0173, rank\u0173 darbo, dovan\u0173 sau ir artimiesiems.","publisher":{"@id":"https:\/\/skaitytaknyga.lt\/#organization"},"potentialAction":[{"@type":"SearchAction","target":{"@type":"EntryPoint","urlTemplate":"https:\/\/skaitytaknyga.lt\/?s={search_term_string}"},"query-input":{"@type":"PropertyValueSpecification","valueRequired":true,"valueName":"search_term_string"}}],"inLanguage":"en-GB"},{"@type":"Organization","@id":"https:\/\/skaitytaknyga.lt\/#organization","name":"skaitytaknyga.lt","url":"https:\/\/skaitytaknyga.lt\/","logo":{"@type":"ImageObject","inLanguage":"en-GB","@id":"https:\/\/skaitytaknyga.lt\/#\/schema\/logo\/image\/","url":"https:\/\/skaitytaknyga.lt\/wp-content\/uploads\/2024\/05\/cropped-cropped-cropped-02_00843_jt3bggkj1j3HLc7SyY6rEUpg.jpeg","contentUrl":"https:\/\/skaitytaknyga.lt\/wp-content\/uploads\/2024\/05\/cropped-cropped-cropped-02_00843_jt3bggkj1j3HLc7SyY6rEUpg.jpeg","width":1600,"height":1600,"caption":"skaitytaknyga.lt"},"image":{"@id":"https:\/\/skaitytaknyga.lt\/#\/schema\/logo\/image\/"},"sameAs":["https:\/\/www.facebook.com\/skaitytaknyga\/"]}]}},"_links":{"self":[{"href":"https:\/\/skaitytaknyga.lt\/en\/wp-json\/wp\/v2\/product\/24660","targetHints":{"allow":["GET"]}}],"collection":[{"href":"https:\/\/skaitytaknyga.lt\/en\/wp-json\/wp\/v2\/product"}],"about":[{"href":"https:\/\/skaitytaknyga.lt\/en\/wp-json\/wp\/v2\/types\/product"}],"replies":[{"embeddable":true,"href":"https:\/\/skaitytaknyga.lt\/en\/wp-json\/wp\/v2\/comments?post=24660"}],"wp:featuredmedia":[{"embeddable":true,"href":"https:\/\/skaitytaknyga.lt\/en\/wp-json\/wp\/v2\/media\/24670"}],"wp:attachment":[{"href":"https:\/\/skaitytaknyga.lt\/en\/wp-json\/wp\/v2\/media?parent=24660"}],"wp:term":[{"taxonomy":"product_brand","embeddable":true,"href":"https:\/\/skaitytaknyga.lt\/en\/wp-json\/wp\/v2\/product_brand?post=24660"},{"taxonomy":"product_cat","embeddable":true,"href":"https:\/\/skaitytaknyga.lt\/en\/wp-json\/wp\/v2\/product_cat?post=24660"},{"taxonomy":"product_tag","embeddable":true,"href":"https:\/\/skaitytaknyga.lt\/en\/wp-json\/wp\/v2\/product_tag?post=24660"}],"curies":[{"name":"wp","href":"https:\/\/api.w.org\/{rel}","templated":true}]}}