{"id":24659,"date":"2026-03-10T18:09:51","date_gmt":"2026-03-10T16:09:51","guid":{"rendered":"https:\/\/skaitytaknyga.lt\/?post_type=product&#038;p=24659"},"modified":"2026-03-11T11:02:42","modified_gmt":"2026-03-11T09:02:42","slug":"geros-nuotaikos-vadovas","status":"publish","type":"product","link":"https:\/\/skaitytaknyga.lt\/en\/produktas\/geros-nuotaikos-vadovas\/","title":{"rendered":"Geros nuotaikos vadovas"},"content":{"rendered":"<p>Ar galima tik\u0117tis, kad rimta knyga apie psichoterapij\u0105 ir jos metodus bus lengvai suprantama tiek profesionalui, tiek paprastam skaitytojui? Kad i\u0161samiai paai\u0161kins nepasitenkinimo, li\u016bdesio, pyk\u010dio, nerimo, neveiklumo ir perfekcionizmo prie\u017eastis bei pad\u0117s jas \u012fveikti? Dar daugiau, ar jums teko skaityti knyg\u0105, kurios teigiamas poveikis \u012frodytas klinikiniais tyrimais?<\/p>\n<p>Stanfordo universiteto medicinos mokyklos profesoriaus dr. Davido Burnso knyga \u201eGeros nuotaikos vadovas\u201c yra b\u016btent tokia \u2013 ai\u0161ki, prakti\u0161ka, pagr\u012fsta ir nepaprastai veiksminga. Neveltui jos parduota daugiau nei trys milijonai egzempliori\u0173 visame pasaulyje.<\/p>\n<p>D. Burnso knyga padar\u0117 mil\u017eini\u0161k\u0105 poveik\u012f mano profesin\u0117ms ir asmenin\u0117ms pa\u017ei\u016broms. Perskait\u0119s j\u0105 supratau, kad keisti savo gyvenim\u0105 ir spr\u0119sti problemas galima prad\u0117ti tuoj pat ir tam neb\u016btina i\u0161narstyti iki smulkmen\u0173 vaikyst\u0117s patyrimus ir traumas. Terekia suprasti, kaip mes patys savo \u012fprasminimais ir mintimis kasdien kei\u010diame save ir pasaul\u012f. D\u017eiaugiuosi, kad \u0161i bene pati naudingiausia mano kada nors skaityta knyga i\u0161vydo \u0161vies\u0105 lietuvi\u0173 kalba.<\/p>\n<p>\u0160i knyga \u2013 i\u0161samus vadov\u0117lis psichologams, psichoterapeutams, psichiatrams. Ta\u010diau ne tik.<\/p>\n<p>J\u0105 patar\u010diau kiekvienam, kuris tiki, kad kuria savo gyvenim\u0105 ir kasdienes nuotaikas. O jei tuo netikite \u2013 \u0161i\u0105 knyg\u0105 b\u016btinai turite perskaityti.<\/p>\n","protected":false},"excerpt":{"rendered":"<p>Ar galima tik\u0117tis, kad rimta knyga apie psichoterapij\u0105 ir jos metodus bus lengvai suprantama tiek profesionalui, tiek paprastam skaitytojui? Kad i\u0161samiai paai\u0161kins nepasitenkinimo, li\u016bdesio, pyk\u010dio, nerimo, neveiklumo ir perfekcionizmo prie\u017eastis bei pad\u0117s jas \u012fveikti? Dar daugiau, ar jums teko skaityti knyg\u0105, kurios teigiamas poveikis \u012frodytas klinikiniais tyrimais? Stanfordo universiteto medicinos mokyklos profesoriaus dr. Davido Burnso knyga \u201eGeros nuotaikos vadovas\u201c yra b\u016btent tokia \u2013 ai\u0161ki, prakti\u0161ka, pagr\u012fsta ir nepaprastai veiksminga. Neveltui jos parduota daugiau nei trys milijonai egzempliori\u0173 visame pasaulyje. D. Burnso knyga padar\u0117 mil\u017eini\u0161k\u0105 poveik\u012f mano profesin\u0117ms ir asmenin\u0117ms pa\u017ei\u016broms. Perskait\u0119s j\u0105 supratau, kad keisti savo gyvenim\u0105 ir spr\u0119sti problemas galima prad\u0117ti tuoj pat ir tam neb\u016btina i\u0161narstyti iki smulkmen\u0173 vaikyst\u0117s patyrimus ir traumas. Terekia suprasti, kaip mes patys savo \u012fprasminimais ir mintimis kasdien kei\u010diame save ir pasaul\u012f. D\u017eiaugiuosi, kad \u0161i bene pati naudingiausia mano kada nors skaityta knyga i\u0161vydo \u0161vies\u0105 lietuvi\u0173 kalba. \u0160i knyga \u2013 i\u0161samus vadov\u0117lis psichologams, psichoterapeutams, psichiatrams. Ta\u010diau ne tik. J\u0105 patar\u010diau kiekvienam, kuris tiki, kad kuria savo gyvenim\u0105 ir kasdienes nuotaikas. O jei tuo netikite \u2013 \u0161i\u0105 knyg\u0105 b\u016btinai turite perskaityti.<\/p>\n","protected":false},"featured_media":24669,"comment_status":"open","ping_status":"closed","template":"","meta":{"_acf_changed":false,"site-sidebar-layout":"default","site-content-layout":"","ast-site-content-layout":"default","site-content-style":"default","site-sidebar-style":"default","ast-global-header-display":"","ast-banner-title-visibility":"","ast-main-header-display":"","ast-hfb-above-header-display":"","ast-hfb-below-header-display":"","ast-hfb-mobile-header-display":"","site-post-title":"","ast-breadcrumbs-content":"","ast-featured-img":"","footer-sml-layout":"","ast-disable-related-posts":"","theme-transparent-header-meta":"","adv-header-id-meta":"","stick-header-meta":"","header-above-stick-meta":"","header-main-stick-meta":"","header-below-stick-meta":"","astra-migrate-meta-layouts":"default","ast-page-background-enabled":"default","ast-page-background-meta":{"desktop":{"background-color":"","background-image":"","background-repeat":"repeat","background-position":"center center","background-size":"auto","background-attachment":"scroll","background-type":"","background-media":"","overlay-type":"","overlay-color":"","overlay-opacity":"","overlay-gradient":""},"tablet":{"background-color":"","background-image":"","background-repeat":"repeat","background-position":"center center","background-size":"auto","background-attachment":"scroll","background-type":"","background-media":"","overlay-type":"","overlay-color":"","overlay-opacity":"","overlay-gradient":""},"mobile":{"background-color":"","background-image":"","background-repeat":"repeat","background-position":"center center","background-size":"auto","background-attachment":"scroll","background-type":"","background-media":"","overlay-type":"","overlay-color":"","overlay-opacity":"","overlay-gradient":""}},"ast-content-background-meta":{"desktop":{"background-color":"var(--ast-global-color-4)","background-image":"","background-repeat":"repeat","background-position":"center center","background-size":"auto","background-attachment":"scroll","background-type":"","background-media":"","overlay-type":"","overlay-color":"","overlay-opacity":"","overlay-gradient":""},"tablet":{"background-color":"var(--ast-global-color-4)","background-image":"","background-repeat":"repeat","background-position":"center center","background-size":"auto","background-attachment":"scroll","background-type":"","background-media":"","overlay-type":"","overlay-color":"","overlay-opacity":"","overlay-gradient":""},"mobile":{"background-color":"var(--ast-global-color-4)","background-image":"","background-repeat":"repeat","background-position":"center center","background-size":"auto","background-attachment":"scroll","background-type":"","background-media":"","overlay-type":"","overlay-color":"","overlay-opacity":"","overlay-gradient":""}}},"product_brand":[],"product_cat":[30],"product_tag":[9757],"class_list":{"0":"post-24659","1":"product","2":"type-product","3":"status-publish","4":"has-post-thumbnail","6":"product_cat-psichologija-ir-saviugda","7":"product_tag-david-d-burns","8":"desktop-align-left","9":"tablet-align-left","10":"mobile-align-left","12":"first","13":"instock","14":"shipping-taxable","15":"purchasable","16":"product-type-simple"},"acf":[],"yoast_head":"<!-- This site is optimized with the Yoast SEO plugin v27.0 - https:\/\/yoast.com\/product\/yoast-seo-wordpress\/ -->\n<title>Geros nuotaikos vadovas<\/title>\n<meta name=\"description\" content=\"Ar galima tik\u0117tis, kad rimta knyga apie psichoterapij\u0105 ir jos metodus bus lengvai suprantama tiek profesionalui, tiek paprastam skaitytojui? Kad i\u0161samiai\" \/>\n<meta name=\"robots\" content=\"index, follow, max-snippet:-1, max-image-preview:large, max-video-preview:-1\" \/>\n<link rel=\"canonical\" href=\"https:\/\/skaitytaknyga.lt\/en\/produktas\/geros-nuotaikos-vadovas\/\" \/>\n<meta property=\"og:locale\" content=\"en_GB\" \/>\n<meta property=\"og:locale:alternate\" content=\"lt_LT\" \/>\n<meta property=\"og:type\" content=\"article\" \/>\n<meta property=\"og:title\" content=\"Geros nuotaikos vadovas\" \/>\n<meta property=\"og:description\" content=\"Ar galima tik\u0117tis, kad rimta knyga apie psichoterapij\u0105 ir jos metodus bus lengvai suprantama tiek profesionalui, tiek paprastam skaitytojui? Kad i\u0161samiai\" \/>\n<meta property=\"og:url\" content=\"https:\/\/skaitytaknyga.lt\/en\/produktas\/geros-nuotaikos-vadovas\/\" \/>\n<meta property=\"og:site_name\" content=\"Skaitytaknyga\" \/>\n<meta property=\"article:publisher\" content=\"https:\/\/www.facebook.com\/skaitytaknyga\/\" \/>\n<meta property=\"article:modified_time\" content=\"2026-03-11T09:02:42+00:00\" \/>\n<meta property=\"og:image\" content=\"https:\/\/skaitytaknyga.lt\/wp-content\/uploads\/2026\/03\/Geros-nuotaikos-vadovas-e1773163928246.webp\" \/>\n\t<meta property=\"og:image:width\" content=\"300\" \/>\n\t<meta property=\"og:image:height\" content=\"431\" \/>\n\t<meta property=\"og:image:type\" content=\"image\/webp\" \/>\n<meta name=\"twitter:card\" content=\"summary_large_image\" \/>\n<meta name=\"twitter:label1\" content=\"Estimated reading time\" \/>\n\t<meta name=\"twitter:data1\" content=\"1 minute\" \/>\n<script type=\"application\/ld+json\" class=\"yoast-schema-graph\">{\"@context\":\"https:\/\/schema.org\",\"@graph\":[{\"@type\":\"WebPage\",\"@id\":\"https:\/\/skaitytaknyga.lt\/produktas\/geros-nuotaikos-vadovas\/\",\"url\":\"https:\/\/skaitytaknyga.lt\/produktas\/geros-nuotaikos-vadovas\/\",\"name\":\"Geros nuotaikos vadovas\",\"isPartOf\":{\"@id\":\"https:\/\/skaitytaknyga.lt\/#website\"},\"primaryImageOfPage\":{\"@id\":\"https:\/\/skaitytaknyga.lt\/produktas\/geros-nuotaikos-vadovas\/#primaryimage\"},\"image\":{\"@id\":\"https:\/\/skaitytaknyga.lt\/produktas\/geros-nuotaikos-vadovas\/#primaryimage\"},\"thumbnailUrl\":\"https:\/\/skaitytaknyga.lt\/wp-content\/uploads\/2026\/03\/Geros-nuotaikos-vadovas-e1773163928246.webp\",\"datePublished\":\"2026-03-10T16:09:51+00:00\",\"dateModified\":\"2026-03-11T09:02:42+00:00\",\"description\":\"Ar galima tik\u0117tis, kad rimta knyga apie psichoterapij\u0105 ir jos metodus bus lengvai suprantama tiek profesionalui, tiek paprastam skaitytojui? Kad i\u0161samiai\",\"breadcrumb\":{\"@id\":\"https:\/\/skaitytaknyga.lt\/produktas\/geros-nuotaikos-vadovas\/#breadcrumb\"},\"inLanguage\":\"en-GB\",\"potentialAction\":[{\"@type\":\"ReadAction\",\"target\":[\"https:\/\/skaitytaknyga.lt\/produktas\/geros-nuotaikos-vadovas\/\"]}]},{\"@type\":\"ImageObject\",\"inLanguage\":\"en-GB\",\"@id\":\"https:\/\/skaitytaknyga.lt\/produktas\/geros-nuotaikos-vadovas\/#primaryimage\",\"url\":\"https:\/\/skaitytaknyga.lt\/wp-content\/uploads\/2026\/03\/Geros-nuotaikos-vadovas-e1773163928246.webp\",\"contentUrl\":\"https:\/\/skaitytaknyga.lt\/wp-content\/uploads\/2026\/03\/Geros-nuotaikos-vadovas-e1773163928246.webp\",\"width\":300,\"height\":431,\"caption\":\"Geros nuotaikos vadovas\"},{\"@type\":\"BreadcrumbList\",\"@id\":\"https:\/\/skaitytaknyga.lt\/produktas\/geros-nuotaikos-vadovas\/#breadcrumb\",\"itemListElement\":[{\"@type\":\"ListItem\",\"position\":1,\"name\":\"Home\",\"item\":\"https:\/\/skaitytaknyga.lt\/\"},{\"@type\":\"ListItem\",\"position\":2,\"name\":\"Parduotuv\u0117\",\"item\":\"https:\/\/skaitytaknyga.lt\/knygu-parduotuve\/\"},{\"@type\":\"ListItem\",\"position\":3,\"name\":\"Geros nuotaikos vadovas\"}]},{\"@type\":\"WebSite\",\"@id\":\"https:\/\/skaitytaknyga.lt\/#website\",\"url\":\"https:\/\/skaitytaknyga.lt\/\",\"name\":\"skaitytaknyga.lt\",\"description\":\"Skaitytaknyga.lt \u2013 tai ma\u017eas \u0161eimos verslas, kuris prasid\u0117jo nuo meil\u0117s knygoms ir siekio i\u0161gelb\u0117ti knygas nuo likimo prie konteinerio. Kas vienam nereikalingas daiktas \u2013 kitam lobis, o mes esame tarpininkai, kurie padeda abiems tapti laimingesniems ???? \u017dinome kaip nelengva i\u0161gyventi ma\u017eiems verslams, tad nuo \u0161iol, \u010dia rasite ir kit\u0173, ma\u017e\u0173 \u0161eim\u0173 versl\u0173, rank\u0173 darbo, dovan\u0173 sau ir artimiesiems.\",\"publisher\":{\"@id\":\"https:\/\/skaitytaknyga.lt\/#organization\"},\"potentialAction\":[{\"@type\":\"SearchAction\",\"target\":{\"@type\":\"EntryPoint\",\"urlTemplate\":\"https:\/\/skaitytaknyga.lt\/?s={search_term_string}\"},\"query-input\":{\"@type\":\"PropertyValueSpecification\",\"valueRequired\":true,\"valueName\":\"search_term_string\"}}],\"inLanguage\":\"en-GB\"},{\"@type\":\"Organization\",\"@id\":\"https:\/\/skaitytaknyga.lt\/#organization\",\"name\":\"skaitytaknyga.lt\",\"url\":\"https:\/\/skaitytaknyga.lt\/\",\"logo\":{\"@type\":\"ImageObject\",\"inLanguage\":\"en-GB\",\"@id\":\"https:\/\/skaitytaknyga.lt\/#\/schema\/logo\/image\/\",\"url\":\"https:\/\/skaitytaknyga.lt\/wp-content\/uploads\/2024\/05\/cropped-cropped-cropped-02_00843_jt3bggkj1j3HLc7SyY6rEUpg.jpeg\",\"contentUrl\":\"https:\/\/skaitytaknyga.lt\/wp-content\/uploads\/2024\/05\/cropped-cropped-cropped-02_00843_jt3bggkj1j3HLc7SyY6rEUpg.jpeg\",\"width\":1600,\"height\":1600,\"caption\":\"skaitytaknyga.lt\"},\"image\":{\"@id\":\"https:\/\/skaitytaknyga.lt\/#\/schema\/logo\/image\/\"},\"sameAs\":[\"https:\/\/www.facebook.com\/skaitytaknyga\/\"]}]}<\/script>\n<!-- \/ Yoast SEO plugin. -->","yoast_head_json":{"title":"Geros nuotaikos vadovas","description":"Ar galima tik\u0117tis, kad rimta knyga apie psichoterapij\u0105 ir jos metodus bus lengvai suprantama tiek profesionalui, tiek paprastam skaitytojui? Kad i\u0161samiai","robots":{"index":"index","follow":"follow","max-snippet":"max-snippet:-1","max-image-preview":"max-image-preview:large","max-video-preview":"max-video-preview:-1"},"canonical":"https:\/\/skaitytaknyga.lt\/en\/produktas\/geros-nuotaikos-vadovas\/","og_locale":"en_GB","og_type":"article","og_title":"[:lt]Geros nuotaikos vadovas[:] - Skaitytaknyga","og_description":"Ar galima tik\u0117tis, kad rimta knyga apie psichoterapij\u0105 ir jos metodus bus lengvai suprantama tiek profesionalui, tiek paprastam skaitytojui? Kad i\u0161samiai","og_url":"https:\/\/skaitytaknyga.lt\/en\/produktas\/geros-nuotaikos-vadovas\/","og_site_name":"Skaitytaknyga","article_publisher":"https:\/\/www.facebook.com\/skaitytaknyga\/","article_modified_time":"2026-03-11T09:02:42+00:00","og_image":[{"width":300,"height":431,"url":"https:\/\/skaitytaknyga.lt\/wp-content\/uploads\/2026\/03\/Geros-nuotaikos-vadovas-e1773163928246.webp","type":"image\/webp"}],"twitter_card":"summary_large_image","twitter_misc":{"Estimated reading time":"1 minute"},"schema":{"@context":"https:\/\/schema.org","@graph":[{"@type":"WebPage","@id":"https:\/\/skaitytaknyga.lt\/produktas\/geros-nuotaikos-vadovas\/","url":"https:\/\/skaitytaknyga.lt\/produktas\/geros-nuotaikos-vadovas\/","name":"Geros nuotaikos vadovas","isPartOf":{"@id":"https:\/\/skaitytaknyga.lt\/#website"},"primaryImageOfPage":{"@id":"https:\/\/skaitytaknyga.lt\/produktas\/geros-nuotaikos-vadovas\/#primaryimage"},"image":{"@id":"https:\/\/skaitytaknyga.lt\/produktas\/geros-nuotaikos-vadovas\/#primaryimage"},"thumbnailUrl":"https:\/\/skaitytaknyga.lt\/wp-content\/uploads\/2026\/03\/Geros-nuotaikos-vadovas-e1773163928246.webp","datePublished":"2026-03-10T16:09:51+00:00","dateModified":"2026-03-11T09:02:42+00:00","description":"Ar galima tik\u0117tis, kad rimta knyga apie psichoterapij\u0105 ir jos metodus bus lengvai suprantama tiek profesionalui, tiek paprastam skaitytojui? Kad i\u0161samiai","breadcrumb":{"@id":"https:\/\/skaitytaknyga.lt\/produktas\/geros-nuotaikos-vadovas\/#breadcrumb"},"inLanguage":"en-GB","potentialAction":[{"@type":"ReadAction","target":["https:\/\/skaitytaknyga.lt\/produktas\/geros-nuotaikos-vadovas\/"]}]},{"@type":"ImageObject","inLanguage":"en-GB","@id":"https:\/\/skaitytaknyga.lt\/produktas\/geros-nuotaikos-vadovas\/#primaryimage","url":"https:\/\/skaitytaknyga.lt\/wp-content\/uploads\/2026\/03\/Geros-nuotaikos-vadovas-e1773163928246.webp","contentUrl":"https:\/\/skaitytaknyga.lt\/wp-content\/uploads\/2026\/03\/Geros-nuotaikos-vadovas-e1773163928246.webp","width":300,"height":431,"caption":"Geros nuotaikos vadovas"},{"@type":"BreadcrumbList","@id":"https:\/\/skaitytaknyga.lt\/produktas\/geros-nuotaikos-vadovas\/#breadcrumb","itemListElement":[{"@type":"ListItem","position":1,"name":"Home","item":"https:\/\/skaitytaknyga.lt\/"},{"@type":"ListItem","position":2,"name":"Parduotuv\u0117","item":"https:\/\/skaitytaknyga.lt\/knygu-parduotuve\/"},{"@type":"ListItem","position":3,"name":"Geros nuotaikos vadovas"}]},{"@type":"WebSite","@id":"https:\/\/skaitytaknyga.lt\/#website","url":"https:\/\/skaitytaknyga.lt\/","name":"skaitytaknyga.lt","description":"Skaitytaknyga.lt \u2013 tai ma\u017eas \u0161eimos verslas, kuris prasid\u0117jo nuo meil\u0117s knygoms ir siekio i\u0161gelb\u0117ti knygas nuo likimo prie konteinerio. Kas vienam nereikalingas daiktas \u2013 kitam lobis, o mes esame tarpininkai, kurie padeda abiems tapti laimingesniems ???? \u017dinome kaip nelengva i\u0161gyventi ma\u017eiems verslams, tad nuo \u0161iol, \u010dia rasite ir kit\u0173, ma\u017e\u0173 \u0161eim\u0173 versl\u0173, rank\u0173 darbo, dovan\u0173 sau ir artimiesiems.","publisher":{"@id":"https:\/\/skaitytaknyga.lt\/#organization"},"potentialAction":[{"@type":"SearchAction","target":{"@type":"EntryPoint","urlTemplate":"https:\/\/skaitytaknyga.lt\/?s={search_term_string}"},"query-input":{"@type":"PropertyValueSpecification","valueRequired":true,"valueName":"search_term_string"}}],"inLanguage":"en-GB"},{"@type":"Organization","@id":"https:\/\/skaitytaknyga.lt\/#organization","name":"skaitytaknyga.lt","url":"https:\/\/skaitytaknyga.lt\/","logo":{"@type":"ImageObject","inLanguage":"en-GB","@id":"https:\/\/skaitytaknyga.lt\/#\/schema\/logo\/image\/","url":"https:\/\/skaitytaknyga.lt\/wp-content\/uploads\/2024\/05\/cropped-cropped-cropped-02_00843_jt3bggkj1j3HLc7SyY6rEUpg.jpeg","contentUrl":"https:\/\/skaitytaknyga.lt\/wp-content\/uploads\/2024\/05\/cropped-cropped-cropped-02_00843_jt3bggkj1j3HLc7SyY6rEUpg.jpeg","width":1600,"height":1600,"caption":"skaitytaknyga.lt"},"image":{"@id":"https:\/\/skaitytaknyga.lt\/#\/schema\/logo\/image\/"},"sameAs":["https:\/\/www.facebook.com\/skaitytaknyga\/"]}]}},"_links":{"self":[{"href":"https:\/\/skaitytaknyga.lt\/en\/wp-json\/wp\/v2\/product\/24659","targetHints":{"allow":["GET"]}}],"collection":[{"href":"https:\/\/skaitytaknyga.lt\/en\/wp-json\/wp\/v2\/product"}],"about":[{"href":"https:\/\/skaitytaknyga.lt\/en\/wp-json\/wp\/v2\/types\/product"}],"replies":[{"embeddable":true,"href":"https:\/\/skaitytaknyga.lt\/en\/wp-json\/wp\/v2\/comments?post=24659"}],"wp:featuredmedia":[{"embeddable":true,"href":"https:\/\/skaitytaknyga.lt\/en\/wp-json\/wp\/v2\/media\/24669"}],"wp:attachment":[{"href":"https:\/\/skaitytaknyga.lt\/en\/wp-json\/wp\/v2\/media?parent=24659"}],"wp:term":[{"taxonomy":"product_brand","embeddable":true,"href":"https:\/\/skaitytaknyga.lt\/en\/wp-json\/wp\/v2\/product_brand?post=24659"},{"taxonomy":"product_cat","embeddable":true,"href":"https:\/\/skaitytaknyga.lt\/en\/wp-json\/wp\/v2\/product_cat?post=24659"},{"taxonomy":"product_tag","embeddable":true,"href":"https:\/\/skaitytaknyga.lt\/en\/wp-json\/wp\/v2\/product_tag?post=24659"}],"curies":[{"name":"wp","href":"https:\/\/api.w.org\/{rel}","templated":true}]}}