{"id":24658,"date":"2026-03-10T18:09:51","date_gmt":"2026-03-10T16:09:51","guid":{"rendered":"https:\/\/skaitytaknyga.lt\/?post_type=product&#038;p=24658"},"modified":"2026-03-11T11:02:42","modified_gmt":"2026-03-11T09:02:42","slug":"islikimo-vadovas","status":"publish","type":"product","link":"https:\/\/skaitytaknyga.lt\/en\/produktas\/islikimo-vadovas\/","title":{"rendered":"I\u0161likimo vadovas"},"content":{"rendered":"<p>Kaip elgtumeisi tropiniame mi\u0161ke, jei draugui \u012fk\u0105st\u0173 nuodingas vabzdys ar gyvat\u0117? Ar \u017einotum, kokio maisto ir kur ie\u0161koti dykumoje? Ar mok\u0117tum i\u0161sirinkti ger\u0105 peil\u012f ir \u017einotum, kaip ir kada palikti laiv\u0105? \u201eI\u0161likimo vadovas\u201c \u017eino atsakymus \u012f \u0161iuos ir galyb\u0119 kit\u0173 klausim\u0173, nuo kuri\u0173 gali priklausyti tavo gyvyb\u0117.<br \/>\n  Perskait\u0119 \u0161ia knyga su\u017einosite: <\/p>\n<p>Kaip i\u0161naudoti visk\u0105, k\u0105 randi gamtoje.<br \/>\nKaip patraukti d\u0117mes\u012f, kad gelb\u0117tojai tave surast\u0173.<br \/>\nKaip rasti keli\u0105 ne\u017einomoje teritorijoje, kad sugr\u012f\u017etum \u012f civilizacij\u0105, kai neb\u0117ra vilties sulaukti gelb\u0117toj\u0173.<br \/>\nKaip apsieiti be joki\u0173 \u017eem\u0117lapi\u0173 ar kompas\u0173.<br \/>\nKaip tausoti sveikat\u0105.<br \/>\nO susirgus ar susi\u017eeidus, kaip mok\u0117ti gydytis ar pad\u0117ti kitiems.<br \/>\nAtsid\u016br\u0119 ekstremalioje situacijoje, bet kok\u012f turim\u0105 daikt\u0105 galite laikyti dovana. Be jokios \u012frangos netur\u0117tum\u0117te jaustis kaip be rank\u0173, nes visada galite pasitelkti \u012fg\u016bd\u017eius bei patirt\u012f. Ta\u010diau tiems \u012fg\u016bd\u017eiams ir patir\u010diai nevalia leisti apdulk\u0117ti, tod\u0117l privalu nuolat gilinti turimas \u017einias.<\/p>\n","protected":false},"excerpt":{"rendered":"<p>Kaip elgtumeisi tropiniame mi\u0161ke, jei draugui \u012fk\u0105st\u0173 nuodingas vabzdys ar gyvat\u0117? Ar \u017einotum, kokio maisto ir kur ie\u0161koti dykumoje? Ar mok\u0117tum i\u0161sirinkti ger\u0105 peil\u012f ir \u017einotum, kaip ir kada palikti laiv\u0105? \u201eI\u0161likimo vadovas\u201c \u017eino atsakymus \u012f \u0161iuos ir galyb\u0119 kit\u0173 klausim\u0173, nuo kuri\u0173 gali priklausyti tavo gyvyb\u0117. Perskait\u0119 \u0161ia knyga su\u017einosite: Kaip i\u0161naudoti visk\u0105, k\u0105 randi gamtoje. Kaip patraukti d\u0117mes\u012f, kad gelb\u0117tojai tave surast\u0173. Kaip rasti keli\u0105 ne\u017einomoje teritorijoje, kad sugr\u012f\u017etum \u012f civilizacij\u0105, kai neb\u0117ra vilties sulaukti gelb\u0117toj\u0173. Kaip apsieiti be joki\u0173 \u017eem\u0117lapi\u0173 ar kompas\u0173. Kaip tausoti sveikat\u0105. O susirgus ar susi\u017eeidus, kaip mok\u0117ti gydytis ar pad\u0117ti kitiems. Atsid\u016br\u0119 ekstremalioje situacijoje, bet kok\u012f turim\u0105 daikt\u0105 galite laikyti dovana. Be jokios \u012frangos netur\u0117tum\u0117te jaustis kaip be rank\u0173, nes visada galite pasitelkti \u012fg\u016bd\u017eius bei patirt\u012f. Ta\u010diau tiems \u012fg\u016bd\u017eiams ir patir\u010diai nevalia leisti apdulk\u0117ti, tod\u0117l privalu nuolat gilinti turimas \u017einias.<\/p>\n","protected":false},"featured_media":24668,"comment_status":"open","ping_status":"closed","template":"","meta":{"_acf_changed":false,"site-sidebar-layout":"default","site-content-layout":"","ast-site-content-layout":"default","site-content-style":"default","site-sidebar-style":"default","ast-global-header-display":"","ast-banner-title-visibility":"","ast-main-header-display":"","ast-hfb-above-header-display":"","ast-hfb-below-header-display":"","ast-hfb-mobile-header-display":"","site-post-title":"","ast-breadcrumbs-content":"","ast-featured-img":"","footer-sml-layout":"","ast-disable-related-posts":"","theme-transparent-header-meta":"","adv-header-id-meta":"","stick-header-meta":"","header-above-stick-meta":"","header-main-stick-meta":"","header-below-stick-meta":"","astra-migrate-meta-layouts":"default","ast-page-background-enabled":"default","ast-page-background-meta":{"desktop":{"background-color":"","background-image":"","background-repeat":"repeat","background-position":"center center","background-size":"auto","background-attachment":"scroll","background-type":"","background-media":"","overlay-type":"","overlay-color":"","overlay-opacity":"","overlay-gradient":""},"tablet":{"background-color":"","background-image":"","background-repeat":"repeat","background-position":"center center","background-size":"auto","background-attachment":"scroll","background-type":"","background-media":"","overlay-type":"","overlay-color":"","overlay-opacity":"","overlay-gradient":""},"mobile":{"background-color":"","background-image":"","background-repeat":"repeat","background-position":"center center","background-size":"auto","background-attachment":"scroll","background-type":"","background-media":"","overlay-type":"","overlay-color":"","overlay-opacity":"","overlay-gradient":""}},"ast-content-background-meta":{"desktop":{"background-color":"var(--ast-global-color-4)","background-image":"","background-repeat":"repeat","background-position":"center center","background-size":"auto","background-attachment":"scroll","background-type":"","background-media":"","overlay-type":"","overlay-color":"","overlay-opacity":"","overlay-gradient":""},"tablet":{"background-color":"var(--ast-global-color-4)","background-image":"","background-repeat":"repeat","background-position":"center center","background-size":"auto","background-attachment":"scroll","background-type":"","background-media":"","overlay-type":"","overlay-color":"","overlay-opacity":"","overlay-gradient":""},"mobile":{"background-color":"var(--ast-global-color-4)","background-image":"","background-repeat":"repeat","background-position":"center center","background-size":"auto","background-attachment":"scroll","background-type":"","background-media":"","overlay-type":"","overlay-color":"","overlay-opacity":"","overlay-gradient":""}}},"product_brand":[],"product_cat":[269],"product_tag":[9755],"class_list":{"0":"post-24658","1":"product","2":"type-product","3":"status-publish","4":"has-post-thumbnail","6":"product_cat-gamtos-mokslai","7":"product_tag-john-wiseman","8":"desktop-align-left","9":"tablet-align-left","10":"mobile-align-left","12":"first","13":"instock","14":"shipping-taxable","15":"purchasable","16":"product-type-simple"},"acf":[],"yoast_head":"<!-- This site is optimized with the Yoast SEO plugin v27.0 - https:\/\/yoast.com\/product\/yoast-seo-wordpress\/ -->\n<title>I\u0161likimo vadovas<\/title>\n<meta name=\"description\" content=\"Kaip elgtumeisi tropiniame mi\u0161ke, jei draugui \u012fk\u0105st\u0173 nuodingas vabzdys ar gyvat\u0117? Ar \u017einotum, kokio maisto ir kur ie\u0161koti dykumoje? Ar mok\u0117tum i\u0161sirinkti\" \/>\n<meta name=\"robots\" content=\"index, follow, max-snippet:-1, max-image-preview:large, max-video-preview:-1\" \/>\n<link rel=\"canonical\" href=\"https:\/\/skaitytaknyga.lt\/en\/produktas\/islikimo-vadovas\/\" \/>\n<meta property=\"og:locale\" content=\"en_GB\" \/>\n<meta property=\"og:locale:alternate\" content=\"lt_LT\" \/>\n<meta property=\"og:type\" content=\"article\" \/>\n<meta property=\"og:title\" content=\"I\u0161likimo vadovas\" \/>\n<meta property=\"og:description\" content=\"Kaip elgtumeisi tropiniame mi\u0161ke, jei draugui \u012fk\u0105st\u0173 nuodingas vabzdys ar gyvat\u0117? Ar \u017einotum, kokio maisto ir kur ie\u0161koti dykumoje? Ar mok\u0117tum i\u0161sirinkti\" \/>\n<meta property=\"og:url\" content=\"https:\/\/skaitytaknyga.lt\/en\/produktas\/islikimo-vadovas\/\" \/>\n<meta property=\"og:site_name\" content=\"Skaitytaknyga\" \/>\n<meta property=\"article:publisher\" content=\"https:\/\/www.facebook.com\/skaitytaknyga\/\" \/>\n<meta property=\"article:modified_time\" content=\"2026-03-11T09:02:42+00:00\" \/>\n<meta property=\"og:image\" content=\"https:\/\/skaitytaknyga.lt\/wp-content\/uploads\/2026\/03\/Islikimo-vadovas.webp\" \/>\n\t<meta property=\"og:image:width\" content=\"588\" \/>\n\t<meta property=\"og:image:height\" content=\"801\" \/>\n\t<meta property=\"og:image:type\" content=\"image\/webp\" \/>\n<meta name=\"twitter:card\" content=\"summary_large_image\" \/>\n<meta name=\"twitter:label1\" content=\"Estimated reading time\" \/>\n\t<meta name=\"twitter:data1\" content=\"1 minute\" \/>\n<script type=\"application\/ld+json\" class=\"yoast-schema-graph\">{\"@context\":\"https:\/\/schema.org\",\"@graph\":[{\"@type\":\"WebPage\",\"@id\":\"https:\/\/skaitytaknyga.lt\/produktas\/islikimo-vadovas\/\",\"url\":\"https:\/\/skaitytaknyga.lt\/produktas\/islikimo-vadovas\/\",\"name\":\"I\u0161likimo vadovas\",\"isPartOf\":{\"@id\":\"https:\/\/skaitytaknyga.lt\/#website\"},\"primaryImageOfPage\":{\"@id\":\"https:\/\/skaitytaknyga.lt\/produktas\/islikimo-vadovas\/#primaryimage\"},\"image\":{\"@id\":\"https:\/\/skaitytaknyga.lt\/produktas\/islikimo-vadovas\/#primaryimage\"},\"thumbnailUrl\":\"https:\/\/skaitytaknyga.lt\/wp-content\/uploads\/2026\/03\/Islikimo-vadovas.webp\",\"datePublished\":\"2026-03-10T16:09:51+00:00\",\"dateModified\":\"2026-03-11T09:02:42+00:00\",\"description\":\"Kaip elgtumeisi tropiniame mi\u0161ke, jei draugui \u012fk\u0105st\u0173 nuodingas vabzdys ar gyvat\u0117? Ar \u017einotum, kokio maisto ir kur ie\u0161koti dykumoje? Ar mok\u0117tum i\u0161sirinkti\",\"breadcrumb\":{\"@id\":\"https:\/\/skaitytaknyga.lt\/produktas\/islikimo-vadovas\/#breadcrumb\"},\"inLanguage\":\"en-GB\",\"potentialAction\":[{\"@type\":\"ReadAction\",\"target\":[\"https:\/\/skaitytaknyga.lt\/produktas\/islikimo-vadovas\/\"]}]},{\"@type\":\"ImageObject\",\"inLanguage\":\"en-GB\",\"@id\":\"https:\/\/skaitytaknyga.lt\/produktas\/islikimo-vadovas\/#primaryimage\",\"url\":\"https:\/\/skaitytaknyga.lt\/wp-content\/uploads\/2026\/03\/Islikimo-vadovas.webp\",\"contentUrl\":\"https:\/\/skaitytaknyga.lt\/wp-content\/uploads\/2026\/03\/Islikimo-vadovas.webp\",\"width\":588,\"height\":801,\"caption\":\"I\u0161likimo vadovas\"},{\"@type\":\"BreadcrumbList\",\"@id\":\"https:\/\/skaitytaknyga.lt\/produktas\/islikimo-vadovas\/#breadcrumb\",\"itemListElement\":[{\"@type\":\"ListItem\",\"position\":1,\"name\":\"Home\",\"item\":\"https:\/\/skaitytaknyga.lt\/\"},{\"@type\":\"ListItem\",\"position\":2,\"name\":\"Parduotuv\u0117\",\"item\":\"https:\/\/skaitytaknyga.lt\/knygu-parduotuve\/\"},{\"@type\":\"ListItem\",\"position\":3,\"name\":\"I\u0161likimo vadovas\"}]},{\"@type\":\"WebSite\",\"@id\":\"https:\/\/skaitytaknyga.lt\/#website\",\"url\":\"https:\/\/skaitytaknyga.lt\/\",\"name\":\"skaitytaknyga.lt\",\"description\":\"Skaitytaknyga.lt \u2013 tai ma\u017eas \u0161eimos verslas, kuris prasid\u0117jo nuo meil\u0117s knygoms ir siekio i\u0161gelb\u0117ti knygas nuo likimo prie konteinerio. Kas vienam nereikalingas daiktas \u2013 kitam lobis, o mes esame tarpininkai, kurie padeda abiems tapti laimingesniems ???? \u017dinome kaip nelengva i\u0161gyventi ma\u017eiems verslams, tad nuo \u0161iol, \u010dia rasite ir kit\u0173, ma\u017e\u0173 \u0161eim\u0173 versl\u0173, rank\u0173 darbo, dovan\u0173 sau ir artimiesiems.\",\"publisher\":{\"@id\":\"https:\/\/skaitytaknyga.lt\/#organization\"},\"potentialAction\":[{\"@type\":\"SearchAction\",\"target\":{\"@type\":\"EntryPoint\",\"urlTemplate\":\"https:\/\/skaitytaknyga.lt\/?s={search_term_string}\"},\"query-input\":{\"@type\":\"PropertyValueSpecification\",\"valueRequired\":true,\"valueName\":\"search_term_string\"}}],\"inLanguage\":\"en-GB\"},{\"@type\":\"Organization\",\"@id\":\"https:\/\/skaitytaknyga.lt\/#organization\",\"name\":\"skaitytaknyga.lt\",\"url\":\"https:\/\/skaitytaknyga.lt\/\",\"logo\":{\"@type\":\"ImageObject\",\"inLanguage\":\"en-GB\",\"@id\":\"https:\/\/skaitytaknyga.lt\/#\/schema\/logo\/image\/\",\"url\":\"https:\/\/skaitytaknyga.lt\/wp-content\/uploads\/2024\/05\/cropped-cropped-cropped-02_00843_jt3bggkj1j3HLc7SyY6rEUpg.jpeg\",\"contentUrl\":\"https:\/\/skaitytaknyga.lt\/wp-content\/uploads\/2024\/05\/cropped-cropped-cropped-02_00843_jt3bggkj1j3HLc7SyY6rEUpg.jpeg\",\"width\":1600,\"height\":1600,\"caption\":\"skaitytaknyga.lt\"},\"image\":{\"@id\":\"https:\/\/skaitytaknyga.lt\/#\/schema\/logo\/image\/\"},\"sameAs\":[\"https:\/\/www.facebook.com\/skaitytaknyga\/\"]}]}<\/script>\n<!-- \/ Yoast SEO plugin. -->","yoast_head_json":{"title":"I\u0161likimo vadovas","description":"Kaip elgtumeisi tropiniame mi\u0161ke, jei draugui \u012fk\u0105st\u0173 nuodingas vabzdys ar gyvat\u0117? Ar \u017einotum, kokio maisto ir kur ie\u0161koti dykumoje? Ar mok\u0117tum i\u0161sirinkti","robots":{"index":"index","follow":"follow","max-snippet":"max-snippet:-1","max-image-preview":"max-image-preview:large","max-video-preview":"max-video-preview:-1"},"canonical":"https:\/\/skaitytaknyga.lt\/en\/produktas\/islikimo-vadovas\/","og_locale":"en_GB","og_type":"article","og_title":"[:lt]I\u0161likimo vadovas[:] - Skaitytaknyga","og_description":"Kaip elgtumeisi tropiniame mi\u0161ke, jei draugui \u012fk\u0105st\u0173 nuodingas vabzdys ar gyvat\u0117? Ar \u017einotum, kokio maisto ir kur ie\u0161koti dykumoje? Ar mok\u0117tum i\u0161sirinkti","og_url":"https:\/\/skaitytaknyga.lt\/en\/produktas\/islikimo-vadovas\/","og_site_name":"Skaitytaknyga","article_publisher":"https:\/\/www.facebook.com\/skaitytaknyga\/","article_modified_time":"2026-03-11T09:02:42+00:00","og_image":[{"width":588,"height":801,"url":"https:\/\/skaitytaknyga.lt\/wp-content\/uploads\/2026\/03\/Islikimo-vadovas.webp","type":"image\/webp"}],"twitter_card":"summary_large_image","twitter_misc":{"Estimated reading time":"1 minute"},"schema":{"@context":"https:\/\/schema.org","@graph":[{"@type":"WebPage","@id":"https:\/\/skaitytaknyga.lt\/produktas\/islikimo-vadovas\/","url":"https:\/\/skaitytaknyga.lt\/produktas\/islikimo-vadovas\/","name":"I\u0161likimo vadovas","isPartOf":{"@id":"https:\/\/skaitytaknyga.lt\/#website"},"primaryImageOfPage":{"@id":"https:\/\/skaitytaknyga.lt\/produktas\/islikimo-vadovas\/#primaryimage"},"image":{"@id":"https:\/\/skaitytaknyga.lt\/produktas\/islikimo-vadovas\/#primaryimage"},"thumbnailUrl":"https:\/\/skaitytaknyga.lt\/wp-content\/uploads\/2026\/03\/Islikimo-vadovas.webp","datePublished":"2026-03-10T16:09:51+00:00","dateModified":"2026-03-11T09:02:42+00:00","description":"Kaip elgtumeisi tropiniame mi\u0161ke, jei draugui \u012fk\u0105st\u0173 nuodingas vabzdys ar gyvat\u0117? Ar \u017einotum, kokio maisto ir kur ie\u0161koti dykumoje? Ar mok\u0117tum i\u0161sirinkti","breadcrumb":{"@id":"https:\/\/skaitytaknyga.lt\/produktas\/islikimo-vadovas\/#breadcrumb"},"inLanguage":"en-GB","potentialAction":[{"@type":"ReadAction","target":["https:\/\/skaitytaknyga.lt\/produktas\/islikimo-vadovas\/"]}]},{"@type":"ImageObject","inLanguage":"en-GB","@id":"https:\/\/skaitytaknyga.lt\/produktas\/islikimo-vadovas\/#primaryimage","url":"https:\/\/skaitytaknyga.lt\/wp-content\/uploads\/2026\/03\/Islikimo-vadovas.webp","contentUrl":"https:\/\/skaitytaknyga.lt\/wp-content\/uploads\/2026\/03\/Islikimo-vadovas.webp","width":588,"height":801,"caption":"I\u0161likimo vadovas"},{"@type":"BreadcrumbList","@id":"https:\/\/skaitytaknyga.lt\/produktas\/islikimo-vadovas\/#breadcrumb","itemListElement":[{"@type":"ListItem","position":1,"name":"Home","item":"https:\/\/skaitytaknyga.lt\/"},{"@type":"ListItem","position":2,"name":"Parduotuv\u0117","item":"https:\/\/skaitytaknyga.lt\/knygu-parduotuve\/"},{"@type":"ListItem","position":3,"name":"I\u0161likimo vadovas"}]},{"@type":"WebSite","@id":"https:\/\/skaitytaknyga.lt\/#website","url":"https:\/\/skaitytaknyga.lt\/","name":"skaitytaknyga.lt","description":"Skaitytaknyga.lt \u2013 tai ma\u017eas \u0161eimos verslas, kuris prasid\u0117jo nuo meil\u0117s knygoms ir siekio i\u0161gelb\u0117ti knygas nuo likimo prie konteinerio. Kas vienam nereikalingas daiktas \u2013 kitam lobis, o mes esame tarpininkai, kurie padeda abiems tapti laimingesniems ???? \u017dinome kaip nelengva i\u0161gyventi ma\u017eiems verslams, tad nuo \u0161iol, \u010dia rasite ir kit\u0173, ma\u017e\u0173 \u0161eim\u0173 versl\u0173, rank\u0173 darbo, dovan\u0173 sau ir artimiesiems.","publisher":{"@id":"https:\/\/skaitytaknyga.lt\/#organization"},"potentialAction":[{"@type":"SearchAction","target":{"@type":"EntryPoint","urlTemplate":"https:\/\/skaitytaknyga.lt\/?s={search_term_string}"},"query-input":{"@type":"PropertyValueSpecification","valueRequired":true,"valueName":"search_term_string"}}],"inLanguage":"en-GB"},{"@type":"Organization","@id":"https:\/\/skaitytaknyga.lt\/#organization","name":"skaitytaknyga.lt","url":"https:\/\/skaitytaknyga.lt\/","logo":{"@type":"ImageObject","inLanguage":"en-GB","@id":"https:\/\/skaitytaknyga.lt\/#\/schema\/logo\/image\/","url":"https:\/\/skaitytaknyga.lt\/wp-content\/uploads\/2024\/05\/cropped-cropped-cropped-02_00843_jt3bggkj1j3HLc7SyY6rEUpg.jpeg","contentUrl":"https:\/\/skaitytaknyga.lt\/wp-content\/uploads\/2024\/05\/cropped-cropped-cropped-02_00843_jt3bggkj1j3HLc7SyY6rEUpg.jpeg","width":1600,"height":1600,"caption":"skaitytaknyga.lt"},"image":{"@id":"https:\/\/skaitytaknyga.lt\/#\/schema\/logo\/image\/"},"sameAs":["https:\/\/www.facebook.com\/skaitytaknyga\/"]}]}},"_links":{"self":[{"href":"https:\/\/skaitytaknyga.lt\/en\/wp-json\/wp\/v2\/product\/24658","targetHints":{"allow":["GET"]}}],"collection":[{"href":"https:\/\/skaitytaknyga.lt\/en\/wp-json\/wp\/v2\/product"}],"about":[{"href":"https:\/\/skaitytaknyga.lt\/en\/wp-json\/wp\/v2\/types\/product"}],"replies":[{"embeddable":true,"href":"https:\/\/skaitytaknyga.lt\/en\/wp-json\/wp\/v2\/comments?post=24658"}],"wp:featuredmedia":[{"embeddable":true,"href":"https:\/\/skaitytaknyga.lt\/en\/wp-json\/wp\/v2\/media\/24668"}],"wp:attachment":[{"href":"https:\/\/skaitytaknyga.lt\/en\/wp-json\/wp\/v2\/media?parent=24658"}],"wp:term":[{"taxonomy":"product_brand","embeddable":true,"href":"https:\/\/skaitytaknyga.lt\/en\/wp-json\/wp\/v2\/product_brand?post=24658"},{"taxonomy":"product_cat","embeddable":true,"href":"https:\/\/skaitytaknyga.lt\/en\/wp-json\/wp\/v2\/product_cat?post=24658"},{"taxonomy":"product_tag","embeddable":true,"href":"https:\/\/skaitytaknyga.lt\/en\/wp-json\/wp\/v2\/product_tag?post=24658"}],"curies":[{"name":"wp","href":"https:\/\/api.w.org\/{rel}","templated":true}]}}