{"id":2465,"date":"2024-04-17T16:12:42","date_gmt":"2024-04-17T13:12:42","guid":{"rendered":"https:\/\/skaitytaknyga.lt\/?post_type=product&#038;p=2465"},"modified":"2025-04-09T20:44:27","modified_gmt":"2025-04-09T17:44:27","slug":"e-ferrante-apleisties-dienos","status":"publish","type":"product","link":"https:\/\/skaitytaknyga.lt\/en\/produktas\/e-ferrante-apleisties-dienos\/","title":{"rendered":"E. Ferrante \u201eApleisties dienos\u201c"},"content":{"rendered":"<p>Tykiai. Ramiai. Taip prasideda ir baigiasi\u00a0Elenos Ferrante\u00a0romanas. Ta\u010diau \u0161i ramyb\u0117 apgaulinga \u2013 santuokos kriz\u0117, skyryb\u0173 drama, auganti \u012ftampa ir skaud\u016bs klausimai apie \u0161eim\u0105, apie sav\u0119s kaip moters vert\u0119 atgr\u0119\u017eia nefasadin\u0119 gyvenimo pus\u0119.<\/p>\n<p>Marijus, romano heroj\u0117s neapoliet\u0117s Olgos vyras, namus palieka tada, kai i\u0161 pa\u017ei\u016bros viskas teka \u012fprasta vaga. Tiesiog i\u0161eina. \u0160oko i\u0161tikta moteris pama\u017eu ima sk\u0119sti depresijos ir neapykantos li\u016bne, apleid\u017eia vaikus ir \u0161un\u012f, nebesiorientuoja tikrov\u0117je ir po truput\u012f virsta i\u0161prot\u0117jusia vyro palikta \u201evarg\u0161ele&#8221; i\u0161 savo vaikyst\u0117s kvartalo.<\/p>\n<p>Visas jos gyvenimas \u0161eimoje buvo sav\u0173 poreiki\u0173 ir jausm\u0173 tramdymas. Nei\u0161tarti, nutyl\u0117ti \u017eod\u017eiai. Joki\u0173 riksm\u0173. Joki\u0173 priekai\u0161t\u0173. Visada patogi vyrui ir vaikams.<\/p>\n<p>Gal atsipeik\u0117ti ir \u012fsiklausyti \u012f t\u0173 nei\u0161tart\u0173 \u017eod\u017ei\u0173 tyl\u0105 ji tur\u0117jo anks\u010diau? Kokias frazes anuomet nutyl\u0117jo, kad i\u0161tart\u0173 visai kitas? Ko ir kiek jie abu atsisak\u0117 per savo bendr\u0105 gyvenim\u0105? Kas i\u0161 ties\u0173 juodu siejo?<br \/>\n\u201eTuriu v\u0117l i\u0161mokti ramaus \u017eingsnio kaip \u017emogus, \u017ein\u0105s, kur eina ir kod\u0117l.&#8221; Romanas pama\u017eu veda skaitytoj\u0105 \u0161ia kryptimi \u2013 \u012f sav\u0119s atgavim\u0105, heroj\u0117 v\u0117l ima semtis ry\u017eto ir j\u0117gos i\u0161 sav\u0119s pa\u010dios, nes gyvenimas, geriau pagalvojus, viso labo ir yra \u201ed\u017eiaugsmo pli\u016bpsnis, skausmo d\u016bris, smarkus malonumas, po oda tvinksin\u010dios venos, n\u0117ra kit\u0173 tikr\u0173 dalyk\u0173, kuriuos b\u016bt\u0173 galima papasakoti&#8221;.<\/p>\n<ul class=\"about-product d-none d-xl-block mt-4\">\n<li><strong>Originalus pavadinimas:<\/strong>\u00a0I GIORNI DELL\u2019ABBANDONO<\/li>\n<li><strong>Autorius:<\/strong><a href=\"https:\/\/skaitytaknyga.lt\/?s=%C2%A0Elena+Ferrante&#038;post_type=product&#038;dgwt_wcas=1\">\u00a0<\/a><a href=\"https:\/\/www.knygos.lt\/lt\/knygos\/autorius\/elena-ferrante\/\">Elena Ferrante<\/a><\/li>\n<li><strong>Leid\u0117jas:<\/strong>\u00a0Alma littera<\/li>\n<li><strong>Metai:<\/strong>\u00a02019<\/li>\n<li><strong>Puslapiai:<\/strong>\u00a0200<\/li>\n<li><strong>ISBN:<\/strong>\u00a09786090137161<\/li>\n<li><strong>Versijos kodas:<\/strong>\u00a0PT.<\/li>\n<li><strong>Formatas:<\/strong>\u00a014,3 x 23,5 x 2,1 cm, kieti vir\u0161eliai<\/li>\n<li><strong>Kalba:<\/strong>\u00a0Lietuvi\u0173<\/li>\n<li><strong>Vert\u0117jas:<\/strong>\u00a0Ieva Ma\u017eeikait\u0117-Frigerio<\/li>\n<\/ul>\n","protected":false},"excerpt":{"rendered":"<p>Tykiai. Ramiai. Taip prasideda ir baigiasi\u00a0Elenos Ferrante\u00a0romanas. Ta\u010diau \u0161i ramyb\u0117 apgaulinga \u2013 santuokos kriz\u0117, skyryb\u0173 drama, auganti \u012ftampa ir skaud\u016bs klausimai apie \u0161eim\u0105, apie sav\u0119s kaip moters vert\u0119 atgr\u0119\u017eia nefasadin\u0119 gyvenimo pus\u0119. Marijus, romano heroj\u0117s neapoliet\u0117s Olgos vyras, namus palieka tada, kai i\u0161 pa\u017ei\u016bros viskas teka \u012fprasta vaga. Tiesiog i\u0161eina. \u0160oko i\u0161tikta moteris pama\u017eu ima sk\u0119sti depresijos ir neapykantos li\u016bne, apleid\u017eia vaikus ir \u0161un\u012f, nebesiorientuoja tikrov\u0117je ir po truput\u012f virsta i\u0161prot\u0117jusia vyro palikta \u201evarg\u0161ele&#8221; i\u0161 savo vaikyst\u0117s kvartalo. Visas jos gyvenimas \u0161eimoje buvo sav\u0173 poreiki\u0173 ir jausm\u0173 tramdymas. Nei\u0161tarti, nutyl\u0117ti \u017eod\u017eiai. Joki\u0173 riksm\u0173. Joki\u0173 priekai\u0161t\u0173. Visada patogi vyrui ir vaikams. Gal atsipeik\u0117ti ir \u012fsiklausyti \u012f t\u0173 nei\u0161tart\u0173 \u017eod\u017ei\u0173 tyl\u0105 ji tur\u0117jo anks\u010diau? Kokias frazes anuomet nutyl\u0117jo, kad i\u0161tart\u0173 visai kitas? Ko ir kiek jie abu atsisak\u0117 per savo bendr\u0105 gyvenim\u0105? Kas i\u0161 ties\u0173 juodu siejo? \u201eTuriu v\u0117l i\u0161mokti ramaus \u017eingsnio kaip \u017emogus, \u017ein\u0105s, kur eina ir kod\u0117l.&#8221; Romanas pama\u017eu veda skaitytoj\u0105 \u0161ia kryptimi \u2013 \u012f sav\u0119s atgavim\u0105, heroj\u0117 v\u0117l ima semtis ry\u017eto ir j\u0117gos i\u0161 sav\u0119s pa\u010dios, nes gyvenimas, geriau pagalvojus, viso labo ir yra \u201ed\u017eiaugsmo pli\u016bpsnis, skausmo d\u016bris, smarkus malonumas, po oda tvinksin\u010dios venos, n\u0117ra kit\u0173 tikr\u0173 dalyk\u0173, kuriuos b\u016bt\u0173 galima papasakoti&#8221;. Originalus pavadinimas:\u00a0I GIORNI DELL\u2019ABBANDONO Autorius:\u00a0Elena Ferrante Leid\u0117jas:\u00a0Alma littera Metai:\u00a02019 Puslapiai:\u00a0200 ISBN:\u00a09786090137161 Versijos kodas:\u00a0PT. Formatas:\u00a014,3 x 23,5 x 2,1 cm, kieti vir\u0161eliai Kalba:\u00a0Lietuvi\u0173 Vert\u0117jas:\u00a0Ieva Ma\u017eeikait\u0117-Frigerio<\/p>\n","protected":false},"featured_media":2518,"comment_status":"closed","ping_status":"closed","template":"","meta":{"_acf_changed":false,"site-sidebar-layout":"default","site-content-layout":"","ast-site-content-layout":"default","site-content-style":"default","site-sidebar-style":"default","ast-global-header-display":"","ast-banner-title-visibility":"","ast-main-header-display":"","ast-hfb-above-header-display":"","ast-hfb-below-header-display":"","ast-hfb-mobile-header-display":"","site-post-title":"","ast-breadcrumbs-content":"","ast-featured-img":"","footer-sml-layout":"","ast-disable-related-posts":"","theme-transparent-header-meta":"default","adv-header-id-meta":"","stick-header-meta":"","header-above-stick-meta":"","header-main-stick-meta":"","header-below-stick-meta":"","astra-migrate-meta-layouts":"set","ast-page-background-enabled":"default","ast-page-background-meta":{"desktop":{"background-color":"","background-image":"","background-repeat":"repeat","background-position":"center center","background-size":"auto","background-attachment":"scroll","background-type":"","background-media":"","overlay-type":"","overlay-color":"","overlay-opacity":"","overlay-gradient":""},"tablet":{"background-color":"","background-image":"","background-repeat":"repeat","background-position":"center center","background-size":"auto","background-attachment":"scroll","background-type":"","background-media":"","overlay-type":"","overlay-color":"","overlay-opacity":"","overlay-gradient":""},"mobile":{"background-color":"","background-image":"","background-repeat":"repeat","background-position":"center center","background-size":"auto","background-attachment":"scroll","background-type":"","background-media":"","overlay-type":"","overlay-color":"","overlay-opacity":"","overlay-gradient":""}},"ast-content-background-meta":{"desktop":{"background-color":"var(--ast-global-color-4)","background-image":"","background-repeat":"repeat","background-position":"center center","background-size":"auto","background-attachment":"scroll","background-type":"","background-media":"","overlay-type":"","overlay-color":"","overlay-opacity":"","overlay-gradient":""},"tablet":{"background-color":"var(--ast-global-color-4)","background-image":"","background-repeat":"repeat","background-position":"center center","background-size":"auto","background-attachment":"scroll","background-type":"","background-media":"","overlay-type":"","overlay-color":"","overlay-opacity":"","overlay-gradient":""},"mobile":{"background-color":"var(--ast-global-color-4)","background-image":"","background-repeat":"repeat","background-position":"center center","background-size":"auto","background-attachment":"scroll","background-type":"","background-media":"","overlay-type":"","overlay-color":"","overlay-opacity":"","overlay-gradient":""}}},"product_brand":[],"product_cat":[31],"product_tag":[],"class_list":{"0":"post-2465","1":"product","2":"type-product","3":"status-publish","4":"has-post-thumbnail","6":"product_cat-grozine-literatura","7":"desktop-align-left","8":"tablet-align-left","9":"mobile-align-left","11":"first","12":"outofstock","13":"shipping-taxable","14":"purchasable","15":"product-type-simple"},"acf":[],"yoast_head":"<!-- This site is optimized with the Yoast SEO plugin v27.0 - https:\/\/yoast.com\/product\/yoast-seo-wordpress\/ -->\n<title>E. Ferrante \u201eApleisties dienos\u201c<\/title>\n<meta name=\"description\" content=\"Tykiai. Ramiai. Taip prasideda ir baigiasi\u00a0Elenos Ferrante\u00a0romanas. Ta\u010diau \u0161i ramyb\u0117 apgaulinga \u2013 santuokos kriz\u0117, skyryb\u0173 drama, auganti \u012ftampa ir\" \/>\n<meta name=\"robots\" content=\"index, follow, max-snippet:-1, max-image-preview:large, max-video-preview:-1\" \/>\n<link rel=\"canonical\" href=\"https:\/\/skaitytaknyga.lt\/en\/produktas\/e-ferrante-apleisties-dienos\/\" \/>\n<meta property=\"og:locale\" content=\"en_GB\" \/>\n<meta property=\"og:locale:alternate\" content=\"lt_LT\" \/>\n<meta property=\"og:type\" content=\"article\" \/>\n<meta property=\"og:title\" content=\"E. Ferrante \u201eApleisties dienos\u201c\" \/>\n<meta property=\"og:description\" content=\"Tykiai. Ramiai. Taip prasideda ir baigiasi\u00a0Elenos Ferrante\u00a0romanas. Ta\u010diau \u0161i ramyb\u0117 apgaulinga \u2013 santuokos kriz\u0117, skyryb\u0173 drama, auganti \u012ftampa ir\" \/>\n<meta property=\"og:url\" content=\"https:\/\/skaitytaknyga.lt\/en\/produktas\/e-ferrante-apleisties-dienos\/\" \/>\n<meta property=\"og:site_name\" content=\"Skaitytaknyga\" \/>\n<meta property=\"article:publisher\" content=\"https:\/\/www.facebook.com\/skaitytaknyga\/\" \/>\n<meta property=\"article:modified_time\" content=\"2025-04-09T17:44:27+00:00\" \/>\n<meta property=\"og:image\" content=\"https:\/\/skaitytaknyga.lt\/wp-content\/uploads\/2024\/04\/20200818_154557_edited.jpg\" \/>\n\t<meta property=\"og:image:width\" content=\"1467\" \/>\n\t<meta property=\"og:image:height\" content=\"2439\" \/>\n\t<meta property=\"og:image:type\" content=\"image\/jpeg\" \/>\n<meta name=\"twitter:card\" content=\"summary_large_image\" \/>\n<meta name=\"twitter:label1\" content=\"Estimated reading time\" \/>\n\t<meta name=\"twitter:data1\" content=\"2 minutes\" \/>\n<script type=\"application\/ld+json\" class=\"yoast-schema-graph\">{\"@context\":\"https:\/\/schema.org\",\"@graph\":[{\"@type\":\"WebPage\",\"@id\":\"https:\/\/skaitytaknyga.lt\/produktas\/e-ferrante-apleisties-dienos\/\",\"url\":\"https:\/\/skaitytaknyga.lt\/produktas\/e-ferrante-apleisties-dienos\/\",\"name\":\"E. Ferrante \u201eApleisties dienos\u201c\",\"isPartOf\":{\"@id\":\"https:\/\/skaitytaknyga.lt\/#website\"},\"primaryImageOfPage\":{\"@id\":\"https:\/\/skaitytaknyga.lt\/produktas\/e-ferrante-apleisties-dienos\/#primaryimage\"},\"image\":{\"@id\":\"https:\/\/skaitytaknyga.lt\/produktas\/e-ferrante-apleisties-dienos\/#primaryimage\"},\"thumbnailUrl\":\"https:\/\/skaitytaknyga.lt\/wp-content\/uploads\/2024\/04\/20200818_154557_edited.jpg\",\"datePublished\":\"2024-04-17T13:12:42+00:00\",\"dateModified\":\"2025-04-09T17:44:27+00:00\",\"description\":\"Tykiai. Ramiai. Taip prasideda ir baigiasi\u00a0Elenos Ferrante\u00a0romanas. Ta\u010diau \u0161i ramyb\u0117 apgaulinga \u2013 santuokos kriz\u0117, skyryb\u0173 drama, auganti \u012ftampa ir\",\"breadcrumb\":{\"@id\":\"https:\/\/skaitytaknyga.lt\/produktas\/e-ferrante-apleisties-dienos\/#breadcrumb\"},\"inLanguage\":\"en-GB\",\"potentialAction\":[{\"@type\":\"ReadAction\",\"target\":[\"https:\/\/skaitytaknyga.lt\/produktas\/e-ferrante-apleisties-dienos\/\"]}]},{\"@type\":\"ImageObject\",\"inLanguage\":\"en-GB\",\"@id\":\"https:\/\/skaitytaknyga.lt\/produktas\/e-ferrante-apleisties-dienos\/#primaryimage\",\"url\":\"https:\/\/skaitytaknyga.lt\/wp-content\/uploads\/2024\/04\/20200818_154557_edited.jpg\",\"contentUrl\":\"https:\/\/skaitytaknyga.lt\/wp-content\/uploads\/2024\/04\/20200818_154557_edited.jpg\",\"width\":1467,\"height\":2439,\"caption\":\"20200818 154557 edited\"},{\"@type\":\"BreadcrumbList\",\"@id\":\"https:\/\/skaitytaknyga.lt\/produktas\/e-ferrante-apleisties-dienos\/#breadcrumb\",\"itemListElement\":[{\"@type\":\"ListItem\",\"position\":1,\"name\":\"Home\",\"item\":\"https:\/\/skaitytaknyga.lt\/\"},{\"@type\":\"ListItem\",\"position\":2,\"name\":\"Parduotuv\u0117\",\"item\":\"https:\/\/skaitytaknyga.lt\/knygu-parduotuve\/\"},{\"@type\":\"ListItem\",\"position\":3,\"name\":\"E. Ferrante \u201eApleisties dienos\u201c\"}]},{\"@type\":\"WebSite\",\"@id\":\"https:\/\/skaitytaknyga.lt\/#website\",\"url\":\"https:\/\/skaitytaknyga.lt\/\",\"name\":\"skaitytaknyga.lt\",\"description\":\"Skaitytaknyga.lt \u2013 tai ma\u017eas \u0161eimos verslas, kuris prasid\u0117jo nuo meil\u0117s knygoms ir siekio i\u0161gelb\u0117ti knygas nuo likimo prie konteinerio. Kas vienam nereikalingas daiktas \u2013 kitam lobis, o mes esame tarpininkai, kurie padeda abiems tapti laimingesniems ???? \u017dinome kaip nelengva i\u0161gyventi ma\u017eiems verslams, tad nuo \u0161iol, \u010dia rasite ir kit\u0173, ma\u017e\u0173 \u0161eim\u0173 versl\u0173, rank\u0173 darbo, dovan\u0173 sau ir artimiesiems.\",\"publisher\":{\"@id\":\"https:\/\/skaitytaknyga.lt\/#organization\"},\"potentialAction\":[{\"@type\":\"SearchAction\",\"target\":{\"@type\":\"EntryPoint\",\"urlTemplate\":\"https:\/\/skaitytaknyga.lt\/?s={search_term_string}\"},\"query-input\":{\"@type\":\"PropertyValueSpecification\",\"valueRequired\":true,\"valueName\":\"search_term_string\"}}],\"inLanguage\":\"en-GB\"},{\"@type\":\"Organization\",\"@id\":\"https:\/\/skaitytaknyga.lt\/#organization\",\"name\":\"skaitytaknyga.lt\",\"url\":\"https:\/\/skaitytaknyga.lt\/\",\"logo\":{\"@type\":\"ImageObject\",\"inLanguage\":\"en-GB\",\"@id\":\"https:\/\/skaitytaknyga.lt\/#\/schema\/logo\/image\/\",\"url\":\"https:\/\/skaitytaknyga.lt\/wp-content\/uploads\/2024\/05\/cropped-cropped-cropped-02_00843_jt3bggkj1j3HLc7SyY6rEUpg.jpeg\",\"contentUrl\":\"https:\/\/skaitytaknyga.lt\/wp-content\/uploads\/2024\/05\/cropped-cropped-cropped-02_00843_jt3bggkj1j3HLc7SyY6rEUpg.jpeg\",\"width\":1600,\"height\":1600,\"caption\":\"skaitytaknyga.lt\"},\"image\":{\"@id\":\"https:\/\/skaitytaknyga.lt\/#\/schema\/logo\/image\/\"},\"sameAs\":[\"https:\/\/www.facebook.com\/skaitytaknyga\/\"]}]}<\/script>\n<!-- \/ Yoast SEO plugin. -->","yoast_head_json":{"title":"E. Ferrante \u201eApleisties dienos\u201c","description":"Tykiai. Ramiai. Taip prasideda ir baigiasi\u00a0Elenos Ferrante\u00a0romanas. Ta\u010diau \u0161i ramyb\u0117 apgaulinga \u2013 santuokos kriz\u0117, skyryb\u0173 drama, auganti \u012ftampa ir","robots":{"index":"index","follow":"follow","max-snippet":"max-snippet:-1","max-image-preview":"max-image-preview:large","max-video-preview":"max-video-preview:-1"},"canonical":"https:\/\/skaitytaknyga.lt\/en\/produktas\/e-ferrante-apleisties-dienos\/","og_locale":"en_GB","og_type":"article","og_title":"[:lt]E. Ferrante \u201eApleisties dienos\u201c[:] - Skaitytaknyga","og_description":"Tykiai. Ramiai. Taip prasideda ir baigiasi\u00a0Elenos Ferrante\u00a0romanas. Ta\u010diau \u0161i ramyb\u0117 apgaulinga \u2013 santuokos kriz\u0117, skyryb\u0173 drama, auganti \u012ftampa ir","og_url":"https:\/\/skaitytaknyga.lt\/en\/produktas\/e-ferrante-apleisties-dienos\/","og_site_name":"Skaitytaknyga","article_publisher":"https:\/\/www.facebook.com\/skaitytaknyga\/","article_modified_time":"2025-04-09T17:44:27+00:00","og_image":[{"width":1467,"height":2439,"url":"https:\/\/skaitytaknyga.lt\/wp-content\/uploads\/2024\/04\/20200818_154557_edited.jpg","type":"image\/jpeg"}],"twitter_card":"summary_large_image","twitter_misc":{"Estimated reading time":"2 minutes"},"schema":{"@context":"https:\/\/schema.org","@graph":[{"@type":"WebPage","@id":"https:\/\/skaitytaknyga.lt\/produktas\/e-ferrante-apleisties-dienos\/","url":"https:\/\/skaitytaknyga.lt\/produktas\/e-ferrante-apleisties-dienos\/","name":"E. Ferrante \u201eApleisties dienos\u201c","isPartOf":{"@id":"https:\/\/skaitytaknyga.lt\/#website"},"primaryImageOfPage":{"@id":"https:\/\/skaitytaknyga.lt\/produktas\/e-ferrante-apleisties-dienos\/#primaryimage"},"image":{"@id":"https:\/\/skaitytaknyga.lt\/produktas\/e-ferrante-apleisties-dienos\/#primaryimage"},"thumbnailUrl":"https:\/\/skaitytaknyga.lt\/wp-content\/uploads\/2024\/04\/20200818_154557_edited.jpg","datePublished":"2024-04-17T13:12:42+00:00","dateModified":"2025-04-09T17:44:27+00:00","description":"Tykiai. Ramiai. Taip prasideda ir baigiasi\u00a0Elenos Ferrante\u00a0romanas. Ta\u010diau \u0161i ramyb\u0117 apgaulinga \u2013 santuokos kriz\u0117, skyryb\u0173 drama, auganti \u012ftampa ir","breadcrumb":{"@id":"https:\/\/skaitytaknyga.lt\/produktas\/e-ferrante-apleisties-dienos\/#breadcrumb"},"inLanguage":"en-GB","potentialAction":[{"@type":"ReadAction","target":["https:\/\/skaitytaknyga.lt\/produktas\/e-ferrante-apleisties-dienos\/"]}]},{"@type":"ImageObject","inLanguage":"en-GB","@id":"https:\/\/skaitytaknyga.lt\/produktas\/e-ferrante-apleisties-dienos\/#primaryimage","url":"https:\/\/skaitytaknyga.lt\/wp-content\/uploads\/2024\/04\/20200818_154557_edited.jpg","contentUrl":"https:\/\/skaitytaknyga.lt\/wp-content\/uploads\/2024\/04\/20200818_154557_edited.jpg","width":1467,"height":2439,"caption":"20200818 154557 edited"},{"@type":"BreadcrumbList","@id":"https:\/\/skaitytaknyga.lt\/produktas\/e-ferrante-apleisties-dienos\/#breadcrumb","itemListElement":[{"@type":"ListItem","position":1,"name":"Home","item":"https:\/\/skaitytaknyga.lt\/"},{"@type":"ListItem","position":2,"name":"Parduotuv\u0117","item":"https:\/\/skaitytaknyga.lt\/knygu-parduotuve\/"},{"@type":"ListItem","position":3,"name":"E. Ferrante \u201eApleisties dienos\u201c"}]},{"@type":"WebSite","@id":"https:\/\/skaitytaknyga.lt\/#website","url":"https:\/\/skaitytaknyga.lt\/","name":"skaitytaknyga.lt","description":"Skaitytaknyga.lt \u2013 tai ma\u017eas \u0161eimos verslas, kuris prasid\u0117jo nuo meil\u0117s knygoms ir siekio i\u0161gelb\u0117ti knygas nuo likimo prie konteinerio. Kas vienam nereikalingas daiktas \u2013 kitam lobis, o mes esame tarpininkai, kurie padeda abiems tapti laimingesniems ???? \u017dinome kaip nelengva i\u0161gyventi ma\u017eiems verslams, tad nuo \u0161iol, \u010dia rasite ir kit\u0173, ma\u017e\u0173 \u0161eim\u0173 versl\u0173, rank\u0173 darbo, dovan\u0173 sau ir artimiesiems.","publisher":{"@id":"https:\/\/skaitytaknyga.lt\/#organization"},"potentialAction":[{"@type":"SearchAction","target":{"@type":"EntryPoint","urlTemplate":"https:\/\/skaitytaknyga.lt\/?s={search_term_string}"},"query-input":{"@type":"PropertyValueSpecification","valueRequired":true,"valueName":"search_term_string"}}],"inLanguage":"en-GB"},{"@type":"Organization","@id":"https:\/\/skaitytaknyga.lt\/#organization","name":"skaitytaknyga.lt","url":"https:\/\/skaitytaknyga.lt\/","logo":{"@type":"ImageObject","inLanguage":"en-GB","@id":"https:\/\/skaitytaknyga.lt\/#\/schema\/logo\/image\/","url":"https:\/\/skaitytaknyga.lt\/wp-content\/uploads\/2024\/05\/cropped-cropped-cropped-02_00843_jt3bggkj1j3HLc7SyY6rEUpg.jpeg","contentUrl":"https:\/\/skaitytaknyga.lt\/wp-content\/uploads\/2024\/05\/cropped-cropped-cropped-02_00843_jt3bggkj1j3HLc7SyY6rEUpg.jpeg","width":1600,"height":1600,"caption":"skaitytaknyga.lt"},"image":{"@id":"https:\/\/skaitytaknyga.lt\/#\/schema\/logo\/image\/"},"sameAs":["https:\/\/www.facebook.com\/skaitytaknyga\/"]}]}},"_links":{"self":[{"href":"https:\/\/skaitytaknyga.lt\/en\/wp-json\/wp\/v2\/product\/2465","targetHints":{"allow":["GET"]}}],"collection":[{"href":"https:\/\/skaitytaknyga.lt\/en\/wp-json\/wp\/v2\/product"}],"about":[{"href":"https:\/\/skaitytaknyga.lt\/en\/wp-json\/wp\/v2\/types\/product"}],"replies":[{"embeddable":true,"href":"https:\/\/skaitytaknyga.lt\/en\/wp-json\/wp\/v2\/comments?post=2465"}],"wp:featuredmedia":[{"embeddable":true,"href":"https:\/\/skaitytaknyga.lt\/en\/wp-json\/wp\/v2\/media\/2518"}],"wp:attachment":[{"href":"https:\/\/skaitytaknyga.lt\/en\/wp-json\/wp\/v2\/media?parent=2465"}],"wp:term":[{"taxonomy":"product_brand","embeddable":true,"href":"https:\/\/skaitytaknyga.lt\/en\/wp-json\/wp\/v2\/product_brand?post=2465"},{"taxonomy":"product_cat","embeddable":true,"href":"https:\/\/skaitytaknyga.lt\/en\/wp-json\/wp\/v2\/product_cat?post=2465"},{"taxonomy":"product_tag","embeddable":true,"href":"https:\/\/skaitytaknyga.lt\/en\/wp-json\/wp\/v2\/product_tag?post=2465"}],"curies":[{"name":"wp","href":"https:\/\/api.w.org\/{rel}","templated":true}]}}