{"id":24649,"date":"2026-03-10T17:48:38","date_gmt":"2026-03-10T15:48:38","guid":{"rendered":"https:\/\/skaitytaknyga.lt\/?post_type=product&#038;p=24649"},"modified":"2026-03-10T18:13:01","modified_gmt":"2026-03-10T16:13:01","slug":"modernizmas-ivadas-iliustruotas-gidas","status":"publish","type":"product","link":"https:\/\/skaitytaknyga.lt\/en\/produktas\/modernizmas-ivadas-iliustruotas-gidas\/","title":{"rendered":"Modernizmas. \u012evadas. Iliustruotas gidas"},"content":{"rendered":"<p>Knyga \u201eModernizmas. \u012evadas. Iliustruotas gidas\u201c &#8211; tai pie\u0161tin\u0117 ekskursija po XX am\u017eiaus kult\u016br\u0105, kuri ai\u0161kina modernizm\u0105 kaip atsak\u0105 \u012f modernyb\u0117s fenomen\u0105 \u2013 politinius ir socialinius poslinkius: industrializacij\u0105, vartotoj\u0173 kapitalizmo (ir socialistin\u0117s komandin\u0117s ekonomikos) i\u0161kilim\u0105, masin\u0119 demokratij\u0105 ir ra\u0161tingum\u0105, \u017einiasklaidos \u012fsigal\u0117jim\u0105 ir nepaliaujam\u0105 mokslo bei technologij\u0173 pa\u017eang\u0105.<\/p>\n<p>Modernizmas paprastai suvokiamas kaip naujovi\u0173 banga, u\u017eliejusi men\u0105, architekt\u016br\u0105, muzik\u0105, kin\u0105 ir literat\u016br\u0105. Tai Picasso, Joyce&#8217;o ir Sch\u00f6nbergo k\u016briniai, futurizmo ir dadaizmo jud\u0117jimai, Le Corbusier architekt\u016bra, T. S. Elioto \u201eBevais\u0117 \u017eem\u0117\u201c, Bertoldo Brechto ir Samuelio Becketto teatras. Ta\u010diau kas i\u0161 tikr\u0173j\u0173 b\u016bdinga modernizmui? Kod\u0117l jis prasid\u0117jo ir kiek truko? Ar modernizmas jau i\u0161sis\u0117m\u0117?<\/p>\n<p>Chriso Rodrigueso ir Chriso Garratti pie\u0161tinis vadovas \u201eModernizmas. \u012evadas. Iliustruotas gidas\u201c yra puiki \u012fdomiausi\u0173 pra\u0117jusio am\u017eiaus meno k\u016brini\u0173 \u2013 ir to, k\u0105 jie rei\u0161kia \u2013 studija.<\/p>\n","protected":false},"excerpt":{"rendered":"<p>Knyga \u201eModernizmas. \u012evadas. Iliustruotas gidas\u201c &#8211; tai pie\u0161tin\u0117 ekskursija po XX am\u017eiaus kult\u016br\u0105, kuri ai\u0161kina modernizm\u0105 kaip atsak\u0105 \u012f modernyb\u0117s fenomen\u0105 \u2013 politinius ir socialinius poslinkius: industrializacij\u0105, vartotoj\u0173 kapitalizmo (ir socialistin\u0117s komandin\u0117s ekonomikos) i\u0161kilim\u0105, masin\u0119 demokratij\u0105 ir ra\u0161tingum\u0105, \u017einiasklaidos \u012fsigal\u0117jim\u0105 ir nepaliaujam\u0105 mokslo bei technologij\u0173 pa\u017eang\u0105. Modernizmas paprastai suvokiamas kaip naujovi\u0173 banga, u\u017eliejusi men\u0105, architekt\u016br\u0105, muzik\u0105, kin\u0105 ir literat\u016br\u0105. Tai Picasso, Joyce&#8217;o ir Sch\u00f6nbergo k\u016briniai, futurizmo ir dadaizmo jud\u0117jimai, Le Corbusier architekt\u016bra, T. S. Elioto \u201eBevais\u0117 \u017eem\u0117\u201c, Bertoldo Brechto ir Samuelio Becketto teatras. Ta\u010diau kas i\u0161 tikr\u0173j\u0173 b\u016bdinga modernizmui? Kod\u0117l jis prasid\u0117jo ir kiek truko? Ar modernizmas jau i\u0161sis\u0117m\u0117? Chriso Rodrigueso ir Chriso Garratti pie\u0161tinis vadovas \u201eModernizmas. \u012evadas. Iliustruotas gidas\u201c yra puiki \u012fdomiausi\u0173 pra\u0117jusio am\u017eiaus meno k\u016brini\u0173 \u2013 ir to, k\u0105 jie rei\u0161kia \u2013 studija.<\/p>\n","protected":false},"featured_media":24654,"comment_status":"open","ping_status":"closed","template":"","meta":{"_acf_changed":false,"site-sidebar-layout":"default","site-content-layout":"","ast-site-content-layout":"default","site-content-style":"default","site-sidebar-style":"default","ast-global-header-display":"","ast-banner-title-visibility":"","ast-main-header-display":"","ast-hfb-above-header-display":"","ast-hfb-below-header-display":"","ast-hfb-mobile-header-display":"","site-post-title":"","ast-breadcrumbs-content":"","ast-featured-img":"","footer-sml-layout":"","ast-disable-related-posts":"","theme-transparent-header-meta":"","adv-header-id-meta":"","stick-header-meta":"","header-above-stick-meta":"","header-main-stick-meta":"","header-below-stick-meta":"","astra-migrate-meta-layouts":"default","ast-page-background-enabled":"default","ast-page-background-meta":{"desktop":{"background-color":"","background-image":"","background-repeat":"repeat","background-position":"center center","background-size":"auto","background-attachment":"scroll","background-type":"","background-media":"","overlay-type":"","overlay-color":"","overlay-opacity":"","overlay-gradient":""},"tablet":{"background-color":"","background-image":"","background-repeat":"repeat","background-position":"center center","background-size":"auto","background-attachment":"scroll","background-type":"","background-media":"","overlay-type":"","overlay-color":"","overlay-opacity":"","overlay-gradient":""},"mobile":{"background-color":"","background-image":"","background-repeat":"repeat","background-position":"center center","background-size":"auto","background-attachment":"scroll","background-type":"","background-media":"","overlay-type":"","overlay-color":"","overlay-opacity":"","overlay-gradient":""}},"ast-content-background-meta":{"desktop":{"background-color":"var(--ast-global-color-4)","background-image":"","background-repeat":"repeat","background-position":"center center","background-size":"auto","background-attachment":"scroll","background-type":"","background-media":"","overlay-type":"","overlay-color":"","overlay-opacity":"","overlay-gradient":""},"tablet":{"background-color":"var(--ast-global-color-4)","background-image":"","background-repeat":"repeat","background-position":"center center","background-size":"auto","background-attachment":"scroll","background-type":"","background-media":"","overlay-type":"","overlay-color":"","overlay-opacity":"","overlay-gradient":""},"mobile":{"background-color":"var(--ast-global-color-4)","background-image":"","background-repeat":"repeat","background-position":"center center","background-size":"auto","background-attachment":"scroll","background-type":"","background-media":"","overlay-type":"","overlay-color":"","overlay-opacity":"","overlay-gradient":""}}},"product_brand":[],"product_cat":[57],"product_tag":[9752,9751],"class_list":{"0":"post-24649","1":"product","2":"type-product","3":"status-publish","4":"has-post-thumbnail","6":"product_cat-menas-ir-albumai","7":"product_tag-chris-garrat","8":"product_tag-chris-rorrigues","9":"desktop-align-left","10":"tablet-align-left","11":"mobile-align-left","13":"first","14":"instock","15":"shipping-taxable","16":"purchasable","17":"product-type-simple"},"acf":[],"yoast_head":"<!-- This site is optimized with the Yoast SEO plugin v27.0 - https:\/\/yoast.com\/product\/yoast-seo-wordpress\/ -->\n<title>Modernizmas. \u012evadas. Iliustruotas gidas<\/title>\n<meta name=\"description\" content=\"Knyga \u201eModernizmas. \u012evadas. Iliustruotas gidas\u201c - tai pie\u0161tin\u0117 ekskursija po XX am\u017eiaus kult\u016br\u0105, kuri ai\u0161kina modernizm\u0105 kaip atsak\u0105 \u012f modernyb\u0117s fenomen\u0105\" \/>\n<meta name=\"robots\" content=\"index, follow, max-snippet:-1, max-image-preview:large, max-video-preview:-1\" \/>\n<link rel=\"canonical\" href=\"https:\/\/skaitytaknyga.lt\/en\/produktas\/modernizmas-ivadas-iliustruotas-gidas\/\" \/>\n<meta property=\"og:locale\" content=\"en_GB\" \/>\n<meta property=\"og:locale:alternate\" content=\"lt_LT\" \/>\n<meta property=\"og:type\" content=\"article\" \/>\n<meta property=\"og:title\" content=\"Modernizmas. \u012evadas. Iliustruotas gidas\" \/>\n<meta property=\"og:description\" content=\"Knyga \u201eModernizmas. \u012evadas. Iliustruotas gidas\u201c - tai pie\u0161tin\u0117 ekskursija po XX am\u017eiaus kult\u016br\u0105, kuri ai\u0161kina modernizm\u0105 kaip atsak\u0105 \u012f modernyb\u0117s fenomen\u0105\" \/>\n<meta property=\"og:url\" content=\"https:\/\/skaitytaknyga.lt\/en\/produktas\/modernizmas-ivadas-iliustruotas-gidas\/\" \/>\n<meta property=\"og:site_name\" content=\"Skaitytaknyga\" \/>\n<meta property=\"article:publisher\" content=\"https:\/\/www.facebook.com\/skaitytaknyga\/\" \/>\n<meta property=\"article:modified_time\" content=\"2026-03-10T16:13:01+00:00\" \/>\n<meta property=\"og:image\" content=\"https:\/\/skaitytaknyga.lt\/wp-content\/uploads\/2026\/03\/Modernizmas.-Ivadas.-Iliustruotas-gidas.webp\" \/>\n\t<meta property=\"og:image:width\" content=\"319\" \/>\n\t<meta property=\"og:image:height\" content=\"450\" \/>\n\t<meta property=\"og:image:type\" content=\"image\/webp\" \/>\n<meta name=\"twitter:card\" content=\"summary_large_image\" \/>\n<meta name=\"twitter:label1\" content=\"Estimated reading time\" \/>\n\t<meta name=\"twitter:data1\" content=\"1 minute\" \/>\n<script type=\"application\/ld+json\" class=\"yoast-schema-graph\">{\"@context\":\"https:\/\/schema.org\",\"@graph\":[{\"@type\":\"WebPage\",\"@id\":\"https:\/\/skaitytaknyga.lt\/produktas\/modernizmas-ivadas-iliustruotas-gidas\/\",\"url\":\"https:\/\/skaitytaknyga.lt\/produktas\/modernizmas-ivadas-iliustruotas-gidas\/\",\"name\":\"Modernizmas. \u012evadas. Iliustruotas gidas\",\"isPartOf\":{\"@id\":\"https:\/\/skaitytaknyga.lt\/#website\"},\"primaryImageOfPage\":{\"@id\":\"https:\/\/skaitytaknyga.lt\/produktas\/modernizmas-ivadas-iliustruotas-gidas\/#primaryimage\"},\"image\":{\"@id\":\"https:\/\/skaitytaknyga.lt\/produktas\/modernizmas-ivadas-iliustruotas-gidas\/#primaryimage\"},\"thumbnailUrl\":\"https:\/\/skaitytaknyga.lt\/wp-content\/uploads\/2026\/03\/Modernizmas.-Ivadas.-Iliustruotas-gidas.webp\",\"datePublished\":\"2026-03-10T15:48:38+00:00\",\"dateModified\":\"2026-03-10T16:13:01+00:00\",\"description\":\"Knyga \u201eModernizmas. \u012evadas. Iliustruotas gidas\u201c - tai pie\u0161tin\u0117 ekskursija po XX am\u017eiaus kult\u016br\u0105, kuri ai\u0161kina modernizm\u0105 kaip atsak\u0105 \u012f modernyb\u0117s fenomen\u0105\",\"breadcrumb\":{\"@id\":\"https:\/\/skaitytaknyga.lt\/produktas\/modernizmas-ivadas-iliustruotas-gidas\/#breadcrumb\"},\"inLanguage\":\"en-GB\",\"potentialAction\":[{\"@type\":\"ReadAction\",\"target\":[\"https:\/\/skaitytaknyga.lt\/produktas\/modernizmas-ivadas-iliustruotas-gidas\/\"]}]},{\"@type\":\"ImageObject\",\"inLanguage\":\"en-GB\",\"@id\":\"https:\/\/skaitytaknyga.lt\/produktas\/modernizmas-ivadas-iliustruotas-gidas\/#primaryimage\",\"url\":\"https:\/\/skaitytaknyga.lt\/wp-content\/uploads\/2026\/03\/Modernizmas.-Ivadas.-Iliustruotas-gidas.webp\",\"contentUrl\":\"https:\/\/skaitytaknyga.lt\/wp-content\/uploads\/2026\/03\/Modernizmas.-Ivadas.-Iliustruotas-gidas.webp\",\"width\":319,\"height\":450,\"caption\":\"Modernizmas. \u012evadas. Iliustruotas gidas\"},{\"@type\":\"BreadcrumbList\",\"@id\":\"https:\/\/skaitytaknyga.lt\/produktas\/modernizmas-ivadas-iliustruotas-gidas\/#breadcrumb\",\"itemListElement\":[{\"@type\":\"ListItem\",\"position\":1,\"name\":\"Home\",\"item\":\"https:\/\/skaitytaknyga.lt\/\"},{\"@type\":\"ListItem\",\"position\":2,\"name\":\"Parduotuv\u0117\",\"item\":\"https:\/\/skaitytaknyga.lt\/knygu-parduotuve\/\"},{\"@type\":\"ListItem\",\"position\":3,\"name\":\"Modernizmas. \u012evadas. Iliustruotas gidas\"}]},{\"@type\":\"WebSite\",\"@id\":\"https:\/\/skaitytaknyga.lt\/#website\",\"url\":\"https:\/\/skaitytaknyga.lt\/\",\"name\":\"skaitytaknyga.lt\",\"description\":\"Skaitytaknyga.lt \u2013 tai ma\u017eas \u0161eimos verslas, kuris prasid\u0117jo nuo meil\u0117s knygoms ir siekio i\u0161gelb\u0117ti knygas nuo likimo prie konteinerio. Kas vienam nereikalingas daiktas \u2013 kitam lobis, o mes esame tarpininkai, kurie padeda abiems tapti laimingesniems ???? \u017dinome kaip nelengva i\u0161gyventi ma\u017eiems verslams, tad nuo \u0161iol, \u010dia rasite ir kit\u0173, ma\u017e\u0173 \u0161eim\u0173 versl\u0173, rank\u0173 darbo, dovan\u0173 sau ir artimiesiems.\",\"publisher\":{\"@id\":\"https:\/\/skaitytaknyga.lt\/#organization\"},\"potentialAction\":[{\"@type\":\"SearchAction\",\"target\":{\"@type\":\"EntryPoint\",\"urlTemplate\":\"https:\/\/skaitytaknyga.lt\/?s={search_term_string}\"},\"query-input\":{\"@type\":\"PropertyValueSpecification\",\"valueRequired\":true,\"valueName\":\"search_term_string\"}}],\"inLanguage\":\"en-GB\"},{\"@type\":\"Organization\",\"@id\":\"https:\/\/skaitytaknyga.lt\/#organization\",\"name\":\"skaitytaknyga.lt\",\"url\":\"https:\/\/skaitytaknyga.lt\/\",\"logo\":{\"@type\":\"ImageObject\",\"inLanguage\":\"en-GB\",\"@id\":\"https:\/\/skaitytaknyga.lt\/#\/schema\/logo\/image\/\",\"url\":\"https:\/\/skaitytaknyga.lt\/wp-content\/uploads\/2024\/05\/cropped-cropped-cropped-02_00843_jt3bggkj1j3HLc7SyY6rEUpg.jpeg\",\"contentUrl\":\"https:\/\/skaitytaknyga.lt\/wp-content\/uploads\/2024\/05\/cropped-cropped-cropped-02_00843_jt3bggkj1j3HLc7SyY6rEUpg.jpeg\",\"width\":1600,\"height\":1600,\"caption\":\"skaitytaknyga.lt\"},\"image\":{\"@id\":\"https:\/\/skaitytaknyga.lt\/#\/schema\/logo\/image\/\"},\"sameAs\":[\"https:\/\/www.facebook.com\/skaitytaknyga\/\"]}]}<\/script>\n<!-- \/ Yoast SEO plugin. -->","yoast_head_json":{"title":"Modernizmas. \u012evadas. Iliustruotas gidas","description":"Knyga \u201eModernizmas. \u012evadas. Iliustruotas gidas\u201c - tai pie\u0161tin\u0117 ekskursija po XX am\u017eiaus kult\u016br\u0105, kuri ai\u0161kina modernizm\u0105 kaip atsak\u0105 \u012f modernyb\u0117s fenomen\u0105","robots":{"index":"index","follow":"follow","max-snippet":"max-snippet:-1","max-image-preview":"max-image-preview:large","max-video-preview":"max-video-preview:-1"},"canonical":"https:\/\/skaitytaknyga.lt\/en\/produktas\/modernizmas-ivadas-iliustruotas-gidas\/","og_locale":"en_GB","og_type":"article","og_title":"[:lt]Modernizmas. \u012evadas. Iliustruotas gidas[:] - Skaitytaknyga","og_description":"Knyga \u201eModernizmas. \u012evadas. Iliustruotas gidas\u201c - tai pie\u0161tin\u0117 ekskursija po XX am\u017eiaus kult\u016br\u0105, kuri ai\u0161kina modernizm\u0105 kaip atsak\u0105 \u012f modernyb\u0117s fenomen\u0105","og_url":"https:\/\/skaitytaknyga.lt\/en\/produktas\/modernizmas-ivadas-iliustruotas-gidas\/","og_site_name":"Skaitytaknyga","article_publisher":"https:\/\/www.facebook.com\/skaitytaknyga\/","article_modified_time":"2026-03-10T16:13:01+00:00","og_image":[{"width":319,"height":450,"url":"https:\/\/skaitytaknyga.lt\/wp-content\/uploads\/2026\/03\/Modernizmas.-Ivadas.-Iliustruotas-gidas.webp","type":"image\/webp"}],"twitter_card":"summary_large_image","twitter_misc":{"Estimated reading time":"1 minute"},"schema":{"@context":"https:\/\/schema.org","@graph":[{"@type":"WebPage","@id":"https:\/\/skaitytaknyga.lt\/produktas\/modernizmas-ivadas-iliustruotas-gidas\/","url":"https:\/\/skaitytaknyga.lt\/produktas\/modernizmas-ivadas-iliustruotas-gidas\/","name":"Modernizmas. \u012evadas. Iliustruotas gidas","isPartOf":{"@id":"https:\/\/skaitytaknyga.lt\/#website"},"primaryImageOfPage":{"@id":"https:\/\/skaitytaknyga.lt\/produktas\/modernizmas-ivadas-iliustruotas-gidas\/#primaryimage"},"image":{"@id":"https:\/\/skaitytaknyga.lt\/produktas\/modernizmas-ivadas-iliustruotas-gidas\/#primaryimage"},"thumbnailUrl":"https:\/\/skaitytaknyga.lt\/wp-content\/uploads\/2026\/03\/Modernizmas.-Ivadas.-Iliustruotas-gidas.webp","datePublished":"2026-03-10T15:48:38+00:00","dateModified":"2026-03-10T16:13:01+00:00","description":"Knyga \u201eModernizmas. \u012evadas. Iliustruotas gidas\u201c - tai pie\u0161tin\u0117 ekskursija po XX am\u017eiaus kult\u016br\u0105, kuri ai\u0161kina modernizm\u0105 kaip atsak\u0105 \u012f modernyb\u0117s fenomen\u0105","breadcrumb":{"@id":"https:\/\/skaitytaknyga.lt\/produktas\/modernizmas-ivadas-iliustruotas-gidas\/#breadcrumb"},"inLanguage":"en-GB","potentialAction":[{"@type":"ReadAction","target":["https:\/\/skaitytaknyga.lt\/produktas\/modernizmas-ivadas-iliustruotas-gidas\/"]}]},{"@type":"ImageObject","inLanguage":"en-GB","@id":"https:\/\/skaitytaknyga.lt\/produktas\/modernizmas-ivadas-iliustruotas-gidas\/#primaryimage","url":"https:\/\/skaitytaknyga.lt\/wp-content\/uploads\/2026\/03\/Modernizmas.-Ivadas.-Iliustruotas-gidas.webp","contentUrl":"https:\/\/skaitytaknyga.lt\/wp-content\/uploads\/2026\/03\/Modernizmas.-Ivadas.-Iliustruotas-gidas.webp","width":319,"height":450,"caption":"Modernizmas. \u012evadas. Iliustruotas gidas"},{"@type":"BreadcrumbList","@id":"https:\/\/skaitytaknyga.lt\/produktas\/modernizmas-ivadas-iliustruotas-gidas\/#breadcrumb","itemListElement":[{"@type":"ListItem","position":1,"name":"Home","item":"https:\/\/skaitytaknyga.lt\/"},{"@type":"ListItem","position":2,"name":"Parduotuv\u0117","item":"https:\/\/skaitytaknyga.lt\/knygu-parduotuve\/"},{"@type":"ListItem","position":3,"name":"Modernizmas. \u012evadas. Iliustruotas gidas"}]},{"@type":"WebSite","@id":"https:\/\/skaitytaknyga.lt\/#website","url":"https:\/\/skaitytaknyga.lt\/","name":"skaitytaknyga.lt","description":"Skaitytaknyga.lt \u2013 tai ma\u017eas \u0161eimos verslas, kuris prasid\u0117jo nuo meil\u0117s knygoms ir siekio i\u0161gelb\u0117ti knygas nuo likimo prie konteinerio. Kas vienam nereikalingas daiktas \u2013 kitam lobis, o mes esame tarpininkai, kurie padeda abiems tapti laimingesniems ???? \u017dinome kaip nelengva i\u0161gyventi ma\u017eiems verslams, tad nuo \u0161iol, \u010dia rasite ir kit\u0173, ma\u017e\u0173 \u0161eim\u0173 versl\u0173, rank\u0173 darbo, dovan\u0173 sau ir artimiesiems.","publisher":{"@id":"https:\/\/skaitytaknyga.lt\/#organization"},"potentialAction":[{"@type":"SearchAction","target":{"@type":"EntryPoint","urlTemplate":"https:\/\/skaitytaknyga.lt\/?s={search_term_string}"},"query-input":{"@type":"PropertyValueSpecification","valueRequired":true,"valueName":"search_term_string"}}],"inLanguage":"en-GB"},{"@type":"Organization","@id":"https:\/\/skaitytaknyga.lt\/#organization","name":"skaitytaknyga.lt","url":"https:\/\/skaitytaknyga.lt\/","logo":{"@type":"ImageObject","inLanguage":"en-GB","@id":"https:\/\/skaitytaknyga.lt\/#\/schema\/logo\/image\/","url":"https:\/\/skaitytaknyga.lt\/wp-content\/uploads\/2024\/05\/cropped-cropped-cropped-02_00843_jt3bggkj1j3HLc7SyY6rEUpg.jpeg","contentUrl":"https:\/\/skaitytaknyga.lt\/wp-content\/uploads\/2024\/05\/cropped-cropped-cropped-02_00843_jt3bggkj1j3HLc7SyY6rEUpg.jpeg","width":1600,"height":1600,"caption":"skaitytaknyga.lt"},"image":{"@id":"https:\/\/skaitytaknyga.lt\/#\/schema\/logo\/image\/"},"sameAs":["https:\/\/www.facebook.com\/skaitytaknyga\/"]}]}},"_links":{"self":[{"href":"https:\/\/skaitytaknyga.lt\/en\/wp-json\/wp\/v2\/product\/24649","targetHints":{"allow":["GET"]}}],"collection":[{"href":"https:\/\/skaitytaknyga.lt\/en\/wp-json\/wp\/v2\/product"}],"about":[{"href":"https:\/\/skaitytaknyga.lt\/en\/wp-json\/wp\/v2\/types\/product"}],"replies":[{"embeddable":true,"href":"https:\/\/skaitytaknyga.lt\/en\/wp-json\/wp\/v2\/comments?post=24649"}],"wp:featuredmedia":[{"embeddable":true,"href":"https:\/\/skaitytaknyga.lt\/en\/wp-json\/wp\/v2\/media\/24654"}],"wp:attachment":[{"href":"https:\/\/skaitytaknyga.lt\/en\/wp-json\/wp\/v2\/media?parent=24649"}],"wp:term":[{"taxonomy":"product_brand","embeddable":true,"href":"https:\/\/skaitytaknyga.lt\/en\/wp-json\/wp\/v2\/product_brand?post=24649"},{"taxonomy":"product_cat","embeddable":true,"href":"https:\/\/skaitytaknyga.lt\/en\/wp-json\/wp\/v2\/product_cat?post=24649"},{"taxonomy":"product_tag","embeddable":true,"href":"https:\/\/skaitytaknyga.lt\/en\/wp-json\/wp\/v2\/product_tag?post=24649"}],"curies":[{"name":"wp","href":"https:\/\/api.w.org\/{rel}","templated":true}]}}