{"id":24627,"date":"2026-03-10T16:29:51","date_gmt":"2026-03-10T14:29:51","guid":{"rendered":"https:\/\/skaitytaknyga.lt\/?post_type=product&#038;p=24627"},"modified":"2026-03-10T17:55:52","modified_gmt":"2026-03-10T15:55:52","slug":"kas-yra-simboline-logika","status":"publish","type":"product","link":"https:\/\/skaitytaknyga.lt\/en\/produktas\/kas-yra-simboline-logika\/","title":{"rendered":"Antanas \u0160k\u0117ma ir slinktys lietuvi\u0173 literat\u016broje"},"content":{"rendered":"<p>Slinkties s\u0105voka yra esmin\u0117 \u0161iai knygai. Pasirink\u0119 \u0160k\u0117mos k\u016bryb\u0105, i\u0161 dalies ir jo gyvenimo tekst\u0105, kaip atramos ta\u0161k\u0105 recepcijos, poetikos bei tradicijos kaitos tyrin\u0117jimams, kolektyvin\u0117s monografijos autoriai bando atpa\u017einti \u012fvairi\u0173 slink\u010di\u0173 \u017eymes lietuvi\u0173 kult\u016broje bei visuomenin\u0117je s\u0105mon\u0117je.<\/p>\n<p>Dvylika autori\u0173 (L. Ma\u010dianskait\u0117, D. Satkauskyt\u0117, S. Daugirdait\u0117, D. \u010cio\u010dyt\u0117, D. Kuizinien\u0117, D. Striogait\u0117, A. Marti\u0161i\u016bt\u0117-Linartien\u0117, A. Kal\u0117da, V. Vi\u0161omirskyt\u0117, R. Poci\u016bt\u0117, R. \u010ci\u010delis ir R. Tamo\u0161aitis), naudodami savus tekst\u0173 analiz\u0117s ir literat\u016bros konceptualizavimo instrumentus, \u010dia svarsto lietuvi\u0161kojo egzistencializmo, modernizmo, santykio su religine tradicija klausimus, atveria \u012fvairius \u0160k\u0117mos k\u016brybos kontekstus. Atskiras d\u0117mesys skiriamas romanui Balta drobul\u0117.<\/p>\n<p>Literat\u016bros tyrin\u0117jimus papildo Prano Bagdo ir Jurgio Blekai\u010dio atsiminimai, suteikiantys nauj\u0173 \u017eini\u0173 apie Antrojo pasaulinio karo met\u0173 Vilniaus kult\u016brin\u012f gyvenim\u0105 ir \u0160k\u0117mos literat\u016brinio kelio prad\u017ei\u0105, atveriantys \u201espontani\u0161ko genijaus&#8221; k\u016brybos laboratorij\u0105.<\/p>\n","protected":false},"excerpt":{"rendered":"<p>Slinkties s\u0105voka yra esmin\u0117 \u0161iai knygai. Pasirink\u0119 \u0160k\u0117mos k\u016bryb\u0105, i\u0161 dalies ir jo gyvenimo tekst\u0105, kaip atramos ta\u0161k\u0105 recepcijos, poetikos bei tradicijos kaitos tyrin\u0117jimams, kolektyvin\u0117s monografijos autoriai bando atpa\u017einti \u012fvairi\u0173 slink\u010di\u0173 \u017eymes lietuvi\u0173 kult\u016broje bei visuomenin\u0117je s\u0105mon\u0117je. Dvylika autori\u0173 (L. Ma\u010dianskait\u0117, D. Satkauskyt\u0117, S. Daugirdait\u0117, D. \u010cio\u010dyt\u0117, D. Kuizinien\u0117, D. Striogait\u0117, A. Marti\u0161i\u016bt\u0117-Linartien\u0117, A. Kal\u0117da, V. Vi\u0161omirskyt\u0117, R. Poci\u016bt\u0117, R. \u010ci\u010delis ir R. Tamo\u0161aitis), naudodami savus tekst\u0173 analiz\u0117s ir literat\u016bros konceptualizavimo instrumentus, \u010dia svarsto lietuvi\u0161kojo egzistencializmo, modernizmo, santykio su religine tradicija klausimus, atveria \u012fvairius \u0160k\u0117mos k\u016brybos kontekstus. Atskiras d\u0117mesys skiriamas romanui Balta drobul\u0117. Literat\u016bros tyrin\u0117jimus papildo Prano Bagdo ir Jurgio Blekai\u010dio atsiminimai, suteikiantys nauj\u0173 \u017eini\u0173 apie Antrojo pasaulinio karo met\u0173 Vilniaus kult\u016brin\u012f gyvenim\u0105 ir \u0160k\u0117mos literat\u016brinio kelio prad\u017ei\u0105, atveriantys \u201espontani\u0161ko genijaus&#8221; k\u016brybos laboratorij\u0105.<\/p>\n","protected":false},"featured_media":24633,"comment_status":"open","ping_status":"closed","template":"","meta":{"_acf_changed":false,"site-sidebar-layout":"default","site-content-layout":"","ast-site-content-layout":"default","site-content-style":"default","site-sidebar-style":"default","ast-global-header-display":"","ast-banner-title-visibility":"","ast-main-header-display":"","ast-hfb-above-header-display":"","ast-hfb-below-header-display":"","ast-hfb-mobile-header-display":"","site-post-title":"","ast-breadcrumbs-content":"","ast-featured-img":"","footer-sml-layout":"","ast-disable-related-posts":"","theme-transparent-header-meta":"","adv-header-id-meta":"","stick-header-meta":"","header-above-stick-meta":"","header-main-stick-meta":"","header-below-stick-meta":"","astra-migrate-meta-layouts":"default","ast-page-background-enabled":"default","ast-page-background-meta":{"desktop":{"background-color":"","background-image":"","background-repeat":"repeat","background-position":"center center","background-size":"auto","background-attachment":"scroll","background-type":"","background-media":"","overlay-type":"","overlay-color":"","overlay-opacity":"","overlay-gradient":""},"tablet":{"background-color":"","background-image":"","background-repeat":"repeat","background-position":"center center","background-size":"auto","background-attachment":"scroll","background-type":"","background-media":"","overlay-type":"","overlay-color":"","overlay-opacity":"","overlay-gradient":""},"mobile":{"background-color":"","background-image":"","background-repeat":"repeat","background-position":"center center","background-size":"auto","background-attachment":"scroll","background-type":"","background-media":"","overlay-type":"","overlay-color":"","overlay-opacity":"","overlay-gradient":""}},"ast-content-background-meta":{"desktop":{"background-color":"var(--ast-global-color-4)","background-image":"","background-repeat":"repeat","background-position":"center center","background-size":"auto","background-attachment":"scroll","background-type":"","background-media":"","overlay-type":"","overlay-color":"","overlay-opacity":"","overlay-gradient":""},"tablet":{"background-color":"var(--ast-global-color-4)","background-image":"","background-repeat":"repeat","background-position":"center center","background-size":"auto","background-attachment":"scroll","background-type":"","background-media":"","overlay-type":"","overlay-color":"","overlay-opacity":"","overlay-gradient":""},"mobile":{"background-color":"var(--ast-global-color-4)","background-image":"","background-repeat":"repeat","background-position":"center center","background-size":"auto","background-attachment":"scroll","background-type":"","background-media":"","overlay-type":"","overlay-color":"","overlay-opacity":"","overlay-gradient":""}}},"product_brand":[],"product_cat":[2836],"product_tag":[9723],"class_list":{"0":"post-24627","1":"product","2":"type-product","3":"status-publish","4":"has-post-thumbnail","6":"product_cat-kalba-kalbotyra-zodynai-2","7":"product_tag-loreta-macianskaite","8":"desktop-align-left","9":"tablet-align-left","10":"mobile-align-left","12":"first","13":"instock","14":"shipping-taxable","15":"purchasable","16":"product-type-simple"},"acf":[],"yoast_head":"<!-- This site is optimized with the Yoast SEO plugin v27.0 - https:\/\/yoast.com\/product\/yoast-seo-wordpress\/ -->\n<title>Antanas \u0160k\u0117ma ir slinktys lietuvi\u0173 literat\u016broje<\/title>\n<meta name=\"description\" content=\"Slinkties s\u0105voka yra esmin\u0117 \u0161iai knygai. Pasirink\u0119 \u0160k\u0117mos k\u016bryb\u0105, i\u0161 dalies ir jo gyvenimo tekst\u0105, kaip atramos ta\u0161k\u0105 recepcijos, poetikos bei tradicijos\" \/>\n<meta name=\"robots\" content=\"index, follow, max-snippet:-1, max-image-preview:large, max-video-preview:-1\" \/>\n<link rel=\"canonical\" href=\"https:\/\/skaitytaknyga.lt\/en\/produktas\/kas-yra-simboline-logika\/\" \/>\n<meta property=\"og:locale\" content=\"en_GB\" \/>\n<meta property=\"og:locale:alternate\" content=\"lt_LT\" \/>\n<meta property=\"og:type\" content=\"article\" \/>\n<meta property=\"og:title\" content=\"Antanas \u0160k\u0117ma ir slinktys lietuvi\u0173 literat\u016broje\" \/>\n<meta property=\"og:description\" content=\"Slinkties s\u0105voka yra esmin\u0117 \u0161iai knygai. Pasirink\u0119 \u0160k\u0117mos k\u016bryb\u0105, i\u0161 dalies ir jo gyvenimo tekst\u0105, kaip atramos ta\u0161k\u0105 recepcijos, poetikos bei tradicijos\" \/>\n<meta property=\"og:url\" content=\"https:\/\/skaitytaknyga.lt\/en\/produktas\/kas-yra-simboline-logika\/\" \/>\n<meta property=\"og:site_name\" content=\"Skaitytaknyga\" \/>\n<meta property=\"article:publisher\" content=\"https:\/\/www.facebook.com\/skaitytaknyga\/\" \/>\n<meta property=\"article:modified_time\" content=\"2026-03-10T15:55:52+00:00\" \/>\n<meta property=\"og:image\" content=\"https:\/\/skaitytaknyga.lt\/wp-content\/uploads\/2026\/03\/Antanas-Skema-ir-slinktys-lietuviu-literaturoje-1.webp\" \/>\n\t<meta property=\"og:image:width\" content=\"572\" \/>\n\t<meta property=\"og:image:height\" content=\"801\" \/>\n\t<meta property=\"og:image:type\" content=\"image\/webp\" \/>\n<meta name=\"twitter:card\" content=\"summary_large_image\" \/>\n<meta name=\"twitter:label1\" content=\"Estimated reading time\" \/>\n\t<meta name=\"twitter:data1\" content=\"1 minute\" \/>\n<script type=\"application\/ld+json\" class=\"yoast-schema-graph\">{\"@context\":\"https:\/\/schema.org\",\"@graph\":[{\"@type\":\"WebPage\",\"@id\":\"https:\/\/skaitytaknyga.lt\/produktas\/kas-yra-simboline-logika\/\",\"url\":\"https:\/\/skaitytaknyga.lt\/produktas\/kas-yra-simboline-logika\/\",\"name\":\"Antanas \u0160k\u0117ma ir slinktys lietuvi\u0173 literat\u016broje\",\"isPartOf\":{\"@id\":\"https:\/\/skaitytaknyga.lt\/#website\"},\"primaryImageOfPage\":{\"@id\":\"https:\/\/skaitytaknyga.lt\/produktas\/kas-yra-simboline-logika\/#primaryimage\"},\"image\":{\"@id\":\"https:\/\/skaitytaknyga.lt\/produktas\/kas-yra-simboline-logika\/#primaryimage\"},\"thumbnailUrl\":\"https:\/\/skaitytaknyga.lt\/wp-content\/uploads\/2026\/03\/Antanas-Skema-ir-slinktys-lietuviu-literaturoje-1.webp\",\"datePublished\":\"2026-03-10T14:29:51+00:00\",\"dateModified\":\"2026-03-10T15:55:52+00:00\",\"description\":\"Slinkties s\u0105voka yra esmin\u0117 \u0161iai knygai. Pasirink\u0119 \u0160k\u0117mos k\u016bryb\u0105, i\u0161 dalies ir jo gyvenimo tekst\u0105, kaip atramos ta\u0161k\u0105 recepcijos, poetikos bei tradicijos\",\"breadcrumb\":{\"@id\":\"https:\/\/skaitytaknyga.lt\/produktas\/kas-yra-simboline-logika\/#breadcrumb\"},\"inLanguage\":\"en-GB\",\"potentialAction\":[{\"@type\":\"ReadAction\",\"target\":[\"https:\/\/skaitytaknyga.lt\/produktas\/kas-yra-simboline-logika\/\"]}]},{\"@type\":\"ImageObject\",\"inLanguage\":\"en-GB\",\"@id\":\"https:\/\/skaitytaknyga.lt\/produktas\/kas-yra-simboline-logika\/#primaryimage\",\"url\":\"https:\/\/skaitytaknyga.lt\/wp-content\/uploads\/2026\/03\/Antanas-Skema-ir-slinktys-lietuviu-literaturoje-1.webp\",\"contentUrl\":\"https:\/\/skaitytaknyga.lt\/wp-content\/uploads\/2026\/03\/Antanas-Skema-ir-slinktys-lietuviu-literaturoje-1.webp\",\"width\":572,\"height\":801,\"caption\":\"Antanas \u0160k\u0117ma ir slinktys lietuvi\u0173 literat\u016broje (1)\"},{\"@type\":\"BreadcrumbList\",\"@id\":\"https:\/\/skaitytaknyga.lt\/produktas\/kas-yra-simboline-logika\/#breadcrumb\",\"itemListElement\":[{\"@type\":\"ListItem\",\"position\":1,\"name\":\"Home\",\"item\":\"https:\/\/skaitytaknyga.lt\/\"},{\"@type\":\"ListItem\",\"position\":2,\"name\":\"Parduotuv\u0117\",\"item\":\"https:\/\/skaitytaknyga.lt\/knygu-parduotuve\/\"},{\"@type\":\"ListItem\",\"position\":3,\"name\":\"Antanas \u0160k\u0117ma ir slinktys lietuvi\u0173 literat\u016broje\"}]},{\"@type\":\"WebSite\",\"@id\":\"https:\/\/skaitytaknyga.lt\/#website\",\"url\":\"https:\/\/skaitytaknyga.lt\/\",\"name\":\"skaitytaknyga.lt\",\"description\":\"Skaitytaknyga.lt \u2013 tai ma\u017eas \u0161eimos verslas, kuris prasid\u0117jo nuo meil\u0117s knygoms ir siekio i\u0161gelb\u0117ti knygas nuo likimo prie konteinerio. Kas vienam nereikalingas daiktas \u2013 kitam lobis, o mes esame tarpininkai, kurie padeda abiems tapti laimingesniems ???? \u017dinome kaip nelengva i\u0161gyventi ma\u017eiems verslams, tad nuo \u0161iol, \u010dia rasite ir kit\u0173, ma\u017e\u0173 \u0161eim\u0173 versl\u0173, rank\u0173 darbo, dovan\u0173 sau ir artimiesiems.\",\"publisher\":{\"@id\":\"https:\/\/skaitytaknyga.lt\/#organization\"},\"potentialAction\":[{\"@type\":\"SearchAction\",\"target\":{\"@type\":\"EntryPoint\",\"urlTemplate\":\"https:\/\/skaitytaknyga.lt\/?s={search_term_string}\"},\"query-input\":{\"@type\":\"PropertyValueSpecification\",\"valueRequired\":true,\"valueName\":\"search_term_string\"}}],\"inLanguage\":\"en-GB\"},{\"@type\":\"Organization\",\"@id\":\"https:\/\/skaitytaknyga.lt\/#organization\",\"name\":\"skaitytaknyga.lt\",\"url\":\"https:\/\/skaitytaknyga.lt\/\",\"logo\":{\"@type\":\"ImageObject\",\"inLanguage\":\"en-GB\",\"@id\":\"https:\/\/skaitytaknyga.lt\/#\/schema\/logo\/image\/\",\"url\":\"https:\/\/skaitytaknyga.lt\/wp-content\/uploads\/2024\/05\/cropped-cropped-cropped-02_00843_jt3bggkj1j3HLc7SyY6rEUpg.jpeg\",\"contentUrl\":\"https:\/\/skaitytaknyga.lt\/wp-content\/uploads\/2024\/05\/cropped-cropped-cropped-02_00843_jt3bggkj1j3HLc7SyY6rEUpg.jpeg\",\"width\":1600,\"height\":1600,\"caption\":\"skaitytaknyga.lt\"},\"image\":{\"@id\":\"https:\/\/skaitytaknyga.lt\/#\/schema\/logo\/image\/\"},\"sameAs\":[\"https:\/\/www.facebook.com\/skaitytaknyga\/\"]}]}<\/script>\n<!-- \/ Yoast SEO plugin. -->","yoast_head_json":{"title":"Antanas \u0160k\u0117ma ir slinktys lietuvi\u0173 literat\u016broje","description":"Slinkties s\u0105voka yra esmin\u0117 \u0161iai knygai. Pasirink\u0119 \u0160k\u0117mos k\u016bryb\u0105, i\u0161 dalies ir jo gyvenimo tekst\u0105, kaip atramos ta\u0161k\u0105 recepcijos, poetikos bei tradicijos","robots":{"index":"index","follow":"follow","max-snippet":"max-snippet:-1","max-image-preview":"max-image-preview:large","max-video-preview":"max-video-preview:-1"},"canonical":"https:\/\/skaitytaknyga.lt\/en\/produktas\/kas-yra-simboline-logika\/","og_locale":"en_GB","og_type":"article","og_title":"[:lt]Antanas \u0160k\u0117ma ir slinktys lietuvi\u0173 literat\u016broje[:] - Skaitytaknyga","og_description":"Slinkties s\u0105voka yra esmin\u0117 \u0161iai knygai. Pasirink\u0119 \u0160k\u0117mos k\u016bryb\u0105, i\u0161 dalies ir jo gyvenimo tekst\u0105, kaip atramos ta\u0161k\u0105 recepcijos, poetikos bei tradicijos","og_url":"https:\/\/skaitytaknyga.lt\/en\/produktas\/kas-yra-simboline-logika\/","og_site_name":"Skaitytaknyga","article_publisher":"https:\/\/www.facebook.com\/skaitytaknyga\/","article_modified_time":"2026-03-10T15:55:52+00:00","og_image":[{"width":572,"height":801,"url":"https:\/\/skaitytaknyga.lt\/wp-content\/uploads\/2026\/03\/Antanas-Skema-ir-slinktys-lietuviu-literaturoje-1.webp","type":"image\/webp"}],"twitter_card":"summary_large_image","twitter_misc":{"Estimated reading time":"1 minute"},"schema":{"@context":"https:\/\/schema.org","@graph":[{"@type":"WebPage","@id":"https:\/\/skaitytaknyga.lt\/produktas\/kas-yra-simboline-logika\/","url":"https:\/\/skaitytaknyga.lt\/produktas\/kas-yra-simboline-logika\/","name":"Antanas \u0160k\u0117ma ir slinktys lietuvi\u0173 literat\u016broje","isPartOf":{"@id":"https:\/\/skaitytaknyga.lt\/#website"},"primaryImageOfPage":{"@id":"https:\/\/skaitytaknyga.lt\/produktas\/kas-yra-simboline-logika\/#primaryimage"},"image":{"@id":"https:\/\/skaitytaknyga.lt\/produktas\/kas-yra-simboline-logika\/#primaryimage"},"thumbnailUrl":"https:\/\/skaitytaknyga.lt\/wp-content\/uploads\/2026\/03\/Antanas-Skema-ir-slinktys-lietuviu-literaturoje-1.webp","datePublished":"2026-03-10T14:29:51+00:00","dateModified":"2026-03-10T15:55:52+00:00","description":"Slinkties s\u0105voka yra esmin\u0117 \u0161iai knygai. Pasirink\u0119 \u0160k\u0117mos k\u016bryb\u0105, i\u0161 dalies ir jo gyvenimo tekst\u0105, kaip atramos ta\u0161k\u0105 recepcijos, poetikos bei tradicijos","breadcrumb":{"@id":"https:\/\/skaitytaknyga.lt\/produktas\/kas-yra-simboline-logika\/#breadcrumb"},"inLanguage":"en-GB","potentialAction":[{"@type":"ReadAction","target":["https:\/\/skaitytaknyga.lt\/produktas\/kas-yra-simboline-logika\/"]}]},{"@type":"ImageObject","inLanguage":"en-GB","@id":"https:\/\/skaitytaknyga.lt\/produktas\/kas-yra-simboline-logika\/#primaryimage","url":"https:\/\/skaitytaknyga.lt\/wp-content\/uploads\/2026\/03\/Antanas-Skema-ir-slinktys-lietuviu-literaturoje-1.webp","contentUrl":"https:\/\/skaitytaknyga.lt\/wp-content\/uploads\/2026\/03\/Antanas-Skema-ir-slinktys-lietuviu-literaturoje-1.webp","width":572,"height":801,"caption":"Antanas \u0160k\u0117ma ir slinktys lietuvi\u0173 literat\u016broje (1)"},{"@type":"BreadcrumbList","@id":"https:\/\/skaitytaknyga.lt\/produktas\/kas-yra-simboline-logika\/#breadcrumb","itemListElement":[{"@type":"ListItem","position":1,"name":"Home","item":"https:\/\/skaitytaknyga.lt\/"},{"@type":"ListItem","position":2,"name":"Parduotuv\u0117","item":"https:\/\/skaitytaknyga.lt\/knygu-parduotuve\/"},{"@type":"ListItem","position":3,"name":"Antanas \u0160k\u0117ma ir slinktys lietuvi\u0173 literat\u016broje"}]},{"@type":"WebSite","@id":"https:\/\/skaitytaknyga.lt\/#website","url":"https:\/\/skaitytaknyga.lt\/","name":"skaitytaknyga.lt","description":"Skaitytaknyga.lt \u2013 tai ma\u017eas \u0161eimos verslas, kuris prasid\u0117jo nuo meil\u0117s knygoms ir siekio i\u0161gelb\u0117ti knygas nuo likimo prie konteinerio. Kas vienam nereikalingas daiktas \u2013 kitam lobis, o mes esame tarpininkai, kurie padeda abiems tapti laimingesniems ???? \u017dinome kaip nelengva i\u0161gyventi ma\u017eiems verslams, tad nuo \u0161iol, \u010dia rasite ir kit\u0173, ma\u017e\u0173 \u0161eim\u0173 versl\u0173, rank\u0173 darbo, dovan\u0173 sau ir artimiesiems.","publisher":{"@id":"https:\/\/skaitytaknyga.lt\/#organization"},"potentialAction":[{"@type":"SearchAction","target":{"@type":"EntryPoint","urlTemplate":"https:\/\/skaitytaknyga.lt\/?s={search_term_string}"},"query-input":{"@type":"PropertyValueSpecification","valueRequired":true,"valueName":"search_term_string"}}],"inLanguage":"en-GB"},{"@type":"Organization","@id":"https:\/\/skaitytaknyga.lt\/#organization","name":"skaitytaknyga.lt","url":"https:\/\/skaitytaknyga.lt\/","logo":{"@type":"ImageObject","inLanguage":"en-GB","@id":"https:\/\/skaitytaknyga.lt\/#\/schema\/logo\/image\/","url":"https:\/\/skaitytaknyga.lt\/wp-content\/uploads\/2024\/05\/cropped-cropped-cropped-02_00843_jt3bggkj1j3HLc7SyY6rEUpg.jpeg","contentUrl":"https:\/\/skaitytaknyga.lt\/wp-content\/uploads\/2024\/05\/cropped-cropped-cropped-02_00843_jt3bggkj1j3HLc7SyY6rEUpg.jpeg","width":1600,"height":1600,"caption":"skaitytaknyga.lt"},"image":{"@id":"https:\/\/skaitytaknyga.lt\/#\/schema\/logo\/image\/"},"sameAs":["https:\/\/www.facebook.com\/skaitytaknyga\/"]}]}},"_links":{"self":[{"href":"https:\/\/skaitytaknyga.lt\/en\/wp-json\/wp\/v2\/product\/24627","targetHints":{"allow":["GET"]}}],"collection":[{"href":"https:\/\/skaitytaknyga.lt\/en\/wp-json\/wp\/v2\/product"}],"about":[{"href":"https:\/\/skaitytaknyga.lt\/en\/wp-json\/wp\/v2\/types\/product"}],"replies":[{"embeddable":true,"href":"https:\/\/skaitytaknyga.lt\/en\/wp-json\/wp\/v2\/comments?post=24627"}],"wp:featuredmedia":[{"embeddable":true,"href":"https:\/\/skaitytaknyga.lt\/en\/wp-json\/wp\/v2\/media\/24633"}],"wp:attachment":[{"href":"https:\/\/skaitytaknyga.lt\/en\/wp-json\/wp\/v2\/media?parent=24627"}],"wp:term":[{"taxonomy":"product_brand","embeddable":true,"href":"https:\/\/skaitytaknyga.lt\/en\/wp-json\/wp\/v2\/product_brand?post=24627"},{"taxonomy":"product_cat","embeddable":true,"href":"https:\/\/skaitytaknyga.lt\/en\/wp-json\/wp\/v2\/product_cat?post=24627"},{"taxonomy":"product_tag","embeddable":true,"href":"https:\/\/skaitytaknyga.lt\/en\/wp-json\/wp\/v2\/product_tag?post=24627"}],"curies":[{"name":"wp","href":"https:\/\/api.w.org\/{rel}","templated":true}]}}