{"id":24626,"date":"2026-03-10T16:29:51","date_gmt":"2026-03-10T14:29:51","guid":{"rendered":"https:\/\/skaitytaknyga.lt\/?post_type=product&#038;p=24626"},"modified":"2026-03-10T17:55:52","modified_gmt":"2026-03-10T15:55:52","slug":"kaip-rasyti-apie-siuolaikini-mena","status":"publish","type":"product","link":"https:\/\/skaitytaknyga.lt\/en\/produktas\/kaip-rasyti-apie-siuolaikini-mena\/","title":{"rendered":"Kaip ra\u0161yti apie \u0161iuolaikin\u012f men\u0105"},"content":{"rendered":"<p>Knyga \u201eKaip ra\u0161yti apie \u0161iuolaikin\u012f men\u0105&#8221; \u2013  i\u0161samus vadovas, skirtas tiems, kurie nori apie m\u016bs\u0173 laik\u0173 men\u0105 kalb\u0117ti \u012ftaigiai. Nepakei\u010diama studentams, meno profesionalams ir kitiems ambicingiems ra\u0161ytojams knyga pirmiausia suteikia supratim\u0105 apie pagrindinius stiliaus ir turinio elementus, teksto u\u017edavin\u012f ir strukt\u016br\u0105, ton\u0105 ir kalb\u0105. Antroje dalyje duodama gausyb\u0117 praktini\u0173 patarim\u0173, apr\u0117pian\u010di\u0173 vis\u0105 spektr\u0105 apie men\u0105 ir d\u0117l meno kuriam\u0173 tekst\u0173: akademinius darbus, prane\u0161imus spaudai ir naujien\u0173 \u017einutes, straipsnius aukcion\u0173 ir parod\u0173 katalogams, galerij\u0173 vadovus ir parod\u0173 etiketes, publicistinius nuomoni\u0173 straipsnius, ra\u0161inius interneto svetain\u0117ms ir tinklara\u0161\u010diams.<\/p>\n<p>Gilda Williams skaitytojui pataria, kaip i\u0161vengti da\u017eniausiai \u0161iame darbe kylan\u010di\u0173 pavoj\u0173, pavyzd\u017eiui, \u017eargono ir neapgalvotos teksto strukt\u016bros, ir pabr\u0117\u017eia \u012fd\u0117maus steb\u0117jimo ir kruop\u0161\u010di\u0173 tyrim\u0173 gali\u0105, parodydama, kaip kuo naudingiau pasitelkti kalbos i\u0161teklius, kaip pl\u0117toti naujas id\u0117jas ir konstruoti \u012ftikinamus tekstus. Daugiau nei 30 atvaizd\u0173 iliustruoja detaliai analizuojamus geriausius tekst\u0173 pavyzd\u017eius, parinktus i\u0161 64 autori\u0173 ra\u0161ini\u0173, tarp j\u0173: Claire Bishop, Thomo Crow, T. J. Demoso, Okwui Enwezoro, Dave&#8217;o Hickey, Johno Kelsey, Chris Kraus, Rosalind Krauss, Stuarto Morgano, Hito Steyerl ir Adamo Szymczyko.<\/p>\n<p>Prieduose pateikiama bendrojo pob\u016bd\u017eio bibliografija ir patarimai, kaip susirinkti sav\u0105 \u0161iuolaikinio meno bibliotek\u0105. Kaip ra\u0161yti apie \u0161iuolaikin\u012f men\u0105 yra parankus vadovas visiems, kurie nor\u0117t\u0173 skleisti \u017eini\u0105 apie m\u016bs\u0173 dienomis kuriam\u0105 men\u0105.<\/p>\n","protected":false},"excerpt":{"rendered":"<p>Knyga \u201eKaip ra\u0161yti apie \u0161iuolaikin\u012f men\u0105&#8221; \u2013 i\u0161samus vadovas, skirtas tiems, kurie nori apie m\u016bs\u0173 laik\u0173 men\u0105 kalb\u0117ti \u012ftaigiai. Nepakei\u010diama studentams, meno profesionalams ir kitiems ambicingiems ra\u0161ytojams knyga pirmiausia suteikia supratim\u0105 apie pagrindinius stiliaus ir turinio elementus, teksto u\u017edavin\u012f ir strukt\u016br\u0105, ton\u0105 ir kalb\u0105. Antroje dalyje duodama gausyb\u0117 praktini\u0173 patarim\u0173, apr\u0117pian\u010di\u0173 vis\u0105 spektr\u0105 apie men\u0105 ir d\u0117l meno kuriam\u0173 tekst\u0173: akademinius darbus, prane\u0161imus spaudai ir naujien\u0173 \u017einutes, straipsnius aukcion\u0173 ir parod\u0173 katalogams, galerij\u0173 vadovus ir parod\u0173 etiketes, publicistinius nuomoni\u0173 straipsnius, ra\u0161inius interneto svetain\u0117ms ir tinklara\u0161\u010diams. Gilda Williams skaitytojui pataria, kaip i\u0161vengti da\u017eniausiai \u0161iame darbe kylan\u010di\u0173 pavoj\u0173, pavyzd\u017eiui, \u017eargono ir neapgalvotos teksto strukt\u016bros, ir pabr\u0117\u017eia \u012fd\u0117maus steb\u0117jimo ir kruop\u0161\u010di\u0173 tyrim\u0173 gali\u0105, parodydama, kaip kuo naudingiau pasitelkti kalbos i\u0161teklius, kaip pl\u0117toti naujas id\u0117jas ir konstruoti \u012ftikinamus tekstus. Daugiau nei 30 atvaizd\u0173 iliustruoja detaliai analizuojamus geriausius tekst\u0173 pavyzd\u017eius, parinktus i\u0161 64 autori\u0173 ra\u0161ini\u0173, tarp j\u0173: Claire Bishop, Thomo Crow, T. J. Demoso, Okwui Enwezoro, Dave&#8217;o Hickey, Johno Kelsey, Chris Kraus, Rosalind Krauss, Stuarto Morgano, Hito Steyerl ir Adamo Szymczyko. Prieduose pateikiama bendrojo pob\u016bd\u017eio bibliografija ir patarimai, kaip susirinkti sav\u0105 \u0161iuolaikinio meno bibliotek\u0105. Kaip ra\u0161yti apie \u0161iuolaikin\u012f men\u0105 yra parankus vadovas visiems, kurie nor\u0117t\u0173 skleisti \u017eini\u0105 apie m\u016bs\u0173 dienomis kuriam\u0105 men\u0105.<\/p>\n","protected":false},"featured_media":24631,"comment_status":"open","ping_status":"closed","template":"","meta":{"_acf_changed":false,"site-sidebar-layout":"default","site-content-layout":"","ast-site-content-layout":"default","site-content-style":"default","site-sidebar-style":"default","ast-global-header-display":"","ast-banner-title-visibility":"","ast-main-header-display":"","ast-hfb-above-header-display":"","ast-hfb-below-header-display":"","ast-hfb-mobile-header-display":"","site-post-title":"","ast-breadcrumbs-content":"","ast-featured-img":"","footer-sml-layout":"","ast-disable-related-posts":"","theme-transparent-header-meta":"","adv-header-id-meta":"","stick-header-meta":"","header-above-stick-meta":"","header-main-stick-meta":"","header-below-stick-meta":"","astra-migrate-meta-layouts":"default","ast-page-background-enabled":"default","ast-page-background-meta":{"desktop":{"background-color":"","background-image":"","background-repeat":"repeat","background-position":"center center","background-size":"auto","background-attachment":"scroll","background-type":"","background-media":"","overlay-type":"","overlay-color":"","overlay-opacity":"","overlay-gradient":""},"tablet":{"background-color":"","background-image":"","background-repeat":"repeat","background-position":"center center","background-size":"auto","background-attachment":"scroll","background-type":"","background-media":"","overlay-type":"","overlay-color":"","overlay-opacity":"","overlay-gradient":""},"mobile":{"background-color":"","background-image":"","background-repeat":"repeat","background-position":"center center","background-size":"auto","background-attachment":"scroll","background-type":"","background-media":"","overlay-type":"","overlay-color":"","overlay-opacity":"","overlay-gradient":""}},"ast-content-background-meta":{"desktop":{"background-color":"var(--ast-global-color-4)","background-image":"","background-repeat":"repeat","background-position":"center center","background-size":"auto","background-attachment":"scroll","background-type":"","background-media":"","overlay-type":"","overlay-color":"","overlay-opacity":"","overlay-gradient":""},"tablet":{"background-color":"var(--ast-global-color-4)","background-image":"","background-repeat":"repeat","background-position":"center center","background-size":"auto","background-attachment":"scroll","background-type":"","background-media":"","overlay-type":"","overlay-color":"","overlay-opacity":"","overlay-gradient":""},"mobile":{"background-color":"var(--ast-global-color-4)","background-image":"","background-repeat":"repeat","background-position":"center center","background-size":"auto","background-attachment":"scroll","background-type":"","background-media":"","overlay-type":"","overlay-color":"","overlay-opacity":"","overlay-gradient":""}}},"product_brand":[],"product_cat":[57],"product_tag":[9721],"class_list":{"0":"post-24626","1":"product","2":"type-product","3":"status-publish","4":"has-post-thumbnail","6":"product_cat-menas-ir-albumai","7":"product_tag-gilda-williams","8":"desktop-align-left","9":"tablet-align-left","10":"mobile-align-left","12":"first","13":"instock","14":"shipping-taxable","15":"purchasable","16":"product-type-simple"},"acf":[],"yoast_head":"<!-- This site is optimized with the Yoast SEO plugin v27.0 - https:\/\/yoast.com\/product\/yoast-seo-wordpress\/ -->\n<title>Kaip ra\u0161yti apie \u0161iuolaikin\u012f men\u0105<\/title>\n<meta name=\"description\" content=\"Knyga \u201eKaip ra\u0161yti apie \u0161iuolaikin\u012f men\u0105&quot; \u2013 i\u0161samus vadovas, skirtas tiems, kurie nori apie m\u016bs\u0173 laik\u0173 men\u0105 kalb\u0117ti \u012ftaigiai. Nepakei\u010diama studentams,\" \/>\n<meta name=\"robots\" content=\"index, follow, max-snippet:-1, max-image-preview:large, max-video-preview:-1\" \/>\n<link rel=\"canonical\" href=\"https:\/\/skaitytaknyga.lt\/en\/produktas\/kaip-rasyti-apie-siuolaikini-mena\/\" \/>\n<meta property=\"og:locale\" content=\"en_GB\" \/>\n<meta property=\"og:locale:alternate\" content=\"lt_LT\" \/>\n<meta property=\"og:type\" content=\"article\" \/>\n<meta property=\"og:title\" content=\"Kaip ra\u0161yti apie \u0161iuolaikin\u012f men\u0105\" \/>\n<meta property=\"og:description\" content=\"Knyga \u201eKaip ra\u0161yti apie \u0161iuolaikin\u012f men\u0105&quot; \u2013 i\u0161samus vadovas, skirtas tiems, kurie nori apie m\u016bs\u0173 laik\u0173 men\u0105 kalb\u0117ti \u012ftaigiai. Nepakei\u010diama studentams,\" \/>\n<meta property=\"og:url\" content=\"https:\/\/skaitytaknyga.lt\/en\/produktas\/kaip-rasyti-apie-siuolaikini-mena\/\" \/>\n<meta property=\"og:site_name\" content=\"Skaitytaknyga\" \/>\n<meta property=\"article:publisher\" content=\"https:\/\/www.facebook.com\/skaitytaknyga\/\" \/>\n<meta property=\"article:modified_time\" content=\"2026-03-10T15:55:52+00:00\" \/>\n<meta property=\"og:image\" content=\"https:\/\/skaitytaknyga.lt\/wp-content\/uploads\/2026\/03\/Kaip-rasyti-apie-siuolaikini-mena.webp\" \/>\n\t<meta property=\"og:image:width\" content=\"561\" \/>\n\t<meta property=\"og:image:height\" content=\"801\" \/>\n\t<meta property=\"og:image:type\" content=\"image\/webp\" \/>\n<meta name=\"twitter:card\" content=\"summary_large_image\" \/>\n<meta name=\"twitter:label1\" content=\"Estimated reading time\" \/>\n\t<meta name=\"twitter:data1\" content=\"1 minute\" \/>\n<script type=\"application\/ld+json\" class=\"yoast-schema-graph\">{\"@context\":\"https:\/\/schema.org\",\"@graph\":[{\"@type\":\"WebPage\",\"@id\":\"https:\/\/skaitytaknyga.lt\/produktas\/kaip-rasyti-apie-siuolaikini-mena\/\",\"url\":\"https:\/\/skaitytaknyga.lt\/produktas\/kaip-rasyti-apie-siuolaikini-mena\/\",\"name\":\"Kaip ra\u0161yti apie \u0161iuolaikin\u012f men\u0105\",\"isPartOf\":{\"@id\":\"https:\/\/skaitytaknyga.lt\/#website\"},\"primaryImageOfPage\":{\"@id\":\"https:\/\/skaitytaknyga.lt\/produktas\/kaip-rasyti-apie-siuolaikini-mena\/#primaryimage\"},\"image\":{\"@id\":\"https:\/\/skaitytaknyga.lt\/produktas\/kaip-rasyti-apie-siuolaikini-mena\/#primaryimage\"},\"thumbnailUrl\":\"https:\/\/skaitytaknyga.lt\/wp-content\/uploads\/2026\/03\/Kaip-rasyti-apie-siuolaikini-mena.webp\",\"datePublished\":\"2026-03-10T14:29:51+00:00\",\"dateModified\":\"2026-03-10T15:55:52+00:00\",\"description\":\"Knyga \u201eKaip ra\u0161yti apie \u0161iuolaikin\u012f men\u0105\\\" \u2013 i\u0161samus vadovas, skirtas tiems, kurie nori apie m\u016bs\u0173 laik\u0173 men\u0105 kalb\u0117ti \u012ftaigiai. Nepakei\u010diama studentams,\",\"breadcrumb\":{\"@id\":\"https:\/\/skaitytaknyga.lt\/produktas\/kaip-rasyti-apie-siuolaikini-mena\/#breadcrumb\"},\"inLanguage\":\"en-GB\",\"potentialAction\":[{\"@type\":\"ReadAction\",\"target\":[\"https:\/\/skaitytaknyga.lt\/produktas\/kaip-rasyti-apie-siuolaikini-mena\/\"]}]},{\"@type\":\"ImageObject\",\"inLanguage\":\"en-GB\",\"@id\":\"https:\/\/skaitytaknyga.lt\/produktas\/kaip-rasyti-apie-siuolaikini-mena\/#primaryimage\",\"url\":\"https:\/\/skaitytaknyga.lt\/wp-content\/uploads\/2026\/03\/Kaip-rasyti-apie-siuolaikini-mena.webp\",\"contentUrl\":\"https:\/\/skaitytaknyga.lt\/wp-content\/uploads\/2026\/03\/Kaip-rasyti-apie-siuolaikini-mena.webp\",\"width\":561,\"height\":801,\"caption\":\"Kaip ra\u0161yti apie \u0161iuolaikin\u012f men\u0105\"},{\"@type\":\"BreadcrumbList\",\"@id\":\"https:\/\/skaitytaknyga.lt\/produktas\/kaip-rasyti-apie-siuolaikini-mena\/#breadcrumb\",\"itemListElement\":[{\"@type\":\"ListItem\",\"position\":1,\"name\":\"Home\",\"item\":\"https:\/\/skaitytaknyga.lt\/\"},{\"@type\":\"ListItem\",\"position\":2,\"name\":\"Parduotuv\u0117\",\"item\":\"https:\/\/skaitytaknyga.lt\/knygu-parduotuve\/\"},{\"@type\":\"ListItem\",\"position\":3,\"name\":\"Kaip ra\u0161yti apie \u0161iuolaikin\u012f men\u0105\"}]},{\"@type\":\"WebSite\",\"@id\":\"https:\/\/skaitytaknyga.lt\/#website\",\"url\":\"https:\/\/skaitytaknyga.lt\/\",\"name\":\"skaitytaknyga.lt\",\"description\":\"Skaitytaknyga.lt \u2013 tai ma\u017eas \u0161eimos verslas, kuris prasid\u0117jo nuo meil\u0117s knygoms ir siekio i\u0161gelb\u0117ti knygas nuo likimo prie konteinerio. Kas vienam nereikalingas daiktas \u2013 kitam lobis, o mes esame tarpininkai, kurie padeda abiems tapti laimingesniems ???? \u017dinome kaip nelengva i\u0161gyventi ma\u017eiems verslams, tad nuo \u0161iol, \u010dia rasite ir kit\u0173, ma\u017e\u0173 \u0161eim\u0173 versl\u0173, rank\u0173 darbo, dovan\u0173 sau ir artimiesiems.\",\"publisher\":{\"@id\":\"https:\/\/skaitytaknyga.lt\/#organization\"},\"potentialAction\":[{\"@type\":\"SearchAction\",\"target\":{\"@type\":\"EntryPoint\",\"urlTemplate\":\"https:\/\/skaitytaknyga.lt\/?s={search_term_string}\"},\"query-input\":{\"@type\":\"PropertyValueSpecification\",\"valueRequired\":true,\"valueName\":\"search_term_string\"}}],\"inLanguage\":\"en-GB\"},{\"@type\":\"Organization\",\"@id\":\"https:\/\/skaitytaknyga.lt\/#organization\",\"name\":\"skaitytaknyga.lt\",\"url\":\"https:\/\/skaitytaknyga.lt\/\",\"logo\":{\"@type\":\"ImageObject\",\"inLanguage\":\"en-GB\",\"@id\":\"https:\/\/skaitytaknyga.lt\/#\/schema\/logo\/image\/\",\"url\":\"https:\/\/skaitytaknyga.lt\/wp-content\/uploads\/2024\/05\/cropped-cropped-cropped-02_00843_jt3bggkj1j3HLc7SyY6rEUpg.jpeg\",\"contentUrl\":\"https:\/\/skaitytaknyga.lt\/wp-content\/uploads\/2024\/05\/cropped-cropped-cropped-02_00843_jt3bggkj1j3HLc7SyY6rEUpg.jpeg\",\"width\":1600,\"height\":1600,\"caption\":\"skaitytaknyga.lt\"},\"image\":{\"@id\":\"https:\/\/skaitytaknyga.lt\/#\/schema\/logo\/image\/\"},\"sameAs\":[\"https:\/\/www.facebook.com\/skaitytaknyga\/\"]}]}<\/script>\n<!-- \/ Yoast SEO plugin. -->","yoast_head_json":{"title":"Kaip ra\u0161yti apie \u0161iuolaikin\u012f men\u0105","description":"Knyga \u201eKaip ra\u0161yti apie \u0161iuolaikin\u012f men\u0105\" \u2013 i\u0161samus vadovas, skirtas tiems, kurie nori apie m\u016bs\u0173 laik\u0173 men\u0105 kalb\u0117ti \u012ftaigiai. Nepakei\u010diama studentams,","robots":{"index":"index","follow":"follow","max-snippet":"max-snippet:-1","max-image-preview":"max-image-preview:large","max-video-preview":"max-video-preview:-1"},"canonical":"https:\/\/skaitytaknyga.lt\/en\/produktas\/kaip-rasyti-apie-siuolaikini-mena\/","og_locale":"en_GB","og_type":"article","og_title":"[:lt]Kaip ra\u0161yti apie \u0161iuolaikin\u012f men\u0105[:] - Skaitytaknyga","og_description":"Knyga \u201eKaip ra\u0161yti apie \u0161iuolaikin\u012f men\u0105\" \u2013 i\u0161samus vadovas, skirtas tiems, kurie nori apie m\u016bs\u0173 laik\u0173 men\u0105 kalb\u0117ti \u012ftaigiai. Nepakei\u010diama studentams,","og_url":"https:\/\/skaitytaknyga.lt\/en\/produktas\/kaip-rasyti-apie-siuolaikini-mena\/","og_site_name":"Skaitytaknyga","article_publisher":"https:\/\/www.facebook.com\/skaitytaknyga\/","article_modified_time":"2026-03-10T15:55:52+00:00","og_image":[{"width":561,"height":801,"url":"https:\/\/skaitytaknyga.lt\/wp-content\/uploads\/2026\/03\/Kaip-rasyti-apie-siuolaikini-mena.webp","type":"image\/webp"}],"twitter_card":"summary_large_image","twitter_misc":{"Estimated reading time":"1 minute"},"schema":{"@context":"https:\/\/schema.org","@graph":[{"@type":"WebPage","@id":"https:\/\/skaitytaknyga.lt\/produktas\/kaip-rasyti-apie-siuolaikini-mena\/","url":"https:\/\/skaitytaknyga.lt\/produktas\/kaip-rasyti-apie-siuolaikini-mena\/","name":"Kaip ra\u0161yti apie \u0161iuolaikin\u012f men\u0105","isPartOf":{"@id":"https:\/\/skaitytaknyga.lt\/#website"},"primaryImageOfPage":{"@id":"https:\/\/skaitytaknyga.lt\/produktas\/kaip-rasyti-apie-siuolaikini-mena\/#primaryimage"},"image":{"@id":"https:\/\/skaitytaknyga.lt\/produktas\/kaip-rasyti-apie-siuolaikini-mena\/#primaryimage"},"thumbnailUrl":"https:\/\/skaitytaknyga.lt\/wp-content\/uploads\/2026\/03\/Kaip-rasyti-apie-siuolaikini-mena.webp","datePublished":"2026-03-10T14:29:51+00:00","dateModified":"2026-03-10T15:55:52+00:00","description":"Knyga \u201eKaip ra\u0161yti apie \u0161iuolaikin\u012f men\u0105\" \u2013 i\u0161samus vadovas, skirtas tiems, kurie nori apie m\u016bs\u0173 laik\u0173 men\u0105 kalb\u0117ti \u012ftaigiai. Nepakei\u010diama studentams,","breadcrumb":{"@id":"https:\/\/skaitytaknyga.lt\/produktas\/kaip-rasyti-apie-siuolaikini-mena\/#breadcrumb"},"inLanguage":"en-GB","potentialAction":[{"@type":"ReadAction","target":["https:\/\/skaitytaknyga.lt\/produktas\/kaip-rasyti-apie-siuolaikini-mena\/"]}]},{"@type":"ImageObject","inLanguage":"en-GB","@id":"https:\/\/skaitytaknyga.lt\/produktas\/kaip-rasyti-apie-siuolaikini-mena\/#primaryimage","url":"https:\/\/skaitytaknyga.lt\/wp-content\/uploads\/2026\/03\/Kaip-rasyti-apie-siuolaikini-mena.webp","contentUrl":"https:\/\/skaitytaknyga.lt\/wp-content\/uploads\/2026\/03\/Kaip-rasyti-apie-siuolaikini-mena.webp","width":561,"height":801,"caption":"Kaip ra\u0161yti apie \u0161iuolaikin\u012f men\u0105"},{"@type":"BreadcrumbList","@id":"https:\/\/skaitytaknyga.lt\/produktas\/kaip-rasyti-apie-siuolaikini-mena\/#breadcrumb","itemListElement":[{"@type":"ListItem","position":1,"name":"Home","item":"https:\/\/skaitytaknyga.lt\/"},{"@type":"ListItem","position":2,"name":"Parduotuv\u0117","item":"https:\/\/skaitytaknyga.lt\/knygu-parduotuve\/"},{"@type":"ListItem","position":3,"name":"Kaip ra\u0161yti apie \u0161iuolaikin\u012f men\u0105"}]},{"@type":"WebSite","@id":"https:\/\/skaitytaknyga.lt\/#website","url":"https:\/\/skaitytaknyga.lt\/","name":"skaitytaknyga.lt","description":"Skaitytaknyga.lt \u2013 tai ma\u017eas \u0161eimos verslas, kuris prasid\u0117jo nuo meil\u0117s knygoms ir siekio i\u0161gelb\u0117ti knygas nuo likimo prie konteinerio. Kas vienam nereikalingas daiktas \u2013 kitam lobis, o mes esame tarpininkai, kurie padeda abiems tapti laimingesniems ???? \u017dinome kaip nelengva i\u0161gyventi ma\u017eiems verslams, tad nuo \u0161iol, \u010dia rasite ir kit\u0173, ma\u017e\u0173 \u0161eim\u0173 versl\u0173, rank\u0173 darbo, dovan\u0173 sau ir artimiesiems.","publisher":{"@id":"https:\/\/skaitytaknyga.lt\/#organization"},"potentialAction":[{"@type":"SearchAction","target":{"@type":"EntryPoint","urlTemplate":"https:\/\/skaitytaknyga.lt\/?s={search_term_string}"},"query-input":{"@type":"PropertyValueSpecification","valueRequired":true,"valueName":"search_term_string"}}],"inLanguage":"en-GB"},{"@type":"Organization","@id":"https:\/\/skaitytaknyga.lt\/#organization","name":"skaitytaknyga.lt","url":"https:\/\/skaitytaknyga.lt\/","logo":{"@type":"ImageObject","inLanguage":"en-GB","@id":"https:\/\/skaitytaknyga.lt\/#\/schema\/logo\/image\/","url":"https:\/\/skaitytaknyga.lt\/wp-content\/uploads\/2024\/05\/cropped-cropped-cropped-02_00843_jt3bggkj1j3HLc7SyY6rEUpg.jpeg","contentUrl":"https:\/\/skaitytaknyga.lt\/wp-content\/uploads\/2024\/05\/cropped-cropped-cropped-02_00843_jt3bggkj1j3HLc7SyY6rEUpg.jpeg","width":1600,"height":1600,"caption":"skaitytaknyga.lt"},"image":{"@id":"https:\/\/skaitytaknyga.lt\/#\/schema\/logo\/image\/"},"sameAs":["https:\/\/www.facebook.com\/skaitytaknyga\/"]}]}},"_links":{"self":[{"href":"https:\/\/skaitytaknyga.lt\/en\/wp-json\/wp\/v2\/product\/24626","targetHints":{"allow":["GET"]}}],"collection":[{"href":"https:\/\/skaitytaknyga.lt\/en\/wp-json\/wp\/v2\/product"}],"about":[{"href":"https:\/\/skaitytaknyga.lt\/en\/wp-json\/wp\/v2\/types\/product"}],"replies":[{"embeddable":true,"href":"https:\/\/skaitytaknyga.lt\/en\/wp-json\/wp\/v2\/comments?post=24626"}],"wp:featuredmedia":[{"embeddable":true,"href":"https:\/\/skaitytaknyga.lt\/en\/wp-json\/wp\/v2\/media\/24631"}],"wp:attachment":[{"href":"https:\/\/skaitytaknyga.lt\/en\/wp-json\/wp\/v2\/media?parent=24626"}],"wp:term":[{"taxonomy":"product_brand","embeddable":true,"href":"https:\/\/skaitytaknyga.lt\/en\/wp-json\/wp\/v2\/product_brand?post=24626"},{"taxonomy":"product_cat","embeddable":true,"href":"https:\/\/skaitytaknyga.lt\/en\/wp-json\/wp\/v2\/product_cat?post=24626"},{"taxonomy":"product_tag","embeddable":true,"href":"https:\/\/skaitytaknyga.lt\/en\/wp-json\/wp\/v2\/product_tag?post=24626"}],"curies":[{"name":"wp","href":"https:\/\/api.w.org\/{rel}","templated":true}]}}