{"id":24624,"date":"2026-03-10T16:29:50","date_gmt":"2026-03-10T14:29:50","guid":{"rendered":"https:\/\/skaitytaknyga.lt\/?post_type=product&#038;p=24624"},"modified":"2026-03-10T17:55:52","modified_gmt":"2026-03-10T15:55:52","slug":"nuostabusis-ozo-salies-burtininkas","status":"publish","type":"product","link":"https:\/\/skaitytaknyga.lt\/en\/produktas\/nuostabusis-ozo-salies-burtininkas\/","title":{"rendered":"Nuostabusis Ozo \u0161alies burtininkas"},"content":{"rendered":"<p>\u201eO labiau nori ar bijai?\u201c \u2013 klaus\u0117 Bailiojo Li\u016bto Dorot\u0117, Kaliaus\u0117 ir Gele\u017einis Medkirtys Keistuoli\u0173 teatro spektaklyje \u201eGelton\u0173 plyt\u0173 kelias\u201c. \u201eLabiau noriu!\u201c \u2013 atsak\u0117 jiems Li\u016btas ir drauge i\u0161keliavo \u012f Smaragdo miest\u0105. Kartu su gelton\u0173 plyt\u0173 kelio istorija u\u017eaugo jau ne viena Lietuvos vaik\u0173 karta. Vaik\u0173, kurie ma\u017eiau bijo, bet daugiau nori ir daugiau gali.<\/p>\n<p>Rankose laikote nauj\u0105, \u0161vies\u0173 ir d\u017eiug\u0173 \u201eNuostabiojo Ozo \u0161alies burtininko\u201c leidim\u0105, kuris yra b\u016btent toks, kokio nor\u0117jo pats autorius: \u201ebe \u0161e\u0161\u0117lio \u0161irdg\u0117los ar klaiki\u0173 slogu\u010di\u0173\u201c. Skambant Keistuoli\u0173 teatro dainoms, fantasti\u0161kos Roberto Ingpeno iliustracijos vis\u0105 \u0161eim\u0105 pakvies keliauti po nereg\u0117t\u0105 Ozo \u0161al\u012f, i\u0161mokys tik\u0117ti stebuklais ir \u012f\u017evelgti juos paprastuose dalykuose.<\/p>\n","protected":false},"excerpt":{"rendered":"<p>\u201eO labiau nori ar bijai?\u201c \u2013 klaus\u0117 Bailiojo Li\u016bto Dorot\u0117, Kaliaus\u0117 ir Gele\u017einis Medkirtys Keistuoli\u0173 teatro spektaklyje \u201eGelton\u0173 plyt\u0173 kelias\u201c. \u201eLabiau noriu!\u201c \u2013 atsak\u0117 jiems Li\u016btas ir drauge i\u0161keliavo \u012f Smaragdo miest\u0105. Kartu su gelton\u0173 plyt\u0173 kelio istorija u\u017eaugo jau ne viena Lietuvos vaik\u0173 karta. Vaik\u0173, kurie ma\u017eiau bijo, bet daugiau nori ir daugiau gali. Rankose laikote nauj\u0105, \u0161vies\u0173 ir d\u017eiug\u0173 \u201eNuostabiojo Ozo \u0161alies burtininko\u201c leidim\u0105, kuris yra b\u016btent toks, kokio nor\u0117jo pats autorius: \u201ebe \u0161e\u0161\u0117lio \u0161irdg\u0117los ar klaiki\u0173 slogu\u010di\u0173\u201c. Skambant Keistuoli\u0173 teatro dainoms, fantasti\u0161kos Roberto Ingpeno iliustracijos vis\u0105 \u0161eim\u0105 pakvies keliauti po nereg\u0117t\u0105 Ozo \u0161al\u012f, i\u0161mokys tik\u0117ti stebuklais ir \u012f\u017evelgti juos paprastuose dalykuose.<\/p>\n","protected":false},"featured_media":24629,"comment_status":"open","ping_status":"closed","template":"","meta":{"_acf_changed":false,"site-sidebar-layout":"default","site-content-layout":"","ast-site-content-layout":"default","site-content-style":"default","site-sidebar-style":"default","ast-global-header-display":"","ast-banner-title-visibility":"","ast-main-header-display":"","ast-hfb-above-header-display":"","ast-hfb-below-header-display":"","ast-hfb-mobile-header-display":"","site-post-title":"","ast-breadcrumbs-content":"","ast-featured-img":"","footer-sml-layout":"","ast-disable-related-posts":"","theme-transparent-header-meta":"","adv-header-id-meta":"","stick-header-meta":"","header-above-stick-meta":"","header-main-stick-meta":"","header-below-stick-meta":"","astra-migrate-meta-layouts":"default","ast-page-background-enabled":"default","ast-page-background-meta":{"desktop":{"background-color":"","background-image":"","background-repeat":"repeat","background-position":"center center","background-size":"auto","background-attachment":"scroll","background-type":"","background-media":"","overlay-type":"","overlay-color":"","overlay-opacity":"","overlay-gradient":""},"tablet":{"background-color":"","background-image":"","background-repeat":"repeat","background-position":"center center","background-size":"auto","background-attachment":"scroll","background-type":"","background-media":"","overlay-type":"","overlay-color":"","overlay-opacity":"","overlay-gradient":""},"mobile":{"background-color":"","background-image":"","background-repeat":"repeat","background-position":"center center","background-size":"auto","background-attachment":"scroll","background-type":"","background-media":"","overlay-type":"","overlay-color":"","overlay-opacity":"","overlay-gradient":""}},"ast-content-background-meta":{"desktop":{"background-color":"var(--ast-global-color-4)","background-image":"","background-repeat":"repeat","background-position":"center center","background-size":"auto","background-attachment":"scroll","background-type":"","background-media":"","overlay-type":"","overlay-color":"","overlay-opacity":"","overlay-gradient":""},"tablet":{"background-color":"var(--ast-global-color-4)","background-image":"","background-repeat":"repeat","background-position":"center center","background-size":"auto","background-attachment":"scroll","background-type":"","background-media":"","overlay-type":"","overlay-color":"","overlay-opacity":"","overlay-gradient":""},"mobile":{"background-color":"var(--ast-global-color-4)","background-image":"","background-repeat":"repeat","background-position":"center center","background-size":"auto","background-attachment":"scroll","background-type":"","background-media":"","overlay-type":"","overlay-color":"","overlay-opacity":"","overlay-gradient":""}}},"product_brand":[],"product_cat":[9674],"product_tag":[9718],"class_list":{"0":"post-24624","1":"product","2":"type-product","3":"status-publish","4":"has-post-thumbnail","6":"product_cat-pradinukams","7":"product_tag-l-frank-baum","8":"desktop-align-left","9":"tablet-align-left","10":"mobile-align-left","12":"first","13":"instock","14":"shipping-taxable","15":"purchasable","16":"product-type-simple"},"acf":[],"yoast_head":"<!-- This site is optimized with the Yoast SEO plugin v27.0 - https:\/\/yoast.com\/product\/yoast-seo-wordpress\/ -->\n<title>Nuostabusis Ozo \u0161alies burtininkas<\/title>\n<meta name=\"description\" content=\"\u201eO labiau nori ar bijai?\u201c \u2013 klaus\u0117 Bailiojo Li\u016bto Dorot\u0117, Kaliaus\u0117 ir Gele\u017einis Medkirtys Keistuoli\u0173 teatro spektaklyje \u201eGelton\u0173 plyt\u0173 kelias\u201c. \u201eLabiau\" \/>\n<meta name=\"robots\" content=\"index, follow, max-snippet:-1, max-image-preview:large, max-video-preview:-1\" \/>\n<link rel=\"canonical\" href=\"https:\/\/skaitytaknyga.lt\/en\/produktas\/nuostabusis-ozo-salies-burtininkas\/\" \/>\n<meta property=\"og:locale\" content=\"en_GB\" \/>\n<meta property=\"og:locale:alternate\" content=\"lt_LT\" \/>\n<meta property=\"og:type\" content=\"article\" \/>\n<meta property=\"og:title\" content=\"Nuostabusis Ozo \u0161alies burtininkas\" \/>\n<meta property=\"og:description\" content=\"\u201eO labiau nori ar bijai?\u201c \u2013 klaus\u0117 Bailiojo Li\u016bto Dorot\u0117, Kaliaus\u0117 ir Gele\u017einis Medkirtys Keistuoli\u0173 teatro spektaklyje \u201eGelton\u0173 plyt\u0173 kelias\u201c. \u201eLabiau\" \/>\n<meta property=\"og:url\" content=\"https:\/\/skaitytaknyga.lt\/en\/produktas\/nuostabusis-ozo-salies-burtininkas\/\" \/>\n<meta property=\"og:site_name\" content=\"Skaitytaknyga\" \/>\n<meta property=\"article:publisher\" content=\"https:\/\/www.facebook.com\/skaitytaknyga\/\" \/>\n<meta property=\"article:modified_time\" content=\"2026-03-10T15:55:52+00:00\" \/>\n<meta property=\"og:image\" content=\"https:\/\/skaitytaknyga.lt\/wp-content\/uploads\/2026\/03\/Nuostabusis-Ozo-salies-burtininkas-1.webp\" \/>\n\t<meta property=\"og:image:width\" content=\"334\" \/>\n\t<meta property=\"og:image:height\" content=\"407\" \/>\n\t<meta property=\"og:image:type\" content=\"image\/webp\" \/>\n<meta name=\"twitter:card\" content=\"summary_large_image\" \/>\n<meta name=\"twitter:label1\" content=\"Estimated reading time\" \/>\n\t<meta name=\"twitter:data1\" content=\"1 minute\" \/>\n<script type=\"application\/ld+json\" class=\"yoast-schema-graph\">{\"@context\":\"https:\/\/schema.org\",\"@graph\":[{\"@type\":\"WebPage\",\"@id\":\"https:\/\/skaitytaknyga.lt\/produktas\/nuostabusis-ozo-salies-burtininkas\/\",\"url\":\"https:\/\/skaitytaknyga.lt\/produktas\/nuostabusis-ozo-salies-burtininkas\/\",\"name\":\"Nuostabusis Ozo \u0161alies burtininkas\",\"isPartOf\":{\"@id\":\"https:\/\/skaitytaknyga.lt\/#website\"},\"primaryImageOfPage\":{\"@id\":\"https:\/\/skaitytaknyga.lt\/produktas\/nuostabusis-ozo-salies-burtininkas\/#primaryimage\"},\"image\":{\"@id\":\"https:\/\/skaitytaknyga.lt\/produktas\/nuostabusis-ozo-salies-burtininkas\/#primaryimage\"},\"thumbnailUrl\":\"https:\/\/skaitytaknyga.lt\/wp-content\/uploads\/2026\/03\/Nuostabusis-Ozo-salies-burtininkas-1.webp\",\"datePublished\":\"2026-03-10T14:29:50+00:00\",\"dateModified\":\"2026-03-10T15:55:52+00:00\",\"description\":\"\u201eO labiau nori ar bijai?\u201c \u2013 klaus\u0117 Bailiojo Li\u016bto Dorot\u0117, Kaliaus\u0117 ir Gele\u017einis Medkirtys Keistuoli\u0173 teatro spektaklyje \u201eGelton\u0173 plyt\u0173 kelias\u201c. \u201eLabiau\",\"breadcrumb\":{\"@id\":\"https:\/\/skaitytaknyga.lt\/produktas\/nuostabusis-ozo-salies-burtininkas\/#breadcrumb\"},\"inLanguage\":\"en-GB\",\"potentialAction\":[{\"@type\":\"ReadAction\",\"target\":[\"https:\/\/skaitytaknyga.lt\/produktas\/nuostabusis-ozo-salies-burtininkas\/\"]}]},{\"@type\":\"ImageObject\",\"inLanguage\":\"en-GB\",\"@id\":\"https:\/\/skaitytaknyga.lt\/produktas\/nuostabusis-ozo-salies-burtininkas\/#primaryimage\",\"url\":\"https:\/\/skaitytaknyga.lt\/wp-content\/uploads\/2026\/03\/Nuostabusis-Ozo-salies-burtininkas-1.webp\",\"contentUrl\":\"https:\/\/skaitytaknyga.lt\/wp-content\/uploads\/2026\/03\/Nuostabusis-Ozo-salies-burtininkas-1.webp\",\"width\":334,\"height\":407,\"caption\":\"Nuostabusis Ozo \u0161alies burtininkas (1)\"},{\"@type\":\"BreadcrumbList\",\"@id\":\"https:\/\/skaitytaknyga.lt\/produktas\/nuostabusis-ozo-salies-burtininkas\/#breadcrumb\",\"itemListElement\":[{\"@type\":\"ListItem\",\"position\":1,\"name\":\"Home\",\"item\":\"https:\/\/skaitytaknyga.lt\/\"},{\"@type\":\"ListItem\",\"position\":2,\"name\":\"Parduotuv\u0117\",\"item\":\"https:\/\/skaitytaknyga.lt\/knygu-parduotuve\/\"},{\"@type\":\"ListItem\",\"position\":3,\"name\":\"Nuostabusis Ozo \u0161alies burtininkas\"}]},{\"@type\":\"WebSite\",\"@id\":\"https:\/\/skaitytaknyga.lt\/#website\",\"url\":\"https:\/\/skaitytaknyga.lt\/\",\"name\":\"skaitytaknyga.lt\",\"description\":\"Skaitytaknyga.lt \u2013 tai ma\u017eas \u0161eimos verslas, kuris prasid\u0117jo nuo meil\u0117s knygoms ir siekio i\u0161gelb\u0117ti knygas nuo likimo prie konteinerio. Kas vienam nereikalingas daiktas \u2013 kitam lobis, o mes esame tarpininkai, kurie padeda abiems tapti laimingesniems ???? \u017dinome kaip nelengva i\u0161gyventi ma\u017eiems verslams, tad nuo \u0161iol, \u010dia rasite ir kit\u0173, ma\u017e\u0173 \u0161eim\u0173 versl\u0173, rank\u0173 darbo, dovan\u0173 sau ir artimiesiems.\",\"publisher\":{\"@id\":\"https:\/\/skaitytaknyga.lt\/#organization\"},\"potentialAction\":[{\"@type\":\"SearchAction\",\"target\":{\"@type\":\"EntryPoint\",\"urlTemplate\":\"https:\/\/skaitytaknyga.lt\/?s={search_term_string}\"},\"query-input\":{\"@type\":\"PropertyValueSpecification\",\"valueRequired\":true,\"valueName\":\"search_term_string\"}}],\"inLanguage\":\"en-GB\"},{\"@type\":\"Organization\",\"@id\":\"https:\/\/skaitytaknyga.lt\/#organization\",\"name\":\"skaitytaknyga.lt\",\"url\":\"https:\/\/skaitytaknyga.lt\/\",\"logo\":{\"@type\":\"ImageObject\",\"inLanguage\":\"en-GB\",\"@id\":\"https:\/\/skaitytaknyga.lt\/#\/schema\/logo\/image\/\",\"url\":\"https:\/\/skaitytaknyga.lt\/wp-content\/uploads\/2024\/05\/cropped-cropped-cropped-02_00843_jt3bggkj1j3HLc7SyY6rEUpg.jpeg\",\"contentUrl\":\"https:\/\/skaitytaknyga.lt\/wp-content\/uploads\/2024\/05\/cropped-cropped-cropped-02_00843_jt3bggkj1j3HLc7SyY6rEUpg.jpeg\",\"width\":1600,\"height\":1600,\"caption\":\"skaitytaknyga.lt\"},\"image\":{\"@id\":\"https:\/\/skaitytaknyga.lt\/#\/schema\/logo\/image\/\"},\"sameAs\":[\"https:\/\/www.facebook.com\/skaitytaknyga\/\"]}]}<\/script>\n<!-- \/ Yoast SEO plugin. -->","yoast_head_json":{"title":"Nuostabusis Ozo \u0161alies burtininkas","description":"\u201eO labiau nori ar bijai?\u201c \u2013 klaus\u0117 Bailiojo Li\u016bto Dorot\u0117, Kaliaus\u0117 ir Gele\u017einis Medkirtys Keistuoli\u0173 teatro spektaklyje \u201eGelton\u0173 plyt\u0173 kelias\u201c. \u201eLabiau","robots":{"index":"index","follow":"follow","max-snippet":"max-snippet:-1","max-image-preview":"max-image-preview:large","max-video-preview":"max-video-preview:-1"},"canonical":"https:\/\/skaitytaknyga.lt\/en\/produktas\/nuostabusis-ozo-salies-burtininkas\/","og_locale":"en_GB","og_type":"article","og_title":"[:lt]Nuostabusis Ozo \u0161alies burtininkas[:] - Skaitytaknyga","og_description":"\u201eO labiau nori ar bijai?\u201c \u2013 klaus\u0117 Bailiojo Li\u016bto Dorot\u0117, Kaliaus\u0117 ir Gele\u017einis Medkirtys Keistuoli\u0173 teatro spektaklyje \u201eGelton\u0173 plyt\u0173 kelias\u201c. \u201eLabiau","og_url":"https:\/\/skaitytaknyga.lt\/en\/produktas\/nuostabusis-ozo-salies-burtininkas\/","og_site_name":"Skaitytaknyga","article_publisher":"https:\/\/www.facebook.com\/skaitytaknyga\/","article_modified_time":"2026-03-10T15:55:52+00:00","og_image":[{"width":334,"height":407,"url":"https:\/\/skaitytaknyga.lt\/wp-content\/uploads\/2026\/03\/Nuostabusis-Ozo-salies-burtininkas-1.webp","type":"image\/webp"}],"twitter_card":"summary_large_image","twitter_misc":{"Estimated reading time":"1 minute"},"schema":{"@context":"https:\/\/schema.org","@graph":[{"@type":"WebPage","@id":"https:\/\/skaitytaknyga.lt\/produktas\/nuostabusis-ozo-salies-burtininkas\/","url":"https:\/\/skaitytaknyga.lt\/produktas\/nuostabusis-ozo-salies-burtininkas\/","name":"Nuostabusis Ozo \u0161alies burtininkas","isPartOf":{"@id":"https:\/\/skaitytaknyga.lt\/#website"},"primaryImageOfPage":{"@id":"https:\/\/skaitytaknyga.lt\/produktas\/nuostabusis-ozo-salies-burtininkas\/#primaryimage"},"image":{"@id":"https:\/\/skaitytaknyga.lt\/produktas\/nuostabusis-ozo-salies-burtininkas\/#primaryimage"},"thumbnailUrl":"https:\/\/skaitytaknyga.lt\/wp-content\/uploads\/2026\/03\/Nuostabusis-Ozo-salies-burtininkas-1.webp","datePublished":"2026-03-10T14:29:50+00:00","dateModified":"2026-03-10T15:55:52+00:00","description":"\u201eO labiau nori ar bijai?\u201c \u2013 klaus\u0117 Bailiojo Li\u016bto Dorot\u0117, Kaliaus\u0117 ir Gele\u017einis Medkirtys Keistuoli\u0173 teatro spektaklyje \u201eGelton\u0173 plyt\u0173 kelias\u201c. \u201eLabiau","breadcrumb":{"@id":"https:\/\/skaitytaknyga.lt\/produktas\/nuostabusis-ozo-salies-burtininkas\/#breadcrumb"},"inLanguage":"en-GB","potentialAction":[{"@type":"ReadAction","target":["https:\/\/skaitytaknyga.lt\/produktas\/nuostabusis-ozo-salies-burtininkas\/"]}]},{"@type":"ImageObject","inLanguage":"en-GB","@id":"https:\/\/skaitytaknyga.lt\/produktas\/nuostabusis-ozo-salies-burtininkas\/#primaryimage","url":"https:\/\/skaitytaknyga.lt\/wp-content\/uploads\/2026\/03\/Nuostabusis-Ozo-salies-burtininkas-1.webp","contentUrl":"https:\/\/skaitytaknyga.lt\/wp-content\/uploads\/2026\/03\/Nuostabusis-Ozo-salies-burtininkas-1.webp","width":334,"height":407,"caption":"Nuostabusis Ozo \u0161alies burtininkas (1)"},{"@type":"BreadcrumbList","@id":"https:\/\/skaitytaknyga.lt\/produktas\/nuostabusis-ozo-salies-burtininkas\/#breadcrumb","itemListElement":[{"@type":"ListItem","position":1,"name":"Home","item":"https:\/\/skaitytaknyga.lt\/"},{"@type":"ListItem","position":2,"name":"Parduotuv\u0117","item":"https:\/\/skaitytaknyga.lt\/knygu-parduotuve\/"},{"@type":"ListItem","position":3,"name":"Nuostabusis Ozo \u0161alies burtininkas"}]},{"@type":"WebSite","@id":"https:\/\/skaitytaknyga.lt\/#website","url":"https:\/\/skaitytaknyga.lt\/","name":"skaitytaknyga.lt","description":"Skaitytaknyga.lt \u2013 tai ma\u017eas \u0161eimos verslas, kuris prasid\u0117jo nuo meil\u0117s knygoms ir siekio i\u0161gelb\u0117ti knygas nuo likimo prie konteinerio. Kas vienam nereikalingas daiktas \u2013 kitam lobis, o mes esame tarpininkai, kurie padeda abiems tapti laimingesniems ???? \u017dinome kaip nelengva i\u0161gyventi ma\u017eiems verslams, tad nuo \u0161iol, \u010dia rasite ir kit\u0173, ma\u017e\u0173 \u0161eim\u0173 versl\u0173, rank\u0173 darbo, dovan\u0173 sau ir artimiesiems.","publisher":{"@id":"https:\/\/skaitytaknyga.lt\/#organization"},"potentialAction":[{"@type":"SearchAction","target":{"@type":"EntryPoint","urlTemplate":"https:\/\/skaitytaknyga.lt\/?s={search_term_string}"},"query-input":{"@type":"PropertyValueSpecification","valueRequired":true,"valueName":"search_term_string"}}],"inLanguage":"en-GB"},{"@type":"Organization","@id":"https:\/\/skaitytaknyga.lt\/#organization","name":"skaitytaknyga.lt","url":"https:\/\/skaitytaknyga.lt\/","logo":{"@type":"ImageObject","inLanguage":"en-GB","@id":"https:\/\/skaitytaknyga.lt\/#\/schema\/logo\/image\/","url":"https:\/\/skaitytaknyga.lt\/wp-content\/uploads\/2024\/05\/cropped-cropped-cropped-02_00843_jt3bggkj1j3HLc7SyY6rEUpg.jpeg","contentUrl":"https:\/\/skaitytaknyga.lt\/wp-content\/uploads\/2024\/05\/cropped-cropped-cropped-02_00843_jt3bggkj1j3HLc7SyY6rEUpg.jpeg","width":1600,"height":1600,"caption":"skaitytaknyga.lt"},"image":{"@id":"https:\/\/skaitytaknyga.lt\/#\/schema\/logo\/image\/"},"sameAs":["https:\/\/www.facebook.com\/skaitytaknyga\/"]}]}},"_links":{"self":[{"href":"https:\/\/skaitytaknyga.lt\/en\/wp-json\/wp\/v2\/product\/24624","targetHints":{"allow":["GET"]}}],"collection":[{"href":"https:\/\/skaitytaknyga.lt\/en\/wp-json\/wp\/v2\/product"}],"about":[{"href":"https:\/\/skaitytaknyga.lt\/en\/wp-json\/wp\/v2\/types\/product"}],"replies":[{"embeddable":true,"href":"https:\/\/skaitytaknyga.lt\/en\/wp-json\/wp\/v2\/comments?post=24624"}],"wp:featuredmedia":[{"embeddable":true,"href":"https:\/\/skaitytaknyga.lt\/en\/wp-json\/wp\/v2\/media\/24629"}],"wp:attachment":[{"href":"https:\/\/skaitytaknyga.lt\/en\/wp-json\/wp\/v2\/media?parent=24624"}],"wp:term":[{"taxonomy":"product_brand","embeddable":true,"href":"https:\/\/skaitytaknyga.lt\/en\/wp-json\/wp\/v2\/product_brand?post=24624"},{"taxonomy":"product_cat","embeddable":true,"href":"https:\/\/skaitytaknyga.lt\/en\/wp-json\/wp\/v2\/product_cat?post=24624"},{"taxonomy":"product_tag","embeddable":true,"href":"https:\/\/skaitytaknyga.lt\/en\/wp-json\/wp\/v2\/product_tag?post=24624"}],"curies":[{"name":"wp","href":"https:\/\/api.w.org\/{rel}","templated":true}]}}