{"id":24604,"date":"2026-03-10T11:10:07","date_gmt":"2026-03-10T09:10:07","guid":{"rendered":"https:\/\/skaitytaknyga.lt\/?post_type=product&#038;p=24604"},"modified":"2026-03-17T11:55:16","modified_gmt":"2026-03-17T09:55:16","slug":"altoriu-sesely","status":"publish","type":"product","link":"https:\/\/skaitytaknyga.lt\/en\/produktas\/altoriu-sesely\/","title":{"rendered":"Altori\u0173 \u0161e\u0161\u0117ly"},"content":{"rendered":"<p><strong>\u201eAltori\u0173 \u0161e\u0161\u0117ly\u201c<\/strong>\u00a0\u2013 svarbiausias lietuvi\u0173 literat\u016bros klasiko\u00a0<strong>Vinco Mykolai\u010dio-Putino<\/strong>\u00a0k\u016brinys. \u0160is psichologinis romanas ypa\u010d svarbus XX a. ketvirtojo de\u0161imtme\u010dio literat\u016bros kontekste, nes puikiai atskleid\u017eia filosofin\u012f pagrindinio veik\u0117jo santyk\u012f su gyvenamuoju laiku. Altori\u0173 \u0161e\u0161\u0117ly prad\u0117jo nauj\u0105 keli\u0105 lietuvi\u0173 romano istorijoje ir iki \u0161iol tebelaikomas geriausiu psichologiniu romanu lietuvi\u0173 literat\u016broje.<\/p>\n<p><strong>Vincas Mykolaitis-Putinas<\/strong>\u00a0(1893\u20131967) \u2013 poetas, prozininkas, dramaturgas, literat\u016bros tyrin\u0117tojas, vienas i\u0161kiliausi\u0173 XX a. lietuvi\u0173 kult\u016bros veik\u0117j\u0173.<\/p>\n","protected":false},"excerpt":{"rendered":"<p>\u201eAltori\u0173 \u0161e\u0161\u0117ly\u201c\u00a0\u2013 svarbiausias lietuvi\u0173 literat\u016bros klasiko\u00a0Vinco Mykolai\u010dio-Putino\u00a0k\u016brinys. \u0160is psichologinis romanas ypa\u010d svarbus XX a. ketvirtojo de\u0161imtme\u010dio literat\u016bros kontekste, nes puikiai atskleid\u017eia filosofin\u012f pagrindinio veik\u0117jo santyk\u012f su gyvenamuoju laiku. Altori\u0173 \u0161e\u0161\u0117ly prad\u0117jo nauj\u0105 keli\u0105 lietuvi\u0173 romano istorijoje ir iki \u0161iol tebelaikomas geriausiu psichologiniu romanu lietuvi\u0173 literat\u016broje. Vincas Mykolaitis-Putinas\u00a0(1893\u20131967) \u2013 poetas, prozininkas, dramaturgas, literat\u016bros tyrin\u0117tojas, vienas i\u0161kiliausi\u0173 XX a. lietuvi\u0173 kult\u016bros veik\u0117j\u0173.<\/p>\n","protected":false},"featured_media":24616,"comment_status":"open","ping_status":"closed","template":"","meta":{"_acf_changed":false,"site-sidebar-layout":"default","site-content-layout":"","ast-site-content-layout":"default","site-content-style":"default","site-sidebar-style":"default","ast-global-header-display":"","ast-banner-title-visibility":"","ast-main-header-display":"","ast-hfb-above-header-display":"","ast-hfb-below-header-display":"","ast-hfb-mobile-header-display":"","site-post-title":"","ast-breadcrumbs-content":"","ast-featured-img":"","footer-sml-layout":"","ast-disable-related-posts":"","theme-transparent-header-meta":"default","adv-header-id-meta":"","stick-header-meta":"","header-above-stick-meta":"","header-main-stick-meta":"","header-below-stick-meta":"","astra-migrate-meta-layouts":"set","ast-page-background-enabled":"default","ast-page-background-meta":{"desktop":{"background-color":"","background-image":"","background-repeat":"repeat","background-position":"center center","background-size":"auto","background-attachment":"scroll","background-type":"","background-media":"","overlay-type":"","overlay-color":"","overlay-opacity":"","overlay-gradient":""},"tablet":{"background-color":"","background-image":"","background-repeat":"repeat","background-position":"center center","background-size":"auto","background-attachment":"scroll","background-type":"","background-media":"","overlay-type":"","overlay-color":"","overlay-opacity":"","overlay-gradient":""},"mobile":{"background-color":"","background-image":"","background-repeat":"repeat","background-position":"center center","background-size":"auto","background-attachment":"scroll","background-type":"","background-media":"","overlay-type":"","overlay-color":"","overlay-opacity":"","overlay-gradient":""}},"ast-content-background-meta":{"desktop":{"background-color":"var(--ast-global-color-4)","background-image":"","background-repeat":"repeat","background-position":"center center","background-size":"auto","background-attachment":"scroll","background-type":"","background-media":"","overlay-type":"","overlay-color":"","overlay-opacity":"","overlay-gradient":""},"tablet":{"background-color":"var(--ast-global-color-4)","background-image":"","background-repeat":"repeat","background-position":"center center","background-size":"auto","background-attachment":"scroll","background-type":"","background-media":"","overlay-type":"","overlay-color":"","overlay-opacity":"","overlay-gradient":""},"mobile":{"background-color":"var(--ast-global-color-4)","background-image":"","background-repeat":"repeat","background-position":"center center","background-size":"auto","background-attachment":"scroll","background-type":"","background-media":"","overlay-type":"","overlay-color":"","overlay-opacity":"","overlay-gradient":""}}},"product_brand":[],"product_cat":[9590,15],"product_tag":[9715],"class_list":{"0":"post-24604","1":"product","2":"type-product","3":"status-publish","4":"has-post-thumbnail","6":"product_cat-lietuviu-literatura","7":"product_cat-uncategorized","8":"product_tag-vincas-mykolaitis-putinas","9":"desktop-align-left","10":"tablet-align-left","11":"mobile-align-left","13":"first","14":"instock","15":"shipping-taxable","16":"purchasable","17":"product-type-variable"},"acf":[],"yoast_head":"<!-- This site is optimized with the Yoast SEO plugin v27.0 - https:\/\/yoast.com\/product\/yoast-seo-wordpress\/ -->\n<title>Altori\u0173 \u0161e\u0161\u0117ly<\/title>\n<meta name=\"description\" content=\"\u201eAltori\u0173 \u0161e\u0161\u0117ly\u201c\u00a0\u2013 svarbiausias lietuvi\u0173 literat\u016bros klasiko\u00a0Vinco Mykolai\u010dio-Putino\u00a0k\u016brinys. \u0160is psichologinis romanas ypa\u010d svarbus XX a. ketvirtojo\" \/>\n<meta name=\"robots\" content=\"index, follow, max-snippet:-1, max-image-preview:large, max-video-preview:-1\" \/>\n<link rel=\"canonical\" href=\"https:\/\/skaitytaknyga.lt\/en\/produktas\/altoriu-sesely\/\" \/>\n<meta property=\"og:locale\" content=\"en_GB\" \/>\n<meta property=\"og:locale:alternate\" content=\"lt_LT\" \/>\n<meta property=\"og:type\" content=\"article\" \/>\n<meta property=\"og:title\" content=\"Altori\u0173 \u0161e\u0161\u0117ly\" \/>\n<meta property=\"og:description\" content=\"\u201eAltori\u0173 \u0161e\u0161\u0117ly\u201c\u00a0\u2013 svarbiausias lietuvi\u0173 literat\u016bros klasiko\u00a0Vinco Mykolai\u010dio-Putino\u00a0k\u016brinys. \u0160is psichologinis romanas ypa\u010d svarbus XX a. ketvirtojo\" \/>\n<meta property=\"og:url\" content=\"https:\/\/skaitytaknyga.lt\/en\/produktas\/altoriu-sesely\/\" \/>\n<meta property=\"og:site_name\" content=\"Skaitytaknyga\" \/>\n<meta property=\"article:publisher\" content=\"https:\/\/www.facebook.com\/skaitytaknyga\/\" \/>\n<meta property=\"article:modified_time\" content=\"2026-03-17T09:55:16+00:00\" \/>\n<meta property=\"og:image\" content=\"https:\/\/skaitytaknyga.lt\/wp-content\/uploads\/2026\/03\/Altoriu-sesely-1.webp\" \/>\n\t<meta property=\"og:image:width\" content=\"495\" \/>\n\t<meta property=\"og:image:height\" content=\"800\" \/>\n\t<meta property=\"og:image:type\" content=\"image\/webp\" \/>\n<meta name=\"twitter:card\" content=\"summary_large_image\" \/>\n<meta name=\"twitter:label1\" content=\"Estimated reading time\" \/>\n\t<meta name=\"twitter:data1\" content=\"1 minute\" \/>\n<script type=\"application\/ld+json\" class=\"yoast-schema-graph\">{\"@context\":\"https:\/\/schema.org\",\"@graph\":[{\"@type\":\"WebPage\",\"@id\":\"https:\/\/skaitytaknyga.lt\/produktas\/altoriu-sesely\/\",\"url\":\"https:\/\/skaitytaknyga.lt\/produktas\/altoriu-sesely\/\",\"name\":\"Altori\u0173 \u0161e\u0161\u0117ly\",\"isPartOf\":{\"@id\":\"https:\/\/skaitytaknyga.lt\/#website\"},\"primaryImageOfPage\":{\"@id\":\"https:\/\/skaitytaknyga.lt\/produktas\/altoriu-sesely\/#primaryimage\"},\"image\":{\"@id\":\"https:\/\/skaitytaknyga.lt\/produktas\/altoriu-sesely\/#primaryimage\"},\"thumbnailUrl\":\"https:\/\/skaitytaknyga.lt\/wp-content\/uploads\/2026\/03\/Altoriu-sesely-1.webp\",\"datePublished\":\"2026-03-10T09:10:07+00:00\",\"dateModified\":\"2026-03-17T09:55:16+00:00\",\"description\":\"\u201eAltori\u0173 \u0161e\u0161\u0117ly\u201c\u00a0\u2013 svarbiausias lietuvi\u0173 literat\u016bros klasiko\u00a0Vinco Mykolai\u010dio-Putino\u00a0k\u016brinys. \u0160is psichologinis romanas ypa\u010d svarbus XX a. ketvirtojo\",\"breadcrumb\":{\"@id\":\"https:\/\/skaitytaknyga.lt\/produktas\/altoriu-sesely\/#breadcrumb\"},\"inLanguage\":\"en-GB\",\"potentialAction\":[{\"@type\":\"ReadAction\",\"target\":[\"https:\/\/skaitytaknyga.lt\/produktas\/altoriu-sesely\/\"]}]},{\"@type\":\"ImageObject\",\"inLanguage\":\"en-GB\",\"@id\":\"https:\/\/skaitytaknyga.lt\/produktas\/altoriu-sesely\/#primaryimage\",\"url\":\"https:\/\/skaitytaknyga.lt\/wp-content\/uploads\/2026\/03\/Altoriu-sesely-1.webp\",\"contentUrl\":\"https:\/\/skaitytaknyga.lt\/wp-content\/uploads\/2026\/03\/Altoriu-sesely-1.webp\",\"width\":495,\"height\":800,\"caption\":\"Altori\u0173 \u0161e\u0161\u0117ly (1)\"},{\"@type\":\"BreadcrumbList\",\"@id\":\"https:\/\/skaitytaknyga.lt\/produktas\/altoriu-sesely\/#breadcrumb\",\"itemListElement\":[{\"@type\":\"ListItem\",\"position\":1,\"name\":\"Home\",\"item\":\"https:\/\/skaitytaknyga.lt\/\"},{\"@type\":\"ListItem\",\"position\":2,\"name\":\"Parduotuv\u0117\",\"item\":\"https:\/\/skaitytaknyga.lt\/knygu-parduotuve\/\"},{\"@type\":\"ListItem\",\"position\":3,\"name\":\"Altori\u0173 \u0161e\u0161\u0117ly\"}]},{\"@type\":\"WebSite\",\"@id\":\"https:\/\/skaitytaknyga.lt\/#website\",\"url\":\"https:\/\/skaitytaknyga.lt\/\",\"name\":\"skaitytaknyga.lt\",\"description\":\"Skaitytaknyga.lt \u2013 tai ma\u017eas \u0161eimos verslas, kuris prasid\u0117jo nuo meil\u0117s knygoms ir siekio i\u0161gelb\u0117ti knygas nuo likimo prie konteinerio. Kas vienam nereikalingas daiktas \u2013 kitam lobis, o mes esame tarpininkai, kurie padeda abiems tapti laimingesniems ???? \u017dinome kaip nelengva i\u0161gyventi ma\u017eiems verslams, tad nuo \u0161iol, \u010dia rasite ir kit\u0173, ma\u017e\u0173 \u0161eim\u0173 versl\u0173, rank\u0173 darbo, dovan\u0173 sau ir artimiesiems.\",\"publisher\":{\"@id\":\"https:\/\/skaitytaknyga.lt\/#organization\"},\"potentialAction\":[{\"@type\":\"SearchAction\",\"target\":{\"@type\":\"EntryPoint\",\"urlTemplate\":\"https:\/\/skaitytaknyga.lt\/?s={search_term_string}\"},\"query-input\":{\"@type\":\"PropertyValueSpecification\",\"valueRequired\":true,\"valueName\":\"search_term_string\"}}],\"inLanguage\":\"en-GB\"},{\"@type\":\"Organization\",\"@id\":\"https:\/\/skaitytaknyga.lt\/#organization\",\"name\":\"skaitytaknyga.lt\",\"url\":\"https:\/\/skaitytaknyga.lt\/\",\"logo\":{\"@type\":\"ImageObject\",\"inLanguage\":\"en-GB\",\"@id\":\"https:\/\/skaitytaknyga.lt\/#\/schema\/logo\/image\/\",\"url\":\"https:\/\/skaitytaknyga.lt\/wp-content\/uploads\/2024\/05\/cropped-cropped-cropped-02_00843_jt3bggkj1j3HLc7SyY6rEUpg.jpeg\",\"contentUrl\":\"https:\/\/skaitytaknyga.lt\/wp-content\/uploads\/2024\/05\/cropped-cropped-cropped-02_00843_jt3bggkj1j3HLc7SyY6rEUpg.jpeg\",\"width\":1600,\"height\":1600,\"caption\":\"skaitytaknyga.lt\"},\"image\":{\"@id\":\"https:\/\/skaitytaknyga.lt\/#\/schema\/logo\/image\/\"},\"sameAs\":[\"https:\/\/www.facebook.com\/skaitytaknyga\/\"]}]}<\/script>\n<!-- \/ Yoast SEO plugin. -->","yoast_head_json":{"title":"Altori\u0173 \u0161e\u0161\u0117ly","description":"\u201eAltori\u0173 \u0161e\u0161\u0117ly\u201c\u00a0\u2013 svarbiausias lietuvi\u0173 literat\u016bros klasiko\u00a0Vinco Mykolai\u010dio-Putino\u00a0k\u016brinys. \u0160is psichologinis romanas ypa\u010d svarbus XX a. ketvirtojo","robots":{"index":"index","follow":"follow","max-snippet":"max-snippet:-1","max-image-preview":"max-image-preview:large","max-video-preview":"max-video-preview:-1"},"canonical":"https:\/\/skaitytaknyga.lt\/en\/produktas\/altoriu-sesely\/","og_locale":"en_GB","og_type":"article","og_title":"[:lt]Altori\u0173 \u0161e\u0161\u0117ly[:] - Skaitytaknyga","og_description":"\u201eAltori\u0173 \u0161e\u0161\u0117ly\u201c\u00a0\u2013 svarbiausias lietuvi\u0173 literat\u016bros klasiko\u00a0Vinco Mykolai\u010dio-Putino\u00a0k\u016brinys. \u0160is psichologinis romanas ypa\u010d svarbus XX a. ketvirtojo","og_url":"https:\/\/skaitytaknyga.lt\/en\/produktas\/altoriu-sesely\/","og_site_name":"Skaitytaknyga","article_publisher":"https:\/\/www.facebook.com\/skaitytaknyga\/","article_modified_time":"2026-03-17T09:55:16+00:00","og_image":[{"width":495,"height":800,"url":"https:\/\/skaitytaknyga.lt\/wp-content\/uploads\/2026\/03\/Altoriu-sesely-1.webp","type":"image\/webp"}],"twitter_card":"summary_large_image","twitter_misc":{"Estimated reading time":"1 minute"},"schema":{"@context":"https:\/\/schema.org","@graph":[{"@type":"WebPage","@id":"https:\/\/skaitytaknyga.lt\/produktas\/altoriu-sesely\/","url":"https:\/\/skaitytaknyga.lt\/produktas\/altoriu-sesely\/","name":"Altori\u0173 \u0161e\u0161\u0117ly","isPartOf":{"@id":"https:\/\/skaitytaknyga.lt\/#website"},"primaryImageOfPage":{"@id":"https:\/\/skaitytaknyga.lt\/produktas\/altoriu-sesely\/#primaryimage"},"image":{"@id":"https:\/\/skaitytaknyga.lt\/produktas\/altoriu-sesely\/#primaryimage"},"thumbnailUrl":"https:\/\/skaitytaknyga.lt\/wp-content\/uploads\/2026\/03\/Altoriu-sesely-1.webp","datePublished":"2026-03-10T09:10:07+00:00","dateModified":"2026-03-17T09:55:16+00:00","description":"\u201eAltori\u0173 \u0161e\u0161\u0117ly\u201c\u00a0\u2013 svarbiausias lietuvi\u0173 literat\u016bros klasiko\u00a0Vinco Mykolai\u010dio-Putino\u00a0k\u016brinys. \u0160is psichologinis romanas ypa\u010d svarbus XX a. ketvirtojo","breadcrumb":{"@id":"https:\/\/skaitytaknyga.lt\/produktas\/altoriu-sesely\/#breadcrumb"},"inLanguage":"en-GB","potentialAction":[{"@type":"ReadAction","target":["https:\/\/skaitytaknyga.lt\/produktas\/altoriu-sesely\/"]}]},{"@type":"ImageObject","inLanguage":"en-GB","@id":"https:\/\/skaitytaknyga.lt\/produktas\/altoriu-sesely\/#primaryimage","url":"https:\/\/skaitytaknyga.lt\/wp-content\/uploads\/2026\/03\/Altoriu-sesely-1.webp","contentUrl":"https:\/\/skaitytaknyga.lt\/wp-content\/uploads\/2026\/03\/Altoriu-sesely-1.webp","width":495,"height":800,"caption":"Altori\u0173 \u0161e\u0161\u0117ly (1)"},{"@type":"BreadcrumbList","@id":"https:\/\/skaitytaknyga.lt\/produktas\/altoriu-sesely\/#breadcrumb","itemListElement":[{"@type":"ListItem","position":1,"name":"Home","item":"https:\/\/skaitytaknyga.lt\/"},{"@type":"ListItem","position":2,"name":"Parduotuv\u0117","item":"https:\/\/skaitytaknyga.lt\/knygu-parduotuve\/"},{"@type":"ListItem","position":3,"name":"Altori\u0173 \u0161e\u0161\u0117ly"}]},{"@type":"WebSite","@id":"https:\/\/skaitytaknyga.lt\/#website","url":"https:\/\/skaitytaknyga.lt\/","name":"skaitytaknyga.lt","description":"Skaitytaknyga.lt \u2013 tai ma\u017eas \u0161eimos verslas, kuris prasid\u0117jo nuo meil\u0117s knygoms ir siekio i\u0161gelb\u0117ti knygas nuo likimo prie konteinerio. Kas vienam nereikalingas daiktas \u2013 kitam lobis, o mes esame tarpininkai, kurie padeda abiems tapti laimingesniems ???? \u017dinome kaip nelengva i\u0161gyventi ma\u017eiems verslams, tad nuo \u0161iol, \u010dia rasite ir kit\u0173, ma\u017e\u0173 \u0161eim\u0173 versl\u0173, rank\u0173 darbo, dovan\u0173 sau ir artimiesiems.","publisher":{"@id":"https:\/\/skaitytaknyga.lt\/#organization"},"potentialAction":[{"@type":"SearchAction","target":{"@type":"EntryPoint","urlTemplate":"https:\/\/skaitytaknyga.lt\/?s={search_term_string}"},"query-input":{"@type":"PropertyValueSpecification","valueRequired":true,"valueName":"search_term_string"}}],"inLanguage":"en-GB"},{"@type":"Organization","@id":"https:\/\/skaitytaknyga.lt\/#organization","name":"skaitytaknyga.lt","url":"https:\/\/skaitytaknyga.lt\/","logo":{"@type":"ImageObject","inLanguage":"en-GB","@id":"https:\/\/skaitytaknyga.lt\/#\/schema\/logo\/image\/","url":"https:\/\/skaitytaknyga.lt\/wp-content\/uploads\/2024\/05\/cropped-cropped-cropped-02_00843_jt3bggkj1j3HLc7SyY6rEUpg.jpeg","contentUrl":"https:\/\/skaitytaknyga.lt\/wp-content\/uploads\/2024\/05\/cropped-cropped-cropped-02_00843_jt3bggkj1j3HLc7SyY6rEUpg.jpeg","width":1600,"height":1600,"caption":"skaitytaknyga.lt"},"image":{"@id":"https:\/\/skaitytaknyga.lt\/#\/schema\/logo\/image\/"},"sameAs":["https:\/\/www.facebook.com\/skaitytaknyga\/"]}]}},"_links":{"self":[{"href":"https:\/\/skaitytaknyga.lt\/en\/wp-json\/wp\/v2\/product\/24604","targetHints":{"allow":["GET"]}}],"collection":[{"href":"https:\/\/skaitytaknyga.lt\/en\/wp-json\/wp\/v2\/product"}],"about":[{"href":"https:\/\/skaitytaknyga.lt\/en\/wp-json\/wp\/v2\/types\/product"}],"replies":[{"embeddable":true,"href":"https:\/\/skaitytaknyga.lt\/en\/wp-json\/wp\/v2\/comments?post=24604"}],"wp:featuredmedia":[{"embeddable":true,"href":"https:\/\/skaitytaknyga.lt\/en\/wp-json\/wp\/v2\/media\/24616"}],"wp:attachment":[{"href":"https:\/\/skaitytaknyga.lt\/en\/wp-json\/wp\/v2\/media?parent=24604"}],"wp:term":[{"taxonomy":"product_brand","embeddable":true,"href":"https:\/\/skaitytaknyga.lt\/en\/wp-json\/wp\/v2\/product_brand?post=24604"},{"taxonomy":"product_cat","embeddable":true,"href":"https:\/\/skaitytaknyga.lt\/en\/wp-json\/wp\/v2\/product_cat?post=24604"},{"taxonomy":"product_tag","embeddable":true,"href":"https:\/\/skaitytaknyga.lt\/en\/wp-json\/wp\/v2\/product_tag?post=24604"}],"curies":[{"name":"wp","href":"https:\/\/api.w.org\/{rel}","templated":true}]}}