{"id":24603,"date":"2026-03-10T11:10:07","date_gmt":"2026-03-10T09:10:07","guid":{"rendered":"https:\/\/skaitytaknyga.lt\/?post_type=product&#038;p=24603"},"modified":"2026-03-10T17:55:52","modified_gmt":"2026-03-10T15:55:52","slug":"nuspejamai-iracionalus-slaptos-jegos-veikiancios-musu-sprendimus","status":"publish","type":"product","link":"https:\/\/skaitytaknyga.lt\/en\/produktas\/nuspejamai-iracionalus-slaptos-jegos-veikiancios-musu-sprendimus\/","title":{"rendered":"Nusp\u0117jamai iracionalus: slaptos j\u0117gos, veikian\u010dios m\u016bs\u0173 sprendimus"},"content":{"rendered":"<p>Ar kada nors steb\u0117jot\u0117s optin\u0117mis iliuzijomis, visi\u0161kai apgaunan\u010diomis m\u016bs\u0173 suvokim\u0105? Pasirodo, ne jos vienintel\u0117s jaukia m\u016bs\u0173 prot\u0105. Nuolat klystame d\u0117l savo pa\u010di\u0173 sprendim\u0173 pagr\u012fstumo iliuzij\u0173. \u017dmogus anaiptol n\u0117ra toks racionalus, kaip esame link\u0119 manyti. Iracionalus elgesys n\u0117ra nei retas, nei atsitiktinis. Prie\u0161ingai, jis \u2013 sistemingas ir nusp\u0117jamas. V\u0117l ir v\u0117l kartojame tas pa\u010dias klaidas, nepasteb\u0117dami smegen\u0173 mums spend\u017eiam\u0173 sp\u0105st\u0173.<\/p>\n<p>Duke universiteto profesorius, elgsenos ekonomikos ekspertas ir The New York Times bestseleri\u0173 autorius Dan Ariely su humoru atskleid\u017eia \u012fvairias kasdienes j\u0117gas, daran\u010dias \u012ftak\u0105 m\u016bs\u0173 elgesiuiir sprendimams \u2013 nuo kavos r\u016b\u0161ies iki partneri\u0173 pasirinkimo, kenksmingo atid\u0117liojimo, polinkio suk\u010diauti, nuolatinio \u012fkliuvimo \u012f reklamos sp\u0105stus, tik\u0117jimo stebuklinga gydom\u0105ja galia ir kt. Pasiruo\u0161kite i\u0161 linksm\u0173 eksperiment\u0173 atpa\u017einti savo klaidas ir nebelipkite ant to paties gr\u0117blio!<\/p>\n<p>\u201eEsame p\u0117stininkai \u017eaidime, kurio taisykles ne iki galo suprantame. Paprastai manome, kad s\u0117dime u\u017e vairo ir kontroliuojame savo sprendimus ir savo gyvenimo krypt\u012f. Deja, \u0161i vizija labiau atspindi m\u016bs\u0173 tro\u0161kimus nei tikrov\u0119.&#8221;<\/p>\n<p>Dan Ariely<\/p>\n","protected":false},"excerpt":{"rendered":"<p>Ar kada nors steb\u0117jot\u0117s optin\u0117mis iliuzijomis, visi\u0161kai apgaunan\u010diomis m\u016bs\u0173 suvokim\u0105? Pasirodo, ne jos vienintel\u0117s jaukia m\u016bs\u0173 prot\u0105. Nuolat klystame d\u0117l savo pa\u010di\u0173 sprendim\u0173 pagr\u012fstumo iliuzij\u0173. \u017dmogus anaiptol n\u0117ra toks racionalus, kaip esame link\u0119 manyti. Iracionalus elgesys n\u0117ra nei retas, nei atsitiktinis. Prie\u0161ingai, jis \u2013 sistemingas ir nusp\u0117jamas. V\u0117l ir v\u0117l kartojame tas pa\u010dias klaidas, nepasteb\u0117dami smegen\u0173 mums spend\u017eiam\u0173 sp\u0105st\u0173. Duke universiteto profesorius, elgsenos ekonomikos ekspertas ir The New York Times bestseleri\u0173 autorius Dan Ariely su humoru atskleid\u017eia \u012fvairias kasdienes j\u0117gas, daran\u010dias \u012ftak\u0105 m\u016bs\u0173 elgesiuiir sprendimams \u2013 nuo kavos r\u016b\u0161ies iki partneri\u0173 pasirinkimo, kenksmingo atid\u0117liojimo, polinkio suk\u010diauti, nuolatinio \u012fkliuvimo \u012f reklamos sp\u0105stus, tik\u0117jimo stebuklinga gydom\u0105ja galia ir kt. Pasiruo\u0161kite i\u0161 linksm\u0173 eksperiment\u0173 atpa\u017einti savo klaidas ir nebelipkite ant to paties gr\u0117blio! \u201eEsame p\u0117stininkai \u017eaidime, kurio taisykles ne iki galo suprantame. Paprastai manome, kad s\u0117dime u\u017e vairo ir kontroliuojame savo sprendimus ir savo gyvenimo krypt\u012f. Deja, \u0161i vizija labiau atspindi m\u016bs\u0173 tro\u0161kimus nei tikrov\u0119.&#8221; Dan Ariely<\/p>\n","protected":false},"featured_media":24621,"comment_status":"open","ping_status":"closed","template":"","meta":{"_acf_changed":false,"site-sidebar-layout":"default","site-content-layout":"","ast-site-content-layout":"default","site-content-style":"default","site-sidebar-style":"default","ast-global-header-display":"","ast-banner-title-visibility":"","ast-main-header-display":"","ast-hfb-above-header-display":"","ast-hfb-below-header-display":"","ast-hfb-mobile-header-display":"","site-post-title":"","ast-breadcrumbs-content":"","ast-featured-img":"","footer-sml-layout":"","ast-disable-related-posts":"","theme-transparent-header-meta":"","adv-header-id-meta":"","stick-header-meta":"","header-above-stick-meta":"","header-main-stick-meta":"","header-below-stick-meta":"","astra-migrate-meta-layouts":"default","ast-page-background-enabled":"default","ast-page-background-meta":{"desktop":{"background-color":"","background-image":"","background-repeat":"repeat","background-position":"center center","background-size":"auto","background-attachment":"scroll","background-type":"","background-media":"","overlay-type":"","overlay-color":"","overlay-opacity":"","overlay-gradient":""},"tablet":{"background-color":"","background-image":"","background-repeat":"repeat","background-position":"center center","background-size":"auto","background-attachment":"scroll","background-type":"","background-media":"","overlay-type":"","overlay-color":"","overlay-opacity":"","overlay-gradient":""},"mobile":{"background-color":"","background-image":"","background-repeat":"repeat","background-position":"center center","background-size":"auto","background-attachment":"scroll","background-type":"","background-media":"","overlay-type":"","overlay-color":"","overlay-opacity":"","overlay-gradient":""}},"ast-content-background-meta":{"desktop":{"background-color":"var(--ast-global-color-4)","background-image":"","background-repeat":"repeat","background-position":"center center","background-size":"auto","background-attachment":"scroll","background-type":"","background-media":"","overlay-type":"","overlay-color":"","overlay-opacity":"","overlay-gradient":""},"tablet":{"background-color":"var(--ast-global-color-4)","background-image":"","background-repeat":"repeat","background-position":"center center","background-size":"auto","background-attachment":"scroll","background-type":"","background-media":"","overlay-type":"","overlay-color":"","overlay-opacity":"","overlay-gradient":""},"mobile":{"background-color":"var(--ast-global-color-4)","background-image":"","background-repeat":"repeat","background-position":"center center","background-size":"auto","background-attachment":"scroll","background-type":"","background-media":"","overlay-type":"","overlay-color":"","overlay-opacity":"","overlay-gradient":""}}},"product_brand":[],"product_cat":[30],"product_tag":[9714],"class_list":{"0":"post-24603","1":"product","2":"type-product","3":"status-publish","4":"has-post-thumbnail","6":"product_cat-psichologija-ir-saviugda","7":"product_tag-dan-ariely","8":"desktop-align-left","9":"tablet-align-left","10":"mobile-align-left","12":"first","13":"instock","14":"shipping-taxable","15":"purchasable","16":"product-type-simple"},"acf":[],"yoast_head":"<!-- This site is optimized with the Yoast SEO plugin v27.0 - https:\/\/yoast.com\/product\/yoast-seo-wordpress\/ -->\n<title>Nusp\u0117jamai iracionalus: slaptos j\u0117gos, veikian\u010dios m\u016bs\u0173 sprendimus<\/title>\n<meta name=\"description\" content=\"Ar kada nors steb\u0117jot\u0117s optin\u0117mis iliuzijomis, visi\u0161kai apgaunan\u010diomis m\u016bs\u0173 suvokim\u0105? Pasirodo, ne jos vienintel\u0117s jaukia m\u016bs\u0173 prot\u0105. Nuolat klystame d\u0117l\" \/>\n<meta name=\"robots\" content=\"index, follow, max-snippet:-1, max-image-preview:large, max-video-preview:-1\" \/>\n<link rel=\"canonical\" href=\"https:\/\/skaitytaknyga.lt\/en\/produktas\/nuspejamai-iracionalus-slaptos-jegos-veikiancios-musu-sprendimus\/\" \/>\n<meta property=\"og:locale\" content=\"en_GB\" \/>\n<meta property=\"og:locale:alternate\" content=\"lt_LT\" \/>\n<meta property=\"og:type\" content=\"article\" \/>\n<meta property=\"og:title\" content=\"Nusp\u0117jamai iracionalus: slaptos j\u0117gos, veikian\u010dios m\u016bs\u0173 sprendimus\" \/>\n<meta property=\"og:description\" content=\"Ar kada nors steb\u0117jot\u0117s optin\u0117mis iliuzijomis, visi\u0161kai apgaunan\u010diomis m\u016bs\u0173 suvokim\u0105? Pasirodo, ne jos vienintel\u0117s jaukia m\u016bs\u0173 prot\u0105. Nuolat klystame d\u0117l\" \/>\n<meta property=\"og:url\" content=\"https:\/\/skaitytaknyga.lt\/en\/produktas\/nuspejamai-iracionalus-slaptos-jegos-veikiancios-musu-sprendimus\/\" \/>\n<meta property=\"og:site_name\" content=\"Skaitytaknyga\" \/>\n<meta property=\"article:publisher\" content=\"https:\/\/www.facebook.com\/skaitytaknyga\/\" \/>\n<meta property=\"article:modified_time\" content=\"2026-03-10T15:55:52+00:00\" \/>\n<meta property=\"og:image\" content=\"https:\/\/skaitytaknyga.lt\/wp-content\/uploads\/2026\/03\/Nuspejamai-iracionalus-slaptos-jegos-veikiancios-musu-sprendimus-1.webp\" \/>\n\t<meta property=\"og:image:width\" content=\"300\" \/>\n\t<meta property=\"og:image:height\" content=\"427\" \/>\n\t<meta property=\"og:image:type\" content=\"image\/webp\" \/>\n<meta name=\"twitter:card\" content=\"summary_large_image\" \/>\n<meta name=\"twitter:label1\" content=\"Estimated reading time\" \/>\n\t<meta name=\"twitter:data1\" content=\"1 minute\" \/>\n<script type=\"application\/ld+json\" class=\"yoast-schema-graph\">{\"@context\":\"https:\/\/schema.org\",\"@graph\":[{\"@type\":\"WebPage\",\"@id\":\"https:\/\/skaitytaknyga.lt\/produktas\/nuspejamai-iracionalus-slaptos-jegos-veikiancios-musu-sprendimus\/\",\"url\":\"https:\/\/skaitytaknyga.lt\/produktas\/nuspejamai-iracionalus-slaptos-jegos-veikiancios-musu-sprendimus\/\",\"name\":\"Nusp\u0117jamai iracionalus: slaptos j\u0117gos, veikian\u010dios m\u016bs\u0173 sprendimus\",\"isPartOf\":{\"@id\":\"https:\/\/skaitytaknyga.lt\/#website\"},\"primaryImageOfPage\":{\"@id\":\"https:\/\/skaitytaknyga.lt\/produktas\/nuspejamai-iracionalus-slaptos-jegos-veikiancios-musu-sprendimus\/#primaryimage\"},\"image\":{\"@id\":\"https:\/\/skaitytaknyga.lt\/produktas\/nuspejamai-iracionalus-slaptos-jegos-veikiancios-musu-sprendimus\/#primaryimage\"},\"thumbnailUrl\":\"https:\/\/skaitytaknyga.lt\/wp-content\/uploads\/2026\/03\/Nuspejamai-iracionalus-slaptos-jegos-veikiancios-musu-sprendimus-1.webp\",\"datePublished\":\"2026-03-10T09:10:07+00:00\",\"dateModified\":\"2026-03-10T15:55:52+00:00\",\"description\":\"Ar kada nors steb\u0117jot\u0117s optin\u0117mis iliuzijomis, visi\u0161kai apgaunan\u010diomis m\u016bs\u0173 suvokim\u0105? Pasirodo, ne jos vienintel\u0117s jaukia m\u016bs\u0173 prot\u0105. Nuolat klystame d\u0117l\",\"breadcrumb\":{\"@id\":\"https:\/\/skaitytaknyga.lt\/produktas\/nuspejamai-iracionalus-slaptos-jegos-veikiancios-musu-sprendimus\/#breadcrumb\"},\"inLanguage\":\"en-GB\",\"potentialAction\":[{\"@type\":\"ReadAction\",\"target\":[\"https:\/\/skaitytaknyga.lt\/produktas\/nuspejamai-iracionalus-slaptos-jegos-veikiancios-musu-sprendimus\/\"]}]},{\"@type\":\"ImageObject\",\"inLanguage\":\"en-GB\",\"@id\":\"https:\/\/skaitytaknyga.lt\/produktas\/nuspejamai-iracionalus-slaptos-jegos-veikiancios-musu-sprendimus\/#primaryimage\",\"url\":\"https:\/\/skaitytaknyga.lt\/wp-content\/uploads\/2026\/03\/Nuspejamai-iracionalus-slaptos-jegos-veikiancios-musu-sprendimus-1.webp\",\"contentUrl\":\"https:\/\/skaitytaknyga.lt\/wp-content\/uploads\/2026\/03\/Nuspejamai-iracionalus-slaptos-jegos-veikiancios-musu-sprendimus-1.webp\",\"width\":300,\"height\":427,\"caption\":\"Nusp\u0117jamai iracionalus slaptos j\u0117gos, veikian\u010dios m\u016bs\u0173 sprendimus (1)\"},{\"@type\":\"BreadcrumbList\",\"@id\":\"https:\/\/skaitytaknyga.lt\/produktas\/nuspejamai-iracionalus-slaptos-jegos-veikiancios-musu-sprendimus\/#breadcrumb\",\"itemListElement\":[{\"@type\":\"ListItem\",\"position\":1,\"name\":\"Home\",\"item\":\"https:\/\/skaitytaknyga.lt\/\"},{\"@type\":\"ListItem\",\"position\":2,\"name\":\"Parduotuv\u0117\",\"item\":\"https:\/\/skaitytaknyga.lt\/knygu-parduotuve\/\"},{\"@type\":\"ListItem\",\"position\":3,\"name\":\"Nusp\u0117jamai iracionalus: slaptos j\u0117gos, veikian\u010dios m\u016bs\u0173 sprendimus\"}]},{\"@type\":\"WebSite\",\"@id\":\"https:\/\/skaitytaknyga.lt\/#website\",\"url\":\"https:\/\/skaitytaknyga.lt\/\",\"name\":\"skaitytaknyga.lt\",\"description\":\"Skaitytaknyga.lt \u2013 tai ma\u017eas \u0161eimos verslas, kuris prasid\u0117jo nuo meil\u0117s knygoms ir siekio i\u0161gelb\u0117ti knygas nuo likimo prie konteinerio. Kas vienam nereikalingas daiktas \u2013 kitam lobis, o mes esame tarpininkai, kurie padeda abiems tapti laimingesniems ???? \u017dinome kaip nelengva i\u0161gyventi ma\u017eiems verslams, tad nuo \u0161iol, \u010dia rasite ir kit\u0173, ma\u017e\u0173 \u0161eim\u0173 versl\u0173, rank\u0173 darbo, dovan\u0173 sau ir artimiesiems.\",\"publisher\":{\"@id\":\"https:\/\/skaitytaknyga.lt\/#organization\"},\"potentialAction\":[{\"@type\":\"SearchAction\",\"target\":{\"@type\":\"EntryPoint\",\"urlTemplate\":\"https:\/\/skaitytaknyga.lt\/?s={search_term_string}\"},\"query-input\":{\"@type\":\"PropertyValueSpecification\",\"valueRequired\":true,\"valueName\":\"search_term_string\"}}],\"inLanguage\":\"en-GB\"},{\"@type\":\"Organization\",\"@id\":\"https:\/\/skaitytaknyga.lt\/#organization\",\"name\":\"skaitytaknyga.lt\",\"url\":\"https:\/\/skaitytaknyga.lt\/\",\"logo\":{\"@type\":\"ImageObject\",\"inLanguage\":\"en-GB\",\"@id\":\"https:\/\/skaitytaknyga.lt\/#\/schema\/logo\/image\/\",\"url\":\"https:\/\/skaitytaknyga.lt\/wp-content\/uploads\/2024\/05\/cropped-cropped-cropped-02_00843_jt3bggkj1j3HLc7SyY6rEUpg.jpeg\",\"contentUrl\":\"https:\/\/skaitytaknyga.lt\/wp-content\/uploads\/2024\/05\/cropped-cropped-cropped-02_00843_jt3bggkj1j3HLc7SyY6rEUpg.jpeg\",\"width\":1600,\"height\":1600,\"caption\":\"skaitytaknyga.lt\"},\"image\":{\"@id\":\"https:\/\/skaitytaknyga.lt\/#\/schema\/logo\/image\/\"},\"sameAs\":[\"https:\/\/www.facebook.com\/skaitytaknyga\/\"]}]}<\/script>\n<!-- \/ Yoast SEO plugin. -->","yoast_head_json":{"title":"Nusp\u0117jamai iracionalus: slaptos j\u0117gos, veikian\u010dios m\u016bs\u0173 sprendimus","description":"Ar kada nors steb\u0117jot\u0117s optin\u0117mis iliuzijomis, visi\u0161kai apgaunan\u010diomis m\u016bs\u0173 suvokim\u0105? Pasirodo, ne jos vienintel\u0117s jaukia m\u016bs\u0173 prot\u0105. Nuolat klystame d\u0117l","robots":{"index":"index","follow":"follow","max-snippet":"max-snippet:-1","max-image-preview":"max-image-preview:large","max-video-preview":"max-video-preview:-1"},"canonical":"https:\/\/skaitytaknyga.lt\/en\/produktas\/nuspejamai-iracionalus-slaptos-jegos-veikiancios-musu-sprendimus\/","og_locale":"en_GB","og_type":"article","og_title":"[:lt]Nusp\u0117jamai iracionalus: slaptos j\u0117gos, veikian\u010dios m\u016bs\u0173 sprendimus[:] - Skaitytaknyga","og_description":"Ar kada nors steb\u0117jot\u0117s optin\u0117mis iliuzijomis, visi\u0161kai apgaunan\u010diomis m\u016bs\u0173 suvokim\u0105? Pasirodo, ne jos vienintel\u0117s jaukia m\u016bs\u0173 prot\u0105. Nuolat klystame d\u0117l","og_url":"https:\/\/skaitytaknyga.lt\/en\/produktas\/nuspejamai-iracionalus-slaptos-jegos-veikiancios-musu-sprendimus\/","og_site_name":"Skaitytaknyga","article_publisher":"https:\/\/www.facebook.com\/skaitytaknyga\/","article_modified_time":"2026-03-10T15:55:52+00:00","og_image":[{"width":300,"height":427,"url":"https:\/\/skaitytaknyga.lt\/wp-content\/uploads\/2026\/03\/Nuspejamai-iracionalus-slaptos-jegos-veikiancios-musu-sprendimus-1.webp","type":"image\/webp"}],"twitter_card":"summary_large_image","twitter_misc":{"Estimated reading time":"1 minute"},"schema":{"@context":"https:\/\/schema.org","@graph":[{"@type":"WebPage","@id":"https:\/\/skaitytaknyga.lt\/produktas\/nuspejamai-iracionalus-slaptos-jegos-veikiancios-musu-sprendimus\/","url":"https:\/\/skaitytaknyga.lt\/produktas\/nuspejamai-iracionalus-slaptos-jegos-veikiancios-musu-sprendimus\/","name":"Nusp\u0117jamai iracionalus: slaptos j\u0117gos, veikian\u010dios m\u016bs\u0173 sprendimus","isPartOf":{"@id":"https:\/\/skaitytaknyga.lt\/#website"},"primaryImageOfPage":{"@id":"https:\/\/skaitytaknyga.lt\/produktas\/nuspejamai-iracionalus-slaptos-jegos-veikiancios-musu-sprendimus\/#primaryimage"},"image":{"@id":"https:\/\/skaitytaknyga.lt\/produktas\/nuspejamai-iracionalus-slaptos-jegos-veikiancios-musu-sprendimus\/#primaryimage"},"thumbnailUrl":"https:\/\/skaitytaknyga.lt\/wp-content\/uploads\/2026\/03\/Nuspejamai-iracionalus-slaptos-jegos-veikiancios-musu-sprendimus-1.webp","datePublished":"2026-03-10T09:10:07+00:00","dateModified":"2026-03-10T15:55:52+00:00","description":"Ar kada nors steb\u0117jot\u0117s optin\u0117mis iliuzijomis, visi\u0161kai apgaunan\u010diomis m\u016bs\u0173 suvokim\u0105? Pasirodo, ne jos vienintel\u0117s jaukia m\u016bs\u0173 prot\u0105. Nuolat klystame d\u0117l","breadcrumb":{"@id":"https:\/\/skaitytaknyga.lt\/produktas\/nuspejamai-iracionalus-slaptos-jegos-veikiancios-musu-sprendimus\/#breadcrumb"},"inLanguage":"en-GB","potentialAction":[{"@type":"ReadAction","target":["https:\/\/skaitytaknyga.lt\/produktas\/nuspejamai-iracionalus-slaptos-jegos-veikiancios-musu-sprendimus\/"]}]},{"@type":"ImageObject","inLanguage":"en-GB","@id":"https:\/\/skaitytaknyga.lt\/produktas\/nuspejamai-iracionalus-slaptos-jegos-veikiancios-musu-sprendimus\/#primaryimage","url":"https:\/\/skaitytaknyga.lt\/wp-content\/uploads\/2026\/03\/Nuspejamai-iracionalus-slaptos-jegos-veikiancios-musu-sprendimus-1.webp","contentUrl":"https:\/\/skaitytaknyga.lt\/wp-content\/uploads\/2026\/03\/Nuspejamai-iracionalus-slaptos-jegos-veikiancios-musu-sprendimus-1.webp","width":300,"height":427,"caption":"Nusp\u0117jamai iracionalus slaptos j\u0117gos, veikian\u010dios m\u016bs\u0173 sprendimus (1)"},{"@type":"BreadcrumbList","@id":"https:\/\/skaitytaknyga.lt\/produktas\/nuspejamai-iracionalus-slaptos-jegos-veikiancios-musu-sprendimus\/#breadcrumb","itemListElement":[{"@type":"ListItem","position":1,"name":"Home","item":"https:\/\/skaitytaknyga.lt\/"},{"@type":"ListItem","position":2,"name":"Parduotuv\u0117","item":"https:\/\/skaitytaknyga.lt\/knygu-parduotuve\/"},{"@type":"ListItem","position":3,"name":"Nusp\u0117jamai iracionalus: slaptos j\u0117gos, veikian\u010dios m\u016bs\u0173 sprendimus"}]},{"@type":"WebSite","@id":"https:\/\/skaitytaknyga.lt\/#website","url":"https:\/\/skaitytaknyga.lt\/","name":"skaitytaknyga.lt","description":"Skaitytaknyga.lt \u2013 tai ma\u017eas \u0161eimos verslas, kuris prasid\u0117jo nuo meil\u0117s knygoms ir siekio i\u0161gelb\u0117ti knygas nuo likimo prie konteinerio. Kas vienam nereikalingas daiktas \u2013 kitam lobis, o mes esame tarpininkai, kurie padeda abiems tapti laimingesniems ???? \u017dinome kaip nelengva i\u0161gyventi ma\u017eiems verslams, tad nuo \u0161iol, \u010dia rasite ir kit\u0173, ma\u017e\u0173 \u0161eim\u0173 versl\u0173, rank\u0173 darbo, dovan\u0173 sau ir artimiesiems.","publisher":{"@id":"https:\/\/skaitytaknyga.lt\/#organization"},"potentialAction":[{"@type":"SearchAction","target":{"@type":"EntryPoint","urlTemplate":"https:\/\/skaitytaknyga.lt\/?s={search_term_string}"},"query-input":{"@type":"PropertyValueSpecification","valueRequired":true,"valueName":"search_term_string"}}],"inLanguage":"en-GB"},{"@type":"Organization","@id":"https:\/\/skaitytaknyga.lt\/#organization","name":"skaitytaknyga.lt","url":"https:\/\/skaitytaknyga.lt\/","logo":{"@type":"ImageObject","inLanguage":"en-GB","@id":"https:\/\/skaitytaknyga.lt\/#\/schema\/logo\/image\/","url":"https:\/\/skaitytaknyga.lt\/wp-content\/uploads\/2024\/05\/cropped-cropped-cropped-02_00843_jt3bggkj1j3HLc7SyY6rEUpg.jpeg","contentUrl":"https:\/\/skaitytaknyga.lt\/wp-content\/uploads\/2024\/05\/cropped-cropped-cropped-02_00843_jt3bggkj1j3HLc7SyY6rEUpg.jpeg","width":1600,"height":1600,"caption":"skaitytaknyga.lt"},"image":{"@id":"https:\/\/skaitytaknyga.lt\/#\/schema\/logo\/image\/"},"sameAs":["https:\/\/www.facebook.com\/skaitytaknyga\/"]}]}},"_links":{"self":[{"href":"https:\/\/skaitytaknyga.lt\/en\/wp-json\/wp\/v2\/product\/24603","targetHints":{"allow":["GET"]}}],"collection":[{"href":"https:\/\/skaitytaknyga.lt\/en\/wp-json\/wp\/v2\/product"}],"about":[{"href":"https:\/\/skaitytaknyga.lt\/en\/wp-json\/wp\/v2\/types\/product"}],"replies":[{"embeddable":true,"href":"https:\/\/skaitytaknyga.lt\/en\/wp-json\/wp\/v2\/comments?post=24603"}],"wp:featuredmedia":[{"embeddable":true,"href":"https:\/\/skaitytaknyga.lt\/en\/wp-json\/wp\/v2\/media\/24621"}],"wp:attachment":[{"href":"https:\/\/skaitytaknyga.lt\/en\/wp-json\/wp\/v2\/media?parent=24603"}],"wp:term":[{"taxonomy":"product_brand","embeddable":true,"href":"https:\/\/skaitytaknyga.lt\/en\/wp-json\/wp\/v2\/product_brand?post=24603"},{"taxonomy":"product_cat","embeddable":true,"href":"https:\/\/skaitytaknyga.lt\/en\/wp-json\/wp\/v2\/product_cat?post=24603"},{"taxonomy":"product_tag","embeddable":true,"href":"https:\/\/skaitytaknyga.lt\/en\/wp-json\/wp\/v2\/product_tag?post=24603"}],"curies":[{"name":"wp","href":"https:\/\/api.w.org\/{rel}","templated":true}]}}