{"id":24600,"date":"2026-03-10T11:10:06","date_gmt":"2026-03-10T09:10:06","guid":{"rendered":"https:\/\/skaitytaknyga.lt\/?post_type=product&#038;p=24600"},"modified":"2026-03-10T18:17:06","modified_gmt":"2026-03-10T16:17:06","slug":"the-complete-book-of-psychic-empowerment","status":"publish","type":"product","link":"https:\/\/skaitytaknyga.lt\/en\/produktas\/the-complete-book-of-psychic-empowerment\/","title":{"rendered":"The Complete Book of Psychic Empowerment"},"content":{"rendered":"<p>Embark on the journey of a lifetime\u2015master the psychic tools and techniques required to develop your highest potential and enjoy success beyond your wildest dreams.<\/p>\n<p>Psychic empowerment is a continuous process of growth and self-discovery. When we are psychically empowered, we become increasingly aware of the boundless power within ourselves and the unlimited possibilities and opportunities around us and beyond. Through psychic empowerment, we can unleash vast inner sources of new growth potential and achieve new levels of personal fulfillment. We can lift our consciousness to a higher plane and add depth and greater meaning to our lives.<\/p>\n<p>Written by Carl Llewellyn Weschcke and Joe H. Slate, PhD, this is the most comprehensive psychic development guide available anywhere. It is richly supported by detailed tables, charts, and developmental exercises. Incorporating the latest discoveries in quantum physics, it organizes the concepts of psychic empowerment into a progressive, cohesive plan that features straightforward instruction on a wealth of psychic empowerment methods and practices:<\/p>\n<p>ESP<br \/>\nAstral Projection<br \/>\nAura Reading<br \/>\nThe Chakra System<br \/>\nClairvoyance<br \/>\nRemote Viewing<br \/>\nPrecognition<br \/>\nDream Interpretation\/Intervention<br \/>\nPsychokinesis<br \/>\nRemembering Past Lives and Life Between Lives<br \/>\nTelepathy and Self-Talk<br \/>\nVisualization<br \/>\nDivination<br \/>\nCrystal Gazing<br \/>\nDowsing<br \/>\nGeomancy<br \/>\nHandwriting Analysis<br \/>\nI Ching<br \/>\nSpirit Communication<br \/>\nRunes<br \/>\nSand Reading<br \/>\nTarot Reading<br \/>\nSelf-Hypnosis<br \/>\nTea Leaf and Coffee Ground Reading<br \/>\nMeditation<br \/>\nMagic Rituals and Shamanism<br \/>\nEach technique strengthens the divine spark of greatness existing in everyone\u2015and leads to better health, happier relationships, greater financial success, and enhanced spiritual growth.<\/p>\n","protected":false},"excerpt":{"rendered":"<p>Embark on the journey of a lifetime\u2015master the psychic tools and techniques required to develop your highest potential and enjoy success beyond your wildest dreams. Psychic empowerment is a continuous process of growth and self-discovery. When we are psychically empowered, we become increasingly aware of the boundless power within ourselves and the unlimited possibilities and opportunities around us and beyond. Through psychic empowerment, we can unleash vast inner sources of new growth potential and achieve new levels of personal fulfillment. We can lift our consciousness to a higher plane and add depth and greater meaning to our lives. Written by Carl Llewellyn Weschcke and Joe H. Slate, PhD, this is the most comprehensive psychic development guide available anywhere. It is richly supported by detailed tables, charts, and developmental exercises. Incorporating the latest discoveries in quantum physics, it organizes the concepts of psychic empowerment into a progressive, cohesive plan that features straightforward instruction on a wealth of psychic empowerment methods and practices: ESP Astral Projection Aura Reading The Chakra System Clairvoyance Remote Viewing Precognition Dream Interpretation\/Intervention Psychokinesis Remembering Past Lives and Life Between Lives Telepathy and Self-Talk Visualization Divination Crystal Gazing Dowsing Geomancy Handwriting Analysis I Ching Spirit Communication Runes Sand Reading Tarot Reading Self-Hypnosis Tea Leaf and Coffee Ground Reading Meditation Magic Rituals and Shamanism Each technique strengthens the divine spark of greatness existing in everyone\u2015and leads to better health, happier relationships, greater financial success, and enhanced spiritual growth.<\/p>\n","protected":false},"featured_media":24605,"comment_status":"open","ping_status":"closed","template":"","meta":{"_acf_changed":false,"site-sidebar-layout":"default","site-content-layout":"","ast-site-content-layout":"default","site-content-style":"default","site-sidebar-style":"default","ast-global-header-display":"","ast-banner-title-visibility":"","ast-main-header-display":"","ast-hfb-above-header-display":"","ast-hfb-below-header-display":"","ast-hfb-mobile-header-display":"","site-post-title":"","ast-breadcrumbs-content":"","ast-featured-img":"","footer-sml-layout":"","ast-disable-related-posts":"","theme-transparent-header-meta":"","adv-header-id-meta":"","stick-header-meta":"","header-above-stick-meta":"","header-main-stick-meta":"","header-below-stick-meta":"","astra-migrate-meta-layouts":"default","ast-page-background-enabled":"default","ast-page-background-meta":{"desktop":{"background-color":"","background-image":"","background-repeat":"repeat","background-position":"center center","background-size":"auto","background-attachment":"scroll","background-type":"","background-media":"","overlay-type":"","overlay-color":"","overlay-opacity":"","overlay-gradient":""},"tablet":{"background-color":"","background-image":"","background-repeat":"repeat","background-position":"center center","background-size":"auto","background-attachment":"scroll","background-type":"","background-media":"","overlay-type":"","overlay-color":"","overlay-opacity":"","overlay-gradient":""},"mobile":{"background-color":"","background-image":"","background-repeat":"repeat","background-position":"center center","background-size":"auto","background-attachment":"scroll","background-type":"","background-media":"","overlay-type":"","overlay-color":"","overlay-opacity":"","overlay-gradient":""}},"ast-content-background-meta":{"desktop":{"background-color":"var(--ast-global-color-4)","background-image":"","background-repeat":"repeat","background-position":"center center","background-size":"auto","background-attachment":"scroll","background-type":"","background-media":"","overlay-type":"","overlay-color":"","overlay-opacity":"","overlay-gradient":""},"tablet":{"background-color":"var(--ast-global-color-4)","background-image":"","background-repeat":"repeat","background-position":"center center","background-size":"auto","background-attachment":"scroll","background-type":"","background-media":"","overlay-type":"","overlay-color":"","overlay-opacity":"","overlay-gradient":""},"mobile":{"background-color":"var(--ast-global-color-4)","background-image":"","background-repeat":"repeat","background-position":"center center","background-size":"auto","background-attachment":"scroll","background-type":"","background-media":"","overlay-type":"","overlay-color":"","overlay-opacity":"","overlay-gradient":""}}},"product_brand":[],"product_cat":[34],"product_tag":[9706],"class_list":{"0":"post-24600","1":"product","2":"type-product","3":"status-publish","4":"has-post-thumbnail","6":"product_cat-knygos-anglu-kalba","7":"product_tag-carl-llewellyn-weschcke","8":"desktop-align-left","9":"tablet-align-left","10":"mobile-align-left","12":"first","13":"instock","14":"shipping-taxable","15":"purchasable","16":"product-type-simple"},"acf":[],"yoast_head":"<!-- This site is optimized with the Yoast SEO plugin v27.0 - https:\/\/yoast.com\/product\/yoast-seo-wordpress\/ -->\n<title>The Complete Book of Psychic Empowerment<\/title>\n<meta name=\"description\" content=\"Embark on the journey of a lifetime\u2015master the psychic tools and techniques required to develop your highest potential and enjoy success beyond your\" \/>\n<meta name=\"robots\" content=\"index, follow, max-snippet:-1, max-image-preview:large, max-video-preview:-1\" \/>\n<link rel=\"canonical\" href=\"https:\/\/skaitytaknyga.lt\/en\/produktas\/the-complete-book-of-psychic-empowerment\/\" \/>\n<meta property=\"og:locale\" content=\"en_GB\" \/>\n<meta property=\"og:locale:alternate\" content=\"lt_LT\" \/>\n<meta property=\"og:type\" content=\"article\" \/>\n<meta property=\"og:title\" content=\"The Complete Book of Psychic Empowerment\" \/>\n<meta property=\"og:description\" content=\"Embark on the journey of a lifetime\u2015master the psychic tools and techniques required to develop your highest potential and enjoy success beyond your\" \/>\n<meta property=\"og:url\" content=\"https:\/\/skaitytaknyga.lt\/en\/produktas\/the-complete-book-of-psychic-empowerment\/\" \/>\n<meta property=\"og:site_name\" content=\"Skaitytaknyga\" \/>\n<meta property=\"article:publisher\" content=\"https:\/\/www.facebook.com\/skaitytaknyga\/\" \/>\n<meta property=\"article:modified_time\" content=\"2026-03-10T16:17:06+00:00\" \/>\n<meta property=\"og:image\" content=\"https:\/\/skaitytaknyga.lt\/wp-content\/uploads\/2026\/03\/The-Complete-Book-of-Psychic-Empowerment.webp\" \/>\n\t<meta property=\"og:image:width\" content=\"280\" \/>\n\t<meta property=\"og:image:height\" content=\"400\" \/>\n\t<meta property=\"og:image:type\" content=\"image\/webp\" \/>\n<meta name=\"twitter:card\" content=\"summary_large_image\" \/>\n<meta name=\"twitter:label1\" content=\"Estimated reading time\" \/>\n\t<meta name=\"twitter:data1\" content=\"1 minute\" \/>\n<script type=\"application\/ld+json\" class=\"yoast-schema-graph\">{\"@context\":\"https:\/\/schema.org\",\"@graph\":[{\"@type\":\"WebPage\",\"@id\":\"https:\/\/skaitytaknyga.lt\/produktas\/the-complete-book-of-psychic-empowerment\/\",\"url\":\"https:\/\/skaitytaknyga.lt\/produktas\/the-complete-book-of-psychic-empowerment\/\",\"name\":\"The Complete Book of Psychic Empowerment\",\"isPartOf\":{\"@id\":\"https:\/\/skaitytaknyga.lt\/#website\"},\"primaryImageOfPage\":{\"@id\":\"https:\/\/skaitytaknyga.lt\/produktas\/the-complete-book-of-psychic-empowerment\/#primaryimage\"},\"image\":{\"@id\":\"https:\/\/skaitytaknyga.lt\/produktas\/the-complete-book-of-psychic-empowerment\/#primaryimage\"},\"thumbnailUrl\":\"https:\/\/skaitytaknyga.lt\/wp-content\/uploads\/2026\/03\/The-Complete-Book-of-Psychic-Empowerment.webp\",\"datePublished\":\"2026-03-10T09:10:06+00:00\",\"dateModified\":\"2026-03-10T16:17:06+00:00\",\"description\":\"Embark on the journey of a lifetime\u2015master the psychic tools and techniques required to develop your highest potential and enjoy success beyond your\",\"breadcrumb\":{\"@id\":\"https:\/\/skaitytaknyga.lt\/produktas\/the-complete-book-of-psychic-empowerment\/#breadcrumb\"},\"inLanguage\":\"en-GB\",\"potentialAction\":[{\"@type\":\"ReadAction\",\"target\":[\"https:\/\/skaitytaknyga.lt\/produktas\/the-complete-book-of-psychic-empowerment\/\"]}]},{\"@type\":\"ImageObject\",\"inLanguage\":\"en-GB\",\"@id\":\"https:\/\/skaitytaknyga.lt\/produktas\/the-complete-book-of-psychic-empowerment\/#primaryimage\",\"url\":\"https:\/\/skaitytaknyga.lt\/wp-content\/uploads\/2026\/03\/The-Complete-Book-of-Psychic-Empowerment.webp\",\"contentUrl\":\"https:\/\/skaitytaknyga.lt\/wp-content\/uploads\/2026\/03\/The-Complete-Book-of-Psychic-Empowerment.webp\",\"width\":280,\"height\":400,\"caption\":\"The Complete Book of Psychic Empowerment\"},{\"@type\":\"BreadcrumbList\",\"@id\":\"https:\/\/skaitytaknyga.lt\/produktas\/the-complete-book-of-psychic-empowerment\/#breadcrumb\",\"itemListElement\":[{\"@type\":\"ListItem\",\"position\":1,\"name\":\"Home\",\"item\":\"https:\/\/skaitytaknyga.lt\/\"},{\"@type\":\"ListItem\",\"position\":2,\"name\":\"Parduotuv\u0117\",\"item\":\"https:\/\/skaitytaknyga.lt\/knygu-parduotuve\/\"},{\"@type\":\"ListItem\",\"position\":3,\"name\":\"The Complete Book of Psychic Empowerment\"}]},{\"@type\":\"WebSite\",\"@id\":\"https:\/\/skaitytaknyga.lt\/#website\",\"url\":\"https:\/\/skaitytaknyga.lt\/\",\"name\":\"skaitytaknyga.lt\",\"description\":\"Skaitytaknyga.lt \u2013 tai ma\u017eas \u0161eimos verslas, kuris prasid\u0117jo nuo meil\u0117s knygoms ir siekio i\u0161gelb\u0117ti knygas nuo likimo prie konteinerio. Kas vienam nereikalingas daiktas \u2013 kitam lobis, o mes esame tarpininkai, kurie padeda abiems tapti laimingesniems ???? \u017dinome kaip nelengva i\u0161gyventi ma\u017eiems verslams, tad nuo \u0161iol, \u010dia rasite ir kit\u0173, ma\u017e\u0173 \u0161eim\u0173 versl\u0173, rank\u0173 darbo, dovan\u0173 sau ir artimiesiems.\",\"publisher\":{\"@id\":\"https:\/\/skaitytaknyga.lt\/#organization\"},\"potentialAction\":[{\"@type\":\"SearchAction\",\"target\":{\"@type\":\"EntryPoint\",\"urlTemplate\":\"https:\/\/skaitytaknyga.lt\/?s={search_term_string}\"},\"query-input\":{\"@type\":\"PropertyValueSpecification\",\"valueRequired\":true,\"valueName\":\"search_term_string\"}}],\"inLanguage\":\"en-GB\"},{\"@type\":\"Organization\",\"@id\":\"https:\/\/skaitytaknyga.lt\/#organization\",\"name\":\"skaitytaknyga.lt\",\"url\":\"https:\/\/skaitytaknyga.lt\/\",\"logo\":{\"@type\":\"ImageObject\",\"inLanguage\":\"en-GB\",\"@id\":\"https:\/\/skaitytaknyga.lt\/#\/schema\/logo\/image\/\",\"url\":\"https:\/\/skaitytaknyga.lt\/wp-content\/uploads\/2024\/05\/cropped-cropped-cropped-02_00843_jt3bggkj1j3HLc7SyY6rEUpg.jpeg\",\"contentUrl\":\"https:\/\/skaitytaknyga.lt\/wp-content\/uploads\/2024\/05\/cropped-cropped-cropped-02_00843_jt3bggkj1j3HLc7SyY6rEUpg.jpeg\",\"width\":1600,\"height\":1600,\"caption\":\"skaitytaknyga.lt\"},\"image\":{\"@id\":\"https:\/\/skaitytaknyga.lt\/#\/schema\/logo\/image\/\"},\"sameAs\":[\"https:\/\/www.facebook.com\/skaitytaknyga\/\"]}]}<\/script>\n<!-- \/ Yoast SEO plugin. -->","yoast_head_json":{"title":"The Complete Book of Psychic Empowerment","description":"Embark on the journey of a lifetime\u2015master the psychic tools and techniques required to develop your highest potential and enjoy success beyond your","robots":{"index":"index","follow":"follow","max-snippet":"max-snippet:-1","max-image-preview":"max-image-preview:large","max-video-preview":"max-video-preview:-1"},"canonical":"https:\/\/skaitytaknyga.lt\/en\/produktas\/the-complete-book-of-psychic-empowerment\/","og_locale":"en_GB","og_type":"article","og_title":"[:lt]The Complete Book of Psychic Empowerment[:] - Skaitytaknyga","og_description":"Embark on the journey of a lifetime\u2015master the psychic tools and techniques required to develop your highest potential and enjoy success beyond your","og_url":"https:\/\/skaitytaknyga.lt\/en\/produktas\/the-complete-book-of-psychic-empowerment\/","og_site_name":"Skaitytaknyga","article_publisher":"https:\/\/www.facebook.com\/skaitytaknyga\/","article_modified_time":"2026-03-10T16:17:06+00:00","og_image":[{"width":280,"height":400,"url":"https:\/\/skaitytaknyga.lt\/wp-content\/uploads\/2026\/03\/The-Complete-Book-of-Psychic-Empowerment.webp","type":"image\/webp"}],"twitter_card":"summary_large_image","twitter_misc":{"Estimated reading time":"1 minute"},"schema":{"@context":"https:\/\/schema.org","@graph":[{"@type":"WebPage","@id":"https:\/\/skaitytaknyga.lt\/produktas\/the-complete-book-of-psychic-empowerment\/","url":"https:\/\/skaitytaknyga.lt\/produktas\/the-complete-book-of-psychic-empowerment\/","name":"The Complete Book of Psychic Empowerment","isPartOf":{"@id":"https:\/\/skaitytaknyga.lt\/#website"},"primaryImageOfPage":{"@id":"https:\/\/skaitytaknyga.lt\/produktas\/the-complete-book-of-psychic-empowerment\/#primaryimage"},"image":{"@id":"https:\/\/skaitytaknyga.lt\/produktas\/the-complete-book-of-psychic-empowerment\/#primaryimage"},"thumbnailUrl":"https:\/\/skaitytaknyga.lt\/wp-content\/uploads\/2026\/03\/The-Complete-Book-of-Psychic-Empowerment.webp","datePublished":"2026-03-10T09:10:06+00:00","dateModified":"2026-03-10T16:17:06+00:00","description":"Embark on the journey of a lifetime\u2015master the psychic tools and techniques required to develop your highest potential and enjoy success beyond your","breadcrumb":{"@id":"https:\/\/skaitytaknyga.lt\/produktas\/the-complete-book-of-psychic-empowerment\/#breadcrumb"},"inLanguage":"en-GB","potentialAction":[{"@type":"ReadAction","target":["https:\/\/skaitytaknyga.lt\/produktas\/the-complete-book-of-psychic-empowerment\/"]}]},{"@type":"ImageObject","inLanguage":"en-GB","@id":"https:\/\/skaitytaknyga.lt\/produktas\/the-complete-book-of-psychic-empowerment\/#primaryimage","url":"https:\/\/skaitytaknyga.lt\/wp-content\/uploads\/2026\/03\/The-Complete-Book-of-Psychic-Empowerment.webp","contentUrl":"https:\/\/skaitytaknyga.lt\/wp-content\/uploads\/2026\/03\/The-Complete-Book-of-Psychic-Empowerment.webp","width":280,"height":400,"caption":"The Complete Book of Psychic Empowerment"},{"@type":"BreadcrumbList","@id":"https:\/\/skaitytaknyga.lt\/produktas\/the-complete-book-of-psychic-empowerment\/#breadcrumb","itemListElement":[{"@type":"ListItem","position":1,"name":"Home","item":"https:\/\/skaitytaknyga.lt\/"},{"@type":"ListItem","position":2,"name":"Parduotuv\u0117","item":"https:\/\/skaitytaknyga.lt\/knygu-parduotuve\/"},{"@type":"ListItem","position":3,"name":"The Complete Book of Psychic Empowerment"}]},{"@type":"WebSite","@id":"https:\/\/skaitytaknyga.lt\/#website","url":"https:\/\/skaitytaknyga.lt\/","name":"skaitytaknyga.lt","description":"Skaitytaknyga.lt \u2013 tai ma\u017eas \u0161eimos verslas, kuris prasid\u0117jo nuo meil\u0117s knygoms ir siekio i\u0161gelb\u0117ti knygas nuo likimo prie konteinerio. Kas vienam nereikalingas daiktas \u2013 kitam lobis, o mes esame tarpininkai, kurie padeda abiems tapti laimingesniems ???? \u017dinome kaip nelengva i\u0161gyventi ma\u017eiems verslams, tad nuo \u0161iol, \u010dia rasite ir kit\u0173, ma\u017e\u0173 \u0161eim\u0173 versl\u0173, rank\u0173 darbo, dovan\u0173 sau ir artimiesiems.","publisher":{"@id":"https:\/\/skaitytaknyga.lt\/#organization"},"potentialAction":[{"@type":"SearchAction","target":{"@type":"EntryPoint","urlTemplate":"https:\/\/skaitytaknyga.lt\/?s={search_term_string}"},"query-input":{"@type":"PropertyValueSpecification","valueRequired":true,"valueName":"search_term_string"}}],"inLanguage":"en-GB"},{"@type":"Organization","@id":"https:\/\/skaitytaknyga.lt\/#organization","name":"skaitytaknyga.lt","url":"https:\/\/skaitytaknyga.lt\/","logo":{"@type":"ImageObject","inLanguage":"en-GB","@id":"https:\/\/skaitytaknyga.lt\/#\/schema\/logo\/image\/","url":"https:\/\/skaitytaknyga.lt\/wp-content\/uploads\/2024\/05\/cropped-cropped-cropped-02_00843_jt3bggkj1j3HLc7SyY6rEUpg.jpeg","contentUrl":"https:\/\/skaitytaknyga.lt\/wp-content\/uploads\/2024\/05\/cropped-cropped-cropped-02_00843_jt3bggkj1j3HLc7SyY6rEUpg.jpeg","width":1600,"height":1600,"caption":"skaitytaknyga.lt"},"image":{"@id":"https:\/\/skaitytaknyga.lt\/#\/schema\/logo\/image\/"},"sameAs":["https:\/\/www.facebook.com\/skaitytaknyga\/"]}]}},"_links":{"self":[{"href":"https:\/\/skaitytaknyga.lt\/en\/wp-json\/wp\/v2\/product\/24600","targetHints":{"allow":["GET"]}}],"collection":[{"href":"https:\/\/skaitytaknyga.lt\/en\/wp-json\/wp\/v2\/product"}],"about":[{"href":"https:\/\/skaitytaknyga.lt\/en\/wp-json\/wp\/v2\/types\/product"}],"replies":[{"embeddable":true,"href":"https:\/\/skaitytaknyga.lt\/en\/wp-json\/wp\/v2\/comments?post=24600"}],"wp:featuredmedia":[{"embeddable":true,"href":"https:\/\/skaitytaknyga.lt\/en\/wp-json\/wp\/v2\/media\/24605"}],"wp:attachment":[{"href":"https:\/\/skaitytaknyga.lt\/en\/wp-json\/wp\/v2\/media?parent=24600"}],"wp:term":[{"taxonomy":"product_brand","embeddable":true,"href":"https:\/\/skaitytaknyga.lt\/en\/wp-json\/wp\/v2\/product_brand?post=24600"},{"taxonomy":"product_cat","embeddable":true,"href":"https:\/\/skaitytaknyga.lt\/en\/wp-json\/wp\/v2\/product_cat?post=24600"},{"taxonomy":"product_tag","embeddable":true,"href":"https:\/\/skaitytaknyga.lt\/en\/wp-json\/wp\/v2\/product_tag?post=24600"}],"curies":[{"name":"wp","href":"https:\/\/api.w.org\/{rel}","templated":true}]}}