{"id":2454,"date":"2024-04-17T13:11:27","date_gmt":"2024-04-17T13:11:27","guid":{"rendered":"https:\/\/skaitytaknyga.lt\/?post_type=product&#038;p=2454"},"modified":"2024-05-03T07:14:56","modified_gmt":"2024-05-03T07:14:56","slug":"e-griffin-mano-sesers-paslaptys","status":"publish","type":"product","link":"https:\/\/skaitytaknyga.lt\/en\/produktas\/e-griffin-mano-sesers-paslaptys\/","title":{"rendered":"E. Griffin \u201eMano sesers paslaptys\u201c"},"content":{"rendered":"<p>Seserys D\u017eozi ir Meredit\u0117 be galo skirtingos. J\u0173 gyvenimai \u2013 kaip diena ir naktis. Viena spontani\u0161ka pla\u010dia\u0161ird\u0117, kita \u2013 sant\u016bri darb\u0161tuol\u0117. Viena svajoja susilaukti vaikelio, bet vis at\u0161aukia pasimatymus, kita \u2013 tvirt\u0105 santuok\u0105 suk\u016brusi \u017eavios keturmet\u0117s mama. Atrodyt\u0173, abi seserys tikrai laimingos, ta\u010diau j\u0173 tarpusavio santykius temdo gr\u0117smingas praeities \u0161e\u0161\u0117lis.<\/p>\n<p>Prie\u0161 15 met\u0173 \u012fvykusi \u0161eimos nelaim\u0117 i\u0161ard\u0117 jauki\u0105 j\u0173 \u0161eimos idil\u0119. U\u017ek\u0105sti \u012f miestelio u\u017ekandin\u0119 i\u0161vyk\u0119s brolis taip niekada ir negr\u012f\u017eo, o seserys atsitv\u0117r\u0117 tyla, d\u0117l nelaim\u0117s kaltindamos ne tik viena kit\u0105, bet ir kiekviena savo pasirinkimus.<\/p>\n<p>Art\u0117jant netekties metin\u0117ms ima ai\u0161k\u0117ti ilgai saugotos paslaptys. Trapus D\u017eozi ir Meredit\u0117s ry\u0161ys pakimba ant plauko. Kalt\u0119 \u0161irdyje seserys ne\u0161iojasi jau ne vienus metus, ta\u010diau viena j\u0173 apie t\u0105 lemting\u0105j\u012f vakar\u0105 \u017eino \u0161\u012f t\u0105 daugiau. Susvetim\u0117jusioms seserims tenka sunkus i\u0161bandymas tiesa ir dar sunkesnis sprendimas: nutraukti ry\u0161ius ar pamir\u0161ti praeities skaudulius ir susitaikyti.<\/p>\n","protected":false},"excerpt":{"rendered":"<p>Seserys D\u017eozi ir Meredit\u0117 be galo skirtingos. J\u0173 gyvenimai \u2013 kaip diena ir naktis. Viena spontani\u0161ka pla\u010dia\u0161ird\u0117, kita \u2013 sant\u016bri darb\u0161tuol\u0117. Viena svajoja susilaukti vaikelio, bet vis at\u0161aukia pasimatymus, kita \u2013 tvirt\u0105 santuok\u0105 suk\u016brusi \u017eavios keturmet\u0117s mama. Atrodyt\u0173, abi seserys tikrai laimingos, ta\u010diau j\u0173 tarpusavio santykius temdo gr\u0117smingas praeities \u0161e\u0161\u0117lis. Prie\u0161 15 met\u0173 \u012fvykusi \u0161eimos nelaim\u0117 i\u0161ard\u0117 jauki\u0105 j\u0173 \u0161eimos idil\u0119. U\u017ek\u0105sti \u012f miestelio u\u017ekandin\u0119 i\u0161vyk\u0119s brolis taip niekada ir negr\u012f\u017eo, o seserys atsitv\u0117r\u0117 tyla, d\u0117l nelaim\u0117s kaltindamos ne tik viena kit\u0105, bet ir kiekviena savo pasirinkimus. Art\u0117jant netekties metin\u0117ms ima ai\u0161k\u0117ti ilgai saugotos paslaptys. Trapus D\u017eozi ir Meredit\u0117s ry\u0161ys pakimba ant plauko. Kalt\u0119 \u0161irdyje seserys ne\u0161iojasi jau ne vienus metus, ta\u010diau viena j\u0173 apie t\u0105 lemting\u0105j\u012f vakar\u0105 \u017eino \u0161\u012f t\u0105 daugiau. Susvetim\u0117jusioms seserims tenka sunkus i\u0161bandymas tiesa ir dar sunkesnis sprendimas: nutraukti ry\u0161ius ar pamir\u0161ti praeities skaudulius ir susitaikyti.<\/p>\n","protected":false},"featured_media":2506,"comment_status":"closed","ping_status":"closed","template":"","meta":{"_acf_changed":false,"site-sidebar-layout":"default","site-content-layout":"","ast-site-content-layout":"default","site-content-style":"default","site-sidebar-style":"default","ast-global-header-display":"","ast-banner-title-visibility":"","ast-main-header-display":"","ast-hfb-above-header-display":"","ast-hfb-below-header-display":"","ast-hfb-mobile-header-display":"","site-post-title":"","ast-breadcrumbs-content":"","ast-featured-img":"","footer-sml-layout":"","ast-disable-related-posts":"","theme-transparent-header-meta":"","adv-header-id-meta":"","stick-header-meta":"","header-above-stick-meta":"","header-main-stick-meta":"","header-below-stick-meta":"","astra-migrate-meta-layouts":"default","ast-page-background-enabled":"default","ast-page-background-meta":{"desktop":{"background-color":"","background-image":"","background-repeat":"repeat","background-position":"center center","background-size":"auto","background-attachment":"scroll","background-type":"","background-media":"","overlay-type":"","overlay-color":"","overlay-opacity":"","overlay-gradient":""},"tablet":{"background-color":"","background-image":"","background-repeat":"repeat","background-position":"center center","background-size":"auto","background-attachment":"scroll","background-type":"","background-media":"","overlay-type":"","overlay-color":"","overlay-opacity":"","overlay-gradient":""},"mobile":{"background-color":"","background-image":"","background-repeat":"repeat","background-position":"center center","background-size":"auto","background-attachment":"scroll","background-type":"","background-media":"","overlay-type":"","overlay-color":"","overlay-opacity":"","overlay-gradient":""}},"ast-content-background-meta":{"desktop":{"background-color":"var(--ast-global-color-4)","background-image":"","background-repeat":"repeat","background-position":"center center","background-size":"auto","background-attachment":"scroll","background-type":"","background-media":"","overlay-type":"","overlay-color":"","overlay-opacity":"","overlay-gradient":""},"tablet":{"background-color":"var(--ast-global-color-4)","background-image":"","background-repeat":"repeat","background-position":"center center","background-size":"auto","background-attachment":"scroll","background-type":"","background-media":"","overlay-type":"","overlay-color":"","overlay-opacity":"","overlay-gradient":""},"mobile":{"background-color":"var(--ast-global-color-4)","background-image":"","background-repeat":"repeat","background-position":"center center","background-size":"auto","background-attachment":"scroll","background-type":"","background-media":"","overlay-type":"","overlay-color":"","overlay-opacity":"","overlay-gradient":""}}},"product_brand":[],"product_cat":[31],"product_tag":[],"class_list":{"0":"post-2454","1":"product","2":"type-product","3":"status-publish","4":"has-post-thumbnail","6":"product_cat-grozine-literatura","7":"desktop-align-left","8":"tablet-align-left","9":"mobile-align-left","11":"first","12":"instock","13":"shipping-taxable","14":"purchasable","15":"product-type-simple"},"acf":[],"yoast_head":"<!-- This site is optimized with the Yoast SEO plugin v27.0 - https:\/\/yoast.com\/product\/yoast-seo-wordpress\/ -->\n<title>E. Griffin \u201eMano sesers paslaptys\u201c - Skaitytaknyga<\/title>\n<meta name=\"description\" content=\"Seserys D\u017eozi ir Meredit\u0117 be galo skirtingos. J\u0173 gyvenimai \u2013 kaip diena ir naktis. Viena spontani\u0161ka pla\u010dia\u0161ird\u0117, kita \u2013 sant\u016bri darb\u0161tuol\u0117. Viena svajoja\" \/>\n<meta name=\"robots\" content=\"index, follow, max-snippet:-1, max-image-preview:large, max-video-preview:-1\" \/>\n<link rel=\"canonical\" href=\"https:\/\/skaitytaknyga.lt\/en\/produktas\/e-griffin-mano-sesers-paslaptys\/\" \/>\n<meta property=\"og:locale\" content=\"en_GB\" \/>\n<meta property=\"og:locale:alternate\" content=\"lt_LT\" \/>\n<meta property=\"og:type\" content=\"article\" \/>\n<meta property=\"og:title\" content=\"E. Griffin \u201eMano sesers paslaptys\u201c - Skaitytaknyga\" \/>\n<meta property=\"og:description\" content=\"Seserys D\u017eozi ir Meredit\u0117 be galo skirtingos. J\u0173 gyvenimai \u2013 kaip diena ir naktis. Viena spontani\u0161ka pla\u010dia\u0161ird\u0117, kita \u2013 sant\u016bri darb\u0161tuol\u0117. Viena svajoja\" \/>\n<meta property=\"og:url\" content=\"https:\/\/skaitytaknyga.lt\/en\/produktas\/e-griffin-mano-sesers-paslaptys\/\" \/>\n<meta property=\"og:site_name\" content=\"Skaitytaknyga\" \/>\n<meta property=\"article:publisher\" content=\"https:\/\/www.facebook.com\/skaitytaknyga\/\" \/>\n<meta property=\"article:modified_time\" content=\"2024-05-03T07:14:56+00:00\" \/>\n<meta property=\"og:image\" content=\"https:\/\/skaitytaknyga.lt\/wp-content\/uploads\/2024\/04\/20200818_154631_edited.jpg\" \/>\n\t<meta property=\"og:image:width\" content=\"1670\" \/>\n\t<meta property=\"og:image:height\" content=\"2485\" \/>\n\t<meta property=\"og:image:type\" content=\"image\/jpeg\" \/>\n<meta name=\"twitter:card\" content=\"summary_large_image\" \/>\n<meta name=\"twitter:label1\" content=\"Estimated reading time\" \/>\n\t<meta name=\"twitter:data1\" content=\"1 minute\" \/>\n<script type=\"application\/ld+json\" class=\"yoast-schema-graph\">{\"@context\":\"https:\/\/schema.org\",\"@graph\":[{\"@type\":\"WebPage\",\"@id\":\"https:\/\/skaitytaknyga.lt\/produktas\/e-griffin-mano-sesers-paslaptys\/\",\"url\":\"https:\/\/skaitytaknyga.lt\/produktas\/e-griffin-mano-sesers-paslaptys\/\",\"name\":\"E. Griffin \u201eMano sesers paslaptys\u201c - Skaitytaknyga\",\"isPartOf\":{\"@id\":\"https:\/\/skaitytaknyga.lt\/#website\"},\"primaryImageOfPage\":{\"@id\":\"https:\/\/skaitytaknyga.lt\/produktas\/e-griffin-mano-sesers-paslaptys\/#primaryimage\"},\"image\":{\"@id\":\"https:\/\/skaitytaknyga.lt\/produktas\/e-griffin-mano-sesers-paslaptys\/#primaryimage\"},\"thumbnailUrl\":\"https:\/\/skaitytaknyga.lt\/wp-content\/uploads\/2024\/04\/20200818_154631_edited.jpg\",\"datePublished\":\"2024-04-17T13:11:27+00:00\",\"dateModified\":\"2024-05-03T07:14:56+00:00\",\"description\":\"Seserys D\u017eozi ir Meredit\u0117 be galo skirtingos. J\u0173 gyvenimai \u2013 kaip diena ir naktis. Viena spontani\u0161ka pla\u010dia\u0161ird\u0117, kita \u2013 sant\u016bri darb\u0161tuol\u0117. Viena svajoja\",\"breadcrumb\":{\"@id\":\"https:\/\/skaitytaknyga.lt\/produktas\/e-griffin-mano-sesers-paslaptys\/#breadcrumb\"},\"inLanguage\":\"en-GB\",\"potentialAction\":[{\"@type\":\"ReadAction\",\"target\":[\"https:\/\/skaitytaknyga.lt\/produktas\/e-griffin-mano-sesers-paslaptys\/\"]}]},{\"@type\":\"ImageObject\",\"inLanguage\":\"en-GB\",\"@id\":\"https:\/\/skaitytaknyga.lt\/produktas\/e-griffin-mano-sesers-paslaptys\/#primaryimage\",\"url\":\"https:\/\/skaitytaknyga.lt\/wp-content\/uploads\/2024\/04\/20200818_154631_edited.jpg\",\"contentUrl\":\"https:\/\/skaitytaknyga.lt\/wp-content\/uploads\/2024\/04\/20200818_154631_edited.jpg\",\"width\":1670,\"height\":2485,\"caption\":\"20200818 154631 edited\"},{\"@type\":\"BreadcrumbList\",\"@id\":\"https:\/\/skaitytaknyga.lt\/produktas\/e-griffin-mano-sesers-paslaptys\/#breadcrumb\",\"itemListElement\":[{\"@type\":\"ListItem\",\"position\":1,\"name\":\"Home\",\"item\":\"https:\/\/skaitytaknyga.lt\/\"},{\"@type\":\"ListItem\",\"position\":2,\"name\":\"Parduotuv\u0117\",\"item\":\"https:\/\/skaitytaknyga.lt\/knygu-parduotuve\/\"},{\"@type\":\"ListItem\",\"position\":3,\"name\":\"E. Griffin \u201eMano sesers paslaptys\u201c\"}]},{\"@type\":\"WebSite\",\"@id\":\"https:\/\/skaitytaknyga.lt\/#website\",\"url\":\"https:\/\/skaitytaknyga.lt\/\",\"name\":\"skaitytaknyga.lt\",\"description\":\"Skaitytaknyga.lt \u2013 tai ma\u017eas \u0161eimos verslas, kuris prasid\u0117jo nuo meil\u0117s knygoms ir siekio i\u0161gelb\u0117ti knygas nuo likimo prie konteinerio. Kas vienam nereikalingas daiktas \u2013 kitam lobis, o mes esame tarpininkai, kurie padeda abiems tapti laimingesniems ???? \u017dinome kaip nelengva i\u0161gyventi ma\u017eiems verslams, tad nuo \u0161iol, \u010dia rasite ir kit\u0173, ma\u017e\u0173 \u0161eim\u0173 versl\u0173, rank\u0173 darbo, dovan\u0173 sau ir artimiesiems.\",\"publisher\":{\"@id\":\"https:\/\/skaitytaknyga.lt\/#organization\"},\"potentialAction\":[{\"@type\":\"SearchAction\",\"target\":{\"@type\":\"EntryPoint\",\"urlTemplate\":\"https:\/\/skaitytaknyga.lt\/?s={search_term_string}\"},\"query-input\":{\"@type\":\"PropertyValueSpecification\",\"valueRequired\":true,\"valueName\":\"search_term_string\"}}],\"inLanguage\":\"en-GB\"},{\"@type\":\"Organization\",\"@id\":\"https:\/\/skaitytaknyga.lt\/#organization\",\"name\":\"skaitytaknyga.lt\",\"url\":\"https:\/\/skaitytaknyga.lt\/\",\"logo\":{\"@type\":\"ImageObject\",\"inLanguage\":\"en-GB\",\"@id\":\"https:\/\/skaitytaknyga.lt\/#\/schema\/logo\/image\/\",\"url\":\"https:\/\/skaitytaknyga.lt\/wp-content\/uploads\/2024\/05\/cropped-cropped-cropped-02_00843_jt3bggkj1j3HLc7SyY6rEUpg.jpeg\",\"contentUrl\":\"https:\/\/skaitytaknyga.lt\/wp-content\/uploads\/2024\/05\/cropped-cropped-cropped-02_00843_jt3bggkj1j3HLc7SyY6rEUpg.jpeg\",\"width\":1600,\"height\":1600,\"caption\":\"skaitytaknyga.lt\"},\"image\":{\"@id\":\"https:\/\/skaitytaknyga.lt\/#\/schema\/logo\/image\/\"},\"sameAs\":[\"https:\/\/www.facebook.com\/skaitytaknyga\/\"]}]}<\/script>\n<!-- \/ Yoast SEO plugin. -->","yoast_head_json":{"title":"E. Griffin \u201eMano sesers paslaptys\u201c - Skaitytaknyga","description":"Seserys D\u017eozi ir Meredit\u0117 be galo skirtingos. J\u0173 gyvenimai \u2013 kaip diena ir naktis. Viena spontani\u0161ka pla\u010dia\u0161ird\u0117, kita \u2013 sant\u016bri darb\u0161tuol\u0117. Viena svajoja","robots":{"index":"index","follow":"follow","max-snippet":"max-snippet:-1","max-image-preview":"max-image-preview:large","max-video-preview":"max-video-preview:-1"},"canonical":"https:\/\/skaitytaknyga.lt\/en\/produktas\/e-griffin-mano-sesers-paslaptys\/","og_locale":"en_GB","og_type":"article","og_title":"E. Griffin \u201eMano sesers paslaptys\u201c - Skaitytaknyga","og_description":"Seserys D\u017eozi ir Meredit\u0117 be galo skirtingos. J\u0173 gyvenimai \u2013 kaip diena ir naktis. Viena spontani\u0161ka pla\u010dia\u0161ird\u0117, kita \u2013 sant\u016bri darb\u0161tuol\u0117. Viena svajoja","og_url":"https:\/\/skaitytaknyga.lt\/en\/produktas\/e-griffin-mano-sesers-paslaptys\/","og_site_name":"Skaitytaknyga","article_publisher":"https:\/\/www.facebook.com\/skaitytaknyga\/","article_modified_time":"2024-05-03T07:14:56+00:00","og_image":[{"width":1670,"height":2485,"url":"https:\/\/skaitytaknyga.lt\/wp-content\/uploads\/2024\/04\/20200818_154631_edited.jpg","type":"image\/jpeg"}],"twitter_card":"summary_large_image","twitter_misc":{"Estimated reading time":"1 minute"},"schema":{"@context":"https:\/\/schema.org","@graph":[{"@type":"WebPage","@id":"https:\/\/skaitytaknyga.lt\/produktas\/e-griffin-mano-sesers-paslaptys\/","url":"https:\/\/skaitytaknyga.lt\/produktas\/e-griffin-mano-sesers-paslaptys\/","name":"E. Griffin \u201eMano sesers paslaptys\u201c - Skaitytaknyga","isPartOf":{"@id":"https:\/\/skaitytaknyga.lt\/#website"},"primaryImageOfPage":{"@id":"https:\/\/skaitytaknyga.lt\/produktas\/e-griffin-mano-sesers-paslaptys\/#primaryimage"},"image":{"@id":"https:\/\/skaitytaknyga.lt\/produktas\/e-griffin-mano-sesers-paslaptys\/#primaryimage"},"thumbnailUrl":"https:\/\/skaitytaknyga.lt\/wp-content\/uploads\/2024\/04\/20200818_154631_edited.jpg","datePublished":"2024-04-17T13:11:27+00:00","dateModified":"2024-05-03T07:14:56+00:00","description":"Seserys D\u017eozi ir Meredit\u0117 be galo skirtingos. J\u0173 gyvenimai \u2013 kaip diena ir naktis. Viena spontani\u0161ka pla\u010dia\u0161ird\u0117, kita \u2013 sant\u016bri darb\u0161tuol\u0117. Viena svajoja","breadcrumb":{"@id":"https:\/\/skaitytaknyga.lt\/produktas\/e-griffin-mano-sesers-paslaptys\/#breadcrumb"},"inLanguage":"en-GB","potentialAction":[{"@type":"ReadAction","target":["https:\/\/skaitytaknyga.lt\/produktas\/e-griffin-mano-sesers-paslaptys\/"]}]},{"@type":"ImageObject","inLanguage":"en-GB","@id":"https:\/\/skaitytaknyga.lt\/produktas\/e-griffin-mano-sesers-paslaptys\/#primaryimage","url":"https:\/\/skaitytaknyga.lt\/wp-content\/uploads\/2024\/04\/20200818_154631_edited.jpg","contentUrl":"https:\/\/skaitytaknyga.lt\/wp-content\/uploads\/2024\/04\/20200818_154631_edited.jpg","width":1670,"height":2485,"caption":"20200818 154631 edited"},{"@type":"BreadcrumbList","@id":"https:\/\/skaitytaknyga.lt\/produktas\/e-griffin-mano-sesers-paslaptys\/#breadcrumb","itemListElement":[{"@type":"ListItem","position":1,"name":"Home","item":"https:\/\/skaitytaknyga.lt\/"},{"@type":"ListItem","position":2,"name":"Parduotuv\u0117","item":"https:\/\/skaitytaknyga.lt\/knygu-parduotuve\/"},{"@type":"ListItem","position":3,"name":"E. Griffin \u201eMano sesers paslaptys\u201c"}]},{"@type":"WebSite","@id":"https:\/\/skaitytaknyga.lt\/#website","url":"https:\/\/skaitytaknyga.lt\/","name":"skaitytaknyga.lt","description":"Skaitytaknyga.lt \u2013 tai ma\u017eas \u0161eimos verslas, kuris prasid\u0117jo nuo meil\u0117s knygoms ir siekio i\u0161gelb\u0117ti knygas nuo likimo prie konteinerio. Kas vienam nereikalingas daiktas \u2013 kitam lobis, o mes esame tarpininkai, kurie padeda abiems tapti laimingesniems ???? \u017dinome kaip nelengva i\u0161gyventi ma\u017eiems verslams, tad nuo \u0161iol, \u010dia rasite ir kit\u0173, ma\u017e\u0173 \u0161eim\u0173 versl\u0173, rank\u0173 darbo, dovan\u0173 sau ir artimiesiems.","publisher":{"@id":"https:\/\/skaitytaknyga.lt\/#organization"},"potentialAction":[{"@type":"SearchAction","target":{"@type":"EntryPoint","urlTemplate":"https:\/\/skaitytaknyga.lt\/?s={search_term_string}"},"query-input":{"@type":"PropertyValueSpecification","valueRequired":true,"valueName":"search_term_string"}}],"inLanguage":"en-GB"},{"@type":"Organization","@id":"https:\/\/skaitytaknyga.lt\/#organization","name":"skaitytaknyga.lt","url":"https:\/\/skaitytaknyga.lt\/","logo":{"@type":"ImageObject","inLanguage":"en-GB","@id":"https:\/\/skaitytaknyga.lt\/#\/schema\/logo\/image\/","url":"https:\/\/skaitytaknyga.lt\/wp-content\/uploads\/2024\/05\/cropped-cropped-cropped-02_00843_jt3bggkj1j3HLc7SyY6rEUpg.jpeg","contentUrl":"https:\/\/skaitytaknyga.lt\/wp-content\/uploads\/2024\/05\/cropped-cropped-cropped-02_00843_jt3bggkj1j3HLc7SyY6rEUpg.jpeg","width":1600,"height":1600,"caption":"skaitytaknyga.lt"},"image":{"@id":"https:\/\/skaitytaknyga.lt\/#\/schema\/logo\/image\/"},"sameAs":["https:\/\/www.facebook.com\/skaitytaknyga\/"]}]}},"_links":{"self":[{"href":"https:\/\/skaitytaknyga.lt\/en\/wp-json\/wp\/v2\/product\/2454","targetHints":{"allow":["GET"]}}],"collection":[{"href":"https:\/\/skaitytaknyga.lt\/en\/wp-json\/wp\/v2\/product"}],"about":[{"href":"https:\/\/skaitytaknyga.lt\/en\/wp-json\/wp\/v2\/types\/product"}],"replies":[{"embeddable":true,"href":"https:\/\/skaitytaknyga.lt\/en\/wp-json\/wp\/v2\/comments?post=2454"}],"wp:featuredmedia":[{"embeddable":true,"href":"https:\/\/skaitytaknyga.lt\/en\/wp-json\/wp\/v2\/media\/2506"}],"wp:attachment":[{"href":"https:\/\/skaitytaknyga.lt\/en\/wp-json\/wp\/v2\/media?parent=2454"}],"wp:term":[{"taxonomy":"product_brand","embeddable":true,"href":"https:\/\/skaitytaknyga.lt\/en\/wp-json\/wp\/v2\/product_brand?post=2454"},{"taxonomy":"product_cat","embeddable":true,"href":"https:\/\/skaitytaknyga.lt\/en\/wp-json\/wp\/v2\/product_cat?post=2454"},{"taxonomy":"product_tag","embeddable":true,"href":"https:\/\/skaitytaknyga.lt\/en\/wp-json\/wp\/v2\/product_tag?post=2454"}],"curies":[{"name":"wp","href":"https:\/\/api.w.org\/{rel}","templated":true}]}}