{"id":2446,"date":"2024-07-18T13:10:56","date_gmt":"2024-07-18T10:10:56","guid":{"rendered":"https:\/\/skaitytaknyga.lt\/?post_type=product&#038;p=2446"},"modified":"2025-07-12T12:41:58","modified_gmt":"2025-07-12T09:41:58","slug":"mika-waltari-sinuhe-egiptietis","status":"publish","type":"product","link":"https:\/\/skaitytaknyga.lt\/en\/produktas\/mika-waltari-sinuhe-egiptietis\/","title":{"rendered":"Sinuh\u0117 egiptietis"},"content":{"rendered":"<p>Paprasta, ta\u010diau vaizdinga ir \u0161iek tiek senovi\u0161ka kalba Sinuh\u0117, likimo valia nugyven\u0119s gyvenim\u0105, kupin\u0105 nuotyki\u0173, meil\u0117s, intring\u0173 ir neapykantos, atskleid\u017eia, k\u0105 galvojo, jaut\u0117 ir ko siek\u0117.<\/p>\n<p>Faraono Echnatono valdymo laikotarpis, valdovo viltys reformuoti \u0161al\u012f, jo didingi u\u017emojai, egiptie\u010di\u0173 nusivylimas ir Egipto \u017elugimas praplaukia pro m\u016bs\u0173 akis tarsi nepaprastai ry\u0161kus filmas, pasakojantis tiek apie diding\u0105 kra\u0161t\u0105, tiek apie vien\u0105 \u017emog\u0173 \u012fvyki\u0173 verpete &#8211; karali\u0161k\u0105j\u012f faraono r\u016bm\u0173 gydytoj\u0105 Sinuh\u0119.<\/p>\n<p>Apie autori\u0173<\/p>\n<p>\u201eSinuh\u0117 egiptietis\u201c &#8211; garsiausias Mikos Waltario (1908-1979) romanas. Ra\u0161ytojas, vadinamas \u201epla\u010diausiai \u017einomu Suomijos autoriumi\u201c, per savo gyvenim\u0105 suk\u016br\u0117 daugyb\u0119 istorini\u0173 roman\u0173, detektyv\u0173, noveli\u0173, eil\u0117ra\u0161\u010di\u0173, ta\u010diau \u201eSinuh\u0117 egiptietis\u201c taip ir liko ry\u0161kiausia, geriausia ir labiausiai skaitytoj\u0173 pam\u0117gta knyga.<\/p>\n","protected":false},"excerpt":{"rendered":"<p>Paprasta, ta\u010diau vaizdinga ir \u0161iek tiek senovi\u0161ka kalba Sinuh\u0117, likimo valia nugyven\u0119s gyvenim\u0105, kupin\u0105 nuotyki\u0173, meil\u0117s, intring\u0173 ir neapykantos, atskleid\u017eia, k\u0105 galvojo, jaut\u0117 ir ko siek\u0117. Faraono Echnatono valdymo laikotarpis, valdovo viltys reformuoti \u0161al\u012f, jo didingi u\u017emojai, egiptie\u010di\u0173 nusivylimas ir Egipto \u017elugimas praplaukia pro m\u016bs\u0173 akis tarsi nepaprastai ry\u0161kus filmas, pasakojantis tiek apie diding\u0105 kra\u0161t\u0105, tiek apie vien\u0105 \u017emog\u0173 \u012fvyki\u0173 verpete &#8211; karali\u0161k\u0105j\u012f faraono r\u016bm\u0173 gydytoj\u0105 Sinuh\u0119. Apie autori\u0173 \u201eSinuh\u0117 egiptietis\u201c &#8211; garsiausias Mikos Waltario (1908-1979) romanas. Ra\u0161ytojas, vadinamas \u201epla\u010diausiai \u017einomu Suomijos autoriumi\u201c, per savo gyvenim\u0105 suk\u016br\u0117 daugyb\u0119 istorini\u0173 roman\u0173, detektyv\u0173, noveli\u0173, eil\u0117ra\u0161\u010di\u0173, ta\u010diau \u201eSinuh\u0117 egiptietis\u201c taip ir liko ry\u0161kiausia, geriausia ir labiausiai skaitytoj\u0173 pam\u0117gta knyga.<\/p>\n","protected":false},"featured_media":2500,"comment_status":"closed","ping_status":"closed","template":"","meta":{"_acf_changed":false,"site-sidebar-layout":"default","site-content-layout":"","ast-site-content-layout":"default","site-content-style":"default","site-sidebar-style":"default","ast-global-header-display":"","ast-banner-title-visibility":"","ast-main-header-display":"","ast-hfb-above-header-display":"","ast-hfb-below-header-display":"","ast-hfb-mobile-header-display":"","site-post-title":"","ast-breadcrumbs-content":"","ast-featured-img":"","footer-sml-layout":"","ast-disable-related-posts":"","theme-transparent-header-meta":"default","adv-header-id-meta":"","stick-header-meta":"","header-above-stick-meta":"","header-main-stick-meta":"","header-below-stick-meta":"","astra-migrate-meta-layouts":"set","ast-page-background-enabled":"default","ast-page-background-meta":{"desktop":{"background-color":"","background-image":"","background-repeat":"repeat","background-position":"center center","background-size":"auto","background-attachment":"scroll","background-type":"","background-media":"","overlay-type":"","overlay-color":"","overlay-opacity":"","overlay-gradient":""},"tablet":{"background-color":"","background-image":"","background-repeat":"repeat","background-position":"center center","background-size":"auto","background-attachment":"scroll","background-type":"","background-media":"","overlay-type":"","overlay-color":"","overlay-opacity":"","overlay-gradient":""},"mobile":{"background-color":"","background-image":"","background-repeat":"repeat","background-position":"center center","background-size":"auto","background-attachment":"scroll","background-type":"","background-media":"","overlay-type":"","overlay-color":"","overlay-opacity":"","overlay-gradient":""}},"ast-content-background-meta":{"desktop":{"background-color":"var(--ast-global-color-4)","background-image":"","background-repeat":"repeat","background-position":"center center","background-size":"auto","background-attachment":"scroll","background-type":"","background-media":"","overlay-type":"","overlay-color":"","overlay-opacity":"","overlay-gradient":""},"tablet":{"background-color":"var(--ast-global-color-4)","background-image":"","background-repeat":"repeat","background-position":"center center","background-size":"auto","background-attachment":"scroll","background-type":"","background-media":"","overlay-type":"","overlay-color":"","overlay-opacity":"","overlay-gradient":""},"mobile":{"background-color":"var(--ast-global-color-4)","background-image":"","background-repeat":"repeat","background-position":"center center","background-size":"auto","background-attachment":"scroll","background-type":"","background-media":"","overlay-type":"","overlay-color":"","overlay-opacity":"","overlay-gradient":""}}},"product_brand":[],"product_cat":[31],"product_tag":[3965,5832,2224,1492,5830,1745,5831,1662],"class_list":{"0":"post-2446","1":"product","2":"type-product","3":"status-publish","4":"has-post-thumbnail","6":"product_cat-grozine-literatura","7":"product_tag-egiptas","8":"product_tag-faraonas-echnaton","9":"product_tag-istorija","10":"product_tag-literatura","11":"product_tag-mika-waltari","12":"product_tag-romanas","13":"product_tag-sinuhe-egiptietis","14":"product_tag-suomija","15":"desktop-align-left","16":"tablet-align-left","17":"mobile-align-left","19":"first","20":"instock","21":"shipping-taxable","22":"purchasable","23":"product-type-simple"},"acf":[],"yoast_head":"<!-- This site is optimized with the Yoast SEO plugin v27.0 - https:\/\/yoast.com\/product\/yoast-seo-wordpress\/ -->\n<title>Sinuh\u0117 egiptietis<\/title>\n<meta name=\"description\" content=\"Paprasta, ta\u010diau vaizdinga ir \u0161iek tiek senovi\u0161ka kalba Sinuh\u0117, likimo valia nugyven\u0119s gyvenim\u0105, kupin\u0105 nuotyki\u0173, meil\u0117s, intring\u0173 ir neapykantos.\" \/>\n<meta name=\"robots\" content=\"index, follow, max-snippet:-1, max-image-preview:large, max-video-preview:-1\" \/>\n<link rel=\"canonical\" href=\"https:\/\/skaitytaknyga.lt\/en\/produktas\/mika-waltari-sinuhe-egiptietis\/\" \/>\n<meta property=\"og:locale\" content=\"en_GB\" \/>\n<meta property=\"og:locale:alternate\" content=\"lt_LT\" \/>\n<meta property=\"og:type\" content=\"article\" \/>\n<meta property=\"og:title\" content=\"Sinuh\u0117 egiptietis\" \/>\n<meta property=\"og:description\" content=\"Paprasta, ta\u010diau vaizdinga ir \u0161iek tiek senovi\u0161ka kalba Sinuh\u0117, likimo valia nugyven\u0119s gyvenim\u0105, kupin\u0105 nuotyki\u0173, meil\u0117s, intring\u0173 ir neapykantos.\" \/>\n<meta property=\"og:url\" content=\"https:\/\/skaitytaknyga.lt\/en\/produktas\/mika-waltari-sinuhe-egiptietis\/\" \/>\n<meta property=\"og:site_name\" content=\"Skaitytaknyga\" \/>\n<meta property=\"article:publisher\" content=\"https:\/\/www.facebook.com\/skaitytaknyga\/\" \/>\n<meta property=\"article:modified_time\" content=\"2025-07-12T09:41:58+00:00\" \/>\n<meta property=\"og:image\" content=\"https:\/\/skaitytaknyga.lt\/wp-content\/uploads\/2024\/04\/1462882067_img-001.jpg\" \/>\n\t<meta property=\"og:image:width\" content=\"282\" \/>\n\t<meta property=\"og:image:height\" content=\"430\" \/>\n\t<meta property=\"og:image:type\" content=\"image\/jpeg\" \/>\n<meta name=\"twitter:card\" content=\"summary_large_image\" \/>\n<meta name=\"twitter:label1\" content=\"Estimated reading time\" \/>\n\t<meta name=\"twitter:data1\" content=\"1 minute\" \/>\n<script type=\"application\/ld+json\" class=\"yoast-schema-graph\">{\"@context\":\"https:\/\/schema.org\",\"@graph\":[{\"@type\":\"WebPage\",\"@id\":\"https:\/\/skaitytaknyga.lt\/produktas\/mika-waltari-sinuhe-egiptietis\/\",\"url\":\"https:\/\/skaitytaknyga.lt\/produktas\/mika-waltari-sinuhe-egiptietis\/\",\"name\":\"Sinuh\u0117 egiptietis\",\"isPartOf\":{\"@id\":\"https:\/\/skaitytaknyga.lt\/#website\"},\"primaryImageOfPage\":{\"@id\":\"https:\/\/skaitytaknyga.lt\/produktas\/mika-waltari-sinuhe-egiptietis\/#primaryimage\"},\"image\":{\"@id\":\"https:\/\/skaitytaknyga.lt\/produktas\/mika-waltari-sinuhe-egiptietis\/#primaryimage\"},\"thumbnailUrl\":\"https:\/\/skaitytaknyga.lt\/wp-content\/uploads\/2024\/04\/1462882067_img-001.jpg\",\"datePublished\":\"2024-07-18T10:10:56+00:00\",\"dateModified\":\"2025-07-12T09:41:58+00:00\",\"description\":\"Paprasta, ta\u010diau vaizdinga ir \u0161iek tiek senovi\u0161ka kalba Sinuh\u0117, likimo valia nugyven\u0119s gyvenim\u0105, kupin\u0105 nuotyki\u0173, meil\u0117s, intring\u0173 ir neapykantos.\",\"breadcrumb\":{\"@id\":\"https:\/\/skaitytaknyga.lt\/produktas\/mika-waltari-sinuhe-egiptietis\/#breadcrumb\"},\"inLanguage\":\"en-GB\",\"potentialAction\":[{\"@type\":\"ReadAction\",\"target\":[\"https:\/\/skaitytaknyga.lt\/produktas\/mika-waltari-sinuhe-egiptietis\/\"]}]},{\"@type\":\"ImageObject\",\"inLanguage\":\"en-GB\",\"@id\":\"https:\/\/skaitytaknyga.lt\/produktas\/mika-waltari-sinuhe-egiptietis\/#primaryimage\",\"url\":\"https:\/\/skaitytaknyga.lt\/wp-content\/uploads\/2024\/04\/1462882067_img-001.jpg\",\"contentUrl\":\"https:\/\/skaitytaknyga.lt\/wp-content\/uploads\/2024\/04\/1462882067_img-001.jpg\",\"width\":282,\"height\":430,\"caption\":\"1462882067 img 001\"},{\"@type\":\"BreadcrumbList\",\"@id\":\"https:\/\/skaitytaknyga.lt\/produktas\/mika-waltari-sinuhe-egiptietis\/#breadcrumb\",\"itemListElement\":[{\"@type\":\"ListItem\",\"position\":1,\"name\":\"Home\",\"item\":\"https:\/\/skaitytaknyga.lt\/\"},{\"@type\":\"ListItem\",\"position\":2,\"name\":\"Parduotuv\u0117\",\"item\":\"https:\/\/skaitytaknyga.lt\/knygu-parduotuve\/\"},{\"@type\":\"ListItem\",\"position\":3,\"name\":\"Sinuh\u0117 egiptietis\"}]},{\"@type\":\"WebSite\",\"@id\":\"https:\/\/skaitytaknyga.lt\/#website\",\"url\":\"https:\/\/skaitytaknyga.lt\/\",\"name\":\"skaitytaknyga.lt\",\"description\":\"Skaitytaknyga.lt \u2013 tai ma\u017eas \u0161eimos verslas, kuris prasid\u0117jo nuo meil\u0117s knygoms ir siekio i\u0161gelb\u0117ti knygas nuo likimo prie konteinerio. Kas vienam nereikalingas daiktas \u2013 kitam lobis, o mes esame tarpininkai, kurie padeda abiems tapti laimingesniems ???? \u017dinome kaip nelengva i\u0161gyventi ma\u017eiems verslams, tad nuo \u0161iol, \u010dia rasite ir kit\u0173, ma\u017e\u0173 \u0161eim\u0173 versl\u0173, rank\u0173 darbo, dovan\u0173 sau ir artimiesiems.\",\"publisher\":{\"@id\":\"https:\/\/skaitytaknyga.lt\/#organization\"},\"potentialAction\":[{\"@type\":\"SearchAction\",\"target\":{\"@type\":\"EntryPoint\",\"urlTemplate\":\"https:\/\/skaitytaknyga.lt\/?s={search_term_string}\"},\"query-input\":{\"@type\":\"PropertyValueSpecification\",\"valueRequired\":true,\"valueName\":\"search_term_string\"}}],\"inLanguage\":\"en-GB\"},{\"@type\":\"Organization\",\"@id\":\"https:\/\/skaitytaknyga.lt\/#organization\",\"name\":\"skaitytaknyga.lt\",\"url\":\"https:\/\/skaitytaknyga.lt\/\",\"logo\":{\"@type\":\"ImageObject\",\"inLanguage\":\"en-GB\",\"@id\":\"https:\/\/skaitytaknyga.lt\/#\/schema\/logo\/image\/\",\"url\":\"https:\/\/skaitytaknyga.lt\/wp-content\/uploads\/2024\/05\/cropped-cropped-cropped-02_00843_jt3bggkj1j3HLc7SyY6rEUpg.jpeg\",\"contentUrl\":\"https:\/\/skaitytaknyga.lt\/wp-content\/uploads\/2024\/05\/cropped-cropped-cropped-02_00843_jt3bggkj1j3HLc7SyY6rEUpg.jpeg\",\"width\":1600,\"height\":1600,\"caption\":\"skaitytaknyga.lt\"},\"image\":{\"@id\":\"https:\/\/skaitytaknyga.lt\/#\/schema\/logo\/image\/\"},\"sameAs\":[\"https:\/\/www.facebook.com\/skaitytaknyga\/\"]}]}<\/script>\n<!-- \/ Yoast SEO plugin. -->","yoast_head_json":{"title":"Sinuh\u0117 egiptietis","description":"Paprasta, ta\u010diau vaizdinga ir \u0161iek tiek senovi\u0161ka kalba Sinuh\u0117, likimo valia nugyven\u0119s gyvenim\u0105, kupin\u0105 nuotyki\u0173, meil\u0117s, intring\u0173 ir neapykantos.","robots":{"index":"index","follow":"follow","max-snippet":"max-snippet:-1","max-image-preview":"max-image-preview:large","max-video-preview":"max-video-preview:-1"},"canonical":"https:\/\/skaitytaknyga.lt\/en\/produktas\/mika-waltari-sinuhe-egiptietis\/","og_locale":"en_GB","og_type":"article","og_title":"[:lt]Sinuh\u0117 egiptietis[:] - Skaitytaknyga","og_description":"Paprasta, ta\u010diau vaizdinga ir \u0161iek tiek senovi\u0161ka kalba Sinuh\u0117, likimo valia nugyven\u0119s gyvenim\u0105, kupin\u0105 nuotyki\u0173, meil\u0117s, intring\u0173 ir neapykantos.","og_url":"https:\/\/skaitytaknyga.lt\/en\/produktas\/mika-waltari-sinuhe-egiptietis\/","og_site_name":"Skaitytaknyga","article_publisher":"https:\/\/www.facebook.com\/skaitytaknyga\/","article_modified_time":"2025-07-12T09:41:58+00:00","og_image":[{"width":282,"height":430,"url":"https:\/\/skaitytaknyga.lt\/wp-content\/uploads\/2024\/04\/1462882067_img-001.jpg","type":"image\/jpeg"}],"twitter_card":"summary_large_image","twitter_misc":{"Estimated reading time":"1 minute"},"schema":{"@context":"https:\/\/schema.org","@graph":[{"@type":"WebPage","@id":"https:\/\/skaitytaknyga.lt\/produktas\/mika-waltari-sinuhe-egiptietis\/","url":"https:\/\/skaitytaknyga.lt\/produktas\/mika-waltari-sinuhe-egiptietis\/","name":"Sinuh\u0117 egiptietis","isPartOf":{"@id":"https:\/\/skaitytaknyga.lt\/#website"},"primaryImageOfPage":{"@id":"https:\/\/skaitytaknyga.lt\/produktas\/mika-waltari-sinuhe-egiptietis\/#primaryimage"},"image":{"@id":"https:\/\/skaitytaknyga.lt\/produktas\/mika-waltari-sinuhe-egiptietis\/#primaryimage"},"thumbnailUrl":"https:\/\/skaitytaknyga.lt\/wp-content\/uploads\/2024\/04\/1462882067_img-001.jpg","datePublished":"2024-07-18T10:10:56+00:00","dateModified":"2025-07-12T09:41:58+00:00","description":"Paprasta, ta\u010diau vaizdinga ir \u0161iek tiek senovi\u0161ka kalba Sinuh\u0117, likimo valia nugyven\u0119s gyvenim\u0105, kupin\u0105 nuotyki\u0173, meil\u0117s, intring\u0173 ir neapykantos.","breadcrumb":{"@id":"https:\/\/skaitytaknyga.lt\/produktas\/mika-waltari-sinuhe-egiptietis\/#breadcrumb"},"inLanguage":"en-GB","potentialAction":[{"@type":"ReadAction","target":["https:\/\/skaitytaknyga.lt\/produktas\/mika-waltari-sinuhe-egiptietis\/"]}]},{"@type":"ImageObject","inLanguage":"en-GB","@id":"https:\/\/skaitytaknyga.lt\/produktas\/mika-waltari-sinuhe-egiptietis\/#primaryimage","url":"https:\/\/skaitytaknyga.lt\/wp-content\/uploads\/2024\/04\/1462882067_img-001.jpg","contentUrl":"https:\/\/skaitytaknyga.lt\/wp-content\/uploads\/2024\/04\/1462882067_img-001.jpg","width":282,"height":430,"caption":"1462882067 img 001"},{"@type":"BreadcrumbList","@id":"https:\/\/skaitytaknyga.lt\/produktas\/mika-waltari-sinuhe-egiptietis\/#breadcrumb","itemListElement":[{"@type":"ListItem","position":1,"name":"Home","item":"https:\/\/skaitytaknyga.lt\/"},{"@type":"ListItem","position":2,"name":"Parduotuv\u0117","item":"https:\/\/skaitytaknyga.lt\/knygu-parduotuve\/"},{"@type":"ListItem","position":3,"name":"Sinuh\u0117 egiptietis"}]},{"@type":"WebSite","@id":"https:\/\/skaitytaknyga.lt\/#website","url":"https:\/\/skaitytaknyga.lt\/","name":"skaitytaknyga.lt","description":"Skaitytaknyga.lt \u2013 tai ma\u017eas \u0161eimos verslas, kuris prasid\u0117jo nuo meil\u0117s knygoms ir siekio i\u0161gelb\u0117ti knygas nuo likimo prie konteinerio. Kas vienam nereikalingas daiktas \u2013 kitam lobis, o mes esame tarpininkai, kurie padeda abiems tapti laimingesniems ???? \u017dinome kaip nelengva i\u0161gyventi ma\u017eiems verslams, tad nuo \u0161iol, \u010dia rasite ir kit\u0173, ma\u017e\u0173 \u0161eim\u0173 versl\u0173, rank\u0173 darbo, dovan\u0173 sau ir artimiesiems.","publisher":{"@id":"https:\/\/skaitytaknyga.lt\/#organization"},"potentialAction":[{"@type":"SearchAction","target":{"@type":"EntryPoint","urlTemplate":"https:\/\/skaitytaknyga.lt\/?s={search_term_string}"},"query-input":{"@type":"PropertyValueSpecification","valueRequired":true,"valueName":"search_term_string"}}],"inLanguage":"en-GB"},{"@type":"Organization","@id":"https:\/\/skaitytaknyga.lt\/#organization","name":"skaitytaknyga.lt","url":"https:\/\/skaitytaknyga.lt\/","logo":{"@type":"ImageObject","inLanguage":"en-GB","@id":"https:\/\/skaitytaknyga.lt\/#\/schema\/logo\/image\/","url":"https:\/\/skaitytaknyga.lt\/wp-content\/uploads\/2024\/05\/cropped-cropped-cropped-02_00843_jt3bggkj1j3HLc7SyY6rEUpg.jpeg","contentUrl":"https:\/\/skaitytaknyga.lt\/wp-content\/uploads\/2024\/05\/cropped-cropped-cropped-02_00843_jt3bggkj1j3HLc7SyY6rEUpg.jpeg","width":1600,"height":1600,"caption":"skaitytaknyga.lt"},"image":{"@id":"https:\/\/skaitytaknyga.lt\/#\/schema\/logo\/image\/"},"sameAs":["https:\/\/www.facebook.com\/skaitytaknyga\/"]}]}},"_links":{"self":[{"href":"https:\/\/skaitytaknyga.lt\/en\/wp-json\/wp\/v2\/product\/2446","targetHints":{"allow":["GET"]}}],"collection":[{"href":"https:\/\/skaitytaknyga.lt\/en\/wp-json\/wp\/v2\/product"}],"about":[{"href":"https:\/\/skaitytaknyga.lt\/en\/wp-json\/wp\/v2\/types\/product"}],"replies":[{"embeddable":true,"href":"https:\/\/skaitytaknyga.lt\/en\/wp-json\/wp\/v2\/comments?post=2446"}],"wp:featuredmedia":[{"embeddable":true,"href":"https:\/\/skaitytaknyga.lt\/en\/wp-json\/wp\/v2\/media\/2500"}],"wp:attachment":[{"href":"https:\/\/skaitytaknyga.lt\/en\/wp-json\/wp\/v2\/media?parent=2446"}],"wp:term":[{"taxonomy":"product_brand","embeddable":true,"href":"https:\/\/skaitytaknyga.lt\/en\/wp-json\/wp\/v2\/product_brand?post=2446"},{"taxonomy":"product_cat","embeddable":true,"href":"https:\/\/skaitytaknyga.lt\/en\/wp-json\/wp\/v2\/product_cat?post=2446"},{"taxonomy":"product_tag","embeddable":true,"href":"https:\/\/skaitytaknyga.lt\/en\/wp-json\/wp\/v2\/product_tag?post=2446"}],"curies":[{"name":"wp","href":"https:\/\/api.w.org\/{rel}","templated":true}]}}