{"id":2431,"date":"2024-04-17T13:10:25","date_gmt":"2024-04-17T13:10:25","guid":{"rendered":"https:\/\/skaitytaknyga.lt\/?post_type=product&#038;p=2431"},"modified":"2024-05-03T07:14:50","modified_gmt":"2024-05-03T07:14:50","slug":"k-atkinson-griuvesiu-dievas","status":"publish","type":"product","link":"https:\/\/skaitytaknyga.lt\/en\/produktas\/k-atkinson-griuvesiu-dievas\/","title":{"rendered":"K. Atkinson \u201eGriuv\u0117si\u0173 dievas\u201c"},"content":{"rendered":"<p>\u201eDievo griuv\u0117siai&#8221;\u00a0\u2013 ne romano \u201eGyvenimas po gyvenimo&#8221; t\u0119sinys, tai, anot pa\u010dios autor\u0117s, grei\u010diau paralelin\u0117 knyga. \u010cia d\u0117mesio centre \u2013 Ursulos brolis Tedas, kurio gyvenim\u0105 nul\u0117m\u0117 jo apsisprendimas per Antr\u0105j\u012f pasaulin\u012f kar\u0105 tapti pilotu. Romano veiksmas tarsi sukasi ratu \u2013 nuo Tedo vaikyst\u0117s ir jaunyst\u0117s iki mirties, o karas yra tiek knygos, tiek Tedo gyvenimo centre. Tedas, per kar\u0105 m\u0117t\u0119s bombas ant daugelio Vokietijos miest\u0173, vis\u0105 ilg\u0105 likus\u012f gyvenim\u0105 stengiasi i\u0161taisyti savo padaryt\u0105 \u017eal\u0105 ir pasirenka vienintel\u012f jam \u012fmanom\u0105 b\u016bd\u0105: pasiry\u017eta b\u016bti geras \u017emon\u0117ms.<\/p>\n<p>\u201eDievo griuv\u0117siai&#8221;\u00a0\u00a0\u2013 tai emoci\u0161kai sukre\u010dianti istorija, kuri\u0105\u00a0Kate Atkinson\u00a0pasakoja l\u0117tai, detaliai, eleganti\u0161kai, priversdama skaitytoj\u0105 da\u017eniau li\u016bd\u0117ti negu \u0161ypsotis ir su kiekvienu puslapiu g\u0117r\u0117tis meistri\u0161kai prie\u0161 akis atskleid\u017eiamu \u017emogaus gyvenimu. \u0160i knyga \u2013 apie gyvenim\u0105 \u0161eimoje ir buvim\u0105 su savimi, reik\u0161mingus apsisprendimus ir tai, kaip kiekvienas m\u016bs\u0173 matome save, apie ne tik Tedo, bet ir kiekvieno m\u016bs\u0173, gyvenusio XX am\u017eiuje, istorij\u0105. Autor\u0117 prasiskverbia pro gyvenimo pavir\u0161i\u0173, subtiliai, bet nepermaldaujamai rodydama mums ties\u0105 apie save pa\u010dius ir apie gyvenim\u0105, kuriame n\u0117ra ideali\u0173 s\u0105lyg\u0173 ir situacij\u0173; reikia tiesiog kuo geriau daryti tai, k\u0105 manome esant teisinga, ir stengtis b\u016bti geram. Kad ir kaip tai b\u016bt\u0173 sunku ir nemadinga.<\/p>\n","protected":false},"excerpt":{"rendered":"<p>\u201eDievo griuv\u0117siai&#8221;\u00a0\u2013 ne romano \u201eGyvenimas po gyvenimo&#8221; t\u0119sinys, tai, anot pa\u010dios autor\u0117s, grei\u010diau paralelin\u0117 knyga. \u010cia d\u0117mesio centre \u2013 Ursulos brolis Tedas, kurio gyvenim\u0105 nul\u0117m\u0117 jo apsisprendimas per Antr\u0105j\u012f pasaulin\u012f kar\u0105 tapti pilotu. Romano veiksmas tarsi sukasi ratu \u2013 nuo Tedo vaikyst\u0117s ir jaunyst\u0117s iki mirties, o karas yra tiek knygos, tiek Tedo gyvenimo centre. Tedas, per kar\u0105 m\u0117t\u0119s bombas ant daugelio Vokietijos miest\u0173, vis\u0105 ilg\u0105 likus\u012f gyvenim\u0105 stengiasi i\u0161taisyti savo padaryt\u0105 \u017eal\u0105 ir pasirenka vienintel\u012f jam \u012fmanom\u0105 b\u016bd\u0105: pasiry\u017eta b\u016bti geras \u017emon\u0117ms. \u201eDievo griuv\u0117siai&#8221;\u00a0\u00a0\u2013 tai emoci\u0161kai sukre\u010dianti istorija, kuri\u0105\u00a0Kate Atkinson\u00a0pasakoja l\u0117tai, detaliai, eleganti\u0161kai, priversdama skaitytoj\u0105 da\u017eniau li\u016bd\u0117ti negu \u0161ypsotis ir su kiekvienu puslapiu g\u0117r\u0117tis meistri\u0161kai prie\u0161 akis atskleid\u017eiamu \u017emogaus gyvenimu. \u0160i knyga \u2013 apie gyvenim\u0105 \u0161eimoje ir buvim\u0105 su savimi, reik\u0161mingus apsisprendimus ir tai, kaip kiekvienas m\u016bs\u0173 matome save, apie ne tik Tedo, bet ir kiekvieno m\u016bs\u0173, gyvenusio XX am\u017eiuje, istorij\u0105. Autor\u0117 prasiskverbia pro gyvenimo pavir\u0161i\u0173, subtiliai, bet nepermaldaujamai rodydama mums ties\u0105 apie save pa\u010dius ir apie gyvenim\u0105, kuriame n\u0117ra ideali\u0173 s\u0105lyg\u0173 ir situacij\u0173; reikia tiesiog kuo geriau daryti tai, k\u0105 manome esant teisinga, ir stengtis b\u016bti geram. Kad ir kaip tai b\u016bt\u0173 sunku ir nemadinga.<\/p>\n","protected":false},"featured_media":2481,"comment_status":"closed","ping_status":"closed","template":"","meta":{"_acf_changed":false,"site-sidebar-layout":"default","site-content-layout":"","ast-site-content-layout":"default","site-content-style":"default","site-sidebar-style":"default","ast-global-header-display":"","ast-banner-title-visibility":"","ast-main-header-display":"","ast-hfb-above-header-display":"","ast-hfb-below-header-display":"","ast-hfb-mobile-header-display":"","site-post-title":"","ast-breadcrumbs-content":"","ast-featured-img":"","footer-sml-layout":"","ast-disable-related-posts":"","theme-transparent-header-meta":"","adv-header-id-meta":"","stick-header-meta":"","header-above-stick-meta":"","header-main-stick-meta":"","header-below-stick-meta":"","astra-migrate-meta-layouts":"default","ast-page-background-enabled":"default","ast-page-background-meta":{"desktop":{"background-color":"","background-image":"","background-repeat":"repeat","background-position":"center center","background-size":"auto","background-attachment":"scroll","background-type":"","background-media":"","overlay-type":"","overlay-color":"","overlay-opacity":"","overlay-gradient":""},"tablet":{"background-color":"","background-image":"","background-repeat":"repeat","background-position":"center center","background-size":"auto","background-attachment":"scroll","background-type":"","background-media":"","overlay-type":"","overlay-color":"","overlay-opacity":"","overlay-gradient":""},"mobile":{"background-color":"","background-image":"","background-repeat":"repeat","background-position":"center center","background-size":"auto","background-attachment":"scroll","background-type":"","background-media":"","overlay-type":"","overlay-color":"","overlay-opacity":"","overlay-gradient":""}},"ast-content-background-meta":{"desktop":{"background-color":"var(--ast-global-color-4)","background-image":"","background-repeat":"repeat","background-position":"center center","background-size":"auto","background-attachment":"scroll","background-type":"","background-media":"","overlay-type":"","overlay-color":"","overlay-opacity":"","overlay-gradient":""},"tablet":{"background-color":"var(--ast-global-color-4)","background-image":"","background-repeat":"repeat","background-position":"center center","background-size":"auto","background-attachment":"scroll","background-type":"","background-media":"","overlay-type":"","overlay-color":"","overlay-opacity":"","overlay-gradient":""},"mobile":{"background-color":"var(--ast-global-color-4)","background-image":"","background-repeat":"repeat","background-position":"center center","background-size":"auto","background-attachment":"scroll","background-type":"","background-media":"","overlay-type":"","overlay-color":"","overlay-opacity":"","overlay-gradient":""}}},"product_brand":[],"product_cat":[31],"product_tag":[],"class_list":{"0":"post-2431","1":"product","2":"type-product","3":"status-publish","4":"has-post-thumbnail","6":"product_cat-grozine-literatura","7":"desktop-align-left","8":"tablet-align-left","9":"mobile-align-left","11":"first","12":"instock","13":"shipping-taxable","14":"purchasable","15":"product-type-simple"},"acf":[],"yoast_head":"<!-- This site is optimized with the Yoast SEO plugin v27.0 - https:\/\/yoast.com\/product\/yoast-seo-wordpress\/ -->\n<title>K. Atkinson \u201eGriuv\u0117si\u0173 dievas\u201c - Skaitytaknyga<\/title>\n<meta name=\"description\" content=\"\u201eDievo griuv\u0117siai&quot;\u00a0\u2013 ne romano \u201eGyvenimas po gyvenimo&quot; t\u0119sinys, tai, anot pa\u010dios autor\u0117s, grei\u010diau paralelin\u0117 knyga. \u010cia d\u0117mesio centre \u2013 Ursulos brolis\" \/>\n<meta name=\"robots\" content=\"index, follow, max-snippet:-1, max-image-preview:large, max-video-preview:-1\" \/>\n<link rel=\"canonical\" href=\"https:\/\/skaitytaknyga.lt\/en\/produktas\/k-atkinson-griuvesiu-dievas\/\" \/>\n<meta property=\"og:locale\" content=\"en_GB\" \/>\n<meta property=\"og:locale:alternate\" content=\"lt_LT\" \/>\n<meta property=\"og:type\" content=\"article\" \/>\n<meta property=\"og:title\" content=\"K. Atkinson \u201eGriuv\u0117si\u0173 dievas\u201c - Skaitytaknyga\" \/>\n<meta property=\"og:description\" content=\"\u201eDievo griuv\u0117siai&quot;\u00a0\u2013 ne romano \u201eGyvenimas po gyvenimo&quot; t\u0119sinys, tai, anot pa\u010dios autor\u0117s, grei\u010diau paralelin\u0117 knyga. \u010cia d\u0117mesio centre \u2013 Ursulos brolis\" \/>\n<meta property=\"og:url\" content=\"https:\/\/skaitytaknyga.lt\/en\/produktas\/k-atkinson-griuvesiu-dievas\/\" \/>\n<meta property=\"og:site_name\" content=\"Skaitytaknyga\" \/>\n<meta property=\"article:publisher\" content=\"https:\/\/www.facebook.com\/skaitytaknyga\/\" \/>\n<meta property=\"article:modified_time\" content=\"2024-05-03T07:14:50+00:00\" \/>\n<meta property=\"og:image\" content=\"https:\/\/skaitytaknyga.lt\/wp-content\/uploads\/2024\/04\/20200818_154520_edited-scaled-1.jpg\" \/>\n\t<meta property=\"og:image:width\" content=\"1724\" \/>\n\t<meta property=\"og:image:height\" content=\"2560\" \/>\n\t<meta property=\"og:image:type\" content=\"image\/jpeg\" \/>\n<meta name=\"twitter:card\" content=\"summary_large_image\" \/>\n<meta name=\"twitter:label1\" content=\"Estimated reading time\" \/>\n\t<meta name=\"twitter:data1\" content=\"1 minute\" \/>\n<script type=\"application\/ld+json\" class=\"yoast-schema-graph\">{\"@context\":\"https:\/\/schema.org\",\"@graph\":[{\"@type\":\"WebPage\",\"@id\":\"https:\/\/skaitytaknyga.lt\/produktas\/k-atkinson-griuvesiu-dievas\/\",\"url\":\"https:\/\/skaitytaknyga.lt\/produktas\/k-atkinson-griuvesiu-dievas\/\",\"name\":\"K. Atkinson \u201eGriuv\u0117si\u0173 dievas\u201c - Skaitytaknyga\",\"isPartOf\":{\"@id\":\"https:\/\/skaitytaknyga.lt\/#website\"},\"primaryImageOfPage\":{\"@id\":\"https:\/\/skaitytaknyga.lt\/produktas\/k-atkinson-griuvesiu-dievas\/#primaryimage\"},\"image\":{\"@id\":\"https:\/\/skaitytaknyga.lt\/produktas\/k-atkinson-griuvesiu-dievas\/#primaryimage\"},\"thumbnailUrl\":\"https:\/\/skaitytaknyga.lt\/wp-content\/uploads\/2024\/04\/20200818_154520_edited-scaled-1.jpg\",\"datePublished\":\"2024-04-17T13:10:25+00:00\",\"dateModified\":\"2024-05-03T07:14:50+00:00\",\"description\":\"\u201eDievo griuv\u0117siai\\\"\u00a0\u2013 ne romano \u201eGyvenimas po gyvenimo\\\" t\u0119sinys, tai, anot pa\u010dios autor\u0117s, grei\u010diau paralelin\u0117 knyga. \u010cia d\u0117mesio centre \u2013 Ursulos brolis\",\"breadcrumb\":{\"@id\":\"https:\/\/skaitytaknyga.lt\/produktas\/k-atkinson-griuvesiu-dievas\/#breadcrumb\"},\"inLanguage\":\"en-GB\",\"potentialAction\":[{\"@type\":\"ReadAction\",\"target\":[\"https:\/\/skaitytaknyga.lt\/produktas\/k-atkinson-griuvesiu-dievas\/\"]}]},{\"@type\":\"ImageObject\",\"inLanguage\":\"en-GB\",\"@id\":\"https:\/\/skaitytaknyga.lt\/produktas\/k-atkinson-griuvesiu-dievas\/#primaryimage\",\"url\":\"https:\/\/skaitytaknyga.lt\/wp-content\/uploads\/2024\/04\/20200818_154520_edited-scaled-1.jpg\",\"contentUrl\":\"https:\/\/skaitytaknyga.lt\/wp-content\/uploads\/2024\/04\/20200818_154520_edited-scaled-1.jpg\",\"width\":1724,\"height\":2560,\"caption\":\"20200818 154520 edited scaled 1\"},{\"@type\":\"BreadcrumbList\",\"@id\":\"https:\/\/skaitytaknyga.lt\/produktas\/k-atkinson-griuvesiu-dievas\/#breadcrumb\",\"itemListElement\":[{\"@type\":\"ListItem\",\"position\":1,\"name\":\"Home\",\"item\":\"https:\/\/skaitytaknyga.lt\/\"},{\"@type\":\"ListItem\",\"position\":2,\"name\":\"Parduotuv\u0117\",\"item\":\"https:\/\/skaitytaknyga.lt\/knygu-parduotuve\/\"},{\"@type\":\"ListItem\",\"position\":3,\"name\":\"K. Atkinson \u201eGriuv\u0117si\u0173 dievas\u201c\"}]},{\"@type\":\"WebSite\",\"@id\":\"https:\/\/skaitytaknyga.lt\/#website\",\"url\":\"https:\/\/skaitytaknyga.lt\/\",\"name\":\"skaitytaknyga.lt\",\"description\":\"Skaitytaknyga.lt \u2013 tai ma\u017eas \u0161eimos verslas, kuris prasid\u0117jo nuo meil\u0117s knygoms ir siekio i\u0161gelb\u0117ti knygas nuo likimo prie konteinerio. Kas vienam nereikalingas daiktas \u2013 kitam lobis, o mes esame tarpininkai, kurie padeda abiems tapti laimingesniems ???? \u017dinome kaip nelengva i\u0161gyventi ma\u017eiems verslams, tad nuo \u0161iol, \u010dia rasite ir kit\u0173, ma\u017e\u0173 \u0161eim\u0173 versl\u0173, rank\u0173 darbo, dovan\u0173 sau ir artimiesiems.\",\"publisher\":{\"@id\":\"https:\/\/skaitytaknyga.lt\/#organization\"},\"potentialAction\":[{\"@type\":\"SearchAction\",\"target\":{\"@type\":\"EntryPoint\",\"urlTemplate\":\"https:\/\/skaitytaknyga.lt\/?s={search_term_string}\"},\"query-input\":{\"@type\":\"PropertyValueSpecification\",\"valueRequired\":true,\"valueName\":\"search_term_string\"}}],\"inLanguage\":\"en-GB\"},{\"@type\":\"Organization\",\"@id\":\"https:\/\/skaitytaknyga.lt\/#organization\",\"name\":\"skaitytaknyga.lt\",\"url\":\"https:\/\/skaitytaknyga.lt\/\",\"logo\":{\"@type\":\"ImageObject\",\"inLanguage\":\"en-GB\",\"@id\":\"https:\/\/skaitytaknyga.lt\/#\/schema\/logo\/image\/\",\"url\":\"https:\/\/skaitytaknyga.lt\/wp-content\/uploads\/2024\/05\/cropped-cropped-cropped-02_00843_jt3bggkj1j3HLc7SyY6rEUpg.jpeg\",\"contentUrl\":\"https:\/\/skaitytaknyga.lt\/wp-content\/uploads\/2024\/05\/cropped-cropped-cropped-02_00843_jt3bggkj1j3HLc7SyY6rEUpg.jpeg\",\"width\":1600,\"height\":1600,\"caption\":\"skaitytaknyga.lt\"},\"image\":{\"@id\":\"https:\/\/skaitytaknyga.lt\/#\/schema\/logo\/image\/\"},\"sameAs\":[\"https:\/\/www.facebook.com\/skaitytaknyga\/\"]}]}<\/script>\n<!-- \/ Yoast SEO plugin. -->","yoast_head_json":{"title":"K. Atkinson \u201eGriuv\u0117si\u0173 dievas\u201c - Skaitytaknyga","description":"\u201eDievo griuv\u0117siai\"\u00a0\u2013 ne romano \u201eGyvenimas po gyvenimo\" t\u0119sinys, tai, anot pa\u010dios autor\u0117s, grei\u010diau paralelin\u0117 knyga. \u010cia d\u0117mesio centre \u2013 Ursulos brolis","robots":{"index":"index","follow":"follow","max-snippet":"max-snippet:-1","max-image-preview":"max-image-preview:large","max-video-preview":"max-video-preview:-1"},"canonical":"https:\/\/skaitytaknyga.lt\/en\/produktas\/k-atkinson-griuvesiu-dievas\/","og_locale":"en_GB","og_type":"article","og_title":"K. Atkinson \u201eGriuv\u0117si\u0173 dievas\u201c - Skaitytaknyga","og_description":"\u201eDievo griuv\u0117siai\"\u00a0\u2013 ne romano \u201eGyvenimas po gyvenimo\" t\u0119sinys, tai, anot pa\u010dios autor\u0117s, grei\u010diau paralelin\u0117 knyga. \u010cia d\u0117mesio centre \u2013 Ursulos brolis","og_url":"https:\/\/skaitytaknyga.lt\/en\/produktas\/k-atkinson-griuvesiu-dievas\/","og_site_name":"Skaitytaknyga","article_publisher":"https:\/\/www.facebook.com\/skaitytaknyga\/","article_modified_time":"2024-05-03T07:14:50+00:00","og_image":[{"width":1724,"height":2560,"url":"https:\/\/skaitytaknyga.lt\/wp-content\/uploads\/2024\/04\/20200818_154520_edited-scaled-1.jpg","type":"image\/jpeg"}],"twitter_card":"summary_large_image","twitter_misc":{"Estimated reading time":"1 minute"},"schema":{"@context":"https:\/\/schema.org","@graph":[{"@type":"WebPage","@id":"https:\/\/skaitytaknyga.lt\/produktas\/k-atkinson-griuvesiu-dievas\/","url":"https:\/\/skaitytaknyga.lt\/produktas\/k-atkinson-griuvesiu-dievas\/","name":"K. Atkinson \u201eGriuv\u0117si\u0173 dievas\u201c - Skaitytaknyga","isPartOf":{"@id":"https:\/\/skaitytaknyga.lt\/#website"},"primaryImageOfPage":{"@id":"https:\/\/skaitytaknyga.lt\/produktas\/k-atkinson-griuvesiu-dievas\/#primaryimage"},"image":{"@id":"https:\/\/skaitytaknyga.lt\/produktas\/k-atkinson-griuvesiu-dievas\/#primaryimage"},"thumbnailUrl":"https:\/\/skaitytaknyga.lt\/wp-content\/uploads\/2024\/04\/20200818_154520_edited-scaled-1.jpg","datePublished":"2024-04-17T13:10:25+00:00","dateModified":"2024-05-03T07:14:50+00:00","description":"\u201eDievo griuv\u0117siai\"\u00a0\u2013 ne romano \u201eGyvenimas po gyvenimo\" t\u0119sinys, tai, anot pa\u010dios autor\u0117s, grei\u010diau paralelin\u0117 knyga. \u010cia d\u0117mesio centre \u2013 Ursulos brolis","breadcrumb":{"@id":"https:\/\/skaitytaknyga.lt\/produktas\/k-atkinson-griuvesiu-dievas\/#breadcrumb"},"inLanguage":"en-GB","potentialAction":[{"@type":"ReadAction","target":["https:\/\/skaitytaknyga.lt\/produktas\/k-atkinson-griuvesiu-dievas\/"]}]},{"@type":"ImageObject","inLanguage":"en-GB","@id":"https:\/\/skaitytaknyga.lt\/produktas\/k-atkinson-griuvesiu-dievas\/#primaryimage","url":"https:\/\/skaitytaknyga.lt\/wp-content\/uploads\/2024\/04\/20200818_154520_edited-scaled-1.jpg","contentUrl":"https:\/\/skaitytaknyga.lt\/wp-content\/uploads\/2024\/04\/20200818_154520_edited-scaled-1.jpg","width":1724,"height":2560,"caption":"20200818 154520 edited scaled 1"},{"@type":"BreadcrumbList","@id":"https:\/\/skaitytaknyga.lt\/produktas\/k-atkinson-griuvesiu-dievas\/#breadcrumb","itemListElement":[{"@type":"ListItem","position":1,"name":"Home","item":"https:\/\/skaitytaknyga.lt\/"},{"@type":"ListItem","position":2,"name":"Parduotuv\u0117","item":"https:\/\/skaitytaknyga.lt\/knygu-parduotuve\/"},{"@type":"ListItem","position":3,"name":"K. Atkinson \u201eGriuv\u0117si\u0173 dievas\u201c"}]},{"@type":"WebSite","@id":"https:\/\/skaitytaknyga.lt\/#website","url":"https:\/\/skaitytaknyga.lt\/","name":"skaitytaknyga.lt","description":"Skaitytaknyga.lt \u2013 tai ma\u017eas \u0161eimos verslas, kuris prasid\u0117jo nuo meil\u0117s knygoms ir siekio i\u0161gelb\u0117ti knygas nuo likimo prie konteinerio. Kas vienam nereikalingas daiktas \u2013 kitam lobis, o mes esame tarpininkai, kurie padeda abiems tapti laimingesniems ???? \u017dinome kaip nelengva i\u0161gyventi ma\u017eiems verslams, tad nuo \u0161iol, \u010dia rasite ir kit\u0173, ma\u017e\u0173 \u0161eim\u0173 versl\u0173, rank\u0173 darbo, dovan\u0173 sau ir artimiesiems.","publisher":{"@id":"https:\/\/skaitytaknyga.lt\/#organization"},"potentialAction":[{"@type":"SearchAction","target":{"@type":"EntryPoint","urlTemplate":"https:\/\/skaitytaknyga.lt\/?s={search_term_string}"},"query-input":{"@type":"PropertyValueSpecification","valueRequired":true,"valueName":"search_term_string"}}],"inLanguage":"en-GB"},{"@type":"Organization","@id":"https:\/\/skaitytaknyga.lt\/#organization","name":"skaitytaknyga.lt","url":"https:\/\/skaitytaknyga.lt\/","logo":{"@type":"ImageObject","inLanguage":"en-GB","@id":"https:\/\/skaitytaknyga.lt\/#\/schema\/logo\/image\/","url":"https:\/\/skaitytaknyga.lt\/wp-content\/uploads\/2024\/05\/cropped-cropped-cropped-02_00843_jt3bggkj1j3HLc7SyY6rEUpg.jpeg","contentUrl":"https:\/\/skaitytaknyga.lt\/wp-content\/uploads\/2024\/05\/cropped-cropped-cropped-02_00843_jt3bggkj1j3HLc7SyY6rEUpg.jpeg","width":1600,"height":1600,"caption":"skaitytaknyga.lt"},"image":{"@id":"https:\/\/skaitytaknyga.lt\/#\/schema\/logo\/image\/"},"sameAs":["https:\/\/www.facebook.com\/skaitytaknyga\/"]}]}},"_links":{"self":[{"href":"https:\/\/skaitytaknyga.lt\/en\/wp-json\/wp\/v2\/product\/2431","targetHints":{"allow":["GET"]}}],"collection":[{"href":"https:\/\/skaitytaknyga.lt\/en\/wp-json\/wp\/v2\/product"}],"about":[{"href":"https:\/\/skaitytaknyga.lt\/en\/wp-json\/wp\/v2\/types\/product"}],"replies":[{"embeddable":true,"href":"https:\/\/skaitytaknyga.lt\/en\/wp-json\/wp\/v2\/comments?post=2431"}],"wp:featuredmedia":[{"embeddable":true,"href":"https:\/\/skaitytaknyga.lt\/en\/wp-json\/wp\/v2\/media\/2481"}],"wp:attachment":[{"href":"https:\/\/skaitytaknyga.lt\/en\/wp-json\/wp\/v2\/media?parent=2431"}],"wp:term":[{"taxonomy":"product_brand","embeddable":true,"href":"https:\/\/skaitytaknyga.lt\/en\/wp-json\/wp\/v2\/product_brand?post=2431"},{"taxonomy":"product_cat","embeddable":true,"href":"https:\/\/skaitytaknyga.lt\/en\/wp-json\/wp\/v2\/product_cat?post=2431"},{"taxonomy":"product_tag","embeddable":true,"href":"https:\/\/skaitytaknyga.lt\/en\/wp-json\/wp\/v2\/product_tag?post=2431"}],"curies":[{"name":"wp","href":"https:\/\/api.w.org\/{rel}","templated":true}]}}