{"id":2423,"date":"2024-04-17T13:09:59","date_gmt":"2024-04-17T13:09:59","guid":{"rendered":"https:\/\/skaitytaknyga.lt\/?post_type=product&#038;p=2423"},"modified":"2025-07-24T09:12:42","modified_gmt":"2025-07-24T06:12:42","slug":"a-tapinas-prezidentas","status":"publish","type":"product","link":"https:\/\/skaitytaknyga.lt\/en\/produktas\/a-tapinas-prezidentas\/","title":{"rendered":"A. Tapinas \u201ePrezidentas\u201c"},"content":{"rendered":"<p>Baigiasi de\u0161imtmet\u012f trukusi Lietuvos prezidento Ri\u010dardo Daubaro valdymo era. 2019 metais Lietuva tur\u0117s nauj\u0105 prezident\u0105.<\/p>\n<p>Realiausias \u012fp\u0117dinis \u2013 jaunas, i\u0161silavin\u0119s ir populiarus politikas Rokas Oginskis, s\u0117kmingai ved\u0119s \u012ftakingos T\u0117vyn\u0117s ateities partijos lyderio dukr\u0105. I\u0161 kitos pus\u0117s \u012f Daukanto aik\u0161t\u0119 dairosi ultrakairi\u0173j\u0173 jud\u0117jimui vadovaujantis radikalas Kazimieras Liaudis. Lietuva nekantriai laukia j\u0173 dvikovos.<\/p>\n<p>Ta\u010diau yra kas nelaukia.<\/p>\n<p>Rusijos strategin\u0117s analiz\u0117s institutas pradeda vykdyti plan\u0105, savo dr\u0105sa ir \u012f\u017e\u016blumu pranokstant\u012f net Solsber\u012f. Tikslas \u2013 tiesiogiai paveikti NATO ir ES valstyb\u0117s rinkimus ir \u012f prezidento k\u0117d\u0119 pasodinti Kremliui pavald\u017ei\u0105 marionet\u0119.<\/p>\n<p>Ir \u012fsisuka kvap\u0105 gniau\u017eianti politini\u0173 intrig\u0173, \u017emog\u017eudys\u010di\u0173, nei\u0161tikimyb\u0117s ir purvinos rinkimin\u0117s kampanijos karusel\u0117.<\/p>\n<p>Ir lieka vienintelis klausimas \u2013 kas 2019 met\u0173 gegu\u017e\u0119 u\u017eims Daukanto aik\u0161t\u0117s r\u016bmus?<\/p>\n","protected":false},"excerpt":{"rendered":"<p>Baigiasi de\u0161imtmet\u012f trukusi Lietuvos prezidento Ri\u010dardo Daubaro valdymo era. 2019 metais Lietuva tur\u0117s nauj\u0105 prezident\u0105. Realiausias \u012fp\u0117dinis \u2013 jaunas, i\u0161silavin\u0119s ir populiarus politikas Rokas Oginskis, s\u0117kmingai ved\u0119s \u012ftakingos T\u0117vyn\u0117s ateities partijos lyderio dukr\u0105. I\u0161 kitos pus\u0117s \u012f Daukanto aik\u0161t\u0119 dairosi ultrakairi\u0173j\u0173 jud\u0117jimui vadovaujantis radikalas Kazimieras Liaudis. Lietuva nekantriai laukia j\u0173 dvikovos. Ta\u010diau yra kas nelaukia. Rusijos strategin\u0117s analiz\u0117s institutas pradeda vykdyti plan\u0105, savo dr\u0105sa ir \u012f\u017e\u016blumu pranokstant\u012f net Solsber\u012f. Tikslas \u2013 tiesiogiai paveikti NATO ir ES valstyb\u0117s rinkimus ir \u012f prezidento k\u0117d\u0119 pasodinti Kremliui pavald\u017ei\u0105 marionet\u0119. Ir \u012fsisuka kvap\u0105 gniau\u017eianti politini\u0173 intrig\u0173, \u017emog\u017eudys\u010di\u0173, nei\u0161tikimyb\u0117s ir purvinos rinkimin\u0117s kampanijos karusel\u0117. Ir lieka vienintelis klausimas \u2013 kas 2019 met\u0173 gegu\u017e\u0119 u\u017eims Daukanto aik\u0161t\u0117s r\u016bmus?<\/p>\n","protected":false},"featured_media":2477,"comment_status":"closed","ping_status":"closed","template":"","meta":{"_acf_changed":false,"site-sidebar-layout":"default","site-content-layout":"","ast-site-content-layout":"default","site-content-style":"default","site-sidebar-style":"default","ast-global-header-display":"","ast-banner-title-visibility":"","ast-main-header-display":"","ast-hfb-above-header-display":"","ast-hfb-below-header-display":"","ast-hfb-mobile-header-display":"","site-post-title":"","ast-breadcrumbs-content":"","ast-featured-img":"","footer-sml-layout":"","ast-disable-related-posts":"","theme-transparent-header-meta":"","adv-header-id-meta":"","stick-header-meta":"","header-above-stick-meta":"","header-main-stick-meta":"","header-below-stick-meta":"","astra-migrate-meta-layouts":"default","ast-page-background-enabled":"default","ast-page-background-meta":{"desktop":{"background-color":"","background-image":"","background-repeat":"repeat","background-position":"center center","background-size":"auto","background-attachment":"scroll","background-type":"","background-media":"","overlay-type":"","overlay-color":"","overlay-opacity":"","overlay-gradient":""},"tablet":{"background-color":"","background-image":"","background-repeat":"repeat","background-position":"center center","background-size":"auto","background-attachment":"scroll","background-type":"","background-media":"","overlay-type":"","overlay-color":"","overlay-opacity":"","overlay-gradient":""},"mobile":{"background-color":"","background-image":"","background-repeat":"repeat","background-position":"center center","background-size":"auto","background-attachment":"scroll","background-type":"","background-media":"","overlay-type":"","overlay-color":"","overlay-opacity":"","overlay-gradient":""}},"ast-content-background-meta":{"desktop":{"background-color":"var(--ast-global-color-4)","background-image":"","background-repeat":"repeat","background-position":"center center","background-size":"auto","background-attachment":"scroll","background-type":"","background-media":"","overlay-type":"","overlay-color":"","overlay-opacity":"","overlay-gradient":""},"tablet":{"background-color":"var(--ast-global-color-4)","background-image":"","background-repeat":"repeat","background-position":"center center","background-size":"auto","background-attachment":"scroll","background-type":"","background-media":"","overlay-type":"","overlay-color":"","overlay-opacity":"","overlay-gradient":""},"mobile":{"background-color":"var(--ast-global-color-4)","background-image":"","background-repeat":"repeat","background-position":"center center","background-size":"auto","background-attachment":"scroll","background-type":"","background-media":"","overlay-type":"","overlay-color":"","overlay-opacity":"","overlay-gradient":""}}},"product_brand":[],"product_cat":[31],"product_tag":[],"class_list":{"0":"post-2423","1":"product","2":"type-product","3":"status-publish","4":"has-post-thumbnail","6":"product_cat-grozine-literatura","7":"desktop-align-left","8":"tablet-align-left","9":"mobile-align-left","11":"first","12":"instock","13":"shipping-taxable","14":"purchasable","15":"product-type-simple"},"acf":[],"yoast_head":"<!-- This site is optimized with the Yoast SEO plugin v27.0 - https:\/\/yoast.com\/product\/yoast-seo-wordpress\/ -->\n<title>A. Tapinas \u201ePrezidentas\u201c<\/title>\n<meta name=\"description\" content=\"Baigiasi de\u0161imtmet\u012f trukusi Lietuvos prezidento Ri\u010dardo Daubaro valdymo era. 2019 metais Lietuva tur\u0117s nauj\u0105 prezident\u0105. Realiausias \u012fp\u0117dinis \u2013 jaunas,\" \/>\n<meta name=\"robots\" content=\"index, follow, max-snippet:-1, max-image-preview:large, max-video-preview:-1\" \/>\n<link rel=\"canonical\" href=\"https:\/\/skaitytaknyga.lt\/en\/produktas\/a-tapinas-prezidentas\/\" \/>\n<meta property=\"og:locale\" content=\"en_GB\" \/>\n<meta property=\"og:locale:alternate\" content=\"lt_LT\" \/>\n<meta property=\"og:type\" content=\"article\" \/>\n<meta property=\"og:title\" content=\"A. Tapinas \u201ePrezidentas\u201c\" \/>\n<meta property=\"og:description\" content=\"Baigiasi de\u0161imtmet\u012f trukusi Lietuvos prezidento Ri\u010dardo Daubaro valdymo era. 2019 metais Lietuva tur\u0117s nauj\u0105 prezident\u0105. Realiausias \u012fp\u0117dinis \u2013 jaunas,\" \/>\n<meta property=\"og:url\" content=\"https:\/\/skaitytaknyga.lt\/en\/produktas\/a-tapinas-prezidentas\/\" \/>\n<meta property=\"og:site_name\" content=\"Skaitytaknyga\" \/>\n<meta property=\"article:publisher\" content=\"https:\/\/www.facebook.com\/skaitytaknyga\/\" \/>\n<meta property=\"article:modified_time\" content=\"2025-07-24T06:12:42+00:00\" \/>\n<meta property=\"og:image\" content=\"https:\/\/skaitytaknyga.lt\/wp-content\/uploads\/2024\/04\/024127-e00116ba-182a-451e-9492-64d55a4ad00d.jpg\" \/>\n\t<meta property=\"og:image:width\" content=\"488\" \/>\n\t<meta property=\"og:image:height\" content=\"800\" \/>\n\t<meta property=\"og:image:type\" content=\"image\/jpeg\" \/>\n<meta name=\"twitter:card\" content=\"summary_large_image\" \/>\n<meta name=\"twitter:label1\" content=\"Estimated reading time\" \/>\n\t<meta name=\"twitter:data1\" content=\"1 minute\" \/>\n<script type=\"application\/ld+json\" class=\"yoast-schema-graph\">{\"@context\":\"https:\/\/schema.org\",\"@graph\":[{\"@type\":\"WebPage\",\"@id\":\"https:\/\/skaitytaknyga.lt\/produktas\/a-tapinas-prezidentas\/\",\"url\":\"https:\/\/skaitytaknyga.lt\/produktas\/a-tapinas-prezidentas\/\",\"name\":\"A. Tapinas \u201ePrezidentas\u201c\",\"isPartOf\":{\"@id\":\"https:\/\/skaitytaknyga.lt\/#website\"},\"primaryImageOfPage\":{\"@id\":\"https:\/\/skaitytaknyga.lt\/produktas\/a-tapinas-prezidentas\/#primaryimage\"},\"image\":{\"@id\":\"https:\/\/skaitytaknyga.lt\/produktas\/a-tapinas-prezidentas\/#primaryimage\"},\"thumbnailUrl\":\"https:\/\/skaitytaknyga.lt\/wp-content\/uploads\/2024\/04\/024127-e00116ba-182a-451e-9492-64d55a4ad00d.jpg\",\"datePublished\":\"2024-04-17T13:09:59+00:00\",\"dateModified\":\"2025-07-24T06:12:42+00:00\",\"description\":\"Baigiasi de\u0161imtmet\u012f trukusi Lietuvos prezidento Ri\u010dardo Daubaro valdymo era. 2019 metais Lietuva tur\u0117s nauj\u0105 prezident\u0105. Realiausias \u012fp\u0117dinis \u2013 jaunas,\",\"breadcrumb\":{\"@id\":\"https:\/\/skaitytaknyga.lt\/produktas\/a-tapinas-prezidentas\/#breadcrumb\"},\"inLanguage\":\"en-GB\",\"potentialAction\":[{\"@type\":\"ReadAction\",\"target\":[\"https:\/\/skaitytaknyga.lt\/produktas\/a-tapinas-prezidentas\/\"]}]},{\"@type\":\"ImageObject\",\"inLanguage\":\"en-GB\",\"@id\":\"https:\/\/skaitytaknyga.lt\/produktas\/a-tapinas-prezidentas\/#primaryimage\",\"url\":\"https:\/\/skaitytaknyga.lt\/wp-content\/uploads\/2024\/04\/024127-e00116ba-182a-451e-9492-64d55a4ad00d.jpg\",\"contentUrl\":\"https:\/\/skaitytaknyga.lt\/wp-content\/uploads\/2024\/04\/024127-e00116ba-182a-451e-9492-64d55a4ad00d.jpg\",\"width\":488,\"height\":800,\"caption\":\"024127 e00116ba 182a 451e 9492 64d55a4ad00d\"},{\"@type\":\"BreadcrumbList\",\"@id\":\"https:\/\/skaitytaknyga.lt\/produktas\/a-tapinas-prezidentas\/#breadcrumb\",\"itemListElement\":[{\"@type\":\"ListItem\",\"position\":1,\"name\":\"Home\",\"item\":\"https:\/\/skaitytaknyga.lt\/\"},{\"@type\":\"ListItem\",\"position\":2,\"name\":\"Parduotuv\u0117\",\"item\":\"https:\/\/skaitytaknyga.lt\/knygu-parduotuve\/\"},{\"@type\":\"ListItem\",\"position\":3,\"name\":\"A. Tapinas \u201ePrezidentas\u201c\"}]},{\"@type\":\"WebSite\",\"@id\":\"https:\/\/skaitytaknyga.lt\/#website\",\"url\":\"https:\/\/skaitytaknyga.lt\/\",\"name\":\"skaitytaknyga.lt\",\"description\":\"Skaitytaknyga.lt \u2013 tai ma\u017eas \u0161eimos verslas, kuris prasid\u0117jo nuo meil\u0117s knygoms ir siekio i\u0161gelb\u0117ti knygas nuo likimo prie konteinerio. Kas vienam nereikalingas daiktas \u2013 kitam lobis, o mes esame tarpininkai, kurie padeda abiems tapti laimingesniems ???? \u017dinome kaip nelengva i\u0161gyventi ma\u017eiems verslams, tad nuo \u0161iol, \u010dia rasite ir kit\u0173, ma\u017e\u0173 \u0161eim\u0173 versl\u0173, rank\u0173 darbo, dovan\u0173 sau ir artimiesiems.\",\"publisher\":{\"@id\":\"https:\/\/skaitytaknyga.lt\/#organization\"},\"potentialAction\":[{\"@type\":\"SearchAction\",\"target\":{\"@type\":\"EntryPoint\",\"urlTemplate\":\"https:\/\/skaitytaknyga.lt\/?s={search_term_string}\"},\"query-input\":{\"@type\":\"PropertyValueSpecification\",\"valueRequired\":true,\"valueName\":\"search_term_string\"}}],\"inLanguage\":\"en-GB\"},{\"@type\":\"Organization\",\"@id\":\"https:\/\/skaitytaknyga.lt\/#organization\",\"name\":\"skaitytaknyga.lt\",\"url\":\"https:\/\/skaitytaknyga.lt\/\",\"logo\":{\"@type\":\"ImageObject\",\"inLanguage\":\"en-GB\",\"@id\":\"https:\/\/skaitytaknyga.lt\/#\/schema\/logo\/image\/\",\"url\":\"https:\/\/skaitytaknyga.lt\/wp-content\/uploads\/2024\/05\/cropped-cropped-cropped-02_00843_jt3bggkj1j3HLc7SyY6rEUpg.jpeg\",\"contentUrl\":\"https:\/\/skaitytaknyga.lt\/wp-content\/uploads\/2024\/05\/cropped-cropped-cropped-02_00843_jt3bggkj1j3HLc7SyY6rEUpg.jpeg\",\"width\":1600,\"height\":1600,\"caption\":\"skaitytaknyga.lt\"},\"image\":{\"@id\":\"https:\/\/skaitytaknyga.lt\/#\/schema\/logo\/image\/\"},\"sameAs\":[\"https:\/\/www.facebook.com\/skaitytaknyga\/\"]}]}<\/script>\n<!-- \/ Yoast SEO plugin. -->","yoast_head_json":{"title":"A. Tapinas \u201ePrezidentas\u201c","description":"Baigiasi de\u0161imtmet\u012f trukusi Lietuvos prezidento Ri\u010dardo Daubaro valdymo era. 2019 metais Lietuva tur\u0117s nauj\u0105 prezident\u0105. Realiausias \u012fp\u0117dinis \u2013 jaunas,","robots":{"index":"index","follow":"follow","max-snippet":"max-snippet:-1","max-image-preview":"max-image-preview:large","max-video-preview":"max-video-preview:-1"},"canonical":"https:\/\/skaitytaknyga.lt\/en\/produktas\/a-tapinas-prezidentas\/","og_locale":"en_GB","og_type":"article","og_title":"[:lt]A. Tapinas \u201ePrezidentas\u201c[:] - Skaitytaknyga","og_description":"Baigiasi de\u0161imtmet\u012f trukusi Lietuvos prezidento Ri\u010dardo Daubaro valdymo era. 2019 metais Lietuva tur\u0117s nauj\u0105 prezident\u0105. Realiausias \u012fp\u0117dinis \u2013 jaunas,","og_url":"https:\/\/skaitytaknyga.lt\/en\/produktas\/a-tapinas-prezidentas\/","og_site_name":"Skaitytaknyga","article_publisher":"https:\/\/www.facebook.com\/skaitytaknyga\/","article_modified_time":"2025-07-24T06:12:42+00:00","og_image":[{"width":488,"height":800,"url":"https:\/\/skaitytaknyga.lt\/wp-content\/uploads\/2024\/04\/024127-e00116ba-182a-451e-9492-64d55a4ad00d.jpg","type":"image\/jpeg"}],"twitter_card":"summary_large_image","twitter_misc":{"Estimated reading time":"1 minute"},"schema":{"@context":"https:\/\/schema.org","@graph":[{"@type":"WebPage","@id":"https:\/\/skaitytaknyga.lt\/produktas\/a-tapinas-prezidentas\/","url":"https:\/\/skaitytaknyga.lt\/produktas\/a-tapinas-prezidentas\/","name":"A. Tapinas \u201ePrezidentas\u201c","isPartOf":{"@id":"https:\/\/skaitytaknyga.lt\/#website"},"primaryImageOfPage":{"@id":"https:\/\/skaitytaknyga.lt\/produktas\/a-tapinas-prezidentas\/#primaryimage"},"image":{"@id":"https:\/\/skaitytaknyga.lt\/produktas\/a-tapinas-prezidentas\/#primaryimage"},"thumbnailUrl":"https:\/\/skaitytaknyga.lt\/wp-content\/uploads\/2024\/04\/024127-e00116ba-182a-451e-9492-64d55a4ad00d.jpg","datePublished":"2024-04-17T13:09:59+00:00","dateModified":"2025-07-24T06:12:42+00:00","description":"Baigiasi de\u0161imtmet\u012f trukusi Lietuvos prezidento Ri\u010dardo Daubaro valdymo era. 2019 metais Lietuva tur\u0117s nauj\u0105 prezident\u0105. Realiausias \u012fp\u0117dinis \u2013 jaunas,","breadcrumb":{"@id":"https:\/\/skaitytaknyga.lt\/produktas\/a-tapinas-prezidentas\/#breadcrumb"},"inLanguage":"en-GB","potentialAction":[{"@type":"ReadAction","target":["https:\/\/skaitytaknyga.lt\/produktas\/a-tapinas-prezidentas\/"]}]},{"@type":"ImageObject","inLanguage":"en-GB","@id":"https:\/\/skaitytaknyga.lt\/produktas\/a-tapinas-prezidentas\/#primaryimage","url":"https:\/\/skaitytaknyga.lt\/wp-content\/uploads\/2024\/04\/024127-e00116ba-182a-451e-9492-64d55a4ad00d.jpg","contentUrl":"https:\/\/skaitytaknyga.lt\/wp-content\/uploads\/2024\/04\/024127-e00116ba-182a-451e-9492-64d55a4ad00d.jpg","width":488,"height":800,"caption":"024127 e00116ba 182a 451e 9492 64d55a4ad00d"},{"@type":"BreadcrumbList","@id":"https:\/\/skaitytaknyga.lt\/produktas\/a-tapinas-prezidentas\/#breadcrumb","itemListElement":[{"@type":"ListItem","position":1,"name":"Home","item":"https:\/\/skaitytaknyga.lt\/"},{"@type":"ListItem","position":2,"name":"Parduotuv\u0117","item":"https:\/\/skaitytaknyga.lt\/knygu-parduotuve\/"},{"@type":"ListItem","position":3,"name":"A. Tapinas \u201ePrezidentas\u201c"}]},{"@type":"WebSite","@id":"https:\/\/skaitytaknyga.lt\/#website","url":"https:\/\/skaitytaknyga.lt\/","name":"skaitytaknyga.lt","description":"Skaitytaknyga.lt \u2013 tai ma\u017eas \u0161eimos verslas, kuris prasid\u0117jo nuo meil\u0117s knygoms ir siekio i\u0161gelb\u0117ti knygas nuo likimo prie konteinerio. Kas vienam nereikalingas daiktas \u2013 kitam lobis, o mes esame tarpininkai, kurie padeda abiems tapti laimingesniems ???? \u017dinome kaip nelengva i\u0161gyventi ma\u017eiems verslams, tad nuo \u0161iol, \u010dia rasite ir kit\u0173, ma\u017e\u0173 \u0161eim\u0173 versl\u0173, rank\u0173 darbo, dovan\u0173 sau ir artimiesiems.","publisher":{"@id":"https:\/\/skaitytaknyga.lt\/#organization"},"potentialAction":[{"@type":"SearchAction","target":{"@type":"EntryPoint","urlTemplate":"https:\/\/skaitytaknyga.lt\/?s={search_term_string}"},"query-input":{"@type":"PropertyValueSpecification","valueRequired":true,"valueName":"search_term_string"}}],"inLanguage":"en-GB"},{"@type":"Organization","@id":"https:\/\/skaitytaknyga.lt\/#organization","name":"skaitytaknyga.lt","url":"https:\/\/skaitytaknyga.lt\/","logo":{"@type":"ImageObject","inLanguage":"en-GB","@id":"https:\/\/skaitytaknyga.lt\/#\/schema\/logo\/image\/","url":"https:\/\/skaitytaknyga.lt\/wp-content\/uploads\/2024\/05\/cropped-cropped-cropped-02_00843_jt3bggkj1j3HLc7SyY6rEUpg.jpeg","contentUrl":"https:\/\/skaitytaknyga.lt\/wp-content\/uploads\/2024\/05\/cropped-cropped-cropped-02_00843_jt3bggkj1j3HLc7SyY6rEUpg.jpeg","width":1600,"height":1600,"caption":"skaitytaknyga.lt"},"image":{"@id":"https:\/\/skaitytaknyga.lt\/#\/schema\/logo\/image\/"},"sameAs":["https:\/\/www.facebook.com\/skaitytaknyga\/"]}]}},"_links":{"self":[{"href":"https:\/\/skaitytaknyga.lt\/en\/wp-json\/wp\/v2\/product\/2423","targetHints":{"allow":["GET"]}}],"collection":[{"href":"https:\/\/skaitytaknyga.lt\/en\/wp-json\/wp\/v2\/product"}],"about":[{"href":"https:\/\/skaitytaknyga.lt\/en\/wp-json\/wp\/v2\/types\/product"}],"replies":[{"embeddable":true,"href":"https:\/\/skaitytaknyga.lt\/en\/wp-json\/wp\/v2\/comments?post=2423"}],"wp:featuredmedia":[{"embeddable":true,"href":"https:\/\/skaitytaknyga.lt\/en\/wp-json\/wp\/v2\/media\/2477"}],"wp:attachment":[{"href":"https:\/\/skaitytaknyga.lt\/en\/wp-json\/wp\/v2\/media?parent=2423"}],"wp:term":[{"taxonomy":"product_brand","embeddable":true,"href":"https:\/\/skaitytaknyga.lt\/en\/wp-json\/wp\/v2\/product_brand?post=2423"},{"taxonomy":"product_cat","embeddable":true,"href":"https:\/\/skaitytaknyga.lt\/en\/wp-json\/wp\/v2\/product_cat?post=2423"},{"taxonomy":"product_tag","embeddable":true,"href":"https:\/\/skaitytaknyga.lt\/en\/wp-json\/wp\/v2\/product_tag?post=2423"}],"curies":[{"name":"wp","href":"https:\/\/api.w.org\/{rel}","templated":true}]}}