{"id":2421,"date":"2024-04-17T13:09:59","date_gmt":"2024-04-17T13:09:59","guid":{"rendered":"https:\/\/skaitytaknyga.lt\/?post_type=product&#038;p=2421"},"modified":"2026-03-18T11:19:07","modified_gmt":"2026-03-18T09:19:07","slug":"jessica-kerwin-jenkins-visas-pasaulio-laikas","status":"publish","type":"product","link":"https:\/\/skaitytaknyga.lt\/en\/produktas\/jessica-kerwin-jenkins-visas-pasaulio-laikas\/","title":{"rendered":"Visas pasaulio laikas"},"content":{"rendered":"<p>Smagi, netik\u0117ta ir \u017eaisminga amerikie\u010di\u0173 autor\u0117s Jessicos Kerwin Jenkins knyga \u201eVisas pasaulio laikas: valand\u0173 knyga\u201c atveria spalving\u0173 istorij\u0173 palet\u0119 \u2013 pasakoja apie intriguojan\u010dius skirting\u0173 pasaulio \u0161ali\u0173 papro\u010dius ir nuod\u0117mingus malonumus, kuriuos tiksintis laikas ne\u0161a i\u0161 vienos epochos \u012f kit\u0105.<\/p>\n<p>Visas pasaulio laikas, \u012fkv\u0117ptas ikoni\u0161kosios viduram\u017ei\u0173 valand\u0173 knygos, kurioje buvo sura\u0161omos vis\u0173 met\u0173 dienoms ir valandoms skirtos mintys, pa\u017eeria 75 pasakojimus, \u017eybsin\u010dius s\u0105moju, \u012fdomia etimologija ir \u012ftraukian\u010dius \u012f stulbinamus epizodus i\u0161 \u012fvairiausi\u0173 kult\u016br\u0173 bei am\u017ei\u0173.<\/p>\n<p>Autor\u0117 kvie\u010dia steb\u0117ti, kaip manieringai karalien\u0117s El\u017ebietos r\u016bmuose tiesiama stalties\u0117; pasidom\u0117ti, kod\u0117l Nostradamas tik\u0117jo, jog uogien\u0117s turi afrodiziak\u0173 savybi\u0173; leistis \u012f jusling\u0105 smilkal\u0173 pasaul\u012f XV a. Japonijoje; gro\u017e\u0117tis trumpai tegyvavusia \u0161viesos meno disciplina arba vizualine muzika; steb\u0117tis bebaim\u0117s Henriettos d&#8217;Angeville \u017eygiu \u012f Monblano vir\u0161\u016bn\u0119; \u017eav\u0117tis Londono auksinio jaunimo \u017eaidimais, ie\u0161kant lobio, ir muzikos revoliucija, \u017einoma bibopo vardu.<\/p>\n","protected":false},"excerpt":{"rendered":"<p>Smagi, netik\u0117ta ir \u017eaisminga amerikie\u010di\u0173 autor\u0117s Jessicos Kerwin Jenkins knyga \u201eVisas pasaulio laikas: valand\u0173 knyga\u201c atveria spalving\u0173 istorij\u0173 palet\u0119 \u2013 pasakoja apie intriguojan\u010dius skirting\u0173 pasaulio \u0161ali\u0173 papro\u010dius ir nuod\u0117mingus malonumus, kuriuos tiksintis laikas ne\u0161a i\u0161 vienos epochos \u012f kit\u0105. Visas pasaulio laikas, \u012fkv\u0117ptas ikoni\u0161kosios viduram\u017ei\u0173 valand\u0173 knygos, kurioje buvo sura\u0161omos vis\u0173 met\u0173 dienoms ir valandoms skirtos mintys, pa\u017eeria 75 pasakojimus, \u017eybsin\u010dius s\u0105moju, \u012fdomia etimologija ir \u012ftraukian\u010dius \u012f stulbinamus epizodus i\u0161 \u012fvairiausi\u0173 kult\u016br\u0173 bei am\u017ei\u0173. Autor\u0117 kvie\u010dia steb\u0117ti, kaip manieringai karalien\u0117s El\u017ebietos r\u016bmuose tiesiama stalties\u0117; pasidom\u0117ti, kod\u0117l Nostradamas tik\u0117jo, jog uogien\u0117s turi afrodiziak\u0173 savybi\u0173; leistis \u012f jusling\u0105 smilkal\u0173 pasaul\u012f XV a. Japonijoje; gro\u017e\u0117tis trumpai tegyvavusia \u0161viesos meno disciplina arba vizualine muzika; steb\u0117tis bebaim\u0117s Henriettos d&#8217;Angeville \u017eygiu \u012f Monblano vir\u0161\u016bn\u0119; \u017eav\u0117tis Londono auksinio jaunimo \u017eaidimais, ie\u0161kant lobio, ir muzikos revoliucija, \u017einoma bibopo vardu.<\/p>\n","protected":false},"featured_media":2475,"comment_status":"closed","ping_status":"closed","template":"","meta":{"_acf_changed":false,"site-sidebar-layout":"default","site-content-layout":"","ast-site-content-layout":"default","site-content-style":"default","site-sidebar-style":"default","ast-global-header-display":"","ast-banner-title-visibility":"","ast-main-header-display":"","ast-hfb-above-header-display":"","ast-hfb-below-header-display":"","ast-hfb-mobile-header-display":"","site-post-title":"","ast-breadcrumbs-content":"","ast-featured-img":"","footer-sml-layout":"","ast-disable-related-posts":"","theme-transparent-header-meta":"","adv-header-id-meta":"","stick-header-meta":"","header-above-stick-meta":"","header-main-stick-meta":"","header-below-stick-meta":"","astra-migrate-meta-layouts":"default","ast-page-background-enabled":"default","ast-page-background-meta":{"desktop":{"background-color":"","background-image":"","background-repeat":"repeat","background-position":"center center","background-size":"auto","background-attachment":"scroll","background-type":"","background-media":"","overlay-type":"","overlay-color":"","overlay-opacity":"","overlay-gradient":""},"tablet":{"background-color":"","background-image":"","background-repeat":"repeat","background-position":"center center","background-size":"auto","background-attachment":"scroll","background-type":"","background-media":"","overlay-type":"","overlay-color":"","overlay-opacity":"","overlay-gradient":""},"mobile":{"background-color":"","background-image":"","background-repeat":"repeat","background-position":"center center","background-size":"auto","background-attachment":"scroll","background-type":"","background-media":"","overlay-type":"","overlay-color":"","overlay-opacity":"","overlay-gradient":""}},"ast-content-background-meta":{"desktop":{"background-color":"var(--ast-global-color-4)","background-image":"","background-repeat":"repeat","background-position":"center center","background-size":"auto","background-attachment":"scroll","background-type":"","background-media":"","overlay-type":"","overlay-color":"","overlay-opacity":"","overlay-gradient":""},"tablet":{"background-color":"var(--ast-global-color-4)","background-image":"","background-repeat":"repeat","background-position":"center center","background-size":"auto","background-attachment":"scroll","background-type":"","background-media":"","overlay-type":"","overlay-color":"","overlay-opacity":"","overlay-gradient":""},"mobile":{"background-color":"var(--ast-global-color-4)","background-image":"","background-repeat":"repeat","background-position":"center center","background-size":"auto","background-attachment":"scroll","background-type":"","background-media":"","overlay-type":"","overlay-color":"","overlay-opacity":"","overlay-gradient":""}}},"product_brand":[],"product_cat":[9618],"product_tag":[],"class_list":{"0":"post-2421","1":"product","2":"type-product","3":"status-publish","4":"has-post-thumbnail","6":"product_cat-istoriniai-romanai","7":"desktop-align-left","8":"tablet-align-left","9":"mobile-align-left","11":"first","12":"instock","13":"shipping-taxable","14":"purchasable","15":"product-type-simple"},"acf":[],"yoast_head":"<!-- This site is optimized with the Yoast SEO plugin v27.0 - https:\/\/yoast.com\/product\/yoast-seo-wordpress\/ -->\n<title>Visas pasaulio laikas<\/title>\n<meta name=\"description\" content=\"Smagi, netik\u0117ta ir \u017eaisminga amerikie\u010di\u0173 autor\u0117s Jessicos Kerwin Jenkins knyga \u201eVisas pasaulio laikas: valand\u0173 knyga\u201c atveria spalving\u0173 istorij\u0173 palet\u0119 \u2013\" \/>\n<meta name=\"robots\" content=\"index, follow, max-snippet:-1, max-image-preview:large, max-video-preview:-1\" \/>\n<link rel=\"canonical\" href=\"https:\/\/skaitytaknyga.lt\/en\/produktas\/jessica-kerwin-jenkins-visas-pasaulio-laikas\/\" \/>\n<meta property=\"og:locale\" content=\"en_GB\" \/>\n<meta property=\"og:locale:alternate\" content=\"lt_LT\" \/>\n<meta property=\"og:type\" content=\"article\" \/>\n<meta property=\"og:title\" content=\"Visas pasaulio laikas\" \/>\n<meta property=\"og:description\" content=\"Smagi, netik\u0117ta ir \u017eaisminga amerikie\u010di\u0173 autor\u0117s Jessicos Kerwin Jenkins knyga \u201eVisas pasaulio laikas: valand\u0173 knyga\u201c atveria spalving\u0173 istorij\u0173 palet\u0119 \u2013\" \/>\n<meta property=\"og:url\" content=\"https:\/\/skaitytaknyga.lt\/en\/produktas\/jessica-kerwin-jenkins-visas-pasaulio-laikas\/\" \/>\n<meta property=\"og:site_name\" content=\"Skaitytaknyga\" \/>\n<meta property=\"article:publisher\" content=\"https:\/\/www.facebook.com\/skaitytaknyga\/\" \/>\n<meta property=\"article:modified_time\" content=\"2026-03-18T09:19:07+00:00\" \/>\n<meta property=\"og:image\" content=\"https:\/\/skaitytaknyga.lt\/wp-content\/uploads\/2024\/04\/1462890115_visas-pasaulio-laikas1.jpg\" \/>\n\t<meta property=\"og:image:width\" content=\"320\" \/>\n\t<meta property=\"og:image:height\" content=\"386\" \/>\n\t<meta property=\"og:image:type\" content=\"image\/jpeg\" \/>\n<meta name=\"twitter:card\" content=\"summary_large_image\" \/>\n<meta name=\"twitter:label1\" content=\"Estimated reading time\" \/>\n\t<meta name=\"twitter:data1\" content=\"1 minute\" \/>\n<script type=\"application\/ld+json\" class=\"yoast-schema-graph\">{\"@context\":\"https:\/\/schema.org\",\"@graph\":[{\"@type\":\"WebPage\",\"@id\":\"https:\/\/skaitytaknyga.lt\/produktas\/jessica-kerwin-jenkins-visas-pasaulio-laikas\/\",\"url\":\"https:\/\/skaitytaknyga.lt\/produktas\/jessica-kerwin-jenkins-visas-pasaulio-laikas\/\",\"name\":\"Visas pasaulio laikas\",\"isPartOf\":{\"@id\":\"https:\/\/skaitytaknyga.lt\/#website\"},\"primaryImageOfPage\":{\"@id\":\"https:\/\/skaitytaknyga.lt\/produktas\/jessica-kerwin-jenkins-visas-pasaulio-laikas\/#primaryimage\"},\"image\":{\"@id\":\"https:\/\/skaitytaknyga.lt\/produktas\/jessica-kerwin-jenkins-visas-pasaulio-laikas\/#primaryimage\"},\"thumbnailUrl\":\"https:\/\/skaitytaknyga.lt\/wp-content\/uploads\/2024\/04\/1462890115_visas-pasaulio-laikas1.jpg\",\"datePublished\":\"2024-04-17T13:09:59+00:00\",\"dateModified\":\"2026-03-18T09:19:07+00:00\",\"description\":\"Smagi, netik\u0117ta ir \u017eaisminga amerikie\u010di\u0173 autor\u0117s Jessicos Kerwin Jenkins knyga \u201eVisas pasaulio laikas: valand\u0173 knyga\u201c atveria spalving\u0173 istorij\u0173 palet\u0119 \u2013\",\"breadcrumb\":{\"@id\":\"https:\/\/skaitytaknyga.lt\/produktas\/jessica-kerwin-jenkins-visas-pasaulio-laikas\/#breadcrumb\"},\"inLanguage\":\"en-GB\",\"potentialAction\":[{\"@type\":\"ReadAction\",\"target\":[\"https:\/\/skaitytaknyga.lt\/produktas\/jessica-kerwin-jenkins-visas-pasaulio-laikas\/\"]}]},{\"@type\":\"ImageObject\",\"inLanguage\":\"en-GB\",\"@id\":\"https:\/\/skaitytaknyga.lt\/produktas\/jessica-kerwin-jenkins-visas-pasaulio-laikas\/#primaryimage\",\"url\":\"https:\/\/skaitytaknyga.lt\/wp-content\/uploads\/2024\/04\/1462890115_visas-pasaulio-laikas1.jpg\",\"contentUrl\":\"https:\/\/skaitytaknyga.lt\/wp-content\/uploads\/2024\/04\/1462890115_visas-pasaulio-laikas1.jpg\",\"width\":320,\"height\":386,\"caption\":\"1462890115 visas pasaulio laikas1\"},{\"@type\":\"BreadcrumbList\",\"@id\":\"https:\/\/skaitytaknyga.lt\/produktas\/jessica-kerwin-jenkins-visas-pasaulio-laikas\/#breadcrumb\",\"itemListElement\":[{\"@type\":\"ListItem\",\"position\":1,\"name\":\"Home\",\"item\":\"https:\/\/skaitytaknyga.lt\/\"},{\"@type\":\"ListItem\",\"position\":2,\"name\":\"Parduotuv\u0117\",\"item\":\"https:\/\/skaitytaknyga.lt\/knygu-parduotuve\/\"},{\"@type\":\"ListItem\",\"position\":3,\"name\":\"Visas pasaulio laikas\"}]},{\"@type\":\"WebSite\",\"@id\":\"https:\/\/skaitytaknyga.lt\/#website\",\"url\":\"https:\/\/skaitytaknyga.lt\/\",\"name\":\"skaitytaknyga.lt\",\"description\":\"Skaitytaknyga.lt \u2013 tai ma\u017eas \u0161eimos verslas, kuris prasid\u0117jo nuo meil\u0117s knygoms ir siekio i\u0161gelb\u0117ti knygas nuo likimo prie konteinerio. Kas vienam nereikalingas daiktas \u2013 kitam lobis, o mes esame tarpininkai, kurie padeda abiems tapti laimingesniems ???? \u017dinome kaip nelengva i\u0161gyventi ma\u017eiems verslams, tad nuo \u0161iol, \u010dia rasite ir kit\u0173, ma\u017e\u0173 \u0161eim\u0173 versl\u0173, rank\u0173 darbo, dovan\u0173 sau ir artimiesiems.\",\"publisher\":{\"@id\":\"https:\/\/skaitytaknyga.lt\/#organization\"},\"potentialAction\":[{\"@type\":\"SearchAction\",\"target\":{\"@type\":\"EntryPoint\",\"urlTemplate\":\"https:\/\/skaitytaknyga.lt\/?s={search_term_string}\"},\"query-input\":{\"@type\":\"PropertyValueSpecification\",\"valueRequired\":true,\"valueName\":\"search_term_string\"}}],\"inLanguage\":\"en-GB\"},{\"@type\":\"Organization\",\"@id\":\"https:\/\/skaitytaknyga.lt\/#organization\",\"name\":\"skaitytaknyga.lt\",\"url\":\"https:\/\/skaitytaknyga.lt\/\",\"logo\":{\"@type\":\"ImageObject\",\"inLanguage\":\"en-GB\",\"@id\":\"https:\/\/skaitytaknyga.lt\/#\/schema\/logo\/image\/\",\"url\":\"https:\/\/skaitytaknyga.lt\/wp-content\/uploads\/2024\/05\/cropped-cropped-cropped-02_00843_jt3bggkj1j3HLc7SyY6rEUpg.jpeg\",\"contentUrl\":\"https:\/\/skaitytaknyga.lt\/wp-content\/uploads\/2024\/05\/cropped-cropped-cropped-02_00843_jt3bggkj1j3HLc7SyY6rEUpg.jpeg\",\"width\":1600,\"height\":1600,\"caption\":\"skaitytaknyga.lt\"},\"image\":{\"@id\":\"https:\/\/skaitytaknyga.lt\/#\/schema\/logo\/image\/\"},\"sameAs\":[\"https:\/\/www.facebook.com\/skaitytaknyga\/\"]}]}<\/script>\n<!-- \/ Yoast SEO plugin. -->","yoast_head_json":{"title":"Visas pasaulio laikas","description":"Smagi, netik\u0117ta ir \u017eaisminga amerikie\u010di\u0173 autor\u0117s Jessicos Kerwin Jenkins knyga \u201eVisas pasaulio laikas: valand\u0173 knyga\u201c atveria spalving\u0173 istorij\u0173 palet\u0119 \u2013","robots":{"index":"index","follow":"follow","max-snippet":"max-snippet:-1","max-image-preview":"max-image-preview:large","max-video-preview":"max-video-preview:-1"},"canonical":"https:\/\/skaitytaknyga.lt\/en\/produktas\/jessica-kerwin-jenkins-visas-pasaulio-laikas\/","og_locale":"en_GB","og_type":"article","og_title":"[:lt]Visas pasaulio laikas[:] - Skaitytaknyga","og_description":"Smagi, netik\u0117ta ir \u017eaisminga amerikie\u010di\u0173 autor\u0117s Jessicos Kerwin Jenkins knyga \u201eVisas pasaulio laikas: valand\u0173 knyga\u201c atveria spalving\u0173 istorij\u0173 palet\u0119 \u2013","og_url":"https:\/\/skaitytaknyga.lt\/en\/produktas\/jessica-kerwin-jenkins-visas-pasaulio-laikas\/","og_site_name":"Skaitytaknyga","article_publisher":"https:\/\/www.facebook.com\/skaitytaknyga\/","article_modified_time":"2026-03-18T09:19:07+00:00","og_image":[{"width":320,"height":386,"url":"https:\/\/skaitytaknyga.lt\/wp-content\/uploads\/2024\/04\/1462890115_visas-pasaulio-laikas1.jpg","type":"image\/jpeg"}],"twitter_card":"summary_large_image","twitter_misc":{"Estimated reading time":"1 minute"},"schema":{"@context":"https:\/\/schema.org","@graph":[{"@type":"WebPage","@id":"https:\/\/skaitytaknyga.lt\/produktas\/jessica-kerwin-jenkins-visas-pasaulio-laikas\/","url":"https:\/\/skaitytaknyga.lt\/produktas\/jessica-kerwin-jenkins-visas-pasaulio-laikas\/","name":"Visas pasaulio laikas","isPartOf":{"@id":"https:\/\/skaitytaknyga.lt\/#website"},"primaryImageOfPage":{"@id":"https:\/\/skaitytaknyga.lt\/produktas\/jessica-kerwin-jenkins-visas-pasaulio-laikas\/#primaryimage"},"image":{"@id":"https:\/\/skaitytaknyga.lt\/produktas\/jessica-kerwin-jenkins-visas-pasaulio-laikas\/#primaryimage"},"thumbnailUrl":"https:\/\/skaitytaknyga.lt\/wp-content\/uploads\/2024\/04\/1462890115_visas-pasaulio-laikas1.jpg","datePublished":"2024-04-17T13:09:59+00:00","dateModified":"2026-03-18T09:19:07+00:00","description":"Smagi, netik\u0117ta ir \u017eaisminga amerikie\u010di\u0173 autor\u0117s Jessicos Kerwin Jenkins knyga \u201eVisas pasaulio laikas: valand\u0173 knyga\u201c atveria spalving\u0173 istorij\u0173 palet\u0119 \u2013","breadcrumb":{"@id":"https:\/\/skaitytaknyga.lt\/produktas\/jessica-kerwin-jenkins-visas-pasaulio-laikas\/#breadcrumb"},"inLanguage":"en-GB","potentialAction":[{"@type":"ReadAction","target":["https:\/\/skaitytaknyga.lt\/produktas\/jessica-kerwin-jenkins-visas-pasaulio-laikas\/"]}]},{"@type":"ImageObject","inLanguage":"en-GB","@id":"https:\/\/skaitytaknyga.lt\/produktas\/jessica-kerwin-jenkins-visas-pasaulio-laikas\/#primaryimage","url":"https:\/\/skaitytaknyga.lt\/wp-content\/uploads\/2024\/04\/1462890115_visas-pasaulio-laikas1.jpg","contentUrl":"https:\/\/skaitytaknyga.lt\/wp-content\/uploads\/2024\/04\/1462890115_visas-pasaulio-laikas1.jpg","width":320,"height":386,"caption":"1462890115 visas pasaulio laikas1"},{"@type":"BreadcrumbList","@id":"https:\/\/skaitytaknyga.lt\/produktas\/jessica-kerwin-jenkins-visas-pasaulio-laikas\/#breadcrumb","itemListElement":[{"@type":"ListItem","position":1,"name":"Home","item":"https:\/\/skaitytaknyga.lt\/"},{"@type":"ListItem","position":2,"name":"Parduotuv\u0117","item":"https:\/\/skaitytaknyga.lt\/knygu-parduotuve\/"},{"@type":"ListItem","position":3,"name":"Visas pasaulio laikas"}]},{"@type":"WebSite","@id":"https:\/\/skaitytaknyga.lt\/#website","url":"https:\/\/skaitytaknyga.lt\/","name":"skaitytaknyga.lt","description":"Skaitytaknyga.lt \u2013 tai ma\u017eas \u0161eimos verslas, kuris prasid\u0117jo nuo meil\u0117s knygoms ir siekio i\u0161gelb\u0117ti knygas nuo likimo prie konteinerio. Kas vienam nereikalingas daiktas \u2013 kitam lobis, o mes esame tarpininkai, kurie padeda abiems tapti laimingesniems ???? \u017dinome kaip nelengva i\u0161gyventi ma\u017eiems verslams, tad nuo \u0161iol, \u010dia rasite ir kit\u0173, ma\u017e\u0173 \u0161eim\u0173 versl\u0173, rank\u0173 darbo, dovan\u0173 sau ir artimiesiems.","publisher":{"@id":"https:\/\/skaitytaknyga.lt\/#organization"},"potentialAction":[{"@type":"SearchAction","target":{"@type":"EntryPoint","urlTemplate":"https:\/\/skaitytaknyga.lt\/?s={search_term_string}"},"query-input":{"@type":"PropertyValueSpecification","valueRequired":true,"valueName":"search_term_string"}}],"inLanguage":"en-GB"},{"@type":"Organization","@id":"https:\/\/skaitytaknyga.lt\/#organization","name":"skaitytaknyga.lt","url":"https:\/\/skaitytaknyga.lt\/","logo":{"@type":"ImageObject","inLanguage":"en-GB","@id":"https:\/\/skaitytaknyga.lt\/#\/schema\/logo\/image\/","url":"https:\/\/skaitytaknyga.lt\/wp-content\/uploads\/2024\/05\/cropped-cropped-cropped-02_00843_jt3bggkj1j3HLc7SyY6rEUpg.jpeg","contentUrl":"https:\/\/skaitytaknyga.lt\/wp-content\/uploads\/2024\/05\/cropped-cropped-cropped-02_00843_jt3bggkj1j3HLc7SyY6rEUpg.jpeg","width":1600,"height":1600,"caption":"skaitytaknyga.lt"},"image":{"@id":"https:\/\/skaitytaknyga.lt\/#\/schema\/logo\/image\/"},"sameAs":["https:\/\/www.facebook.com\/skaitytaknyga\/"]}]}},"_links":{"self":[{"href":"https:\/\/skaitytaknyga.lt\/en\/wp-json\/wp\/v2\/product\/2421","targetHints":{"allow":["GET"]}}],"collection":[{"href":"https:\/\/skaitytaknyga.lt\/en\/wp-json\/wp\/v2\/product"}],"about":[{"href":"https:\/\/skaitytaknyga.lt\/en\/wp-json\/wp\/v2\/types\/product"}],"replies":[{"embeddable":true,"href":"https:\/\/skaitytaknyga.lt\/en\/wp-json\/wp\/v2\/comments?post=2421"}],"wp:featuredmedia":[{"embeddable":true,"href":"https:\/\/skaitytaknyga.lt\/en\/wp-json\/wp\/v2\/media\/2475"}],"wp:attachment":[{"href":"https:\/\/skaitytaknyga.lt\/en\/wp-json\/wp\/v2\/media?parent=2421"}],"wp:term":[{"taxonomy":"product_brand","embeddable":true,"href":"https:\/\/skaitytaknyga.lt\/en\/wp-json\/wp\/v2\/product_brand?post=2421"},{"taxonomy":"product_cat","embeddable":true,"href":"https:\/\/skaitytaknyga.lt\/en\/wp-json\/wp\/v2\/product_cat?post=2421"},{"taxonomy":"product_tag","embeddable":true,"href":"https:\/\/skaitytaknyga.lt\/en\/wp-json\/wp\/v2\/product_tag?post=2421"}],"curies":[{"name":"wp","href":"https:\/\/api.w.org\/{rel}","templated":true}]}}