{"id":2416,"date":"2024-04-17T13:09:30","date_gmt":"2024-04-17T13:09:30","guid":{"rendered":"https:\/\/skaitytaknyga.lt\/?post_type=product&#038;p=2416"},"modified":"2025-05-13T15:40:56","modified_gmt":"2025-05-13T12:40:56","slug":"d-levithan-kitokia-diena","status":"publish","type":"product","link":"https:\/\/skaitytaknyga.lt\/en\/produktas\/d-levithan-kitokia-diena\/","title":{"rendered":"Kitokia diena"},"content":{"rendered":"<p>Visos Rianon dienos pilkos ir vienodos. Ji mano mylinti savo \u0161alt\u0105 ir visada abejing\u0105 vaikin\u0105 D\u017eastin\u0105, net priprato prie jo keist\u0173 nuostat\u0173: mano automobilis, mano muzika; einame ten, kur noriu a\u0161; darome tai, ko a\u0161 u\u017esigeid\u017eiu.<\/p>\n<p>Rianon tylomis susik\u016br\u0117 sav\u0173 taisykli\u0173 stengdamasi i\u0161vengti kasdieni\u0173 konflikt\u0173: niekuomet per daug ne\u012fkyr\u0117ti; vengti gadinti jam nuotaik\u0105; nepuosel\u0117ti dideli\u0173 vil\u010di\u0173.<\/p>\n<p>Bet vien\u0105 dien\u0105 viskas pasikei\u010dia. Staiga jai leid\u017eiama klausytis savo m\u0117gstamos dainos D\u017eastino automobilyje. Atrodo, kad jis pirm\u0105 kart\u0105 \u012f j\u0105 \u017ei\u016bri su meile, \u0161velnumu, nuo\u0161ird\u017eia \u0161ypsena ir net leid\u017eia jai kalb\u0117ti ir atid\u017eiai klausosi! Juodu praleid\u017eia tobul\u0105 dien\u0105, kurios kit\u0105 ryt\u0105 D\u017eastinas nebeprisimena&#8230; Sutrikusi ir prisl\u0117gta, Rianon ima viskuo abejoti.<\/p>\n<p>O tada netik\u0117tai pasirod\u017eiusi nepa\u017e\u012fstamoji pasako jai, kad D\u017eastinas, su kuriuo ji praleido nuostabi\u0105 dien\u0105 ir pasijuto tikru \u017emogumi, i\u0161 ties\u0173 nebuvo&#8230; D\u017eastinas.<\/p>\n","protected":false},"excerpt":{"rendered":"<p>Visos Rianon dienos pilkos ir vienodos. Ji mano mylinti savo \u0161alt\u0105 ir visada abejing\u0105 vaikin\u0105 D\u017eastin\u0105, net priprato prie jo keist\u0173 nuostat\u0173: mano automobilis, mano muzika; einame ten, kur noriu a\u0161; darome tai, ko a\u0161 u\u017esigeid\u017eiu. Rianon tylomis susik\u016br\u0117 sav\u0173 taisykli\u0173 stengdamasi i\u0161vengti kasdieni\u0173 konflikt\u0173: niekuomet per daug ne\u012fkyr\u0117ti; vengti gadinti jam nuotaik\u0105; nepuosel\u0117ti dideli\u0173 vil\u010di\u0173. Bet vien\u0105 dien\u0105 viskas pasikei\u010dia. Staiga jai leid\u017eiama klausytis savo m\u0117gstamos dainos D\u017eastino automobilyje. Atrodo, kad jis pirm\u0105 kart\u0105 \u012f j\u0105 \u017ei\u016bri su meile, \u0161velnumu, nuo\u0161ird\u017eia \u0161ypsena ir net leid\u017eia jai kalb\u0117ti ir atid\u017eiai klausosi! Juodu praleid\u017eia tobul\u0105 dien\u0105, kurios kit\u0105 ryt\u0105 D\u017eastinas nebeprisimena&#8230; Sutrikusi ir prisl\u0117gta, Rianon ima viskuo abejoti. O tada netik\u0117tai pasirod\u017eiusi nepa\u017e\u012fstamoji pasako jai, kad D\u017eastinas, su kuriuo ji praleido nuostabi\u0105 dien\u0105 ir pasijuto tikru \u017emogumi, i\u0161 ties\u0173 nebuvo&#8230; D\u017eastinas.<\/p>\n","protected":false},"featured_media":2474,"comment_status":"closed","ping_status":"closed","template":"","meta":{"_acf_changed":false,"site-sidebar-layout":"default","site-content-layout":"","ast-site-content-layout":"default","site-content-style":"default","site-sidebar-style":"default","ast-global-header-display":"","ast-banner-title-visibility":"","ast-main-header-display":"","ast-hfb-above-header-display":"","ast-hfb-below-header-display":"","ast-hfb-mobile-header-display":"","site-post-title":"","ast-breadcrumbs-content":"","ast-featured-img":"","footer-sml-layout":"","ast-disable-related-posts":"","theme-transparent-header-meta":"","adv-header-id-meta":"","stick-header-meta":"","header-above-stick-meta":"","header-main-stick-meta":"","header-below-stick-meta":"","astra-migrate-meta-layouts":"default","ast-page-background-enabled":"default","ast-page-background-meta":{"desktop":{"background-color":"","background-image":"","background-repeat":"repeat","background-position":"center center","background-size":"auto","background-attachment":"scroll","background-type":"","background-media":"","overlay-type":"","overlay-color":"","overlay-opacity":"","overlay-gradient":""},"tablet":{"background-color":"","background-image":"","background-repeat":"repeat","background-position":"center center","background-size":"auto","background-attachment":"scroll","background-type":"","background-media":"","overlay-type":"","overlay-color":"","overlay-opacity":"","overlay-gradient":""},"mobile":{"background-color":"","background-image":"","background-repeat":"repeat","background-position":"center center","background-size":"auto","background-attachment":"scroll","background-type":"","background-media":"","overlay-type":"","overlay-color":"","overlay-opacity":"","overlay-gradient":""}},"ast-content-background-meta":{"desktop":{"background-color":"var(--ast-global-color-4)","background-image":"","background-repeat":"repeat","background-position":"center center","background-size":"auto","background-attachment":"scroll","background-type":"","background-media":"","overlay-type":"","overlay-color":"","overlay-opacity":"","overlay-gradient":""},"tablet":{"background-color":"var(--ast-global-color-4)","background-image":"","background-repeat":"repeat","background-position":"center center","background-size":"auto","background-attachment":"scroll","background-type":"","background-media":"","overlay-type":"","overlay-color":"","overlay-opacity":"","overlay-gradient":""},"mobile":{"background-color":"var(--ast-global-color-4)","background-image":"","background-repeat":"repeat","background-position":"center center","background-size":"auto","background-attachment":"scroll","background-type":"","background-media":"","overlay-type":"","overlay-color":"","overlay-opacity":"","overlay-gradient":""}}},"product_brand":[],"product_cat":[31],"product_tag":[1972,2407,2318,1409],"class_list":{"0":"post-2416","1":"product","2":"type-product","3":"status-publish","4":"has-post-thumbnail","6":"product_cat-grozine-literatura","7":"product_tag-asmeninis-augimas","8":"product_tag-gyvenimo-pokyciai","9":"product_tag-ikvepimas","10":"product_tag-motyvacija","11":"desktop-align-left","12":"tablet-align-left","13":"mobile-align-left","15":"first","16":"instock","17":"shipping-taxable","18":"purchasable","19":"product-type-simple"},"acf":[],"yoast_head":"<!-- This site is optimized with the Yoast SEO plugin v27.0 - https:\/\/yoast.com\/product\/yoast-seo-wordpress\/ -->\n<title>Kitokia diena<\/title>\n<meta name=\"description\" content=\"Visos Rianon dienos pilkos ir vienodos. Ji mano mylinti savo \u0161alt\u0105 ir visada abejing\u0105 vaikin\u0105 D\u017eastin\u0105, net priprato prie jo keist\u0173 nuostat\u0173: mano\" \/>\n<meta name=\"robots\" content=\"index, follow, max-snippet:-1, max-image-preview:large, max-video-preview:-1\" \/>\n<link rel=\"canonical\" href=\"https:\/\/skaitytaknyga.lt\/en\/produktas\/d-levithan-kitokia-diena\/\" \/>\n<meta property=\"og:locale\" content=\"en_GB\" \/>\n<meta property=\"og:locale:alternate\" content=\"lt_LT\" \/>\n<meta property=\"og:type\" content=\"article\" \/>\n<meta property=\"og:title\" content=\"Kitokia diena\" \/>\n<meta property=\"og:description\" content=\"Visos Rianon dienos pilkos ir vienodos. Ji mano mylinti savo \u0161alt\u0105 ir visada abejing\u0105 vaikin\u0105 D\u017eastin\u0105, net priprato prie jo keist\u0173 nuostat\u0173: mano\" \/>\n<meta property=\"og:url\" content=\"https:\/\/skaitytaknyga.lt\/en\/produktas\/d-levithan-kitokia-diena\/\" \/>\n<meta property=\"og:site_name\" content=\"Skaitytaknyga\" \/>\n<meta property=\"article:publisher\" content=\"https:\/\/www.facebook.com\/skaitytaknyga\/\" \/>\n<meta property=\"article:modified_time\" content=\"2025-05-13T12:40:56+00:00\" \/>\n<meta property=\"og:image\" content=\"https:\/\/skaitytaknyga.lt\/wp-content\/uploads\/2024\/04\/phillips-1.png\" \/>\n\t<meta property=\"og:image:width\" content=\"271\" \/>\n\t<meta property=\"og:image:height\" content=\"399\" \/>\n\t<meta property=\"og:image:type\" content=\"image\/png\" \/>\n<meta name=\"twitter:card\" content=\"summary_large_image\" \/>\n<meta name=\"twitter:label1\" content=\"Estimated reading time\" \/>\n\t<meta name=\"twitter:data1\" content=\"1 minute\" \/>\n<script type=\"application\/ld+json\" class=\"yoast-schema-graph\">{\"@context\":\"https:\/\/schema.org\",\"@graph\":[{\"@type\":\"WebPage\",\"@id\":\"https:\/\/skaitytaknyga.lt\/produktas\/d-levithan-kitokia-diena\/\",\"url\":\"https:\/\/skaitytaknyga.lt\/produktas\/d-levithan-kitokia-diena\/\",\"name\":\"Kitokia diena\",\"isPartOf\":{\"@id\":\"https:\/\/skaitytaknyga.lt\/#website\"},\"primaryImageOfPage\":{\"@id\":\"https:\/\/skaitytaknyga.lt\/produktas\/d-levithan-kitokia-diena\/#primaryimage\"},\"image\":{\"@id\":\"https:\/\/skaitytaknyga.lt\/produktas\/d-levithan-kitokia-diena\/#primaryimage\"},\"thumbnailUrl\":\"https:\/\/skaitytaknyga.lt\/wp-content\/uploads\/2024\/04\/phillips-1.png\",\"datePublished\":\"2024-04-17T13:09:30+00:00\",\"dateModified\":\"2025-05-13T12:40:56+00:00\",\"description\":\"Visos Rianon dienos pilkos ir vienodos. Ji mano mylinti savo \u0161alt\u0105 ir visada abejing\u0105 vaikin\u0105 D\u017eastin\u0105, net priprato prie jo keist\u0173 nuostat\u0173: mano\",\"breadcrumb\":{\"@id\":\"https:\/\/skaitytaknyga.lt\/produktas\/d-levithan-kitokia-diena\/#breadcrumb\"},\"inLanguage\":\"en-GB\",\"potentialAction\":[{\"@type\":\"ReadAction\",\"target\":[\"https:\/\/skaitytaknyga.lt\/produktas\/d-levithan-kitokia-diena\/\"]}]},{\"@type\":\"ImageObject\",\"inLanguage\":\"en-GB\",\"@id\":\"https:\/\/skaitytaknyga.lt\/produktas\/d-levithan-kitokia-diena\/#primaryimage\",\"url\":\"https:\/\/skaitytaknyga.lt\/wp-content\/uploads\/2024\/04\/phillips-1.png\",\"contentUrl\":\"https:\/\/skaitytaknyga.lt\/wp-content\/uploads\/2024\/04\/phillips-1.png\",\"width\":271,\"height\":399,\"caption\":\"phillips 1\"},{\"@type\":\"BreadcrumbList\",\"@id\":\"https:\/\/skaitytaknyga.lt\/produktas\/d-levithan-kitokia-diena\/#breadcrumb\",\"itemListElement\":[{\"@type\":\"ListItem\",\"position\":1,\"name\":\"Home\",\"item\":\"https:\/\/skaitytaknyga.lt\/\"},{\"@type\":\"ListItem\",\"position\":2,\"name\":\"Parduotuv\u0117\",\"item\":\"https:\/\/skaitytaknyga.lt\/knygu-parduotuve\/\"},{\"@type\":\"ListItem\",\"position\":3,\"name\":\"Kitokia diena\"}]},{\"@type\":\"WebSite\",\"@id\":\"https:\/\/skaitytaknyga.lt\/#website\",\"url\":\"https:\/\/skaitytaknyga.lt\/\",\"name\":\"skaitytaknyga.lt\",\"description\":\"Skaitytaknyga.lt \u2013 tai ma\u017eas \u0161eimos verslas, kuris prasid\u0117jo nuo meil\u0117s knygoms ir siekio i\u0161gelb\u0117ti knygas nuo likimo prie konteinerio. Kas vienam nereikalingas daiktas \u2013 kitam lobis, o mes esame tarpininkai, kurie padeda abiems tapti laimingesniems ???? \u017dinome kaip nelengva i\u0161gyventi ma\u017eiems verslams, tad nuo \u0161iol, \u010dia rasite ir kit\u0173, ma\u017e\u0173 \u0161eim\u0173 versl\u0173, rank\u0173 darbo, dovan\u0173 sau ir artimiesiems.\",\"publisher\":{\"@id\":\"https:\/\/skaitytaknyga.lt\/#organization\"},\"potentialAction\":[{\"@type\":\"SearchAction\",\"target\":{\"@type\":\"EntryPoint\",\"urlTemplate\":\"https:\/\/skaitytaknyga.lt\/?s={search_term_string}\"},\"query-input\":{\"@type\":\"PropertyValueSpecification\",\"valueRequired\":true,\"valueName\":\"search_term_string\"}}],\"inLanguage\":\"en-GB\"},{\"@type\":\"Organization\",\"@id\":\"https:\/\/skaitytaknyga.lt\/#organization\",\"name\":\"skaitytaknyga.lt\",\"url\":\"https:\/\/skaitytaknyga.lt\/\",\"logo\":{\"@type\":\"ImageObject\",\"inLanguage\":\"en-GB\",\"@id\":\"https:\/\/skaitytaknyga.lt\/#\/schema\/logo\/image\/\",\"url\":\"https:\/\/skaitytaknyga.lt\/wp-content\/uploads\/2024\/05\/cropped-cropped-cropped-02_00843_jt3bggkj1j3HLc7SyY6rEUpg.jpeg\",\"contentUrl\":\"https:\/\/skaitytaknyga.lt\/wp-content\/uploads\/2024\/05\/cropped-cropped-cropped-02_00843_jt3bggkj1j3HLc7SyY6rEUpg.jpeg\",\"width\":1600,\"height\":1600,\"caption\":\"skaitytaknyga.lt\"},\"image\":{\"@id\":\"https:\/\/skaitytaknyga.lt\/#\/schema\/logo\/image\/\"},\"sameAs\":[\"https:\/\/www.facebook.com\/skaitytaknyga\/\"]}]}<\/script>\n<!-- \/ Yoast SEO plugin. -->","yoast_head_json":{"title":"Kitokia diena","description":"Visos Rianon dienos pilkos ir vienodos. Ji mano mylinti savo \u0161alt\u0105 ir visada abejing\u0105 vaikin\u0105 D\u017eastin\u0105, net priprato prie jo keist\u0173 nuostat\u0173: mano","robots":{"index":"index","follow":"follow","max-snippet":"max-snippet:-1","max-image-preview":"max-image-preview:large","max-video-preview":"max-video-preview:-1"},"canonical":"https:\/\/skaitytaknyga.lt\/en\/produktas\/d-levithan-kitokia-diena\/","og_locale":"en_GB","og_type":"article","og_title":"[:lt]Kitokia diena[:] - Skaitytaknyga","og_description":"Visos Rianon dienos pilkos ir vienodos. Ji mano mylinti savo \u0161alt\u0105 ir visada abejing\u0105 vaikin\u0105 D\u017eastin\u0105, net priprato prie jo keist\u0173 nuostat\u0173: mano","og_url":"https:\/\/skaitytaknyga.lt\/en\/produktas\/d-levithan-kitokia-diena\/","og_site_name":"Skaitytaknyga","article_publisher":"https:\/\/www.facebook.com\/skaitytaknyga\/","article_modified_time":"2025-05-13T12:40:56+00:00","og_image":[{"width":271,"height":399,"url":"https:\/\/skaitytaknyga.lt\/wp-content\/uploads\/2024\/04\/phillips-1.png","type":"image\/png"}],"twitter_card":"summary_large_image","twitter_misc":{"Estimated reading time":"1 minute"},"schema":{"@context":"https:\/\/schema.org","@graph":[{"@type":"WebPage","@id":"https:\/\/skaitytaknyga.lt\/produktas\/d-levithan-kitokia-diena\/","url":"https:\/\/skaitytaknyga.lt\/produktas\/d-levithan-kitokia-diena\/","name":"Kitokia diena","isPartOf":{"@id":"https:\/\/skaitytaknyga.lt\/#website"},"primaryImageOfPage":{"@id":"https:\/\/skaitytaknyga.lt\/produktas\/d-levithan-kitokia-diena\/#primaryimage"},"image":{"@id":"https:\/\/skaitytaknyga.lt\/produktas\/d-levithan-kitokia-diena\/#primaryimage"},"thumbnailUrl":"https:\/\/skaitytaknyga.lt\/wp-content\/uploads\/2024\/04\/phillips-1.png","datePublished":"2024-04-17T13:09:30+00:00","dateModified":"2025-05-13T12:40:56+00:00","description":"Visos Rianon dienos pilkos ir vienodos. Ji mano mylinti savo \u0161alt\u0105 ir visada abejing\u0105 vaikin\u0105 D\u017eastin\u0105, net priprato prie jo keist\u0173 nuostat\u0173: mano","breadcrumb":{"@id":"https:\/\/skaitytaknyga.lt\/produktas\/d-levithan-kitokia-diena\/#breadcrumb"},"inLanguage":"en-GB","potentialAction":[{"@type":"ReadAction","target":["https:\/\/skaitytaknyga.lt\/produktas\/d-levithan-kitokia-diena\/"]}]},{"@type":"ImageObject","inLanguage":"en-GB","@id":"https:\/\/skaitytaknyga.lt\/produktas\/d-levithan-kitokia-diena\/#primaryimage","url":"https:\/\/skaitytaknyga.lt\/wp-content\/uploads\/2024\/04\/phillips-1.png","contentUrl":"https:\/\/skaitytaknyga.lt\/wp-content\/uploads\/2024\/04\/phillips-1.png","width":271,"height":399,"caption":"phillips 1"},{"@type":"BreadcrumbList","@id":"https:\/\/skaitytaknyga.lt\/produktas\/d-levithan-kitokia-diena\/#breadcrumb","itemListElement":[{"@type":"ListItem","position":1,"name":"Home","item":"https:\/\/skaitytaknyga.lt\/"},{"@type":"ListItem","position":2,"name":"Parduotuv\u0117","item":"https:\/\/skaitytaknyga.lt\/knygu-parduotuve\/"},{"@type":"ListItem","position":3,"name":"Kitokia diena"}]},{"@type":"WebSite","@id":"https:\/\/skaitytaknyga.lt\/#website","url":"https:\/\/skaitytaknyga.lt\/","name":"skaitytaknyga.lt","description":"Skaitytaknyga.lt \u2013 tai ma\u017eas \u0161eimos verslas, kuris prasid\u0117jo nuo meil\u0117s knygoms ir siekio i\u0161gelb\u0117ti knygas nuo likimo prie konteinerio. Kas vienam nereikalingas daiktas \u2013 kitam lobis, o mes esame tarpininkai, kurie padeda abiems tapti laimingesniems ???? \u017dinome kaip nelengva i\u0161gyventi ma\u017eiems verslams, tad nuo \u0161iol, \u010dia rasite ir kit\u0173, ma\u017e\u0173 \u0161eim\u0173 versl\u0173, rank\u0173 darbo, dovan\u0173 sau ir artimiesiems.","publisher":{"@id":"https:\/\/skaitytaknyga.lt\/#organization"},"potentialAction":[{"@type":"SearchAction","target":{"@type":"EntryPoint","urlTemplate":"https:\/\/skaitytaknyga.lt\/?s={search_term_string}"},"query-input":{"@type":"PropertyValueSpecification","valueRequired":true,"valueName":"search_term_string"}}],"inLanguage":"en-GB"},{"@type":"Organization","@id":"https:\/\/skaitytaknyga.lt\/#organization","name":"skaitytaknyga.lt","url":"https:\/\/skaitytaknyga.lt\/","logo":{"@type":"ImageObject","inLanguage":"en-GB","@id":"https:\/\/skaitytaknyga.lt\/#\/schema\/logo\/image\/","url":"https:\/\/skaitytaknyga.lt\/wp-content\/uploads\/2024\/05\/cropped-cropped-cropped-02_00843_jt3bggkj1j3HLc7SyY6rEUpg.jpeg","contentUrl":"https:\/\/skaitytaknyga.lt\/wp-content\/uploads\/2024\/05\/cropped-cropped-cropped-02_00843_jt3bggkj1j3HLc7SyY6rEUpg.jpeg","width":1600,"height":1600,"caption":"skaitytaknyga.lt"},"image":{"@id":"https:\/\/skaitytaknyga.lt\/#\/schema\/logo\/image\/"},"sameAs":["https:\/\/www.facebook.com\/skaitytaknyga\/"]}]}},"_links":{"self":[{"href":"https:\/\/skaitytaknyga.lt\/en\/wp-json\/wp\/v2\/product\/2416","targetHints":{"allow":["GET"]}}],"collection":[{"href":"https:\/\/skaitytaknyga.lt\/en\/wp-json\/wp\/v2\/product"}],"about":[{"href":"https:\/\/skaitytaknyga.lt\/en\/wp-json\/wp\/v2\/types\/product"}],"replies":[{"embeddable":true,"href":"https:\/\/skaitytaknyga.lt\/en\/wp-json\/wp\/v2\/comments?post=2416"}],"wp:featuredmedia":[{"embeddable":true,"href":"https:\/\/skaitytaknyga.lt\/en\/wp-json\/wp\/v2\/media\/2474"}],"wp:attachment":[{"href":"https:\/\/skaitytaknyga.lt\/en\/wp-json\/wp\/v2\/media?parent=2416"}],"wp:term":[{"taxonomy":"product_brand","embeddable":true,"href":"https:\/\/skaitytaknyga.lt\/en\/wp-json\/wp\/v2\/product_brand?post=2416"},{"taxonomy":"product_cat","embeddable":true,"href":"https:\/\/skaitytaknyga.lt\/en\/wp-json\/wp\/v2\/product_cat?post=2416"},{"taxonomy":"product_tag","embeddable":true,"href":"https:\/\/skaitytaknyga.lt\/en\/wp-json\/wp\/v2\/product_tag?post=2416"}],"curies":[{"name":"wp","href":"https:\/\/api.w.org\/{rel}","templated":true}]}}