{"id":2415,"date":"2024-04-17T13:09:30","date_gmt":"2024-04-17T13:09:30","guid":{"rendered":"https:\/\/skaitytaknyga.lt\/?post_type=product&#038;p=2415"},"modified":"2024-05-03T07:14:46","modified_gmt":"2024-05-03T07:14:46","slug":"s-mallery-kai-atradome-namus","status":"publish","type":"product","link":"https:\/\/skaitytaknyga.lt\/en\/produktas\/s-mallery-kai-atradome-namus\/","title":{"rendered":"S. Mallery \u201eKai atradome namus\u201c"},"content":{"rendered":"","protected":false},"excerpt":{"rendered":"<p>\u0160eimai suvienyti reikia kantryb\u0117s, \u0161iek tiek humoro jausmo ir daug meil\u0117s&#8230;<\/p>\n<p>Nelengva m\u0117gautis gyvenimu, kai neturi artim\u0173j\u0173, tik praeit\u012f, kurios n\u0117 nenori prisiminti. Ta\u010diau Kel\u0117 Smit, netik\u0117tai su\u017einojusi apie brol\u012f, turtingoje ir privilegijuotoje aplinkoje u\u017eaugus\u012f Malkolm\u0105, ir seser\u012f Kir\u0105 \u2013 dvylikamet\u0119, gyvenimo bla\u0161kyt\u0105 gatv\u0117je, nebe\u017eino k\u0105 ir galvoti&#8230;<\/p>\n<p>Ji sutinka apsigyventi dideliame \u0161eimos name ant Va\u0161ingtono e\u017eero kranto kartu su k\u0105 tik atrastu broliu, seserimi ir seneliu, vildamasi, kad galb\u016bt sulauk\u0117 progos prad\u0117ti gyvenim\u0105 i\u0161 naujo. Deja, nauja prad\u017eia nieko gero ne\u017eada: Kel\u0117 ir Kira susidraugauja, ta\u010diau negali apsiprasti prabangioje aplinkoje, o Malkolmas pasijunta taip, tarsi b\u016bt\u0173 svetimas savo paties namuose&#8230; Nedidel\u0119 \u012fmon\u0119 pavert\u0119s klestin\u010diu verslu Malkolmas ne\u012fstengia sugalvoti, kaip suart\u0117ti su seserimis. Prierai\u0161umas tikrai n\u0117ra stiprioji jo savyb\u0117, bet&#8230; gra\u017euol\u0117 barista padeda suprasti, kad \u0161irdyje yra taip, kaip ir prie \u0161eimos stalo \u2013 visuomet atsiras vietos dar vienam.<\/p>\n","protected":false},"featured_media":2473,"comment_status":"closed","ping_status":"closed","template":"","meta":{"_acf_changed":false,"site-sidebar-layout":"default","site-content-layout":"","ast-site-content-layout":"default","site-content-style":"default","site-sidebar-style":"default","ast-global-header-display":"","ast-banner-title-visibility":"","ast-main-header-display":"","ast-hfb-above-header-display":"","ast-hfb-below-header-display":"","ast-hfb-mobile-header-display":"","site-post-title":"","ast-breadcrumbs-content":"","ast-featured-img":"","footer-sml-layout":"","ast-disable-related-posts":"","theme-transparent-header-meta":"","adv-header-id-meta":"","stick-header-meta":"","header-above-stick-meta":"","header-main-stick-meta":"","header-below-stick-meta":"","astra-migrate-meta-layouts":"default","ast-page-background-enabled":"default","ast-page-background-meta":{"desktop":{"background-color":"","background-image":"","background-repeat":"repeat","background-position":"center center","background-size":"auto","background-attachment":"scroll","background-type":"","background-media":"","overlay-type":"","overlay-color":"","overlay-opacity":"","overlay-gradient":""},"tablet":{"background-color":"","background-image":"","background-repeat":"repeat","background-position":"center center","background-size":"auto","background-attachment":"scroll","background-type":"","background-media":"","overlay-type":"","overlay-color":"","overlay-opacity":"","overlay-gradient":""},"mobile":{"background-color":"","background-image":"","background-repeat":"repeat","background-position":"center center","background-size":"auto","background-attachment":"scroll","background-type":"","background-media":"","overlay-type":"","overlay-color":"","overlay-opacity":"","overlay-gradient":""}},"ast-content-background-meta":{"desktop":{"background-color":"var(--ast-global-color-4)","background-image":"","background-repeat":"repeat","background-position":"center center","background-size":"auto","background-attachment":"scroll","background-type":"","background-media":"","overlay-type":"","overlay-color":"","overlay-opacity":"","overlay-gradient":""},"tablet":{"background-color":"var(--ast-global-color-4)","background-image":"","background-repeat":"repeat","background-position":"center center","background-size":"auto","background-attachment":"scroll","background-type":"","background-media":"","overlay-type":"","overlay-color":"","overlay-opacity":"","overlay-gradient":""},"mobile":{"background-color":"var(--ast-global-color-4)","background-image":"","background-repeat":"repeat","background-position":"center center","background-size":"auto","background-attachment":"scroll","background-type":"","background-media":"","overlay-type":"","overlay-color":"","overlay-opacity":"","overlay-gradient":""}}},"product_brand":[],"product_cat":[31],"product_tag":[],"class_list":{"0":"post-2415","1":"product","2":"type-product","3":"status-publish","4":"has-post-thumbnail","6":"product_cat-grozine-literatura","7":"desktop-align-left","8":"tablet-align-left","9":"mobile-align-left","11":"first","12":"instock","13":"shipping-taxable","14":"purchasable","15":"product-type-simple"},"acf":[],"yoast_head":"<!-- This site is optimized with the Yoast SEO plugin v27.0 - https:\/\/yoast.com\/product\/yoast-seo-wordpress\/ -->\n<title>S. Mallery \u201eKai atradome namus\u201c - Skaitytaknyga<\/title>\n<meta name=\"description\" content=\"\u0160eimai suvienyti reikia kantryb\u0117s, \u0161iek tiek humoro jausmo ir daug meil\u0117s...  Nelengva m\u0117gautis gyvenimu, kai neturi artim\u0173j\u0173, tik praeit\u012f, kurios n\u0117 nenori prisiminti. Ta\u010diau Kel\u0117 Smit, netik\u0117tai su\u017einojusi apie brol\u012f, turtingoje ir privilegijuotoje aplinkoje u\u017eaugus\u012f Malkolm\u0105, ir seser\u012f Kir\u0105 \u2013 dvylikamet\u0119, gyvenimo bla\u0161kyt\u0105 gatv\u0117je, nebe\u017eino k\u0105 ir galvoti...  Ji sutinka apsigyventi dideliame \u0161eimos name ant Va\u0161ingtono e\u017eero kranto kartu su k\u0105 tik atrastu broliu, seserimi ir seneliu, vildamasi, kad galb\u016bt sulauk\u0117 progos prad\u0117ti gyvenim\u0105 i\u0161 naujo. Deja, nauja prad\u017eia nieko gero ne\u017eada: Kel\u0117 ir Kira susidraugauja, ta\u010diau negali apsiprasti prabangioje aplinkoje, o Malkolmas pasijunta taip, tarsi b\u016bt\u0173 svetimas savo paties namuose... Nedidel\u0119 \u012fmon\u0119 pavert\u0119s klestin\u010diu verslu Malkolmas ne\u012fstengia sugalvoti, kaip suart\u0117ti su seserimis. Prierai\u0161umas tikrai n\u0117ra stiprioji jo savyb\u0117, bet... gra\u017euol\u0117 barista padeda suprasti, kad \u0161irdyje yra taip, kaip ir prie \u0161eimos stalo \u2013 visuomet atsiras vietos dar vienam.\" \/>\n<meta name=\"robots\" content=\"index, follow, max-snippet:-1, max-image-preview:large, max-video-preview:-1\" \/>\n<link rel=\"canonical\" href=\"https:\/\/skaitytaknyga.lt\/en\/produktas\/s-mallery-kai-atradome-namus\/\" \/>\n<meta property=\"og:locale\" content=\"en_GB\" \/>\n<meta property=\"og:locale:alternate\" content=\"lt_LT\" \/>\n<meta property=\"og:type\" content=\"article\" \/>\n<meta property=\"og:title\" content=\"S. Mallery \u201eKai atradome namus\u201c - Skaitytaknyga\" \/>\n<meta property=\"og:description\" content=\"\u0160eimai suvienyti reikia kantryb\u0117s, \u0161iek tiek humoro jausmo ir daug meil\u0117s...  Nelengva m\u0117gautis gyvenimu, kai neturi artim\u0173j\u0173, tik praeit\u012f, kurios n\u0117 nenori prisiminti. Ta\u010diau Kel\u0117 Smit, netik\u0117tai su\u017einojusi apie brol\u012f, turtingoje ir privilegijuotoje aplinkoje u\u017eaugus\u012f Malkolm\u0105, ir seser\u012f Kir\u0105 \u2013 dvylikamet\u0119, gyvenimo bla\u0161kyt\u0105 gatv\u0117je, nebe\u017eino k\u0105 ir galvoti...  Ji sutinka apsigyventi dideliame \u0161eimos name ant Va\u0161ingtono e\u017eero kranto kartu su k\u0105 tik atrastu broliu, seserimi ir seneliu, vildamasi, kad galb\u016bt sulauk\u0117 progos prad\u0117ti gyvenim\u0105 i\u0161 naujo. Deja, nauja prad\u017eia nieko gero ne\u017eada: Kel\u0117 ir Kira susidraugauja, ta\u010diau negali apsiprasti prabangioje aplinkoje, o Malkolmas pasijunta taip, tarsi b\u016bt\u0173 svetimas savo paties namuose... Nedidel\u0119 \u012fmon\u0119 pavert\u0119s klestin\u010diu verslu Malkolmas ne\u012fstengia sugalvoti, kaip suart\u0117ti su seserimis. Prierai\u0161umas tikrai n\u0117ra stiprioji jo savyb\u0117, bet... gra\u017euol\u0117 barista padeda suprasti, kad \u0161irdyje yra taip, kaip ir prie \u0161eimos stalo \u2013 visuomet atsiras vietos dar vienam.\" \/>\n<meta property=\"og:url\" content=\"https:\/\/skaitytaknyga.lt\/en\/produktas\/s-mallery-kai-atradome-namus\/\" \/>\n<meta property=\"og:site_name\" content=\"Skaitytaknyga\" \/>\n<meta property=\"article:publisher\" content=\"https:\/\/www.facebook.com\/skaitytaknyga\/\" \/>\n<meta property=\"article:modified_time\" content=\"2024-05-03T07:14:46+00:00\" \/>\n<meta property=\"og:image\" content=\"https:\/\/skaitytaknyga.lt\/wp-content\/uploads\/2024\/04\/1568891340-9786090305348.jpg\" \/>\n\t<meta property=\"og:image:width\" content=\"320\" \/>\n\t<meta property=\"og:image:height\" content=\"424\" \/>\n\t<meta property=\"og:image:type\" content=\"image\/jpeg\" \/>\n<meta name=\"twitter:card\" content=\"summary_large_image\" \/>\n<script type=\"application\/ld+json\" class=\"yoast-schema-graph\">{\"@context\":\"https:\/\/schema.org\",\"@graph\":[{\"@type\":\"WebPage\",\"@id\":\"https:\/\/skaitytaknyga.lt\/produktas\/s-mallery-kai-atradome-namus\/\",\"url\":\"https:\/\/skaitytaknyga.lt\/produktas\/s-mallery-kai-atradome-namus\/\",\"name\":\"S. Mallery \u201eKai atradome namus\u201c - Skaitytaknyga\",\"isPartOf\":{\"@id\":\"https:\/\/skaitytaknyga.lt\/#website\"},\"primaryImageOfPage\":{\"@id\":\"https:\/\/skaitytaknyga.lt\/produktas\/s-mallery-kai-atradome-namus\/#primaryimage\"},\"image\":{\"@id\":\"https:\/\/skaitytaknyga.lt\/produktas\/s-mallery-kai-atradome-namus\/#primaryimage\"},\"thumbnailUrl\":\"https:\/\/skaitytaknyga.lt\/wp-content\/uploads\/2024\/04\/1568891340-9786090305348.jpg\",\"datePublished\":\"2024-04-17T13:09:30+00:00\",\"dateModified\":\"2024-05-03T07:14:46+00:00\",\"description\":\"\u0160eimai suvienyti reikia kantryb\u0117s, \u0161iek tiek humoro jausmo ir daug meil\u0117s... Nelengva m\u0117gautis gyvenimu, kai neturi artim\u0173j\u0173, tik praeit\u012f, kurios n\u0117 nenori prisiminti. Ta\u010diau Kel\u0117 Smit, netik\u0117tai su\u017einojusi apie brol\u012f, turtingoje ir privilegijuotoje aplinkoje u\u017eaugus\u012f Malkolm\u0105, ir seser\u012f Kir\u0105 \u2013 dvylikamet\u0119, gyvenimo bla\u0161kyt\u0105 gatv\u0117je, nebe\u017eino k\u0105 ir galvoti... Ji sutinka apsigyventi dideliame \u0161eimos name ant Va\u0161ingtono e\u017eero kranto kartu su k\u0105 tik atrastu broliu, seserimi ir seneliu, vildamasi, kad galb\u016bt sulauk\u0117 progos prad\u0117ti gyvenim\u0105 i\u0161 naujo. Deja, nauja prad\u017eia nieko gero ne\u017eada: Kel\u0117 ir Kira susidraugauja, ta\u010diau negali apsiprasti prabangioje aplinkoje, o Malkolmas pasijunta taip, tarsi b\u016bt\u0173 svetimas savo paties namuose... Nedidel\u0119 \u012fmon\u0119 pavert\u0119s klestin\u010diu verslu Malkolmas ne\u012fstengia sugalvoti, kaip suart\u0117ti su seserimis. Prierai\u0161umas tikrai n\u0117ra stiprioji jo savyb\u0117, bet... gra\u017euol\u0117 barista padeda suprasti, kad \u0161irdyje yra taip, kaip ir prie \u0161eimos stalo \u2013 visuomet atsiras vietos dar vienam.\",\"breadcrumb\":{\"@id\":\"https:\/\/skaitytaknyga.lt\/produktas\/s-mallery-kai-atradome-namus\/#breadcrumb\"},\"inLanguage\":\"en-GB\",\"potentialAction\":[{\"@type\":\"ReadAction\",\"target\":[\"https:\/\/skaitytaknyga.lt\/produktas\/s-mallery-kai-atradome-namus\/\"]}]},{\"@type\":\"ImageObject\",\"inLanguage\":\"en-GB\",\"@id\":\"https:\/\/skaitytaknyga.lt\/produktas\/s-mallery-kai-atradome-namus\/#primaryimage\",\"url\":\"https:\/\/skaitytaknyga.lt\/wp-content\/uploads\/2024\/04\/1568891340-9786090305348.jpg\",\"contentUrl\":\"https:\/\/skaitytaknyga.lt\/wp-content\/uploads\/2024\/04\/1568891340-9786090305348.jpg\",\"width\":320,\"height\":424,\"caption\":\"1568891340 9786090305348\"},{\"@type\":\"BreadcrumbList\",\"@id\":\"https:\/\/skaitytaknyga.lt\/produktas\/s-mallery-kai-atradome-namus\/#breadcrumb\",\"itemListElement\":[{\"@type\":\"ListItem\",\"position\":1,\"name\":\"Home\",\"item\":\"https:\/\/skaitytaknyga.lt\/\"},{\"@type\":\"ListItem\",\"position\":2,\"name\":\"Parduotuv\u0117\",\"item\":\"https:\/\/skaitytaknyga.lt\/knygu-parduotuve\/\"},{\"@type\":\"ListItem\",\"position\":3,\"name\":\"S. Mallery \u201eKai atradome namus\u201c\"}]},{\"@type\":\"WebSite\",\"@id\":\"https:\/\/skaitytaknyga.lt\/#website\",\"url\":\"https:\/\/skaitytaknyga.lt\/\",\"name\":\"skaitytaknyga.lt\",\"description\":\"Skaitytaknyga.lt \u2013 tai ma\u017eas \u0161eimos verslas, kuris prasid\u0117jo nuo meil\u0117s knygoms ir siekio i\u0161gelb\u0117ti knygas nuo likimo prie konteinerio. Kas vienam nereikalingas daiktas \u2013 kitam lobis, o mes esame tarpininkai, kurie padeda abiems tapti laimingesniems ???? \u017dinome kaip nelengva i\u0161gyventi ma\u017eiems verslams, tad nuo \u0161iol, \u010dia rasite ir kit\u0173, ma\u017e\u0173 \u0161eim\u0173 versl\u0173, rank\u0173 darbo, dovan\u0173 sau ir artimiesiems.\",\"publisher\":{\"@id\":\"https:\/\/skaitytaknyga.lt\/#organization\"},\"potentialAction\":[{\"@type\":\"SearchAction\",\"target\":{\"@type\":\"EntryPoint\",\"urlTemplate\":\"https:\/\/skaitytaknyga.lt\/?s={search_term_string}\"},\"query-input\":{\"@type\":\"PropertyValueSpecification\",\"valueRequired\":true,\"valueName\":\"search_term_string\"}}],\"inLanguage\":\"en-GB\"},{\"@type\":\"Organization\",\"@id\":\"https:\/\/skaitytaknyga.lt\/#organization\",\"name\":\"skaitytaknyga.lt\",\"url\":\"https:\/\/skaitytaknyga.lt\/\",\"logo\":{\"@type\":\"ImageObject\",\"inLanguage\":\"en-GB\",\"@id\":\"https:\/\/skaitytaknyga.lt\/#\/schema\/logo\/image\/\",\"url\":\"https:\/\/skaitytaknyga.lt\/wp-content\/uploads\/2024\/05\/cropped-cropped-cropped-02_00843_jt3bggkj1j3HLc7SyY6rEUpg.jpeg\",\"contentUrl\":\"https:\/\/skaitytaknyga.lt\/wp-content\/uploads\/2024\/05\/cropped-cropped-cropped-02_00843_jt3bggkj1j3HLc7SyY6rEUpg.jpeg\",\"width\":1600,\"height\":1600,\"caption\":\"skaitytaknyga.lt\"},\"image\":{\"@id\":\"https:\/\/skaitytaknyga.lt\/#\/schema\/logo\/image\/\"},\"sameAs\":[\"https:\/\/www.facebook.com\/skaitytaknyga\/\"]}]}<\/script>\n<!-- \/ Yoast SEO plugin. -->","yoast_head_json":{"title":"S. Mallery \u201eKai atradome namus\u201c - Skaitytaknyga","description":"\u0160eimai suvienyti reikia kantryb\u0117s, \u0161iek tiek humoro jausmo ir daug meil\u0117s...  Nelengva m\u0117gautis gyvenimu, kai neturi artim\u0173j\u0173, tik praeit\u012f, kurios n\u0117 nenori prisiminti. Ta\u010diau Kel\u0117 Smit, netik\u0117tai su\u017einojusi apie brol\u012f, turtingoje ir privilegijuotoje aplinkoje u\u017eaugus\u012f Malkolm\u0105, ir seser\u012f Kir\u0105 \u2013 dvylikamet\u0119, gyvenimo bla\u0161kyt\u0105 gatv\u0117je, nebe\u017eino k\u0105 ir galvoti...  Ji sutinka apsigyventi dideliame \u0161eimos name ant Va\u0161ingtono e\u017eero kranto kartu su k\u0105 tik atrastu broliu, seserimi ir seneliu, vildamasi, kad galb\u016bt sulauk\u0117 progos prad\u0117ti gyvenim\u0105 i\u0161 naujo. Deja, nauja prad\u017eia nieko gero ne\u017eada: Kel\u0117 ir Kira susidraugauja, ta\u010diau negali apsiprasti prabangioje aplinkoje, o Malkolmas pasijunta taip, tarsi b\u016bt\u0173 svetimas savo paties namuose... Nedidel\u0119 \u012fmon\u0119 pavert\u0119s klestin\u010diu verslu Malkolmas ne\u012fstengia sugalvoti, kaip suart\u0117ti su seserimis. Prierai\u0161umas tikrai n\u0117ra stiprioji jo savyb\u0117, bet... gra\u017euol\u0117 barista padeda suprasti, kad \u0161irdyje yra taip, kaip ir prie \u0161eimos stalo \u2013 visuomet atsiras vietos dar vienam.","robots":{"index":"index","follow":"follow","max-snippet":"max-snippet:-1","max-image-preview":"max-image-preview:large","max-video-preview":"max-video-preview:-1"},"canonical":"https:\/\/skaitytaknyga.lt\/en\/produktas\/s-mallery-kai-atradome-namus\/","og_locale":"en_GB","og_type":"article","og_title":"S. Mallery \u201eKai atradome namus\u201c - Skaitytaknyga","og_description":"\u0160eimai suvienyti reikia kantryb\u0117s, \u0161iek tiek humoro jausmo ir daug meil\u0117s...  Nelengva m\u0117gautis gyvenimu, kai neturi artim\u0173j\u0173, tik praeit\u012f, kurios n\u0117 nenori prisiminti. Ta\u010diau Kel\u0117 Smit, netik\u0117tai su\u017einojusi apie brol\u012f, turtingoje ir privilegijuotoje aplinkoje u\u017eaugus\u012f Malkolm\u0105, ir seser\u012f Kir\u0105 \u2013 dvylikamet\u0119, gyvenimo bla\u0161kyt\u0105 gatv\u0117je, nebe\u017eino k\u0105 ir galvoti...  Ji sutinka apsigyventi dideliame \u0161eimos name ant Va\u0161ingtono e\u017eero kranto kartu su k\u0105 tik atrastu broliu, seserimi ir seneliu, vildamasi, kad galb\u016bt sulauk\u0117 progos prad\u0117ti gyvenim\u0105 i\u0161 naujo. Deja, nauja prad\u017eia nieko gero ne\u017eada: Kel\u0117 ir Kira susidraugauja, ta\u010diau negali apsiprasti prabangioje aplinkoje, o Malkolmas pasijunta taip, tarsi b\u016bt\u0173 svetimas savo paties namuose... Nedidel\u0119 \u012fmon\u0119 pavert\u0119s klestin\u010diu verslu Malkolmas ne\u012fstengia sugalvoti, kaip suart\u0117ti su seserimis. Prierai\u0161umas tikrai n\u0117ra stiprioji jo savyb\u0117, bet... gra\u017euol\u0117 barista padeda suprasti, kad \u0161irdyje yra taip, kaip ir prie \u0161eimos stalo \u2013 visuomet atsiras vietos dar vienam.","og_url":"https:\/\/skaitytaknyga.lt\/en\/produktas\/s-mallery-kai-atradome-namus\/","og_site_name":"Skaitytaknyga","article_publisher":"https:\/\/www.facebook.com\/skaitytaknyga\/","article_modified_time":"2024-05-03T07:14:46+00:00","og_image":[{"width":320,"height":424,"url":"https:\/\/skaitytaknyga.lt\/wp-content\/uploads\/2024\/04\/1568891340-9786090305348.jpg","type":"image\/jpeg"}],"twitter_card":"summary_large_image","schema":{"@context":"https:\/\/schema.org","@graph":[{"@type":"WebPage","@id":"https:\/\/skaitytaknyga.lt\/produktas\/s-mallery-kai-atradome-namus\/","url":"https:\/\/skaitytaknyga.lt\/produktas\/s-mallery-kai-atradome-namus\/","name":"S. Mallery \u201eKai atradome namus\u201c - Skaitytaknyga","isPartOf":{"@id":"https:\/\/skaitytaknyga.lt\/#website"},"primaryImageOfPage":{"@id":"https:\/\/skaitytaknyga.lt\/produktas\/s-mallery-kai-atradome-namus\/#primaryimage"},"image":{"@id":"https:\/\/skaitytaknyga.lt\/produktas\/s-mallery-kai-atradome-namus\/#primaryimage"},"thumbnailUrl":"https:\/\/skaitytaknyga.lt\/wp-content\/uploads\/2024\/04\/1568891340-9786090305348.jpg","datePublished":"2024-04-17T13:09:30+00:00","dateModified":"2024-05-03T07:14:46+00:00","description":"\u0160eimai suvienyti reikia kantryb\u0117s, \u0161iek tiek humoro jausmo ir daug meil\u0117s... Nelengva m\u0117gautis gyvenimu, kai neturi artim\u0173j\u0173, tik praeit\u012f, kurios n\u0117 nenori prisiminti. Ta\u010diau Kel\u0117 Smit, netik\u0117tai su\u017einojusi apie brol\u012f, turtingoje ir privilegijuotoje aplinkoje u\u017eaugus\u012f Malkolm\u0105, ir seser\u012f Kir\u0105 \u2013 dvylikamet\u0119, gyvenimo bla\u0161kyt\u0105 gatv\u0117je, nebe\u017eino k\u0105 ir galvoti... Ji sutinka apsigyventi dideliame \u0161eimos name ant Va\u0161ingtono e\u017eero kranto kartu su k\u0105 tik atrastu broliu, seserimi ir seneliu, vildamasi, kad galb\u016bt sulauk\u0117 progos prad\u0117ti gyvenim\u0105 i\u0161 naujo. Deja, nauja prad\u017eia nieko gero ne\u017eada: Kel\u0117 ir Kira susidraugauja, ta\u010diau negali apsiprasti prabangioje aplinkoje, o Malkolmas pasijunta taip, tarsi b\u016bt\u0173 svetimas savo paties namuose... Nedidel\u0119 \u012fmon\u0119 pavert\u0119s klestin\u010diu verslu Malkolmas ne\u012fstengia sugalvoti, kaip suart\u0117ti su seserimis. Prierai\u0161umas tikrai n\u0117ra stiprioji jo savyb\u0117, bet... gra\u017euol\u0117 barista padeda suprasti, kad \u0161irdyje yra taip, kaip ir prie \u0161eimos stalo \u2013 visuomet atsiras vietos dar vienam.","breadcrumb":{"@id":"https:\/\/skaitytaknyga.lt\/produktas\/s-mallery-kai-atradome-namus\/#breadcrumb"},"inLanguage":"en-GB","potentialAction":[{"@type":"ReadAction","target":["https:\/\/skaitytaknyga.lt\/produktas\/s-mallery-kai-atradome-namus\/"]}]},{"@type":"ImageObject","inLanguage":"en-GB","@id":"https:\/\/skaitytaknyga.lt\/produktas\/s-mallery-kai-atradome-namus\/#primaryimage","url":"https:\/\/skaitytaknyga.lt\/wp-content\/uploads\/2024\/04\/1568891340-9786090305348.jpg","contentUrl":"https:\/\/skaitytaknyga.lt\/wp-content\/uploads\/2024\/04\/1568891340-9786090305348.jpg","width":320,"height":424,"caption":"1568891340 9786090305348"},{"@type":"BreadcrumbList","@id":"https:\/\/skaitytaknyga.lt\/produktas\/s-mallery-kai-atradome-namus\/#breadcrumb","itemListElement":[{"@type":"ListItem","position":1,"name":"Home","item":"https:\/\/skaitytaknyga.lt\/"},{"@type":"ListItem","position":2,"name":"Parduotuv\u0117","item":"https:\/\/skaitytaknyga.lt\/knygu-parduotuve\/"},{"@type":"ListItem","position":3,"name":"S. Mallery \u201eKai atradome namus\u201c"}]},{"@type":"WebSite","@id":"https:\/\/skaitytaknyga.lt\/#website","url":"https:\/\/skaitytaknyga.lt\/","name":"skaitytaknyga.lt","description":"Skaitytaknyga.lt \u2013 tai ma\u017eas \u0161eimos verslas, kuris prasid\u0117jo nuo meil\u0117s knygoms ir siekio i\u0161gelb\u0117ti knygas nuo likimo prie konteinerio. Kas vienam nereikalingas daiktas \u2013 kitam lobis, o mes esame tarpininkai, kurie padeda abiems tapti laimingesniems ???? \u017dinome kaip nelengva i\u0161gyventi ma\u017eiems verslams, tad nuo \u0161iol, \u010dia rasite ir kit\u0173, ma\u017e\u0173 \u0161eim\u0173 versl\u0173, rank\u0173 darbo, dovan\u0173 sau ir artimiesiems.","publisher":{"@id":"https:\/\/skaitytaknyga.lt\/#organization"},"potentialAction":[{"@type":"SearchAction","target":{"@type":"EntryPoint","urlTemplate":"https:\/\/skaitytaknyga.lt\/?s={search_term_string}"},"query-input":{"@type":"PropertyValueSpecification","valueRequired":true,"valueName":"search_term_string"}}],"inLanguage":"en-GB"},{"@type":"Organization","@id":"https:\/\/skaitytaknyga.lt\/#organization","name":"skaitytaknyga.lt","url":"https:\/\/skaitytaknyga.lt\/","logo":{"@type":"ImageObject","inLanguage":"en-GB","@id":"https:\/\/skaitytaknyga.lt\/#\/schema\/logo\/image\/","url":"https:\/\/skaitytaknyga.lt\/wp-content\/uploads\/2024\/05\/cropped-cropped-cropped-02_00843_jt3bggkj1j3HLc7SyY6rEUpg.jpeg","contentUrl":"https:\/\/skaitytaknyga.lt\/wp-content\/uploads\/2024\/05\/cropped-cropped-cropped-02_00843_jt3bggkj1j3HLc7SyY6rEUpg.jpeg","width":1600,"height":1600,"caption":"skaitytaknyga.lt"},"image":{"@id":"https:\/\/skaitytaknyga.lt\/#\/schema\/logo\/image\/"},"sameAs":["https:\/\/www.facebook.com\/skaitytaknyga\/"]}]}},"_links":{"self":[{"href":"https:\/\/skaitytaknyga.lt\/en\/wp-json\/wp\/v2\/product\/2415","targetHints":{"allow":["GET"]}}],"collection":[{"href":"https:\/\/skaitytaknyga.lt\/en\/wp-json\/wp\/v2\/product"}],"about":[{"href":"https:\/\/skaitytaknyga.lt\/en\/wp-json\/wp\/v2\/types\/product"}],"replies":[{"embeddable":true,"href":"https:\/\/skaitytaknyga.lt\/en\/wp-json\/wp\/v2\/comments?post=2415"}],"wp:featuredmedia":[{"embeddable":true,"href":"https:\/\/skaitytaknyga.lt\/en\/wp-json\/wp\/v2\/media\/2473"}],"wp:attachment":[{"href":"https:\/\/skaitytaknyga.lt\/en\/wp-json\/wp\/v2\/media?parent=2415"}],"wp:term":[{"taxonomy":"product_brand","embeddable":true,"href":"https:\/\/skaitytaknyga.lt\/en\/wp-json\/wp\/v2\/product_brand?post=2415"},{"taxonomy":"product_cat","embeddable":true,"href":"https:\/\/skaitytaknyga.lt\/en\/wp-json\/wp\/v2\/product_cat?post=2415"},{"taxonomy":"product_tag","embeddable":true,"href":"https:\/\/skaitytaknyga.lt\/en\/wp-json\/wp\/v2\/product_tag?post=2415"}],"curies":[{"name":"wp","href":"https:\/\/api.w.org\/{rel}","templated":true}]}}