{"id":2414,"date":"2024-04-17T16:09:30","date_gmt":"2024-04-17T13:09:30","guid":{"rendered":"https:\/\/skaitytaknyga.lt\/?post_type=product&#038;p=2414"},"modified":"2024-09-29T11:38:57","modified_gmt":"2024-09-29T08:38:57","slug":"i-broom-tavo-paslapciu-zemelapis","status":"publish","type":"product","link":"https:\/\/skaitytaknyga.lt\/en\/produktas\/i-broom-tavo-paslapciu-zemelapis\/","title":{"rendered":"I. Broom \u201eTavo paslap\u010di\u0173 \u017eem\u0117lapis\u201c"},"content":{"rendered":"<p>Kerintys Graikijos vaizdai, jaudinanti paslaptis ir romanti\u0161ka istorija apie praradim\u0105, vilt\u012f, meil\u0119 ir sav\u0119s ie\u0161kojim\u0105.<\/p>\n<p>Hol\u0117 negal\u0117t\u0173 vadinti sav\u0119s laiminga, j\u0105 stipriai paveik\u0117 mamos mirtis, o ir paskutiniais metais mama nebuvo mylinti ir besi\u0161ypsanti kaip vaikyst\u0117je. U\u017edaroji Hol\u0117 \u012fprato neprisileisti \u017emoni\u0173, sielos \u017eaizd\u0173 neatveria netgi savo vaikinui Rupertui.<\/p>\n<p>Hol\u0117s gyvenimas pasikei\u010dia su\u017einojus, kad Graikijoje, Zakinto saloje, paveld\u0117jo tetos nam\u0105. Keis\u010diausia, ji net ne\u017einojo turinti tet\u0105! Kod\u0117l mama jai nepasakojo nei apie sal\u0105, nei apie seser\u012f? Hol\u0117 i\u0161siruo\u0161ia \u012f sal\u0105 ai\u0161kintis, k\u0105 mama nuo jos nusl\u0117p\u0117.<\/p>\n<p>Zakinte, keliaudama sen\u0173 lai\u0161k\u0173 p\u0117dsakais, ji susipa\u017e\u012fsta su Aidanu ir pama\u017eu supranta, \u012f k\u0105 linksta jos \u0161irdis&#8230;<\/p>\n<p>\u201eBuvimas \u010dia, Zakinte, kai k\u0105 jos \u0161irdyje pa\u017eadino. Kol kas negal\u0117jo tiksliai pasakyti k\u0105, bet pokytis neabejotinai \u012fvyko. Ji atsid\u016br\u0117 aplinkoje, kuri visais at\u017evilgiais tur\u0117jo b\u016bti visi\u0161kai svetima, o nutiko prie\u0161ingai \u2013 \u010dia ji \u0117m\u0117 jaustis kur kas laisviau nei namie, Anglijoje.&#8221;<\/p>\n","protected":false},"excerpt":{"rendered":"<p>Kerintys Graikijos vaizdai, jaudinanti paslaptis ir romanti\u0161ka istorija apie praradim\u0105, vilt\u012f, meil\u0119 ir sav\u0119s ie\u0161kojim\u0105. Hol\u0117 negal\u0117t\u0173 vadinti sav\u0119s laiminga, j\u0105 stipriai paveik\u0117 mamos mirtis, o ir paskutiniais metais mama nebuvo mylinti ir besi\u0161ypsanti kaip vaikyst\u0117je. U\u017edaroji Hol\u0117 \u012fprato neprisileisti \u017emoni\u0173, sielos \u017eaizd\u0173 neatveria netgi savo vaikinui Rupertui. Hol\u0117s gyvenimas pasikei\u010dia su\u017einojus, kad Graikijoje, Zakinto saloje, paveld\u0117jo tetos nam\u0105. Keis\u010diausia, ji net ne\u017einojo turinti tet\u0105! Kod\u0117l mama jai nepasakojo nei apie sal\u0105, nei apie seser\u012f? Hol\u0117 i\u0161siruo\u0161ia \u012f sal\u0105 ai\u0161kintis, k\u0105 mama nuo jos nusl\u0117p\u0117. Zakinte, keliaudama sen\u0173 lai\u0161k\u0173 p\u0117dsakais, ji susipa\u017e\u012fsta su Aidanu ir pama\u017eu supranta, \u012f k\u0105 linksta jos \u0161irdis&#8230; \u201eBuvimas \u010dia, Zakinte, kai k\u0105 jos \u0161irdyje pa\u017eadino. Kol kas negal\u0117jo tiksliai pasakyti k\u0105, bet pokytis neabejotinai \u012fvyko. Ji atsid\u016br\u0117 aplinkoje, kuri visais at\u017evilgiais tur\u0117jo b\u016bti visi\u0161kai svetima, o nutiko prie\u0161ingai \u2013 \u010dia ji \u0117m\u0117 jaustis kur kas laisviau nei namie, Anglijoje.&#8221;<\/p>\n","protected":false},"featured_media":2469,"comment_status":"closed","ping_status":"closed","template":"","meta":{"_acf_changed":false,"site-sidebar-layout":"default","site-content-layout":"","ast-site-content-layout":"default","site-content-style":"default","site-sidebar-style":"default","ast-global-header-display":"","ast-banner-title-visibility":"","ast-main-header-display":"","ast-hfb-above-header-display":"","ast-hfb-below-header-display":"","ast-hfb-mobile-header-display":"","site-post-title":"","ast-breadcrumbs-content":"","ast-featured-img":"","footer-sml-layout":"","ast-disable-related-posts":"","theme-transparent-header-meta":"","adv-header-id-meta":"","stick-header-meta":"","header-above-stick-meta":"","header-main-stick-meta":"","header-below-stick-meta":"","astra-migrate-meta-layouts":"default","ast-page-background-enabled":"default","ast-page-background-meta":{"desktop":{"background-color":"","background-image":"","background-repeat":"repeat","background-position":"center center","background-size":"auto","background-attachment":"scroll","background-type":"","background-media":"","overlay-type":"","overlay-color":"","overlay-opacity":"","overlay-gradient":""},"tablet":{"background-color":"","background-image":"","background-repeat":"repeat","background-position":"center center","background-size":"auto","background-attachment":"scroll","background-type":"","background-media":"","overlay-type":"","overlay-color":"","overlay-opacity":"","overlay-gradient":""},"mobile":{"background-color":"","background-image":"","background-repeat":"repeat","background-position":"center center","background-size":"auto","background-attachment":"scroll","background-type":"","background-media":"","overlay-type":"","overlay-color":"","overlay-opacity":"","overlay-gradient":""}},"ast-content-background-meta":{"desktop":{"background-color":"var(--ast-global-color-4)","background-image":"","background-repeat":"repeat","background-position":"center center","background-size":"auto","background-attachment":"scroll","background-type":"","background-media":"","overlay-type":"","overlay-color":"","overlay-opacity":"","overlay-gradient":""},"tablet":{"background-color":"var(--ast-global-color-4)","background-image":"","background-repeat":"repeat","background-position":"center center","background-size":"auto","background-attachment":"scroll","background-type":"","background-media":"","overlay-type":"","overlay-color":"","overlay-opacity":"","overlay-gradient":""},"mobile":{"background-color":"var(--ast-global-color-4)","background-image":"","background-repeat":"repeat","background-position":"center center","background-size":"auto","background-attachment":"scroll","background-type":"","background-media":"","overlay-type":"","overlay-color":"","overlay-opacity":"","overlay-gradient":""}}},"product_brand":[],"product_cat":[31],"product_tag":[],"class_list":{"0":"post-2414","1":"product","2":"type-product","3":"status-publish","4":"has-post-thumbnail","6":"product_cat-grozine-literatura","7":"desktop-align-left","8":"tablet-align-left","9":"mobile-align-left","11":"first","12":"outofstock","13":"shipping-taxable","14":"purchasable","15":"product-type-simple"},"acf":[],"yoast_head":"<!-- This site is optimized with the Yoast SEO plugin v27.0 - https:\/\/yoast.com\/product\/yoast-seo-wordpress\/ -->\n<title>I. Broom \u201eTavo paslap\u010di\u0173 \u017eem\u0117lapis\u201c<\/title>\n<meta name=\"description\" content=\"Kerintys Graikijos vaizdai, jaudinanti paslaptis ir romanti\u0161ka istorija apie praradim\u0105, vilt\u012f, meil\u0119 ir sav\u0119s ie\u0161kojim\u0105. Hol\u0117 negal\u0117t\u0173 vadinti sav\u0119s\" \/>\n<meta name=\"robots\" content=\"index, follow, max-snippet:-1, max-image-preview:large, max-video-preview:-1\" \/>\n<link rel=\"canonical\" href=\"https:\/\/skaitytaknyga.lt\/en\/produktas\/i-broom-tavo-paslapciu-zemelapis\/\" \/>\n<meta property=\"og:locale\" content=\"en_GB\" \/>\n<meta property=\"og:locale:alternate\" content=\"lt_LT\" \/>\n<meta property=\"og:type\" content=\"article\" \/>\n<meta property=\"og:title\" content=\"I. Broom \u201eTavo paslap\u010di\u0173 \u017eem\u0117lapis\u201c\" \/>\n<meta property=\"og:description\" content=\"Kerintys Graikijos vaizdai, jaudinanti paslaptis ir romanti\u0161ka istorija apie praradim\u0105, vilt\u012f, meil\u0119 ir sav\u0119s ie\u0161kojim\u0105. Hol\u0117 negal\u0117t\u0173 vadinti sav\u0119s\" \/>\n<meta property=\"og:url\" content=\"https:\/\/skaitytaknyga.lt\/en\/produktas\/i-broom-tavo-paslapciu-zemelapis\/\" \/>\n<meta property=\"og:site_name\" content=\"Skaitytaknyga\" \/>\n<meta property=\"article:publisher\" content=\"https:\/\/www.facebook.com\/skaitytaknyga\/\" \/>\n<meta property=\"article:modified_time\" content=\"2024-09-29T08:38:57+00:00\" \/>\n<meta property=\"og:image\" content=\"https:\/\/skaitytaknyga.lt\/wp-content\/uploads\/2024\/04\/20200818_155231_edited-scaled-1.jpg\" \/>\n\t<meta property=\"og:image:width\" content=\"1585\" \/>\n\t<meta property=\"og:image:height\" content=\"2560\" \/>\n\t<meta property=\"og:image:type\" content=\"image\/jpeg\" \/>\n<meta name=\"twitter:card\" content=\"summary_large_image\" \/>\n<meta name=\"twitter:label1\" content=\"Estimated reading time\" \/>\n\t<meta name=\"twitter:data1\" content=\"1 minute\" \/>\n<script type=\"application\/ld+json\" class=\"yoast-schema-graph\">{\"@context\":\"https:\/\/schema.org\",\"@graph\":[{\"@type\":\"WebPage\",\"@id\":\"https:\/\/skaitytaknyga.lt\/produktas\/i-broom-tavo-paslapciu-zemelapis\/\",\"url\":\"https:\/\/skaitytaknyga.lt\/produktas\/i-broom-tavo-paslapciu-zemelapis\/\",\"name\":\"I. Broom \u201eTavo paslap\u010di\u0173 \u017eem\u0117lapis\u201c\",\"isPartOf\":{\"@id\":\"https:\/\/skaitytaknyga.lt\/#website\"},\"primaryImageOfPage\":{\"@id\":\"https:\/\/skaitytaknyga.lt\/produktas\/i-broom-tavo-paslapciu-zemelapis\/#primaryimage\"},\"image\":{\"@id\":\"https:\/\/skaitytaknyga.lt\/produktas\/i-broom-tavo-paslapciu-zemelapis\/#primaryimage\"},\"thumbnailUrl\":\"https:\/\/skaitytaknyga.lt\/wp-content\/uploads\/2024\/04\/20200818_155231_edited-scaled-1.jpg\",\"datePublished\":\"2024-04-17T13:09:30+00:00\",\"dateModified\":\"2024-09-29T08:38:57+00:00\",\"description\":\"Kerintys Graikijos vaizdai, jaudinanti paslaptis ir romanti\u0161ka istorija apie praradim\u0105, vilt\u012f, meil\u0119 ir sav\u0119s ie\u0161kojim\u0105. Hol\u0117 negal\u0117t\u0173 vadinti sav\u0119s\",\"breadcrumb\":{\"@id\":\"https:\/\/skaitytaknyga.lt\/produktas\/i-broom-tavo-paslapciu-zemelapis\/#breadcrumb\"},\"inLanguage\":\"en-GB\",\"potentialAction\":[{\"@type\":\"ReadAction\",\"target\":[\"https:\/\/skaitytaknyga.lt\/produktas\/i-broom-tavo-paslapciu-zemelapis\/\"]}]},{\"@type\":\"ImageObject\",\"inLanguage\":\"en-GB\",\"@id\":\"https:\/\/skaitytaknyga.lt\/produktas\/i-broom-tavo-paslapciu-zemelapis\/#primaryimage\",\"url\":\"https:\/\/skaitytaknyga.lt\/wp-content\/uploads\/2024\/04\/20200818_155231_edited-scaled-1.jpg\",\"contentUrl\":\"https:\/\/skaitytaknyga.lt\/wp-content\/uploads\/2024\/04\/20200818_155231_edited-scaled-1.jpg\",\"width\":1585,\"height\":2560,\"caption\":\"20200818 155231 edited scaled 1\"},{\"@type\":\"BreadcrumbList\",\"@id\":\"https:\/\/skaitytaknyga.lt\/produktas\/i-broom-tavo-paslapciu-zemelapis\/#breadcrumb\",\"itemListElement\":[{\"@type\":\"ListItem\",\"position\":1,\"name\":\"Home\",\"item\":\"https:\/\/skaitytaknyga.lt\/\"},{\"@type\":\"ListItem\",\"position\":2,\"name\":\"Parduotuv\u0117\",\"item\":\"https:\/\/skaitytaknyga.lt\/knygu-parduotuve\/\"},{\"@type\":\"ListItem\",\"position\":3,\"name\":\"I. Broom \u201eTavo paslap\u010di\u0173 \u017eem\u0117lapis\u201c\"}]},{\"@type\":\"WebSite\",\"@id\":\"https:\/\/skaitytaknyga.lt\/#website\",\"url\":\"https:\/\/skaitytaknyga.lt\/\",\"name\":\"skaitytaknyga.lt\",\"description\":\"Skaitytaknyga.lt \u2013 tai ma\u017eas \u0161eimos verslas, kuris prasid\u0117jo nuo meil\u0117s knygoms ir siekio i\u0161gelb\u0117ti knygas nuo likimo prie konteinerio. Kas vienam nereikalingas daiktas \u2013 kitam lobis, o mes esame tarpininkai, kurie padeda abiems tapti laimingesniems ???? \u017dinome kaip nelengva i\u0161gyventi ma\u017eiems verslams, tad nuo \u0161iol, \u010dia rasite ir kit\u0173, ma\u017e\u0173 \u0161eim\u0173 versl\u0173, rank\u0173 darbo, dovan\u0173 sau ir artimiesiems.\",\"publisher\":{\"@id\":\"https:\/\/skaitytaknyga.lt\/#organization\"},\"potentialAction\":[{\"@type\":\"SearchAction\",\"target\":{\"@type\":\"EntryPoint\",\"urlTemplate\":\"https:\/\/skaitytaknyga.lt\/?s={search_term_string}\"},\"query-input\":{\"@type\":\"PropertyValueSpecification\",\"valueRequired\":true,\"valueName\":\"search_term_string\"}}],\"inLanguage\":\"en-GB\"},{\"@type\":\"Organization\",\"@id\":\"https:\/\/skaitytaknyga.lt\/#organization\",\"name\":\"skaitytaknyga.lt\",\"url\":\"https:\/\/skaitytaknyga.lt\/\",\"logo\":{\"@type\":\"ImageObject\",\"inLanguage\":\"en-GB\",\"@id\":\"https:\/\/skaitytaknyga.lt\/#\/schema\/logo\/image\/\",\"url\":\"https:\/\/skaitytaknyga.lt\/wp-content\/uploads\/2024\/05\/cropped-cropped-cropped-02_00843_jt3bggkj1j3HLc7SyY6rEUpg.jpeg\",\"contentUrl\":\"https:\/\/skaitytaknyga.lt\/wp-content\/uploads\/2024\/05\/cropped-cropped-cropped-02_00843_jt3bggkj1j3HLc7SyY6rEUpg.jpeg\",\"width\":1600,\"height\":1600,\"caption\":\"skaitytaknyga.lt\"},\"image\":{\"@id\":\"https:\/\/skaitytaknyga.lt\/#\/schema\/logo\/image\/\"},\"sameAs\":[\"https:\/\/www.facebook.com\/skaitytaknyga\/\"]}]}<\/script>\n<!-- \/ Yoast SEO plugin. -->","yoast_head_json":{"title":"I. Broom \u201eTavo paslap\u010di\u0173 \u017eem\u0117lapis\u201c","description":"Kerintys Graikijos vaizdai, jaudinanti paslaptis ir romanti\u0161ka istorija apie praradim\u0105, vilt\u012f, meil\u0119 ir sav\u0119s ie\u0161kojim\u0105. Hol\u0117 negal\u0117t\u0173 vadinti sav\u0119s","robots":{"index":"index","follow":"follow","max-snippet":"max-snippet:-1","max-image-preview":"max-image-preview:large","max-video-preview":"max-video-preview:-1"},"canonical":"https:\/\/skaitytaknyga.lt\/en\/produktas\/i-broom-tavo-paslapciu-zemelapis\/","og_locale":"en_GB","og_type":"article","og_title":"[:lt]I. Broom \u201eTavo paslap\u010di\u0173 \u017eem\u0117lapis\u201c[:] - Skaitytaknyga","og_description":"Kerintys Graikijos vaizdai, jaudinanti paslaptis ir romanti\u0161ka istorija apie praradim\u0105, vilt\u012f, meil\u0119 ir sav\u0119s ie\u0161kojim\u0105. Hol\u0117 negal\u0117t\u0173 vadinti sav\u0119s","og_url":"https:\/\/skaitytaknyga.lt\/en\/produktas\/i-broom-tavo-paslapciu-zemelapis\/","og_site_name":"Skaitytaknyga","article_publisher":"https:\/\/www.facebook.com\/skaitytaknyga\/","article_modified_time":"2024-09-29T08:38:57+00:00","og_image":[{"width":1585,"height":2560,"url":"https:\/\/skaitytaknyga.lt\/wp-content\/uploads\/2024\/04\/20200818_155231_edited-scaled-1.jpg","type":"image\/jpeg"}],"twitter_card":"summary_large_image","twitter_misc":{"Estimated reading time":"1 minute"},"schema":{"@context":"https:\/\/schema.org","@graph":[{"@type":"WebPage","@id":"https:\/\/skaitytaknyga.lt\/produktas\/i-broom-tavo-paslapciu-zemelapis\/","url":"https:\/\/skaitytaknyga.lt\/produktas\/i-broom-tavo-paslapciu-zemelapis\/","name":"I. Broom \u201eTavo paslap\u010di\u0173 \u017eem\u0117lapis\u201c","isPartOf":{"@id":"https:\/\/skaitytaknyga.lt\/#website"},"primaryImageOfPage":{"@id":"https:\/\/skaitytaknyga.lt\/produktas\/i-broom-tavo-paslapciu-zemelapis\/#primaryimage"},"image":{"@id":"https:\/\/skaitytaknyga.lt\/produktas\/i-broom-tavo-paslapciu-zemelapis\/#primaryimage"},"thumbnailUrl":"https:\/\/skaitytaknyga.lt\/wp-content\/uploads\/2024\/04\/20200818_155231_edited-scaled-1.jpg","datePublished":"2024-04-17T13:09:30+00:00","dateModified":"2024-09-29T08:38:57+00:00","description":"Kerintys Graikijos vaizdai, jaudinanti paslaptis ir romanti\u0161ka istorija apie praradim\u0105, vilt\u012f, meil\u0119 ir sav\u0119s ie\u0161kojim\u0105. Hol\u0117 negal\u0117t\u0173 vadinti sav\u0119s","breadcrumb":{"@id":"https:\/\/skaitytaknyga.lt\/produktas\/i-broom-tavo-paslapciu-zemelapis\/#breadcrumb"},"inLanguage":"en-GB","potentialAction":[{"@type":"ReadAction","target":["https:\/\/skaitytaknyga.lt\/produktas\/i-broom-tavo-paslapciu-zemelapis\/"]}]},{"@type":"ImageObject","inLanguage":"en-GB","@id":"https:\/\/skaitytaknyga.lt\/produktas\/i-broom-tavo-paslapciu-zemelapis\/#primaryimage","url":"https:\/\/skaitytaknyga.lt\/wp-content\/uploads\/2024\/04\/20200818_155231_edited-scaled-1.jpg","contentUrl":"https:\/\/skaitytaknyga.lt\/wp-content\/uploads\/2024\/04\/20200818_155231_edited-scaled-1.jpg","width":1585,"height":2560,"caption":"20200818 155231 edited scaled 1"},{"@type":"BreadcrumbList","@id":"https:\/\/skaitytaknyga.lt\/produktas\/i-broom-tavo-paslapciu-zemelapis\/#breadcrumb","itemListElement":[{"@type":"ListItem","position":1,"name":"Home","item":"https:\/\/skaitytaknyga.lt\/"},{"@type":"ListItem","position":2,"name":"Parduotuv\u0117","item":"https:\/\/skaitytaknyga.lt\/knygu-parduotuve\/"},{"@type":"ListItem","position":3,"name":"I. Broom \u201eTavo paslap\u010di\u0173 \u017eem\u0117lapis\u201c"}]},{"@type":"WebSite","@id":"https:\/\/skaitytaknyga.lt\/#website","url":"https:\/\/skaitytaknyga.lt\/","name":"skaitytaknyga.lt","description":"Skaitytaknyga.lt \u2013 tai ma\u017eas \u0161eimos verslas, kuris prasid\u0117jo nuo meil\u0117s knygoms ir siekio i\u0161gelb\u0117ti knygas nuo likimo prie konteinerio. Kas vienam nereikalingas daiktas \u2013 kitam lobis, o mes esame tarpininkai, kurie padeda abiems tapti laimingesniems ???? \u017dinome kaip nelengva i\u0161gyventi ma\u017eiems verslams, tad nuo \u0161iol, \u010dia rasite ir kit\u0173, ma\u017e\u0173 \u0161eim\u0173 versl\u0173, rank\u0173 darbo, dovan\u0173 sau ir artimiesiems.","publisher":{"@id":"https:\/\/skaitytaknyga.lt\/#organization"},"potentialAction":[{"@type":"SearchAction","target":{"@type":"EntryPoint","urlTemplate":"https:\/\/skaitytaknyga.lt\/?s={search_term_string}"},"query-input":{"@type":"PropertyValueSpecification","valueRequired":true,"valueName":"search_term_string"}}],"inLanguage":"en-GB"},{"@type":"Organization","@id":"https:\/\/skaitytaknyga.lt\/#organization","name":"skaitytaknyga.lt","url":"https:\/\/skaitytaknyga.lt\/","logo":{"@type":"ImageObject","inLanguage":"en-GB","@id":"https:\/\/skaitytaknyga.lt\/#\/schema\/logo\/image\/","url":"https:\/\/skaitytaknyga.lt\/wp-content\/uploads\/2024\/05\/cropped-cropped-cropped-02_00843_jt3bggkj1j3HLc7SyY6rEUpg.jpeg","contentUrl":"https:\/\/skaitytaknyga.lt\/wp-content\/uploads\/2024\/05\/cropped-cropped-cropped-02_00843_jt3bggkj1j3HLc7SyY6rEUpg.jpeg","width":1600,"height":1600,"caption":"skaitytaknyga.lt"},"image":{"@id":"https:\/\/skaitytaknyga.lt\/#\/schema\/logo\/image\/"},"sameAs":["https:\/\/www.facebook.com\/skaitytaknyga\/"]}]}},"_links":{"self":[{"href":"https:\/\/skaitytaknyga.lt\/en\/wp-json\/wp\/v2\/product\/2414","targetHints":{"allow":["GET"]}}],"collection":[{"href":"https:\/\/skaitytaknyga.lt\/en\/wp-json\/wp\/v2\/product"}],"about":[{"href":"https:\/\/skaitytaknyga.lt\/en\/wp-json\/wp\/v2\/types\/product"}],"replies":[{"embeddable":true,"href":"https:\/\/skaitytaknyga.lt\/en\/wp-json\/wp\/v2\/comments?post=2414"}],"wp:featuredmedia":[{"embeddable":true,"href":"https:\/\/skaitytaknyga.lt\/en\/wp-json\/wp\/v2\/media\/2469"}],"wp:attachment":[{"href":"https:\/\/skaitytaknyga.lt\/en\/wp-json\/wp\/v2\/media?parent=2414"}],"wp:term":[{"taxonomy":"product_brand","embeddable":true,"href":"https:\/\/skaitytaknyga.lt\/en\/wp-json\/wp\/v2\/product_brand?post=2414"},{"taxonomy":"product_cat","embeddable":true,"href":"https:\/\/skaitytaknyga.lt\/en\/wp-json\/wp\/v2\/product_cat?post=2414"},{"taxonomy":"product_tag","embeddable":true,"href":"https:\/\/skaitytaknyga.lt\/en\/wp-json\/wp\/v2\/product_tag?post=2414"}],"curies":[{"name":"wp","href":"https:\/\/api.w.org\/{rel}","templated":true}]}}