{"id":2413,"date":"2024-04-17T13:09:30","date_gmt":"2024-04-17T13:09:30","guid":{"rendered":"https:\/\/skaitytaknyga.lt\/?post_type=product&#038;p=2413"},"modified":"2024-05-03T07:14:45","modified_gmt":"2024-05-03T07:14:45","slug":"s-rushde-zeme-po-jos-kojomis","status":"publish","type":"product","link":"https:\/\/skaitytaknyga.lt\/en\/produktas\/s-rushde-zeme-po-jos-kojomis\/","title":{"rendered":"S. Rushde  \u201e\u017dem\u0117 po jos kojomis\u201c"},"content":{"rendered":"<p>\u201e\u017dem\u0117 po jos kojomis\u201c (1999) \u2013 prie\u0161paskutinis S. Rushdie romanas, nepakartojamas auk\u0161t\u0173j\u0173 ir \u017eem\u0173j\u0173 \u017eanr\u0173 hibridas, tragi\u0161kais fiktyvi\u0173 pop\u017evaig\u017ed\u017ei\u0173 \u2013 Vynos Apsaros ir Ormaus Kamos \u2013 gyvenimais perteikiantis roko muzikos stichij\u0105. Knygos leitmotyvas \u2013 savoti\u0161kas siautulingojo roko trikampis MMM (muzika, meil\u0117, mirtis). Vynos ir Ormaus meil\u0117s istorij\u0105 pasakoja Ormaus vaikyst\u0117s draugas ir epizodinis Vynos meilu\u017eis, fotografas Rajus. Ormaus likimas \u2013 tarsi \u0161iuolaikinis mito apie Orf\u0117j\u0105 variantas. Prasiv\u0117rusi \u017eem\u0117 praryja jo mylim\u0105j\u0105 Vyn\u0105, o jis lieka \u017eem\u0117je toliau jai dainuoti\u2026 Vyna \u017e\u016bva per \u017eem\u0117s dreb\u0117jim\u0105. \u0160is gaivalas yra simbolin\u0117 romano a\u0161is. Dreba ne tik \u017eem\u0117: svyruoja moral\u0117, \u012fsitikinimai ir prisiminimai, bra\u0161ka ir ai\u017e\u0117ja visas isteri\u0161kas, agresyvus, nelogi\u0161kas, nepatikimas dabarties pasaulis \u2013 griaud\u0117jant elektrin\u0117ms gitaroms.<\/p>\n","protected":false},"excerpt":{"rendered":"<p>\u201e\u017dem\u0117 po jos kojomis\u201c (1999) \u2013 prie\u0161paskutinis S. Rushdie romanas, nepakartojamas auk\u0161t\u0173j\u0173 ir \u017eem\u0173j\u0173 \u017eanr\u0173 hibridas, tragi\u0161kais fiktyvi\u0173 pop\u017evaig\u017ed\u017ei\u0173 \u2013 Vynos Apsaros ir Ormaus Kamos \u2013 gyvenimais perteikiantis roko muzikos stichij\u0105. Knygos leitmotyvas \u2013 savoti\u0161kas siautulingojo roko trikampis MMM (muzika, meil\u0117, mirtis). Vynos ir Ormaus meil\u0117s istorij\u0105 pasakoja Ormaus vaikyst\u0117s draugas ir epizodinis Vynos meilu\u017eis, fotografas Rajus. Ormaus likimas \u2013 tarsi \u0161iuolaikinis mito apie Orf\u0117j\u0105 variantas. Prasiv\u0117rusi \u017eem\u0117 praryja jo mylim\u0105j\u0105 Vyn\u0105, o jis lieka \u017eem\u0117je toliau jai dainuoti\u2026 Vyna \u017e\u016bva per \u017eem\u0117s dreb\u0117jim\u0105. \u0160is gaivalas yra simbolin\u0117 romano a\u0161is. Dreba ne tik \u017eem\u0117: svyruoja moral\u0117, \u012fsitikinimai ir prisiminimai, bra\u0161ka ir ai\u017e\u0117ja visas isteri\u0161kas, agresyvus, nelogi\u0161kas, nepatikimas dabarties pasaulis \u2013 griaud\u0117jant elektrin\u0117ms gitaroms.<\/p>\n","protected":false},"featured_media":2468,"comment_status":"closed","ping_status":"closed","template":"","meta":{"_acf_changed":false,"site-sidebar-layout":"default","site-content-layout":"","ast-site-content-layout":"default","site-content-style":"default","site-sidebar-style":"default","ast-global-header-display":"","ast-banner-title-visibility":"","ast-main-header-display":"","ast-hfb-above-header-display":"","ast-hfb-below-header-display":"","ast-hfb-mobile-header-display":"","site-post-title":"","ast-breadcrumbs-content":"","ast-featured-img":"","footer-sml-layout":"","ast-disable-related-posts":"","theme-transparent-header-meta":"","adv-header-id-meta":"","stick-header-meta":"","header-above-stick-meta":"","header-main-stick-meta":"","header-below-stick-meta":"","astra-migrate-meta-layouts":"default","ast-page-background-enabled":"default","ast-page-background-meta":{"desktop":{"background-color":"","background-image":"","background-repeat":"repeat","background-position":"center center","background-size":"auto","background-attachment":"scroll","background-type":"","background-media":"","overlay-type":"","overlay-color":"","overlay-opacity":"","overlay-gradient":""},"tablet":{"background-color":"","background-image":"","background-repeat":"repeat","background-position":"center center","background-size":"auto","background-attachment":"scroll","background-type":"","background-media":"","overlay-type":"","overlay-color":"","overlay-opacity":"","overlay-gradient":""},"mobile":{"background-color":"","background-image":"","background-repeat":"repeat","background-position":"center center","background-size":"auto","background-attachment":"scroll","background-type":"","background-media":"","overlay-type":"","overlay-color":"","overlay-opacity":"","overlay-gradient":""}},"ast-content-background-meta":{"desktop":{"background-color":"var(--ast-global-color-4)","background-image":"","background-repeat":"repeat","background-position":"center center","background-size":"auto","background-attachment":"scroll","background-type":"","background-media":"","overlay-type":"","overlay-color":"","overlay-opacity":"","overlay-gradient":""},"tablet":{"background-color":"var(--ast-global-color-4)","background-image":"","background-repeat":"repeat","background-position":"center center","background-size":"auto","background-attachment":"scroll","background-type":"","background-media":"","overlay-type":"","overlay-color":"","overlay-opacity":"","overlay-gradient":""},"mobile":{"background-color":"var(--ast-global-color-4)","background-image":"","background-repeat":"repeat","background-position":"center center","background-size":"auto","background-attachment":"scroll","background-type":"","background-media":"","overlay-type":"","overlay-color":"","overlay-opacity":"","overlay-gradient":""}}},"product_brand":[],"product_cat":[31],"product_tag":[],"class_list":{"0":"post-2413","1":"product","2":"type-product","3":"status-publish","4":"has-post-thumbnail","6":"product_cat-grozine-literatura","7":"desktop-align-left","8":"tablet-align-left","9":"mobile-align-left","11":"first","12":"outofstock","13":"shipping-taxable","14":"purchasable","15":"product-type-simple"},"acf":[],"yoast_head":"<!-- This site is optimized with the Yoast SEO plugin v27.0 - https:\/\/yoast.com\/product\/yoast-seo-wordpress\/ -->\n<title>S. Rushde \u201e\u017dem\u0117 po jos kojomis\u201c - Skaitytaknyga<\/title>\n<meta name=\"description\" content=\"\u201e\u017dem\u0117 po jos kojomis\u201c (1999) \u2013 prie\u0161paskutinis S. Rushdie romanas, nepakartojamas auk\u0161t\u0173j\u0173 ir \u017eem\u0173j\u0173 \u017eanr\u0173 hibridas, tragi\u0161kais fiktyvi\u0173 pop\u017evaig\u017ed\u017ei\u0173 \u2013\" \/>\n<meta name=\"robots\" content=\"index, follow, max-snippet:-1, max-image-preview:large, max-video-preview:-1\" \/>\n<link rel=\"canonical\" href=\"https:\/\/skaitytaknyga.lt\/en\/produktas\/s-rushde-zeme-po-jos-kojomis\/\" \/>\n<meta property=\"og:locale\" content=\"en_GB\" \/>\n<meta property=\"og:locale:alternate\" content=\"lt_LT\" \/>\n<meta property=\"og:type\" content=\"article\" \/>\n<meta property=\"og:title\" content=\"S. Rushde \u201e\u017dem\u0117 po jos kojomis\u201c - Skaitytaknyga\" \/>\n<meta property=\"og:description\" content=\"\u201e\u017dem\u0117 po jos kojomis\u201c (1999) \u2013 prie\u0161paskutinis S. Rushdie romanas, nepakartojamas auk\u0161t\u0173j\u0173 ir \u017eem\u0173j\u0173 \u017eanr\u0173 hibridas, tragi\u0161kais fiktyvi\u0173 pop\u017evaig\u017ed\u017ei\u0173 \u2013\" \/>\n<meta property=\"og:url\" content=\"https:\/\/skaitytaknyga.lt\/en\/produktas\/s-rushde-zeme-po-jos-kojomis\/\" \/>\n<meta property=\"og:site_name\" content=\"Skaitytaknyga\" \/>\n<meta property=\"article:publisher\" content=\"https:\/\/www.facebook.com\/skaitytaknyga\/\" \/>\n<meta property=\"article:modified_time\" content=\"2024-05-03T07:14:45+00:00\" \/>\n<meta property=\"og:image\" content=\"https:\/\/skaitytaknyga.lt\/wp-content\/uploads\/2024\/04\/20200818_155334_edited-scaled-1.jpg\" \/>\n\t<meta property=\"og:image:width\" content=\"1482\" \/>\n\t<meta property=\"og:image:height\" content=\"2560\" \/>\n\t<meta property=\"og:image:type\" content=\"image\/jpeg\" \/>\n<meta name=\"twitter:card\" content=\"summary_large_image\" \/>\n<meta name=\"twitter:label1\" content=\"Estimated reading time\" \/>\n\t<meta name=\"twitter:data1\" content=\"1 minute\" \/>\n<script type=\"application\/ld+json\" class=\"yoast-schema-graph\">{\"@context\":\"https:\/\/schema.org\",\"@graph\":[{\"@type\":\"WebPage\",\"@id\":\"https:\/\/skaitytaknyga.lt\/produktas\/s-rushde-zeme-po-jos-kojomis\/\",\"url\":\"https:\/\/skaitytaknyga.lt\/produktas\/s-rushde-zeme-po-jos-kojomis\/\",\"name\":\"S. Rushde \u201e\u017dem\u0117 po jos kojomis\u201c - Skaitytaknyga\",\"isPartOf\":{\"@id\":\"https:\/\/skaitytaknyga.lt\/#website\"},\"primaryImageOfPage\":{\"@id\":\"https:\/\/skaitytaknyga.lt\/produktas\/s-rushde-zeme-po-jos-kojomis\/#primaryimage\"},\"image\":{\"@id\":\"https:\/\/skaitytaknyga.lt\/produktas\/s-rushde-zeme-po-jos-kojomis\/#primaryimage\"},\"thumbnailUrl\":\"https:\/\/skaitytaknyga.lt\/wp-content\/uploads\/2024\/04\/20200818_155334_edited-scaled-1.jpg\",\"datePublished\":\"2024-04-17T13:09:30+00:00\",\"dateModified\":\"2024-05-03T07:14:45+00:00\",\"description\":\"\u201e\u017dem\u0117 po jos kojomis\u201c (1999) \u2013 prie\u0161paskutinis S. Rushdie romanas, nepakartojamas auk\u0161t\u0173j\u0173 ir \u017eem\u0173j\u0173 \u017eanr\u0173 hibridas, tragi\u0161kais fiktyvi\u0173 pop\u017evaig\u017ed\u017ei\u0173 \u2013\",\"breadcrumb\":{\"@id\":\"https:\/\/skaitytaknyga.lt\/produktas\/s-rushde-zeme-po-jos-kojomis\/#breadcrumb\"},\"inLanguage\":\"en-GB\",\"potentialAction\":[{\"@type\":\"ReadAction\",\"target\":[\"https:\/\/skaitytaknyga.lt\/produktas\/s-rushde-zeme-po-jos-kojomis\/\"]}]},{\"@type\":\"ImageObject\",\"inLanguage\":\"en-GB\",\"@id\":\"https:\/\/skaitytaknyga.lt\/produktas\/s-rushde-zeme-po-jos-kojomis\/#primaryimage\",\"url\":\"https:\/\/skaitytaknyga.lt\/wp-content\/uploads\/2024\/04\/20200818_155334_edited-scaled-1.jpg\",\"contentUrl\":\"https:\/\/skaitytaknyga.lt\/wp-content\/uploads\/2024\/04\/20200818_155334_edited-scaled-1.jpg\",\"width\":1482,\"height\":2560,\"caption\":\"20200818 155334 edited scaled 1\"},{\"@type\":\"BreadcrumbList\",\"@id\":\"https:\/\/skaitytaknyga.lt\/produktas\/s-rushde-zeme-po-jos-kojomis\/#breadcrumb\",\"itemListElement\":[{\"@type\":\"ListItem\",\"position\":1,\"name\":\"Home\",\"item\":\"https:\/\/skaitytaknyga.lt\/\"},{\"@type\":\"ListItem\",\"position\":2,\"name\":\"Parduotuv\u0117\",\"item\":\"https:\/\/skaitytaknyga.lt\/knygu-parduotuve\/\"},{\"@type\":\"ListItem\",\"position\":3,\"name\":\"S. Rushde \u201e\u017dem\u0117 po jos kojomis\u201c\"}]},{\"@type\":\"WebSite\",\"@id\":\"https:\/\/skaitytaknyga.lt\/#website\",\"url\":\"https:\/\/skaitytaknyga.lt\/\",\"name\":\"skaitytaknyga.lt\",\"description\":\"Skaitytaknyga.lt \u2013 tai ma\u017eas \u0161eimos verslas, kuris prasid\u0117jo nuo meil\u0117s knygoms ir siekio i\u0161gelb\u0117ti knygas nuo likimo prie konteinerio. Kas vienam nereikalingas daiktas \u2013 kitam lobis, o mes esame tarpininkai, kurie padeda abiems tapti laimingesniems ???? \u017dinome kaip nelengva i\u0161gyventi ma\u017eiems verslams, tad nuo \u0161iol, \u010dia rasite ir kit\u0173, ma\u017e\u0173 \u0161eim\u0173 versl\u0173, rank\u0173 darbo, dovan\u0173 sau ir artimiesiems.\",\"publisher\":{\"@id\":\"https:\/\/skaitytaknyga.lt\/#organization\"},\"potentialAction\":[{\"@type\":\"SearchAction\",\"target\":{\"@type\":\"EntryPoint\",\"urlTemplate\":\"https:\/\/skaitytaknyga.lt\/?s={search_term_string}\"},\"query-input\":{\"@type\":\"PropertyValueSpecification\",\"valueRequired\":true,\"valueName\":\"search_term_string\"}}],\"inLanguage\":\"en-GB\"},{\"@type\":\"Organization\",\"@id\":\"https:\/\/skaitytaknyga.lt\/#organization\",\"name\":\"skaitytaknyga.lt\",\"url\":\"https:\/\/skaitytaknyga.lt\/\",\"logo\":{\"@type\":\"ImageObject\",\"inLanguage\":\"en-GB\",\"@id\":\"https:\/\/skaitytaknyga.lt\/#\/schema\/logo\/image\/\",\"url\":\"https:\/\/skaitytaknyga.lt\/wp-content\/uploads\/2024\/05\/cropped-cropped-cropped-02_00843_jt3bggkj1j3HLc7SyY6rEUpg.jpeg\",\"contentUrl\":\"https:\/\/skaitytaknyga.lt\/wp-content\/uploads\/2024\/05\/cropped-cropped-cropped-02_00843_jt3bggkj1j3HLc7SyY6rEUpg.jpeg\",\"width\":1600,\"height\":1600,\"caption\":\"skaitytaknyga.lt\"},\"image\":{\"@id\":\"https:\/\/skaitytaknyga.lt\/#\/schema\/logo\/image\/\"},\"sameAs\":[\"https:\/\/www.facebook.com\/skaitytaknyga\/\"]}]}<\/script>\n<!-- \/ Yoast SEO plugin. -->","yoast_head_json":{"title":"S. Rushde \u201e\u017dem\u0117 po jos kojomis\u201c - Skaitytaknyga","description":"\u201e\u017dem\u0117 po jos kojomis\u201c (1999) \u2013 prie\u0161paskutinis S. Rushdie romanas, nepakartojamas auk\u0161t\u0173j\u0173 ir \u017eem\u0173j\u0173 \u017eanr\u0173 hibridas, tragi\u0161kais fiktyvi\u0173 pop\u017evaig\u017ed\u017ei\u0173 \u2013","robots":{"index":"index","follow":"follow","max-snippet":"max-snippet:-1","max-image-preview":"max-image-preview:large","max-video-preview":"max-video-preview:-1"},"canonical":"https:\/\/skaitytaknyga.lt\/en\/produktas\/s-rushde-zeme-po-jos-kojomis\/","og_locale":"en_GB","og_type":"article","og_title":"S. Rushde \u201e\u017dem\u0117 po jos kojomis\u201c - Skaitytaknyga","og_description":"\u201e\u017dem\u0117 po jos kojomis\u201c (1999) \u2013 prie\u0161paskutinis S. Rushdie romanas, nepakartojamas auk\u0161t\u0173j\u0173 ir \u017eem\u0173j\u0173 \u017eanr\u0173 hibridas, tragi\u0161kais fiktyvi\u0173 pop\u017evaig\u017ed\u017ei\u0173 \u2013","og_url":"https:\/\/skaitytaknyga.lt\/en\/produktas\/s-rushde-zeme-po-jos-kojomis\/","og_site_name":"Skaitytaknyga","article_publisher":"https:\/\/www.facebook.com\/skaitytaknyga\/","article_modified_time":"2024-05-03T07:14:45+00:00","og_image":[{"width":1482,"height":2560,"url":"https:\/\/skaitytaknyga.lt\/wp-content\/uploads\/2024\/04\/20200818_155334_edited-scaled-1.jpg","type":"image\/jpeg"}],"twitter_card":"summary_large_image","twitter_misc":{"Estimated reading time":"1 minute"},"schema":{"@context":"https:\/\/schema.org","@graph":[{"@type":"WebPage","@id":"https:\/\/skaitytaknyga.lt\/produktas\/s-rushde-zeme-po-jos-kojomis\/","url":"https:\/\/skaitytaknyga.lt\/produktas\/s-rushde-zeme-po-jos-kojomis\/","name":"S. Rushde \u201e\u017dem\u0117 po jos kojomis\u201c - Skaitytaknyga","isPartOf":{"@id":"https:\/\/skaitytaknyga.lt\/#website"},"primaryImageOfPage":{"@id":"https:\/\/skaitytaknyga.lt\/produktas\/s-rushde-zeme-po-jos-kojomis\/#primaryimage"},"image":{"@id":"https:\/\/skaitytaknyga.lt\/produktas\/s-rushde-zeme-po-jos-kojomis\/#primaryimage"},"thumbnailUrl":"https:\/\/skaitytaknyga.lt\/wp-content\/uploads\/2024\/04\/20200818_155334_edited-scaled-1.jpg","datePublished":"2024-04-17T13:09:30+00:00","dateModified":"2024-05-03T07:14:45+00:00","description":"\u201e\u017dem\u0117 po jos kojomis\u201c (1999) \u2013 prie\u0161paskutinis S. Rushdie romanas, nepakartojamas auk\u0161t\u0173j\u0173 ir \u017eem\u0173j\u0173 \u017eanr\u0173 hibridas, tragi\u0161kais fiktyvi\u0173 pop\u017evaig\u017ed\u017ei\u0173 \u2013","breadcrumb":{"@id":"https:\/\/skaitytaknyga.lt\/produktas\/s-rushde-zeme-po-jos-kojomis\/#breadcrumb"},"inLanguage":"en-GB","potentialAction":[{"@type":"ReadAction","target":["https:\/\/skaitytaknyga.lt\/produktas\/s-rushde-zeme-po-jos-kojomis\/"]}]},{"@type":"ImageObject","inLanguage":"en-GB","@id":"https:\/\/skaitytaknyga.lt\/produktas\/s-rushde-zeme-po-jos-kojomis\/#primaryimage","url":"https:\/\/skaitytaknyga.lt\/wp-content\/uploads\/2024\/04\/20200818_155334_edited-scaled-1.jpg","contentUrl":"https:\/\/skaitytaknyga.lt\/wp-content\/uploads\/2024\/04\/20200818_155334_edited-scaled-1.jpg","width":1482,"height":2560,"caption":"20200818 155334 edited scaled 1"},{"@type":"BreadcrumbList","@id":"https:\/\/skaitytaknyga.lt\/produktas\/s-rushde-zeme-po-jos-kojomis\/#breadcrumb","itemListElement":[{"@type":"ListItem","position":1,"name":"Home","item":"https:\/\/skaitytaknyga.lt\/"},{"@type":"ListItem","position":2,"name":"Parduotuv\u0117","item":"https:\/\/skaitytaknyga.lt\/knygu-parduotuve\/"},{"@type":"ListItem","position":3,"name":"S. Rushde \u201e\u017dem\u0117 po jos kojomis\u201c"}]},{"@type":"WebSite","@id":"https:\/\/skaitytaknyga.lt\/#website","url":"https:\/\/skaitytaknyga.lt\/","name":"skaitytaknyga.lt","description":"Skaitytaknyga.lt \u2013 tai ma\u017eas \u0161eimos verslas, kuris prasid\u0117jo nuo meil\u0117s knygoms ir siekio i\u0161gelb\u0117ti knygas nuo likimo prie konteinerio. Kas vienam nereikalingas daiktas \u2013 kitam lobis, o mes esame tarpininkai, kurie padeda abiems tapti laimingesniems ???? \u017dinome kaip nelengva i\u0161gyventi ma\u017eiems verslams, tad nuo \u0161iol, \u010dia rasite ir kit\u0173, ma\u017e\u0173 \u0161eim\u0173 versl\u0173, rank\u0173 darbo, dovan\u0173 sau ir artimiesiems.","publisher":{"@id":"https:\/\/skaitytaknyga.lt\/#organization"},"potentialAction":[{"@type":"SearchAction","target":{"@type":"EntryPoint","urlTemplate":"https:\/\/skaitytaknyga.lt\/?s={search_term_string}"},"query-input":{"@type":"PropertyValueSpecification","valueRequired":true,"valueName":"search_term_string"}}],"inLanguage":"en-GB"},{"@type":"Organization","@id":"https:\/\/skaitytaknyga.lt\/#organization","name":"skaitytaknyga.lt","url":"https:\/\/skaitytaknyga.lt\/","logo":{"@type":"ImageObject","inLanguage":"en-GB","@id":"https:\/\/skaitytaknyga.lt\/#\/schema\/logo\/image\/","url":"https:\/\/skaitytaknyga.lt\/wp-content\/uploads\/2024\/05\/cropped-cropped-cropped-02_00843_jt3bggkj1j3HLc7SyY6rEUpg.jpeg","contentUrl":"https:\/\/skaitytaknyga.lt\/wp-content\/uploads\/2024\/05\/cropped-cropped-cropped-02_00843_jt3bggkj1j3HLc7SyY6rEUpg.jpeg","width":1600,"height":1600,"caption":"skaitytaknyga.lt"},"image":{"@id":"https:\/\/skaitytaknyga.lt\/#\/schema\/logo\/image\/"},"sameAs":["https:\/\/www.facebook.com\/skaitytaknyga\/"]}]}},"_links":{"self":[{"href":"https:\/\/skaitytaknyga.lt\/en\/wp-json\/wp\/v2\/product\/2413","targetHints":{"allow":["GET"]}}],"collection":[{"href":"https:\/\/skaitytaknyga.lt\/en\/wp-json\/wp\/v2\/product"}],"about":[{"href":"https:\/\/skaitytaknyga.lt\/en\/wp-json\/wp\/v2\/types\/product"}],"replies":[{"embeddable":true,"href":"https:\/\/skaitytaknyga.lt\/en\/wp-json\/wp\/v2\/comments?post=2413"}],"wp:featuredmedia":[{"embeddable":true,"href":"https:\/\/skaitytaknyga.lt\/en\/wp-json\/wp\/v2\/media\/2468"}],"wp:attachment":[{"href":"https:\/\/skaitytaknyga.lt\/en\/wp-json\/wp\/v2\/media?parent=2413"}],"wp:term":[{"taxonomy":"product_brand","embeddable":true,"href":"https:\/\/skaitytaknyga.lt\/en\/wp-json\/wp\/v2\/product_brand?post=2413"},{"taxonomy":"product_cat","embeddable":true,"href":"https:\/\/skaitytaknyga.lt\/en\/wp-json\/wp\/v2\/product_cat?post=2413"},{"taxonomy":"product_tag","embeddable":true,"href":"https:\/\/skaitytaknyga.lt\/en\/wp-json\/wp\/v2\/product_tag?post=2413"}],"curies":[{"name":"wp","href":"https:\/\/api.w.org\/{rel}","templated":true}]}}