{"id":2410,"date":"2024-04-17T13:09:30","date_gmt":"2024-04-17T13:09:30","guid":{"rendered":"https:\/\/skaitytaknyga.lt\/?post_type=product&#038;p=2410"},"modified":"2025-01-24T16:37:52","modified_gmt":"2025-01-24T14:37:52","slug":"r-bradbury-vienisasis-prisaukia-mirti","status":"publish","type":"product","link":"https:\/\/skaitytaknyga.lt\/en\/produktas\/r-bradbury-vienisasis-prisaukia-mirti\/","title":{"rendered":"R. Bradbury \u201eVieni\u0161asis pri\u0161aukia mirt\u012f\u201c"},"content":{"rendered":"<p>\u0160iuolaikin\u0117s fantastin\u0117s literat\u016bros meistras, daugiau nei trisde\u0161imties knyg\u0173 autorius Ray Bradbury lietuvi\u0173 skaitytojams puikiai \u017einomas ir j\u0173 m\u0117gstamas. \u201eVieni\u0161asis pri\u0161aukia mirt\u012f\u201c para\u0161ytas kiek neb\u016bdinga autoriui psichologinio detektyvo forma. I\u0161 kit\u0173 Ray Bradbury k\u016brini\u0173 \u0161is romanas i\u0161siskiria nepaprastu stiliaus lengvumu, ypa\u010d intriguojan\u010diu siu\u017eetu ir puikiu humoru.<\/p>\n<p>Gaus\u016bs ra\u0161ytojo gerb\u0117jai \u010dia atras ne tik jam b\u016bding\u0105 gilinim\u0105si \u012f filosofines m\u016bs\u0173 laik\u0173 problemas, bet ir daugyb\u0119 autobiografini\u0173 moment\u0173. Su \u0161velnia nostalgija ra\u0161ytojas atkuria 1949 met\u0173 \u012fvykius Venecijos miestelyje Kalifornijoje: jaunas ra\u0161ytojas \u201ekepa\u201c apsakymus pigiems \u017eurnalams ir staiga pastebi, kad aplinkui dedasi keisti dalykai, negana to \u2014 tarp jo k\u016brybos ir paslapting\u0173 \u012fvyki\u0173 egzistuoja ry\u0161ys\u2026<\/p>\n<ul class=\"about-product d-none d-xl-block mt-4\">\n<li><strong>Originalus pavadinimas:<\/strong>\u00a0Death is a Lonely Business<\/li>\n<li><strong>Autorius:<\/strong>\u00a0Ray Bradbury<\/li>\n<li><strong>Leid\u0117jas:<\/strong>\u00a0Tyto alba<\/li>\n<li><strong>Metai:<\/strong>\u00a02004<\/li>\n<li><strong>Puslapiai:<\/strong>\u00a0285<\/li>\n<li class=\"toggleable type-new-formats \"><strong>ISBN:<\/strong>\u00a09789986163695<\/li>\n<li class=\"toggleable type-new-formats \"><strong>Formatas:<\/strong>\u00a015 x 22 cm, kieti vir\u0161eliai<\/li>\n<li><strong>Kalba:<\/strong>\u00a0Lietuvi\u0173<\/li>\n<li><strong>Vert\u0117jas:<\/strong>\u00a0Rasa Akstinien\u0117<\/li>\n<\/ul>\n","protected":false},"excerpt":{"rendered":"<p>\u0160iuolaikin\u0117s fantastin\u0117s literat\u016bros meistras, daugiau nei trisde\u0161imties knyg\u0173 autorius Ray Bradbury lietuvi\u0173 skaitytojams puikiai \u017einomas ir j\u0173 m\u0117gstamas. \u201eVieni\u0161asis pri\u0161aukia mirt\u012f\u201c para\u0161ytas kiek neb\u016bdinga autoriui psichologinio detektyvo forma. I\u0161 kit\u0173 Ray Bradbury k\u016brini\u0173 \u0161is romanas i\u0161siskiria nepaprastu stiliaus lengvumu, ypa\u010d intriguojan\u010diu siu\u017eetu ir puikiu humoru. Gaus\u016bs ra\u0161ytojo gerb\u0117jai \u010dia atras ne tik jam b\u016bding\u0105 gilinim\u0105si \u012f filosofines m\u016bs\u0173 laik\u0173 problemas, bet ir daugyb\u0119 autobiografini\u0173 moment\u0173. Su \u0161velnia nostalgija ra\u0161ytojas atkuria 1949 met\u0173 \u012fvykius Venecijos miestelyje Kalifornijoje: jaunas ra\u0161ytojas \u201ekepa\u201c apsakymus pigiems \u017eurnalams ir staiga pastebi, kad aplinkui dedasi keisti dalykai, negana to \u2014 tarp jo k\u016brybos ir paslapting\u0173 \u012fvyki\u0173 egzistuoja ry\u0161ys\u2026 Originalus pavadinimas:\u00a0Death is a Lonely Business Autorius:\u00a0Ray Bradbury Leid\u0117jas:\u00a0Tyto alba Metai:\u00a02004 Puslapiai:\u00a0285 ISBN:\u00a09789986163695 Formatas:\u00a015 x 22 cm, kieti vir\u0161eliai Kalba:\u00a0Lietuvi\u0173 Vert\u0117jas:\u00a0Rasa Akstinien\u0117<\/p>\n","protected":false},"featured_media":2462,"comment_status":"closed","ping_status":"closed","template":"","meta":{"_acf_changed":false,"site-sidebar-layout":"default","site-content-layout":"","ast-site-content-layout":"default","site-content-style":"default","site-sidebar-style":"default","ast-global-header-display":"","ast-banner-title-visibility":"","ast-main-header-display":"","ast-hfb-above-header-display":"","ast-hfb-below-header-display":"","ast-hfb-mobile-header-display":"","site-post-title":"","ast-breadcrumbs-content":"","ast-featured-img":"","footer-sml-layout":"","ast-disable-related-posts":"","theme-transparent-header-meta":"default","adv-header-id-meta":"","stick-header-meta":"","header-above-stick-meta":"","header-main-stick-meta":"","header-below-stick-meta":"","astra-migrate-meta-layouts":"set","ast-page-background-enabled":"default","ast-page-background-meta":{"desktop":{"background-color":"","background-image":"","background-repeat":"repeat","background-position":"center center","background-size":"auto","background-attachment":"scroll","background-type":"","background-media":"","overlay-type":"","overlay-color":"","overlay-opacity":"","overlay-gradient":""},"tablet":{"background-color":"","background-image":"","background-repeat":"repeat","background-position":"center center","background-size":"auto","background-attachment":"scroll","background-type":"","background-media":"","overlay-type":"","overlay-color":"","overlay-opacity":"","overlay-gradient":""},"mobile":{"background-color":"","background-image":"","background-repeat":"repeat","background-position":"center center","background-size":"auto","background-attachment":"scroll","background-type":"","background-media":"","overlay-type":"","overlay-color":"","overlay-opacity":"","overlay-gradient":""}},"ast-content-background-meta":{"desktop":{"background-color":"var(--ast-global-color-4)","background-image":"","background-repeat":"repeat","background-position":"center center","background-size":"auto","background-attachment":"scroll","background-type":"","background-media":"","overlay-type":"","overlay-color":"","overlay-opacity":"","overlay-gradient":""},"tablet":{"background-color":"var(--ast-global-color-4)","background-image":"","background-repeat":"repeat","background-position":"center center","background-size":"auto","background-attachment":"scroll","background-type":"","background-media":"","overlay-type":"","overlay-color":"","overlay-opacity":"","overlay-gradient":""},"mobile":{"background-color":"var(--ast-global-color-4)","background-image":"","background-repeat":"repeat","background-position":"center center","background-size":"auto","background-attachment":"scroll","background-type":"","background-media":"","overlay-type":"","overlay-color":"","overlay-opacity":"","overlay-gradient":""}}},"product_brand":[],"product_cat":[31],"product_tag":[],"class_list":{"0":"post-2410","1":"product","2":"type-product","3":"status-publish","4":"has-post-thumbnail","6":"product_cat-grozine-literatura","7":"desktop-align-left","8":"tablet-align-left","9":"mobile-align-left","11":"first","12":"instock","13":"shipping-taxable","14":"purchasable","15":"product-type-simple"},"acf":[],"yoast_head":"<!-- This site is optimized with the Yoast SEO plugin v27.0 - https:\/\/yoast.com\/product\/yoast-seo-wordpress\/ -->\n<title>R. Bradbury \u201eVieni\u0161asis pri\u0161aukia mirt\u012f\u201c<\/title>\n<meta name=\"description\" content=\"\u0160iuolaikin\u0117s fantastin\u0117s literat\u016bros meistras, daugiau nei trisde\u0161imties knyg\u0173 autorius Ray Bradbury lietuvi\u0173 skaitytojams puikiai \u017einomas ir j\u0173\" \/>\n<meta name=\"robots\" content=\"index, follow, max-snippet:-1, max-image-preview:large, max-video-preview:-1\" \/>\n<link rel=\"canonical\" href=\"https:\/\/skaitytaknyga.lt\/en\/produktas\/r-bradbury-vienisasis-prisaukia-mirti\/\" \/>\n<meta property=\"og:locale\" content=\"en_GB\" \/>\n<meta property=\"og:locale:alternate\" content=\"lt_LT\" \/>\n<meta property=\"og:type\" content=\"article\" \/>\n<meta property=\"og:title\" content=\"R. Bradbury \u201eVieni\u0161asis pri\u0161aukia mirt\u012f\u201c\" \/>\n<meta property=\"og:description\" content=\"\u0160iuolaikin\u0117s fantastin\u0117s literat\u016bros meistras, daugiau nei trisde\u0161imties knyg\u0173 autorius Ray Bradbury lietuvi\u0173 skaitytojams puikiai \u017einomas ir j\u0173\" \/>\n<meta property=\"og:url\" content=\"https:\/\/skaitytaknyga.lt\/en\/produktas\/r-bradbury-vienisasis-prisaukia-mirti\/\" \/>\n<meta property=\"og:site_name\" content=\"Skaitytaknyga\" \/>\n<meta property=\"article:publisher\" content=\"https:\/\/www.facebook.com\/skaitytaknyga\/\" \/>\n<meta property=\"article:modified_time\" content=\"2025-01-24T14:37:52+00:00\" \/>\n<meta property=\"og:image\" content=\"https:\/\/skaitytaknyga.lt\/wp-content\/uploads\/2024\/04\/20200818_154644_edited.jpg\" \/>\n\t<meta property=\"og:image:width\" content=\"1669\" \/>\n\t<meta property=\"og:image:height\" content=\"2456\" \/>\n\t<meta property=\"og:image:type\" content=\"image\/jpeg\" \/>\n<meta name=\"twitter:card\" content=\"summary_large_image\" \/>\n<meta name=\"twitter:label1\" content=\"Estimated reading time\" \/>\n\t<meta name=\"twitter:data1\" content=\"1 minute\" \/>\n<script type=\"application\/ld+json\" class=\"yoast-schema-graph\">{\"@context\":\"https:\/\/schema.org\",\"@graph\":[{\"@type\":\"WebPage\",\"@id\":\"https:\/\/skaitytaknyga.lt\/produktas\/r-bradbury-vienisasis-prisaukia-mirti\/\",\"url\":\"https:\/\/skaitytaknyga.lt\/produktas\/r-bradbury-vienisasis-prisaukia-mirti\/\",\"name\":\"R. Bradbury \u201eVieni\u0161asis pri\u0161aukia mirt\u012f\u201c\",\"isPartOf\":{\"@id\":\"https:\/\/skaitytaknyga.lt\/#website\"},\"primaryImageOfPage\":{\"@id\":\"https:\/\/skaitytaknyga.lt\/produktas\/r-bradbury-vienisasis-prisaukia-mirti\/#primaryimage\"},\"image\":{\"@id\":\"https:\/\/skaitytaknyga.lt\/produktas\/r-bradbury-vienisasis-prisaukia-mirti\/#primaryimage\"},\"thumbnailUrl\":\"https:\/\/skaitytaknyga.lt\/wp-content\/uploads\/2024\/04\/20200818_154644_edited.jpg\",\"datePublished\":\"2024-04-17T13:09:30+00:00\",\"dateModified\":\"2025-01-24T14:37:52+00:00\",\"description\":\"\u0160iuolaikin\u0117s fantastin\u0117s literat\u016bros meistras, daugiau nei trisde\u0161imties knyg\u0173 autorius Ray Bradbury lietuvi\u0173 skaitytojams puikiai \u017einomas ir j\u0173\",\"breadcrumb\":{\"@id\":\"https:\/\/skaitytaknyga.lt\/produktas\/r-bradbury-vienisasis-prisaukia-mirti\/#breadcrumb\"},\"inLanguage\":\"en-GB\",\"potentialAction\":[{\"@type\":\"ReadAction\",\"target\":[\"https:\/\/skaitytaknyga.lt\/produktas\/r-bradbury-vienisasis-prisaukia-mirti\/\"]}]},{\"@type\":\"ImageObject\",\"inLanguage\":\"en-GB\",\"@id\":\"https:\/\/skaitytaknyga.lt\/produktas\/r-bradbury-vienisasis-prisaukia-mirti\/#primaryimage\",\"url\":\"https:\/\/skaitytaknyga.lt\/wp-content\/uploads\/2024\/04\/20200818_154644_edited.jpg\",\"contentUrl\":\"https:\/\/skaitytaknyga.lt\/wp-content\/uploads\/2024\/04\/20200818_154644_edited.jpg\",\"width\":1669,\"height\":2456,\"caption\":\"20200818 154644 edited\"},{\"@type\":\"BreadcrumbList\",\"@id\":\"https:\/\/skaitytaknyga.lt\/produktas\/r-bradbury-vienisasis-prisaukia-mirti\/#breadcrumb\",\"itemListElement\":[{\"@type\":\"ListItem\",\"position\":1,\"name\":\"Home\",\"item\":\"https:\/\/skaitytaknyga.lt\/\"},{\"@type\":\"ListItem\",\"position\":2,\"name\":\"Parduotuv\u0117\",\"item\":\"https:\/\/skaitytaknyga.lt\/knygu-parduotuve\/\"},{\"@type\":\"ListItem\",\"position\":3,\"name\":\"R. Bradbury \u201eVieni\u0161asis pri\u0161aukia mirt\u012f\u201c\"}]},{\"@type\":\"WebSite\",\"@id\":\"https:\/\/skaitytaknyga.lt\/#website\",\"url\":\"https:\/\/skaitytaknyga.lt\/\",\"name\":\"skaitytaknyga.lt\",\"description\":\"Skaitytaknyga.lt \u2013 tai ma\u017eas \u0161eimos verslas, kuris prasid\u0117jo nuo meil\u0117s knygoms ir siekio i\u0161gelb\u0117ti knygas nuo likimo prie konteinerio. Kas vienam nereikalingas daiktas \u2013 kitam lobis, o mes esame tarpininkai, kurie padeda abiems tapti laimingesniems ???? \u017dinome kaip nelengva i\u0161gyventi ma\u017eiems verslams, tad nuo \u0161iol, \u010dia rasite ir kit\u0173, ma\u017e\u0173 \u0161eim\u0173 versl\u0173, rank\u0173 darbo, dovan\u0173 sau ir artimiesiems.\",\"publisher\":{\"@id\":\"https:\/\/skaitytaknyga.lt\/#organization\"},\"potentialAction\":[{\"@type\":\"SearchAction\",\"target\":{\"@type\":\"EntryPoint\",\"urlTemplate\":\"https:\/\/skaitytaknyga.lt\/?s={search_term_string}\"},\"query-input\":{\"@type\":\"PropertyValueSpecification\",\"valueRequired\":true,\"valueName\":\"search_term_string\"}}],\"inLanguage\":\"en-GB\"},{\"@type\":\"Organization\",\"@id\":\"https:\/\/skaitytaknyga.lt\/#organization\",\"name\":\"skaitytaknyga.lt\",\"url\":\"https:\/\/skaitytaknyga.lt\/\",\"logo\":{\"@type\":\"ImageObject\",\"inLanguage\":\"en-GB\",\"@id\":\"https:\/\/skaitytaknyga.lt\/#\/schema\/logo\/image\/\",\"url\":\"https:\/\/skaitytaknyga.lt\/wp-content\/uploads\/2024\/05\/cropped-cropped-cropped-02_00843_jt3bggkj1j3HLc7SyY6rEUpg.jpeg\",\"contentUrl\":\"https:\/\/skaitytaknyga.lt\/wp-content\/uploads\/2024\/05\/cropped-cropped-cropped-02_00843_jt3bggkj1j3HLc7SyY6rEUpg.jpeg\",\"width\":1600,\"height\":1600,\"caption\":\"skaitytaknyga.lt\"},\"image\":{\"@id\":\"https:\/\/skaitytaknyga.lt\/#\/schema\/logo\/image\/\"},\"sameAs\":[\"https:\/\/www.facebook.com\/skaitytaknyga\/\"]}]}<\/script>\n<!-- \/ Yoast SEO plugin. -->","yoast_head_json":{"title":"R. Bradbury \u201eVieni\u0161asis pri\u0161aukia mirt\u012f\u201c","description":"\u0160iuolaikin\u0117s fantastin\u0117s literat\u016bros meistras, daugiau nei trisde\u0161imties knyg\u0173 autorius Ray Bradbury lietuvi\u0173 skaitytojams puikiai \u017einomas ir j\u0173","robots":{"index":"index","follow":"follow","max-snippet":"max-snippet:-1","max-image-preview":"max-image-preview:large","max-video-preview":"max-video-preview:-1"},"canonical":"https:\/\/skaitytaknyga.lt\/en\/produktas\/r-bradbury-vienisasis-prisaukia-mirti\/","og_locale":"en_GB","og_type":"article","og_title":"[:lt]R. Bradbury \u201eVieni\u0161asis pri\u0161aukia mirt\u012f\u201c[:] - Skaitytaknyga","og_description":"\u0160iuolaikin\u0117s fantastin\u0117s literat\u016bros meistras, daugiau nei trisde\u0161imties knyg\u0173 autorius Ray Bradbury lietuvi\u0173 skaitytojams puikiai \u017einomas ir j\u0173","og_url":"https:\/\/skaitytaknyga.lt\/en\/produktas\/r-bradbury-vienisasis-prisaukia-mirti\/","og_site_name":"Skaitytaknyga","article_publisher":"https:\/\/www.facebook.com\/skaitytaknyga\/","article_modified_time":"2025-01-24T14:37:52+00:00","og_image":[{"width":1669,"height":2456,"url":"https:\/\/skaitytaknyga.lt\/wp-content\/uploads\/2024\/04\/20200818_154644_edited.jpg","type":"image\/jpeg"}],"twitter_card":"summary_large_image","twitter_misc":{"Estimated reading time":"1 minute"},"schema":{"@context":"https:\/\/schema.org","@graph":[{"@type":"WebPage","@id":"https:\/\/skaitytaknyga.lt\/produktas\/r-bradbury-vienisasis-prisaukia-mirti\/","url":"https:\/\/skaitytaknyga.lt\/produktas\/r-bradbury-vienisasis-prisaukia-mirti\/","name":"R. Bradbury \u201eVieni\u0161asis pri\u0161aukia mirt\u012f\u201c","isPartOf":{"@id":"https:\/\/skaitytaknyga.lt\/#website"},"primaryImageOfPage":{"@id":"https:\/\/skaitytaknyga.lt\/produktas\/r-bradbury-vienisasis-prisaukia-mirti\/#primaryimage"},"image":{"@id":"https:\/\/skaitytaknyga.lt\/produktas\/r-bradbury-vienisasis-prisaukia-mirti\/#primaryimage"},"thumbnailUrl":"https:\/\/skaitytaknyga.lt\/wp-content\/uploads\/2024\/04\/20200818_154644_edited.jpg","datePublished":"2024-04-17T13:09:30+00:00","dateModified":"2025-01-24T14:37:52+00:00","description":"\u0160iuolaikin\u0117s fantastin\u0117s literat\u016bros meistras, daugiau nei trisde\u0161imties knyg\u0173 autorius Ray Bradbury lietuvi\u0173 skaitytojams puikiai \u017einomas ir j\u0173","breadcrumb":{"@id":"https:\/\/skaitytaknyga.lt\/produktas\/r-bradbury-vienisasis-prisaukia-mirti\/#breadcrumb"},"inLanguage":"en-GB","potentialAction":[{"@type":"ReadAction","target":["https:\/\/skaitytaknyga.lt\/produktas\/r-bradbury-vienisasis-prisaukia-mirti\/"]}]},{"@type":"ImageObject","inLanguage":"en-GB","@id":"https:\/\/skaitytaknyga.lt\/produktas\/r-bradbury-vienisasis-prisaukia-mirti\/#primaryimage","url":"https:\/\/skaitytaknyga.lt\/wp-content\/uploads\/2024\/04\/20200818_154644_edited.jpg","contentUrl":"https:\/\/skaitytaknyga.lt\/wp-content\/uploads\/2024\/04\/20200818_154644_edited.jpg","width":1669,"height":2456,"caption":"20200818 154644 edited"},{"@type":"BreadcrumbList","@id":"https:\/\/skaitytaknyga.lt\/produktas\/r-bradbury-vienisasis-prisaukia-mirti\/#breadcrumb","itemListElement":[{"@type":"ListItem","position":1,"name":"Home","item":"https:\/\/skaitytaknyga.lt\/"},{"@type":"ListItem","position":2,"name":"Parduotuv\u0117","item":"https:\/\/skaitytaknyga.lt\/knygu-parduotuve\/"},{"@type":"ListItem","position":3,"name":"R. Bradbury \u201eVieni\u0161asis pri\u0161aukia mirt\u012f\u201c"}]},{"@type":"WebSite","@id":"https:\/\/skaitytaknyga.lt\/#website","url":"https:\/\/skaitytaknyga.lt\/","name":"skaitytaknyga.lt","description":"Skaitytaknyga.lt \u2013 tai ma\u017eas \u0161eimos verslas, kuris prasid\u0117jo nuo meil\u0117s knygoms ir siekio i\u0161gelb\u0117ti knygas nuo likimo prie konteinerio. Kas vienam nereikalingas daiktas \u2013 kitam lobis, o mes esame tarpininkai, kurie padeda abiems tapti laimingesniems ???? \u017dinome kaip nelengva i\u0161gyventi ma\u017eiems verslams, tad nuo \u0161iol, \u010dia rasite ir kit\u0173, ma\u017e\u0173 \u0161eim\u0173 versl\u0173, rank\u0173 darbo, dovan\u0173 sau ir artimiesiems.","publisher":{"@id":"https:\/\/skaitytaknyga.lt\/#organization"},"potentialAction":[{"@type":"SearchAction","target":{"@type":"EntryPoint","urlTemplate":"https:\/\/skaitytaknyga.lt\/?s={search_term_string}"},"query-input":{"@type":"PropertyValueSpecification","valueRequired":true,"valueName":"search_term_string"}}],"inLanguage":"en-GB"},{"@type":"Organization","@id":"https:\/\/skaitytaknyga.lt\/#organization","name":"skaitytaknyga.lt","url":"https:\/\/skaitytaknyga.lt\/","logo":{"@type":"ImageObject","inLanguage":"en-GB","@id":"https:\/\/skaitytaknyga.lt\/#\/schema\/logo\/image\/","url":"https:\/\/skaitytaknyga.lt\/wp-content\/uploads\/2024\/05\/cropped-cropped-cropped-02_00843_jt3bggkj1j3HLc7SyY6rEUpg.jpeg","contentUrl":"https:\/\/skaitytaknyga.lt\/wp-content\/uploads\/2024\/05\/cropped-cropped-cropped-02_00843_jt3bggkj1j3HLc7SyY6rEUpg.jpeg","width":1600,"height":1600,"caption":"skaitytaknyga.lt"},"image":{"@id":"https:\/\/skaitytaknyga.lt\/#\/schema\/logo\/image\/"},"sameAs":["https:\/\/www.facebook.com\/skaitytaknyga\/"]}]}},"_links":{"self":[{"href":"https:\/\/skaitytaknyga.lt\/en\/wp-json\/wp\/v2\/product\/2410","targetHints":{"allow":["GET"]}}],"collection":[{"href":"https:\/\/skaitytaknyga.lt\/en\/wp-json\/wp\/v2\/product"}],"about":[{"href":"https:\/\/skaitytaknyga.lt\/en\/wp-json\/wp\/v2\/types\/product"}],"replies":[{"embeddable":true,"href":"https:\/\/skaitytaknyga.lt\/en\/wp-json\/wp\/v2\/comments?post=2410"}],"wp:featuredmedia":[{"embeddable":true,"href":"https:\/\/skaitytaknyga.lt\/en\/wp-json\/wp\/v2\/media\/2462"}],"wp:attachment":[{"href":"https:\/\/skaitytaknyga.lt\/en\/wp-json\/wp\/v2\/media?parent=2410"}],"wp:term":[{"taxonomy":"product_brand","embeddable":true,"href":"https:\/\/skaitytaknyga.lt\/en\/wp-json\/wp\/v2\/product_brand?post=2410"},{"taxonomy":"product_cat","embeddable":true,"href":"https:\/\/skaitytaknyga.lt\/en\/wp-json\/wp\/v2\/product_cat?post=2410"},{"taxonomy":"product_tag","embeddable":true,"href":"https:\/\/skaitytaknyga.lt\/en\/wp-json\/wp\/v2\/product_tag?post=2410"}],"curies":[{"name":"wp","href":"https:\/\/api.w.org\/{rel}","templated":true}]}}