{"id":2406,"date":"2024-04-17T16:09:30","date_gmt":"2024-04-17T13:09:30","guid":{"rendered":"https:\/\/skaitytaknyga.lt\/?post_type=product&#038;p=2406"},"modified":"2025-11-21T18:24:10","modified_gmt":"2025-11-21T16:24:10","slug":"j-steinbeck-tortiliju-kvartalas","status":"publish","type":"product","link":"https:\/\/skaitytaknyga.lt\/en\/produktas\/j-steinbeck-tortiliju-kvartalas\/","title":{"rendered":"J. Steinbeck \u201eTortilij\u0173 kvartalas\u201c"},"content":{"rendered":"<p>\u017dymaus amerikie\u010di\u0173 ra\u0161ytojo, Nobelio premijos laureato John Steinbeck romanas \u201eTortilij\u0173 kvartalas&#8221; savo stilistika ir tema labai pana\u0161us \u012f kit\u0105 autoriaus roman\u0105 \u201eKonserv\u0173 gatv\u0117&#8221;. \u0160iame glaustame amerikie\u010di\u0173 miestelio gyventoj\u0173 \u0161ar\u017ee \u2013 ry\u0161k\u016bs ir humoristi\u0161ki provincijos valkat\u0117li\u0173 charakteri\u0173, j\u0173 patiriam\u0173 nuotyki\u0173 \u0161trichai.<\/p>\n","protected":false},"excerpt":{"rendered":"<p>\u017dymaus amerikie\u010di\u0173 ra\u0161ytojo, Nobelio premijos laureato John Steinbeck romanas \u201eTortilij\u0173 kvartalas&#8221; savo stilistika ir tema labai pana\u0161us \u012f kit\u0105 autoriaus roman\u0105 \u201eKonserv\u0173 gatv\u0117&#8221;. \u0160iame glaustame amerikie\u010di\u0173 miestelio gyventoj\u0173 \u0161ar\u017ee \u2013 ry\u0161k\u016bs ir humoristi\u0161ki provincijos valkat\u0117li\u0173 charakteri\u0173, j\u0173 patiriam\u0173 nuotyki\u0173 \u0161trichai.<\/p>\n","protected":false},"featured_media":2455,"comment_status":"closed","ping_status":"closed","template":"","meta":{"_acf_changed":false,"site-sidebar-layout":"default","site-content-layout":"","ast-site-content-layout":"default","site-content-style":"default","site-sidebar-style":"default","ast-global-header-display":"","ast-banner-title-visibility":"","ast-main-header-display":"","ast-hfb-above-header-display":"","ast-hfb-below-header-display":"","ast-hfb-mobile-header-display":"","site-post-title":"","ast-breadcrumbs-content":"","ast-featured-img":"","footer-sml-layout":"","ast-disable-related-posts":"","theme-transparent-header-meta":"","adv-header-id-meta":"","stick-header-meta":"","header-above-stick-meta":"","header-main-stick-meta":"","header-below-stick-meta":"","astra-migrate-meta-layouts":"default","ast-page-background-enabled":"default","ast-page-background-meta":{"desktop":{"background-color":"","background-image":"","background-repeat":"repeat","background-position":"center center","background-size":"auto","background-attachment":"scroll","background-type":"","background-media":"","overlay-type":"","overlay-color":"","overlay-opacity":"","overlay-gradient":""},"tablet":{"background-color":"","background-image":"","background-repeat":"repeat","background-position":"center center","background-size":"auto","background-attachment":"scroll","background-type":"","background-media":"","overlay-type":"","overlay-color":"","overlay-opacity":"","overlay-gradient":""},"mobile":{"background-color":"","background-image":"","background-repeat":"repeat","background-position":"center center","background-size":"auto","background-attachment":"scroll","background-type":"","background-media":"","overlay-type":"","overlay-color":"","overlay-opacity":"","overlay-gradient":""}},"ast-content-background-meta":{"desktop":{"background-color":"var(--ast-global-color-4)","background-image":"","background-repeat":"repeat","background-position":"center center","background-size":"auto","background-attachment":"scroll","background-type":"","background-media":"","overlay-type":"","overlay-color":"","overlay-opacity":"","overlay-gradient":""},"tablet":{"background-color":"var(--ast-global-color-4)","background-image":"","background-repeat":"repeat","background-position":"center center","background-size":"auto","background-attachment":"scroll","background-type":"","background-media":"","overlay-type":"","overlay-color":"","overlay-opacity":"","overlay-gradient":""},"mobile":{"background-color":"var(--ast-global-color-4)","background-image":"","background-repeat":"repeat","background-position":"center center","background-size":"auto","background-attachment":"scroll","background-type":"","background-media":"","overlay-type":"","overlay-color":"","overlay-opacity":"","overlay-gradient":""}}},"product_brand":[],"product_cat":[31],"product_tag":[],"class_list":{"0":"post-2406","1":"product","2":"type-product","3":"status-publish","4":"has-post-thumbnail","6":"product_cat-grozine-literatura","7":"desktop-align-left","8":"tablet-align-left","9":"mobile-align-left","11":"first","12":"instock","13":"sale","14":"shipping-taxable","15":"purchasable","16":"product-type-simple"},"acf":[],"yoast_head":"<!-- This site is optimized with the Yoast SEO plugin v27.0 - https:\/\/yoast.com\/product\/yoast-seo-wordpress\/ -->\n<title>J. Steinbeck \u201eTortilij\u0173 kvartalas\u201c<\/title>\n<meta name=\"description\" content=\"\u017dymaus amerikie\u010di\u0173 ra\u0161ytojo, Nobelio premijos laureato John Steinbeck romanas \u201eTortilij\u0173 kvartalas&quot; savo stilistika ir tema labai pana\u0161us \u012f kit\u0105 autoriaus\" \/>\n<meta name=\"robots\" content=\"index, follow, max-snippet:-1, max-image-preview:large, max-video-preview:-1\" \/>\n<link rel=\"canonical\" href=\"https:\/\/skaitytaknyga.lt\/en\/produktas\/j-steinbeck-tortiliju-kvartalas\/\" \/>\n<meta property=\"og:locale\" content=\"en_GB\" \/>\n<meta property=\"og:locale:alternate\" content=\"lt_LT\" \/>\n<meta property=\"og:type\" content=\"article\" \/>\n<meta property=\"og:title\" content=\"J. Steinbeck \u201eTortilij\u0173 kvartalas\u201c\" \/>\n<meta property=\"og:description\" content=\"\u017dymaus amerikie\u010di\u0173 ra\u0161ytojo, Nobelio premijos laureato John Steinbeck romanas \u201eTortilij\u0173 kvartalas&quot; savo stilistika ir tema labai pana\u0161us \u012f kit\u0105 autoriaus\" \/>\n<meta property=\"og:url\" content=\"https:\/\/skaitytaknyga.lt\/en\/produktas\/j-steinbeck-tortiliju-kvartalas\/\" \/>\n<meta property=\"og:site_name\" content=\"Skaitytaknyga\" \/>\n<meta property=\"article:publisher\" content=\"https:\/\/www.facebook.com\/skaitytaknyga\/\" \/>\n<meta property=\"article:modified_time\" content=\"2025-11-21T16:24:10+00:00\" \/>\n<meta property=\"og:image\" content=\"https:\/\/skaitytaknyga.lt\/wp-content\/uploads\/2024\/04\/20200818_154611_edited-scaled-1.jpg\" \/>\n\t<meta property=\"og:image:width\" content=\"1607\" \/>\n\t<meta property=\"og:image:height\" content=\"2560\" \/>\n\t<meta property=\"og:image:type\" content=\"image\/jpeg\" \/>\n<meta name=\"twitter:card\" content=\"summary_large_image\" \/>\n<script type=\"application\/ld+json\" class=\"yoast-schema-graph\">{\"@context\":\"https:\/\/schema.org\",\"@graph\":[{\"@type\":\"WebPage\",\"@id\":\"https:\/\/skaitytaknyga.lt\/produktas\/j-steinbeck-tortiliju-kvartalas\/\",\"url\":\"https:\/\/skaitytaknyga.lt\/produktas\/j-steinbeck-tortiliju-kvartalas\/\",\"name\":\"J. Steinbeck \u201eTortilij\u0173 kvartalas\u201c\",\"isPartOf\":{\"@id\":\"https:\/\/skaitytaknyga.lt\/#website\"},\"primaryImageOfPage\":{\"@id\":\"https:\/\/skaitytaknyga.lt\/produktas\/j-steinbeck-tortiliju-kvartalas\/#primaryimage\"},\"image\":{\"@id\":\"https:\/\/skaitytaknyga.lt\/produktas\/j-steinbeck-tortiliju-kvartalas\/#primaryimage\"},\"thumbnailUrl\":\"https:\/\/skaitytaknyga.lt\/wp-content\/uploads\/2024\/04\/20200818_154611_edited-scaled-1.jpg\",\"datePublished\":\"2024-04-17T13:09:30+00:00\",\"dateModified\":\"2025-11-21T16:24:10+00:00\",\"description\":\"\u017dymaus amerikie\u010di\u0173 ra\u0161ytojo, Nobelio premijos laureato John Steinbeck romanas \u201eTortilij\u0173 kvartalas\\\" savo stilistika ir tema labai pana\u0161us \u012f kit\u0105 autoriaus\",\"breadcrumb\":{\"@id\":\"https:\/\/skaitytaknyga.lt\/produktas\/j-steinbeck-tortiliju-kvartalas\/#breadcrumb\"},\"inLanguage\":\"en-GB\",\"potentialAction\":[{\"@type\":\"ReadAction\",\"target\":[\"https:\/\/skaitytaknyga.lt\/produktas\/j-steinbeck-tortiliju-kvartalas\/\"]}]},{\"@type\":\"ImageObject\",\"inLanguage\":\"en-GB\",\"@id\":\"https:\/\/skaitytaknyga.lt\/produktas\/j-steinbeck-tortiliju-kvartalas\/#primaryimage\",\"url\":\"https:\/\/skaitytaknyga.lt\/wp-content\/uploads\/2024\/04\/20200818_154611_edited-scaled-1.jpg\",\"contentUrl\":\"https:\/\/skaitytaknyga.lt\/wp-content\/uploads\/2024\/04\/20200818_154611_edited-scaled-1.jpg\",\"width\":1607,\"height\":2560,\"caption\":\"20200818 154611 edited scaled 1\"},{\"@type\":\"BreadcrumbList\",\"@id\":\"https:\/\/skaitytaknyga.lt\/produktas\/j-steinbeck-tortiliju-kvartalas\/#breadcrumb\",\"itemListElement\":[{\"@type\":\"ListItem\",\"position\":1,\"name\":\"Home\",\"item\":\"https:\/\/skaitytaknyga.lt\/\"},{\"@type\":\"ListItem\",\"position\":2,\"name\":\"Parduotuv\u0117\",\"item\":\"https:\/\/skaitytaknyga.lt\/knygu-parduotuve\/\"},{\"@type\":\"ListItem\",\"position\":3,\"name\":\"J. Steinbeck \u201eTortilij\u0173 kvartalas\u201c\"}]},{\"@type\":\"WebSite\",\"@id\":\"https:\/\/skaitytaknyga.lt\/#website\",\"url\":\"https:\/\/skaitytaknyga.lt\/\",\"name\":\"skaitytaknyga.lt\",\"description\":\"Skaitytaknyga.lt \u2013 tai ma\u017eas \u0161eimos verslas, kuris prasid\u0117jo nuo meil\u0117s knygoms ir siekio i\u0161gelb\u0117ti knygas nuo likimo prie konteinerio. Kas vienam nereikalingas daiktas \u2013 kitam lobis, o mes esame tarpininkai, kurie padeda abiems tapti laimingesniems ???? \u017dinome kaip nelengva i\u0161gyventi ma\u017eiems verslams, tad nuo \u0161iol, \u010dia rasite ir kit\u0173, ma\u017e\u0173 \u0161eim\u0173 versl\u0173, rank\u0173 darbo, dovan\u0173 sau ir artimiesiems.\",\"publisher\":{\"@id\":\"https:\/\/skaitytaknyga.lt\/#organization\"},\"potentialAction\":[{\"@type\":\"SearchAction\",\"target\":{\"@type\":\"EntryPoint\",\"urlTemplate\":\"https:\/\/skaitytaknyga.lt\/?s={search_term_string}\"},\"query-input\":{\"@type\":\"PropertyValueSpecification\",\"valueRequired\":true,\"valueName\":\"search_term_string\"}}],\"inLanguage\":\"en-GB\"},{\"@type\":\"Organization\",\"@id\":\"https:\/\/skaitytaknyga.lt\/#organization\",\"name\":\"skaitytaknyga.lt\",\"url\":\"https:\/\/skaitytaknyga.lt\/\",\"logo\":{\"@type\":\"ImageObject\",\"inLanguage\":\"en-GB\",\"@id\":\"https:\/\/skaitytaknyga.lt\/#\/schema\/logo\/image\/\",\"url\":\"https:\/\/skaitytaknyga.lt\/wp-content\/uploads\/2024\/05\/cropped-cropped-cropped-02_00843_jt3bggkj1j3HLc7SyY6rEUpg.jpeg\",\"contentUrl\":\"https:\/\/skaitytaknyga.lt\/wp-content\/uploads\/2024\/05\/cropped-cropped-cropped-02_00843_jt3bggkj1j3HLc7SyY6rEUpg.jpeg\",\"width\":1600,\"height\":1600,\"caption\":\"skaitytaknyga.lt\"},\"image\":{\"@id\":\"https:\/\/skaitytaknyga.lt\/#\/schema\/logo\/image\/\"},\"sameAs\":[\"https:\/\/www.facebook.com\/skaitytaknyga\/\"]}]}<\/script>\n<!-- \/ Yoast SEO plugin. -->","yoast_head_json":{"title":"J. Steinbeck \u201eTortilij\u0173 kvartalas\u201c","description":"\u017dymaus amerikie\u010di\u0173 ra\u0161ytojo, Nobelio premijos laureato John Steinbeck romanas \u201eTortilij\u0173 kvartalas\" savo stilistika ir tema labai pana\u0161us \u012f kit\u0105 autoriaus","robots":{"index":"index","follow":"follow","max-snippet":"max-snippet:-1","max-image-preview":"max-image-preview:large","max-video-preview":"max-video-preview:-1"},"canonical":"https:\/\/skaitytaknyga.lt\/en\/produktas\/j-steinbeck-tortiliju-kvartalas\/","og_locale":"en_GB","og_type":"article","og_title":"[:lt]J. Steinbeck \u201eTortilij\u0173 kvartalas\u201c[:] - Skaitytaknyga","og_description":"\u017dymaus amerikie\u010di\u0173 ra\u0161ytojo, Nobelio premijos laureato John Steinbeck romanas \u201eTortilij\u0173 kvartalas\" savo stilistika ir tema labai pana\u0161us \u012f kit\u0105 autoriaus","og_url":"https:\/\/skaitytaknyga.lt\/en\/produktas\/j-steinbeck-tortiliju-kvartalas\/","og_site_name":"Skaitytaknyga","article_publisher":"https:\/\/www.facebook.com\/skaitytaknyga\/","article_modified_time":"2025-11-21T16:24:10+00:00","og_image":[{"width":1607,"height":2560,"url":"https:\/\/skaitytaknyga.lt\/wp-content\/uploads\/2024\/04\/20200818_154611_edited-scaled-1.jpg","type":"image\/jpeg"}],"twitter_card":"summary_large_image","schema":{"@context":"https:\/\/schema.org","@graph":[{"@type":"WebPage","@id":"https:\/\/skaitytaknyga.lt\/produktas\/j-steinbeck-tortiliju-kvartalas\/","url":"https:\/\/skaitytaknyga.lt\/produktas\/j-steinbeck-tortiliju-kvartalas\/","name":"J. Steinbeck \u201eTortilij\u0173 kvartalas\u201c","isPartOf":{"@id":"https:\/\/skaitytaknyga.lt\/#website"},"primaryImageOfPage":{"@id":"https:\/\/skaitytaknyga.lt\/produktas\/j-steinbeck-tortiliju-kvartalas\/#primaryimage"},"image":{"@id":"https:\/\/skaitytaknyga.lt\/produktas\/j-steinbeck-tortiliju-kvartalas\/#primaryimage"},"thumbnailUrl":"https:\/\/skaitytaknyga.lt\/wp-content\/uploads\/2024\/04\/20200818_154611_edited-scaled-1.jpg","datePublished":"2024-04-17T13:09:30+00:00","dateModified":"2025-11-21T16:24:10+00:00","description":"\u017dymaus amerikie\u010di\u0173 ra\u0161ytojo, Nobelio premijos laureato John Steinbeck romanas \u201eTortilij\u0173 kvartalas\" savo stilistika ir tema labai pana\u0161us \u012f kit\u0105 autoriaus","breadcrumb":{"@id":"https:\/\/skaitytaknyga.lt\/produktas\/j-steinbeck-tortiliju-kvartalas\/#breadcrumb"},"inLanguage":"en-GB","potentialAction":[{"@type":"ReadAction","target":["https:\/\/skaitytaknyga.lt\/produktas\/j-steinbeck-tortiliju-kvartalas\/"]}]},{"@type":"ImageObject","inLanguage":"en-GB","@id":"https:\/\/skaitytaknyga.lt\/produktas\/j-steinbeck-tortiliju-kvartalas\/#primaryimage","url":"https:\/\/skaitytaknyga.lt\/wp-content\/uploads\/2024\/04\/20200818_154611_edited-scaled-1.jpg","contentUrl":"https:\/\/skaitytaknyga.lt\/wp-content\/uploads\/2024\/04\/20200818_154611_edited-scaled-1.jpg","width":1607,"height":2560,"caption":"20200818 154611 edited scaled 1"},{"@type":"BreadcrumbList","@id":"https:\/\/skaitytaknyga.lt\/produktas\/j-steinbeck-tortiliju-kvartalas\/#breadcrumb","itemListElement":[{"@type":"ListItem","position":1,"name":"Home","item":"https:\/\/skaitytaknyga.lt\/"},{"@type":"ListItem","position":2,"name":"Parduotuv\u0117","item":"https:\/\/skaitytaknyga.lt\/knygu-parduotuve\/"},{"@type":"ListItem","position":3,"name":"J. Steinbeck \u201eTortilij\u0173 kvartalas\u201c"}]},{"@type":"WebSite","@id":"https:\/\/skaitytaknyga.lt\/#website","url":"https:\/\/skaitytaknyga.lt\/","name":"skaitytaknyga.lt","description":"Skaitytaknyga.lt \u2013 tai ma\u017eas \u0161eimos verslas, kuris prasid\u0117jo nuo meil\u0117s knygoms ir siekio i\u0161gelb\u0117ti knygas nuo likimo prie konteinerio. Kas vienam nereikalingas daiktas \u2013 kitam lobis, o mes esame tarpininkai, kurie padeda abiems tapti laimingesniems ???? \u017dinome kaip nelengva i\u0161gyventi ma\u017eiems verslams, tad nuo \u0161iol, \u010dia rasite ir kit\u0173, ma\u017e\u0173 \u0161eim\u0173 versl\u0173, rank\u0173 darbo, dovan\u0173 sau ir artimiesiems.","publisher":{"@id":"https:\/\/skaitytaknyga.lt\/#organization"},"potentialAction":[{"@type":"SearchAction","target":{"@type":"EntryPoint","urlTemplate":"https:\/\/skaitytaknyga.lt\/?s={search_term_string}"},"query-input":{"@type":"PropertyValueSpecification","valueRequired":true,"valueName":"search_term_string"}}],"inLanguage":"en-GB"},{"@type":"Organization","@id":"https:\/\/skaitytaknyga.lt\/#organization","name":"skaitytaknyga.lt","url":"https:\/\/skaitytaknyga.lt\/","logo":{"@type":"ImageObject","inLanguage":"en-GB","@id":"https:\/\/skaitytaknyga.lt\/#\/schema\/logo\/image\/","url":"https:\/\/skaitytaknyga.lt\/wp-content\/uploads\/2024\/05\/cropped-cropped-cropped-02_00843_jt3bggkj1j3HLc7SyY6rEUpg.jpeg","contentUrl":"https:\/\/skaitytaknyga.lt\/wp-content\/uploads\/2024\/05\/cropped-cropped-cropped-02_00843_jt3bggkj1j3HLc7SyY6rEUpg.jpeg","width":1600,"height":1600,"caption":"skaitytaknyga.lt"},"image":{"@id":"https:\/\/skaitytaknyga.lt\/#\/schema\/logo\/image\/"},"sameAs":["https:\/\/www.facebook.com\/skaitytaknyga\/"]}]}},"_links":{"self":[{"href":"https:\/\/skaitytaknyga.lt\/en\/wp-json\/wp\/v2\/product\/2406","targetHints":{"allow":["GET"]}}],"collection":[{"href":"https:\/\/skaitytaknyga.lt\/en\/wp-json\/wp\/v2\/product"}],"about":[{"href":"https:\/\/skaitytaknyga.lt\/en\/wp-json\/wp\/v2\/types\/product"}],"replies":[{"embeddable":true,"href":"https:\/\/skaitytaknyga.lt\/en\/wp-json\/wp\/v2\/comments?post=2406"}],"wp:featuredmedia":[{"embeddable":true,"href":"https:\/\/skaitytaknyga.lt\/en\/wp-json\/wp\/v2\/media\/2455"}],"wp:attachment":[{"href":"https:\/\/skaitytaknyga.lt\/en\/wp-json\/wp\/v2\/media?parent=2406"}],"wp:term":[{"taxonomy":"product_brand","embeddable":true,"href":"https:\/\/skaitytaknyga.lt\/en\/wp-json\/wp\/v2\/product_brand?post=2406"},{"taxonomy":"product_cat","embeddable":true,"href":"https:\/\/skaitytaknyga.lt\/en\/wp-json\/wp\/v2\/product_cat?post=2406"},{"taxonomy":"product_tag","embeddable":true,"href":"https:\/\/skaitytaknyga.lt\/en\/wp-json\/wp\/v2\/product_tag?post=2406"}],"curies":[{"name":"wp","href":"https:\/\/api.w.org\/{rel}","templated":true}]}}