{"id":2405,"date":"2024-04-17T13:09:30","date_gmt":"2024-04-17T13:09:30","guid":{"rendered":"https:\/\/skaitytaknyga.lt\/?post_type=product&#038;p=2405"},"modified":"2024-05-03T07:14:38","modified_gmt":"2024-05-03T07:14:38","slug":"m-kruger-turino-komedija","status":"publish","type":"product","link":"https:\/\/skaitytaknyga.lt\/en\/produktas\/m-kruger-turino-komedija\/","title":{"rendered":"M. Kruger \u201eTurino komedija\u201c"},"content":{"rendered":"<p>Romanas\u00a0\u201eTurino komedija\u201c\u00a0&#8211; viena i\u0161 t\u0173 \u0161iuolaiki\u0161k\u0173 knyg\u0173, kurias norisi imti \u012f rankas ir patirti tikr\u0105 intelektual\u0173 nuotyk\u012f. I\u0161 pirmo \u017evilgsnio skaidrus ir ai\u0161kus pasakojimas puslapis po puslapio \u012ftraukia \u012f m\u012fsling\u0105 istorij\u0105.<\/p>\n<p>Student\u0173, koleg\u0173, moter\u0173 garbstomas universiteto profesorius, Europoje garsus ra\u0161ytojas Rudolfas, pasiek\u0119s \u0161lov\u0117s vir\u0161\u016bn\u0119, nusi\u017eudo.<\/p>\n<p>Geriausiam draugui, testamentu \u012fpareigotam tvarkyti did\u017eiul\u012f palikim\u0105, palengva atsiveria tikrais Rudolfo gyvenimas. Visi\u0161kai netik\u0117tas, stulbinamas&#8230;<\/p>\n<p>\u017dymus vokie\u010di\u0173 ra\u0161ytojas, poetas, vert\u0117jas ir leid\u0117jas M. Kr\u00fcgeris (g. 1943 m.) \u2013 daugelio literat\u016bros premij\u0173 laureatas.<\/p>\n","protected":false},"excerpt":{"rendered":"<p>Romanas\u00a0\u201eTurino komedija\u201c\u00a0&#8211; viena i\u0161 t\u0173 \u0161iuolaiki\u0161k\u0173 knyg\u0173, kurias norisi imti \u012f rankas ir patirti tikr\u0105 intelektual\u0173 nuotyk\u012f. I\u0161 pirmo \u017evilgsnio skaidrus ir ai\u0161kus pasakojimas puslapis po puslapio \u012ftraukia \u012f m\u012fsling\u0105 istorij\u0105. Student\u0173, koleg\u0173, moter\u0173 garbstomas universiteto profesorius, Europoje garsus ra\u0161ytojas Rudolfas, pasiek\u0119s \u0161lov\u0117s vir\u0161\u016bn\u0119, nusi\u017eudo. Geriausiam draugui, testamentu \u012fpareigotam tvarkyti did\u017eiul\u012f palikim\u0105, palengva atsiveria tikrais Rudolfo gyvenimas. Visi\u0161kai netik\u0117tas, stulbinamas&#8230; \u017dymus vokie\u010di\u0173 ra\u0161ytojas, poetas, vert\u0117jas ir leid\u0117jas M. Kr\u00fcgeris (g. 1943 m.) \u2013 daugelio literat\u016bros premij\u0173 laureatas.<\/p>\n","protected":false},"featured_media":2451,"comment_status":"closed","ping_status":"closed","template":"","meta":{"_acf_changed":false,"site-sidebar-layout":"default","site-content-layout":"","ast-site-content-layout":"default","site-content-style":"default","site-sidebar-style":"default","ast-global-header-display":"","ast-banner-title-visibility":"","ast-main-header-display":"","ast-hfb-above-header-display":"","ast-hfb-below-header-display":"","ast-hfb-mobile-header-display":"","site-post-title":"","ast-breadcrumbs-content":"","ast-featured-img":"","footer-sml-layout":"","ast-disable-related-posts":"","theme-transparent-header-meta":"","adv-header-id-meta":"","stick-header-meta":"","header-above-stick-meta":"","header-main-stick-meta":"","header-below-stick-meta":"","astra-migrate-meta-layouts":"default","ast-page-background-enabled":"default","ast-page-background-meta":{"desktop":{"background-color":"","background-image":"","background-repeat":"repeat","background-position":"center center","background-size":"auto","background-attachment":"scroll","background-type":"","background-media":"","overlay-type":"","overlay-color":"","overlay-opacity":"","overlay-gradient":""},"tablet":{"background-color":"","background-image":"","background-repeat":"repeat","background-position":"center center","background-size":"auto","background-attachment":"scroll","background-type":"","background-media":"","overlay-type":"","overlay-color":"","overlay-opacity":"","overlay-gradient":""},"mobile":{"background-color":"","background-image":"","background-repeat":"repeat","background-position":"center center","background-size":"auto","background-attachment":"scroll","background-type":"","background-media":"","overlay-type":"","overlay-color":"","overlay-opacity":"","overlay-gradient":""}},"ast-content-background-meta":{"desktop":{"background-color":"var(--ast-global-color-4)","background-image":"","background-repeat":"repeat","background-position":"center center","background-size":"auto","background-attachment":"scroll","background-type":"","background-media":"","overlay-type":"","overlay-color":"","overlay-opacity":"","overlay-gradient":""},"tablet":{"background-color":"var(--ast-global-color-4)","background-image":"","background-repeat":"repeat","background-position":"center center","background-size":"auto","background-attachment":"scroll","background-type":"","background-media":"","overlay-type":"","overlay-color":"","overlay-opacity":"","overlay-gradient":""},"mobile":{"background-color":"var(--ast-global-color-4)","background-image":"","background-repeat":"repeat","background-position":"center center","background-size":"auto","background-attachment":"scroll","background-type":"","background-media":"","overlay-type":"","overlay-color":"","overlay-opacity":"","overlay-gradient":""}}},"product_brand":[],"product_cat":[31],"product_tag":[],"class_list":{"0":"post-2405","1":"product","2":"type-product","3":"status-publish","4":"has-post-thumbnail","6":"product_cat-grozine-literatura","7":"desktop-align-left","8":"tablet-align-left","9":"mobile-align-left","11":"first","12":"instock","13":"shipping-taxable","14":"purchasable","15":"product-type-simple"},"acf":[],"yoast_head":"<!-- This site is optimized with the Yoast SEO plugin v27.0 - https:\/\/yoast.com\/product\/yoast-seo-wordpress\/ -->\n<title>M. Kruger \u201eTurino komedija\u201c - Skaitytaknyga<\/title>\n<meta name=\"description\" content=\"Romanas\u00a0\u201eTurino komedija\u201c\u00a0- viena i\u0161 t\u0173 \u0161iuolaiki\u0161k\u0173 knyg\u0173, kurias norisi imti \u012f rankas ir patirti tikr\u0105 intelektual\u0173 nuotyk\u012f. I\u0161 pirmo \u017evilgsnio skaidrus\" \/>\n<meta name=\"robots\" content=\"index, follow, max-snippet:-1, max-image-preview:large, max-video-preview:-1\" \/>\n<link rel=\"canonical\" href=\"https:\/\/skaitytaknyga.lt\/en\/produktas\/m-kruger-turino-komedija\/\" \/>\n<meta property=\"og:locale\" content=\"en_GB\" \/>\n<meta property=\"og:locale:alternate\" content=\"lt_LT\" \/>\n<meta property=\"og:type\" content=\"article\" \/>\n<meta property=\"og:title\" content=\"M. Kruger \u201eTurino komedija\u201c - Skaitytaknyga\" \/>\n<meta property=\"og:description\" content=\"Romanas\u00a0\u201eTurino komedija\u201c\u00a0- viena i\u0161 t\u0173 \u0161iuolaiki\u0161k\u0173 knyg\u0173, kurias norisi imti \u012f rankas ir patirti tikr\u0105 intelektual\u0173 nuotyk\u012f. I\u0161 pirmo \u017evilgsnio skaidrus\" \/>\n<meta property=\"og:url\" content=\"https:\/\/skaitytaknyga.lt\/en\/produktas\/m-kruger-turino-komedija\/\" \/>\n<meta property=\"og:site_name\" content=\"Skaitytaknyga\" \/>\n<meta property=\"article:publisher\" content=\"https:\/\/www.facebook.com\/skaitytaknyga\/\" \/>\n<meta property=\"article:modified_time\" content=\"2024-05-03T07:14:38+00:00\" \/>\n<meta property=\"og:image\" content=\"https:\/\/skaitytaknyga.lt\/wp-content\/uploads\/2024\/04\/20200818_155042_edited-scaled-1.jpg\" \/>\n\t<meta property=\"og:image:width\" content=\"1681\" \/>\n\t<meta property=\"og:image:height\" content=\"2560\" \/>\n\t<meta property=\"og:image:type\" content=\"image\/jpeg\" \/>\n<meta name=\"twitter:card\" content=\"summary_large_image\" \/>\n<script type=\"application\/ld+json\" class=\"yoast-schema-graph\">{\"@context\":\"https:\/\/schema.org\",\"@graph\":[{\"@type\":\"WebPage\",\"@id\":\"https:\/\/skaitytaknyga.lt\/produktas\/m-kruger-turino-komedija\/\",\"url\":\"https:\/\/skaitytaknyga.lt\/produktas\/m-kruger-turino-komedija\/\",\"name\":\"M. Kruger \u201eTurino komedija\u201c - Skaitytaknyga\",\"isPartOf\":{\"@id\":\"https:\/\/skaitytaknyga.lt\/#website\"},\"primaryImageOfPage\":{\"@id\":\"https:\/\/skaitytaknyga.lt\/produktas\/m-kruger-turino-komedija\/#primaryimage\"},\"image\":{\"@id\":\"https:\/\/skaitytaknyga.lt\/produktas\/m-kruger-turino-komedija\/#primaryimage\"},\"thumbnailUrl\":\"https:\/\/skaitytaknyga.lt\/wp-content\/uploads\/2024\/04\/20200818_155042_edited-scaled-1.jpg\",\"datePublished\":\"2024-04-17T13:09:30+00:00\",\"dateModified\":\"2024-05-03T07:14:38+00:00\",\"description\":\"Romanas\u00a0\u201eTurino komedija\u201c\u00a0- viena i\u0161 t\u0173 \u0161iuolaiki\u0161k\u0173 knyg\u0173, kurias norisi imti \u012f rankas ir patirti tikr\u0105 intelektual\u0173 nuotyk\u012f. I\u0161 pirmo \u017evilgsnio skaidrus\",\"breadcrumb\":{\"@id\":\"https:\/\/skaitytaknyga.lt\/produktas\/m-kruger-turino-komedija\/#breadcrumb\"},\"inLanguage\":\"en-GB\",\"potentialAction\":[{\"@type\":\"ReadAction\",\"target\":[\"https:\/\/skaitytaknyga.lt\/produktas\/m-kruger-turino-komedija\/\"]}]},{\"@type\":\"ImageObject\",\"inLanguage\":\"en-GB\",\"@id\":\"https:\/\/skaitytaknyga.lt\/produktas\/m-kruger-turino-komedija\/#primaryimage\",\"url\":\"https:\/\/skaitytaknyga.lt\/wp-content\/uploads\/2024\/04\/20200818_155042_edited-scaled-1.jpg\",\"contentUrl\":\"https:\/\/skaitytaknyga.lt\/wp-content\/uploads\/2024\/04\/20200818_155042_edited-scaled-1.jpg\",\"width\":1681,\"height\":2560,\"caption\":\"20200818 155042 edited scaled 1\"},{\"@type\":\"BreadcrumbList\",\"@id\":\"https:\/\/skaitytaknyga.lt\/produktas\/m-kruger-turino-komedija\/#breadcrumb\",\"itemListElement\":[{\"@type\":\"ListItem\",\"position\":1,\"name\":\"Home\",\"item\":\"https:\/\/skaitytaknyga.lt\/\"},{\"@type\":\"ListItem\",\"position\":2,\"name\":\"Parduotuv\u0117\",\"item\":\"https:\/\/skaitytaknyga.lt\/knygu-parduotuve\/\"},{\"@type\":\"ListItem\",\"position\":3,\"name\":\"M. Kruger \u201eTurino komedija\u201c\"}]},{\"@type\":\"WebSite\",\"@id\":\"https:\/\/skaitytaknyga.lt\/#website\",\"url\":\"https:\/\/skaitytaknyga.lt\/\",\"name\":\"skaitytaknyga.lt\",\"description\":\"Skaitytaknyga.lt \u2013 tai ma\u017eas \u0161eimos verslas, kuris prasid\u0117jo nuo meil\u0117s knygoms ir siekio i\u0161gelb\u0117ti knygas nuo likimo prie konteinerio. Kas vienam nereikalingas daiktas \u2013 kitam lobis, o mes esame tarpininkai, kurie padeda abiems tapti laimingesniems ???? \u017dinome kaip nelengva i\u0161gyventi ma\u017eiems verslams, tad nuo \u0161iol, \u010dia rasite ir kit\u0173, ma\u017e\u0173 \u0161eim\u0173 versl\u0173, rank\u0173 darbo, dovan\u0173 sau ir artimiesiems.\",\"publisher\":{\"@id\":\"https:\/\/skaitytaknyga.lt\/#organization\"},\"potentialAction\":[{\"@type\":\"SearchAction\",\"target\":{\"@type\":\"EntryPoint\",\"urlTemplate\":\"https:\/\/skaitytaknyga.lt\/?s={search_term_string}\"},\"query-input\":{\"@type\":\"PropertyValueSpecification\",\"valueRequired\":true,\"valueName\":\"search_term_string\"}}],\"inLanguage\":\"en-GB\"},{\"@type\":\"Organization\",\"@id\":\"https:\/\/skaitytaknyga.lt\/#organization\",\"name\":\"skaitytaknyga.lt\",\"url\":\"https:\/\/skaitytaknyga.lt\/\",\"logo\":{\"@type\":\"ImageObject\",\"inLanguage\":\"en-GB\",\"@id\":\"https:\/\/skaitytaknyga.lt\/#\/schema\/logo\/image\/\",\"url\":\"https:\/\/skaitytaknyga.lt\/wp-content\/uploads\/2024\/05\/cropped-cropped-cropped-02_00843_jt3bggkj1j3HLc7SyY6rEUpg.jpeg\",\"contentUrl\":\"https:\/\/skaitytaknyga.lt\/wp-content\/uploads\/2024\/05\/cropped-cropped-cropped-02_00843_jt3bggkj1j3HLc7SyY6rEUpg.jpeg\",\"width\":1600,\"height\":1600,\"caption\":\"skaitytaknyga.lt\"},\"image\":{\"@id\":\"https:\/\/skaitytaknyga.lt\/#\/schema\/logo\/image\/\"},\"sameAs\":[\"https:\/\/www.facebook.com\/skaitytaknyga\/\"]}]}<\/script>\n<!-- \/ Yoast SEO plugin. -->","yoast_head_json":{"title":"M. Kruger \u201eTurino komedija\u201c - Skaitytaknyga","description":"Romanas\u00a0\u201eTurino komedija\u201c\u00a0- viena i\u0161 t\u0173 \u0161iuolaiki\u0161k\u0173 knyg\u0173, kurias norisi imti \u012f rankas ir patirti tikr\u0105 intelektual\u0173 nuotyk\u012f. I\u0161 pirmo \u017evilgsnio skaidrus","robots":{"index":"index","follow":"follow","max-snippet":"max-snippet:-1","max-image-preview":"max-image-preview:large","max-video-preview":"max-video-preview:-1"},"canonical":"https:\/\/skaitytaknyga.lt\/en\/produktas\/m-kruger-turino-komedija\/","og_locale":"en_GB","og_type":"article","og_title":"M. Kruger \u201eTurino komedija\u201c - Skaitytaknyga","og_description":"Romanas\u00a0\u201eTurino komedija\u201c\u00a0- viena i\u0161 t\u0173 \u0161iuolaiki\u0161k\u0173 knyg\u0173, kurias norisi imti \u012f rankas ir patirti tikr\u0105 intelektual\u0173 nuotyk\u012f. I\u0161 pirmo \u017evilgsnio skaidrus","og_url":"https:\/\/skaitytaknyga.lt\/en\/produktas\/m-kruger-turino-komedija\/","og_site_name":"Skaitytaknyga","article_publisher":"https:\/\/www.facebook.com\/skaitytaknyga\/","article_modified_time":"2024-05-03T07:14:38+00:00","og_image":[{"width":1681,"height":2560,"url":"https:\/\/skaitytaknyga.lt\/wp-content\/uploads\/2024\/04\/20200818_155042_edited-scaled-1.jpg","type":"image\/jpeg"}],"twitter_card":"summary_large_image","schema":{"@context":"https:\/\/schema.org","@graph":[{"@type":"WebPage","@id":"https:\/\/skaitytaknyga.lt\/produktas\/m-kruger-turino-komedija\/","url":"https:\/\/skaitytaknyga.lt\/produktas\/m-kruger-turino-komedija\/","name":"M. Kruger \u201eTurino komedija\u201c - Skaitytaknyga","isPartOf":{"@id":"https:\/\/skaitytaknyga.lt\/#website"},"primaryImageOfPage":{"@id":"https:\/\/skaitytaknyga.lt\/produktas\/m-kruger-turino-komedija\/#primaryimage"},"image":{"@id":"https:\/\/skaitytaknyga.lt\/produktas\/m-kruger-turino-komedija\/#primaryimage"},"thumbnailUrl":"https:\/\/skaitytaknyga.lt\/wp-content\/uploads\/2024\/04\/20200818_155042_edited-scaled-1.jpg","datePublished":"2024-04-17T13:09:30+00:00","dateModified":"2024-05-03T07:14:38+00:00","description":"Romanas\u00a0\u201eTurino komedija\u201c\u00a0- viena i\u0161 t\u0173 \u0161iuolaiki\u0161k\u0173 knyg\u0173, kurias norisi imti \u012f rankas ir patirti tikr\u0105 intelektual\u0173 nuotyk\u012f. I\u0161 pirmo \u017evilgsnio skaidrus","breadcrumb":{"@id":"https:\/\/skaitytaknyga.lt\/produktas\/m-kruger-turino-komedija\/#breadcrumb"},"inLanguage":"en-GB","potentialAction":[{"@type":"ReadAction","target":["https:\/\/skaitytaknyga.lt\/produktas\/m-kruger-turino-komedija\/"]}]},{"@type":"ImageObject","inLanguage":"en-GB","@id":"https:\/\/skaitytaknyga.lt\/produktas\/m-kruger-turino-komedija\/#primaryimage","url":"https:\/\/skaitytaknyga.lt\/wp-content\/uploads\/2024\/04\/20200818_155042_edited-scaled-1.jpg","contentUrl":"https:\/\/skaitytaknyga.lt\/wp-content\/uploads\/2024\/04\/20200818_155042_edited-scaled-1.jpg","width":1681,"height":2560,"caption":"20200818 155042 edited scaled 1"},{"@type":"BreadcrumbList","@id":"https:\/\/skaitytaknyga.lt\/produktas\/m-kruger-turino-komedija\/#breadcrumb","itemListElement":[{"@type":"ListItem","position":1,"name":"Home","item":"https:\/\/skaitytaknyga.lt\/"},{"@type":"ListItem","position":2,"name":"Parduotuv\u0117","item":"https:\/\/skaitytaknyga.lt\/knygu-parduotuve\/"},{"@type":"ListItem","position":3,"name":"M. Kruger \u201eTurino komedija\u201c"}]},{"@type":"WebSite","@id":"https:\/\/skaitytaknyga.lt\/#website","url":"https:\/\/skaitytaknyga.lt\/","name":"skaitytaknyga.lt","description":"Skaitytaknyga.lt \u2013 tai ma\u017eas \u0161eimos verslas, kuris prasid\u0117jo nuo meil\u0117s knygoms ir siekio i\u0161gelb\u0117ti knygas nuo likimo prie konteinerio. Kas vienam nereikalingas daiktas \u2013 kitam lobis, o mes esame tarpininkai, kurie padeda abiems tapti laimingesniems ???? \u017dinome kaip nelengva i\u0161gyventi ma\u017eiems verslams, tad nuo \u0161iol, \u010dia rasite ir kit\u0173, ma\u017e\u0173 \u0161eim\u0173 versl\u0173, rank\u0173 darbo, dovan\u0173 sau ir artimiesiems.","publisher":{"@id":"https:\/\/skaitytaknyga.lt\/#organization"},"potentialAction":[{"@type":"SearchAction","target":{"@type":"EntryPoint","urlTemplate":"https:\/\/skaitytaknyga.lt\/?s={search_term_string}"},"query-input":{"@type":"PropertyValueSpecification","valueRequired":true,"valueName":"search_term_string"}}],"inLanguage":"en-GB"},{"@type":"Organization","@id":"https:\/\/skaitytaknyga.lt\/#organization","name":"skaitytaknyga.lt","url":"https:\/\/skaitytaknyga.lt\/","logo":{"@type":"ImageObject","inLanguage":"en-GB","@id":"https:\/\/skaitytaknyga.lt\/#\/schema\/logo\/image\/","url":"https:\/\/skaitytaknyga.lt\/wp-content\/uploads\/2024\/05\/cropped-cropped-cropped-02_00843_jt3bggkj1j3HLc7SyY6rEUpg.jpeg","contentUrl":"https:\/\/skaitytaknyga.lt\/wp-content\/uploads\/2024\/05\/cropped-cropped-cropped-02_00843_jt3bggkj1j3HLc7SyY6rEUpg.jpeg","width":1600,"height":1600,"caption":"skaitytaknyga.lt"},"image":{"@id":"https:\/\/skaitytaknyga.lt\/#\/schema\/logo\/image\/"},"sameAs":["https:\/\/www.facebook.com\/skaitytaknyga\/"]}]}},"_links":{"self":[{"href":"https:\/\/skaitytaknyga.lt\/en\/wp-json\/wp\/v2\/product\/2405","targetHints":{"allow":["GET"]}}],"collection":[{"href":"https:\/\/skaitytaknyga.lt\/en\/wp-json\/wp\/v2\/product"}],"about":[{"href":"https:\/\/skaitytaknyga.lt\/en\/wp-json\/wp\/v2\/types\/product"}],"replies":[{"embeddable":true,"href":"https:\/\/skaitytaknyga.lt\/en\/wp-json\/wp\/v2\/comments?post=2405"}],"wp:featuredmedia":[{"embeddable":true,"href":"https:\/\/skaitytaknyga.lt\/en\/wp-json\/wp\/v2\/media\/2451"}],"wp:attachment":[{"href":"https:\/\/skaitytaknyga.lt\/en\/wp-json\/wp\/v2\/media?parent=2405"}],"wp:term":[{"taxonomy":"product_brand","embeddable":true,"href":"https:\/\/skaitytaknyga.lt\/en\/wp-json\/wp\/v2\/product_brand?post=2405"},{"taxonomy":"product_cat","embeddable":true,"href":"https:\/\/skaitytaknyga.lt\/en\/wp-json\/wp\/v2\/product_cat?post=2405"},{"taxonomy":"product_tag","embeddable":true,"href":"https:\/\/skaitytaknyga.lt\/en\/wp-json\/wp\/v2\/product_tag?post=2405"}],"curies":[{"name":"wp","href":"https:\/\/api.w.org\/{rel}","templated":true}]}}