{"id":2390,"date":"2024-04-17T13:09:06","date_gmt":"2024-04-17T13:09:06","guid":{"rendered":"https:\/\/skaitytaknyga.lt\/?post_type=product&#038;p=2390"},"modified":"2024-05-03T07:14:36","modified_gmt":"2024-05-03T07:14:36","slug":"i-karpowicz-gestai","status":"publish","type":"product","link":"https:\/\/skaitytaknyga.lt\/en\/produktas\/i-karpowicz-gestai\/","title":{"rendered":"I. Karpowicz \u201eGestai\u201c"},"content":{"rendered":"<p>Romane 40 skyri\u0173 \u2013 40 G\u017eego\u017eo gyvenimo met\u0173: i\u0161blukusios atsiminim\u0173 skaidr\u0117s, dabarties fragment\u0173 kaleidoskopas. Keturiasde\u0161imtmetis teatro re\u017eisierius bijo gyventi ir mirti, neleid\u017eia sau myl\u0117ti ir nek\u0119sti, trok\u0161ta\u00a0kad visa b\u016bt\u0173 praeityje, o priekyje tiktai laim\u0117 ir skleroz\u0117. Kol vien\u0105 dien\u0105 nudvesia did\u017eiulis jo motinos \u0161uo, ilgus metus buv\u0119s artimiausias jos draugas. G\u017eego\u017eui tenka pasir\u016bpinti ne tik juo, bet ir motina, kuri vis\u0105 gyvenim\u0105 \u012f s\u016bn\u0173 kreipiasi tik vardininko linksniu \u2013 lyg nelaukdama i\u0161 jo atsakymo, lyg nesitik\u0117dama, kad atsilieps&#8230; Dabar jiedu gimtojoje Balstog\u0117je kartu. Kartu atskirai. Iki mirtis juos i\u0161skirs&#8230;<\/p>\n","protected":false},"excerpt":{"rendered":"<p>Romane 40 skyri\u0173 \u2013 40 G\u017eego\u017eo gyvenimo met\u0173: i\u0161blukusios atsiminim\u0173 skaidr\u0117s, dabarties fragment\u0173 kaleidoskopas. Keturiasde\u0161imtmetis teatro re\u017eisierius bijo gyventi ir mirti, neleid\u017eia sau myl\u0117ti ir nek\u0119sti, trok\u0161ta\u00a0kad visa b\u016bt\u0173 praeityje, o priekyje tiktai laim\u0117 ir skleroz\u0117. Kol vien\u0105 dien\u0105 nudvesia did\u017eiulis jo motinos \u0161uo, ilgus metus buv\u0119s artimiausias jos draugas. G\u017eego\u017eui tenka pasir\u016bpinti ne tik juo, bet ir motina, kuri vis\u0105 gyvenim\u0105 \u012f s\u016bn\u0173 kreipiasi tik vardininko linksniu \u2013 lyg nelaukdama i\u0161 jo atsakymo, lyg nesitik\u0117dama, kad atsilieps&#8230; Dabar jiedu gimtojoje Balstog\u0117je kartu. Kartu atskirai. Iki mirtis juos i\u0161skirs&#8230;<\/p>\n","protected":false},"featured_media":2440,"comment_status":"closed","ping_status":"closed","template":"","meta":{"_acf_changed":false,"site-sidebar-layout":"default","site-content-layout":"","ast-site-content-layout":"default","site-content-style":"default","site-sidebar-style":"default","ast-global-header-display":"","ast-banner-title-visibility":"","ast-main-header-display":"","ast-hfb-above-header-display":"","ast-hfb-below-header-display":"","ast-hfb-mobile-header-display":"","site-post-title":"","ast-breadcrumbs-content":"","ast-featured-img":"","footer-sml-layout":"","ast-disable-related-posts":"","theme-transparent-header-meta":"","adv-header-id-meta":"","stick-header-meta":"","header-above-stick-meta":"","header-main-stick-meta":"","header-below-stick-meta":"","astra-migrate-meta-layouts":"default","ast-page-background-enabled":"default","ast-page-background-meta":{"desktop":{"background-color":"","background-image":"","background-repeat":"repeat","background-position":"center center","background-size":"auto","background-attachment":"scroll","background-type":"","background-media":"","overlay-type":"","overlay-color":"","overlay-opacity":"","overlay-gradient":""},"tablet":{"background-color":"","background-image":"","background-repeat":"repeat","background-position":"center center","background-size":"auto","background-attachment":"scroll","background-type":"","background-media":"","overlay-type":"","overlay-color":"","overlay-opacity":"","overlay-gradient":""},"mobile":{"background-color":"","background-image":"","background-repeat":"repeat","background-position":"center center","background-size":"auto","background-attachment":"scroll","background-type":"","background-media":"","overlay-type":"","overlay-color":"","overlay-opacity":"","overlay-gradient":""}},"ast-content-background-meta":{"desktop":{"background-color":"var(--ast-global-color-4)","background-image":"","background-repeat":"repeat","background-position":"center center","background-size":"auto","background-attachment":"scroll","background-type":"","background-media":"","overlay-type":"","overlay-color":"","overlay-opacity":"","overlay-gradient":""},"tablet":{"background-color":"var(--ast-global-color-4)","background-image":"","background-repeat":"repeat","background-position":"center center","background-size":"auto","background-attachment":"scroll","background-type":"","background-media":"","overlay-type":"","overlay-color":"","overlay-opacity":"","overlay-gradient":""},"mobile":{"background-color":"var(--ast-global-color-4)","background-image":"","background-repeat":"repeat","background-position":"center center","background-size":"auto","background-attachment":"scroll","background-type":"","background-media":"","overlay-type":"","overlay-color":"","overlay-opacity":"","overlay-gradient":""}}},"product_brand":[],"product_cat":[31],"product_tag":[],"class_list":{"0":"post-2390","1":"product","2":"type-product","3":"status-publish","4":"has-post-thumbnail","6":"product_cat-grozine-literatura","7":"desktop-align-left","8":"tablet-align-left","9":"mobile-align-left","11":"first","12":"instock","13":"shipping-taxable","14":"purchasable","15":"product-type-simple"},"acf":[],"yoast_head":"<!-- This site is optimized with the Yoast SEO plugin v27.0 - https:\/\/yoast.com\/product\/yoast-seo-wordpress\/ -->\n<title>I. Karpowicz \u201eGestai\u201c - Skaitytaknyga<\/title>\n<meta name=\"description\" content=\"Romane 40 skyri\u0173 \u2013 40 G\u017eego\u017eo gyvenimo met\u0173: i\u0161blukusios atsiminim\u0173 skaidr\u0117s, dabarties fragment\u0173 kaleidoskopas. Keturiasde\u0161imtmetis teatro re\u017eisierius\" \/>\n<meta name=\"robots\" content=\"index, follow, max-snippet:-1, max-image-preview:large, max-video-preview:-1\" \/>\n<link rel=\"canonical\" href=\"https:\/\/skaitytaknyga.lt\/en\/produktas\/i-karpowicz-gestai\/\" \/>\n<meta property=\"og:locale\" content=\"en_GB\" \/>\n<meta property=\"og:locale:alternate\" content=\"lt_LT\" \/>\n<meta property=\"og:type\" content=\"article\" \/>\n<meta property=\"og:title\" content=\"I. Karpowicz \u201eGestai\u201c - Skaitytaknyga\" \/>\n<meta property=\"og:description\" content=\"Romane 40 skyri\u0173 \u2013 40 G\u017eego\u017eo gyvenimo met\u0173: i\u0161blukusios atsiminim\u0173 skaidr\u0117s, dabarties fragment\u0173 kaleidoskopas. Keturiasde\u0161imtmetis teatro re\u017eisierius\" \/>\n<meta property=\"og:url\" content=\"https:\/\/skaitytaknyga.lt\/en\/produktas\/i-karpowicz-gestai\/\" \/>\n<meta property=\"og:site_name\" content=\"Skaitytaknyga\" \/>\n<meta property=\"article:publisher\" content=\"https:\/\/www.facebook.com\/skaitytaknyga\/\" \/>\n<meta property=\"article:modified_time\" content=\"2024-05-03T07:14:36+00:00\" \/>\n<meta property=\"og:image\" content=\"https:\/\/skaitytaknyga.lt\/wp-content\/uploads\/2024\/04\/20200818_154944_edited.jpg\" \/>\n\t<meta property=\"og:image:width\" content=\"1659\" \/>\n\t<meta property=\"og:image:height\" content=\"2449\" \/>\n\t<meta property=\"og:image:type\" content=\"image\/jpeg\" \/>\n<meta name=\"twitter:card\" content=\"summary_large_image\" \/>\n<meta name=\"twitter:label1\" content=\"Estimated reading time\" \/>\n\t<meta name=\"twitter:data1\" content=\"1 minute\" \/>\n<script type=\"application\/ld+json\" class=\"yoast-schema-graph\">{\"@context\":\"https:\/\/schema.org\",\"@graph\":[{\"@type\":\"WebPage\",\"@id\":\"https:\/\/skaitytaknyga.lt\/produktas\/i-karpowicz-gestai\/\",\"url\":\"https:\/\/skaitytaknyga.lt\/produktas\/i-karpowicz-gestai\/\",\"name\":\"I. Karpowicz \u201eGestai\u201c - Skaitytaknyga\",\"isPartOf\":{\"@id\":\"https:\/\/skaitytaknyga.lt\/#website\"},\"primaryImageOfPage\":{\"@id\":\"https:\/\/skaitytaknyga.lt\/produktas\/i-karpowicz-gestai\/#primaryimage\"},\"image\":{\"@id\":\"https:\/\/skaitytaknyga.lt\/produktas\/i-karpowicz-gestai\/#primaryimage\"},\"thumbnailUrl\":\"https:\/\/skaitytaknyga.lt\/wp-content\/uploads\/2024\/04\/20200818_154944_edited.jpg\",\"datePublished\":\"2024-04-17T13:09:06+00:00\",\"dateModified\":\"2024-05-03T07:14:36+00:00\",\"description\":\"Romane 40 skyri\u0173 \u2013 40 G\u017eego\u017eo gyvenimo met\u0173: i\u0161blukusios atsiminim\u0173 skaidr\u0117s, dabarties fragment\u0173 kaleidoskopas. Keturiasde\u0161imtmetis teatro re\u017eisierius\",\"breadcrumb\":{\"@id\":\"https:\/\/skaitytaknyga.lt\/produktas\/i-karpowicz-gestai\/#breadcrumb\"},\"inLanguage\":\"en-GB\",\"potentialAction\":[{\"@type\":\"ReadAction\",\"target\":[\"https:\/\/skaitytaknyga.lt\/produktas\/i-karpowicz-gestai\/\"]}]},{\"@type\":\"ImageObject\",\"inLanguage\":\"en-GB\",\"@id\":\"https:\/\/skaitytaknyga.lt\/produktas\/i-karpowicz-gestai\/#primaryimage\",\"url\":\"https:\/\/skaitytaknyga.lt\/wp-content\/uploads\/2024\/04\/20200818_154944_edited.jpg\",\"contentUrl\":\"https:\/\/skaitytaknyga.lt\/wp-content\/uploads\/2024\/04\/20200818_154944_edited.jpg\",\"width\":1659,\"height\":2449,\"caption\":\"20200818 154944 edited\"},{\"@type\":\"BreadcrumbList\",\"@id\":\"https:\/\/skaitytaknyga.lt\/produktas\/i-karpowicz-gestai\/#breadcrumb\",\"itemListElement\":[{\"@type\":\"ListItem\",\"position\":1,\"name\":\"Home\",\"item\":\"https:\/\/skaitytaknyga.lt\/\"},{\"@type\":\"ListItem\",\"position\":2,\"name\":\"Parduotuv\u0117\",\"item\":\"https:\/\/skaitytaknyga.lt\/knygu-parduotuve\/\"},{\"@type\":\"ListItem\",\"position\":3,\"name\":\"I. Karpowicz \u201eGestai\u201c\"}]},{\"@type\":\"WebSite\",\"@id\":\"https:\/\/skaitytaknyga.lt\/#website\",\"url\":\"https:\/\/skaitytaknyga.lt\/\",\"name\":\"skaitytaknyga.lt\",\"description\":\"Skaitytaknyga.lt \u2013 tai ma\u017eas \u0161eimos verslas, kuris prasid\u0117jo nuo meil\u0117s knygoms ir siekio i\u0161gelb\u0117ti knygas nuo likimo prie konteinerio. Kas vienam nereikalingas daiktas \u2013 kitam lobis, o mes esame tarpininkai, kurie padeda abiems tapti laimingesniems ???? \u017dinome kaip nelengva i\u0161gyventi ma\u017eiems verslams, tad nuo \u0161iol, \u010dia rasite ir kit\u0173, ma\u017e\u0173 \u0161eim\u0173 versl\u0173, rank\u0173 darbo, dovan\u0173 sau ir artimiesiems.\",\"publisher\":{\"@id\":\"https:\/\/skaitytaknyga.lt\/#organization\"},\"potentialAction\":[{\"@type\":\"SearchAction\",\"target\":{\"@type\":\"EntryPoint\",\"urlTemplate\":\"https:\/\/skaitytaknyga.lt\/?s={search_term_string}\"},\"query-input\":{\"@type\":\"PropertyValueSpecification\",\"valueRequired\":true,\"valueName\":\"search_term_string\"}}],\"inLanguage\":\"en-GB\"},{\"@type\":\"Organization\",\"@id\":\"https:\/\/skaitytaknyga.lt\/#organization\",\"name\":\"skaitytaknyga.lt\",\"url\":\"https:\/\/skaitytaknyga.lt\/\",\"logo\":{\"@type\":\"ImageObject\",\"inLanguage\":\"en-GB\",\"@id\":\"https:\/\/skaitytaknyga.lt\/#\/schema\/logo\/image\/\",\"url\":\"https:\/\/skaitytaknyga.lt\/wp-content\/uploads\/2024\/05\/cropped-cropped-cropped-02_00843_jt3bggkj1j3HLc7SyY6rEUpg.jpeg\",\"contentUrl\":\"https:\/\/skaitytaknyga.lt\/wp-content\/uploads\/2024\/05\/cropped-cropped-cropped-02_00843_jt3bggkj1j3HLc7SyY6rEUpg.jpeg\",\"width\":1600,\"height\":1600,\"caption\":\"skaitytaknyga.lt\"},\"image\":{\"@id\":\"https:\/\/skaitytaknyga.lt\/#\/schema\/logo\/image\/\"},\"sameAs\":[\"https:\/\/www.facebook.com\/skaitytaknyga\/\"]}]}<\/script>\n<!-- \/ Yoast SEO plugin. -->","yoast_head_json":{"title":"I. Karpowicz \u201eGestai\u201c - Skaitytaknyga","description":"Romane 40 skyri\u0173 \u2013 40 G\u017eego\u017eo gyvenimo met\u0173: i\u0161blukusios atsiminim\u0173 skaidr\u0117s, dabarties fragment\u0173 kaleidoskopas. Keturiasde\u0161imtmetis teatro re\u017eisierius","robots":{"index":"index","follow":"follow","max-snippet":"max-snippet:-1","max-image-preview":"max-image-preview:large","max-video-preview":"max-video-preview:-1"},"canonical":"https:\/\/skaitytaknyga.lt\/en\/produktas\/i-karpowicz-gestai\/","og_locale":"en_GB","og_type":"article","og_title":"I. Karpowicz \u201eGestai\u201c - Skaitytaknyga","og_description":"Romane 40 skyri\u0173 \u2013 40 G\u017eego\u017eo gyvenimo met\u0173: i\u0161blukusios atsiminim\u0173 skaidr\u0117s, dabarties fragment\u0173 kaleidoskopas. Keturiasde\u0161imtmetis teatro re\u017eisierius","og_url":"https:\/\/skaitytaknyga.lt\/en\/produktas\/i-karpowicz-gestai\/","og_site_name":"Skaitytaknyga","article_publisher":"https:\/\/www.facebook.com\/skaitytaknyga\/","article_modified_time":"2024-05-03T07:14:36+00:00","og_image":[{"width":1659,"height":2449,"url":"https:\/\/skaitytaknyga.lt\/wp-content\/uploads\/2024\/04\/20200818_154944_edited.jpg","type":"image\/jpeg"}],"twitter_card":"summary_large_image","twitter_misc":{"Estimated reading time":"1 minute"},"schema":{"@context":"https:\/\/schema.org","@graph":[{"@type":"WebPage","@id":"https:\/\/skaitytaknyga.lt\/produktas\/i-karpowicz-gestai\/","url":"https:\/\/skaitytaknyga.lt\/produktas\/i-karpowicz-gestai\/","name":"I. Karpowicz \u201eGestai\u201c - Skaitytaknyga","isPartOf":{"@id":"https:\/\/skaitytaknyga.lt\/#website"},"primaryImageOfPage":{"@id":"https:\/\/skaitytaknyga.lt\/produktas\/i-karpowicz-gestai\/#primaryimage"},"image":{"@id":"https:\/\/skaitytaknyga.lt\/produktas\/i-karpowicz-gestai\/#primaryimage"},"thumbnailUrl":"https:\/\/skaitytaknyga.lt\/wp-content\/uploads\/2024\/04\/20200818_154944_edited.jpg","datePublished":"2024-04-17T13:09:06+00:00","dateModified":"2024-05-03T07:14:36+00:00","description":"Romane 40 skyri\u0173 \u2013 40 G\u017eego\u017eo gyvenimo met\u0173: i\u0161blukusios atsiminim\u0173 skaidr\u0117s, dabarties fragment\u0173 kaleidoskopas. Keturiasde\u0161imtmetis teatro re\u017eisierius","breadcrumb":{"@id":"https:\/\/skaitytaknyga.lt\/produktas\/i-karpowicz-gestai\/#breadcrumb"},"inLanguage":"en-GB","potentialAction":[{"@type":"ReadAction","target":["https:\/\/skaitytaknyga.lt\/produktas\/i-karpowicz-gestai\/"]}]},{"@type":"ImageObject","inLanguage":"en-GB","@id":"https:\/\/skaitytaknyga.lt\/produktas\/i-karpowicz-gestai\/#primaryimage","url":"https:\/\/skaitytaknyga.lt\/wp-content\/uploads\/2024\/04\/20200818_154944_edited.jpg","contentUrl":"https:\/\/skaitytaknyga.lt\/wp-content\/uploads\/2024\/04\/20200818_154944_edited.jpg","width":1659,"height":2449,"caption":"20200818 154944 edited"},{"@type":"BreadcrumbList","@id":"https:\/\/skaitytaknyga.lt\/produktas\/i-karpowicz-gestai\/#breadcrumb","itemListElement":[{"@type":"ListItem","position":1,"name":"Home","item":"https:\/\/skaitytaknyga.lt\/"},{"@type":"ListItem","position":2,"name":"Parduotuv\u0117","item":"https:\/\/skaitytaknyga.lt\/knygu-parduotuve\/"},{"@type":"ListItem","position":3,"name":"I. Karpowicz \u201eGestai\u201c"}]},{"@type":"WebSite","@id":"https:\/\/skaitytaknyga.lt\/#website","url":"https:\/\/skaitytaknyga.lt\/","name":"skaitytaknyga.lt","description":"Skaitytaknyga.lt \u2013 tai ma\u017eas \u0161eimos verslas, kuris prasid\u0117jo nuo meil\u0117s knygoms ir siekio i\u0161gelb\u0117ti knygas nuo likimo prie konteinerio. Kas vienam nereikalingas daiktas \u2013 kitam lobis, o mes esame tarpininkai, kurie padeda abiems tapti laimingesniems ???? \u017dinome kaip nelengva i\u0161gyventi ma\u017eiems verslams, tad nuo \u0161iol, \u010dia rasite ir kit\u0173, ma\u017e\u0173 \u0161eim\u0173 versl\u0173, rank\u0173 darbo, dovan\u0173 sau ir artimiesiems.","publisher":{"@id":"https:\/\/skaitytaknyga.lt\/#organization"},"potentialAction":[{"@type":"SearchAction","target":{"@type":"EntryPoint","urlTemplate":"https:\/\/skaitytaknyga.lt\/?s={search_term_string}"},"query-input":{"@type":"PropertyValueSpecification","valueRequired":true,"valueName":"search_term_string"}}],"inLanguage":"en-GB"},{"@type":"Organization","@id":"https:\/\/skaitytaknyga.lt\/#organization","name":"skaitytaknyga.lt","url":"https:\/\/skaitytaknyga.lt\/","logo":{"@type":"ImageObject","inLanguage":"en-GB","@id":"https:\/\/skaitytaknyga.lt\/#\/schema\/logo\/image\/","url":"https:\/\/skaitytaknyga.lt\/wp-content\/uploads\/2024\/05\/cropped-cropped-cropped-02_00843_jt3bggkj1j3HLc7SyY6rEUpg.jpeg","contentUrl":"https:\/\/skaitytaknyga.lt\/wp-content\/uploads\/2024\/05\/cropped-cropped-cropped-02_00843_jt3bggkj1j3HLc7SyY6rEUpg.jpeg","width":1600,"height":1600,"caption":"skaitytaknyga.lt"},"image":{"@id":"https:\/\/skaitytaknyga.lt\/#\/schema\/logo\/image\/"},"sameAs":["https:\/\/www.facebook.com\/skaitytaknyga\/"]}]}},"_links":{"self":[{"href":"https:\/\/skaitytaknyga.lt\/en\/wp-json\/wp\/v2\/product\/2390","targetHints":{"allow":["GET"]}}],"collection":[{"href":"https:\/\/skaitytaknyga.lt\/en\/wp-json\/wp\/v2\/product"}],"about":[{"href":"https:\/\/skaitytaknyga.lt\/en\/wp-json\/wp\/v2\/types\/product"}],"replies":[{"embeddable":true,"href":"https:\/\/skaitytaknyga.lt\/en\/wp-json\/wp\/v2\/comments?post=2390"}],"wp:featuredmedia":[{"embeddable":true,"href":"https:\/\/skaitytaknyga.lt\/en\/wp-json\/wp\/v2\/media\/2440"}],"wp:attachment":[{"href":"https:\/\/skaitytaknyga.lt\/en\/wp-json\/wp\/v2\/media?parent=2390"}],"wp:term":[{"taxonomy":"product_brand","embeddable":true,"href":"https:\/\/skaitytaknyga.lt\/en\/wp-json\/wp\/v2\/product_brand?post=2390"},{"taxonomy":"product_cat","embeddable":true,"href":"https:\/\/skaitytaknyga.lt\/en\/wp-json\/wp\/v2\/product_cat?post=2390"},{"taxonomy":"product_tag","embeddable":true,"href":"https:\/\/skaitytaknyga.lt\/en\/wp-json\/wp\/v2\/product_tag?post=2390"}],"curies":[{"name":"wp","href":"https:\/\/api.w.org\/{rel}","templated":true}]}}