{"id":2389,"date":"2024-04-17T13:09:06","date_gmt":"2024-04-17T13:09:06","guid":{"rendered":"https:\/\/skaitytaknyga.lt\/?post_type=product&#038;p=2389"},"modified":"2025-10-22T14:34:50","modified_gmt":"2025-10-22T11:34:50","slug":"j-mcnaught-rojus-2-tomas","status":"publish","type":"product","link":"https:\/\/skaitytaknyga.lt\/en\/produktas\/j-mcnaught-rojus-2-tomas\/","title":{"rendered":"J. McNaught \u201eRojus\u201c 2 tomas"},"content":{"rendered":"<p>Atrod\u0117, kad prie\u0161 vienuolika met\u0173 lemtis ir \u017emoni\u0173 klasta am\u017eiams i\u0161skyr\u0117 Met\u0105 ir Meredit\u0105. Ar jiems pavyks susigr\u0105\u017einti prarast\u0105 meil\u0119, visiems laikams pamir\u0161ti praeit\u012f ir prad\u0117ti nauj\u0105 gyvenim\u0105? Ar jie \u012fstengs surasti keli\u0105 per intrig\u0173, \u0161anta\u017eo ir niek\u0161ybi\u0173 labirintus?<\/p>\n<p>\u0160viesiaplauk\u0119 gra\u017euol\u0119 Meredit\u0105 Benkroft ir charizmati\u0161k\u0105 verslo magnat\u0105 Met\u0105 Farel\u0105 persekioja j\u0173 i\u0161duotos meil\u0117s \u0161e\u0161\u0117lis \u2013 tokios meil\u0117s, kuri pasitaiko tik kart\u0105 gyvenime, o prarasta palieka \u0161irdg\u0117l\u0105 ir skausm\u0105.<\/p>\n<p>Kai i\u0161kyla pavojus Benkroft\u0173 \u0161eimos verslo imperijai, Mereditai nelieka kitos i\u0161eities, tik pra\u0161yti Meto pagalbos. Tarp j\u0173 v\u0117l atsiranda trauka, atgyja skaud\u017eiai malon\u016bs prisiminimai, o kartu ir abejon\u0117s, ar pavyks i\u0161taisyti praeities klaidas.<\/p>\n<p>\u201eRojus\u201c yra \u012fsimintiniausias Judith McNaught romanas, kupinas aistros, \u0161velnumo ir begalin\u0117s meil\u0117s, kuri\u0105 autor\u0117 taip puikiai perpratusi.<\/p>\n","protected":false},"excerpt":{"rendered":"<p>Atrod\u0117, kad prie\u0161 vienuolika met\u0173 lemtis ir \u017emoni\u0173 klasta am\u017eiams i\u0161skyr\u0117 Met\u0105 ir Meredit\u0105. Ar jiems pavyks susigr\u0105\u017einti prarast\u0105 meil\u0119, visiems laikams pamir\u0161ti praeit\u012f ir prad\u0117ti nauj\u0105 gyvenim\u0105? Ar jie \u012fstengs surasti keli\u0105 per intrig\u0173, \u0161anta\u017eo ir niek\u0161ybi\u0173 labirintus? \u0160viesiaplauk\u0119 gra\u017euol\u0119 Meredit\u0105 Benkroft ir charizmati\u0161k\u0105 verslo magnat\u0105 Met\u0105 Farel\u0105 persekioja j\u0173 i\u0161duotos meil\u0117s \u0161e\u0161\u0117lis \u2013 tokios meil\u0117s, kuri pasitaiko tik kart\u0105 gyvenime, o prarasta palieka \u0161irdg\u0117l\u0105 ir skausm\u0105. Kai i\u0161kyla pavojus Benkroft\u0173 \u0161eimos verslo imperijai, Mereditai nelieka kitos i\u0161eities, tik pra\u0161yti Meto pagalbos. Tarp j\u0173 v\u0117l atsiranda trauka, atgyja skaud\u017eiai malon\u016bs prisiminimai, o kartu ir abejon\u0117s, ar pavyks i\u0161taisyti praeities klaidas. \u201eRojus\u201c yra \u012fsimintiniausias Judith McNaught romanas, kupinas aistros, \u0161velnumo ir begalin\u0117s meil\u0117s, kuri\u0105 autor\u0117 taip puikiai perpratusi.<\/p>\n","protected":false},"featured_media":2439,"comment_status":"closed","ping_status":"closed","template":"","meta":{"_acf_changed":false,"site-sidebar-layout":"default","site-content-layout":"","ast-site-content-layout":"default","site-content-style":"default","site-sidebar-style":"default","ast-global-header-display":"","ast-banner-title-visibility":"","ast-main-header-display":"","ast-hfb-above-header-display":"","ast-hfb-below-header-display":"","ast-hfb-mobile-header-display":"","site-post-title":"","ast-breadcrumbs-content":"","ast-featured-img":"","footer-sml-layout":"","ast-disable-related-posts":"","theme-transparent-header-meta":"","adv-header-id-meta":"","stick-header-meta":"","header-above-stick-meta":"","header-main-stick-meta":"","header-below-stick-meta":"","astra-migrate-meta-layouts":"default","ast-page-background-enabled":"default","ast-page-background-meta":{"desktop":{"background-color":"","background-image":"","background-repeat":"repeat","background-position":"center center","background-size":"auto","background-attachment":"scroll","background-type":"","background-media":"","overlay-type":"","overlay-color":"","overlay-opacity":"","overlay-gradient":""},"tablet":{"background-color":"","background-image":"","background-repeat":"repeat","background-position":"center center","background-size":"auto","background-attachment":"scroll","background-type":"","background-media":"","overlay-type":"","overlay-color":"","overlay-opacity":"","overlay-gradient":""},"mobile":{"background-color":"","background-image":"","background-repeat":"repeat","background-position":"center center","background-size":"auto","background-attachment":"scroll","background-type":"","background-media":"","overlay-type":"","overlay-color":"","overlay-opacity":"","overlay-gradient":""}},"ast-content-background-meta":{"desktop":{"background-color":"var(--ast-global-color-4)","background-image":"","background-repeat":"repeat","background-position":"center center","background-size":"auto","background-attachment":"scroll","background-type":"","background-media":"","overlay-type":"","overlay-color":"","overlay-opacity":"","overlay-gradient":""},"tablet":{"background-color":"var(--ast-global-color-4)","background-image":"","background-repeat":"repeat","background-position":"center center","background-size":"auto","background-attachment":"scroll","background-type":"","background-media":"","overlay-type":"","overlay-color":"","overlay-opacity":"","overlay-gradient":""},"mobile":{"background-color":"var(--ast-global-color-4)","background-image":"","background-repeat":"repeat","background-position":"center center","background-size":"auto","background-attachment":"scroll","background-type":"","background-media":"","overlay-type":"","overlay-color":"","overlay-opacity":"","overlay-gradient":""}}},"product_brand":[],"product_cat":[31],"product_tag":[],"class_list":{"0":"post-2389","1":"product","2":"type-product","3":"status-publish","4":"has-post-thumbnail","6":"product_cat-grozine-literatura","7":"desktop-align-left","8":"tablet-align-left","9":"mobile-align-left","11":"first","12":"outofstock","13":"shipping-taxable","14":"purchasable","15":"product-type-simple"},"acf":[],"yoast_head":"<!-- This site is optimized with the Yoast SEO plugin v27.0 - https:\/\/yoast.com\/product\/yoast-seo-wordpress\/ -->\n<title>J. McNaught \u201eRojus\u201c 2 tomas - Skaitytaknyga<\/title>\n<meta name=\"description\" content=\"Atrod\u0117, kad prie\u0161 vienuolika met\u0173 lemtis ir \u017emoni\u0173 klasta am\u017eiams i\u0161skyr\u0117 Met\u0105 ir Meredit\u0105. Ar jiems pavyks susigr\u0105\u017einti prarast\u0105 meil\u0119, visiems laikams\" \/>\n<meta name=\"robots\" content=\"index, follow, max-snippet:-1, max-image-preview:large, max-video-preview:-1\" \/>\n<link rel=\"canonical\" href=\"https:\/\/skaitytaknyga.lt\/en\/produktas\/j-mcnaught-rojus-2-tomas\/\" \/>\n<meta property=\"og:locale\" content=\"en_GB\" \/>\n<meta property=\"og:locale:alternate\" content=\"lt_LT\" \/>\n<meta property=\"og:type\" content=\"article\" \/>\n<meta property=\"og:title\" content=\"J. McNaught \u201eRojus\u201c 2 tomas - Skaitytaknyga\" \/>\n<meta property=\"og:description\" content=\"Atrod\u0117, kad prie\u0161 vienuolika met\u0173 lemtis ir \u017emoni\u0173 klasta am\u017eiams i\u0161skyr\u0117 Met\u0105 ir Meredit\u0105. Ar jiems pavyks susigr\u0105\u017einti prarast\u0105 meil\u0119, visiems laikams\" \/>\n<meta property=\"og:url\" content=\"https:\/\/skaitytaknyga.lt\/en\/produktas\/j-mcnaught-rojus-2-tomas\/\" \/>\n<meta property=\"og:site_name\" content=\"Skaitytaknyga\" \/>\n<meta property=\"article:publisher\" content=\"https:\/\/www.facebook.com\/skaitytaknyga\/\" \/>\n<meta property=\"article:modified_time\" content=\"2025-10-22T11:34:50+00:00\" \/>\n<meta property=\"og:image\" content=\"https:\/\/skaitytaknyga.lt\/wp-content\/uploads\/2024\/04\/20200819_144059_edited-scaled-1.jpg\" \/>\n\t<meta property=\"og:image:width\" content=\"1717\" \/>\n\t<meta property=\"og:image:height\" content=\"2560\" \/>\n\t<meta property=\"og:image:type\" content=\"image\/jpeg\" \/>\n<meta name=\"twitter:card\" content=\"summary_large_image\" \/>\n<meta name=\"twitter:label1\" content=\"Estimated reading time\" \/>\n\t<meta name=\"twitter:data1\" content=\"1 minute\" \/>\n<script type=\"application\/ld+json\" class=\"yoast-schema-graph\">{\"@context\":\"https:\/\/schema.org\",\"@graph\":[{\"@type\":\"WebPage\",\"@id\":\"https:\/\/skaitytaknyga.lt\/produktas\/j-mcnaught-rojus-2-tomas\/\",\"url\":\"https:\/\/skaitytaknyga.lt\/produktas\/j-mcnaught-rojus-2-tomas\/\",\"name\":\"J. McNaught \u201eRojus\u201c 2 tomas - Skaitytaknyga\",\"isPartOf\":{\"@id\":\"https:\/\/skaitytaknyga.lt\/#website\"},\"primaryImageOfPage\":{\"@id\":\"https:\/\/skaitytaknyga.lt\/produktas\/j-mcnaught-rojus-2-tomas\/#primaryimage\"},\"image\":{\"@id\":\"https:\/\/skaitytaknyga.lt\/produktas\/j-mcnaught-rojus-2-tomas\/#primaryimage\"},\"thumbnailUrl\":\"https:\/\/skaitytaknyga.lt\/wp-content\/uploads\/2024\/04\/20200819_144059_edited-scaled-1.jpg\",\"datePublished\":\"2024-04-17T13:09:06+00:00\",\"dateModified\":\"2025-10-22T11:34:50+00:00\",\"description\":\"Atrod\u0117, kad prie\u0161 vienuolika met\u0173 lemtis ir \u017emoni\u0173 klasta am\u017eiams i\u0161skyr\u0117 Met\u0105 ir Meredit\u0105. Ar jiems pavyks susigr\u0105\u017einti prarast\u0105 meil\u0119, visiems laikams\",\"breadcrumb\":{\"@id\":\"https:\/\/skaitytaknyga.lt\/produktas\/j-mcnaught-rojus-2-tomas\/#breadcrumb\"},\"inLanguage\":\"en-GB\",\"potentialAction\":[{\"@type\":\"ReadAction\",\"target\":[\"https:\/\/skaitytaknyga.lt\/produktas\/j-mcnaught-rojus-2-tomas\/\"]}]},{\"@type\":\"ImageObject\",\"inLanguage\":\"en-GB\",\"@id\":\"https:\/\/skaitytaknyga.lt\/produktas\/j-mcnaught-rojus-2-tomas\/#primaryimage\",\"url\":\"https:\/\/skaitytaknyga.lt\/wp-content\/uploads\/2024\/04\/20200819_144059_edited-scaled-1.jpg\",\"contentUrl\":\"https:\/\/skaitytaknyga.lt\/wp-content\/uploads\/2024\/04\/20200819_144059_edited-scaled-1.jpg\",\"width\":1717,\"height\":2560,\"caption\":\"20200819 144059 edited scaled 1\"},{\"@type\":\"BreadcrumbList\",\"@id\":\"https:\/\/skaitytaknyga.lt\/produktas\/j-mcnaught-rojus-2-tomas\/#breadcrumb\",\"itemListElement\":[{\"@type\":\"ListItem\",\"position\":1,\"name\":\"Home\",\"item\":\"https:\/\/skaitytaknyga.lt\/\"},{\"@type\":\"ListItem\",\"position\":2,\"name\":\"Parduotuv\u0117\",\"item\":\"https:\/\/skaitytaknyga.lt\/knygu-parduotuve\/\"},{\"@type\":\"ListItem\",\"position\":3,\"name\":\"J. McNaught \u201eRojus\u201c 2 tomas\"}]},{\"@type\":\"WebSite\",\"@id\":\"https:\/\/skaitytaknyga.lt\/#website\",\"url\":\"https:\/\/skaitytaknyga.lt\/\",\"name\":\"skaitytaknyga.lt\",\"description\":\"Skaitytaknyga.lt \u2013 tai ma\u017eas \u0161eimos verslas, kuris prasid\u0117jo nuo meil\u0117s knygoms ir siekio i\u0161gelb\u0117ti knygas nuo likimo prie konteinerio. Kas vienam nereikalingas daiktas \u2013 kitam lobis, o mes esame tarpininkai, kurie padeda abiems tapti laimingesniems ???? \u017dinome kaip nelengva i\u0161gyventi ma\u017eiems verslams, tad nuo \u0161iol, \u010dia rasite ir kit\u0173, ma\u017e\u0173 \u0161eim\u0173 versl\u0173, rank\u0173 darbo, dovan\u0173 sau ir artimiesiems.\",\"publisher\":{\"@id\":\"https:\/\/skaitytaknyga.lt\/#organization\"},\"potentialAction\":[{\"@type\":\"SearchAction\",\"target\":{\"@type\":\"EntryPoint\",\"urlTemplate\":\"https:\/\/skaitytaknyga.lt\/?s={search_term_string}\"},\"query-input\":{\"@type\":\"PropertyValueSpecification\",\"valueRequired\":true,\"valueName\":\"search_term_string\"}}],\"inLanguage\":\"en-GB\"},{\"@type\":\"Organization\",\"@id\":\"https:\/\/skaitytaknyga.lt\/#organization\",\"name\":\"skaitytaknyga.lt\",\"url\":\"https:\/\/skaitytaknyga.lt\/\",\"logo\":{\"@type\":\"ImageObject\",\"inLanguage\":\"en-GB\",\"@id\":\"https:\/\/skaitytaknyga.lt\/#\/schema\/logo\/image\/\",\"url\":\"https:\/\/skaitytaknyga.lt\/wp-content\/uploads\/2024\/05\/cropped-cropped-cropped-02_00843_jt3bggkj1j3HLc7SyY6rEUpg.jpeg\",\"contentUrl\":\"https:\/\/skaitytaknyga.lt\/wp-content\/uploads\/2024\/05\/cropped-cropped-cropped-02_00843_jt3bggkj1j3HLc7SyY6rEUpg.jpeg\",\"width\":1600,\"height\":1600,\"caption\":\"skaitytaknyga.lt\"},\"image\":{\"@id\":\"https:\/\/skaitytaknyga.lt\/#\/schema\/logo\/image\/\"},\"sameAs\":[\"https:\/\/www.facebook.com\/skaitytaknyga\/\"]}]}<\/script>\n<!-- \/ Yoast SEO plugin. -->","yoast_head_json":{"title":"J. McNaught \u201eRojus\u201c 2 tomas - Skaitytaknyga","description":"Atrod\u0117, kad prie\u0161 vienuolika met\u0173 lemtis ir \u017emoni\u0173 klasta am\u017eiams i\u0161skyr\u0117 Met\u0105 ir Meredit\u0105. Ar jiems pavyks susigr\u0105\u017einti prarast\u0105 meil\u0119, visiems laikams","robots":{"index":"index","follow":"follow","max-snippet":"max-snippet:-1","max-image-preview":"max-image-preview:large","max-video-preview":"max-video-preview:-1"},"canonical":"https:\/\/skaitytaknyga.lt\/en\/produktas\/j-mcnaught-rojus-2-tomas\/","og_locale":"en_GB","og_type":"article","og_title":"J. McNaught \u201eRojus\u201c 2 tomas - Skaitytaknyga","og_description":"Atrod\u0117, kad prie\u0161 vienuolika met\u0173 lemtis ir \u017emoni\u0173 klasta am\u017eiams i\u0161skyr\u0117 Met\u0105 ir Meredit\u0105. Ar jiems pavyks susigr\u0105\u017einti prarast\u0105 meil\u0119, visiems laikams","og_url":"https:\/\/skaitytaknyga.lt\/en\/produktas\/j-mcnaught-rojus-2-tomas\/","og_site_name":"Skaitytaknyga","article_publisher":"https:\/\/www.facebook.com\/skaitytaknyga\/","article_modified_time":"2025-10-22T11:34:50+00:00","og_image":[{"width":1717,"height":2560,"url":"https:\/\/skaitytaknyga.lt\/wp-content\/uploads\/2024\/04\/20200819_144059_edited-scaled-1.jpg","type":"image\/jpeg"}],"twitter_card":"summary_large_image","twitter_misc":{"Estimated reading time":"1 minute"},"schema":{"@context":"https:\/\/schema.org","@graph":[{"@type":"WebPage","@id":"https:\/\/skaitytaknyga.lt\/produktas\/j-mcnaught-rojus-2-tomas\/","url":"https:\/\/skaitytaknyga.lt\/produktas\/j-mcnaught-rojus-2-tomas\/","name":"J. McNaught \u201eRojus\u201c 2 tomas - Skaitytaknyga","isPartOf":{"@id":"https:\/\/skaitytaknyga.lt\/#website"},"primaryImageOfPage":{"@id":"https:\/\/skaitytaknyga.lt\/produktas\/j-mcnaught-rojus-2-tomas\/#primaryimage"},"image":{"@id":"https:\/\/skaitytaknyga.lt\/produktas\/j-mcnaught-rojus-2-tomas\/#primaryimage"},"thumbnailUrl":"https:\/\/skaitytaknyga.lt\/wp-content\/uploads\/2024\/04\/20200819_144059_edited-scaled-1.jpg","datePublished":"2024-04-17T13:09:06+00:00","dateModified":"2025-10-22T11:34:50+00:00","description":"Atrod\u0117, kad prie\u0161 vienuolika met\u0173 lemtis ir \u017emoni\u0173 klasta am\u017eiams i\u0161skyr\u0117 Met\u0105 ir Meredit\u0105. Ar jiems pavyks susigr\u0105\u017einti prarast\u0105 meil\u0119, visiems laikams","breadcrumb":{"@id":"https:\/\/skaitytaknyga.lt\/produktas\/j-mcnaught-rojus-2-tomas\/#breadcrumb"},"inLanguage":"en-GB","potentialAction":[{"@type":"ReadAction","target":["https:\/\/skaitytaknyga.lt\/produktas\/j-mcnaught-rojus-2-tomas\/"]}]},{"@type":"ImageObject","inLanguage":"en-GB","@id":"https:\/\/skaitytaknyga.lt\/produktas\/j-mcnaught-rojus-2-tomas\/#primaryimage","url":"https:\/\/skaitytaknyga.lt\/wp-content\/uploads\/2024\/04\/20200819_144059_edited-scaled-1.jpg","contentUrl":"https:\/\/skaitytaknyga.lt\/wp-content\/uploads\/2024\/04\/20200819_144059_edited-scaled-1.jpg","width":1717,"height":2560,"caption":"20200819 144059 edited scaled 1"},{"@type":"BreadcrumbList","@id":"https:\/\/skaitytaknyga.lt\/produktas\/j-mcnaught-rojus-2-tomas\/#breadcrumb","itemListElement":[{"@type":"ListItem","position":1,"name":"Home","item":"https:\/\/skaitytaknyga.lt\/"},{"@type":"ListItem","position":2,"name":"Parduotuv\u0117","item":"https:\/\/skaitytaknyga.lt\/knygu-parduotuve\/"},{"@type":"ListItem","position":3,"name":"J. McNaught \u201eRojus\u201c 2 tomas"}]},{"@type":"WebSite","@id":"https:\/\/skaitytaknyga.lt\/#website","url":"https:\/\/skaitytaknyga.lt\/","name":"skaitytaknyga.lt","description":"Skaitytaknyga.lt \u2013 tai ma\u017eas \u0161eimos verslas, kuris prasid\u0117jo nuo meil\u0117s knygoms ir siekio i\u0161gelb\u0117ti knygas nuo likimo prie konteinerio. Kas vienam nereikalingas daiktas \u2013 kitam lobis, o mes esame tarpininkai, kurie padeda abiems tapti laimingesniems ???? \u017dinome kaip nelengva i\u0161gyventi ma\u017eiems verslams, tad nuo \u0161iol, \u010dia rasite ir kit\u0173, ma\u017e\u0173 \u0161eim\u0173 versl\u0173, rank\u0173 darbo, dovan\u0173 sau ir artimiesiems.","publisher":{"@id":"https:\/\/skaitytaknyga.lt\/#organization"},"potentialAction":[{"@type":"SearchAction","target":{"@type":"EntryPoint","urlTemplate":"https:\/\/skaitytaknyga.lt\/?s={search_term_string}"},"query-input":{"@type":"PropertyValueSpecification","valueRequired":true,"valueName":"search_term_string"}}],"inLanguage":"en-GB"},{"@type":"Organization","@id":"https:\/\/skaitytaknyga.lt\/#organization","name":"skaitytaknyga.lt","url":"https:\/\/skaitytaknyga.lt\/","logo":{"@type":"ImageObject","inLanguage":"en-GB","@id":"https:\/\/skaitytaknyga.lt\/#\/schema\/logo\/image\/","url":"https:\/\/skaitytaknyga.lt\/wp-content\/uploads\/2024\/05\/cropped-cropped-cropped-02_00843_jt3bggkj1j3HLc7SyY6rEUpg.jpeg","contentUrl":"https:\/\/skaitytaknyga.lt\/wp-content\/uploads\/2024\/05\/cropped-cropped-cropped-02_00843_jt3bggkj1j3HLc7SyY6rEUpg.jpeg","width":1600,"height":1600,"caption":"skaitytaknyga.lt"},"image":{"@id":"https:\/\/skaitytaknyga.lt\/#\/schema\/logo\/image\/"},"sameAs":["https:\/\/www.facebook.com\/skaitytaknyga\/"]}]}},"_links":{"self":[{"href":"https:\/\/skaitytaknyga.lt\/en\/wp-json\/wp\/v2\/product\/2389","targetHints":{"allow":["GET"]}}],"collection":[{"href":"https:\/\/skaitytaknyga.lt\/en\/wp-json\/wp\/v2\/product"}],"about":[{"href":"https:\/\/skaitytaknyga.lt\/en\/wp-json\/wp\/v2\/types\/product"}],"replies":[{"embeddable":true,"href":"https:\/\/skaitytaknyga.lt\/en\/wp-json\/wp\/v2\/comments?post=2389"}],"wp:featuredmedia":[{"embeddable":true,"href":"https:\/\/skaitytaknyga.lt\/en\/wp-json\/wp\/v2\/media\/2439"}],"wp:attachment":[{"href":"https:\/\/skaitytaknyga.lt\/en\/wp-json\/wp\/v2\/media?parent=2389"}],"wp:term":[{"taxonomy":"product_brand","embeddable":true,"href":"https:\/\/skaitytaknyga.lt\/en\/wp-json\/wp\/v2\/product_brand?post=2389"},{"taxonomy":"product_cat","embeddable":true,"href":"https:\/\/skaitytaknyga.lt\/en\/wp-json\/wp\/v2\/product_cat?post=2389"},{"taxonomy":"product_tag","embeddable":true,"href":"https:\/\/skaitytaknyga.lt\/en\/wp-json\/wp\/v2\/product_tag?post=2389"}],"curies":[{"name":"wp","href":"https:\/\/api.w.org\/{rel}","templated":true}]}}