{"id":2388,"date":"2024-04-17T13:09:06","date_gmt":"2024-04-17T13:09:06","guid":{"rendered":"https:\/\/skaitytaknyga.lt\/?post_type=product&#038;p=2388"},"modified":"2024-05-03T07:14:35","modified_gmt":"2024-05-03T07:14:35","slug":"g-de-maupassant-menesiena","status":"publish","type":"product","link":"https:\/\/skaitytaknyga.lt\/en\/produktas\/g-de-maupassant-menesiena\/","title":{"rendered":"G. de Maupassant \u201eM\u0117nesiena\u201c"},"content":{"rendered":"<p>Vienas ankstesni\u0173 Maupassant&#8217;o k\u016brini\u0173 \u2013 noveli\u0173 rinkinys \u201eM\u0117nesiena\u201c pasirod\u0117 1883 m. Tuo metu ra\u0161ytojas balansavo \u0161viesaus \u017evilgsnio \u012f pasaul\u012f ir besitvenkian\u010dio ko\u0161maro paribyje. Ta\u010diau jis vis d\u0117lto bes\u0105lygi\u0161kai tiki \u017emogumi ir jo dvasios galia. Vaizdingose ir tyrose novel\u0117se Maupassant\u2019as taupiais ir lengvais sakiniais, tarsi atsitiktin\u0117mis detal\u0117mis atskleid\u017eia heroj\u0173 jausmus susiklos\u010dius kra\u0161tutin\u0117ms situacijoms, kurios i\u0161samiai neapra\u0161omos, veikiau netiesiogiai persismelkia pro glaust\u0105 novel\u0117s form\u0105. Jo k\u016briniuose \u2013 \u012fsimintini socialini\u0173 tip\u0173 ir charakteri\u0173 eskizai, spalvingi, impresionistiniai, ta\u010diau sant\u016br\u016bs peiza\u017eai. Savitas Maupassant\u2019o ra\u0161ymo stilius \u2013 tai nuolatinis susilaikymas nuo daug\u017eod\u017eiavimo, siekiant papasakoti tuo, kas nutyl\u0117ta.<\/p>\n","protected":false},"excerpt":{"rendered":"<p>Vienas ankstesni\u0173 Maupassant&#8217;o k\u016brini\u0173 \u2013 noveli\u0173 rinkinys \u201eM\u0117nesiena\u201c pasirod\u0117 1883 m. Tuo metu ra\u0161ytojas balansavo \u0161viesaus \u017evilgsnio \u012f pasaul\u012f ir besitvenkian\u010dio ko\u0161maro paribyje. Ta\u010diau jis vis d\u0117lto bes\u0105lygi\u0161kai tiki \u017emogumi ir jo dvasios galia. Vaizdingose ir tyrose novel\u0117se Maupassant\u2019as taupiais ir lengvais sakiniais, tarsi atsitiktin\u0117mis detal\u0117mis atskleid\u017eia heroj\u0173 jausmus susiklos\u010dius kra\u0161tutin\u0117ms situacijoms, kurios i\u0161samiai neapra\u0161omos, veikiau netiesiogiai persismelkia pro glaust\u0105 novel\u0117s form\u0105. Jo k\u016briniuose \u2013 \u012fsimintini socialini\u0173 tip\u0173 ir charakteri\u0173 eskizai, spalvingi, impresionistiniai, ta\u010diau sant\u016br\u016bs peiza\u017eai. Savitas Maupassant\u2019o ra\u0161ymo stilius \u2013 tai nuolatinis susilaikymas nuo daug\u017eod\u017eiavimo, siekiant papasakoti tuo, kas nutyl\u0117ta.<\/p>\n","protected":false},"featured_media":2438,"comment_status":"closed","ping_status":"closed","template":"","meta":{"_acf_changed":false,"site-sidebar-layout":"default","site-content-layout":"","ast-site-content-layout":"default","site-content-style":"default","site-sidebar-style":"default","ast-global-header-display":"","ast-banner-title-visibility":"","ast-main-header-display":"","ast-hfb-above-header-display":"","ast-hfb-below-header-display":"","ast-hfb-mobile-header-display":"","site-post-title":"","ast-breadcrumbs-content":"","ast-featured-img":"","footer-sml-layout":"","ast-disable-related-posts":"","theme-transparent-header-meta":"","adv-header-id-meta":"","stick-header-meta":"","header-above-stick-meta":"","header-main-stick-meta":"","header-below-stick-meta":"","astra-migrate-meta-layouts":"default","ast-page-background-enabled":"default","ast-page-background-meta":{"desktop":{"background-color":"","background-image":"","background-repeat":"repeat","background-position":"center center","background-size":"auto","background-attachment":"scroll","background-type":"","background-media":"","overlay-type":"","overlay-color":"","overlay-opacity":"","overlay-gradient":""},"tablet":{"background-color":"","background-image":"","background-repeat":"repeat","background-position":"center center","background-size":"auto","background-attachment":"scroll","background-type":"","background-media":"","overlay-type":"","overlay-color":"","overlay-opacity":"","overlay-gradient":""},"mobile":{"background-color":"","background-image":"","background-repeat":"repeat","background-position":"center center","background-size":"auto","background-attachment":"scroll","background-type":"","background-media":"","overlay-type":"","overlay-color":"","overlay-opacity":"","overlay-gradient":""}},"ast-content-background-meta":{"desktop":{"background-color":"var(--ast-global-color-4)","background-image":"","background-repeat":"repeat","background-position":"center center","background-size":"auto","background-attachment":"scroll","background-type":"","background-media":"","overlay-type":"","overlay-color":"","overlay-opacity":"","overlay-gradient":""},"tablet":{"background-color":"var(--ast-global-color-4)","background-image":"","background-repeat":"repeat","background-position":"center center","background-size":"auto","background-attachment":"scroll","background-type":"","background-media":"","overlay-type":"","overlay-color":"","overlay-opacity":"","overlay-gradient":""},"mobile":{"background-color":"var(--ast-global-color-4)","background-image":"","background-repeat":"repeat","background-position":"center center","background-size":"auto","background-attachment":"scroll","background-type":"","background-media":"","overlay-type":"","overlay-color":"","overlay-opacity":"","overlay-gradient":""}}},"product_brand":[],"product_cat":[31],"product_tag":[],"class_list":{"0":"post-2388","1":"product","2":"type-product","3":"status-publish","4":"has-post-thumbnail","6":"product_cat-grozine-literatura","7":"desktop-align-left","8":"tablet-align-left","9":"mobile-align-left","11":"first","12":"outofstock","13":"shipping-taxable","14":"purchasable","15":"product-type-simple"},"acf":[],"yoast_head":"<!-- This site is optimized with the Yoast SEO plugin v27.0 - https:\/\/yoast.com\/product\/yoast-seo-wordpress\/ -->\n<title>G. de Maupassant \u201eM\u0117nesiena\u201c - Skaitytaknyga<\/title>\n<meta name=\"description\" content=\"Vienas ankstesni\u0173 Maupassant&#039;o k\u016brini\u0173 \u2013 noveli\u0173 rinkinys \u201eM\u0117nesiena\u201c pasirod\u0117 1883 m. Tuo metu ra\u0161ytojas balansavo \u0161viesaus \u017evilgsnio \u012f pasaul\u012f ir\" \/>\n<meta name=\"robots\" content=\"index, follow, max-snippet:-1, max-image-preview:large, max-video-preview:-1\" \/>\n<link rel=\"canonical\" href=\"https:\/\/skaitytaknyga.lt\/en\/produktas\/g-de-maupassant-menesiena\/\" \/>\n<meta property=\"og:locale\" content=\"en_GB\" \/>\n<meta property=\"og:locale:alternate\" content=\"lt_LT\" \/>\n<meta property=\"og:type\" content=\"article\" \/>\n<meta property=\"og:title\" content=\"G. de Maupassant \u201eM\u0117nesiena\u201c - Skaitytaknyga\" \/>\n<meta property=\"og:description\" content=\"Vienas ankstesni\u0173 Maupassant&#039;o k\u016brini\u0173 \u2013 noveli\u0173 rinkinys \u201eM\u0117nesiena\u201c pasirod\u0117 1883 m. Tuo metu ra\u0161ytojas balansavo \u0161viesaus \u017evilgsnio \u012f pasaul\u012f ir\" \/>\n<meta property=\"og:url\" content=\"https:\/\/skaitytaknyga.lt\/en\/produktas\/g-de-maupassant-menesiena\/\" \/>\n<meta property=\"og:site_name\" content=\"Skaitytaknyga\" \/>\n<meta property=\"article:publisher\" content=\"https:\/\/www.facebook.com\/skaitytaknyga\/\" \/>\n<meta property=\"article:modified_time\" content=\"2024-05-03T07:14:35+00:00\" \/>\n<meta property=\"og:image\" content=\"https:\/\/skaitytaknyga.lt\/wp-content\/uploads\/2024\/04\/110135-knyga.jpg\" \/>\n\t<meta property=\"og:image:width\" content=\"240\" \/>\n\t<meta property=\"og:image:height\" content=\"350\" \/>\n\t<meta property=\"og:image:type\" content=\"image\/jpeg\" \/>\n<meta name=\"twitter:card\" content=\"summary_large_image\" \/>\n<meta name=\"twitter:label1\" content=\"Estimated reading time\" \/>\n\t<meta name=\"twitter:data1\" content=\"1 minute\" \/>\n<script type=\"application\/ld+json\" class=\"yoast-schema-graph\">{\"@context\":\"https:\/\/schema.org\",\"@graph\":[{\"@type\":\"WebPage\",\"@id\":\"https:\/\/skaitytaknyga.lt\/produktas\/g-de-maupassant-menesiena\/\",\"url\":\"https:\/\/skaitytaknyga.lt\/produktas\/g-de-maupassant-menesiena\/\",\"name\":\"G. de Maupassant \u201eM\u0117nesiena\u201c - Skaitytaknyga\",\"isPartOf\":{\"@id\":\"https:\/\/skaitytaknyga.lt\/#website\"},\"primaryImageOfPage\":{\"@id\":\"https:\/\/skaitytaknyga.lt\/produktas\/g-de-maupassant-menesiena\/#primaryimage\"},\"image\":{\"@id\":\"https:\/\/skaitytaknyga.lt\/produktas\/g-de-maupassant-menesiena\/#primaryimage\"},\"thumbnailUrl\":\"https:\/\/skaitytaknyga.lt\/wp-content\/uploads\/2024\/04\/110135-knyga.jpg\",\"datePublished\":\"2024-04-17T13:09:06+00:00\",\"dateModified\":\"2024-05-03T07:14:35+00:00\",\"description\":\"Vienas ankstesni\u0173 Maupassant'o k\u016brini\u0173 \u2013 noveli\u0173 rinkinys \u201eM\u0117nesiena\u201c pasirod\u0117 1883 m. Tuo metu ra\u0161ytojas balansavo \u0161viesaus \u017evilgsnio \u012f pasaul\u012f ir\",\"breadcrumb\":{\"@id\":\"https:\/\/skaitytaknyga.lt\/produktas\/g-de-maupassant-menesiena\/#breadcrumb\"},\"inLanguage\":\"en-GB\",\"potentialAction\":[{\"@type\":\"ReadAction\",\"target\":[\"https:\/\/skaitytaknyga.lt\/produktas\/g-de-maupassant-menesiena\/\"]}]},{\"@type\":\"ImageObject\",\"inLanguage\":\"en-GB\",\"@id\":\"https:\/\/skaitytaknyga.lt\/produktas\/g-de-maupassant-menesiena\/#primaryimage\",\"url\":\"https:\/\/skaitytaknyga.lt\/wp-content\/uploads\/2024\/04\/110135-knyga.jpg\",\"contentUrl\":\"https:\/\/skaitytaknyga.lt\/wp-content\/uploads\/2024\/04\/110135-knyga.jpg\",\"width\":240,\"height\":350,\"caption\":\"110135 knyga\"},{\"@type\":\"BreadcrumbList\",\"@id\":\"https:\/\/skaitytaknyga.lt\/produktas\/g-de-maupassant-menesiena\/#breadcrumb\",\"itemListElement\":[{\"@type\":\"ListItem\",\"position\":1,\"name\":\"Home\",\"item\":\"https:\/\/skaitytaknyga.lt\/\"},{\"@type\":\"ListItem\",\"position\":2,\"name\":\"Parduotuv\u0117\",\"item\":\"https:\/\/skaitytaknyga.lt\/knygu-parduotuve\/\"},{\"@type\":\"ListItem\",\"position\":3,\"name\":\"G. de Maupassant \u201eM\u0117nesiena\u201c\"}]},{\"@type\":\"WebSite\",\"@id\":\"https:\/\/skaitytaknyga.lt\/#website\",\"url\":\"https:\/\/skaitytaknyga.lt\/\",\"name\":\"skaitytaknyga.lt\",\"description\":\"Skaitytaknyga.lt \u2013 tai ma\u017eas \u0161eimos verslas, kuris prasid\u0117jo nuo meil\u0117s knygoms ir siekio i\u0161gelb\u0117ti knygas nuo likimo prie konteinerio. Kas vienam nereikalingas daiktas \u2013 kitam lobis, o mes esame tarpininkai, kurie padeda abiems tapti laimingesniems ???? \u017dinome kaip nelengva i\u0161gyventi ma\u017eiems verslams, tad nuo \u0161iol, \u010dia rasite ir kit\u0173, ma\u017e\u0173 \u0161eim\u0173 versl\u0173, rank\u0173 darbo, dovan\u0173 sau ir artimiesiems.\",\"publisher\":{\"@id\":\"https:\/\/skaitytaknyga.lt\/#organization\"},\"potentialAction\":[{\"@type\":\"SearchAction\",\"target\":{\"@type\":\"EntryPoint\",\"urlTemplate\":\"https:\/\/skaitytaknyga.lt\/?s={search_term_string}\"},\"query-input\":{\"@type\":\"PropertyValueSpecification\",\"valueRequired\":true,\"valueName\":\"search_term_string\"}}],\"inLanguage\":\"en-GB\"},{\"@type\":\"Organization\",\"@id\":\"https:\/\/skaitytaknyga.lt\/#organization\",\"name\":\"skaitytaknyga.lt\",\"url\":\"https:\/\/skaitytaknyga.lt\/\",\"logo\":{\"@type\":\"ImageObject\",\"inLanguage\":\"en-GB\",\"@id\":\"https:\/\/skaitytaknyga.lt\/#\/schema\/logo\/image\/\",\"url\":\"https:\/\/skaitytaknyga.lt\/wp-content\/uploads\/2024\/05\/cropped-cropped-cropped-02_00843_jt3bggkj1j3HLc7SyY6rEUpg.jpeg\",\"contentUrl\":\"https:\/\/skaitytaknyga.lt\/wp-content\/uploads\/2024\/05\/cropped-cropped-cropped-02_00843_jt3bggkj1j3HLc7SyY6rEUpg.jpeg\",\"width\":1600,\"height\":1600,\"caption\":\"skaitytaknyga.lt\"},\"image\":{\"@id\":\"https:\/\/skaitytaknyga.lt\/#\/schema\/logo\/image\/\"},\"sameAs\":[\"https:\/\/www.facebook.com\/skaitytaknyga\/\"]}]}<\/script>\n<!-- \/ Yoast SEO plugin. -->","yoast_head_json":{"title":"G. de Maupassant \u201eM\u0117nesiena\u201c - Skaitytaknyga","description":"Vienas ankstesni\u0173 Maupassant'o k\u016brini\u0173 \u2013 noveli\u0173 rinkinys \u201eM\u0117nesiena\u201c pasirod\u0117 1883 m. Tuo metu ra\u0161ytojas balansavo \u0161viesaus \u017evilgsnio \u012f pasaul\u012f ir","robots":{"index":"index","follow":"follow","max-snippet":"max-snippet:-1","max-image-preview":"max-image-preview:large","max-video-preview":"max-video-preview:-1"},"canonical":"https:\/\/skaitytaknyga.lt\/en\/produktas\/g-de-maupassant-menesiena\/","og_locale":"en_GB","og_type":"article","og_title":"G. de Maupassant \u201eM\u0117nesiena\u201c - Skaitytaknyga","og_description":"Vienas ankstesni\u0173 Maupassant'o k\u016brini\u0173 \u2013 noveli\u0173 rinkinys \u201eM\u0117nesiena\u201c pasirod\u0117 1883 m. Tuo metu ra\u0161ytojas balansavo \u0161viesaus \u017evilgsnio \u012f pasaul\u012f ir","og_url":"https:\/\/skaitytaknyga.lt\/en\/produktas\/g-de-maupassant-menesiena\/","og_site_name":"Skaitytaknyga","article_publisher":"https:\/\/www.facebook.com\/skaitytaknyga\/","article_modified_time":"2024-05-03T07:14:35+00:00","og_image":[{"width":240,"height":350,"url":"https:\/\/skaitytaknyga.lt\/wp-content\/uploads\/2024\/04\/110135-knyga.jpg","type":"image\/jpeg"}],"twitter_card":"summary_large_image","twitter_misc":{"Estimated reading time":"1 minute"},"schema":{"@context":"https:\/\/schema.org","@graph":[{"@type":"WebPage","@id":"https:\/\/skaitytaknyga.lt\/produktas\/g-de-maupassant-menesiena\/","url":"https:\/\/skaitytaknyga.lt\/produktas\/g-de-maupassant-menesiena\/","name":"G. de Maupassant \u201eM\u0117nesiena\u201c - Skaitytaknyga","isPartOf":{"@id":"https:\/\/skaitytaknyga.lt\/#website"},"primaryImageOfPage":{"@id":"https:\/\/skaitytaknyga.lt\/produktas\/g-de-maupassant-menesiena\/#primaryimage"},"image":{"@id":"https:\/\/skaitytaknyga.lt\/produktas\/g-de-maupassant-menesiena\/#primaryimage"},"thumbnailUrl":"https:\/\/skaitytaknyga.lt\/wp-content\/uploads\/2024\/04\/110135-knyga.jpg","datePublished":"2024-04-17T13:09:06+00:00","dateModified":"2024-05-03T07:14:35+00:00","description":"Vienas ankstesni\u0173 Maupassant'o k\u016brini\u0173 \u2013 noveli\u0173 rinkinys \u201eM\u0117nesiena\u201c pasirod\u0117 1883 m. Tuo metu ra\u0161ytojas balansavo \u0161viesaus \u017evilgsnio \u012f pasaul\u012f ir","breadcrumb":{"@id":"https:\/\/skaitytaknyga.lt\/produktas\/g-de-maupassant-menesiena\/#breadcrumb"},"inLanguage":"en-GB","potentialAction":[{"@type":"ReadAction","target":["https:\/\/skaitytaknyga.lt\/produktas\/g-de-maupassant-menesiena\/"]}]},{"@type":"ImageObject","inLanguage":"en-GB","@id":"https:\/\/skaitytaknyga.lt\/produktas\/g-de-maupassant-menesiena\/#primaryimage","url":"https:\/\/skaitytaknyga.lt\/wp-content\/uploads\/2024\/04\/110135-knyga.jpg","contentUrl":"https:\/\/skaitytaknyga.lt\/wp-content\/uploads\/2024\/04\/110135-knyga.jpg","width":240,"height":350,"caption":"110135 knyga"},{"@type":"BreadcrumbList","@id":"https:\/\/skaitytaknyga.lt\/produktas\/g-de-maupassant-menesiena\/#breadcrumb","itemListElement":[{"@type":"ListItem","position":1,"name":"Home","item":"https:\/\/skaitytaknyga.lt\/"},{"@type":"ListItem","position":2,"name":"Parduotuv\u0117","item":"https:\/\/skaitytaknyga.lt\/knygu-parduotuve\/"},{"@type":"ListItem","position":3,"name":"G. de Maupassant \u201eM\u0117nesiena\u201c"}]},{"@type":"WebSite","@id":"https:\/\/skaitytaknyga.lt\/#website","url":"https:\/\/skaitytaknyga.lt\/","name":"skaitytaknyga.lt","description":"Skaitytaknyga.lt \u2013 tai ma\u017eas \u0161eimos verslas, kuris prasid\u0117jo nuo meil\u0117s knygoms ir siekio i\u0161gelb\u0117ti knygas nuo likimo prie konteinerio. Kas vienam nereikalingas daiktas \u2013 kitam lobis, o mes esame tarpininkai, kurie padeda abiems tapti laimingesniems ???? \u017dinome kaip nelengva i\u0161gyventi ma\u017eiems verslams, tad nuo \u0161iol, \u010dia rasite ir kit\u0173, ma\u017e\u0173 \u0161eim\u0173 versl\u0173, rank\u0173 darbo, dovan\u0173 sau ir artimiesiems.","publisher":{"@id":"https:\/\/skaitytaknyga.lt\/#organization"},"potentialAction":[{"@type":"SearchAction","target":{"@type":"EntryPoint","urlTemplate":"https:\/\/skaitytaknyga.lt\/?s={search_term_string}"},"query-input":{"@type":"PropertyValueSpecification","valueRequired":true,"valueName":"search_term_string"}}],"inLanguage":"en-GB"},{"@type":"Organization","@id":"https:\/\/skaitytaknyga.lt\/#organization","name":"skaitytaknyga.lt","url":"https:\/\/skaitytaknyga.lt\/","logo":{"@type":"ImageObject","inLanguage":"en-GB","@id":"https:\/\/skaitytaknyga.lt\/#\/schema\/logo\/image\/","url":"https:\/\/skaitytaknyga.lt\/wp-content\/uploads\/2024\/05\/cropped-cropped-cropped-02_00843_jt3bggkj1j3HLc7SyY6rEUpg.jpeg","contentUrl":"https:\/\/skaitytaknyga.lt\/wp-content\/uploads\/2024\/05\/cropped-cropped-cropped-02_00843_jt3bggkj1j3HLc7SyY6rEUpg.jpeg","width":1600,"height":1600,"caption":"skaitytaknyga.lt"},"image":{"@id":"https:\/\/skaitytaknyga.lt\/#\/schema\/logo\/image\/"},"sameAs":["https:\/\/www.facebook.com\/skaitytaknyga\/"]}]}},"_links":{"self":[{"href":"https:\/\/skaitytaknyga.lt\/en\/wp-json\/wp\/v2\/product\/2388","targetHints":{"allow":["GET"]}}],"collection":[{"href":"https:\/\/skaitytaknyga.lt\/en\/wp-json\/wp\/v2\/product"}],"about":[{"href":"https:\/\/skaitytaknyga.lt\/en\/wp-json\/wp\/v2\/types\/product"}],"replies":[{"embeddable":true,"href":"https:\/\/skaitytaknyga.lt\/en\/wp-json\/wp\/v2\/comments?post=2388"}],"wp:featuredmedia":[{"embeddable":true,"href":"https:\/\/skaitytaknyga.lt\/en\/wp-json\/wp\/v2\/media\/2438"}],"wp:attachment":[{"href":"https:\/\/skaitytaknyga.lt\/en\/wp-json\/wp\/v2\/media?parent=2388"}],"wp:term":[{"taxonomy":"product_brand","embeddable":true,"href":"https:\/\/skaitytaknyga.lt\/en\/wp-json\/wp\/v2\/product_brand?post=2388"},{"taxonomy":"product_cat","embeddable":true,"href":"https:\/\/skaitytaknyga.lt\/en\/wp-json\/wp\/v2\/product_cat?post=2388"},{"taxonomy":"product_tag","embeddable":true,"href":"https:\/\/skaitytaknyga.lt\/en\/wp-json\/wp\/v2\/product_tag?post=2388"}],"curies":[{"name":"wp","href":"https:\/\/api.w.org\/{rel}","templated":true}]}}