{"id":2386,"date":"2024-04-17T13:09:06","date_gmt":"2024-04-17T13:09:06","guid":{"rendered":"https:\/\/skaitytaknyga.lt\/?post_type=product&#038;p=2386"},"modified":"2024-05-03T07:14:34","modified_gmt":"2024-05-03T07:14:34","slug":"j-herlyn-veidu-i-saule","status":"publish","type":"product","link":"https:\/\/skaitytaknyga.lt\/en\/produktas\/j-herlyn-veidu-i-saule\/","title":{"rendered":"J. Herlyn \u201eVeidu \u012f saul\u0119\u201c"},"content":{"rendered":"<p>\u201eVeidu \u012f saul\u0119&#8221;\u00a0\u2013 septintasis Jolitos Herlyn romanas, persmelktas egzoti\u0161k\u0173 Meksikos vaizd\u0173 ir tradicij\u0173.<\/p>\n<p>Jos vardas Akna Marija. Akna \u2013 maj\u0173 deiv\u0117s garbei, Marija \u2013 atsakas \u012f krik\u0161\u010dioni\u0161k\u0105j\u012f paveld\u0105. Meksikiet\u0117s Aknos Marijos gyvenim\u0105 si\u016bbuoja likimo svarstykl\u0117s \u2013 ry\u0161kios Meksikos spalvos ir lietuvi\u0161kas ni\u016brumas, globojan\u010dios maj\u0173 dvasios ir vienatv\u0117 Klaip\u0117dos daugiabutyje. Kaip pasirinkti tai, kas i\u0161spr\u0119st\u0173 dvilyp\u0117s sielos \u0161auksm\u0105?<\/p>\n<p>Pamilusi lietuv\u012f Akna Marija i\u0161va\u017eiuoja su juo \u012f Lietuv\u0105, bet iki skausmo ilgisi savo \u0161alies. Moteris u\u017esidaro tylos ir nevilties kiaute, kuris grasina susprogdinti ne tik jos gyvenim\u0105. Romanas\u00a0\u201eVeidu \u012f saul\u0119&#8221;\u00a0kalba apie meil\u0119 ir pasiaukojim\u0105. Apie sprendimus, kuriuos daro mylintys \u017emon\u0117s.<\/p>\n<p>\u201eTai spalvingas, jautrus ir gyvastingas pasakojimas, kvie\u010diantis skaitytoj\u0105 \u012f kvap\u0173, spalv\u0173 ir gars\u0173 persmelkt\u0105 Meksik\u0105: \u010dia jos gamta ir papro\u010diai, \u0161vent\u0117s ir paslaptingieji \u0161amanai, pasakos ir tradicijos&#8230; Ta\u010diau \u0161is romanas \u2013 ne tik apie Meksik\u0105. Jis ir apie svajoni\u0173 i\u0161sipildym\u0105, mergait\u0117s tapsm\u0105 moterimi, kult\u016br\u0173 skirtumus ir, \u017einoma, did\u017eiausius atstumus \u012fveikian\u010di\u0105 meil\u0119.&#8221;<\/p>\n","protected":false},"excerpt":{"rendered":"<p>\u201eVeidu \u012f saul\u0119&#8221;\u00a0\u2013 septintasis Jolitos Herlyn romanas, persmelktas egzoti\u0161k\u0173 Meksikos vaizd\u0173 ir tradicij\u0173. Jos vardas Akna Marija. Akna \u2013 maj\u0173 deiv\u0117s garbei, Marija \u2013 atsakas \u012f krik\u0161\u010dioni\u0161k\u0105j\u012f paveld\u0105. Meksikiet\u0117s Aknos Marijos gyvenim\u0105 si\u016bbuoja likimo svarstykl\u0117s \u2013 ry\u0161kios Meksikos spalvos ir lietuvi\u0161kas ni\u016brumas, globojan\u010dios maj\u0173 dvasios ir vienatv\u0117 Klaip\u0117dos daugiabutyje. Kaip pasirinkti tai, kas i\u0161spr\u0119st\u0173 dvilyp\u0117s sielos \u0161auksm\u0105? Pamilusi lietuv\u012f Akna Marija i\u0161va\u017eiuoja su juo \u012f Lietuv\u0105, bet iki skausmo ilgisi savo \u0161alies. Moteris u\u017esidaro tylos ir nevilties kiaute, kuris grasina susprogdinti ne tik jos gyvenim\u0105. Romanas\u00a0\u201eVeidu \u012f saul\u0119&#8221;\u00a0kalba apie meil\u0119 ir pasiaukojim\u0105. Apie sprendimus, kuriuos daro mylintys \u017emon\u0117s. \u201eTai spalvingas, jautrus ir gyvastingas pasakojimas, kvie\u010diantis skaitytoj\u0105 \u012f kvap\u0173, spalv\u0173 ir gars\u0173 persmelkt\u0105 Meksik\u0105: \u010dia jos gamta ir papro\u010diai, \u0161vent\u0117s ir paslaptingieji \u0161amanai, pasakos ir tradicijos&#8230; Ta\u010diau \u0161is romanas \u2013 ne tik apie Meksik\u0105. Jis ir apie svajoni\u0173 i\u0161sipildym\u0105, mergait\u0117s tapsm\u0105 moterimi, kult\u016br\u0173 skirtumus ir, \u017einoma, did\u017eiausius atstumus \u012fveikian\u010di\u0105 meil\u0119.&#8221;<\/p>\n","protected":false},"featured_media":2436,"comment_status":"closed","ping_status":"closed","template":"","meta":{"_acf_changed":false,"site-sidebar-layout":"default","site-content-layout":"","ast-site-content-layout":"default","site-content-style":"default","site-sidebar-style":"default","ast-global-header-display":"","ast-banner-title-visibility":"","ast-main-header-display":"","ast-hfb-above-header-display":"","ast-hfb-below-header-display":"","ast-hfb-mobile-header-display":"","site-post-title":"","ast-breadcrumbs-content":"","ast-featured-img":"","footer-sml-layout":"","ast-disable-related-posts":"","theme-transparent-header-meta":"","adv-header-id-meta":"","stick-header-meta":"","header-above-stick-meta":"","header-main-stick-meta":"","header-below-stick-meta":"","astra-migrate-meta-layouts":"default","ast-page-background-enabled":"default","ast-page-background-meta":{"desktop":{"background-color":"","background-image":"","background-repeat":"repeat","background-position":"center center","background-size":"auto","background-attachment":"scroll","background-type":"","background-media":"","overlay-type":"","overlay-color":"","overlay-opacity":"","overlay-gradient":""},"tablet":{"background-color":"","background-image":"","background-repeat":"repeat","background-position":"center center","background-size":"auto","background-attachment":"scroll","background-type":"","background-media":"","overlay-type":"","overlay-color":"","overlay-opacity":"","overlay-gradient":""},"mobile":{"background-color":"","background-image":"","background-repeat":"repeat","background-position":"center center","background-size":"auto","background-attachment":"scroll","background-type":"","background-media":"","overlay-type":"","overlay-color":"","overlay-opacity":"","overlay-gradient":""}},"ast-content-background-meta":{"desktop":{"background-color":"var(--ast-global-color-4)","background-image":"","background-repeat":"repeat","background-position":"center center","background-size":"auto","background-attachment":"scroll","background-type":"","background-media":"","overlay-type":"","overlay-color":"","overlay-opacity":"","overlay-gradient":""},"tablet":{"background-color":"var(--ast-global-color-4)","background-image":"","background-repeat":"repeat","background-position":"center center","background-size":"auto","background-attachment":"scroll","background-type":"","background-media":"","overlay-type":"","overlay-color":"","overlay-opacity":"","overlay-gradient":""},"mobile":{"background-color":"var(--ast-global-color-4)","background-image":"","background-repeat":"repeat","background-position":"center center","background-size":"auto","background-attachment":"scroll","background-type":"","background-media":"","overlay-type":"","overlay-color":"","overlay-opacity":"","overlay-gradient":""}}},"product_brand":[],"product_cat":[31],"product_tag":[],"class_list":{"0":"post-2386","1":"product","2":"type-product","3":"status-publish","4":"has-post-thumbnail","6":"product_cat-grozine-literatura","7":"desktop-align-left","8":"tablet-align-left","9":"mobile-align-left","11":"first","12":"instock","13":"shipping-taxable","14":"purchasable","15":"product-type-simple"},"acf":[],"yoast_head":"<!-- This site is optimized with the Yoast SEO plugin v27.4 - https:\/\/yoast.com\/product\/yoast-seo-wordpress\/ -->\n<title>J. Herlyn \u201eVeidu \u012f saul\u0119\u201c - Skaitytaknyga<\/title>\n<meta name=\"description\" content=\"\u201eVeidu \u012f saul\u0119&quot;\u00a0\u2013 septintasis Jolitos Herlyn romanas, persmelktas egzoti\u0161k\u0173 Meksikos vaizd\u0173 ir tradicij\u0173. Jos vardas Akna Marija. Akna \u2013 maj\u0173 deiv\u0117s\" \/>\n<meta name=\"robots\" content=\"index, follow, max-snippet:-1, max-image-preview:large, max-video-preview:-1\" \/>\n<link rel=\"canonical\" href=\"https:\/\/skaitytaknyga.lt\/en\/produktas\/j-herlyn-veidu-i-saule\/\" \/>\n<meta property=\"og:locale\" content=\"en_GB\" \/>\n<meta property=\"og:locale:alternate\" content=\"lt_LT\" \/>\n<meta property=\"og:type\" content=\"article\" \/>\n<meta property=\"og:title\" content=\"J. Herlyn \u201eVeidu \u012f saul\u0119\u201c - Skaitytaknyga\" \/>\n<meta property=\"og:description\" content=\"\u201eVeidu \u012f saul\u0119&quot;\u00a0\u2013 septintasis Jolitos Herlyn romanas, persmelktas egzoti\u0161k\u0173 Meksikos vaizd\u0173 ir tradicij\u0173. Jos vardas Akna Marija. Akna \u2013 maj\u0173 deiv\u0117s\" \/>\n<meta property=\"og:url\" content=\"https:\/\/skaitytaknyga.lt\/en\/produktas\/j-herlyn-veidu-i-saule\/\" \/>\n<meta property=\"og:site_name\" content=\"Skaitytaknyga\" \/>\n<meta property=\"article:publisher\" content=\"https:\/\/www.facebook.com\/skaitytaknyga\/\" \/>\n<meta property=\"article:modified_time\" content=\"2024-05-03T07:14:34+00:00\" \/>\n<meta property=\"og:image\" content=\"https:\/\/skaitytaknyga.lt\/wp-content\/uploads\/2024\/04\/000000000001111653-5c447c3f6d247-asset-knyguklubas-veidu_i_saule.jpg\" \/>\n\t<meta property=\"og:image:width\" content=\"366\" \/>\n\t<meta property=\"og:image:height\" content=\"600\" \/>\n\t<meta property=\"og:image:type\" content=\"image\/jpeg\" \/>\n<meta name=\"twitter:card\" content=\"summary_large_image\" \/>\n<meta name=\"twitter:label1\" content=\"Estimated reading time\" \/>\n\t<meta name=\"twitter:data1\" content=\"1 minute\" \/>\n<script type=\"application\/ld+json\" class=\"yoast-schema-graph\">{\"@context\":\"https:\\\/\\\/schema.org\",\"@graph\":[{\"@type\":\"WebPage\",\"@id\":\"https:\\\/\\\/skaitytaknyga.lt\\\/produktas\\\/j-herlyn-veidu-i-saule\\\/\",\"url\":\"https:\\\/\\\/skaitytaknyga.lt\\\/produktas\\\/j-herlyn-veidu-i-saule\\\/\",\"name\":\"J. Herlyn \u201eVeidu \u012f saul\u0119\u201c - Skaitytaknyga\",\"isPartOf\":{\"@id\":\"https:\\\/\\\/skaitytaknyga.lt\\\/#website\"},\"primaryImageOfPage\":{\"@id\":\"https:\\\/\\\/skaitytaknyga.lt\\\/produktas\\\/j-herlyn-veidu-i-saule\\\/#primaryimage\"},\"image\":{\"@id\":\"https:\\\/\\\/skaitytaknyga.lt\\\/produktas\\\/j-herlyn-veidu-i-saule\\\/#primaryimage\"},\"thumbnailUrl\":\"https:\\\/\\\/skaitytaknyga.lt\\\/wp-content\\\/uploads\\\/2024\\\/04\\\/000000000001111653-5c447c3f6d247-asset-knyguklubas-veidu_i_saule.jpg\",\"datePublished\":\"2024-04-17T13:09:06+00:00\",\"dateModified\":\"2024-05-03T07:14:34+00:00\",\"description\":\"\u201eVeidu \u012f saul\u0119\\\"\u00a0\u2013 septintasis Jolitos Herlyn romanas, persmelktas egzoti\u0161k\u0173 Meksikos vaizd\u0173 ir tradicij\u0173. Jos vardas Akna Marija. Akna \u2013 maj\u0173 deiv\u0117s\",\"breadcrumb\":{\"@id\":\"https:\\\/\\\/skaitytaknyga.lt\\\/produktas\\\/j-herlyn-veidu-i-saule\\\/#breadcrumb\"},\"inLanguage\":\"en-GB\",\"potentialAction\":[{\"@type\":\"ReadAction\",\"target\":[\"https:\\\/\\\/skaitytaknyga.lt\\\/produktas\\\/j-herlyn-veidu-i-saule\\\/\"]}]},{\"@type\":\"ImageObject\",\"inLanguage\":\"en-GB\",\"@id\":\"https:\\\/\\\/skaitytaknyga.lt\\\/produktas\\\/j-herlyn-veidu-i-saule\\\/#primaryimage\",\"url\":\"https:\\\/\\\/skaitytaknyga.lt\\\/wp-content\\\/uploads\\\/2024\\\/04\\\/000000000001111653-5c447c3f6d247-asset-knyguklubas-veidu_i_saule.jpg\",\"contentUrl\":\"https:\\\/\\\/skaitytaknyga.lt\\\/wp-content\\\/uploads\\\/2024\\\/04\\\/000000000001111653-5c447c3f6d247-asset-knyguklubas-veidu_i_saule.jpg\",\"width\":366,\"height\":600,\"caption\":\"000000000001111653 5c447c3f6d247 asset knyguklubas veidu i saule\"},{\"@type\":\"BreadcrumbList\",\"@id\":\"https:\\\/\\\/skaitytaknyga.lt\\\/produktas\\\/j-herlyn-veidu-i-saule\\\/#breadcrumb\",\"itemListElement\":[{\"@type\":\"ListItem\",\"position\":1,\"name\":\"Home\",\"item\":\"https:\\\/\\\/skaitytaknyga.lt\\\/\"},{\"@type\":\"ListItem\",\"position\":2,\"name\":\"Parduotuv\u0117\",\"item\":\"https:\\\/\\\/skaitytaknyga.lt\\\/knygu-parduotuve\\\/\"},{\"@type\":\"ListItem\",\"position\":3,\"name\":\"J. Herlyn \u201eVeidu \u012f saul\u0119\u201c\"}]},{\"@type\":\"WebSite\",\"@id\":\"https:\\\/\\\/skaitytaknyga.lt\\\/#website\",\"url\":\"https:\\\/\\\/skaitytaknyga.lt\\\/\",\"name\":\"skaitytaknyga.lt\",\"description\":\"Skaitytaknyga.lt \u2013 tai ma\u017eas \u0161eimos verslas, kuris prasid\u0117jo nuo meil\u0117s knygoms ir siekio i\u0161gelb\u0117ti knygas nuo likimo prie konteinerio. Kas vienam nereikalingas daiktas \u2013 kitam lobis, o mes esame tarpininkai, kurie padeda abiems tapti laimingesniems ???? \u017dinome kaip nelengva i\u0161gyventi ma\u017eiems verslams, tad nuo \u0161iol, \u010dia rasite ir kit\u0173, ma\u017e\u0173 \u0161eim\u0173 versl\u0173, rank\u0173 darbo, dovan\u0173 sau ir artimiesiems.\",\"publisher\":{\"@id\":\"https:\\\/\\\/skaitytaknyga.lt\\\/#organization\"},\"potentialAction\":[{\"@type\":\"SearchAction\",\"target\":{\"@type\":\"EntryPoint\",\"urlTemplate\":\"https:\\\/\\\/skaitytaknyga.lt\\\/?s={search_term_string}\"},\"query-input\":{\"@type\":\"PropertyValueSpecification\",\"valueRequired\":true,\"valueName\":\"search_term_string\"}}],\"inLanguage\":\"en-GB\"},{\"@type\":\"Organization\",\"@id\":\"https:\\\/\\\/skaitytaknyga.lt\\\/#organization\",\"name\":\"skaitytaknyga.lt\",\"url\":\"https:\\\/\\\/skaitytaknyga.lt\\\/\",\"logo\":{\"@type\":\"ImageObject\",\"inLanguage\":\"en-GB\",\"@id\":\"https:\\\/\\\/skaitytaknyga.lt\\\/#\\\/schema\\\/logo\\\/image\\\/\",\"url\":\"https:\\\/\\\/skaitytaknyga.lt\\\/wp-content\\\/uploads\\\/2024\\\/05\\\/cropped-cropped-cropped-02_00843_jt3bggkj1j3HLc7SyY6rEUpg.jpeg\",\"contentUrl\":\"https:\\\/\\\/skaitytaknyga.lt\\\/wp-content\\\/uploads\\\/2024\\\/05\\\/cropped-cropped-cropped-02_00843_jt3bggkj1j3HLc7SyY6rEUpg.jpeg\",\"width\":1600,\"height\":1600,\"caption\":\"skaitytaknyga.lt\"},\"image\":{\"@id\":\"https:\\\/\\\/skaitytaknyga.lt\\\/#\\\/schema\\\/logo\\\/image\\\/\"},\"sameAs\":[\"https:\\\/\\\/www.facebook.com\\\/skaitytaknyga\\\/\"]}]}<\/script>\n<!-- \/ Yoast SEO plugin. -->","yoast_head_json":{"title":"J. Herlyn \u201eVeidu \u012f saul\u0119\u201c - Skaitytaknyga","description":"\u201eVeidu \u012f saul\u0119\"\u00a0\u2013 septintasis Jolitos Herlyn romanas, persmelktas egzoti\u0161k\u0173 Meksikos vaizd\u0173 ir tradicij\u0173. Jos vardas Akna Marija. Akna \u2013 maj\u0173 deiv\u0117s","robots":{"index":"index","follow":"follow","max-snippet":"max-snippet:-1","max-image-preview":"max-image-preview:large","max-video-preview":"max-video-preview:-1"},"canonical":"https:\/\/skaitytaknyga.lt\/en\/produktas\/j-herlyn-veidu-i-saule\/","og_locale":"en_GB","og_type":"article","og_title":"J. Herlyn \u201eVeidu \u012f saul\u0119\u201c - Skaitytaknyga","og_description":"\u201eVeidu \u012f saul\u0119\"\u00a0\u2013 septintasis Jolitos Herlyn romanas, persmelktas egzoti\u0161k\u0173 Meksikos vaizd\u0173 ir tradicij\u0173. Jos vardas Akna Marija. Akna \u2013 maj\u0173 deiv\u0117s","og_url":"https:\/\/skaitytaknyga.lt\/en\/produktas\/j-herlyn-veidu-i-saule\/","og_site_name":"Skaitytaknyga","article_publisher":"https:\/\/www.facebook.com\/skaitytaknyga\/","article_modified_time":"2024-05-03T07:14:34+00:00","og_image":[{"width":366,"height":600,"url":"https:\/\/skaitytaknyga.lt\/wp-content\/uploads\/2024\/04\/000000000001111653-5c447c3f6d247-asset-knyguklubas-veidu_i_saule.jpg","type":"image\/jpeg"}],"twitter_card":"summary_large_image","twitter_misc":{"Estimated reading time":"1 minute"},"schema":{"@context":"https:\/\/schema.org","@graph":[{"@type":"WebPage","@id":"https:\/\/skaitytaknyga.lt\/produktas\/j-herlyn-veidu-i-saule\/","url":"https:\/\/skaitytaknyga.lt\/produktas\/j-herlyn-veidu-i-saule\/","name":"J. Herlyn \u201eVeidu \u012f saul\u0119\u201c - Skaitytaknyga","isPartOf":{"@id":"https:\/\/skaitytaknyga.lt\/#website"},"primaryImageOfPage":{"@id":"https:\/\/skaitytaknyga.lt\/produktas\/j-herlyn-veidu-i-saule\/#primaryimage"},"image":{"@id":"https:\/\/skaitytaknyga.lt\/produktas\/j-herlyn-veidu-i-saule\/#primaryimage"},"thumbnailUrl":"https:\/\/skaitytaknyga.lt\/wp-content\/uploads\/2024\/04\/000000000001111653-5c447c3f6d247-asset-knyguklubas-veidu_i_saule.jpg","datePublished":"2024-04-17T13:09:06+00:00","dateModified":"2024-05-03T07:14:34+00:00","description":"\u201eVeidu \u012f saul\u0119\"\u00a0\u2013 septintasis Jolitos Herlyn romanas, persmelktas egzoti\u0161k\u0173 Meksikos vaizd\u0173 ir tradicij\u0173. Jos vardas Akna Marija. Akna \u2013 maj\u0173 deiv\u0117s","breadcrumb":{"@id":"https:\/\/skaitytaknyga.lt\/produktas\/j-herlyn-veidu-i-saule\/#breadcrumb"},"inLanguage":"en-GB","potentialAction":[{"@type":"ReadAction","target":["https:\/\/skaitytaknyga.lt\/produktas\/j-herlyn-veidu-i-saule\/"]}]},{"@type":"ImageObject","inLanguage":"en-GB","@id":"https:\/\/skaitytaknyga.lt\/produktas\/j-herlyn-veidu-i-saule\/#primaryimage","url":"https:\/\/skaitytaknyga.lt\/wp-content\/uploads\/2024\/04\/000000000001111653-5c447c3f6d247-asset-knyguklubas-veidu_i_saule.jpg","contentUrl":"https:\/\/skaitytaknyga.lt\/wp-content\/uploads\/2024\/04\/000000000001111653-5c447c3f6d247-asset-knyguklubas-veidu_i_saule.jpg","width":366,"height":600,"caption":"000000000001111653 5c447c3f6d247 asset knyguklubas veidu i saule"},{"@type":"BreadcrumbList","@id":"https:\/\/skaitytaknyga.lt\/produktas\/j-herlyn-veidu-i-saule\/#breadcrumb","itemListElement":[{"@type":"ListItem","position":1,"name":"Home","item":"https:\/\/skaitytaknyga.lt\/"},{"@type":"ListItem","position":2,"name":"Parduotuv\u0117","item":"https:\/\/skaitytaknyga.lt\/knygu-parduotuve\/"},{"@type":"ListItem","position":3,"name":"J. Herlyn \u201eVeidu \u012f saul\u0119\u201c"}]},{"@type":"WebSite","@id":"https:\/\/skaitytaknyga.lt\/#website","url":"https:\/\/skaitytaknyga.lt\/","name":"skaitytaknyga.lt","description":"Skaitytaknyga.lt \u2013 tai ma\u017eas \u0161eimos verslas, kuris prasid\u0117jo nuo meil\u0117s knygoms ir siekio i\u0161gelb\u0117ti knygas nuo likimo prie konteinerio. Kas vienam nereikalingas daiktas \u2013 kitam lobis, o mes esame tarpininkai, kurie padeda abiems tapti laimingesniems ???? \u017dinome kaip nelengva i\u0161gyventi ma\u017eiems verslams, tad nuo \u0161iol, \u010dia rasite ir kit\u0173, ma\u017e\u0173 \u0161eim\u0173 versl\u0173, rank\u0173 darbo, dovan\u0173 sau ir artimiesiems.","publisher":{"@id":"https:\/\/skaitytaknyga.lt\/#organization"},"potentialAction":[{"@type":"SearchAction","target":{"@type":"EntryPoint","urlTemplate":"https:\/\/skaitytaknyga.lt\/?s={search_term_string}"},"query-input":{"@type":"PropertyValueSpecification","valueRequired":true,"valueName":"search_term_string"}}],"inLanguage":"en-GB"},{"@type":"Organization","@id":"https:\/\/skaitytaknyga.lt\/#organization","name":"skaitytaknyga.lt","url":"https:\/\/skaitytaknyga.lt\/","logo":{"@type":"ImageObject","inLanguage":"en-GB","@id":"https:\/\/skaitytaknyga.lt\/#\/schema\/logo\/image\/","url":"https:\/\/skaitytaknyga.lt\/wp-content\/uploads\/2024\/05\/cropped-cropped-cropped-02_00843_jt3bggkj1j3HLc7SyY6rEUpg.jpeg","contentUrl":"https:\/\/skaitytaknyga.lt\/wp-content\/uploads\/2024\/05\/cropped-cropped-cropped-02_00843_jt3bggkj1j3HLc7SyY6rEUpg.jpeg","width":1600,"height":1600,"caption":"skaitytaknyga.lt"},"image":{"@id":"https:\/\/skaitytaknyga.lt\/#\/schema\/logo\/image\/"},"sameAs":["https:\/\/www.facebook.com\/skaitytaknyga\/"]}]}},"_links":{"self":[{"href":"https:\/\/skaitytaknyga.lt\/en\/wp-json\/wp\/v2\/product\/2386","targetHints":{"allow":["GET"]}}],"collection":[{"href":"https:\/\/skaitytaknyga.lt\/en\/wp-json\/wp\/v2\/product"}],"about":[{"href":"https:\/\/skaitytaknyga.lt\/en\/wp-json\/wp\/v2\/types\/product"}],"replies":[{"embeddable":true,"href":"https:\/\/skaitytaknyga.lt\/en\/wp-json\/wp\/v2\/comments?post=2386"}],"wp:featuredmedia":[{"embeddable":true,"href":"https:\/\/skaitytaknyga.lt\/en\/wp-json\/wp\/v2\/media\/2436"}],"wp:attachment":[{"href":"https:\/\/skaitytaknyga.lt\/en\/wp-json\/wp\/v2\/media?parent=2386"}],"wp:term":[{"taxonomy":"product_brand","embeddable":true,"href":"https:\/\/skaitytaknyga.lt\/en\/wp-json\/wp\/v2\/product_brand?post=2386"},{"taxonomy":"product_cat","embeddable":true,"href":"https:\/\/skaitytaknyga.lt\/en\/wp-json\/wp\/v2\/product_cat?post=2386"},{"taxonomy":"product_tag","embeddable":true,"href":"https:\/\/skaitytaknyga.lt\/en\/wp-json\/wp\/v2\/product_tag?post=2386"}],"curies":[{"name":"wp","href":"https:\/\/api.w.org\/{rel}","templated":true}]}}