{"id":2385,"date":"2024-04-17T13:09:06","date_gmt":"2024-04-17T13:09:06","guid":{"rendered":"https:\/\/skaitytaknyga.lt\/?post_type=product&#038;p=2385"},"modified":"2024-05-03T07:14:33","modified_gmt":"2024-05-03T07:14:33","slug":"d-kajokas-ezeras-ir-kiti-ji-lydintys-asmenys","status":"publish","type":"product","link":"https:\/\/skaitytaknyga.lt\/en\/produktas\/d-kajokas-ezeras-ir-kiti-ji-lydintys-asmenys\/","title":{"rendered":"D. Kajokas \u201eE\u017eeras ir kiti j\u012f lydintys asmenys\u201c"},"content":{"rendered":"<p>MA\u017dAS DEFEKTAS ANT VIR\u0160ELIO<\/p>\n<p>\u201eE\u017eeras ir kiti j\u012f lydintys asmenys\u201c\u00a0\u2013 antrasis \u017einomo poeto, Nacionalin\u0117s kult\u016bros ir meno premijos laureato\u00a0Donaldo Kajoko\u00a0romanas.<\/p>\n<p>Jame atpa\u017e\u012fstami naujausio poezijos rinkinio \u201eKur\u010diam asiliukui\u201c ir pirmojo romano \u201eKaza\u0161as\u201c motyvai ir intonacijos. Trisde\u0161imtmetis programuotojas Gabrielius Au\u0161autas, po brolio \u017e\u016bties nutar\u0119s dvasios ramyb\u0117s ie\u0161koti sename dvare, st\u016bksan\u010diame e\u017eero pakrant\u0117je, atsiduria tartum XVIII \u0161imtme\u010dio atmosferoje, \u010dia beveik n\u0117ra modernaus pasaulio p\u0117dsak\u0173. Kuriama unikali magi\u0161ka erdv\u0117, pro realyb\u0117s ply\u0161ius spindi anapusyb\u0117, o greta reali\u0173 veik\u0117j\u0173 b\u016briuojasi nesyb\u0117s.<\/p>\n<p>Savaranki\u0161ku veikian\u010diu asmeniu, ko gero, laikytinas ir ver\u010diantis \u201es\u0105mon\u0119 lengvai haliucionuoti\u201c e\u017eeras. Kasdienyb\u0119 netrunka sudrumsti paslaptingi \u012fvykiai; riba, skirianti esybes nuo nesybi\u0173, pasirodo, n\u0117ra neper\u017eengiama. Patek\u0119s keisto gyvenimo s\u016bkurin, Gabrielius m\u0117gina \u012f\u017evelgti labai paprast\u0105, civilizacijos ir banalumo luob\u0105 nusipur\u010diusi\u0105 prasm\u0119.<\/p>\n","protected":false},"excerpt":{"rendered":"<p>MA\u017dAS DEFEKTAS ANT VIR\u0160ELIO \u201eE\u017eeras ir kiti j\u012f lydintys asmenys\u201c\u00a0\u2013 antrasis \u017einomo poeto, Nacionalin\u0117s kult\u016bros ir meno premijos laureato\u00a0Donaldo Kajoko\u00a0romanas. Jame atpa\u017e\u012fstami naujausio poezijos rinkinio \u201eKur\u010diam asiliukui\u201c ir pirmojo romano \u201eKaza\u0161as\u201c motyvai ir intonacijos. Trisde\u0161imtmetis programuotojas Gabrielius Au\u0161autas, po brolio \u017e\u016bties nutar\u0119s dvasios ramyb\u0117s ie\u0161koti sename dvare, st\u016bksan\u010diame e\u017eero pakrant\u0117je, atsiduria tartum XVIII \u0161imtme\u010dio atmosferoje, \u010dia beveik n\u0117ra modernaus pasaulio p\u0117dsak\u0173. Kuriama unikali magi\u0161ka erdv\u0117, pro realyb\u0117s ply\u0161ius spindi anapusyb\u0117, o greta reali\u0173 veik\u0117j\u0173 b\u016briuojasi nesyb\u0117s. Savaranki\u0161ku veikian\u010diu asmeniu, ko gero, laikytinas ir ver\u010diantis \u201es\u0105mon\u0119 lengvai haliucionuoti\u201c e\u017eeras. Kasdienyb\u0119 netrunka sudrumsti paslaptingi \u012fvykiai; riba, skirianti esybes nuo nesybi\u0173, pasirodo, n\u0117ra neper\u017eengiama. Patek\u0119s keisto gyvenimo s\u016bkurin, Gabrielius m\u0117gina \u012f\u017evelgti labai paprast\u0105, civilizacijos ir banalumo luob\u0105 nusipur\u010diusi\u0105 prasm\u0119.<\/p>\n","protected":false},"featured_media":2435,"comment_status":"closed","ping_status":"closed","template":"","meta":{"_acf_changed":false,"site-sidebar-layout":"default","site-content-layout":"","ast-site-content-layout":"default","site-content-style":"default","site-sidebar-style":"default","ast-global-header-display":"","ast-banner-title-visibility":"","ast-main-header-display":"","ast-hfb-above-header-display":"","ast-hfb-below-header-display":"","ast-hfb-mobile-header-display":"","site-post-title":"","ast-breadcrumbs-content":"","ast-featured-img":"","footer-sml-layout":"","ast-disable-related-posts":"","theme-transparent-header-meta":"","adv-header-id-meta":"","stick-header-meta":"","header-above-stick-meta":"","header-main-stick-meta":"","header-below-stick-meta":"","astra-migrate-meta-layouts":"default","ast-page-background-enabled":"default","ast-page-background-meta":{"desktop":{"background-color":"","background-image":"","background-repeat":"repeat","background-position":"center center","background-size":"auto","background-attachment":"scroll","background-type":"","background-media":"","overlay-type":"","overlay-color":"","overlay-opacity":"","overlay-gradient":""},"tablet":{"background-color":"","background-image":"","background-repeat":"repeat","background-position":"center center","background-size":"auto","background-attachment":"scroll","background-type":"","background-media":"","overlay-type":"","overlay-color":"","overlay-opacity":"","overlay-gradient":""},"mobile":{"background-color":"","background-image":"","background-repeat":"repeat","background-position":"center center","background-size":"auto","background-attachment":"scroll","background-type":"","background-media":"","overlay-type":"","overlay-color":"","overlay-opacity":"","overlay-gradient":""}},"ast-content-background-meta":{"desktop":{"background-color":"var(--ast-global-color-4)","background-image":"","background-repeat":"repeat","background-position":"center center","background-size":"auto","background-attachment":"scroll","background-type":"","background-media":"","overlay-type":"","overlay-color":"","overlay-opacity":"","overlay-gradient":""},"tablet":{"background-color":"var(--ast-global-color-4)","background-image":"","background-repeat":"repeat","background-position":"center center","background-size":"auto","background-attachment":"scroll","background-type":"","background-media":"","overlay-type":"","overlay-color":"","overlay-opacity":"","overlay-gradient":""},"mobile":{"background-color":"var(--ast-global-color-4)","background-image":"","background-repeat":"repeat","background-position":"center center","background-size":"auto","background-attachment":"scroll","background-type":"","background-media":"","overlay-type":"","overlay-color":"","overlay-opacity":"","overlay-gradient":""}}},"product_brand":[],"product_cat":[31],"product_tag":[],"class_list":{"0":"post-2385","1":"product","2":"type-product","3":"status-publish","4":"has-post-thumbnail","6":"product_cat-grozine-literatura","7":"desktop-align-left","8":"tablet-align-left","9":"mobile-align-left","11":"first","12":"instock","13":"shipping-taxable","14":"purchasable","15":"product-type-simple"},"acf":[],"yoast_head":"<!-- This site is optimized with the Yoast SEO plugin v27.0 - https:\/\/yoast.com\/product\/yoast-seo-wordpress\/ -->\n<title>D. Kajokas \u201eE\u017eeras ir kiti j\u012f lydintys asmenys\u201c - Skaitytaknyga<\/title>\n<meta name=\"description\" content=\"MA\u017dAS DEFEKTAS ANT VIR\u0160ELIO \u201eE\u017eeras ir kiti j\u012f lydintys asmenys\u201c\u00a0\u2013 antrasis \u017einomo poeto, Nacionalin\u0117s kult\u016bros ir meno premijos laureato\u00a0Donaldo\" \/>\n<meta name=\"robots\" content=\"index, follow, max-snippet:-1, max-image-preview:large, max-video-preview:-1\" \/>\n<link rel=\"canonical\" href=\"https:\/\/skaitytaknyga.lt\/en\/produktas\/d-kajokas-ezeras-ir-kiti-ji-lydintys-asmenys\/\" \/>\n<meta property=\"og:locale\" content=\"en_GB\" \/>\n<meta property=\"og:locale:alternate\" content=\"lt_LT\" \/>\n<meta property=\"og:type\" content=\"article\" \/>\n<meta property=\"og:title\" content=\"D. Kajokas \u201eE\u017eeras ir kiti j\u012f lydintys asmenys\u201c - Skaitytaknyga\" \/>\n<meta property=\"og:description\" content=\"MA\u017dAS DEFEKTAS ANT VIR\u0160ELIO \u201eE\u017eeras ir kiti j\u012f lydintys asmenys\u201c\u00a0\u2013 antrasis \u017einomo poeto, Nacionalin\u0117s kult\u016bros ir meno premijos laureato\u00a0Donaldo\" \/>\n<meta property=\"og:url\" content=\"https:\/\/skaitytaknyga.lt\/en\/produktas\/d-kajokas-ezeras-ir-kiti-ji-lydintys-asmenys\/\" \/>\n<meta property=\"og:site_name\" content=\"Skaitytaknyga\" \/>\n<meta property=\"article:publisher\" content=\"https:\/\/www.facebook.com\/skaitytaknyga\/\" \/>\n<meta property=\"article:modified_time\" content=\"2024-05-03T07:14:33+00:00\" \/>\n<meta property=\"og:image\" content=\"https:\/\/skaitytaknyga.lt\/wp-content\/uploads\/2024\/04\/1462877309_ezeras-ir-kiti-ji-lydintys-asmenys-1.jpg\" \/>\n\t<meta property=\"og:image:width\" content=\"287\" \/>\n\t<meta property=\"og:image:height\" content=\"430\" \/>\n\t<meta property=\"og:image:type\" content=\"image\/jpeg\" \/>\n<meta name=\"twitter:card\" content=\"summary_large_image\" \/>\n<meta name=\"twitter:label1\" content=\"Estimated reading time\" \/>\n\t<meta name=\"twitter:data1\" content=\"1 minute\" \/>\n<script type=\"application\/ld+json\" class=\"yoast-schema-graph\">{\"@context\":\"https:\/\/schema.org\",\"@graph\":[{\"@type\":\"WebPage\",\"@id\":\"https:\/\/skaitytaknyga.lt\/produktas\/d-kajokas-ezeras-ir-kiti-ji-lydintys-asmenys\/\",\"url\":\"https:\/\/skaitytaknyga.lt\/produktas\/d-kajokas-ezeras-ir-kiti-ji-lydintys-asmenys\/\",\"name\":\"D. Kajokas \u201eE\u017eeras ir kiti j\u012f lydintys asmenys\u201c - Skaitytaknyga\",\"isPartOf\":{\"@id\":\"https:\/\/skaitytaknyga.lt\/#website\"},\"primaryImageOfPage\":{\"@id\":\"https:\/\/skaitytaknyga.lt\/produktas\/d-kajokas-ezeras-ir-kiti-ji-lydintys-asmenys\/#primaryimage\"},\"image\":{\"@id\":\"https:\/\/skaitytaknyga.lt\/produktas\/d-kajokas-ezeras-ir-kiti-ji-lydintys-asmenys\/#primaryimage\"},\"thumbnailUrl\":\"https:\/\/skaitytaknyga.lt\/wp-content\/uploads\/2024\/04\/1462877309_ezeras-ir-kiti-ji-lydintys-asmenys-1.jpg\",\"datePublished\":\"2024-04-17T13:09:06+00:00\",\"dateModified\":\"2024-05-03T07:14:33+00:00\",\"description\":\"MA\u017dAS DEFEKTAS ANT VIR\u0160ELIO \u201eE\u017eeras ir kiti j\u012f lydintys asmenys\u201c\u00a0\u2013 antrasis \u017einomo poeto, Nacionalin\u0117s kult\u016bros ir meno premijos laureato\u00a0Donaldo\",\"breadcrumb\":{\"@id\":\"https:\/\/skaitytaknyga.lt\/produktas\/d-kajokas-ezeras-ir-kiti-ji-lydintys-asmenys\/#breadcrumb\"},\"inLanguage\":\"en-GB\",\"potentialAction\":[{\"@type\":\"ReadAction\",\"target\":[\"https:\/\/skaitytaknyga.lt\/produktas\/d-kajokas-ezeras-ir-kiti-ji-lydintys-asmenys\/\"]}]},{\"@type\":\"ImageObject\",\"inLanguage\":\"en-GB\",\"@id\":\"https:\/\/skaitytaknyga.lt\/produktas\/d-kajokas-ezeras-ir-kiti-ji-lydintys-asmenys\/#primaryimage\",\"url\":\"https:\/\/skaitytaknyga.lt\/wp-content\/uploads\/2024\/04\/1462877309_ezeras-ir-kiti-ji-lydintys-asmenys-1.jpg\",\"contentUrl\":\"https:\/\/skaitytaknyga.lt\/wp-content\/uploads\/2024\/04\/1462877309_ezeras-ir-kiti-ji-lydintys-asmenys-1.jpg\",\"width\":287,\"height\":430,\"caption\":\"1462877309 ezeras ir kiti ji lydintys asmenys 1\"},{\"@type\":\"BreadcrumbList\",\"@id\":\"https:\/\/skaitytaknyga.lt\/produktas\/d-kajokas-ezeras-ir-kiti-ji-lydintys-asmenys\/#breadcrumb\",\"itemListElement\":[{\"@type\":\"ListItem\",\"position\":1,\"name\":\"Home\",\"item\":\"https:\/\/skaitytaknyga.lt\/\"},{\"@type\":\"ListItem\",\"position\":2,\"name\":\"Parduotuv\u0117\",\"item\":\"https:\/\/skaitytaknyga.lt\/knygu-parduotuve\/\"},{\"@type\":\"ListItem\",\"position\":3,\"name\":\"D. Kajokas \u201eE\u017eeras ir kiti j\u012f lydintys asmenys\u201c\"}]},{\"@type\":\"WebSite\",\"@id\":\"https:\/\/skaitytaknyga.lt\/#website\",\"url\":\"https:\/\/skaitytaknyga.lt\/\",\"name\":\"skaitytaknyga.lt\",\"description\":\"Skaitytaknyga.lt \u2013 tai ma\u017eas \u0161eimos verslas, kuris prasid\u0117jo nuo meil\u0117s knygoms ir siekio i\u0161gelb\u0117ti knygas nuo likimo prie konteinerio. Kas vienam nereikalingas daiktas \u2013 kitam lobis, o mes esame tarpininkai, kurie padeda abiems tapti laimingesniems ???? \u017dinome kaip nelengva i\u0161gyventi ma\u017eiems verslams, tad nuo \u0161iol, \u010dia rasite ir kit\u0173, ma\u017e\u0173 \u0161eim\u0173 versl\u0173, rank\u0173 darbo, dovan\u0173 sau ir artimiesiems.\",\"publisher\":{\"@id\":\"https:\/\/skaitytaknyga.lt\/#organization\"},\"potentialAction\":[{\"@type\":\"SearchAction\",\"target\":{\"@type\":\"EntryPoint\",\"urlTemplate\":\"https:\/\/skaitytaknyga.lt\/?s={search_term_string}\"},\"query-input\":{\"@type\":\"PropertyValueSpecification\",\"valueRequired\":true,\"valueName\":\"search_term_string\"}}],\"inLanguage\":\"en-GB\"},{\"@type\":\"Organization\",\"@id\":\"https:\/\/skaitytaknyga.lt\/#organization\",\"name\":\"skaitytaknyga.lt\",\"url\":\"https:\/\/skaitytaknyga.lt\/\",\"logo\":{\"@type\":\"ImageObject\",\"inLanguage\":\"en-GB\",\"@id\":\"https:\/\/skaitytaknyga.lt\/#\/schema\/logo\/image\/\",\"url\":\"https:\/\/skaitytaknyga.lt\/wp-content\/uploads\/2024\/05\/cropped-cropped-cropped-02_00843_jt3bggkj1j3HLc7SyY6rEUpg.jpeg\",\"contentUrl\":\"https:\/\/skaitytaknyga.lt\/wp-content\/uploads\/2024\/05\/cropped-cropped-cropped-02_00843_jt3bggkj1j3HLc7SyY6rEUpg.jpeg\",\"width\":1600,\"height\":1600,\"caption\":\"skaitytaknyga.lt\"},\"image\":{\"@id\":\"https:\/\/skaitytaknyga.lt\/#\/schema\/logo\/image\/\"},\"sameAs\":[\"https:\/\/www.facebook.com\/skaitytaknyga\/\"]}]}<\/script>\n<!-- \/ Yoast SEO plugin. -->","yoast_head_json":{"title":"D. Kajokas \u201eE\u017eeras ir kiti j\u012f lydintys asmenys\u201c - Skaitytaknyga","description":"MA\u017dAS DEFEKTAS ANT VIR\u0160ELIO \u201eE\u017eeras ir kiti j\u012f lydintys asmenys\u201c\u00a0\u2013 antrasis \u017einomo poeto, Nacionalin\u0117s kult\u016bros ir meno premijos laureato\u00a0Donaldo","robots":{"index":"index","follow":"follow","max-snippet":"max-snippet:-1","max-image-preview":"max-image-preview:large","max-video-preview":"max-video-preview:-1"},"canonical":"https:\/\/skaitytaknyga.lt\/en\/produktas\/d-kajokas-ezeras-ir-kiti-ji-lydintys-asmenys\/","og_locale":"en_GB","og_type":"article","og_title":"D. Kajokas \u201eE\u017eeras ir kiti j\u012f lydintys asmenys\u201c - Skaitytaknyga","og_description":"MA\u017dAS DEFEKTAS ANT VIR\u0160ELIO \u201eE\u017eeras ir kiti j\u012f lydintys asmenys\u201c\u00a0\u2013 antrasis \u017einomo poeto, Nacionalin\u0117s kult\u016bros ir meno premijos laureato\u00a0Donaldo","og_url":"https:\/\/skaitytaknyga.lt\/en\/produktas\/d-kajokas-ezeras-ir-kiti-ji-lydintys-asmenys\/","og_site_name":"Skaitytaknyga","article_publisher":"https:\/\/www.facebook.com\/skaitytaknyga\/","article_modified_time":"2024-05-03T07:14:33+00:00","og_image":[{"width":287,"height":430,"url":"https:\/\/skaitytaknyga.lt\/wp-content\/uploads\/2024\/04\/1462877309_ezeras-ir-kiti-ji-lydintys-asmenys-1.jpg","type":"image\/jpeg"}],"twitter_card":"summary_large_image","twitter_misc":{"Estimated reading time":"1 minute"},"schema":{"@context":"https:\/\/schema.org","@graph":[{"@type":"WebPage","@id":"https:\/\/skaitytaknyga.lt\/produktas\/d-kajokas-ezeras-ir-kiti-ji-lydintys-asmenys\/","url":"https:\/\/skaitytaknyga.lt\/produktas\/d-kajokas-ezeras-ir-kiti-ji-lydintys-asmenys\/","name":"D. Kajokas \u201eE\u017eeras ir kiti j\u012f lydintys asmenys\u201c - Skaitytaknyga","isPartOf":{"@id":"https:\/\/skaitytaknyga.lt\/#website"},"primaryImageOfPage":{"@id":"https:\/\/skaitytaknyga.lt\/produktas\/d-kajokas-ezeras-ir-kiti-ji-lydintys-asmenys\/#primaryimage"},"image":{"@id":"https:\/\/skaitytaknyga.lt\/produktas\/d-kajokas-ezeras-ir-kiti-ji-lydintys-asmenys\/#primaryimage"},"thumbnailUrl":"https:\/\/skaitytaknyga.lt\/wp-content\/uploads\/2024\/04\/1462877309_ezeras-ir-kiti-ji-lydintys-asmenys-1.jpg","datePublished":"2024-04-17T13:09:06+00:00","dateModified":"2024-05-03T07:14:33+00:00","description":"MA\u017dAS DEFEKTAS ANT VIR\u0160ELIO \u201eE\u017eeras ir kiti j\u012f lydintys asmenys\u201c\u00a0\u2013 antrasis \u017einomo poeto, Nacionalin\u0117s kult\u016bros ir meno premijos laureato\u00a0Donaldo","breadcrumb":{"@id":"https:\/\/skaitytaknyga.lt\/produktas\/d-kajokas-ezeras-ir-kiti-ji-lydintys-asmenys\/#breadcrumb"},"inLanguage":"en-GB","potentialAction":[{"@type":"ReadAction","target":["https:\/\/skaitytaknyga.lt\/produktas\/d-kajokas-ezeras-ir-kiti-ji-lydintys-asmenys\/"]}]},{"@type":"ImageObject","inLanguage":"en-GB","@id":"https:\/\/skaitytaknyga.lt\/produktas\/d-kajokas-ezeras-ir-kiti-ji-lydintys-asmenys\/#primaryimage","url":"https:\/\/skaitytaknyga.lt\/wp-content\/uploads\/2024\/04\/1462877309_ezeras-ir-kiti-ji-lydintys-asmenys-1.jpg","contentUrl":"https:\/\/skaitytaknyga.lt\/wp-content\/uploads\/2024\/04\/1462877309_ezeras-ir-kiti-ji-lydintys-asmenys-1.jpg","width":287,"height":430,"caption":"1462877309 ezeras ir kiti ji lydintys asmenys 1"},{"@type":"BreadcrumbList","@id":"https:\/\/skaitytaknyga.lt\/produktas\/d-kajokas-ezeras-ir-kiti-ji-lydintys-asmenys\/#breadcrumb","itemListElement":[{"@type":"ListItem","position":1,"name":"Home","item":"https:\/\/skaitytaknyga.lt\/"},{"@type":"ListItem","position":2,"name":"Parduotuv\u0117","item":"https:\/\/skaitytaknyga.lt\/knygu-parduotuve\/"},{"@type":"ListItem","position":3,"name":"D. Kajokas \u201eE\u017eeras ir kiti j\u012f lydintys asmenys\u201c"}]},{"@type":"WebSite","@id":"https:\/\/skaitytaknyga.lt\/#website","url":"https:\/\/skaitytaknyga.lt\/","name":"skaitytaknyga.lt","description":"Skaitytaknyga.lt \u2013 tai ma\u017eas \u0161eimos verslas, kuris prasid\u0117jo nuo meil\u0117s knygoms ir siekio i\u0161gelb\u0117ti knygas nuo likimo prie konteinerio. Kas vienam nereikalingas daiktas \u2013 kitam lobis, o mes esame tarpininkai, kurie padeda abiems tapti laimingesniems ???? \u017dinome kaip nelengva i\u0161gyventi ma\u017eiems verslams, tad nuo \u0161iol, \u010dia rasite ir kit\u0173, ma\u017e\u0173 \u0161eim\u0173 versl\u0173, rank\u0173 darbo, dovan\u0173 sau ir artimiesiems.","publisher":{"@id":"https:\/\/skaitytaknyga.lt\/#organization"},"potentialAction":[{"@type":"SearchAction","target":{"@type":"EntryPoint","urlTemplate":"https:\/\/skaitytaknyga.lt\/?s={search_term_string}"},"query-input":{"@type":"PropertyValueSpecification","valueRequired":true,"valueName":"search_term_string"}}],"inLanguage":"en-GB"},{"@type":"Organization","@id":"https:\/\/skaitytaknyga.lt\/#organization","name":"skaitytaknyga.lt","url":"https:\/\/skaitytaknyga.lt\/","logo":{"@type":"ImageObject","inLanguage":"en-GB","@id":"https:\/\/skaitytaknyga.lt\/#\/schema\/logo\/image\/","url":"https:\/\/skaitytaknyga.lt\/wp-content\/uploads\/2024\/05\/cropped-cropped-cropped-02_00843_jt3bggkj1j3HLc7SyY6rEUpg.jpeg","contentUrl":"https:\/\/skaitytaknyga.lt\/wp-content\/uploads\/2024\/05\/cropped-cropped-cropped-02_00843_jt3bggkj1j3HLc7SyY6rEUpg.jpeg","width":1600,"height":1600,"caption":"skaitytaknyga.lt"},"image":{"@id":"https:\/\/skaitytaknyga.lt\/#\/schema\/logo\/image\/"},"sameAs":["https:\/\/www.facebook.com\/skaitytaknyga\/"]}]}},"_links":{"self":[{"href":"https:\/\/skaitytaknyga.lt\/en\/wp-json\/wp\/v2\/product\/2385","targetHints":{"allow":["GET"]}}],"collection":[{"href":"https:\/\/skaitytaknyga.lt\/en\/wp-json\/wp\/v2\/product"}],"about":[{"href":"https:\/\/skaitytaknyga.lt\/en\/wp-json\/wp\/v2\/types\/product"}],"replies":[{"embeddable":true,"href":"https:\/\/skaitytaknyga.lt\/en\/wp-json\/wp\/v2\/comments?post=2385"}],"wp:featuredmedia":[{"embeddable":true,"href":"https:\/\/skaitytaknyga.lt\/en\/wp-json\/wp\/v2\/media\/2435"}],"wp:attachment":[{"href":"https:\/\/skaitytaknyga.lt\/en\/wp-json\/wp\/v2\/media?parent=2385"}],"wp:term":[{"taxonomy":"product_brand","embeddable":true,"href":"https:\/\/skaitytaknyga.lt\/en\/wp-json\/wp\/v2\/product_brand?post=2385"},{"taxonomy":"product_cat","embeddable":true,"href":"https:\/\/skaitytaknyga.lt\/en\/wp-json\/wp\/v2\/product_cat?post=2385"},{"taxonomy":"product_tag","embeddable":true,"href":"https:\/\/skaitytaknyga.lt\/en\/wp-json\/wp\/v2\/product_tag?post=2385"}],"curies":[{"name":"wp","href":"https:\/\/api.w.org\/{rel}","templated":true}]}}