{"id":2380,"date":"2024-04-17T13:09:06","date_gmt":"2024-04-17T13:09:06","guid":{"rendered":"https:\/\/skaitytaknyga.lt\/?post_type=product&#038;p=2380"},"modified":"2026-03-18T11:18:12","modified_gmt":"2026-03-18T09:18:12","slug":"alessandro-baricco-misteris-gvynas","status":"publish","type":"product","link":"https:\/\/skaitytaknyga.lt\/en\/produktas\/alessandro-baricco-misteris-gvynas\/","title":{"rendered":"Misteris Gvynas"},"content":{"rendered":"<p>Alessandro Baricco\u00a0(Alesandras Bariko, g. 1958 m.) \u2013 ital\u0173 literat\u016bros fenomenas. Filosofas, muzikos kritikas, vienas populiariausi\u0173 ital\u0173 ra\u0161ytoj\u0173 pasaulyje. Jis yra para\u0161\u0119s 11 roman\u0173,\u00a0\u201eMisteris Gvynas\u201c\u00a0\u2013 de\u0161imtasis i\u0161 j\u0173.<\/p>\n<p>\u201eMisteris Gvynas\u201c\u00a0\u2013 keistas romanas; toks pat keistas, paradoksalus ir poeti\u0161kas, kaip \u201e\u0160ilkas\u201c, \u201eJ\u016bra vandenynas\u201c ar \u201eNove\u010dento\u201c. Trapus, \u0161velnus pasakojimas apie tyl\u0173, trap\u0173, keist\u0105, \u0161veln\u0173 ir nepaprastai \u012f\u017evalg\u0173 \u017emog\u0173. Pasakojimas, galintis, kaip ir kitos Baricco knygos, pakeisti gyvenim\u0105.<\/p>\n<p>Tylus ir kuklus D\u017easperis Gvynas \u2013 ra\u0161ytojas vieni\u0161ius, kurio vienintelis draugas \u2013 jo literat\u016brinis agentas. Ta\u010diau vien\u0105 dien\u0105 jis staiga supranta, kad jo literat\u016brin\u0117 karjera baigta, ir laikra\u0161tyje paskelbia pa\u017ead\u0105 niekuomet daugiau nebera\u0161yti. Ta\u010diau juk ra\u0161ymas \u2013 jo b\u016bdas patirti ir pekelti tikrov\u0119, ir nera\u0161yti, pasirodo, ne\u012fmanoma. Galiausiai misteris Gvynas randa i\u0161eit\u012f: portretai. Jis ra\u0161ys \u017emoni\u0173 portetus. Kaip tai \u012fmanoma?<br \/>\nTai \u017eino tik misteris Gvynas, prad\u0117damas ruo\u0161tis naujam gyvenimui: precizi\u0161kai \u012fsirengia studij\u0105, pakabina ypatingas lemputes, pavadintas karalien\u0117s vardu, ir ima ra\u0161yti. Taip prasideda visk\u0105 i\u0161 l\u0117to pakeisianti istorija, pasibaigusi paslaptimi.<\/p>\n<p>\u0160iame romane rasite i\u0161minting\u0105 senut\u0119, sugeban\u010di\u0105 \u012fkv\u0117pti dr\u0105sos net i\u0161 ano pasaulio, unikal\u0173 lempu\u010di\u0173 meistr\u0105, galint\u012f sukurti vaiki\u0161k\u0105 \u0161vies\u0105, kompozitori\u0173, kuriant\u012f muzik\u0105, pana\u0161esn\u0119 \u012f \u0161nares\u012f. Vienatv\u0119, atsargius prisilietimus, tyl\u0105. Merginas, vien\u0105 pikt\u0105, kit\u0105 \u0161velni\u0105 ir \u012f\u017evalgi\u0105. De\u0161imt ra\u0161ytini\u0173 portret\u0173. Ir ra\u0161ytoj\u0105, sugebant\u012f pamatyti \u017emogaus viduje slypin\u010dias ir tylin\u010dias istorijas. Sugebant\u012f suprasti, kokios istorijos dalis kiekvienas yra, ir sukurti portret\u0105 i\u0161 \u017eod\u017ei\u0173 \u2013 subtil\u0173 ir tiksl\u0173, poeti\u0161k\u0105 ir paslapting\u0105.<\/p>\n","protected":false},"excerpt":{"rendered":"<p>Alessandro Baricco\u00a0(Alesandras Bariko, g. 1958 m.) \u2013 ital\u0173 literat\u016bros fenomenas. Filosofas, muzikos kritikas, vienas populiariausi\u0173 ital\u0173 ra\u0161ytoj\u0173 pasaulyje. Jis yra para\u0161\u0119s 11 roman\u0173,\u00a0\u201eMisteris Gvynas\u201c\u00a0\u2013 de\u0161imtasis i\u0161 j\u0173. \u201eMisteris Gvynas\u201c\u00a0\u2013 keistas romanas; toks pat keistas, paradoksalus ir poeti\u0161kas, kaip \u201e\u0160ilkas\u201c, \u201eJ\u016bra vandenynas\u201c ar \u201eNove\u010dento\u201c. Trapus, \u0161velnus pasakojimas apie tyl\u0173, trap\u0173, keist\u0105, \u0161veln\u0173 ir nepaprastai \u012f\u017evalg\u0173 \u017emog\u0173. Pasakojimas, galintis, kaip ir kitos Baricco knygos, pakeisti gyvenim\u0105. Tylus ir kuklus D\u017easperis Gvynas \u2013 ra\u0161ytojas vieni\u0161ius, kurio vienintelis draugas \u2013 jo literat\u016brinis agentas. Ta\u010diau vien\u0105 dien\u0105 jis staiga supranta, kad jo literat\u016brin\u0117 karjera baigta, ir laikra\u0161tyje paskelbia pa\u017ead\u0105 niekuomet daugiau nebera\u0161yti. Ta\u010diau juk ra\u0161ymas \u2013 jo b\u016bdas patirti ir pekelti tikrov\u0119, ir nera\u0161yti, pasirodo, ne\u012fmanoma. Galiausiai misteris Gvynas randa i\u0161eit\u012f: portretai. Jis ra\u0161ys \u017emoni\u0173 portetus. Kaip tai \u012fmanoma? Tai \u017eino tik misteris Gvynas, prad\u0117damas ruo\u0161tis naujam gyvenimui: precizi\u0161kai \u012fsirengia studij\u0105, pakabina ypatingas lemputes, pavadintas karalien\u0117s vardu, ir ima ra\u0161yti. Taip prasideda visk\u0105 i\u0161 l\u0117to pakeisianti istorija, pasibaigusi paslaptimi. \u0160iame romane rasite i\u0161minting\u0105 senut\u0119, sugeban\u010di\u0105 \u012fkv\u0117pti dr\u0105sos net i\u0161 ano pasaulio, unikal\u0173 lempu\u010di\u0173 meistr\u0105, galint\u012f sukurti vaiki\u0161k\u0105 \u0161vies\u0105, kompozitori\u0173, kuriant\u012f muzik\u0105, pana\u0161esn\u0119 \u012f \u0161nares\u012f. Vienatv\u0119, atsargius prisilietimus, tyl\u0105. Merginas, vien\u0105 pikt\u0105, kit\u0105 \u0161velni\u0105 ir \u012f\u017evalgi\u0105. De\u0161imt ra\u0161ytini\u0173 portret\u0173. Ir ra\u0161ytoj\u0105, sugebant\u012f pamatyti \u017emogaus viduje slypin\u010dias ir tylin\u010dias istorijas. Sugebant\u012f suprasti, kokios istorijos dalis kiekvienas yra, ir sukurti portret\u0105 i\u0161 \u017eod\u017ei\u0173 \u2013 subtil\u0173 ir tiksl\u0173, poeti\u0161k\u0105 ir paslapting\u0105.<\/p>\n","protected":false},"featured_media":24068,"comment_status":"closed","ping_status":"closed","template":"","meta":{"_acf_changed":false,"site-sidebar-layout":"default","site-content-layout":"","ast-site-content-layout":"default","site-content-style":"default","site-sidebar-style":"default","ast-global-header-display":"","ast-banner-title-visibility":"","ast-main-header-display":"","ast-hfb-above-header-display":"","ast-hfb-below-header-display":"","ast-hfb-mobile-header-display":"","site-post-title":"","ast-breadcrumbs-content":"","ast-featured-img":"","footer-sml-layout":"","ast-disable-related-posts":"","theme-transparent-header-meta":"default","adv-header-id-meta":"","stick-header-meta":"","header-above-stick-meta":"","header-main-stick-meta":"","header-below-stick-meta":"","astra-migrate-meta-layouts":"set","ast-page-background-enabled":"default","ast-page-background-meta":{"desktop":{"background-color":"","background-image":"","background-repeat":"repeat","background-position":"center center","background-size":"auto","background-attachment":"scroll","background-type":"","background-media":"","overlay-type":"","overlay-color":"","overlay-opacity":"","overlay-gradient":""},"tablet":{"background-color":"","background-image":"","background-repeat":"repeat","background-position":"center center","background-size":"auto","background-attachment":"scroll","background-type":"","background-media":"","overlay-type":"","overlay-color":"","overlay-opacity":"","overlay-gradient":""},"mobile":{"background-color":"","background-image":"","background-repeat":"repeat","background-position":"center center","background-size":"auto","background-attachment":"scroll","background-type":"","background-media":"","overlay-type":"","overlay-color":"","overlay-opacity":"","overlay-gradient":""}},"ast-content-background-meta":{"desktop":{"background-color":"var(--ast-global-color-4)","background-image":"","background-repeat":"repeat","background-position":"center center","background-size":"auto","background-attachment":"scroll","background-type":"","background-media":"","overlay-type":"","overlay-color":"","overlay-opacity":"","overlay-gradient":""},"tablet":{"background-color":"var(--ast-global-color-4)","background-image":"","background-repeat":"repeat","background-position":"center center","background-size":"auto","background-attachment":"scroll","background-type":"","background-media":"","overlay-type":"","overlay-color":"","overlay-opacity":"","overlay-gradient":""},"mobile":{"background-color":"var(--ast-global-color-4)","background-image":"","background-repeat":"repeat","background-position":"center center","background-size":"auto","background-attachment":"scroll","background-type":"","background-media":"","overlay-type":"","overlay-color":"","overlay-opacity":"","overlay-gradient":""}}},"product_brand":[],"product_cat":[9734],"product_tag":[],"class_list":{"0":"post-2380","1":"product","2":"type-product","3":"status-publish","4":"has-post-thumbnail","6":"product_cat-romanai","7":"desktop-align-left","8":"tablet-align-left","9":"mobile-align-left","11":"first","12":"instock","13":"shipping-taxable","14":"purchasable","15":"product-type-simple"},"acf":[],"yoast_head":"<!-- This site is optimized with the Yoast SEO plugin v27.0 - https:\/\/yoast.com\/product\/yoast-seo-wordpress\/ -->\n<title>Misteris Gvynas<\/title>\n<meta name=\"description\" content=\"Alessandro Baricco\u00a0(Alesandras Bariko, g. 1958 m.) \u2013 ital\u0173 literat\u016bros fenomenas. Filosofas, muzikos kritikas, vienas populiariausi\u0173 ital\u0173 ra\u0161ytoj\u0173\" \/>\n<meta name=\"robots\" content=\"index, follow, max-snippet:-1, max-image-preview:large, max-video-preview:-1\" \/>\n<link rel=\"canonical\" href=\"https:\/\/skaitytaknyga.lt\/en\/produktas\/alessandro-baricco-misteris-gvynas\/\" \/>\n<meta property=\"og:locale\" content=\"en_GB\" \/>\n<meta property=\"og:locale:alternate\" content=\"lt_LT\" \/>\n<meta property=\"og:type\" content=\"article\" \/>\n<meta property=\"og:title\" content=\"Misteris Gvynas\" \/>\n<meta property=\"og:description\" content=\"Alessandro Baricco\u00a0(Alesandras Bariko, g. 1958 m.) \u2013 ital\u0173 literat\u016bros fenomenas. Filosofas, muzikos kritikas, vienas populiariausi\u0173 ital\u0173 ra\u0161ytoj\u0173\" \/>\n<meta property=\"og:url\" content=\"https:\/\/skaitytaknyga.lt\/en\/produktas\/alessandro-baricco-misteris-gvynas\/\" \/>\n<meta property=\"og:site_name\" content=\"Skaitytaknyga\" \/>\n<meta property=\"article:publisher\" content=\"https:\/\/www.facebook.com\/skaitytaknyga\/\" \/>\n<meta property=\"article:modified_time\" content=\"2026-03-18T09:18:12+00:00\" \/>\n<meta property=\"og:image\" content=\"https:\/\/skaitytaknyga.lt\/wp-content\/uploads\/2024\/07\/skaitytaknyga.png\" \/>\n\t<meta property=\"og:image:width\" content=\"747\" \/>\n\t<meta property=\"og:image:height\" content=\"496\" \/>\n\t<meta property=\"og:image:type\" content=\"image\/png\" \/>\n<meta name=\"twitter:card\" content=\"summary_large_image\" \/>\n<meta name=\"twitter:label1\" content=\"Estimated reading time\" \/>\n\t<meta name=\"twitter:data1\" content=\"2 minutes\" \/>\n<script type=\"application\/ld+json\" class=\"yoast-schema-graph\">{\"@context\":\"https:\/\/schema.org\",\"@graph\":[{\"@type\":\"WebPage\",\"@id\":\"https:\/\/skaitytaknyga.lt\/produktas\/alessandro-baricco-misteris-gvynas\/\",\"url\":\"https:\/\/skaitytaknyga.lt\/produktas\/alessandro-baricco-misteris-gvynas\/\",\"name\":\"Misteris Gvynas\",\"isPartOf\":{\"@id\":\"https:\/\/skaitytaknyga.lt\/#website\"},\"primaryImageOfPage\":{\"@id\":\"https:\/\/skaitytaknyga.lt\/produktas\/alessandro-baricco-misteris-gvynas\/#primaryimage\"},\"image\":{\"@id\":\"https:\/\/skaitytaknyga.lt\/produktas\/alessandro-baricco-misteris-gvynas\/#primaryimage\"},\"thumbnailUrl\":\"https:\/\/skaitytaknyga.lt\/wp-content\/uploads\/2024\/04\/Misteris-Gvynas-1.webp\",\"datePublished\":\"2024-04-17T13:09:06+00:00\",\"dateModified\":\"2026-03-18T09:18:12+00:00\",\"description\":\"Alessandro Baricco\u00a0(Alesandras Bariko, g. 1958 m.) \u2013 ital\u0173 literat\u016bros fenomenas. Filosofas, muzikos kritikas, vienas populiariausi\u0173 ital\u0173 ra\u0161ytoj\u0173\",\"breadcrumb\":{\"@id\":\"https:\/\/skaitytaknyga.lt\/produktas\/alessandro-baricco-misteris-gvynas\/#breadcrumb\"},\"inLanguage\":\"en-GB\",\"potentialAction\":[{\"@type\":\"ReadAction\",\"target\":[\"https:\/\/skaitytaknyga.lt\/produktas\/alessandro-baricco-misteris-gvynas\/\"]}]},{\"@type\":\"ImageObject\",\"inLanguage\":\"en-GB\",\"@id\":\"https:\/\/skaitytaknyga.lt\/produktas\/alessandro-baricco-misteris-gvynas\/#primaryimage\",\"url\":\"https:\/\/skaitytaknyga.lt\/wp-content\/uploads\/2024\/04\/Misteris-Gvynas-1.webp\",\"contentUrl\":\"https:\/\/skaitytaknyga.lt\/wp-content\/uploads\/2024\/04\/Misteris-Gvynas-1.webp\",\"width\":532,\"height\":801,\"caption\":\"Misteris Gvynas (1)\"},{\"@type\":\"BreadcrumbList\",\"@id\":\"https:\/\/skaitytaknyga.lt\/produktas\/alessandro-baricco-misteris-gvynas\/#breadcrumb\",\"itemListElement\":[{\"@type\":\"ListItem\",\"position\":1,\"name\":\"Home\",\"item\":\"https:\/\/skaitytaknyga.lt\/\"},{\"@type\":\"ListItem\",\"position\":2,\"name\":\"Parduotuv\u0117\",\"item\":\"https:\/\/skaitytaknyga.lt\/knygu-parduotuve\/\"},{\"@type\":\"ListItem\",\"position\":3,\"name\":\"Misteris Gvynas\"}]},{\"@type\":\"WebSite\",\"@id\":\"https:\/\/skaitytaknyga.lt\/#website\",\"url\":\"https:\/\/skaitytaknyga.lt\/\",\"name\":\"skaitytaknyga.lt\",\"description\":\"Skaitytaknyga.lt \u2013 tai ma\u017eas \u0161eimos verslas, kuris prasid\u0117jo nuo meil\u0117s knygoms ir siekio i\u0161gelb\u0117ti knygas nuo likimo prie konteinerio. Kas vienam nereikalingas daiktas \u2013 kitam lobis, o mes esame tarpininkai, kurie padeda abiems tapti laimingesniems ???? \u017dinome kaip nelengva i\u0161gyventi ma\u017eiems verslams, tad nuo \u0161iol, \u010dia rasite ir kit\u0173, ma\u017e\u0173 \u0161eim\u0173 versl\u0173, rank\u0173 darbo, dovan\u0173 sau ir artimiesiems.\",\"publisher\":{\"@id\":\"https:\/\/skaitytaknyga.lt\/#organization\"},\"potentialAction\":[{\"@type\":\"SearchAction\",\"target\":{\"@type\":\"EntryPoint\",\"urlTemplate\":\"https:\/\/skaitytaknyga.lt\/?s={search_term_string}\"},\"query-input\":{\"@type\":\"PropertyValueSpecification\",\"valueRequired\":true,\"valueName\":\"search_term_string\"}}],\"inLanguage\":\"en-GB\"},{\"@type\":\"Organization\",\"@id\":\"https:\/\/skaitytaknyga.lt\/#organization\",\"name\":\"skaitytaknyga.lt\",\"url\":\"https:\/\/skaitytaknyga.lt\/\",\"logo\":{\"@type\":\"ImageObject\",\"inLanguage\":\"en-GB\",\"@id\":\"https:\/\/skaitytaknyga.lt\/#\/schema\/logo\/image\/\",\"url\":\"https:\/\/skaitytaknyga.lt\/wp-content\/uploads\/2024\/05\/cropped-cropped-cropped-02_00843_jt3bggkj1j3HLc7SyY6rEUpg.jpeg\",\"contentUrl\":\"https:\/\/skaitytaknyga.lt\/wp-content\/uploads\/2024\/05\/cropped-cropped-cropped-02_00843_jt3bggkj1j3HLc7SyY6rEUpg.jpeg\",\"width\":1600,\"height\":1600,\"caption\":\"skaitytaknyga.lt\"},\"image\":{\"@id\":\"https:\/\/skaitytaknyga.lt\/#\/schema\/logo\/image\/\"},\"sameAs\":[\"https:\/\/www.facebook.com\/skaitytaknyga\/\"]}]}<\/script>\n<!-- \/ Yoast SEO plugin. -->","yoast_head_json":{"title":"Misteris Gvynas","description":"Alessandro Baricco\u00a0(Alesandras Bariko, g. 1958 m.) \u2013 ital\u0173 literat\u016bros fenomenas. Filosofas, muzikos kritikas, vienas populiariausi\u0173 ital\u0173 ra\u0161ytoj\u0173","robots":{"index":"index","follow":"follow","max-snippet":"max-snippet:-1","max-image-preview":"max-image-preview:large","max-video-preview":"max-video-preview:-1"},"canonical":"https:\/\/skaitytaknyga.lt\/en\/produktas\/alessandro-baricco-misteris-gvynas\/","og_locale":"en_GB","og_type":"article","og_title":"[:lt]Misteris Gvynas[:] - Skaitytaknyga","og_description":"Alessandro Baricco\u00a0(Alesandras Bariko, g. 1958 m.) \u2013 ital\u0173 literat\u016bros fenomenas. Filosofas, muzikos kritikas, vienas populiariausi\u0173 ital\u0173 ra\u0161ytoj\u0173","og_url":"https:\/\/skaitytaknyga.lt\/en\/produktas\/alessandro-baricco-misteris-gvynas\/","og_site_name":"Skaitytaknyga","article_publisher":"https:\/\/www.facebook.com\/skaitytaknyga\/","article_modified_time":"2026-03-18T09:18:12+00:00","og_image":[{"width":747,"height":496,"url":"https:\/\/skaitytaknyga.lt\/wp-content\/uploads\/2024\/07\/skaitytaknyga.png","type":"image\/png"}],"twitter_card":"summary_large_image","twitter_misc":{"Estimated reading time":"2 minutes"},"schema":{"@context":"https:\/\/schema.org","@graph":[{"@type":"WebPage","@id":"https:\/\/skaitytaknyga.lt\/produktas\/alessandro-baricco-misteris-gvynas\/","url":"https:\/\/skaitytaknyga.lt\/produktas\/alessandro-baricco-misteris-gvynas\/","name":"Misteris Gvynas","isPartOf":{"@id":"https:\/\/skaitytaknyga.lt\/#website"},"primaryImageOfPage":{"@id":"https:\/\/skaitytaknyga.lt\/produktas\/alessandro-baricco-misteris-gvynas\/#primaryimage"},"image":{"@id":"https:\/\/skaitytaknyga.lt\/produktas\/alessandro-baricco-misteris-gvynas\/#primaryimage"},"thumbnailUrl":"https:\/\/skaitytaknyga.lt\/wp-content\/uploads\/2024\/04\/Misteris-Gvynas-1.webp","datePublished":"2024-04-17T13:09:06+00:00","dateModified":"2026-03-18T09:18:12+00:00","description":"Alessandro Baricco\u00a0(Alesandras Bariko, g. 1958 m.) \u2013 ital\u0173 literat\u016bros fenomenas. Filosofas, muzikos kritikas, vienas populiariausi\u0173 ital\u0173 ra\u0161ytoj\u0173","breadcrumb":{"@id":"https:\/\/skaitytaknyga.lt\/produktas\/alessandro-baricco-misteris-gvynas\/#breadcrumb"},"inLanguage":"en-GB","potentialAction":[{"@type":"ReadAction","target":["https:\/\/skaitytaknyga.lt\/produktas\/alessandro-baricco-misteris-gvynas\/"]}]},{"@type":"ImageObject","inLanguage":"en-GB","@id":"https:\/\/skaitytaknyga.lt\/produktas\/alessandro-baricco-misteris-gvynas\/#primaryimage","url":"https:\/\/skaitytaknyga.lt\/wp-content\/uploads\/2024\/04\/Misteris-Gvynas-1.webp","contentUrl":"https:\/\/skaitytaknyga.lt\/wp-content\/uploads\/2024\/04\/Misteris-Gvynas-1.webp","width":532,"height":801,"caption":"Misteris Gvynas (1)"},{"@type":"BreadcrumbList","@id":"https:\/\/skaitytaknyga.lt\/produktas\/alessandro-baricco-misteris-gvynas\/#breadcrumb","itemListElement":[{"@type":"ListItem","position":1,"name":"Home","item":"https:\/\/skaitytaknyga.lt\/"},{"@type":"ListItem","position":2,"name":"Parduotuv\u0117","item":"https:\/\/skaitytaknyga.lt\/knygu-parduotuve\/"},{"@type":"ListItem","position":3,"name":"Misteris Gvynas"}]},{"@type":"WebSite","@id":"https:\/\/skaitytaknyga.lt\/#website","url":"https:\/\/skaitytaknyga.lt\/","name":"skaitytaknyga.lt","description":"Skaitytaknyga.lt \u2013 tai ma\u017eas \u0161eimos verslas, kuris prasid\u0117jo nuo meil\u0117s knygoms ir siekio i\u0161gelb\u0117ti knygas nuo likimo prie konteinerio. Kas vienam nereikalingas daiktas \u2013 kitam lobis, o mes esame tarpininkai, kurie padeda abiems tapti laimingesniems ???? \u017dinome kaip nelengva i\u0161gyventi ma\u017eiems verslams, tad nuo \u0161iol, \u010dia rasite ir kit\u0173, ma\u017e\u0173 \u0161eim\u0173 versl\u0173, rank\u0173 darbo, dovan\u0173 sau ir artimiesiems.","publisher":{"@id":"https:\/\/skaitytaknyga.lt\/#organization"},"potentialAction":[{"@type":"SearchAction","target":{"@type":"EntryPoint","urlTemplate":"https:\/\/skaitytaknyga.lt\/?s={search_term_string}"},"query-input":{"@type":"PropertyValueSpecification","valueRequired":true,"valueName":"search_term_string"}}],"inLanguage":"en-GB"},{"@type":"Organization","@id":"https:\/\/skaitytaknyga.lt\/#organization","name":"skaitytaknyga.lt","url":"https:\/\/skaitytaknyga.lt\/","logo":{"@type":"ImageObject","inLanguage":"en-GB","@id":"https:\/\/skaitytaknyga.lt\/#\/schema\/logo\/image\/","url":"https:\/\/skaitytaknyga.lt\/wp-content\/uploads\/2024\/05\/cropped-cropped-cropped-02_00843_jt3bggkj1j3HLc7SyY6rEUpg.jpeg","contentUrl":"https:\/\/skaitytaknyga.lt\/wp-content\/uploads\/2024\/05\/cropped-cropped-cropped-02_00843_jt3bggkj1j3HLc7SyY6rEUpg.jpeg","width":1600,"height":1600,"caption":"skaitytaknyga.lt"},"image":{"@id":"https:\/\/skaitytaknyga.lt\/#\/schema\/logo\/image\/"},"sameAs":["https:\/\/www.facebook.com\/skaitytaknyga\/"]}]}},"_links":{"self":[{"href":"https:\/\/skaitytaknyga.lt\/en\/wp-json\/wp\/v2\/product\/2380","targetHints":{"allow":["GET"]}}],"collection":[{"href":"https:\/\/skaitytaknyga.lt\/en\/wp-json\/wp\/v2\/product"}],"about":[{"href":"https:\/\/skaitytaknyga.lt\/en\/wp-json\/wp\/v2\/types\/product"}],"replies":[{"embeddable":true,"href":"https:\/\/skaitytaknyga.lt\/en\/wp-json\/wp\/v2\/comments?post=2380"}],"wp:featuredmedia":[{"embeddable":true,"href":"https:\/\/skaitytaknyga.lt\/en\/wp-json\/wp\/v2\/media\/24068"}],"wp:attachment":[{"href":"https:\/\/skaitytaknyga.lt\/en\/wp-json\/wp\/v2\/media?parent=2380"}],"wp:term":[{"taxonomy":"product_brand","embeddable":true,"href":"https:\/\/skaitytaknyga.lt\/en\/wp-json\/wp\/v2\/product_brand?post=2380"},{"taxonomy":"product_cat","embeddable":true,"href":"https:\/\/skaitytaknyga.lt\/en\/wp-json\/wp\/v2\/product_cat?post=2380"},{"taxonomy":"product_tag","embeddable":true,"href":"https:\/\/skaitytaknyga.lt\/en\/wp-json\/wp\/v2\/product_tag?post=2380"}],"curies":[{"name":"wp","href":"https:\/\/api.w.org\/{rel}","templated":true}]}}