{"id":2360,"date":"2024-04-17T13:08:38","date_gmt":"2024-04-17T13:08:38","guid":{"rendered":"https:\/\/skaitytaknyga.lt\/?post_type=product&#038;p=2360"},"modified":"2026-03-17T11:49:06","modified_gmt":"2026-03-17T09:49:06","slug":"chris-ewan-vagies-rasytojo-gidas-po-amsterdama","status":"publish","type":"product","link":"https:\/\/skaitytaknyga.lt\/en\/produktas\/chris-ewan-vagies-rasytojo-gidas-po-amsterdama\/","title":{"rendered":"Vagies ra\u0161ytojo gidas po Amsterdam\u0105"},"content":{"rendered":"<p>\u010carlis Hovardas ne vien ra\u0161o knygas apie profesional\u0173 vag\u012f, bet ir pats u\u017esiima \u012fsilau\u017eimais.<\/p>\n<p>Amsterdame plu\u0161\u0117damas prie naujausio romano sulaukia paslaptingo amerikie\u010dio pra\u0161ymo per vien\u0105 vakar\u0105 i\u0161 poros b\u016bst\u0173 nukniaukti dvi, i\u0161 pa\u017ei\u016bros, menkavertes be\u017ed\u017eioni\u0173 statul\u0117les. Jis atsisako. Bet gal\u0173 gale persigalvoja. Kai amerikietis mir\u0161ta, kai pat\u012f \u010carl\u012f trumpam nutrenkia \u012f policijos are\u0161tin\u0119, o v\u0117liau pagrobia ir priri\u0161a prie k\u0117d\u0117s, jis ima suprasti padar\u0119s klaid\u0105, kuri gali labai brangiai kainuoti.<\/p>\n<p>Pareig\u016bnai \u012fsitikin\u0119, kad amerikietis krito nuo jo rankos. Kiti mano, jog \u010carlis \u017eino, kur ie\u0161koti vis prapuolan\u010dios tre\u010dios be\u017ed\u017eion\u0117l\u0117s. Tuo metu jam ter\u016bpi trys dalykai: ar pavyks i\u0161teisinti savo vard\u0105? Ar \u012fmanoma pasiglem\u017eti did\u017eiausi\u0105 laimik\u012f gyvenime? Ar jis sugeb\u0117s u\u017etaisyti naujausiame romane \u017eiojin\u010di\u0105, lagamino form\u0105 \u012fgavusi\u0105 sprag\u0105?<\/p>\n<p>Chris Ewan, premij\u0173 laureatas, para\u0161\u0117 \u012f de\u0161imt kalb\u0173 i\u0161verst\u0105 serij\u0105 detektyv\u0173 \u201eVagies ra\u0161ytojo gidas po&#8230;\u201c, pagal kuriuos \u201e20th Century Fox Television\u201c televizija ruo\u0161iasi statyti serial\u0105 ir imtis darbo si\u016blo Hart Hanson, \u201eKaul\u0173\u201c serialo k\u016br\u0117jui.\u00a0\u201ePrieglobstis\u201c\u00a0(lietuvi\u0173 k. i\u0161leistas 2015 m.), pirmasis atskiras trileris, 2012-aisiais tapo bestseleriu ir vien Jungtin\u0117je Karalyst\u0117je buvo parduotas daugiau nei pus\u0117s milijono egzempliori\u0173 tira\u017eu.<\/p>\n<p>\u201eVagies ra\u0161ytojo gidas po Amsterdam\u0105\u201c\u00a0\u2014 \u012fsp\u016bdingas debiutas, komi\u0161kas detektyvas, kurio \u017eavum\u0105 ir pasisekim\u0105 did\u017ei\u0105j\u0105 dalimi nulemia \u012fdomus antiherojus \u010carlzas Hovardas. Chris Ewan taip lengvai kuria \u012fsimintin\u0105 protagonist\u0105 ir priver\u010dia j\u012f kovoti su tik\u0117tinu, gudriu \u017eudiku, kad tai gali sukelti pavyd\u0105 daugybei \u017einomesni\u0173 ra\u0161ytoj\u0173. Nusikaltimai i\u0161ai\u0161kinamai puikiai, o pats Hovardas, naujai u\u017egim\u0119s, \u012f\u017e\u016blus veik\u0117jas, paskatins skaitytojus nekantriai laukti kit\u0173 jo \u017eygi\u0173.\u00a0<\/p>\n","protected":false},"excerpt":{"rendered":"<p>\u010carlis Hovardas ne vien ra\u0161o knygas apie profesional\u0173 vag\u012f, bet ir pats u\u017esiima \u012fsilau\u017eimais. Amsterdame plu\u0161\u0117damas prie naujausio romano sulaukia paslaptingo amerikie\u010dio pra\u0161ymo per vien\u0105 vakar\u0105 i\u0161 poros b\u016bst\u0173 nukniaukti dvi, i\u0161 pa\u017ei\u016bros, menkavertes be\u017ed\u017eioni\u0173 statul\u0117les. Jis atsisako. Bet gal\u0173 gale persigalvoja. Kai amerikietis mir\u0161ta, kai pat\u012f \u010carl\u012f trumpam nutrenkia \u012f policijos are\u0161tin\u0119, o v\u0117liau pagrobia ir priri\u0161a prie k\u0117d\u0117s, jis ima suprasti padar\u0119s klaid\u0105, kuri gali labai brangiai kainuoti. Pareig\u016bnai \u012fsitikin\u0119, kad amerikietis krito nuo jo rankos. Kiti mano, jog \u010carlis \u017eino, kur ie\u0161koti vis prapuolan\u010dios tre\u010dios be\u017ed\u017eion\u0117l\u0117s. Tuo metu jam ter\u016bpi trys dalykai: ar pavyks i\u0161teisinti savo vard\u0105? Ar \u012fmanoma pasiglem\u017eti did\u017eiausi\u0105 laimik\u012f gyvenime? Ar jis sugeb\u0117s u\u017etaisyti naujausiame romane \u017eiojin\u010di\u0105, lagamino form\u0105 \u012fgavusi\u0105 sprag\u0105? Chris Ewan, premij\u0173 laureatas, para\u0161\u0117 \u012f de\u0161imt kalb\u0173 i\u0161verst\u0105 serij\u0105 detektyv\u0173 \u201eVagies ra\u0161ytojo gidas po&#8230;\u201c, pagal kuriuos \u201e20th Century Fox Television\u201c televizija ruo\u0161iasi statyti serial\u0105 ir imtis darbo si\u016blo Hart Hanson, \u201eKaul\u0173\u201c serialo k\u016br\u0117jui.\u00a0\u201ePrieglobstis\u201c\u00a0(lietuvi\u0173 k. i\u0161leistas 2015 m.), pirmasis atskiras trileris, 2012-aisiais tapo bestseleriu ir vien Jungtin\u0117je Karalyst\u0117je buvo parduotas daugiau nei pus\u0117s milijono egzempliori\u0173 tira\u017eu. \u201eVagies ra\u0161ytojo gidas po Amsterdam\u0105\u201c\u00a0\u2014 \u012fsp\u016bdingas debiutas, komi\u0161kas detektyvas, kurio \u017eavum\u0105 ir pasisekim\u0105 did\u017ei\u0105j\u0105 dalimi nulemia \u012fdomus antiherojus \u010carlzas Hovardas. Chris Ewan taip lengvai kuria \u012fsimintin\u0105 protagonist\u0105 ir priver\u010dia j\u012f kovoti su tik\u0117tinu, gudriu \u017eudiku, kad tai gali sukelti pavyd\u0105 daugybei \u017einomesni\u0173 ra\u0161ytoj\u0173. Nusikaltimai i\u0161ai\u0161kinamai puikiai, o pats Hovardas, naujai u\u017egim\u0119s, \u012f\u017e\u016blus veik\u0117jas, paskatins skaitytojus nekantriai laukti kit\u0173 jo \u017eygi\u0173.\u00a0<\/p>\n","protected":false},"featured_media":2417,"comment_status":"closed","ping_status":"closed","template":"","meta":{"_acf_changed":false,"site-sidebar-layout":"default","site-content-layout":"","ast-site-content-layout":"default","site-content-style":"default","site-sidebar-style":"default","ast-global-header-display":"","ast-banner-title-visibility":"","ast-main-header-display":"","ast-hfb-above-header-display":"","ast-hfb-below-header-display":"","ast-hfb-mobile-header-display":"","site-post-title":"","ast-breadcrumbs-content":"","ast-featured-img":"","footer-sml-layout":"","ast-disable-related-posts":"","theme-transparent-header-meta":"","adv-header-id-meta":"","stick-header-meta":"","header-above-stick-meta":"","header-main-stick-meta":"","header-below-stick-meta":"","astra-migrate-meta-layouts":"default","ast-page-background-enabled":"default","ast-page-background-meta":{"desktop":{"background-color":"","background-image":"","background-repeat":"repeat","background-position":"center center","background-size":"auto","background-attachment":"scroll","background-type":"","background-media":"","overlay-type":"","overlay-color":"","overlay-opacity":"","overlay-gradient":""},"tablet":{"background-color":"","background-image":"","background-repeat":"repeat","background-position":"center center","background-size":"auto","background-attachment":"scroll","background-type":"","background-media":"","overlay-type":"","overlay-color":"","overlay-opacity":"","overlay-gradient":""},"mobile":{"background-color":"","background-image":"","background-repeat":"repeat","background-position":"center center","background-size":"auto","background-attachment":"scroll","background-type":"","background-media":"","overlay-type":"","overlay-color":"","overlay-opacity":"","overlay-gradient":""}},"ast-content-background-meta":{"desktop":{"background-color":"var(--ast-global-color-4)","background-image":"","background-repeat":"repeat","background-position":"center center","background-size":"auto","background-attachment":"scroll","background-type":"","background-media":"","overlay-type":"","overlay-color":"","overlay-opacity":"","overlay-gradient":""},"tablet":{"background-color":"var(--ast-global-color-4)","background-image":"","background-repeat":"repeat","background-position":"center center","background-size":"auto","background-attachment":"scroll","background-type":"","background-media":"","overlay-type":"","overlay-color":"","overlay-opacity":"","overlay-gradient":""},"mobile":{"background-color":"var(--ast-global-color-4)","background-image":"","background-repeat":"repeat","background-position":"center center","background-size":"auto","background-attachment":"scroll","background-type":"","background-media":"","overlay-type":"","overlay-color":"","overlay-opacity":"","overlay-gradient":""}}},"product_brand":[],"product_cat":[9734],"product_tag":[],"class_list":{"0":"post-2360","1":"product","2":"type-product","3":"status-publish","4":"has-post-thumbnail","6":"product_cat-romanai","7":"desktop-align-left","8":"tablet-align-left","9":"mobile-align-left","11":"first","12":"instock","13":"shipping-taxable","14":"purchasable","15":"product-type-simple"},"acf":[],"yoast_head":"<!-- This site is optimized with the Yoast SEO plugin v27.0 - https:\/\/yoast.com\/product\/yoast-seo-wordpress\/ -->\n<title>Vagies ra\u0161ytojo gidas po Amsterdam\u0105<\/title>\n<meta name=\"description\" content=\"\u010carlis Hovardas ne vien ra\u0161o knygas apie profesional\u0173 vag\u012f, bet ir pats u\u017esiima \u012fsilau\u017eimais. Amsterdame plu\u0161\u0117damas prie naujausio romano sulaukia\" \/>\n<meta name=\"robots\" content=\"index, follow, max-snippet:-1, max-image-preview:large, max-video-preview:-1\" \/>\n<link rel=\"canonical\" href=\"https:\/\/skaitytaknyga.lt\/en\/produktas\/chris-ewan-vagies-rasytojo-gidas-po-amsterdama\/\" \/>\n<meta property=\"og:locale\" content=\"en_GB\" \/>\n<meta property=\"og:locale:alternate\" content=\"lt_LT\" \/>\n<meta property=\"og:type\" content=\"article\" \/>\n<meta property=\"og:title\" content=\"Vagies ra\u0161ytojo gidas po Amsterdam\u0105\" \/>\n<meta property=\"og:description\" content=\"\u010carlis Hovardas ne vien ra\u0161o knygas apie profesional\u0173 vag\u012f, bet ir pats u\u017esiima \u012fsilau\u017eimais. Amsterdame plu\u0161\u0117damas prie naujausio romano sulaukia\" \/>\n<meta property=\"og:url\" content=\"https:\/\/skaitytaknyga.lt\/en\/produktas\/chris-ewan-vagies-rasytojo-gidas-po-amsterdama\/\" \/>\n<meta property=\"og:site_name\" content=\"Skaitytaknyga\" \/>\n<meta property=\"article:publisher\" content=\"https:\/\/www.facebook.com\/skaitytaknyga\/\" \/>\n<meta property=\"article:modified_time\" content=\"2026-03-17T09:49:06+00:00\" \/>\n<meta property=\"og:image\" content=\"https:\/\/skaitytaknyga.lt\/wp-content\/uploads\/2024\/04\/20200818_155315_edited.jpg\" \/>\n\t<meta property=\"og:image:width\" content=\"1471\" \/>\n\t<meta property=\"og:image:height\" content=\"2204\" \/>\n\t<meta property=\"og:image:type\" content=\"image\/jpeg\" \/>\n<meta name=\"twitter:card\" content=\"summary_large_image\" \/>\n<meta name=\"twitter:label1\" content=\"Estimated reading time\" \/>\n\t<meta name=\"twitter:data1\" content=\"1 minute\" \/>\n<script type=\"application\/ld+json\" class=\"yoast-schema-graph\">{\"@context\":\"https:\/\/schema.org\",\"@graph\":[{\"@type\":\"WebPage\",\"@id\":\"https:\/\/skaitytaknyga.lt\/produktas\/chris-ewan-vagies-rasytojo-gidas-po-amsterdama\/\",\"url\":\"https:\/\/skaitytaknyga.lt\/produktas\/chris-ewan-vagies-rasytojo-gidas-po-amsterdama\/\",\"name\":\"Vagies ra\u0161ytojo gidas po Amsterdam\u0105\",\"isPartOf\":{\"@id\":\"https:\/\/skaitytaknyga.lt\/#website\"},\"primaryImageOfPage\":{\"@id\":\"https:\/\/skaitytaknyga.lt\/produktas\/chris-ewan-vagies-rasytojo-gidas-po-amsterdama\/#primaryimage\"},\"image\":{\"@id\":\"https:\/\/skaitytaknyga.lt\/produktas\/chris-ewan-vagies-rasytojo-gidas-po-amsterdama\/#primaryimage\"},\"thumbnailUrl\":\"https:\/\/skaitytaknyga.lt\/wp-content\/uploads\/2024\/04\/20200818_155315_edited.jpg\",\"datePublished\":\"2024-04-17T13:08:38+00:00\",\"dateModified\":\"2026-03-17T09:49:06+00:00\",\"description\":\"\u010carlis Hovardas ne vien ra\u0161o knygas apie profesional\u0173 vag\u012f, bet ir pats u\u017esiima \u012fsilau\u017eimais. Amsterdame plu\u0161\u0117damas prie naujausio romano sulaukia\",\"breadcrumb\":{\"@id\":\"https:\/\/skaitytaknyga.lt\/produktas\/chris-ewan-vagies-rasytojo-gidas-po-amsterdama\/#breadcrumb\"},\"inLanguage\":\"en-GB\",\"potentialAction\":[{\"@type\":\"ReadAction\",\"target\":[\"https:\/\/skaitytaknyga.lt\/produktas\/chris-ewan-vagies-rasytojo-gidas-po-amsterdama\/\"]}]},{\"@type\":\"ImageObject\",\"inLanguage\":\"en-GB\",\"@id\":\"https:\/\/skaitytaknyga.lt\/produktas\/chris-ewan-vagies-rasytojo-gidas-po-amsterdama\/#primaryimage\",\"url\":\"https:\/\/skaitytaknyga.lt\/wp-content\/uploads\/2024\/04\/20200818_155315_edited.jpg\",\"contentUrl\":\"https:\/\/skaitytaknyga.lt\/wp-content\/uploads\/2024\/04\/20200818_155315_edited.jpg\",\"width\":1471,\"height\":2204,\"caption\":\"20200818 155315 edited\"},{\"@type\":\"BreadcrumbList\",\"@id\":\"https:\/\/skaitytaknyga.lt\/produktas\/chris-ewan-vagies-rasytojo-gidas-po-amsterdama\/#breadcrumb\",\"itemListElement\":[{\"@type\":\"ListItem\",\"position\":1,\"name\":\"Home\",\"item\":\"https:\/\/skaitytaknyga.lt\/\"},{\"@type\":\"ListItem\",\"position\":2,\"name\":\"Parduotuv\u0117\",\"item\":\"https:\/\/skaitytaknyga.lt\/knygu-parduotuve\/\"},{\"@type\":\"ListItem\",\"position\":3,\"name\":\"Vagies ra\u0161ytojo gidas po Amsterdam\u0105\"}]},{\"@type\":\"WebSite\",\"@id\":\"https:\/\/skaitytaknyga.lt\/#website\",\"url\":\"https:\/\/skaitytaknyga.lt\/\",\"name\":\"skaitytaknyga.lt\",\"description\":\"Skaitytaknyga.lt \u2013 tai ma\u017eas \u0161eimos verslas, kuris prasid\u0117jo nuo meil\u0117s knygoms ir siekio i\u0161gelb\u0117ti knygas nuo likimo prie konteinerio. Kas vienam nereikalingas daiktas \u2013 kitam lobis, o mes esame tarpininkai, kurie padeda abiems tapti laimingesniems ???? \u017dinome kaip nelengva i\u0161gyventi ma\u017eiems verslams, tad nuo \u0161iol, \u010dia rasite ir kit\u0173, ma\u017e\u0173 \u0161eim\u0173 versl\u0173, rank\u0173 darbo, dovan\u0173 sau ir artimiesiems.\",\"publisher\":{\"@id\":\"https:\/\/skaitytaknyga.lt\/#organization\"},\"potentialAction\":[{\"@type\":\"SearchAction\",\"target\":{\"@type\":\"EntryPoint\",\"urlTemplate\":\"https:\/\/skaitytaknyga.lt\/?s={search_term_string}\"},\"query-input\":{\"@type\":\"PropertyValueSpecification\",\"valueRequired\":true,\"valueName\":\"search_term_string\"}}],\"inLanguage\":\"en-GB\"},{\"@type\":\"Organization\",\"@id\":\"https:\/\/skaitytaknyga.lt\/#organization\",\"name\":\"skaitytaknyga.lt\",\"url\":\"https:\/\/skaitytaknyga.lt\/\",\"logo\":{\"@type\":\"ImageObject\",\"inLanguage\":\"en-GB\",\"@id\":\"https:\/\/skaitytaknyga.lt\/#\/schema\/logo\/image\/\",\"url\":\"https:\/\/skaitytaknyga.lt\/wp-content\/uploads\/2024\/05\/cropped-cropped-cropped-02_00843_jt3bggkj1j3HLc7SyY6rEUpg.jpeg\",\"contentUrl\":\"https:\/\/skaitytaknyga.lt\/wp-content\/uploads\/2024\/05\/cropped-cropped-cropped-02_00843_jt3bggkj1j3HLc7SyY6rEUpg.jpeg\",\"width\":1600,\"height\":1600,\"caption\":\"skaitytaknyga.lt\"},\"image\":{\"@id\":\"https:\/\/skaitytaknyga.lt\/#\/schema\/logo\/image\/\"},\"sameAs\":[\"https:\/\/www.facebook.com\/skaitytaknyga\/\"]}]}<\/script>\n<!-- \/ Yoast SEO plugin. -->","yoast_head_json":{"title":"Vagies ra\u0161ytojo gidas po Amsterdam\u0105","description":"\u010carlis Hovardas ne vien ra\u0161o knygas apie profesional\u0173 vag\u012f, bet ir pats u\u017esiima \u012fsilau\u017eimais. Amsterdame plu\u0161\u0117damas prie naujausio romano sulaukia","robots":{"index":"index","follow":"follow","max-snippet":"max-snippet:-1","max-image-preview":"max-image-preview:large","max-video-preview":"max-video-preview:-1"},"canonical":"https:\/\/skaitytaknyga.lt\/en\/produktas\/chris-ewan-vagies-rasytojo-gidas-po-amsterdama\/","og_locale":"en_GB","og_type":"article","og_title":"[:lt]Vagies ra\u0161ytojo gidas po Amsterdam\u0105[:] - Skaitytaknyga","og_description":"\u010carlis Hovardas ne vien ra\u0161o knygas apie profesional\u0173 vag\u012f, bet ir pats u\u017esiima \u012fsilau\u017eimais. Amsterdame plu\u0161\u0117damas prie naujausio romano sulaukia","og_url":"https:\/\/skaitytaknyga.lt\/en\/produktas\/chris-ewan-vagies-rasytojo-gidas-po-amsterdama\/","og_site_name":"Skaitytaknyga","article_publisher":"https:\/\/www.facebook.com\/skaitytaknyga\/","article_modified_time":"2026-03-17T09:49:06+00:00","og_image":[{"width":1471,"height":2204,"url":"https:\/\/skaitytaknyga.lt\/wp-content\/uploads\/2024\/04\/20200818_155315_edited.jpg","type":"image\/jpeg"}],"twitter_card":"summary_large_image","twitter_misc":{"Estimated reading time":"1 minute"},"schema":{"@context":"https:\/\/schema.org","@graph":[{"@type":"WebPage","@id":"https:\/\/skaitytaknyga.lt\/produktas\/chris-ewan-vagies-rasytojo-gidas-po-amsterdama\/","url":"https:\/\/skaitytaknyga.lt\/produktas\/chris-ewan-vagies-rasytojo-gidas-po-amsterdama\/","name":"Vagies ra\u0161ytojo gidas po Amsterdam\u0105","isPartOf":{"@id":"https:\/\/skaitytaknyga.lt\/#website"},"primaryImageOfPage":{"@id":"https:\/\/skaitytaknyga.lt\/produktas\/chris-ewan-vagies-rasytojo-gidas-po-amsterdama\/#primaryimage"},"image":{"@id":"https:\/\/skaitytaknyga.lt\/produktas\/chris-ewan-vagies-rasytojo-gidas-po-amsterdama\/#primaryimage"},"thumbnailUrl":"https:\/\/skaitytaknyga.lt\/wp-content\/uploads\/2024\/04\/20200818_155315_edited.jpg","datePublished":"2024-04-17T13:08:38+00:00","dateModified":"2026-03-17T09:49:06+00:00","description":"\u010carlis Hovardas ne vien ra\u0161o knygas apie profesional\u0173 vag\u012f, bet ir pats u\u017esiima \u012fsilau\u017eimais. Amsterdame plu\u0161\u0117damas prie naujausio romano sulaukia","breadcrumb":{"@id":"https:\/\/skaitytaknyga.lt\/produktas\/chris-ewan-vagies-rasytojo-gidas-po-amsterdama\/#breadcrumb"},"inLanguage":"en-GB","potentialAction":[{"@type":"ReadAction","target":["https:\/\/skaitytaknyga.lt\/produktas\/chris-ewan-vagies-rasytojo-gidas-po-amsterdama\/"]}]},{"@type":"ImageObject","inLanguage":"en-GB","@id":"https:\/\/skaitytaknyga.lt\/produktas\/chris-ewan-vagies-rasytojo-gidas-po-amsterdama\/#primaryimage","url":"https:\/\/skaitytaknyga.lt\/wp-content\/uploads\/2024\/04\/20200818_155315_edited.jpg","contentUrl":"https:\/\/skaitytaknyga.lt\/wp-content\/uploads\/2024\/04\/20200818_155315_edited.jpg","width":1471,"height":2204,"caption":"20200818 155315 edited"},{"@type":"BreadcrumbList","@id":"https:\/\/skaitytaknyga.lt\/produktas\/chris-ewan-vagies-rasytojo-gidas-po-amsterdama\/#breadcrumb","itemListElement":[{"@type":"ListItem","position":1,"name":"Home","item":"https:\/\/skaitytaknyga.lt\/"},{"@type":"ListItem","position":2,"name":"Parduotuv\u0117","item":"https:\/\/skaitytaknyga.lt\/knygu-parduotuve\/"},{"@type":"ListItem","position":3,"name":"Vagies ra\u0161ytojo gidas po Amsterdam\u0105"}]},{"@type":"WebSite","@id":"https:\/\/skaitytaknyga.lt\/#website","url":"https:\/\/skaitytaknyga.lt\/","name":"skaitytaknyga.lt","description":"Skaitytaknyga.lt \u2013 tai ma\u017eas \u0161eimos verslas, kuris prasid\u0117jo nuo meil\u0117s knygoms ir siekio i\u0161gelb\u0117ti knygas nuo likimo prie konteinerio. Kas vienam nereikalingas daiktas \u2013 kitam lobis, o mes esame tarpininkai, kurie padeda abiems tapti laimingesniems ???? \u017dinome kaip nelengva i\u0161gyventi ma\u017eiems verslams, tad nuo \u0161iol, \u010dia rasite ir kit\u0173, ma\u017e\u0173 \u0161eim\u0173 versl\u0173, rank\u0173 darbo, dovan\u0173 sau ir artimiesiems.","publisher":{"@id":"https:\/\/skaitytaknyga.lt\/#organization"},"potentialAction":[{"@type":"SearchAction","target":{"@type":"EntryPoint","urlTemplate":"https:\/\/skaitytaknyga.lt\/?s={search_term_string}"},"query-input":{"@type":"PropertyValueSpecification","valueRequired":true,"valueName":"search_term_string"}}],"inLanguage":"en-GB"},{"@type":"Organization","@id":"https:\/\/skaitytaknyga.lt\/#organization","name":"skaitytaknyga.lt","url":"https:\/\/skaitytaknyga.lt\/","logo":{"@type":"ImageObject","inLanguage":"en-GB","@id":"https:\/\/skaitytaknyga.lt\/#\/schema\/logo\/image\/","url":"https:\/\/skaitytaknyga.lt\/wp-content\/uploads\/2024\/05\/cropped-cropped-cropped-02_00843_jt3bggkj1j3HLc7SyY6rEUpg.jpeg","contentUrl":"https:\/\/skaitytaknyga.lt\/wp-content\/uploads\/2024\/05\/cropped-cropped-cropped-02_00843_jt3bggkj1j3HLc7SyY6rEUpg.jpeg","width":1600,"height":1600,"caption":"skaitytaknyga.lt"},"image":{"@id":"https:\/\/skaitytaknyga.lt\/#\/schema\/logo\/image\/"},"sameAs":["https:\/\/www.facebook.com\/skaitytaknyga\/"]}]}},"_links":{"self":[{"href":"https:\/\/skaitytaknyga.lt\/en\/wp-json\/wp\/v2\/product\/2360","targetHints":{"allow":["GET"]}}],"collection":[{"href":"https:\/\/skaitytaknyga.lt\/en\/wp-json\/wp\/v2\/product"}],"about":[{"href":"https:\/\/skaitytaknyga.lt\/en\/wp-json\/wp\/v2\/types\/product"}],"replies":[{"embeddable":true,"href":"https:\/\/skaitytaknyga.lt\/en\/wp-json\/wp\/v2\/comments?post=2360"}],"wp:featuredmedia":[{"embeddable":true,"href":"https:\/\/skaitytaknyga.lt\/en\/wp-json\/wp\/v2\/media\/2417"}],"wp:attachment":[{"href":"https:\/\/skaitytaknyga.lt\/en\/wp-json\/wp\/v2\/media?parent=2360"}],"wp:term":[{"taxonomy":"product_brand","embeddable":true,"href":"https:\/\/skaitytaknyga.lt\/en\/wp-json\/wp\/v2\/product_brand?post=2360"},{"taxonomy":"product_cat","embeddable":true,"href":"https:\/\/skaitytaknyga.lt\/en\/wp-json\/wp\/v2\/product_cat?post=2360"},{"taxonomy":"product_tag","embeddable":true,"href":"https:\/\/skaitytaknyga.lt\/en\/wp-json\/wp\/v2\/product_tag?post=2360"}],"curies":[{"name":"wp","href":"https:\/\/api.w.org\/{rel}","templated":true}]}}