{"id":2343,"date":"2024-04-17T13:08:06","date_gmt":"2024-04-17T13:08:06","guid":{"rendered":"https:\/\/skaitytaknyga.lt\/?post_type=product&#038;p=2343"},"modified":"2025-06-12T22:14:59","modified_gmt":"2025-06-12T19:14:59","slug":"jevgenij-petrov-aukso-versis","status":"publish","type":"product","link":"https:\/\/skaitytaknyga.lt\/en\/produktas\/jevgenij-petrov-aukso-versis\/","title":{"rendered":"Jevgenij Petrov \u201eAukso ver\u0161is\u201c"},"content":{"rendered":"<p>Kieno j\u016bs pus\u0117je, ponai, \u2013 Ostapo Benderio ar apmulkint\u0173 jo auk\u0173? Kok\u012f dievi\u0161k\u0105 talent\u0105 reikia tur\u0117ti, kad u\u017ekiet\u0117jus\u012f suk\u010di\u0173 sugeb\u0117tum paversti ne tik \u0161maik\u0161\u010diu, bet ir simpati\u0161ku herojumi\u2026 Kad kelt\u0173 juok\u0105 jo daromos skriaudos, o jo nes\u0117km\u0117s \u2013 li\u016bdes\u012f.<\/p>\n<p>\u010cia ir slypi neblunkantis\u00a0\u201eAukso ver\u0161io\u201c\u00a0paradokso \u017eavesys \u2013 kai auk\u0161tyn kojom apversta vertybi\u0173 skal\u0117 tikr\u0105sias vertybes tik dar labiau i\u0161ry\u0161kina.<\/p>\n<p>Sykiais tiesiog b\u016btina pasidairyt po pasaul\u012f ir i\u0161 tokios pad\u0117ties \u2013 idant geriau pa\u017eintum, perprastum ir \u012fsis\u0105monintum jo reliatyvum\u0105. \u0160iuosyk ne fizin\u012f, bet dvasin\u012f.<\/p>\n","protected":false},"excerpt":{"rendered":"<p>Kieno j\u016bs pus\u0117je, ponai, \u2013 Ostapo Benderio ar apmulkint\u0173 jo auk\u0173? Kok\u012f dievi\u0161k\u0105 talent\u0105 reikia tur\u0117ti, kad u\u017ekiet\u0117jus\u012f suk\u010di\u0173 sugeb\u0117tum paversti ne tik \u0161maik\u0161\u010diu, bet ir simpati\u0161ku herojumi\u2026 Kad kelt\u0173 juok\u0105 jo daromos skriaudos, o jo nes\u0117km\u0117s \u2013 li\u016bdes\u012f. \u010cia ir slypi neblunkantis\u00a0\u201eAukso ver\u0161io\u201c\u00a0paradokso \u017eavesys \u2013 kai auk\u0161tyn kojom apversta vertybi\u0173 skal\u0117 tikr\u0105sias vertybes tik dar labiau i\u0161ry\u0161kina. Sykiais tiesiog b\u016btina pasidairyt po pasaul\u012f ir i\u0161 tokios pad\u0117ties \u2013 idant geriau pa\u017eintum, perprastum ir \u012fsis\u0105monintum jo reliatyvum\u0105. \u0160iuosyk ne fizin\u012f, bet dvasin\u012f.<\/p>\n","protected":false},"featured_media":2394,"comment_status":"closed","ping_status":"closed","template":"","meta":{"_acf_changed":false,"site-sidebar-layout":"default","site-content-layout":"","ast-site-content-layout":"default","site-content-style":"default","site-sidebar-style":"default","ast-global-header-display":"","ast-banner-title-visibility":"","ast-main-header-display":"","ast-hfb-above-header-display":"","ast-hfb-below-header-display":"","ast-hfb-mobile-header-display":"","site-post-title":"","ast-breadcrumbs-content":"","ast-featured-img":"","footer-sml-layout":"","ast-disable-related-posts":"","theme-transparent-header-meta":"","adv-header-id-meta":"","stick-header-meta":"","header-above-stick-meta":"","header-main-stick-meta":"","header-below-stick-meta":"","astra-migrate-meta-layouts":"default","ast-page-background-enabled":"default","ast-page-background-meta":{"desktop":{"background-color":"","background-image":"","background-repeat":"repeat","background-position":"center center","background-size":"auto","background-attachment":"scroll","background-type":"","background-media":"","overlay-type":"","overlay-color":"","overlay-opacity":"","overlay-gradient":""},"tablet":{"background-color":"","background-image":"","background-repeat":"repeat","background-position":"center center","background-size":"auto","background-attachment":"scroll","background-type":"","background-media":"","overlay-type":"","overlay-color":"","overlay-opacity":"","overlay-gradient":""},"mobile":{"background-color":"","background-image":"","background-repeat":"repeat","background-position":"center center","background-size":"auto","background-attachment":"scroll","background-type":"","background-media":"","overlay-type":"","overlay-color":"","overlay-opacity":"","overlay-gradient":""}},"ast-content-background-meta":{"desktop":{"background-color":"var(--ast-global-color-4)","background-image":"","background-repeat":"repeat","background-position":"center center","background-size":"auto","background-attachment":"scroll","background-type":"","background-media":"","overlay-type":"","overlay-color":"","overlay-opacity":"","overlay-gradient":""},"tablet":{"background-color":"var(--ast-global-color-4)","background-image":"","background-repeat":"repeat","background-position":"center center","background-size":"auto","background-attachment":"scroll","background-type":"","background-media":"","overlay-type":"","overlay-color":"","overlay-opacity":"","overlay-gradient":""},"mobile":{"background-color":"var(--ast-global-color-4)","background-image":"","background-repeat":"repeat","background-position":"center center","background-size":"auto","background-attachment":"scroll","background-type":"","background-media":"","overlay-type":"","overlay-color":"","overlay-opacity":"","overlay-gradient":""}}},"product_brand":[],"product_cat":[31],"product_tag":[],"class_list":{"0":"post-2343","1":"product","2":"type-product","3":"status-publish","4":"has-post-thumbnail","6":"product_cat-grozine-literatura","7":"desktop-align-left","8":"tablet-align-left","9":"mobile-align-left","11":"first","12":"outofstock","13":"shipping-taxable","14":"purchasable","15":"product-type-simple"},"acf":[],"yoast_head":"<!-- This site is optimized with the Yoast SEO plugin v27.0 - https:\/\/yoast.com\/product\/yoast-seo-wordpress\/ -->\n<title>Jevgenij Petrov \u201eAukso ver\u0161is\u201c - Skaitytaknyga<\/title>\n<meta name=\"description\" content=\"Kieno j\u016bs pus\u0117je, ponai, \u2013 Ostapo Benderio ar apmulkint\u0173 jo auk\u0173? Kok\u012f dievi\u0161k\u0105 talent\u0105 reikia tur\u0117ti, kad u\u017ekiet\u0117jus\u012f suk\u010di\u0173 sugeb\u0117tum paversti ne tik\" \/>\n<meta name=\"robots\" content=\"index, follow, max-snippet:-1, max-image-preview:large, max-video-preview:-1\" \/>\n<link rel=\"canonical\" href=\"https:\/\/skaitytaknyga.lt\/en\/produktas\/jevgenij-petrov-aukso-versis\/\" \/>\n<meta property=\"og:locale\" content=\"en_GB\" \/>\n<meta property=\"og:locale:alternate\" content=\"lt_LT\" \/>\n<meta property=\"og:type\" content=\"article\" \/>\n<meta property=\"og:title\" content=\"Jevgenij Petrov \u201eAukso ver\u0161is\u201c - Skaitytaknyga\" \/>\n<meta property=\"og:description\" content=\"Kieno j\u016bs pus\u0117je, ponai, \u2013 Ostapo Benderio ar apmulkint\u0173 jo auk\u0173? Kok\u012f dievi\u0161k\u0105 talent\u0105 reikia tur\u0117ti, kad u\u017ekiet\u0117jus\u012f suk\u010di\u0173 sugeb\u0117tum paversti ne tik\" \/>\n<meta property=\"og:url\" content=\"https:\/\/skaitytaknyga.lt\/en\/produktas\/jevgenij-petrov-aukso-versis\/\" \/>\n<meta property=\"og:site_name\" content=\"Skaitytaknyga\" \/>\n<meta property=\"article:publisher\" content=\"https:\/\/www.facebook.com\/skaitytaknyga\/\" \/>\n<meta property=\"article:modified_time\" content=\"2025-06-12T19:14:59+00:00\" \/>\n<meta property=\"og:image\" content=\"https:\/\/skaitytaknyga.lt\/wp-content\/uploads\/2024\/04\/1511276855_Scan_21-11-2017_1618-1.jpg\" \/>\n\t<meta property=\"og:image:width\" content=\"278\" \/>\n\t<meta property=\"og:image:height\" content=\"430\" \/>\n\t<meta property=\"og:image:type\" content=\"image\/jpeg\" \/>\n<meta name=\"twitter:card\" content=\"summary_large_image\" \/>\n<meta name=\"twitter:label1\" content=\"Estimated reading time\" \/>\n\t<meta name=\"twitter:data1\" content=\"1 minute\" \/>\n<script type=\"application\/ld+json\" class=\"yoast-schema-graph\">{\"@context\":\"https:\/\/schema.org\",\"@graph\":[{\"@type\":\"WebPage\",\"@id\":\"https:\/\/skaitytaknyga.lt\/produktas\/jevgenij-petrov-aukso-versis\/\",\"url\":\"https:\/\/skaitytaknyga.lt\/produktas\/jevgenij-petrov-aukso-versis\/\",\"name\":\"Jevgenij Petrov \u201eAukso ver\u0161is\u201c - Skaitytaknyga\",\"isPartOf\":{\"@id\":\"https:\/\/skaitytaknyga.lt\/#website\"},\"primaryImageOfPage\":{\"@id\":\"https:\/\/skaitytaknyga.lt\/produktas\/jevgenij-petrov-aukso-versis\/#primaryimage\"},\"image\":{\"@id\":\"https:\/\/skaitytaknyga.lt\/produktas\/jevgenij-petrov-aukso-versis\/#primaryimage\"},\"thumbnailUrl\":\"https:\/\/skaitytaknyga.lt\/wp-content\/uploads\/2024\/04\/1511276855_Scan_21-11-2017_1618-1.jpg\",\"datePublished\":\"2024-04-17T13:08:06+00:00\",\"dateModified\":\"2025-06-12T19:14:59+00:00\",\"description\":\"Kieno j\u016bs pus\u0117je, ponai, \u2013 Ostapo Benderio ar apmulkint\u0173 jo auk\u0173? Kok\u012f dievi\u0161k\u0105 talent\u0105 reikia tur\u0117ti, kad u\u017ekiet\u0117jus\u012f suk\u010di\u0173 sugeb\u0117tum paversti ne tik\",\"breadcrumb\":{\"@id\":\"https:\/\/skaitytaknyga.lt\/produktas\/jevgenij-petrov-aukso-versis\/#breadcrumb\"},\"inLanguage\":\"en-GB\",\"potentialAction\":[{\"@type\":\"ReadAction\",\"target\":[\"https:\/\/skaitytaknyga.lt\/produktas\/jevgenij-petrov-aukso-versis\/\"]}]},{\"@type\":\"ImageObject\",\"inLanguage\":\"en-GB\",\"@id\":\"https:\/\/skaitytaknyga.lt\/produktas\/jevgenij-petrov-aukso-versis\/#primaryimage\",\"url\":\"https:\/\/skaitytaknyga.lt\/wp-content\/uploads\/2024\/04\/1511276855_Scan_21-11-2017_1618-1.jpg\",\"contentUrl\":\"https:\/\/skaitytaknyga.lt\/wp-content\/uploads\/2024\/04\/1511276855_Scan_21-11-2017_1618-1.jpg\",\"width\":278,\"height\":430,\"caption\":\"Aukso ver\u0161is\"},{\"@type\":\"BreadcrumbList\",\"@id\":\"https:\/\/skaitytaknyga.lt\/produktas\/jevgenij-petrov-aukso-versis\/#breadcrumb\",\"itemListElement\":[{\"@type\":\"ListItem\",\"position\":1,\"name\":\"Home\",\"item\":\"https:\/\/skaitytaknyga.lt\/\"},{\"@type\":\"ListItem\",\"position\":2,\"name\":\"Parduotuv\u0117\",\"item\":\"https:\/\/skaitytaknyga.lt\/knygu-parduotuve\/\"},{\"@type\":\"ListItem\",\"position\":3,\"name\":\"Jevgenij Petrov \u201eAukso ver\u0161is\u201c\"}]},{\"@type\":\"WebSite\",\"@id\":\"https:\/\/skaitytaknyga.lt\/#website\",\"url\":\"https:\/\/skaitytaknyga.lt\/\",\"name\":\"skaitytaknyga.lt\",\"description\":\"Skaitytaknyga.lt \u2013 tai ma\u017eas \u0161eimos verslas, kuris prasid\u0117jo nuo meil\u0117s knygoms ir siekio i\u0161gelb\u0117ti knygas nuo likimo prie konteinerio. Kas vienam nereikalingas daiktas \u2013 kitam lobis, o mes esame tarpininkai, kurie padeda abiems tapti laimingesniems ???? \u017dinome kaip nelengva i\u0161gyventi ma\u017eiems verslams, tad nuo \u0161iol, \u010dia rasite ir kit\u0173, ma\u017e\u0173 \u0161eim\u0173 versl\u0173, rank\u0173 darbo, dovan\u0173 sau ir artimiesiems.\",\"publisher\":{\"@id\":\"https:\/\/skaitytaknyga.lt\/#organization\"},\"potentialAction\":[{\"@type\":\"SearchAction\",\"target\":{\"@type\":\"EntryPoint\",\"urlTemplate\":\"https:\/\/skaitytaknyga.lt\/?s={search_term_string}\"},\"query-input\":{\"@type\":\"PropertyValueSpecification\",\"valueRequired\":true,\"valueName\":\"search_term_string\"}}],\"inLanguage\":\"en-GB\"},{\"@type\":\"Organization\",\"@id\":\"https:\/\/skaitytaknyga.lt\/#organization\",\"name\":\"skaitytaknyga.lt\",\"url\":\"https:\/\/skaitytaknyga.lt\/\",\"logo\":{\"@type\":\"ImageObject\",\"inLanguage\":\"en-GB\",\"@id\":\"https:\/\/skaitytaknyga.lt\/#\/schema\/logo\/image\/\",\"url\":\"https:\/\/skaitytaknyga.lt\/wp-content\/uploads\/2024\/05\/cropped-cropped-cropped-02_00843_jt3bggkj1j3HLc7SyY6rEUpg.jpeg\",\"contentUrl\":\"https:\/\/skaitytaknyga.lt\/wp-content\/uploads\/2024\/05\/cropped-cropped-cropped-02_00843_jt3bggkj1j3HLc7SyY6rEUpg.jpeg\",\"width\":1600,\"height\":1600,\"caption\":\"skaitytaknyga.lt\"},\"image\":{\"@id\":\"https:\/\/skaitytaknyga.lt\/#\/schema\/logo\/image\/\"},\"sameAs\":[\"https:\/\/www.facebook.com\/skaitytaknyga\/\"]}]}<\/script>\n<!-- \/ Yoast SEO plugin. -->","yoast_head_json":{"title":"Jevgenij Petrov \u201eAukso ver\u0161is\u201c - Skaitytaknyga","description":"Kieno j\u016bs pus\u0117je, ponai, \u2013 Ostapo Benderio ar apmulkint\u0173 jo auk\u0173? Kok\u012f dievi\u0161k\u0105 talent\u0105 reikia tur\u0117ti, kad u\u017ekiet\u0117jus\u012f suk\u010di\u0173 sugeb\u0117tum paversti ne tik","robots":{"index":"index","follow":"follow","max-snippet":"max-snippet:-1","max-image-preview":"max-image-preview:large","max-video-preview":"max-video-preview:-1"},"canonical":"https:\/\/skaitytaknyga.lt\/en\/produktas\/jevgenij-petrov-aukso-versis\/","og_locale":"en_GB","og_type":"article","og_title":"Jevgenij Petrov \u201eAukso ver\u0161is\u201c - Skaitytaknyga","og_description":"Kieno j\u016bs pus\u0117je, ponai, \u2013 Ostapo Benderio ar apmulkint\u0173 jo auk\u0173? Kok\u012f dievi\u0161k\u0105 talent\u0105 reikia tur\u0117ti, kad u\u017ekiet\u0117jus\u012f suk\u010di\u0173 sugeb\u0117tum paversti ne tik","og_url":"https:\/\/skaitytaknyga.lt\/en\/produktas\/jevgenij-petrov-aukso-versis\/","og_site_name":"Skaitytaknyga","article_publisher":"https:\/\/www.facebook.com\/skaitytaknyga\/","article_modified_time":"2025-06-12T19:14:59+00:00","og_image":[{"width":278,"height":430,"url":"https:\/\/skaitytaknyga.lt\/wp-content\/uploads\/2024\/04\/1511276855_Scan_21-11-2017_1618-1.jpg","type":"image\/jpeg"}],"twitter_card":"summary_large_image","twitter_misc":{"Estimated reading time":"1 minute"},"schema":{"@context":"https:\/\/schema.org","@graph":[{"@type":"WebPage","@id":"https:\/\/skaitytaknyga.lt\/produktas\/jevgenij-petrov-aukso-versis\/","url":"https:\/\/skaitytaknyga.lt\/produktas\/jevgenij-petrov-aukso-versis\/","name":"Jevgenij Petrov \u201eAukso ver\u0161is\u201c - Skaitytaknyga","isPartOf":{"@id":"https:\/\/skaitytaknyga.lt\/#website"},"primaryImageOfPage":{"@id":"https:\/\/skaitytaknyga.lt\/produktas\/jevgenij-petrov-aukso-versis\/#primaryimage"},"image":{"@id":"https:\/\/skaitytaknyga.lt\/produktas\/jevgenij-petrov-aukso-versis\/#primaryimage"},"thumbnailUrl":"https:\/\/skaitytaknyga.lt\/wp-content\/uploads\/2024\/04\/1511276855_Scan_21-11-2017_1618-1.jpg","datePublished":"2024-04-17T13:08:06+00:00","dateModified":"2025-06-12T19:14:59+00:00","description":"Kieno j\u016bs pus\u0117je, ponai, \u2013 Ostapo Benderio ar apmulkint\u0173 jo auk\u0173? Kok\u012f dievi\u0161k\u0105 talent\u0105 reikia tur\u0117ti, kad u\u017ekiet\u0117jus\u012f suk\u010di\u0173 sugeb\u0117tum paversti ne tik","breadcrumb":{"@id":"https:\/\/skaitytaknyga.lt\/produktas\/jevgenij-petrov-aukso-versis\/#breadcrumb"},"inLanguage":"en-GB","potentialAction":[{"@type":"ReadAction","target":["https:\/\/skaitytaknyga.lt\/produktas\/jevgenij-petrov-aukso-versis\/"]}]},{"@type":"ImageObject","inLanguage":"en-GB","@id":"https:\/\/skaitytaknyga.lt\/produktas\/jevgenij-petrov-aukso-versis\/#primaryimage","url":"https:\/\/skaitytaknyga.lt\/wp-content\/uploads\/2024\/04\/1511276855_Scan_21-11-2017_1618-1.jpg","contentUrl":"https:\/\/skaitytaknyga.lt\/wp-content\/uploads\/2024\/04\/1511276855_Scan_21-11-2017_1618-1.jpg","width":278,"height":430,"caption":"Aukso ver\u0161is"},{"@type":"BreadcrumbList","@id":"https:\/\/skaitytaknyga.lt\/produktas\/jevgenij-petrov-aukso-versis\/#breadcrumb","itemListElement":[{"@type":"ListItem","position":1,"name":"Home","item":"https:\/\/skaitytaknyga.lt\/"},{"@type":"ListItem","position":2,"name":"Parduotuv\u0117","item":"https:\/\/skaitytaknyga.lt\/knygu-parduotuve\/"},{"@type":"ListItem","position":3,"name":"Jevgenij Petrov \u201eAukso ver\u0161is\u201c"}]},{"@type":"WebSite","@id":"https:\/\/skaitytaknyga.lt\/#website","url":"https:\/\/skaitytaknyga.lt\/","name":"skaitytaknyga.lt","description":"Skaitytaknyga.lt \u2013 tai ma\u017eas \u0161eimos verslas, kuris prasid\u0117jo nuo meil\u0117s knygoms ir siekio i\u0161gelb\u0117ti knygas nuo likimo prie konteinerio. Kas vienam nereikalingas daiktas \u2013 kitam lobis, o mes esame tarpininkai, kurie padeda abiems tapti laimingesniems ???? \u017dinome kaip nelengva i\u0161gyventi ma\u017eiems verslams, tad nuo \u0161iol, \u010dia rasite ir kit\u0173, ma\u017e\u0173 \u0161eim\u0173 versl\u0173, rank\u0173 darbo, dovan\u0173 sau ir artimiesiems.","publisher":{"@id":"https:\/\/skaitytaknyga.lt\/#organization"},"potentialAction":[{"@type":"SearchAction","target":{"@type":"EntryPoint","urlTemplate":"https:\/\/skaitytaknyga.lt\/?s={search_term_string}"},"query-input":{"@type":"PropertyValueSpecification","valueRequired":true,"valueName":"search_term_string"}}],"inLanguage":"en-GB"},{"@type":"Organization","@id":"https:\/\/skaitytaknyga.lt\/#organization","name":"skaitytaknyga.lt","url":"https:\/\/skaitytaknyga.lt\/","logo":{"@type":"ImageObject","inLanguage":"en-GB","@id":"https:\/\/skaitytaknyga.lt\/#\/schema\/logo\/image\/","url":"https:\/\/skaitytaknyga.lt\/wp-content\/uploads\/2024\/05\/cropped-cropped-cropped-02_00843_jt3bggkj1j3HLc7SyY6rEUpg.jpeg","contentUrl":"https:\/\/skaitytaknyga.lt\/wp-content\/uploads\/2024\/05\/cropped-cropped-cropped-02_00843_jt3bggkj1j3HLc7SyY6rEUpg.jpeg","width":1600,"height":1600,"caption":"skaitytaknyga.lt"},"image":{"@id":"https:\/\/skaitytaknyga.lt\/#\/schema\/logo\/image\/"},"sameAs":["https:\/\/www.facebook.com\/skaitytaknyga\/"]}]}},"_links":{"self":[{"href":"https:\/\/skaitytaknyga.lt\/en\/wp-json\/wp\/v2\/product\/2343","targetHints":{"allow":["GET"]}}],"collection":[{"href":"https:\/\/skaitytaknyga.lt\/en\/wp-json\/wp\/v2\/product"}],"about":[{"href":"https:\/\/skaitytaknyga.lt\/en\/wp-json\/wp\/v2\/types\/product"}],"replies":[{"embeddable":true,"href":"https:\/\/skaitytaknyga.lt\/en\/wp-json\/wp\/v2\/comments?post=2343"}],"wp:featuredmedia":[{"embeddable":true,"href":"https:\/\/skaitytaknyga.lt\/en\/wp-json\/wp\/v2\/media\/2394"}],"wp:attachment":[{"href":"https:\/\/skaitytaknyga.lt\/en\/wp-json\/wp\/v2\/media?parent=2343"}],"wp:term":[{"taxonomy":"product_brand","embeddable":true,"href":"https:\/\/skaitytaknyga.lt\/en\/wp-json\/wp\/v2\/product_brand?post=2343"},{"taxonomy":"product_cat","embeddable":true,"href":"https:\/\/skaitytaknyga.lt\/en\/wp-json\/wp\/v2\/product_cat?post=2343"},{"taxonomy":"product_tag","embeddable":true,"href":"https:\/\/skaitytaknyga.lt\/en\/wp-json\/wp\/v2\/product_tag?post=2343"}],"curies":[{"name":"wp","href":"https:\/\/api.w.org\/{rel}","templated":true}]}}