{"id":2341,"date":"2024-04-17T13:08:06","date_gmt":"2024-04-17T13:08:06","guid":{"rendered":"https:\/\/skaitytaknyga.lt\/?post_type=product&#038;p=2341"},"modified":"2024-05-03T07:14:25","modified_gmt":"2024-05-03T07:14:25","slug":"r-mataityte-jos-vardas-magija","status":"publish","type":"product","link":"https:\/\/skaitytaknyga.lt\/en\/produktas\/r-mataityte-jos-vardas-magija\/","title":{"rendered":"R. Mataityt\u0117 \u201eJos vardas Magija\u201c"},"content":{"rendered":"<p>\u201eJos vardas Magija\u201c\u00a0\u2013 ketvirtasis\u00a0R\u016btos Mataityt\u0117s\u00a0romanas (pirmieji \u2013 \u201eSvajon\u0117 apie snieg\u0105\u201c, 2013; \u201eLai\u0161kai\u201c, 2013; \u201eGunda\u201c, 2015). \u0160iame romane i\u0161tikimi skaitytojai atpa\u017eins pirmosios knygos atgarsius, o tie, kurie tik dabar atras savito brai\u017eo ir lengvos plunksnos autor\u0119, skaitys Magijos istorij\u0105 kaip visai nauj\u0105, savaranki\u0161k\u0105, stiprius persona\u017eus ir atskir\u0105 vertybi\u0173 sistem\u0105 atskleid\u017eiant\u012f k\u016brin\u012f.<br \/>\nTai istorija apie \u0161eim\u0105, kurioje mamos \u0161velnum\u0105 turi atstoti t\u0117vo atsidavimas. Knyga patraukia tuo, kuo \u017eavi ir visa autor\u0117s k\u016bryba, \u2013 nesumeluotu \u017emogi\u0161kumu. Romano veik\u0117jai \u2013 abejojantys, klystantys, \u201enenu\u0161lifuoti\u201c ir parodomi su visais savo tr\u016bkumais. Ta\u010diau, nors ir klupdami, jie renkasi patirti, jausti ir gyventi.<\/p>\n<p>&#8230;Kenis Ravnas, lik\u0119s vienas su dukra Magija, atsisako darbo didel\u0117je Oslo ligonin\u0117je ir persikelia \u012f Svalbard\u0105 \u2013 atokios salos ramyb\u0117, at\u0161iaurus klimatas, savitas \u017emoni\u0173 gyvenimo b\u016bdas padeda jam u\u017esimir\u0161ti. Ka\u017ekada ne\u012fsteng\u0119s i\u0161gelb\u0117ti \u017emonos, jis atsiduoda Magijai ir nuo\u0161aliame miestelyje kuria naujus santykius, kovoja su stereotipais, \u017emoni\u0173 abejingumu. Knygos veik\u0117jai vis i\u0161 naujo ie\u0161ko sav\u0119s ir da\u017enai per skausmingus i\u0161gyvenimus pama\u017eu atsiskleid\u017eia tolesn\u0117 j\u0173 gyvenimo kryptis. Perspektyvus gydytojas vis d\u0117lto ketina gr\u012f\u017eti \u012f miest\u0105, ta\u010diau, atrodo, jo planams lemta sudu\u017eti \u2013 tolimo Norvegijos kampelio gyvenimas \u012f savo ritm\u0105 \u012ftraukia jo dukter\u012f.<\/p>\n","protected":false},"excerpt":{"rendered":"<p>\u201eJos vardas Magija\u201c\u00a0\u2013 ketvirtasis\u00a0R\u016btos Mataityt\u0117s\u00a0romanas (pirmieji \u2013 \u201eSvajon\u0117 apie snieg\u0105\u201c, 2013; \u201eLai\u0161kai\u201c, 2013; \u201eGunda\u201c, 2015). \u0160iame romane i\u0161tikimi skaitytojai atpa\u017eins pirmosios knygos atgarsius, o tie, kurie tik dabar atras savito brai\u017eo ir lengvos plunksnos autor\u0119, skaitys Magijos istorij\u0105 kaip visai nauj\u0105, savaranki\u0161k\u0105, stiprius persona\u017eus ir atskir\u0105 vertybi\u0173 sistem\u0105 atskleid\u017eiant\u012f k\u016brin\u012f. Tai istorija apie \u0161eim\u0105, kurioje mamos \u0161velnum\u0105 turi atstoti t\u0117vo atsidavimas. Knyga patraukia tuo, kuo \u017eavi ir visa autor\u0117s k\u016bryba, \u2013 nesumeluotu \u017emogi\u0161kumu. Romano veik\u0117jai \u2013 abejojantys, klystantys, \u201enenu\u0161lifuoti\u201c ir parodomi su visais savo tr\u016bkumais. Ta\u010diau, nors ir klupdami, jie renkasi patirti, jausti ir gyventi. &#8230;Kenis Ravnas, lik\u0119s vienas su dukra Magija, atsisako darbo didel\u0117je Oslo ligonin\u0117je ir persikelia \u012f Svalbard\u0105 \u2013 atokios salos ramyb\u0117, at\u0161iaurus klimatas, savitas \u017emoni\u0173 gyvenimo b\u016bdas padeda jam u\u017esimir\u0161ti. Ka\u017ekada ne\u012fsteng\u0119s i\u0161gelb\u0117ti \u017emonos, jis atsiduoda Magijai ir nuo\u0161aliame miestelyje kuria naujus santykius, kovoja su stereotipais, \u017emoni\u0173 abejingumu. Knygos veik\u0117jai vis i\u0161 naujo ie\u0161ko sav\u0119s ir da\u017enai per skausmingus i\u0161gyvenimus pama\u017eu atsiskleid\u017eia tolesn\u0117 j\u0173 gyvenimo kryptis. Perspektyvus gydytojas vis d\u0117lto ketina gr\u012f\u017eti \u012f miest\u0105, ta\u010diau, atrodo, jo planams lemta sudu\u017eti \u2013 tolimo Norvegijos kampelio gyvenimas \u012f savo ritm\u0105 \u012ftraukia jo dukter\u012f.<\/p>\n","protected":false},"featured_media":2377,"comment_status":"closed","ping_status":"closed","template":"","meta":{"_acf_changed":false,"site-sidebar-layout":"default","site-content-layout":"","ast-site-content-layout":"default","site-content-style":"default","site-sidebar-style":"default","ast-global-header-display":"","ast-banner-title-visibility":"","ast-main-header-display":"","ast-hfb-above-header-display":"","ast-hfb-below-header-display":"","ast-hfb-mobile-header-display":"","site-post-title":"","ast-breadcrumbs-content":"","ast-featured-img":"","footer-sml-layout":"","ast-disable-related-posts":"","theme-transparent-header-meta":"","adv-header-id-meta":"","stick-header-meta":"","header-above-stick-meta":"","header-main-stick-meta":"","header-below-stick-meta":"","astra-migrate-meta-layouts":"default","ast-page-background-enabled":"default","ast-page-background-meta":{"desktop":{"background-color":"","background-image":"","background-repeat":"repeat","background-position":"center center","background-size":"auto","background-attachment":"scroll","background-type":"","background-media":"","overlay-type":"","overlay-color":"","overlay-opacity":"","overlay-gradient":""},"tablet":{"background-color":"","background-image":"","background-repeat":"repeat","background-position":"center center","background-size":"auto","background-attachment":"scroll","background-type":"","background-media":"","overlay-type":"","overlay-color":"","overlay-opacity":"","overlay-gradient":""},"mobile":{"background-color":"","background-image":"","background-repeat":"repeat","background-position":"center center","background-size":"auto","background-attachment":"scroll","background-type":"","background-media":"","overlay-type":"","overlay-color":"","overlay-opacity":"","overlay-gradient":""}},"ast-content-background-meta":{"desktop":{"background-color":"var(--ast-global-color-4)","background-image":"","background-repeat":"repeat","background-position":"center center","background-size":"auto","background-attachment":"scroll","background-type":"","background-media":"","overlay-type":"","overlay-color":"","overlay-opacity":"","overlay-gradient":""},"tablet":{"background-color":"var(--ast-global-color-4)","background-image":"","background-repeat":"repeat","background-position":"center center","background-size":"auto","background-attachment":"scroll","background-type":"","background-media":"","overlay-type":"","overlay-color":"","overlay-opacity":"","overlay-gradient":""},"mobile":{"background-color":"var(--ast-global-color-4)","background-image":"","background-repeat":"repeat","background-position":"center center","background-size":"auto","background-attachment":"scroll","background-type":"","background-media":"","overlay-type":"","overlay-color":"","overlay-opacity":"","overlay-gradient":""}}},"product_brand":[],"product_cat":[31],"product_tag":[],"class_list":{"0":"post-2341","1":"product","2":"type-product","3":"status-publish","4":"has-post-thumbnail","6":"product_cat-grozine-literatura","7":"desktop-align-left","8":"tablet-align-left","9":"mobile-align-left","11":"first","12":"instock","13":"shipping-taxable","14":"purchasable","15":"product-type-simple"},"acf":[],"yoast_head":"<!-- This site is optimized with the Yoast SEO plugin v27.0 - https:\/\/yoast.com\/product\/yoast-seo-wordpress\/ -->\n<title>R. Mataityt\u0117 \u201eJos vardas Magija\u201c - Skaitytaknyga<\/title>\n<meta name=\"description\" content=\"\u201eJos vardas Magija\u201c\u00a0\u2013 ketvirtasis\u00a0R\u016btos Mataityt\u0117s\u00a0romanas (pirmieji \u2013 \u201eSvajon\u0117 apie snieg\u0105\u201c, 2013; \u201eLai\u0161kai\u201c, 2013; \u201eGunda\u201c, 2015). \u0160iame romane i\u0161tikimi\" \/>\n<meta name=\"robots\" content=\"index, follow, max-snippet:-1, max-image-preview:large, max-video-preview:-1\" \/>\n<link rel=\"canonical\" href=\"https:\/\/skaitytaknyga.lt\/en\/produktas\/r-mataityte-jos-vardas-magija\/\" \/>\n<meta property=\"og:locale\" content=\"en_GB\" \/>\n<meta property=\"og:locale:alternate\" content=\"lt_LT\" \/>\n<meta property=\"og:type\" content=\"article\" \/>\n<meta property=\"og:title\" content=\"R. Mataityt\u0117 \u201eJos vardas Magija\u201c - Skaitytaknyga\" \/>\n<meta property=\"og:description\" content=\"\u201eJos vardas Magija\u201c\u00a0\u2013 ketvirtasis\u00a0R\u016btos Mataityt\u0117s\u00a0romanas (pirmieji \u2013 \u201eSvajon\u0117 apie snieg\u0105\u201c, 2013; \u201eLai\u0161kai\u201c, 2013; \u201eGunda\u201c, 2015). \u0160iame romane i\u0161tikimi\" \/>\n<meta property=\"og:url\" content=\"https:\/\/skaitytaknyga.lt\/en\/produktas\/r-mataityte-jos-vardas-magija\/\" \/>\n<meta property=\"og:site_name\" content=\"Skaitytaknyga\" \/>\n<meta property=\"article:publisher\" content=\"https:\/\/www.facebook.com\/skaitytaknyga\/\" \/>\n<meta property=\"article:modified_time\" content=\"2024-05-03T07:14:25+00:00\" \/>\n<meta property=\"og:image\" content=\"https:\/\/skaitytaknyga.lt\/wp-content\/uploads\/2024\/04\/jos-vardas-magija-1.jpg\" \/>\n\t<meta property=\"og:image:width\" content=\"1348\" \/>\n\t<meta property=\"og:image:height\" content=\"2022\" \/>\n\t<meta property=\"og:image:type\" content=\"image\/jpeg\" \/>\n<meta name=\"twitter:card\" content=\"summary_large_image\" \/>\n<meta name=\"twitter:label1\" content=\"Estimated reading time\" \/>\n\t<meta name=\"twitter:data1\" content=\"1 minute\" \/>\n<script type=\"application\/ld+json\" class=\"yoast-schema-graph\">{\"@context\":\"https:\/\/schema.org\",\"@graph\":[{\"@type\":\"WebPage\",\"@id\":\"https:\/\/skaitytaknyga.lt\/produktas\/r-mataityte-jos-vardas-magija\/\",\"url\":\"https:\/\/skaitytaknyga.lt\/produktas\/r-mataityte-jos-vardas-magija\/\",\"name\":\"R. Mataityt\u0117 \u201eJos vardas Magija\u201c - Skaitytaknyga\",\"isPartOf\":{\"@id\":\"https:\/\/skaitytaknyga.lt\/#website\"},\"primaryImageOfPage\":{\"@id\":\"https:\/\/skaitytaknyga.lt\/produktas\/r-mataityte-jos-vardas-magija\/#primaryimage\"},\"image\":{\"@id\":\"https:\/\/skaitytaknyga.lt\/produktas\/r-mataityte-jos-vardas-magija\/#primaryimage\"},\"thumbnailUrl\":\"https:\/\/skaitytaknyga.lt\/wp-content\/uploads\/2024\/04\/jos-vardas-magija-1.jpg\",\"datePublished\":\"2024-04-17T13:08:06+00:00\",\"dateModified\":\"2024-05-03T07:14:25+00:00\",\"description\":\"\u201eJos vardas Magija\u201c\u00a0\u2013 ketvirtasis\u00a0R\u016btos Mataityt\u0117s\u00a0romanas (pirmieji \u2013 \u201eSvajon\u0117 apie snieg\u0105\u201c, 2013; \u201eLai\u0161kai\u201c, 2013; \u201eGunda\u201c, 2015). \u0160iame romane i\u0161tikimi\",\"breadcrumb\":{\"@id\":\"https:\/\/skaitytaknyga.lt\/produktas\/r-mataityte-jos-vardas-magija\/#breadcrumb\"},\"inLanguage\":\"en-GB\",\"potentialAction\":[{\"@type\":\"ReadAction\",\"target\":[\"https:\/\/skaitytaknyga.lt\/produktas\/r-mataityte-jos-vardas-magija\/\"]}]},{\"@type\":\"ImageObject\",\"inLanguage\":\"en-GB\",\"@id\":\"https:\/\/skaitytaknyga.lt\/produktas\/r-mataityte-jos-vardas-magija\/#primaryimage\",\"url\":\"https:\/\/skaitytaknyga.lt\/wp-content\/uploads\/2024\/04\/jos-vardas-magija-1.jpg\",\"contentUrl\":\"https:\/\/skaitytaknyga.lt\/wp-content\/uploads\/2024\/04\/jos-vardas-magija-1.jpg\",\"width\":1348,\"height\":2022,\"caption\":\"jos vardas magija 1\"},{\"@type\":\"BreadcrumbList\",\"@id\":\"https:\/\/skaitytaknyga.lt\/produktas\/r-mataityte-jos-vardas-magija\/#breadcrumb\",\"itemListElement\":[{\"@type\":\"ListItem\",\"position\":1,\"name\":\"Home\",\"item\":\"https:\/\/skaitytaknyga.lt\/\"},{\"@type\":\"ListItem\",\"position\":2,\"name\":\"Parduotuv\u0117\",\"item\":\"https:\/\/skaitytaknyga.lt\/knygu-parduotuve\/\"},{\"@type\":\"ListItem\",\"position\":3,\"name\":\"R. Mataityt\u0117 \u201eJos vardas Magija\u201c\"}]},{\"@type\":\"WebSite\",\"@id\":\"https:\/\/skaitytaknyga.lt\/#website\",\"url\":\"https:\/\/skaitytaknyga.lt\/\",\"name\":\"skaitytaknyga.lt\",\"description\":\"Skaitytaknyga.lt \u2013 tai ma\u017eas \u0161eimos verslas, kuris prasid\u0117jo nuo meil\u0117s knygoms ir siekio i\u0161gelb\u0117ti knygas nuo likimo prie konteinerio. Kas vienam nereikalingas daiktas \u2013 kitam lobis, o mes esame tarpininkai, kurie padeda abiems tapti laimingesniems ???? \u017dinome kaip nelengva i\u0161gyventi ma\u017eiems verslams, tad nuo \u0161iol, \u010dia rasite ir kit\u0173, ma\u017e\u0173 \u0161eim\u0173 versl\u0173, rank\u0173 darbo, dovan\u0173 sau ir artimiesiems.\",\"publisher\":{\"@id\":\"https:\/\/skaitytaknyga.lt\/#organization\"},\"potentialAction\":[{\"@type\":\"SearchAction\",\"target\":{\"@type\":\"EntryPoint\",\"urlTemplate\":\"https:\/\/skaitytaknyga.lt\/?s={search_term_string}\"},\"query-input\":{\"@type\":\"PropertyValueSpecification\",\"valueRequired\":true,\"valueName\":\"search_term_string\"}}],\"inLanguage\":\"en-GB\"},{\"@type\":\"Organization\",\"@id\":\"https:\/\/skaitytaknyga.lt\/#organization\",\"name\":\"skaitytaknyga.lt\",\"url\":\"https:\/\/skaitytaknyga.lt\/\",\"logo\":{\"@type\":\"ImageObject\",\"inLanguage\":\"en-GB\",\"@id\":\"https:\/\/skaitytaknyga.lt\/#\/schema\/logo\/image\/\",\"url\":\"https:\/\/skaitytaknyga.lt\/wp-content\/uploads\/2024\/05\/cropped-cropped-cropped-02_00843_jt3bggkj1j3HLc7SyY6rEUpg.jpeg\",\"contentUrl\":\"https:\/\/skaitytaknyga.lt\/wp-content\/uploads\/2024\/05\/cropped-cropped-cropped-02_00843_jt3bggkj1j3HLc7SyY6rEUpg.jpeg\",\"width\":1600,\"height\":1600,\"caption\":\"skaitytaknyga.lt\"},\"image\":{\"@id\":\"https:\/\/skaitytaknyga.lt\/#\/schema\/logo\/image\/\"},\"sameAs\":[\"https:\/\/www.facebook.com\/skaitytaknyga\/\"]}]}<\/script>\n<!-- \/ Yoast SEO plugin. -->","yoast_head_json":{"title":"R. Mataityt\u0117 \u201eJos vardas Magija\u201c - Skaitytaknyga","description":"\u201eJos vardas Magija\u201c\u00a0\u2013 ketvirtasis\u00a0R\u016btos Mataityt\u0117s\u00a0romanas (pirmieji \u2013 \u201eSvajon\u0117 apie snieg\u0105\u201c, 2013; \u201eLai\u0161kai\u201c, 2013; \u201eGunda\u201c, 2015). \u0160iame romane i\u0161tikimi","robots":{"index":"index","follow":"follow","max-snippet":"max-snippet:-1","max-image-preview":"max-image-preview:large","max-video-preview":"max-video-preview:-1"},"canonical":"https:\/\/skaitytaknyga.lt\/en\/produktas\/r-mataityte-jos-vardas-magija\/","og_locale":"en_GB","og_type":"article","og_title":"R. Mataityt\u0117 \u201eJos vardas Magija\u201c - Skaitytaknyga","og_description":"\u201eJos vardas Magija\u201c\u00a0\u2013 ketvirtasis\u00a0R\u016btos Mataityt\u0117s\u00a0romanas (pirmieji \u2013 \u201eSvajon\u0117 apie snieg\u0105\u201c, 2013; \u201eLai\u0161kai\u201c, 2013; \u201eGunda\u201c, 2015). \u0160iame romane i\u0161tikimi","og_url":"https:\/\/skaitytaknyga.lt\/en\/produktas\/r-mataityte-jos-vardas-magija\/","og_site_name":"Skaitytaknyga","article_publisher":"https:\/\/www.facebook.com\/skaitytaknyga\/","article_modified_time":"2024-05-03T07:14:25+00:00","og_image":[{"width":1348,"height":2022,"url":"https:\/\/skaitytaknyga.lt\/wp-content\/uploads\/2024\/04\/jos-vardas-magija-1.jpg","type":"image\/jpeg"}],"twitter_card":"summary_large_image","twitter_misc":{"Estimated reading time":"1 minute"},"schema":{"@context":"https:\/\/schema.org","@graph":[{"@type":"WebPage","@id":"https:\/\/skaitytaknyga.lt\/produktas\/r-mataityte-jos-vardas-magija\/","url":"https:\/\/skaitytaknyga.lt\/produktas\/r-mataityte-jos-vardas-magija\/","name":"R. Mataityt\u0117 \u201eJos vardas Magija\u201c - Skaitytaknyga","isPartOf":{"@id":"https:\/\/skaitytaknyga.lt\/#website"},"primaryImageOfPage":{"@id":"https:\/\/skaitytaknyga.lt\/produktas\/r-mataityte-jos-vardas-magija\/#primaryimage"},"image":{"@id":"https:\/\/skaitytaknyga.lt\/produktas\/r-mataityte-jos-vardas-magija\/#primaryimage"},"thumbnailUrl":"https:\/\/skaitytaknyga.lt\/wp-content\/uploads\/2024\/04\/jos-vardas-magija-1.jpg","datePublished":"2024-04-17T13:08:06+00:00","dateModified":"2024-05-03T07:14:25+00:00","description":"\u201eJos vardas Magija\u201c\u00a0\u2013 ketvirtasis\u00a0R\u016btos Mataityt\u0117s\u00a0romanas (pirmieji \u2013 \u201eSvajon\u0117 apie snieg\u0105\u201c, 2013; \u201eLai\u0161kai\u201c, 2013; \u201eGunda\u201c, 2015). \u0160iame romane i\u0161tikimi","breadcrumb":{"@id":"https:\/\/skaitytaknyga.lt\/produktas\/r-mataityte-jos-vardas-magija\/#breadcrumb"},"inLanguage":"en-GB","potentialAction":[{"@type":"ReadAction","target":["https:\/\/skaitytaknyga.lt\/produktas\/r-mataityte-jos-vardas-magija\/"]}]},{"@type":"ImageObject","inLanguage":"en-GB","@id":"https:\/\/skaitytaknyga.lt\/produktas\/r-mataityte-jos-vardas-magija\/#primaryimage","url":"https:\/\/skaitytaknyga.lt\/wp-content\/uploads\/2024\/04\/jos-vardas-magija-1.jpg","contentUrl":"https:\/\/skaitytaknyga.lt\/wp-content\/uploads\/2024\/04\/jos-vardas-magija-1.jpg","width":1348,"height":2022,"caption":"jos vardas magija 1"},{"@type":"BreadcrumbList","@id":"https:\/\/skaitytaknyga.lt\/produktas\/r-mataityte-jos-vardas-magija\/#breadcrumb","itemListElement":[{"@type":"ListItem","position":1,"name":"Home","item":"https:\/\/skaitytaknyga.lt\/"},{"@type":"ListItem","position":2,"name":"Parduotuv\u0117","item":"https:\/\/skaitytaknyga.lt\/knygu-parduotuve\/"},{"@type":"ListItem","position":3,"name":"R. Mataityt\u0117 \u201eJos vardas Magija\u201c"}]},{"@type":"WebSite","@id":"https:\/\/skaitytaknyga.lt\/#website","url":"https:\/\/skaitytaknyga.lt\/","name":"skaitytaknyga.lt","description":"Skaitytaknyga.lt \u2013 tai ma\u017eas \u0161eimos verslas, kuris prasid\u0117jo nuo meil\u0117s knygoms ir siekio i\u0161gelb\u0117ti knygas nuo likimo prie konteinerio. Kas vienam nereikalingas daiktas \u2013 kitam lobis, o mes esame tarpininkai, kurie padeda abiems tapti laimingesniems ???? \u017dinome kaip nelengva i\u0161gyventi ma\u017eiems verslams, tad nuo \u0161iol, \u010dia rasite ir kit\u0173, ma\u017e\u0173 \u0161eim\u0173 versl\u0173, rank\u0173 darbo, dovan\u0173 sau ir artimiesiems.","publisher":{"@id":"https:\/\/skaitytaknyga.lt\/#organization"},"potentialAction":[{"@type":"SearchAction","target":{"@type":"EntryPoint","urlTemplate":"https:\/\/skaitytaknyga.lt\/?s={search_term_string}"},"query-input":{"@type":"PropertyValueSpecification","valueRequired":true,"valueName":"search_term_string"}}],"inLanguage":"en-GB"},{"@type":"Organization","@id":"https:\/\/skaitytaknyga.lt\/#organization","name":"skaitytaknyga.lt","url":"https:\/\/skaitytaknyga.lt\/","logo":{"@type":"ImageObject","inLanguage":"en-GB","@id":"https:\/\/skaitytaknyga.lt\/#\/schema\/logo\/image\/","url":"https:\/\/skaitytaknyga.lt\/wp-content\/uploads\/2024\/05\/cropped-cropped-cropped-02_00843_jt3bggkj1j3HLc7SyY6rEUpg.jpeg","contentUrl":"https:\/\/skaitytaknyga.lt\/wp-content\/uploads\/2024\/05\/cropped-cropped-cropped-02_00843_jt3bggkj1j3HLc7SyY6rEUpg.jpeg","width":1600,"height":1600,"caption":"skaitytaknyga.lt"},"image":{"@id":"https:\/\/skaitytaknyga.lt\/#\/schema\/logo\/image\/"},"sameAs":["https:\/\/www.facebook.com\/skaitytaknyga\/"]}]}},"_links":{"self":[{"href":"https:\/\/skaitytaknyga.lt\/en\/wp-json\/wp\/v2\/product\/2341","targetHints":{"allow":["GET"]}}],"collection":[{"href":"https:\/\/skaitytaknyga.lt\/en\/wp-json\/wp\/v2\/product"}],"about":[{"href":"https:\/\/skaitytaknyga.lt\/en\/wp-json\/wp\/v2\/types\/product"}],"replies":[{"embeddable":true,"href":"https:\/\/skaitytaknyga.lt\/en\/wp-json\/wp\/v2\/comments?post=2341"}],"wp:featuredmedia":[{"embeddable":true,"href":"https:\/\/skaitytaknyga.lt\/en\/wp-json\/wp\/v2\/media\/2377"}],"wp:attachment":[{"href":"https:\/\/skaitytaknyga.lt\/en\/wp-json\/wp\/v2\/media?parent=2341"}],"wp:term":[{"taxonomy":"product_brand","embeddable":true,"href":"https:\/\/skaitytaknyga.lt\/en\/wp-json\/wp\/v2\/product_brand?post=2341"},{"taxonomy":"product_cat","embeddable":true,"href":"https:\/\/skaitytaknyga.lt\/en\/wp-json\/wp\/v2\/product_cat?post=2341"},{"taxonomy":"product_tag","embeddable":true,"href":"https:\/\/skaitytaknyga.lt\/en\/wp-json\/wp\/v2\/product_tag?post=2341"}],"curies":[{"name":"wp","href":"https:\/\/api.w.org\/{rel}","templated":true}]}}