{"id":2340,"date":"2024-04-17T13:08:06","date_gmt":"2024-04-17T13:08:06","guid":{"rendered":"https:\/\/skaitytaknyga.lt\/?post_type=product&#038;p=2340"},"modified":"2024-05-03T07:14:25","modified_gmt":"2024-05-03T07:14:25","slug":"s-m-kidd-undines-kreslas","status":"publish","type":"product","link":"https:\/\/skaitytaknyga.lt\/en\/produktas\/s-m-kidd-undines-kreslas\/","title":{"rendered":"S.M. Kidd \u201eUndin\u0117s kr\u0117slas\u201c"},"content":{"rendered":"<p>Balt\u0173j\u0173 garni\u0173 saloje, benediktin\u0173 vienuolyno ba\u017eny\u010dioje stovi nepaprasto gro\u017eio kr\u0117slas, i\u0161puo\u0161tas dro\u017ein\u0117tomis undin\u0117mis ir skirtas \u0161ventajai, kuri, pasak legendos, buvo undin\u0117.<\/p>\n<p>\u012e \u0161i\u0105 sal\u0105 vien\u0105 dien\u0105 gr\u012f\u017eta D\u017ees\u0117, tolimame mieste palikusi \u012fprast\u0105 gyvenim\u0105 ir mylim\u0105 vyr\u0105 su dukra. Ji atvyksta slaugyti \u010dia gyvenan\u010dios motinos, d\u0117l neai\u0161ki\u0173 prie\u017eas\u010di\u0173 nusikirtusios pir\u0161t\u0105.<\/p>\n<p>Saloje D\u017ees\u0117 artimiau susipa\u017e\u012fsta su nepakartojamomis motinos draug\u0117mis \u2013 triuk\u0161ming\u0105ja parduotuv\u0117s savininke kete bei oria verg\u0173 istorijos kronininke Hepsiba, ir vienuoliu broliu Tomu, besiruo\u0161ian\u010diu duoti am\u017einuosius \u012f\u017eadus. Iki tol buv\u0119s ramus ir niekuo nei\u0161siskiriantis D\u017ees\u0117s gyvenimas ima virsti auk\u0161tyn kojom&#8230;<\/p>\n<p>Atgyja ne tik seni vaikyst\u0117s prisiminimai apie t\u0117vo mirt\u012f, bet ir ilgai sl\u0117ptos svajon\u0117s bei tro\u0161kimai. D\u017ees\u0117 netik\u0117tai pajunta stipr\u0173 geism\u0105 \u017eaviam b\u016bsimajam vienuoliui Tomui ir ima ilg\u0117tis laisv\u0117s, kurios niekuomet netur\u0117jo. Ma\u017ea to, niekada negal\u0117jusi suprasti, kod\u0117l motina taip ir neatsigavo po t\u0117vo mirties, pradeda \u012ftarti, kad \u0161i slepia ka\u017ekoki\u0105 paslapt\u012f.<\/p>\n<p>Tai labai emocinga knyga, kupina aistros ir magi\u0161k\u0173 salos gyvenimo apra\u0161ym\u0173.<\/p>\n","protected":false},"excerpt":{"rendered":"<p>Balt\u0173j\u0173 garni\u0173 saloje, benediktin\u0173 vienuolyno ba\u017eny\u010dioje stovi nepaprasto gro\u017eio kr\u0117slas, i\u0161puo\u0161tas dro\u017ein\u0117tomis undin\u0117mis ir skirtas \u0161ventajai, kuri, pasak legendos, buvo undin\u0117. \u012e \u0161i\u0105 sal\u0105 vien\u0105 dien\u0105 gr\u012f\u017eta D\u017ees\u0117, tolimame mieste palikusi \u012fprast\u0105 gyvenim\u0105 ir mylim\u0105 vyr\u0105 su dukra. Ji atvyksta slaugyti \u010dia gyvenan\u010dios motinos, d\u0117l neai\u0161ki\u0173 prie\u017eas\u010di\u0173 nusikirtusios pir\u0161t\u0105. Saloje D\u017ees\u0117 artimiau susipa\u017e\u012fsta su nepakartojamomis motinos draug\u0117mis \u2013 triuk\u0161ming\u0105ja parduotuv\u0117s savininke kete bei oria verg\u0173 istorijos kronininke Hepsiba, ir vienuoliu broliu Tomu, besiruo\u0161ian\u010diu duoti am\u017einuosius \u012f\u017eadus. Iki tol buv\u0119s ramus ir niekuo nei\u0161siskiriantis D\u017ees\u0117s gyvenimas ima virsti auk\u0161tyn kojom&#8230; Atgyja ne tik seni vaikyst\u0117s prisiminimai apie t\u0117vo mirt\u012f, bet ir ilgai sl\u0117ptos svajon\u0117s bei tro\u0161kimai. D\u017ees\u0117 netik\u0117tai pajunta stipr\u0173 geism\u0105 \u017eaviam b\u016bsimajam vienuoliui Tomui ir ima ilg\u0117tis laisv\u0117s, kurios niekuomet netur\u0117jo. Ma\u017ea to, niekada negal\u0117jusi suprasti, kod\u0117l motina taip ir neatsigavo po t\u0117vo mirties, pradeda \u012ftarti, kad \u0161i slepia ka\u017ekoki\u0105 paslapt\u012f. Tai labai emocinga knyga, kupina aistros ir magi\u0161k\u0173 salos gyvenimo apra\u0161ym\u0173.<\/p>\n","protected":false},"featured_media":2376,"comment_status":"closed","ping_status":"closed","template":"","meta":{"_acf_changed":false,"site-sidebar-layout":"default","site-content-layout":"","ast-site-content-layout":"default","site-content-style":"default","site-sidebar-style":"default","ast-global-header-display":"","ast-banner-title-visibility":"","ast-main-header-display":"","ast-hfb-above-header-display":"","ast-hfb-below-header-display":"","ast-hfb-mobile-header-display":"","site-post-title":"","ast-breadcrumbs-content":"","ast-featured-img":"","footer-sml-layout":"","ast-disable-related-posts":"","theme-transparent-header-meta":"","adv-header-id-meta":"","stick-header-meta":"","header-above-stick-meta":"","header-main-stick-meta":"","header-below-stick-meta":"","astra-migrate-meta-layouts":"default","ast-page-background-enabled":"default","ast-page-background-meta":{"desktop":{"background-color":"","background-image":"","background-repeat":"repeat","background-position":"center center","background-size":"auto","background-attachment":"scroll","background-type":"","background-media":"","overlay-type":"","overlay-color":"","overlay-opacity":"","overlay-gradient":""},"tablet":{"background-color":"","background-image":"","background-repeat":"repeat","background-position":"center center","background-size":"auto","background-attachment":"scroll","background-type":"","background-media":"","overlay-type":"","overlay-color":"","overlay-opacity":"","overlay-gradient":""},"mobile":{"background-color":"","background-image":"","background-repeat":"repeat","background-position":"center center","background-size":"auto","background-attachment":"scroll","background-type":"","background-media":"","overlay-type":"","overlay-color":"","overlay-opacity":"","overlay-gradient":""}},"ast-content-background-meta":{"desktop":{"background-color":"var(--ast-global-color-4)","background-image":"","background-repeat":"repeat","background-position":"center center","background-size":"auto","background-attachment":"scroll","background-type":"","background-media":"","overlay-type":"","overlay-color":"","overlay-opacity":"","overlay-gradient":""},"tablet":{"background-color":"var(--ast-global-color-4)","background-image":"","background-repeat":"repeat","background-position":"center center","background-size":"auto","background-attachment":"scroll","background-type":"","background-media":"","overlay-type":"","overlay-color":"","overlay-opacity":"","overlay-gradient":""},"mobile":{"background-color":"var(--ast-global-color-4)","background-image":"","background-repeat":"repeat","background-position":"center center","background-size":"auto","background-attachment":"scroll","background-type":"","background-media":"","overlay-type":"","overlay-color":"","overlay-opacity":"","overlay-gradient":""}}},"product_brand":[],"product_cat":[31],"product_tag":[],"class_list":{"0":"post-2340","1":"product","2":"type-product","3":"status-publish","4":"has-post-thumbnail","6":"product_cat-grozine-literatura","7":"desktop-align-left","8":"tablet-align-left","9":"mobile-align-left","11":"first","12":"instock","13":"shipping-taxable","14":"purchasable","15":"product-type-simple"},"acf":[],"yoast_head":"<!-- This site is optimized with the Yoast SEO plugin v27.0 - https:\/\/yoast.com\/product\/yoast-seo-wordpress\/ -->\n<title>S.M. Kidd \u201eUndin\u0117s kr\u0117slas\u201c - Skaitytaknyga<\/title>\n<meta name=\"description\" content=\"Balt\u0173j\u0173 garni\u0173 saloje, benediktin\u0173 vienuolyno ba\u017eny\u010dioje stovi nepaprasto gro\u017eio kr\u0117slas, i\u0161puo\u0161tas dro\u017ein\u0117tomis undin\u0117mis ir skirtas \u0161ventajai, kuri,\" \/>\n<meta name=\"robots\" content=\"index, follow, max-snippet:-1, max-image-preview:large, max-video-preview:-1\" \/>\n<link rel=\"canonical\" href=\"https:\/\/skaitytaknyga.lt\/en\/produktas\/s-m-kidd-undines-kreslas\/\" \/>\n<meta property=\"og:locale\" content=\"en_GB\" \/>\n<meta property=\"og:locale:alternate\" content=\"lt_LT\" \/>\n<meta property=\"og:type\" content=\"article\" \/>\n<meta property=\"og:title\" content=\"S.M. Kidd \u201eUndin\u0117s kr\u0117slas\u201c - Skaitytaknyga\" \/>\n<meta property=\"og:description\" content=\"Balt\u0173j\u0173 garni\u0173 saloje, benediktin\u0173 vienuolyno ba\u017eny\u010dioje stovi nepaprasto gro\u017eio kr\u0117slas, i\u0161puo\u0161tas dro\u017ein\u0117tomis undin\u0117mis ir skirtas \u0161ventajai, kuri,\" \/>\n<meta property=\"og:url\" content=\"https:\/\/skaitytaknyga.lt\/en\/produktas\/s-m-kidd-undines-kreslas\/\" \/>\n<meta property=\"og:site_name\" content=\"Skaitytaknyga\" \/>\n<meta property=\"article:publisher\" content=\"https:\/\/www.facebook.com\/skaitytaknyga\/\" \/>\n<meta property=\"article:modified_time\" content=\"2024-05-03T07:14:25+00:00\" \/>\n<meta property=\"og:image\" content=\"https:\/\/skaitytaknyga.lt\/wp-content\/uploads\/2024\/04\/000000000001102211-59de844356aed-asset-knyguklubas-cdb_undines_kreslas_p1.jpg\" \/>\n\t<meta property=\"og:image:width\" content=\"285\" \/>\n\t<meta property=\"og:image:height\" content=\"428\" \/>\n\t<meta property=\"og:image:type\" content=\"image\/jpeg\" \/>\n<meta name=\"twitter:card\" content=\"summary_large_image\" \/>\n<meta name=\"twitter:label1\" content=\"Estimated reading time\" \/>\n\t<meta name=\"twitter:data1\" content=\"1 minute\" \/>\n<script type=\"application\/ld+json\" class=\"yoast-schema-graph\">{\"@context\":\"https:\/\/schema.org\",\"@graph\":[{\"@type\":\"WebPage\",\"@id\":\"https:\/\/skaitytaknyga.lt\/produktas\/s-m-kidd-undines-kreslas\/\",\"url\":\"https:\/\/skaitytaknyga.lt\/produktas\/s-m-kidd-undines-kreslas\/\",\"name\":\"S.M. Kidd \u201eUndin\u0117s kr\u0117slas\u201c - Skaitytaknyga\",\"isPartOf\":{\"@id\":\"https:\/\/skaitytaknyga.lt\/#website\"},\"primaryImageOfPage\":{\"@id\":\"https:\/\/skaitytaknyga.lt\/produktas\/s-m-kidd-undines-kreslas\/#primaryimage\"},\"image\":{\"@id\":\"https:\/\/skaitytaknyga.lt\/produktas\/s-m-kidd-undines-kreslas\/#primaryimage\"},\"thumbnailUrl\":\"https:\/\/skaitytaknyga.lt\/wp-content\/uploads\/2024\/04\/000000000001102211-59de844356aed-asset-knyguklubas-cdb_undines_kreslas_p1.jpg\",\"datePublished\":\"2024-04-17T13:08:06+00:00\",\"dateModified\":\"2024-05-03T07:14:25+00:00\",\"description\":\"Balt\u0173j\u0173 garni\u0173 saloje, benediktin\u0173 vienuolyno ba\u017eny\u010dioje stovi nepaprasto gro\u017eio kr\u0117slas, i\u0161puo\u0161tas dro\u017ein\u0117tomis undin\u0117mis ir skirtas \u0161ventajai, kuri,\",\"breadcrumb\":{\"@id\":\"https:\/\/skaitytaknyga.lt\/produktas\/s-m-kidd-undines-kreslas\/#breadcrumb\"},\"inLanguage\":\"en-GB\",\"potentialAction\":[{\"@type\":\"ReadAction\",\"target\":[\"https:\/\/skaitytaknyga.lt\/produktas\/s-m-kidd-undines-kreslas\/\"]}]},{\"@type\":\"ImageObject\",\"inLanguage\":\"en-GB\",\"@id\":\"https:\/\/skaitytaknyga.lt\/produktas\/s-m-kidd-undines-kreslas\/#primaryimage\",\"url\":\"https:\/\/skaitytaknyga.lt\/wp-content\/uploads\/2024\/04\/000000000001102211-59de844356aed-asset-knyguklubas-cdb_undines_kreslas_p1.jpg\",\"contentUrl\":\"https:\/\/skaitytaknyga.lt\/wp-content\/uploads\/2024\/04\/000000000001102211-59de844356aed-asset-knyguklubas-cdb_undines_kreslas_p1.jpg\",\"width\":285,\"height\":428,\"caption\":\"000000000001102211 59de844356aed asset knyguklubas cdb undines kreslas p1\"},{\"@type\":\"BreadcrumbList\",\"@id\":\"https:\/\/skaitytaknyga.lt\/produktas\/s-m-kidd-undines-kreslas\/#breadcrumb\",\"itemListElement\":[{\"@type\":\"ListItem\",\"position\":1,\"name\":\"Home\",\"item\":\"https:\/\/skaitytaknyga.lt\/\"},{\"@type\":\"ListItem\",\"position\":2,\"name\":\"Parduotuv\u0117\",\"item\":\"https:\/\/skaitytaknyga.lt\/knygu-parduotuve\/\"},{\"@type\":\"ListItem\",\"position\":3,\"name\":\"S.M. Kidd \u201eUndin\u0117s kr\u0117slas\u201c\"}]},{\"@type\":\"WebSite\",\"@id\":\"https:\/\/skaitytaknyga.lt\/#website\",\"url\":\"https:\/\/skaitytaknyga.lt\/\",\"name\":\"skaitytaknyga.lt\",\"description\":\"Skaitytaknyga.lt \u2013 tai ma\u017eas \u0161eimos verslas, kuris prasid\u0117jo nuo meil\u0117s knygoms ir siekio i\u0161gelb\u0117ti knygas nuo likimo prie konteinerio. Kas vienam nereikalingas daiktas \u2013 kitam lobis, o mes esame tarpininkai, kurie padeda abiems tapti laimingesniems ???? \u017dinome kaip nelengva i\u0161gyventi ma\u017eiems verslams, tad nuo \u0161iol, \u010dia rasite ir kit\u0173, ma\u017e\u0173 \u0161eim\u0173 versl\u0173, rank\u0173 darbo, dovan\u0173 sau ir artimiesiems.\",\"publisher\":{\"@id\":\"https:\/\/skaitytaknyga.lt\/#organization\"},\"potentialAction\":[{\"@type\":\"SearchAction\",\"target\":{\"@type\":\"EntryPoint\",\"urlTemplate\":\"https:\/\/skaitytaknyga.lt\/?s={search_term_string}\"},\"query-input\":{\"@type\":\"PropertyValueSpecification\",\"valueRequired\":true,\"valueName\":\"search_term_string\"}}],\"inLanguage\":\"en-GB\"},{\"@type\":\"Organization\",\"@id\":\"https:\/\/skaitytaknyga.lt\/#organization\",\"name\":\"skaitytaknyga.lt\",\"url\":\"https:\/\/skaitytaknyga.lt\/\",\"logo\":{\"@type\":\"ImageObject\",\"inLanguage\":\"en-GB\",\"@id\":\"https:\/\/skaitytaknyga.lt\/#\/schema\/logo\/image\/\",\"url\":\"https:\/\/skaitytaknyga.lt\/wp-content\/uploads\/2024\/05\/cropped-cropped-cropped-02_00843_jt3bggkj1j3HLc7SyY6rEUpg.jpeg\",\"contentUrl\":\"https:\/\/skaitytaknyga.lt\/wp-content\/uploads\/2024\/05\/cropped-cropped-cropped-02_00843_jt3bggkj1j3HLc7SyY6rEUpg.jpeg\",\"width\":1600,\"height\":1600,\"caption\":\"skaitytaknyga.lt\"},\"image\":{\"@id\":\"https:\/\/skaitytaknyga.lt\/#\/schema\/logo\/image\/\"},\"sameAs\":[\"https:\/\/www.facebook.com\/skaitytaknyga\/\"]}]}<\/script>\n<!-- \/ Yoast SEO plugin. -->","yoast_head_json":{"title":"S.M. Kidd \u201eUndin\u0117s kr\u0117slas\u201c - Skaitytaknyga","description":"Balt\u0173j\u0173 garni\u0173 saloje, benediktin\u0173 vienuolyno ba\u017eny\u010dioje stovi nepaprasto gro\u017eio kr\u0117slas, i\u0161puo\u0161tas dro\u017ein\u0117tomis undin\u0117mis ir skirtas \u0161ventajai, kuri,","robots":{"index":"index","follow":"follow","max-snippet":"max-snippet:-1","max-image-preview":"max-image-preview:large","max-video-preview":"max-video-preview:-1"},"canonical":"https:\/\/skaitytaknyga.lt\/en\/produktas\/s-m-kidd-undines-kreslas\/","og_locale":"en_GB","og_type":"article","og_title":"S.M. Kidd \u201eUndin\u0117s kr\u0117slas\u201c - Skaitytaknyga","og_description":"Balt\u0173j\u0173 garni\u0173 saloje, benediktin\u0173 vienuolyno ba\u017eny\u010dioje stovi nepaprasto gro\u017eio kr\u0117slas, i\u0161puo\u0161tas dro\u017ein\u0117tomis undin\u0117mis ir skirtas \u0161ventajai, kuri,","og_url":"https:\/\/skaitytaknyga.lt\/en\/produktas\/s-m-kidd-undines-kreslas\/","og_site_name":"Skaitytaknyga","article_publisher":"https:\/\/www.facebook.com\/skaitytaknyga\/","article_modified_time":"2024-05-03T07:14:25+00:00","og_image":[{"width":285,"height":428,"url":"https:\/\/skaitytaknyga.lt\/wp-content\/uploads\/2024\/04\/000000000001102211-59de844356aed-asset-knyguklubas-cdb_undines_kreslas_p1.jpg","type":"image\/jpeg"}],"twitter_card":"summary_large_image","twitter_misc":{"Estimated reading time":"1 minute"},"schema":{"@context":"https:\/\/schema.org","@graph":[{"@type":"WebPage","@id":"https:\/\/skaitytaknyga.lt\/produktas\/s-m-kidd-undines-kreslas\/","url":"https:\/\/skaitytaknyga.lt\/produktas\/s-m-kidd-undines-kreslas\/","name":"S.M. Kidd \u201eUndin\u0117s kr\u0117slas\u201c - Skaitytaknyga","isPartOf":{"@id":"https:\/\/skaitytaknyga.lt\/#website"},"primaryImageOfPage":{"@id":"https:\/\/skaitytaknyga.lt\/produktas\/s-m-kidd-undines-kreslas\/#primaryimage"},"image":{"@id":"https:\/\/skaitytaknyga.lt\/produktas\/s-m-kidd-undines-kreslas\/#primaryimage"},"thumbnailUrl":"https:\/\/skaitytaknyga.lt\/wp-content\/uploads\/2024\/04\/000000000001102211-59de844356aed-asset-knyguklubas-cdb_undines_kreslas_p1.jpg","datePublished":"2024-04-17T13:08:06+00:00","dateModified":"2024-05-03T07:14:25+00:00","description":"Balt\u0173j\u0173 garni\u0173 saloje, benediktin\u0173 vienuolyno ba\u017eny\u010dioje stovi nepaprasto gro\u017eio kr\u0117slas, i\u0161puo\u0161tas dro\u017ein\u0117tomis undin\u0117mis ir skirtas \u0161ventajai, kuri,","breadcrumb":{"@id":"https:\/\/skaitytaknyga.lt\/produktas\/s-m-kidd-undines-kreslas\/#breadcrumb"},"inLanguage":"en-GB","potentialAction":[{"@type":"ReadAction","target":["https:\/\/skaitytaknyga.lt\/produktas\/s-m-kidd-undines-kreslas\/"]}]},{"@type":"ImageObject","inLanguage":"en-GB","@id":"https:\/\/skaitytaknyga.lt\/produktas\/s-m-kidd-undines-kreslas\/#primaryimage","url":"https:\/\/skaitytaknyga.lt\/wp-content\/uploads\/2024\/04\/000000000001102211-59de844356aed-asset-knyguklubas-cdb_undines_kreslas_p1.jpg","contentUrl":"https:\/\/skaitytaknyga.lt\/wp-content\/uploads\/2024\/04\/000000000001102211-59de844356aed-asset-knyguklubas-cdb_undines_kreslas_p1.jpg","width":285,"height":428,"caption":"000000000001102211 59de844356aed asset knyguklubas cdb undines kreslas p1"},{"@type":"BreadcrumbList","@id":"https:\/\/skaitytaknyga.lt\/produktas\/s-m-kidd-undines-kreslas\/#breadcrumb","itemListElement":[{"@type":"ListItem","position":1,"name":"Home","item":"https:\/\/skaitytaknyga.lt\/"},{"@type":"ListItem","position":2,"name":"Parduotuv\u0117","item":"https:\/\/skaitytaknyga.lt\/knygu-parduotuve\/"},{"@type":"ListItem","position":3,"name":"S.M. Kidd \u201eUndin\u0117s kr\u0117slas\u201c"}]},{"@type":"WebSite","@id":"https:\/\/skaitytaknyga.lt\/#website","url":"https:\/\/skaitytaknyga.lt\/","name":"skaitytaknyga.lt","description":"Skaitytaknyga.lt \u2013 tai ma\u017eas \u0161eimos verslas, kuris prasid\u0117jo nuo meil\u0117s knygoms ir siekio i\u0161gelb\u0117ti knygas nuo likimo prie konteinerio. Kas vienam nereikalingas daiktas \u2013 kitam lobis, o mes esame tarpininkai, kurie padeda abiems tapti laimingesniems ???? \u017dinome kaip nelengva i\u0161gyventi ma\u017eiems verslams, tad nuo \u0161iol, \u010dia rasite ir kit\u0173, ma\u017e\u0173 \u0161eim\u0173 versl\u0173, rank\u0173 darbo, dovan\u0173 sau ir artimiesiems.","publisher":{"@id":"https:\/\/skaitytaknyga.lt\/#organization"},"potentialAction":[{"@type":"SearchAction","target":{"@type":"EntryPoint","urlTemplate":"https:\/\/skaitytaknyga.lt\/?s={search_term_string}"},"query-input":{"@type":"PropertyValueSpecification","valueRequired":true,"valueName":"search_term_string"}}],"inLanguage":"en-GB"},{"@type":"Organization","@id":"https:\/\/skaitytaknyga.lt\/#organization","name":"skaitytaknyga.lt","url":"https:\/\/skaitytaknyga.lt\/","logo":{"@type":"ImageObject","inLanguage":"en-GB","@id":"https:\/\/skaitytaknyga.lt\/#\/schema\/logo\/image\/","url":"https:\/\/skaitytaknyga.lt\/wp-content\/uploads\/2024\/05\/cropped-cropped-cropped-02_00843_jt3bggkj1j3HLc7SyY6rEUpg.jpeg","contentUrl":"https:\/\/skaitytaknyga.lt\/wp-content\/uploads\/2024\/05\/cropped-cropped-cropped-02_00843_jt3bggkj1j3HLc7SyY6rEUpg.jpeg","width":1600,"height":1600,"caption":"skaitytaknyga.lt"},"image":{"@id":"https:\/\/skaitytaknyga.lt\/#\/schema\/logo\/image\/"},"sameAs":["https:\/\/www.facebook.com\/skaitytaknyga\/"]}]}},"_links":{"self":[{"href":"https:\/\/skaitytaknyga.lt\/en\/wp-json\/wp\/v2\/product\/2340","targetHints":{"allow":["GET"]}}],"collection":[{"href":"https:\/\/skaitytaknyga.lt\/en\/wp-json\/wp\/v2\/product"}],"about":[{"href":"https:\/\/skaitytaknyga.lt\/en\/wp-json\/wp\/v2\/types\/product"}],"replies":[{"embeddable":true,"href":"https:\/\/skaitytaknyga.lt\/en\/wp-json\/wp\/v2\/comments?post=2340"}],"wp:featuredmedia":[{"embeddable":true,"href":"https:\/\/skaitytaknyga.lt\/en\/wp-json\/wp\/v2\/media\/2376"}],"wp:attachment":[{"href":"https:\/\/skaitytaknyga.lt\/en\/wp-json\/wp\/v2\/media?parent=2340"}],"wp:term":[{"taxonomy":"product_brand","embeddable":true,"href":"https:\/\/skaitytaknyga.lt\/en\/wp-json\/wp\/v2\/product_brand?post=2340"},{"taxonomy":"product_cat","embeddable":true,"href":"https:\/\/skaitytaknyga.lt\/en\/wp-json\/wp\/v2\/product_cat?post=2340"},{"taxonomy":"product_tag","embeddable":true,"href":"https:\/\/skaitytaknyga.lt\/en\/wp-json\/wp\/v2\/product_tag?post=2340"}],"curies":[{"name":"wp","href":"https:\/\/api.w.org\/{rel}","templated":true}]}}