{"id":2339,"date":"2024-04-17T13:08:06","date_gmt":"2024-04-17T13:08:06","guid":{"rendered":"https:\/\/skaitytaknyga.lt\/?post_type=product&#038;p=2339"},"modified":"2024-05-03T07:14:25","modified_gmt":"2024-05-03T07:14:25","slug":"alexander-mccall-smith-kalahario-rastvedybos-mokykla-vyrams","status":"publish","type":"product","link":"https:\/\/skaitytaknyga.lt\/en\/produktas\/alexander-mccall-smith-kalahario-rastvedybos-mokykla-vyrams\/","title":{"rendered":"Alexander McCall Smith \u201eKalahario ra\u0161tvedybos mokykla vyrams\u201c"},"content":{"rendered":"<p>Tai ketvirtoji knyga i\u0161 labai populiarios Alexanderio McCallo Smitho serijos apie \u201ePirm\u0105j\u0105 moter\u0173 sekli\u0173 agent\u016br\u0105\u201c.<\/p>\n<p>Pasibaigus \u012fvykiams, apra\u0161ytiems \u201ePamokymuose gra\u017eioms moterims\u201c, mes v\u0117l sutinkame Pre\u0161ijoz\u0105 Ramotsv\u0119, vadovaujan\u010di\u0105 savo agent\u016brai i\u0161 patalp\u0173, priklausan\u010di\u0173 jos su\u017ead\u0117tiniui, ponui J. L. B. Matekoniui. Reik\u0117t\u0173 prad\u0117ti planuoti vestuves \u2013 bet kada jie susituoks ir ar i\u0161vis besusituoks?<\/p>\n<p>Mma Ramotsv\u0117 tiria naujas sud\u0117tingas bylas, kaip visada talentingai ai\u0161kindamasi klient\u0173 reikalus. Tiesa, pad\u0117tis kiek komplikuojasi, kai jos pad\u0117j\u0117ja, gabioji mma Makutsi sugalvoja i\u0161pl\u0117sti versl\u0105 ir atidaryti \u201eKalahario ra\u0161tvedybos mokykl\u0105 vyrams\u201c.<\/p>\n","protected":false},"excerpt":{"rendered":"<p>Tai ketvirtoji knyga i\u0161 labai populiarios Alexanderio McCallo Smitho serijos apie \u201ePirm\u0105j\u0105 moter\u0173 sekli\u0173 agent\u016br\u0105\u201c. Pasibaigus \u012fvykiams, apra\u0161ytiems \u201ePamokymuose gra\u017eioms moterims\u201c, mes v\u0117l sutinkame Pre\u0161ijoz\u0105 Ramotsv\u0119, vadovaujan\u010di\u0105 savo agent\u016brai i\u0161 patalp\u0173, priklausan\u010di\u0173 jos su\u017ead\u0117tiniui, ponui J. L. B. Matekoniui. Reik\u0117t\u0173 prad\u0117ti planuoti vestuves \u2013 bet kada jie susituoks ir ar i\u0161vis besusituoks? Mma Ramotsv\u0117 tiria naujas sud\u0117tingas bylas, kaip visada talentingai ai\u0161kindamasi klient\u0173 reikalus. Tiesa, pad\u0117tis kiek komplikuojasi, kai jos pad\u0117j\u0117ja, gabioji mma Makutsi sugalvoja i\u0161pl\u0117sti versl\u0105 ir atidaryti \u201eKalahario ra\u0161tvedybos mokykl\u0105 vyrams\u201c.<\/p>\n","protected":false},"featured_media":2375,"comment_status":"closed","ping_status":"closed","template":"","meta":{"_acf_changed":false,"site-sidebar-layout":"default","site-content-layout":"","ast-site-content-layout":"default","site-content-style":"default","site-sidebar-style":"default","ast-global-header-display":"","ast-banner-title-visibility":"","ast-main-header-display":"","ast-hfb-above-header-display":"","ast-hfb-below-header-display":"","ast-hfb-mobile-header-display":"","site-post-title":"","ast-breadcrumbs-content":"","ast-featured-img":"","footer-sml-layout":"","ast-disable-related-posts":"","theme-transparent-header-meta":"","adv-header-id-meta":"","stick-header-meta":"","header-above-stick-meta":"","header-main-stick-meta":"","header-below-stick-meta":"","astra-migrate-meta-layouts":"default","ast-page-background-enabled":"default","ast-page-background-meta":{"desktop":{"background-color":"","background-image":"","background-repeat":"repeat","background-position":"center center","background-size":"auto","background-attachment":"scroll","background-type":"","background-media":"","overlay-type":"","overlay-color":"","overlay-opacity":"","overlay-gradient":""},"tablet":{"background-color":"","background-image":"","background-repeat":"repeat","background-position":"center center","background-size":"auto","background-attachment":"scroll","background-type":"","background-media":"","overlay-type":"","overlay-color":"","overlay-opacity":"","overlay-gradient":""},"mobile":{"background-color":"","background-image":"","background-repeat":"repeat","background-position":"center center","background-size":"auto","background-attachment":"scroll","background-type":"","background-media":"","overlay-type":"","overlay-color":"","overlay-opacity":"","overlay-gradient":""}},"ast-content-background-meta":{"desktop":{"background-color":"var(--ast-global-color-4)","background-image":"","background-repeat":"repeat","background-position":"center center","background-size":"auto","background-attachment":"scroll","background-type":"","background-media":"","overlay-type":"","overlay-color":"","overlay-opacity":"","overlay-gradient":""},"tablet":{"background-color":"var(--ast-global-color-4)","background-image":"","background-repeat":"repeat","background-position":"center center","background-size":"auto","background-attachment":"scroll","background-type":"","background-media":"","overlay-type":"","overlay-color":"","overlay-opacity":"","overlay-gradient":""},"mobile":{"background-color":"var(--ast-global-color-4)","background-image":"","background-repeat":"repeat","background-position":"center center","background-size":"auto","background-attachment":"scroll","background-type":"","background-media":"","overlay-type":"","overlay-color":"","overlay-opacity":"","overlay-gradient":""}}},"product_brand":[],"product_cat":[31],"product_tag":[],"class_list":{"0":"post-2339","1":"product","2":"type-product","3":"status-publish","4":"has-post-thumbnail","6":"product_cat-grozine-literatura","7":"desktop-align-left","8":"tablet-align-left","9":"mobile-align-left","11":"first","12":"instock","13":"shipping-taxable","14":"purchasable","15":"product-type-simple"},"acf":[],"yoast_head":"<!-- This site is optimized with the Yoast SEO plugin v27.0 - https:\/\/yoast.com\/product\/yoast-seo-wordpress\/ -->\n<title>Alexander McCall Smith \u201eKalahario ra\u0161tvedybos mokykla vyrams\u201c - Skaitytaknyga<\/title>\n<meta name=\"description\" content=\"Tai ketvirtoji knyga i\u0161 labai populiarios Alexanderio McCallo Smitho serijos apie \u201ePirm\u0105j\u0105 moter\u0173 sekli\u0173 agent\u016br\u0105\u201c. Pasibaigus \u012fvykiams, apra\u0161ytiems\" \/>\n<meta name=\"robots\" content=\"index, follow, max-snippet:-1, max-image-preview:large, max-video-preview:-1\" \/>\n<link rel=\"canonical\" href=\"https:\/\/skaitytaknyga.lt\/en\/produktas\/alexander-mccall-smith-kalahario-rastvedybos-mokykla-vyrams\/\" \/>\n<meta property=\"og:locale\" content=\"en_GB\" \/>\n<meta property=\"og:locale:alternate\" content=\"lt_LT\" \/>\n<meta property=\"og:type\" content=\"article\" \/>\n<meta property=\"og:title\" content=\"Alexander McCall Smith \u201eKalahario ra\u0161tvedybos mokykla vyrams\u201c - Skaitytaknyga\" \/>\n<meta property=\"og:description\" content=\"Tai ketvirtoji knyga i\u0161 labai populiarios Alexanderio McCallo Smitho serijos apie \u201ePirm\u0105j\u0105 moter\u0173 sekli\u0173 agent\u016br\u0105\u201c. Pasibaigus \u012fvykiams, apra\u0161ytiems\" \/>\n<meta property=\"og:url\" content=\"https:\/\/skaitytaknyga.lt\/en\/produktas\/alexander-mccall-smith-kalahario-rastvedybos-mokykla-vyrams\/\" \/>\n<meta property=\"og:site_name\" content=\"Skaitytaknyga\" \/>\n<meta property=\"article:publisher\" content=\"https:\/\/www.facebook.com\/skaitytaknyga\/\" \/>\n<meta property=\"article:modified_time\" content=\"2024-05-03T07:14:25+00:00\" \/>\n<meta property=\"og:image\" content=\"https:\/\/skaitytaknyga.lt\/wp-content\/uploads\/2024\/04\/094845-imgp0050.jpg\" \/>\n\t<meta property=\"og:image:width\" content=\"545\" \/>\n\t<meta property=\"og:image:height\" content=\"800\" \/>\n\t<meta property=\"og:image:type\" content=\"image\/jpeg\" \/>\n<meta name=\"twitter:card\" content=\"summary_large_image\" \/>\n<meta name=\"twitter:label1\" content=\"Estimated reading time\" \/>\n\t<meta name=\"twitter:data1\" content=\"1 minute\" \/>\n<script type=\"application\/ld+json\" class=\"yoast-schema-graph\">{\"@context\":\"https:\/\/schema.org\",\"@graph\":[{\"@type\":\"WebPage\",\"@id\":\"https:\/\/skaitytaknyga.lt\/produktas\/alexander-mccall-smith-kalahario-rastvedybos-mokykla-vyrams\/\",\"url\":\"https:\/\/skaitytaknyga.lt\/produktas\/alexander-mccall-smith-kalahario-rastvedybos-mokykla-vyrams\/\",\"name\":\"Alexander McCall Smith \u201eKalahario ra\u0161tvedybos mokykla vyrams\u201c - Skaitytaknyga\",\"isPartOf\":{\"@id\":\"https:\/\/skaitytaknyga.lt\/#website\"},\"primaryImageOfPage\":{\"@id\":\"https:\/\/skaitytaknyga.lt\/produktas\/alexander-mccall-smith-kalahario-rastvedybos-mokykla-vyrams\/#primaryimage\"},\"image\":{\"@id\":\"https:\/\/skaitytaknyga.lt\/produktas\/alexander-mccall-smith-kalahario-rastvedybos-mokykla-vyrams\/#primaryimage\"},\"thumbnailUrl\":\"https:\/\/skaitytaknyga.lt\/wp-content\/uploads\/2024\/04\/094845-imgp0050.jpg\",\"datePublished\":\"2024-04-17T13:08:06+00:00\",\"dateModified\":\"2024-05-03T07:14:25+00:00\",\"description\":\"Tai ketvirtoji knyga i\u0161 labai populiarios Alexanderio McCallo Smitho serijos apie \u201ePirm\u0105j\u0105 moter\u0173 sekli\u0173 agent\u016br\u0105\u201c. Pasibaigus \u012fvykiams, apra\u0161ytiems\",\"breadcrumb\":{\"@id\":\"https:\/\/skaitytaknyga.lt\/produktas\/alexander-mccall-smith-kalahario-rastvedybos-mokykla-vyrams\/#breadcrumb\"},\"inLanguage\":\"en-GB\",\"potentialAction\":[{\"@type\":\"ReadAction\",\"target\":[\"https:\/\/skaitytaknyga.lt\/produktas\/alexander-mccall-smith-kalahario-rastvedybos-mokykla-vyrams\/\"]}]},{\"@type\":\"ImageObject\",\"inLanguage\":\"en-GB\",\"@id\":\"https:\/\/skaitytaknyga.lt\/produktas\/alexander-mccall-smith-kalahario-rastvedybos-mokykla-vyrams\/#primaryimage\",\"url\":\"https:\/\/skaitytaknyga.lt\/wp-content\/uploads\/2024\/04\/094845-imgp0050.jpg\",\"contentUrl\":\"https:\/\/skaitytaknyga.lt\/wp-content\/uploads\/2024\/04\/094845-imgp0050.jpg\",\"width\":545,\"height\":800,\"caption\":\"094845 imgp0050\"},{\"@type\":\"BreadcrumbList\",\"@id\":\"https:\/\/skaitytaknyga.lt\/produktas\/alexander-mccall-smith-kalahario-rastvedybos-mokykla-vyrams\/#breadcrumb\",\"itemListElement\":[{\"@type\":\"ListItem\",\"position\":1,\"name\":\"Home\",\"item\":\"https:\/\/skaitytaknyga.lt\/\"},{\"@type\":\"ListItem\",\"position\":2,\"name\":\"Parduotuv\u0117\",\"item\":\"https:\/\/skaitytaknyga.lt\/knygu-parduotuve\/\"},{\"@type\":\"ListItem\",\"position\":3,\"name\":\"Alexander McCall Smith \u201eKalahario ra\u0161tvedybos mokykla vyrams\u201c\"}]},{\"@type\":\"WebSite\",\"@id\":\"https:\/\/skaitytaknyga.lt\/#website\",\"url\":\"https:\/\/skaitytaknyga.lt\/\",\"name\":\"skaitytaknyga.lt\",\"description\":\"Skaitytaknyga.lt \u2013 tai ma\u017eas \u0161eimos verslas, kuris prasid\u0117jo nuo meil\u0117s knygoms ir siekio i\u0161gelb\u0117ti knygas nuo likimo prie konteinerio. Kas vienam nereikalingas daiktas \u2013 kitam lobis, o mes esame tarpininkai, kurie padeda abiems tapti laimingesniems ???? \u017dinome kaip nelengva i\u0161gyventi ma\u017eiems verslams, tad nuo \u0161iol, \u010dia rasite ir kit\u0173, ma\u017e\u0173 \u0161eim\u0173 versl\u0173, rank\u0173 darbo, dovan\u0173 sau ir artimiesiems.\",\"publisher\":{\"@id\":\"https:\/\/skaitytaknyga.lt\/#organization\"},\"potentialAction\":[{\"@type\":\"SearchAction\",\"target\":{\"@type\":\"EntryPoint\",\"urlTemplate\":\"https:\/\/skaitytaknyga.lt\/?s={search_term_string}\"},\"query-input\":{\"@type\":\"PropertyValueSpecification\",\"valueRequired\":true,\"valueName\":\"search_term_string\"}}],\"inLanguage\":\"en-GB\"},{\"@type\":\"Organization\",\"@id\":\"https:\/\/skaitytaknyga.lt\/#organization\",\"name\":\"skaitytaknyga.lt\",\"url\":\"https:\/\/skaitytaknyga.lt\/\",\"logo\":{\"@type\":\"ImageObject\",\"inLanguage\":\"en-GB\",\"@id\":\"https:\/\/skaitytaknyga.lt\/#\/schema\/logo\/image\/\",\"url\":\"https:\/\/skaitytaknyga.lt\/wp-content\/uploads\/2024\/05\/cropped-cropped-cropped-02_00843_jt3bggkj1j3HLc7SyY6rEUpg.jpeg\",\"contentUrl\":\"https:\/\/skaitytaknyga.lt\/wp-content\/uploads\/2024\/05\/cropped-cropped-cropped-02_00843_jt3bggkj1j3HLc7SyY6rEUpg.jpeg\",\"width\":1600,\"height\":1600,\"caption\":\"skaitytaknyga.lt\"},\"image\":{\"@id\":\"https:\/\/skaitytaknyga.lt\/#\/schema\/logo\/image\/\"},\"sameAs\":[\"https:\/\/www.facebook.com\/skaitytaknyga\/\"]}]}<\/script>\n<!-- \/ Yoast SEO plugin. -->","yoast_head_json":{"title":"Alexander McCall Smith \u201eKalahario ra\u0161tvedybos mokykla vyrams\u201c - Skaitytaknyga","description":"Tai ketvirtoji knyga i\u0161 labai populiarios Alexanderio McCallo Smitho serijos apie \u201ePirm\u0105j\u0105 moter\u0173 sekli\u0173 agent\u016br\u0105\u201c. Pasibaigus \u012fvykiams, apra\u0161ytiems","robots":{"index":"index","follow":"follow","max-snippet":"max-snippet:-1","max-image-preview":"max-image-preview:large","max-video-preview":"max-video-preview:-1"},"canonical":"https:\/\/skaitytaknyga.lt\/en\/produktas\/alexander-mccall-smith-kalahario-rastvedybos-mokykla-vyrams\/","og_locale":"en_GB","og_type":"article","og_title":"Alexander McCall Smith \u201eKalahario ra\u0161tvedybos mokykla vyrams\u201c - Skaitytaknyga","og_description":"Tai ketvirtoji knyga i\u0161 labai populiarios Alexanderio McCallo Smitho serijos apie \u201ePirm\u0105j\u0105 moter\u0173 sekli\u0173 agent\u016br\u0105\u201c. Pasibaigus \u012fvykiams, apra\u0161ytiems","og_url":"https:\/\/skaitytaknyga.lt\/en\/produktas\/alexander-mccall-smith-kalahario-rastvedybos-mokykla-vyrams\/","og_site_name":"Skaitytaknyga","article_publisher":"https:\/\/www.facebook.com\/skaitytaknyga\/","article_modified_time":"2024-05-03T07:14:25+00:00","og_image":[{"width":545,"height":800,"url":"https:\/\/skaitytaknyga.lt\/wp-content\/uploads\/2024\/04\/094845-imgp0050.jpg","type":"image\/jpeg"}],"twitter_card":"summary_large_image","twitter_misc":{"Estimated reading time":"1 minute"},"schema":{"@context":"https:\/\/schema.org","@graph":[{"@type":"WebPage","@id":"https:\/\/skaitytaknyga.lt\/produktas\/alexander-mccall-smith-kalahario-rastvedybos-mokykla-vyrams\/","url":"https:\/\/skaitytaknyga.lt\/produktas\/alexander-mccall-smith-kalahario-rastvedybos-mokykla-vyrams\/","name":"Alexander McCall Smith \u201eKalahario ra\u0161tvedybos mokykla vyrams\u201c - Skaitytaknyga","isPartOf":{"@id":"https:\/\/skaitytaknyga.lt\/#website"},"primaryImageOfPage":{"@id":"https:\/\/skaitytaknyga.lt\/produktas\/alexander-mccall-smith-kalahario-rastvedybos-mokykla-vyrams\/#primaryimage"},"image":{"@id":"https:\/\/skaitytaknyga.lt\/produktas\/alexander-mccall-smith-kalahario-rastvedybos-mokykla-vyrams\/#primaryimage"},"thumbnailUrl":"https:\/\/skaitytaknyga.lt\/wp-content\/uploads\/2024\/04\/094845-imgp0050.jpg","datePublished":"2024-04-17T13:08:06+00:00","dateModified":"2024-05-03T07:14:25+00:00","description":"Tai ketvirtoji knyga i\u0161 labai populiarios Alexanderio McCallo Smitho serijos apie \u201ePirm\u0105j\u0105 moter\u0173 sekli\u0173 agent\u016br\u0105\u201c. Pasibaigus \u012fvykiams, apra\u0161ytiems","breadcrumb":{"@id":"https:\/\/skaitytaknyga.lt\/produktas\/alexander-mccall-smith-kalahario-rastvedybos-mokykla-vyrams\/#breadcrumb"},"inLanguage":"en-GB","potentialAction":[{"@type":"ReadAction","target":["https:\/\/skaitytaknyga.lt\/produktas\/alexander-mccall-smith-kalahario-rastvedybos-mokykla-vyrams\/"]}]},{"@type":"ImageObject","inLanguage":"en-GB","@id":"https:\/\/skaitytaknyga.lt\/produktas\/alexander-mccall-smith-kalahario-rastvedybos-mokykla-vyrams\/#primaryimage","url":"https:\/\/skaitytaknyga.lt\/wp-content\/uploads\/2024\/04\/094845-imgp0050.jpg","contentUrl":"https:\/\/skaitytaknyga.lt\/wp-content\/uploads\/2024\/04\/094845-imgp0050.jpg","width":545,"height":800,"caption":"094845 imgp0050"},{"@type":"BreadcrumbList","@id":"https:\/\/skaitytaknyga.lt\/produktas\/alexander-mccall-smith-kalahario-rastvedybos-mokykla-vyrams\/#breadcrumb","itemListElement":[{"@type":"ListItem","position":1,"name":"Home","item":"https:\/\/skaitytaknyga.lt\/"},{"@type":"ListItem","position":2,"name":"Parduotuv\u0117","item":"https:\/\/skaitytaknyga.lt\/knygu-parduotuve\/"},{"@type":"ListItem","position":3,"name":"Alexander McCall Smith \u201eKalahario ra\u0161tvedybos mokykla vyrams\u201c"}]},{"@type":"WebSite","@id":"https:\/\/skaitytaknyga.lt\/#website","url":"https:\/\/skaitytaknyga.lt\/","name":"skaitytaknyga.lt","description":"Skaitytaknyga.lt \u2013 tai ma\u017eas \u0161eimos verslas, kuris prasid\u0117jo nuo meil\u0117s knygoms ir siekio i\u0161gelb\u0117ti knygas nuo likimo prie konteinerio. Kas vienam nereikalingas daiktas \u2013 kitam lobis, o mes esame tarpininkai, kurie padeda abiems tapti laimingesniems ???? \u017dinome kaip nelengva i\u0161gyventi ma\u017eiems verslams, tad nuo \u0161iol, \u010dia rasite ir kit\u0173, ma\u017e\u0173 \u0161eim\u0173 versl\u0173, rank\u0173 darbo, dovan\u0173 sau ir artimiesiems.","publisher":{"@id":"https:\/\/skaitytaknyga.lt\/#organization"},"potentialAction":[{"@type":"SearchAction","target":{"@type":"EntryPoint","urlTemplate":"https:\/\/skaitytaknyga.lt\/?s={search_term_string}"},"query-input":{"@type":"PropertyValueSpecification","valueRequired":true,"valueName":"search_term_string"}}],"inLanguage":"en-GB"},{"@type":"Organization","@id":"https:\/\/skaitytaknyga.lt\/#organization","name":"skaitytaknyga.lt","url":"https:\/\/skaitytaknyga.lt\/","logo":{"@type":"ImageObject","inLanguage":"en-GB","@id":"https:\/\/skaitytaknyga.lt\/#\/schema\/logo\/image\/","url":"https:\/\/skaitytaknyga.lt\/wp-content\/uploads\/2024\/05\/cropped-cropped-cropped-02_00843_jt3bggkj1j3HLc7SyY6rEUpg.jpeg","contentUrl":"https:\/\/skaitytaknyga.lt\/wp-content\/uploads\/2024\/05\/cropped-cropped-cropped-02_00843_jt3bggkj1j3HLc7SyY6rEUpg.jpeg","width":1600,"height":1600,"caption":"skaitytaknyga.lt"},"image":{"@id":"https:\/\/skaitytaknyga.lt\/#\/schema\/logo\/image\/"},"sameAs":["https:\/\/www.facebook.com\/skaitytaknyga\/"]}]}},"_links":{"self":[{"href":"https:\/\/skaitytaknyga.lt\/en\/wp-json\/wp\/v2\/product\/2339","targetHints":{"allow":["GET"]}}],"collection":[{"href":"https:\/\/skaitytaknyga.lt\/en\/wp-json\/wp\/v2\/product"}],"about":[{"href":"https:\/\/skaitytaknyga.lt\/en\/wp-json\/wp\/v2\/types\/product"}],"replies":[{"embeddable":true,"href":"https:\/\/skaitytaknyga.lt\/en\/wp-json\/wp\/v2\/comments?post=2339"}],"wp:featuredmedia":[{"embeddable":true,"href":"https:\/\/skaitytaknyga.lt\/en\/wp-json\/wp\/v2\/media\/2375"}],"wp:attachment":[{"href":"https:\/\/skaitytaknyga.lt\/en\/wp-json\/wp\/v2\/media?parent=2339"}],"wp:term":[{"taxonomy":"product_brand","embeddable":true,"href":"https:\/\/skaitytaknyga.lt\/en\/wp-json\/wp\/v2\/product_brand?post=2339"},{"taxonomy":"product_cat","embeddable":true,"href":"https:\/\/skaitytaknyga.lt\/en\/wp-json\/wp\/v2\/product_cat?post=2339"},{"taxonomy":"product_tag","embeddable":true,"href":"https:\/\/skaitytaknyga.lt\/en\/wp-json\/wp\/v2\/product_tag?post=2339"}],"curies":[{"name":"wp","href":"https:\/\/api.w.org\/{rel}","templated":true}]}}