{"id":2338,"date":"2024-04-17T13:08:06","date_gmt":"2024-04-17T13:08:06","guid":{"rendered":"https:\/\/skaitytaknyga.lt\/?post_type=product&#038;p=2338"},"modified":"2026-03-10T16:51:18","modified_gmt":"2026-03-10T14:51:18","slug":"raphaelle-giordano-tavo-antras-gyvenimas-prasideda-supratus-kad-gyveni-tik-karta","status":"publish","type":"product","link":"https:\/\/skaitytaknyga.lt\/en\/produktas\/raphaelle-giordano-tavo-antras-gyvenimas-prasideda-supratus-kad-gyveni-tik-karta\/","title":{"rendered":"Rapha\u00eblle Giordano \u201eTavo antras gyvenimas prasideda, supratus, kad gyveni tik kart\u0105\u201c"},"content":{"rendered":"<p>Gyvenimas \u2013 lyg skrydis oro balionu. Norint skrieti auk\u0161tyn, reikia mok\u0117ti palengvinti krep\u0161\u012f ir per kra\u0161t\u0105 i\u0161mesti visk\u0105, kas kliudo kilti.<\/p>\n<p>\u201eTavo antras gyvenimas prasideda, supratus, kad gyveni tik kart\u0105\u201c\u00a0\u2013 istorija, \u012fkvepianti keistis.<\/p>\n<p>Rodos, Kamil\u0117 turi visk\u0105, kad b\u016bt\u0173 laiminga, ta\u010diau ne\u017eino, kaip tuo naudotis. Paskendusi kasdieniniuose darbuose ir \u0161eimos r\u016bpes\u010diuose, ji jau\u010dia tarsi jos gyvenimas eit\u0173 pro \u0161al\u012f.<\/p>\n<p>Ta\u010diau atsitiktin\u0117 pa\u017eintis su rutinologu Klodu visk\u0105 pakeis. Jis pasisi\u016blo Kamilei pad\u0117ti v\u0117l pajausti gyvenimo d\u017eiaugsm\u0105.<\/p>\n<p>Ji turi suprasti, kad yra vienintelis \u017emogus, atsakingas u\u017e savo laim\u0119. Kamilei reikia i\u0161 naujo apm\u0105styti savo vertybi\u0173 sistem\u0105 ir i\u0161mokti kitaip \u017evelgti \u012f gyvenim\u0105 bei \u012fvykius. Sekdama Klodo nurodymais, ji \u017eingsnis po \u017eingsnio taps \u017emogumi, kurio neslegia kasdienyb\u0117s na\u0161ta, o gyvenimas tampa visavertis.<\/p>\n<p>Knyga moko, kad reikia susitelkti \u012f teigiamus dalykus, nusistatyti prioritetus, nekreipti d\u0117mesio \u012f smulkmenas. Konkret\u016bs patarimai tekste i\u0161skiriami kitu \u0161riftu, o j\u0173 s\u0105ra\u0161as pateikiamas knygos pabaigoje.<\/p>\n<p>\u201eTavo antras gyvenimas prasideda, supratus, kad gyveni tik kart\u0105\u201c\u00a0\u2013 tai romanas, t\u0119siantis geriausias toki\u0173 knyg\u0173, kaip\u00a0\u201eDievas visada keliauja incognito&#8221;\u00a0(aut. Laurent Gounelle), tradicijas, skirtas visiems, ie\u0161kantiems \u012fkvepian\u010dios, kasdienes problemas padedan\u010dios spr\u0119sti literat\u016bros.<\/p>\n","protected":false},"excerpt":{"rendered":"<p>Gyvenimas \u2013 lyg skrydis oro balionu. Norint skrieti auk\u0161tyn, reikia mok\u0117ti palengvinti krep\u0161\u012f ir per kra\u0161t\u0105 i\u0161mesti visk\u0105, kas kliudo kilti. \u201eTavo antras gyvenimas prasideda, supratus, kad gyveni tik kart\u0105\u201c\u00a0\u2013 istorija, \u012fkvepianti keistis. Rodos, Kamil\u0117 turi visk\u0105, kad b\u016bt\u0173 laiminga, ta\u010diau ne\u017eino, kaip tuo naudotis. Paskendusi kasdieniniuose darbuose ir \u0161eimos r\u016bpes\u010diuose, ji jau\u010dia tarsi jos gyvenimas eit\u0173 pro \u0161al\u012f. Ta\u010diau atsitiktin\u0117 pa\u017eintis su rutinologu Klodu visk\u0105 pakeis. Jis pasisi\u016blo Kamilei pad\u0117ti v\u0117l pajausti gyvenimo d\u017eiaugsm\u0105. Ji turi suprasti, kad yra vienintelis \u017emogus, atsakingas u\u017e savo laim\u0119. Kamilei reikia i\u0161 naujo apm\u0105styti savo vertybi\u0173 sistem\u0105 ir i\u0161mokti kitaip \u017evelgti \u012f gyvenim\u0105 bei \u012fvykius. Sekdama Klodo nurodymais, ji \u017eingsnis po \u017eingsnio taps \u017emogumi, kurio neslegia kasdienyb\u0117s na\u0161ta, o gyvenimas tampa visavertis. Knyga moko, kad reikia susitelkti \u012f teigiamus dalykus, nusistatyti prioritetus, nekreipti d\u0117mesio \u012f smulkmenas. Konkret\u016bs patarimai tekste i\u0161skiriami kitu \u0161riftu, o j\u0173 s\u0105ra\u0161as pateikiamas knygos pabaigoje. \u201eTavo antras gyvenimas prasideda, supratus, kad gyveni tik kart\u0105\u201c\u00a0\u2013 tai romanas, t\u0119siantis geriausias toki\u0173 knyg\u0173, kaip\u00a0\u201eDievas visada keliauja incognito&#8221;\u00a0(aut. Laurent Gounelle), tradicijas, skirtas visiems, ie\u0161kantiems \u012fkvepian\u010dios, kasdienes problemas padedan\u010dios spr\u0119sti literat\u016bros.<\/p>\n","protected":false},"featured_media":2374,"comment_status":"closed","ping_status":"closed","template":"","meta":{"_acf_changed":false,"site-sidebar-layout":"default","site-content-layout":"","ast-site-content-layout":"default","site-content-style":"default","site-sidebar-style":"default","ast-global-header-display":"","ast-banner-title-visibility":"","ast-main-header-display":"","ast-hfb-above-header-display":"","ast-hfb-below-header-display":"","ast-hfb-mobile-header-display":"","site-post-title":"","ast-breadcrumbs-content":"","ast-featured-img":"","footer-sml-layout":"","ast-disable-related-posts":"","theme-transparent-header-meta":"","adv-header-id-meta":"","stick-header-meta":"","header-above-stick-meta":"","header-main-stick-meta":"","header-below-stick-meta":"","astra-migrate-meta-layouts":"default","ast-page-background-enabled":"default","ast-page-background-meta":{"desktop":{"background-color":"","background-image":"","background-repeat":"repeat","background-position":"center center","background-size":"auto","background-attachment":"scroll","background-type":"","background-media":"","overlay-type":"","overlay-color":"","overlay-opacity":"","overlay-gradient":""},"tablet":{"background-color":"","background-image":"","background-repeat":"repeat","background-position":"center center","background-size":"auto","background-attachment":"scroll","background-type":"","background-media":"","overlay-type":"","overlay-color":"","overlay-opacity":"","overlay-gradient":""},"mobile":{"background-color":"","background-image":"","background-repeat":"repeat","background-position":"center center","background-size":"auto","background-attachment":"scroll","background-type":"","background-media":"","overlay-type":"","overlay-color":"","overlay-opacity":"","overlay-gradient":""}},"ast-content-background-meta":{"desktop":{"background-color":"var(--ast-global-color-4)","background-image":"","background-repeat":"repeat","background-position":"center center","background-size":"auto","background-attachment":"scroll","background-type":"","background-media":"","overlay-type":"","overlay-color":"","overlay-opacity":"","overlay-gradient":""},"tablet":{"background-color":"var(--ast-global-color-4)","background-image":"","background-repeat":"repeat","background-position":"center center","background-size":"auto","background-attachment":"scroll","background-type":"","background-media":"","overlay-type":"","overlay-color":"","overlay-opacity":"","overlay-gradient":""},"mobile":{"background-color":"var(--ast-global-color-4)","background-image":"","background-repeat":"repeat","background-position":"center center","background-size":"auto","background-attachment":"scroll","background-type":"","background-media":"","overlay-type":"","overlay-color":"","overlay-opacity":"","overlay-gradient":""}}},"product_brand":[],"product_cat":[15],"product_tag":[],"class_list":{"0":"post-2338","1":"product","2":"type-product","3":"status-publish","4":"has-post-thumbnail","6":"product_cat-uncategorized","7":"desktop-align-left","8":"tablet-align-left","9":"mobile-align-left","11":"first","12":"instock","13":"sale","14":"shipping-taxable","15":"purchasable","16":"product-type-simple"},"acf":[],"yoast_head":"<!-- This site is optimized with the Yoast SEO plugin v27.0 - https:\/\/yoast.com\/product\/yoast-seo-wordpress\/ -->\n<title>Rapha\u00eblle Giordano \u201eTavo antras gyvenimas prasideda, supratus, kad gyveni tik kart\u0105\u201c<\/title>\n<meta name=\"description\" content=\"Gyvenimas \u2013 lyg skrydis oro balionu. Norint skrieti auk\u0161tyn, reikia mok\u0117ti palengvinti krep\u0161\u012f ir per kra\u0161t\u0105 i\u0161mesti visk\u0105, kas kliudo kilti. \u201eTavo antras\" \/>\n<meta name=\"robots\" content=\"index, follow, max-snippet:-1, max-image-preview:large, max-video-preview:-1\" \/>\n<link rel=\"canonical\" href=\"https:\/\/skaitytaknyga.lt\/en\/produktas\/raphaelle-giordano-tavo-antras-gyvenimas-prasideda-supratus-kad-gyveni-tik-karta\/\" \/>\n<meta property=\"og:locale\" content=\"en_GB\" \/>\n<meta property=\"og:locale:alternate\" content=\"lt_LT\" \/>\n<meta property=\"og:type\" content=\"article\" \/>\n<meta property=\"og:title\" content=\"Rapha\u00eblle Giordano \u201eTavo antras gyvenimas prasideda, supratus, kad gyveni tik kart\u0105\u201c\" \/>\n<meta property=\"og:description\" content=\"Gyvenimas \u2013 lyg skrydis oro balionu. Norint skrieti auk\u0161tyn, reikia mok\u0117ti palengvinti krep\u0161\u012f ir per kra\u0161t\u0105 i\u0161mesti visk\u0105, kas kliudo kilti. \u201eTavo antras\" \/>\n<meta property=\"og:url\" content=\"https:\/\/skaitytaknyga.lt\/en\/produktas\/raphaelle-giordano-tavo-antras-gyvenimas-prasideda-supratus-kad-gyveni-tik-karta\/\" \/>\n<meta property=\"og:site_name\" content=\"Skaitytaknyga\" \/>\n<meta property=\"article:publisher\" content=\"https:\/\/www.facebook.com\/skaitytaknyga\/\" \/>\n<meta property=\"article:modified_time\" content=\"2026-03-10T14:51:18+00:00\" \/>\n<meta property=\"og:image\" content=\"https:\/\/skaitytaknyga.lt\/wp-content\/uploads\/2024\/04\/000000000001110591-59de862a13e4c-asset-knyguklubas-cdb_tavo-antras-gyvenimas-prasideda_p1.png\" \/>\n\t<meta property=\"og:image:width\" content=\"285\" \/>\n\t<meta property=\"og:image:height\" content=\"467\" \/>\n\t<meta property=\"og:image:type\" content=\"image\/png\" \/>\n<meta name=\"twitter:card\" content=\"summary_large_image\" \/>\n<meta name=\"twitter:label1\" content=\"Estimated reading time\" \/>\n\t<meta name=\"twitter:data1\" content=\"1 minute\" \/>\n<script type=\"application\/ld+json\" class=\"yoast-schema-graph\">{\"@context\":\"https:\/\/schema.org\",\"@graph\":[{\"@type\":\"WebPage\",\"@id\":\"https:\/\/skaitytaknyga.lt\/produktas\/raphaelle-giordano-tavo-antras-gyvenimas-prasideda-supratus-kad-gyveni-tik-karta\/\",\"url\":\"https:\/\/skaitytaknyga.lt\/produktas\/raphaelle-giordano-tavo-antras-gyvenimas-prasideda-supratus-kad-gyveni-tik-karta\/\",\"name\":\"Rapha\u00eblle Giordano \u201eTavo antras gyvenimas prasideda, supratus, kad gyveni tik kart\u0105\u201c\",\"isPartOf\":{\"@id\":\"https:\/\/skaitytaknyga.lt\/#website\"},\"primaryImageOfPage\":{\"@id\":\"https:\/\/skaitytaknyga.lt\/produktas\/raphaelle-giordano-tavo-antras-gyvenimas-prasideda-supratus-kad-gyveni-tik-karta\/#primaryimage\"},\"image\":{\"@id\":\"https:\/\/skaitytaknyga.lt\/produktas\/raphaelle-giordano-tavo-antras-gyvenimas-prasideda-supratus-kad-gyveni-tik-karta\/#primaryimage\"},\"thumbnailUrl\":\"https:\/\/skaitytaknyga.lt\/wp-content\/uploads\/2024\/04\/000000000001110591-59de862a13e4c-asset-knyguklubas-cdb_tavo-antras-gyvenimas-prasideda_p1.png\",\"datePublished\":\"2024-04-17T13:08:06+00:00\",\"dateModified\":\"2026-03-10T14:51:18+00:00\",\"description\":\"Gyvenimas \u2013 lyg skrydis oro balionu. Norint skrieti auk\u0161tyn, reikia mok\u0117ti palengvinti krep\u0161\u012f ir per kra\u0161t\u0105 i\u0161mesti visk\u0105, kas kliudo kilti. \u201eTavo antras\",\"breadcrumb\":{\"@id\":\"https:\/\/skaitytaknyga.lt\/produktas\/raphaelle-giordano-tavo-antras-gyvenimas-prasideda-supratus-kad-gyveni-tik-karta\/#breadcrumb\"},\"inLanguage\":\"en-GB\",\"potentialAction\":[{\"@type\":\"ReadAction\",\"target\":[\"https:\/\/skaitytaknyga.lt\/produktas\/raphaelle-giordano-tavo-antras-gyvenimas-prasideda-supratus-kad-gyveni-tik-karta\/\"]}]},{\"@type\":\"ImageObject\",\"inLanguage\":\"en-GB\",\"@id\":\"https:\/\/skaitytaknyga.lt\/produktas\/raphaelle-giordano-tavo-antras-gyvenimas-prasideda-supratus-kad-gyveni-tik-karta\/#primaryimage\",\"url\":\"https:\/\/skaitytaknyga.lt\/wp-content\/uploads\/2024\/04\/000000000001110591-59de862a13e4c-asset-knyguklubas-cdb_tavo-antras-gyvenimas-prasideda_p1.png\",\"contentUrl\":\"https:\/\/skaitytaknyga.lt\/wp-content\/uploads\/2024\/04\/000000000001110591-59de862a13e4c-asset-knyguklubas-cdb_tavo-antras-gyvenimas-prasideda_p1.png\",\"width\":285,\"height\":467,\"caption\":\"Tavo antras gyvenimas prasideda supratus, kad gyveni tik kart\u0105\"},{\"@type\":\"BreadcrumbList\",\"@id\":\"https:\/\/skaitytaknyga.lt\/produktas\/raphaelle-giordano-tavo-antras-gyvenimas-prasideda-supratus-kad-gyveni-tik-karta\/#breadcrumb\",\"itemListElement\":[{\"@type\":\"ListItem\",\"position\":1,\"name\":\"Home\",\"item\":\"https:\/\/skaitytaknyga.lt\/\"},{\"@type\":\"ListItem\",\"position\":2,\"name\":\"Parduotuv\u0117\",\"item\":\"https:\/\/skaitytaknyga.lt\/knygu-parduotuve\/\"},{\"@type\":\"ListItem\",\"position\":3,\"name\":\"Rapha\u00eblle Giordano \u201eTavo antras gyvenimas prasideda, supratus, kad gyveni tik kart\u0105\u201c\"}]},{\"@type\":\"WebSite\",\"@id\":\"https:\/\/skaitytaknyga.lt\/#website\",\"url\":\"https:\/\/skaitytaknyga.lt\/\",\"name\":\"skaitytaknyga.lt\",\"description\":\"Skaitytaknyga.lt \u2013 tai ma\u017eas \u0161eimos verslas, kuris prasid\u0117jo nuo meil\u0117s knygoms ir siekio i\u0161gelb\u0117ti knygas nuo likimo prie konteinerio. Kas vienam nereikalingas daiktas \u2013 kitam lobis, o mes esame tarpininkai, kurie padeda abiems tapti laimingesniems ???? \u017dinome kaip nelengva i\u0161gyventi ma\u017eiems verslams, tad nuo \u0161iol, \u010dia rasite ir kit\u0173, ma\u017e\u0173 \u0161eim\u0173 versl\u0173, rank\u0173 darbo, dovan\u0173 sau ir artimiesiems.\",\"publisher\":{\"@id\":\"https:\/\/skaitytaknyga.lt\/#organization\"},\"potentialAction\":[{\"@type\":\"SearchAction\",\"target\":{\"@type\":\"EntryPoint\",\"urlTemplate\":\"https:\/\/skaitytaknyga.lt\/?s={search_term_string}\"},\"query-input\":{\"@type\":\"PropertyValueSpecification\",\"valueRequired\":true,\"valueName\":\"search_term_string\"}}],\"inLanguage\":\"en-GB\"},{\"@type\":\"Organization\",\"@id\":\"https:\/\/skaitytaknyga.lt\/#organization\",\"name\":\"skaitytaknyga.lt\",\"url\":\"https:\/\/skaitytaknyga.lt\/\",\"logo\":{\"@type\":\"ImageObject\",\"inLanguage\":\"en-GB\",\"@id\":\"https:\/\/skaitytaknyga.lt\/#\/schema\/logo\/image\/\",\"url\":\"https:\/\/skaitytaknyga.lt\/wp-content\/uploads\/2024\/05\/cropped-cropped-cropped-02_00843_jt3bggkj1j3HLc7SyY6rEUpg.jpeg\",\"contentUrl\":\"https:\/\/skaitytaknyga.lt\/wp-content\/uploads\/2024\/05\/cropped-cropped-cropped-02_00843_jt3bggkj1j3HLc7SyY6rEUpg.jpeg\",\"width\":1600,\"height\":1600,\"caption\":\"skaitytaknyga.lt\"},\"image\":{\"@id\":\"https:\/\/skaitytaknyga.lt\/#\/schema\/logo\/image\/\"},\"sameAs\":[\"https:\/\/www.facebook.com\/skaitytaknyga\/\"]}]}<\/script>\n<!-- \/ Yoast SEO plugin. -->","yoast_head_json":{"title":"Rapha\u00eblle Giordano \u201eTavo antras gyvenimas prasideda, supratus, kad gyveni tik kart\u0105\u201c","description":"Gyvenimas \u2013 lyg skrydis oro balionu. Norint skrieti auk\u0161tyn, reikia mok\u0117ti palengvinti krep\u0161\u012f ir per kra\u0161t\u0105 i\u0161mesti visk\u0105, kas kliudo kilti. \u201eTavo antras","robots":{"index":"index","follow":"follow","max-snippet":"max-snippet:-1","max-image-preview":"max-image-preview:large","max-video-preview":"max-video-preview:-1"},"canonical":"https:\/\/skaitytaknyga.lt\/en\/produktas\/raphaelle-giordano-tavo-antras-gyvenimas-prasideda-supratus-kad-gyveni-tik-karta\/","og_locale":"en_GB","og_type":"article","og_title":"[:lt]Rapha\u00eblle Giordano \u201eTavo antras gyvenimas prasideda, supratus, kad gyveni tik kart\u0105\u201c[:] - Skaitytaknyga","og_description":"Gyvenimas \u2013 lyg skrydis oro balionu. Norint skrieti auk\u0161tyn, reikia mok\u0117ti palengvinti krep\u0161\u012f ir per kra\u0161t\u0105 i\u0161mesti visk\u0105, kas kliudo kilti. \u201eTavo antras","og_url":"https:\/\/skaitytaknyga.lt\/en\/produktas\/raphaelle-giordano-tavo-antras-gyvenimas-prasideda-supratus-kad-gyveni-tik-karta\/","og_site_name":"Skaitytaknyga","article_publisher":"https:\/\/www.facebook.com\/skaitytaknyga\/","article_modified_time":"2026-03-10T14:51:18+00:00","og_image":[{"width":285,"height":467,"url":"https:\/\/skaitytaknyga.lt\/wp-content\/uploads\/2024\/04\/000000000001110591-59de862a13e4c-asset-knyguklubas-cdb_tavo-antras-gyvenimas-prasideda_p1.png","type":"image\/png"}],"twitter_card":"summary_large_image","twitter_misc":{"Estimated reading time":"1 minute"},"schema":{"@context":"https:\/\/schema.org","@graph":[{"@type":"WebPage","@id":"https:\/\/skaitytaknyga.lt\/produktas\/raphaelle-giordano-tavo-antras-gyvenimas-prasideda-supratus-kad-gyveni-tik-karta\/","url":"https:\/\/skaitytaknyga.lt\/produktas\/raphaelle-giordano-tavo-antras-gyvenimas-prasideda-supratus-kad-gyveni-tik-karta\/","name":"Rapha\u00eblle Giordano \u201eTavo antras gyvenimas prasideda, supratus, kad gyveni tik kart\u0105\u201c","isPartOf":{"@id":"https:\/\/skaitytaknyga.lt\/#website"},"primaryImageOfPage":{"@id":"https:\/\/skaitytaknyga.lt\/produktas\/raphaelle-giordano-tavo-antras-gyvenimas-prasideda-supratus-kad-gyveni-tik-karta\/#primaryimage"},"image":{"@id":"https:\/\/skaitytaknyga.lt\/produktas\/raphaelle-giordano-tavo-antras-gyvenimas-prasideda-supratus-kad-gyveni-tik-karta\/#primaryimage"},"thumbnailUrl":"https:\/\/skaitytaknyga.lt\/wp-content\/uploads\/2024\/04\/000000000001110591-59de862a13e4c-asset-knyguklubas-cdb_tavo-antras-gyvenimas-prasideda_p1.png","datePublished":"2024-04-17T13:08:06+00:00","dateModified":"2026-03-10T14:51:18+00:00","description":"Gyvenimas \u2013 lyg skrydis oro balionu. Norint skrieti auk\u0161tyn, reikia mok\u0117ti palengvinti krep\u0161\u012f ir per kra\u0161t\u0105 i\u0161mesti visk\u0105, kas kliudo kilti. \u201eTavo antras","breadcrumb":{"@id":"https:\/\/skaitytaknyga.lt\/produktas\/raphaelle-giordano-tavo-antras-gyvenimas-prasideda-supratus-kad-gyveni-tik-karta\/#breadcrumb"},"inLanguage":"en-GB","potentialAction":[{"@type":"ReadAction","target":["https:\/\/skaitytaknyga.lt\/produktas\/raphaelle-giordano-tavo-antras-gyvenimas-prasideda-supratus-kad-gyveni-tik-karta\/"]}]},{"@type":"ImageObject","inLanguage":"en-GB","@id":"https:\/\/skaitytaknyga.lt\/produktas\/raphaelle-giordano-tavo-antras-gyvenimas-prasideda-supratus-kad-gyveni-tik-karta\/#primaryimage","url":"https:\/\/skaitytaknyga.lt\/wp-content\/uploads\/2024\/04\/000000000001110591-59de862a13e4c-asset-knyguklubas-cdb_tavo-antras-gyvenimas-prasideda_p1.png","contentUrl":"https:\/\/skaitytaknyga.lt\/wp-content\/uploads\/2024\/04\/000000000001110591-59de862a13e4c-asset-knyguklubas-cdb_tavo-antras-gyvenimas-prasideda_p1.png","width":285,"height":467,"caption":"Tavo antras gyvenimas prasideda supratus, kad gyveni tik kart\u0105"},{"@type":"BreadcrumbList","@id":"https:\/\/skaitytaknyga.lt\/produktas\/raphaelle-giordano-tavo-antras-gyvenimas-prasideda-supratus-kad-gyveni-tik-karta\/#breadcrumb","itemListElement":[{"@type":"ListItem","position":1,"name":"Home","item":"https:\/\/skaitytaknyga.lt\/"},{"@type":"ListItem","position":2,"name":"Parduotuv\u0117","item":"https:\/\/skaitytaknyga.lt\/knygu-parduotuve\/"},{"@type":"ListItem","position":3,"name":"Rapha\u00eblle Giordano \u201eTavo antras gyvenimas prasideda, supratus, kad gyveni tik kart\u0105\u201c"}]},{"@type":"WebSite","@id":"https:\/\/skaitytaknyga.lt\/#website","url":"https:\/\/skaitytaknyga.lt\/","name":"skaitytaknyga.lt","description":"Skaitytaknyga.lt \u2013 tai ma\u017eas \u0161eimos verslas, kuris prasid\u0117jo nuo meil\u0117s knygoms ir siekio i\u0161gelb\u0117ti knygas nuo likimo prie konteinerio. Kas vienam nereikalingas daiktas \u2013 kitam lobis, o mes esame tarpininkai, kurie padeda abiems tapti laimingesniems ???? \u017dinome kaip nelengva i\u0161gyventi ma\u017eiems verslams, tad nuo \u0161iol, \u010dia rasite ir kit\u0173, ma\u017e\u0173 \u0161eim\u0173 versl\u0173, rank\u0173 darbo, dovan\u0173 sau ir artimiesiems.","publisher":{"@id":"https:\/\/skaitytaknyga.lt\/#organization"},"potentialAction":[{"@type":"SearchAction","target":{"@type":"EntryPoint","urlTemplate":"https:\/\/skaitytaknyga.lt\/?s={search_term_string}"},"query-input":{"@type":"PropertyValueSpecification","valueRequired":true,"valueName":"search_term_string"}}],"inLanguage":"en-GB"},{"@type":"Organization","@id":"https:\/\/skaitytaknyga.lt\/#organization","name":"skaitytaknyga.lt","url":"https:\/\/skaitytaknyga.lt\/","logo":{"@type":"ImageObject","inLanguage":"en-GB","@id":"https:\/\/skaitytaknyga.lt\/#\/schema\/logo\/image\/","url":"https:\/\/skaitytaknyga.lt\/wp-content\/uploads\/2024\/05\/cropped-cropped-cropped-02_00843_jt3bggkj1j3HLc7SyY6rEUpg.jpeg","contentUrl":"https:\/\/skaitytaknyga.lt\/wp-content\/uploads\/2024\/05\/cropped-cropped-cropped-02_00843_jt3bggkj1j3HLc7SyY6rEUpg.jpeg","width":1600,"height":1600,"caption":"skaitytaknyga.lt"},"image":{"@id":"https:\/\/skaitytaknyga.lt\/#\/schema\/logo\/image\/"},"sameAs":["https:\/\/www.facebook.com\/skaitytaknyga\/"]}]}},"_links":{"self":[{"href":"https:\/\/skaitytaknyga.lt\/en\/wp-json\/wp\/v2\/product\/2338","targetHints":{"allow":["GET"]}}],"collection":[{"href":"https:\/\/skaitytaknyga.lt\/en\/wp-json\/wp\/v2\/product"}],"about":[{"href":"https:\/\/skaitytaknyga.lt\/en\/wp-json\/wp\/v2\/types\/product"}],"replies":[{"embeddable":true,"href":"https:\/\/skaitytaknyga.lt\/en\/wp-json\/wp\/v2\/comments?post=2338"}],"wp:featuredmedia":[{"embeddable":true,"href":"https:\/\/skaitytaknyga.lt\/en\/wp-json\/wp\/v2\/media\/2374"}],"wp:attachment":[{"href":"https:\/\/skaitytaknyga.lt\/en\/wp-json\/wp\/v2\/media?parent=2338"}],"wp:term":[{"taxonomy":"product_brand","embeddable":true,"href":"https:\/\/skaitytaknyga.lt\/en\/wp-json\/wp\/v2\/product_brand?post=2338"},{"taxonomy":"product_cat","embeddable":true,"href":"https:\/\/skaitytaknyga.lt\/en\/wp-json\/wp\/v2\/product_cat?post=2338"},{"taxonomy":"product_tag","embeddable":true,"href":"https:\/\/skaitytaknyga.lt\/en\/wp-json\/wp\/v2\/product_tag?post=2338"}],"curies":[{"name":"wp","href":"https:\/\/api.w.org\/{rel}","templated":true}]}}