{"id":23297,"date":"2026-03-03T13:41:57","date_gmt":"2026-03-03T11:41:57","guid":{"rendered":"https:\/\/skaitytaknyga.lt\/?post_type=product&#038;p=23297"},"modified":"2026-03-10T17:09:12","modified_gmt":"2026-03-10T15:09:12","slug":"krikstatevio-kerstas","status":"publish","type":"product","link":"https:\/\/skaitytaknyga.lt\/en\/produktas\/krikstatevio-kerstas\/","title":{"rendered":"Krik\u0161tat\u0117vio ker\u0161tas"},"content":{"rendered":"<p>Jau klasika tap\u0119 Mario Puzo romanai apie paslapting\u0105 organizuoto nusikalstamumo pasaul\u012f suk\u0117l\u0117 nereg\u0117to susidom\u0117jimo bang\u0105 mafija. Baigiam\u0105j\u0105 \u201eKrik\u0161tat\u0117vio\u201c dal\u012f apie garsi\u0105j\u0105 Korleoni\u0173 \u0161eim\u0105 suk\u016br\u0117 Markas Winegardneris. \u201eKrik\u0161tat\u0117vio ker\u0161te\u201c veiksmas perkeliamas \u012f did\u017eiausi\u0105 scen\u0105 \u2013 ten, kur organizuotas nusikalstamumas susikerta su nacionaline politika.<br \/>\nAmerikie\u010di\u0173 ra\u0161ytojas Mark Winegardner gim\u0117 ir u\u017eaugo Brajano mieste, Ohajo valstijoje. Nuo pat vaikyst\u0117s kartu su t\u0117vais daug keliavo \u2013 penkiolikos met\u0173 Mark Winegardner jau buvo aplank\u0119s 48 JAV valstijas.<\/p>\n<p>Mark Winegardner knygos i\u0161renkamos kaip vienos geriausi\u0173 daugelio leidini\u0173, toki\u0173 kaip New York Times, Sun Times, USA Today ir kt., s\u0105ra\u0161uose.<\/p>\n","protected":false},"excerpt":{"rendered":"<p>Jau klasika tap\u0119 Mario Puzo romanai apie paslapting\u0105 organizuoto nusikalstamumo pasaul\u012f suk\u0117l\u0117 nereg\u0117to susidom\u0117jimo bang\u0105 mafija. Baigiam\u0105j\u0105 \u201eKrik\u0161tat\u0117vio\u201c dal\u012f apie garsi\u0105j\u0105 Korleoni\u0173 \u0161eim\u0105 suk\u016br\u0117 Markas Winegardneris. \u201eKrik\u0161tat\u0117vio ker\u0161te\u201c veiksmas perkeliamas \u012f did\u017eiausi\u0105 scen\u0105 \u2013 ten, kur organizuotas nusikalstamumas susikerta su nacionaline politika. Amerikie\u010di\u0173 ra\u0161ytojas Mark Winegardner gim\u0117 ir u\u017eaugo Brajano mieste, Ohajo valstijoje. Nuo pat vaikyst\u0117s kartu su t\u0117vais daug keliavo \u2013 penkiolikos met\u0173 Mark Winegardner jau buvo aplank\u0119s 48 JAV valstijas. Mark Winegardner knygos i\u0161renkamos kaip vienos geriausi\u0173 daugelio leidini\u0173, toki\u0173 kaip New York Times, Sun Times, USA Today ir kt., s\u0105ra\u0161uose.<\/p>\n","protected":false},"featured_media":24598,"comment_status":"open","ping_status":"closed","template":"","meta":{"_acf_changed":false,"site-sidebar-layout":"default","site-content-layout":"","ast-site-content-layout":"default","site-content-style":"default","site-sidebar-style":"default","ast-global-header-display":"","ast-banner-title-visibility":"","ast-main-header-display":"","ast-hfb-above-header-display":"","ast-hfb-below-header-display":"","ast-hfb-mobile-header-display":"","site-post-title":"","ast-breadcrumbs-content":"","ast-featured-img":"","footer-sml-layout":"","ast-disable-related-posts":"","theme-transparent-header-meta":"","adv-header-id-meta":"","stick-header-meta":"","header-above-stick-meta":"","header-main-stick-meta":"","header-below-stick-meta":"","astra-migrate-meta-layouts":"default","ast-page-background-enabled":"default","ast-page-background-meta":{"desktop":{"background-color":"","background-image":"","background-repeat":"repeat","background-position":"center center","background-size":"auto","background-attachment":"scroll","background-type":"","background-media":"","overlay-type":"","overlay-color":"","overlay-opacity":"","overlay-gradient":""},"tablet":{"background-color":"","background-image":"","background-repeat":"repeat","background-position":"center center","background-size":"auto","background-attachment":"scroll","background-type":"","background-media":"","overlay-type":"","overlay-color":"","overlay-opacity":"","overlay-gradient":""},"mobile":{"background-color":"","background-image":"","background-repeat":"repeat","background-position":"center center","background-size":"auto","background-attachment":"scroll","background-type":"","background-media":"","overlay-type":"","overlay-color":"","overlay-opacity":"","overlay-gradient":""}},"ast-content-background-meta":{"desktop":{"background-color":"var(--ast-global-color-4)","background-image":"","background-repeat":"repeat","background-position":"center center","background-size":"auto","background-attachment":"scroll","background-type":"","background-media":"","overlay-type":"","overlay-color":"","overlay-opacity":"","overlay-gradient":""},"tablet":{"background-color":"var(--ast-global-color-4)","background-image":"","background-repeat":"repeat","background-position":"center center","background-size":"auto","background-attachment":"scroll","background-type":"","background-media":"","overlay-type":"","overlay-color":"","overlay-opacity":"","overlay-gradient":""},"mobile":{"background-color":"var(--ast-global-color-4)","background-image":"","background-repeat":"repeat","background-position":"center center","background-size":"auto","background-attachment":"scroll","background-type":"","background-media":"","overlay-type":"","overlay-color":"","overlay-opacity":"","overlay-gradient":""}}},"product_brand":[],"product_cat":[9734],"product_tag":[9702],"class_list":{"0":"post-23297","1":"product","2":"type-product","3":"status-publish","4":"has-post-thumbnail","6":"product_cat-romanai","7":"product_tag-mark-winegardner","8":"desktop-align-left","9":"tablet-align-left","10":"mobile-align-left","12":"first","13":"instock","14":"shipping-taxable","15":"purchasable","16":"product-type-simple"},"acf":[],"yoast_head":"<!-- This site is optimized with the Yoast SEO plugin v27.0 - https:\/\/yoast.com\/product\/yoast-seo-wordpress\/ -->\n<title>Krik\u0161tat\u0117vio ker\u0161tas<\/title>\n<meta name=\"description\" content=\"Jau klasika tap\u0119 Mario Puzo romanai apie paslapting\u0105 organizuoto nusikalstamumo pasaul\u012f suk\u0117l\u0117 nereg\u0117to susidom\u0117jimo bang\u0105 mafija. Baigiam\u0105j\u0105\" \/>\n<meta name=\"robots\" content=\"index, follow, max-snippet:-1, max-image-preview:large, max-video-preview:-1\" \/>\n<link rel=\"canonical\" href=\"https:\/\/skaitytaknyga.lt\/en\/produktas\/krikstatevio-kerstas\/\" \/>\n<meta property=\"og:locale\" content=\"en_GB\" \/>\n<meta property=\"og:locale:alternate\" content=\"lt_LT\" \/>\n<meta property=\"og:type\" content=\"article\" \/>\n<meta property=\"og:title\" content=\"Krik\u0161tat\u0117vio ker\u0161tas\" \/>\n<meta property=\"og:description\" content=\"Jau klasika tap\u0119 Mario Puzo romanai apie paslapting\u0105 organizuoto nusikalstamumo pasaul\u012f suk\u0117l\u0117 nereg\u0117to susidom\u0117jimo bang\u0105 mafija. Baigiam\u0105j\u0105\" \/>\n<meta property=\"og:url\" content=\"https:\/\/skaitytaknyga.lt\/en\/produktas\/krikstatevio-kerstas\/\" \/>\n<meta property=\"og:site_name\" content=\"Skaitytaknyga\" \/>\n<meta property=\"article:publisher\" content=\"https:\/\/www.facebook.com\/skaitytaknyga\/\" \/>\n<meta property=\"article:modified_time\" content=\"2026-03-10T15:09:12+00:00\" \/>\n<meta property=\"og:image\" content=\"https:\/\/skaitytaknyga.lt\/wp-content\/uploads\/2026\/03\/Krikstatevio-kerstas.webp\" \/>\n\t<meta property=\"og:image:width\" content=\"300\" \/>\n\t<meta property=\"og:image:height\" content=\"511\" \/>\n\t<meta property=\"og:image:type\" content=\"image\/webp\" \/>\n<meta name=\"twitter:card\" content=\"summary_large_image\" \/>\n<meta name=\"twitter:label1\" content=\"Estimated reading time\" \/>\n\t<meta name=\"twitter:data1\" content=\"1 minute\" \/>\n<script type=\"application\/ld+json\" class=\"yoast-schema-graph\">{\"@context\":\"https:\/\/schema.org\",\"@graph\":[{\"@type\":\"WebPage\",\"@id\":\"https:\/\/skaitytaknyga.lt\/produktas\/krikstatevio-kerstas\/\",\"url\":\"https:\/\/skaitytaknyga.lt\/produktas\/krikstatevio-kerstas\/\",\"name\":\"Krik\u0161tat\u0117vio ker\u0161tas\",\"isPartOf\":{\"@id\":\"https:\/\/skaitytaknyga.lt\/#website\"},\"primaryImageOfPage\":{\"@id\":\"https:\/\/skaitytaknyga.lt\/produktas\/krikstatevio-kerstas\/#primaryimage\"},\"image\":{\"@id\":\"https:\/\/skaitytaknyga.lt\/produktas\/krikstatevio-kerstas\/#primaryimage\"},\"thumbnailUrl\":\"https:\/\/skaitytaknyga.lt\/wp-content\/uploads\/2026\/03\/Krikstatevio-kerstas.webp\",\"datePublished\":\"2026-03-03T11:41:57+00:00\",\"dateModified\":\"2026-03-10T15:09:12+00:00\",\"description\":\"Jau klasika tap\u0119 Mario Puzo romanai apie paslapting\u0105 organizuoto nusikalstamumo pasaul\u012f suk\u0117l\u0117 nereg\u0117to susidom\u0117jimo bang\u0105 mafija. Baigiam\u0105j\u0105\",\"breadcrumb\":{\"@id\":\"https:\/\/skaitytaknyga.lt\/produktas\/krikstatevio-kerstas\/#breadcrumb\"},\"inLanguage\":\"en-GB\",\"potentialAction\":[{\"@type\":\"ReadAction\",\"target\":[\"https:\/\/skaitytaknyga.lt\/produktas\/krikstatevio-kerstas\/\"]}]},{\"@type\":\"ImageObject\",\"inLanguage\":\"en-GB\",\"@id\":\"https:\/\/skaitytaknyga.lt\/produktas\/krikstatevio-kerstas\/#primaryimage\",\"url\":\"https:\/\/skaitytaknyga.lt\/wp-content\/uploads\/2026\/03\/Krikstatevio-kerstas.webp\",\"contentUrl\":\"https:\/\/skaitytaknyga.lt\/wp-content\/uploads\/2026\/03\/Krikstatevio-kerstas.webp\",\"width\":300,\"height\":511,\"caption\":\"Krik\u0161tat\u0117vio ker\u0161tas\"},{\"@type\":\"BreadcrumbList\",\"@id\":\"https:\/\/skaitytaknyga.lt\/produktas\/krikstatevio-kerstas\/#breadcrumb\",\"itemListElement\":[{\"@type\":\"ListItem\",\"position\":1,\"name\":\"Home\",\"item\":\"https:\/\/skaitytaknyga.lt\/\"},{\"@type\":\"ListItem\",\"position\":2,\"name\":\"Parduotuv\u0117\",\"item\":\"https:\/\/skaitytaknyga.lt\/knygu-parduotuve\/\"},{\"@type\":\"ListItem\",\"position\":3,\"name\":\"Krik\u0161tat\u0117vio ker\u0161tas\"}]},{\"@type\":\"WebSite\",\"@id\":\"https:\/\/skaitytaknyga.lt\/#website\",\"url\":\"https:\/\/skaitytaknyga.lt\/\",\"name\":\"skaitytaknyga.lt\",\"description\":\"Skaitytaknyga.lt \u2013 tai ma\u017eas \u0161eimos verslas, kuris prasid\u0117jo nuo meil\u0117s knygoms ir siekio i\u0161gelb\u0117ti knygas nuo likimo prie konteinerio. Kas vienam nereikalingas daiktas \u2013 kitam lobis, o mes esame tarpininkai, kurie padeda abiems tapti laimingesniems ???? \u017dinome kaip nelengva i\u0161gyventi ma\u017eiems verslams, tad nuo \u0161iol, \u010dia rasite ir kit\u0173, ma\u017e\u0173 \u0161eim\u0173 versl\u0173, rank\u0173 darbo, dovan\u0173 sau ir artimiesiems.\",\"publisher\":{\"@id\":\"https:\/\/skaitytaknyga.lt\/#organization\"},\"potentialAction\":[{\"@type\":\"SearchAction\",\"target\":{\"@type\":\"EntryPoint\",\"urlTemplate\":\"https:\/\/skaitytaknyga.lt\/?s={search_term_string}\"},\"query-input\":{\"@type\":\"PropertyValueSpecification\",\"valueRequired\":true,\"valueName\":\"search_term_string\"}}],\"inLanguage\":\"en-GB\"},{\"@type\":\"Organization\",\"@id\":\"https:\/\/skaitytaknyga.lt\/#organization\",\"name\":\"skaitytaknyga.lt\",\"url\":\"https:\/\/skaitytaknyga.lt\/\",\"logo\":{\"@type\":\"ImageObject\",\"inLanguage\":\"en-GB\",\"@id\":\"https:\/\/skaitytaknyga.lt\/#\/schema\/logo\/image\/\",\"url\":\"https:\/\/skaitytaknyga.lt\/wp-content\/uploads\/2024\/05\/cropped-cropped-cropped-02_00843_jt3bggkj1j3HLc7SyY6rEUpg.jpeg\",\"contentUrl\":\"https:\/\/skaitytaknyga.lt\/wp-content\/uploads\/2024\/05\/cropped-cropped-cropped-02_00843_jt3bggkj1j3HLc7SyY6rEUpg.jpeg\",\"width\":1600,\"height\":1600,\"caption\":\"skaitytaknyga.lt\"},\"image\":{\"@id\":\"https:\/\/skaitytaknyga.lt\/#\/schema\/logo\/image\/\"},\"sameAs\":[\"https:\/\/www.facebook.com\/skaitytaknyga\/\"]}]}<\/script>\n<!-- \/ Yoast SEO plugin. -->","yoast_head_json":{"title":"Krik\u0161tat\u0117vio ker\u0161tas","description":"Jau klasika tap\u0119 Mario Puzo romanai apie paslapting\u0105 organizuoto nusikalstamumo pasaul\u012f suk\u0117l\u0117 nereg\u0117to susidom\u0117jimo bang\u0105 mafija. Baigiam\u0105j\u0105","robots":{"index":"index","follow":"follow","max-snippet":"max-snippet:-1","max-image-preview":"max-image-preview:large","max-video-preview":"max-video-preview:-1"},"canonical":"https:\/\/skaitytaknyga.lt\/en\/produktas\/krikstatevio-kerstas\/","og_locale":"en_GB","og_type":"article","og_title":"[:lt]Krik\u0161tat\u0117vio ker\u0161tas[:] - Skaitytaknyga","og_description":"Jau klasika tap\u0119 Mario Puzo romanai apie paslapting\u0105 organizuoto nusikalstamumo pasaul\u012f suk\u0117l\u0117 nereg\u0117to susidom\u0117jimo bang\u0105 mafija. Baigiam\u0105j\u0105","og_url":"https:\/\/skaitytaknyga.lt\/en\/produktas\/krikstatevio-kerstas\/","og_site_name":"Skaitytaknyga","article_publisher":"https:\/\/www.facebook.com\/skaitytaknyga\/","article_modified_time":"2026-03-10T15:09:12+00:00","og_image":[{"width":300,"height":511,"url":"https:\/\/skaitytaknyga.lt\/wp-content\/uploads\/2026\/03\/Krikstatevio-kerstas.webp","type":"image\/webp"}],"twitter_card":"summary_large_image","twitter_misc":{"Estimated reading time":"1 minute"},"schema":{"@context":"https:\/\/schema.org","@graph":[{"@type":"WebPage","@id":"https:\/\/skaitytaknyga.lt\/produktas\/krikstatevio-kerstas\/","url":"https:\/\/skaitytaknyga.lt\/produktas\/krikstatevio-kerstas\/","name":"Krik\u0161tat\u0117vio ker\u0161tas","isPartOf":{"@id":"https:\/\/skaitytaknyga.lt\/#website"},"primaryImageOfPage":{"@id":"https:\/\/skaitytaknyga.lt\/produktas\/krikstatevio-kerstas\/#primaryimage"},"image":{"@id":"https:\/\/skaitytaknyga.lt\/produktas\/krikstatevio-kerstas\/#primaryimage"},"thumbnailUrl":"https:\/\/skaitytaknyga.lt\/wp-content\/uploads\/2026\/03\/Krikstatevio-kerstas.webp","datePublished":"2026-03-03T11:41:57+00:00","dateModified":"2026-03-10T15:09:12+00:00","description":"Jau klasika tap\u0119 Mario Puzo romanai apie paslapting\u0105 organizuoto nusikalstamumo pasaul\u012f suk\u0117l\u0117 nereg\u0117to susidom\u0117jimo bang\u0105 mafija. Baigiam\u0105j\u0105","breadcrumb":{"@id":"https:\/\/skaitytaknyga.lt\/produktas\/krikstatevio-kerstas\/#breadcrumb"},"inLanguage":"en-GB","potentialAction":[{"@type":"ReadAction","target":["https:\/\/skaitytaknyga.lt\/produktas\/krikstatevio-kerstas\/"]}]},{"@type":"ImageObject","inLanguage":"en-GB","@id":"https:\/\/skaitytaknyga.lt\/produktas\/krikstatevio-kerstas\/#primaryimage","url":"https:\/\/skaitytaknyga.lt\/wp-content\/uploads\/2026\/03\/Krikstatevio-kerstas.webp","contentUrl":"https:\/\/skaitytaknyga.lt\/wp-content\/uploads\/2026\/03\/Krikstatevio-kerstas.webp","width":300,"height":511,"caption":"Krik\u0161tat\u0117vio ker\u0161tas"},{"@type":"BreadcrumbList","@id":"https:\/\/skaitytaknyga.lt\/produktas\/krikstatevio-kerstas\/#breadcrumb","itemListElement":[{"@type":"ListItem","position":1,"name":"Home","item":"https:\/\/skaitytaknyga.lt\/"},{"@type":"ListItem","position":2,"name":"Parduotuv\u0117","item":"https:\/\/skaitytaknyga.lt\/knygu-parduotuve\/"},{"@type":"ListItem","position":3,"name":"Krik\u0161tat\u0117vio ker\u0161tas"}]},{"@type":"WebSite","@id":"https:\/\/skaitytaknyga.lt\/#website","url":"https:\/\/skaitytaknyga.lt\/","name":"skaitytaknyga.lt","description":"Skaitytaknyga.lt \u2013 tai ma\u017eas \u0161eimos verslas, kuris prasid\u0117jo nuo meil\u0117s knygoms ir siekio i\u0161gelb\u0117ti knygas nuo likimo prie konteinerio. Kas vienam nereikalingas daiktas \u2013 kitam lobis, o mes esame tarpininkai, kurie padeda abiems tapti laimingesniems ???? \u017dinome kaip nelengva i\u0161gyventi ma\u017eiems verslams, tad nuo \u0161iol, \u010dia rasite ir kit\u0173, ma\u017e\u0173 \u0161eim\u0173 versl\u0173, rank\u0173 darbo, dovan\u0173 sau ir artimiesiems.","publisher":{"@id":"https:\/\/skaitytaknyga.lt\/#organization"},"potentialAction":[{"@type":"SearchAction","target":{"@type":"EntryPoint","urlTemplate":"https:\/\/skaitytaknyga.lt\/?s={search_term_string}"},"query-input":{"@type":"PropertyValueSpecification","valueRequired":true,"valueName":"search_term_string"}}],"inLanguage":"en-GB"},{"@type":"Organization","@id":"https:\/\/skaitytaknyga.lt\/#organization","name":"skaitytaknyga.lt","url":"https:\/\/skaitytaknyga.lt\/","logo":{"@type":"ImageObject","inLanguage":"en-GB","@id":"https:\/\/skaitytaknyga.lt\/#\/schema\/logo\/image\/","url":"https:\/\/skaitytaknyga.lt\/wp-content\/uploads\/2024\/05\/cropped-cropped-cropped-02_00843_jt3bggkj1j3HLc7SyY6rEUpg.jpeg","contentUrl":"https:\/\/skaitytaknyga.lt\/wp-content\/uploads\/2024\/05\/cropped-cropped-cropped-02_00843_jt3bggkj1j3HLc7SyY6rEUpg.jpeg","width":1600,"height":1600,"caption":"skaitytaknyga.lt"},"image":{"@id":"https:\/\/skaitytaknyga.lt\/#\/schema\/logo\/image\/"},"sameAs":["https:\/\/www.facebook.com\/skaitytaknyga\/"]}]}},"_links":{"self":[{"href":"https:\/\/skaitytaknyga.lt\/en\/wp-json\/wp\/v2\/product\/23297","targetHints":{"allow":["GET"]}}],"collection":[{"href":"https:\/\/skaitytaknyga.lt\/en\/wp-json\/wp\/v2\/product"}],"about":[{"href":"https:\/\/skaitytaknyga.lt\/en\/wp-json\/wp\/v2\/types\/product"}],"replies":[{"embeddable":true,"href":"https:\/\/skaitytaknyga.lt\/en\/wp-json\/wp\/v2\/comments?post=23297"}],"wp:featuredmedia":[{"embeddable":true,"href":"https:\/\/skaitytaknyga.lt\/en\/wp-json\/wp\/v2\/media\/24598"}],"wp:attachment":[{"href":"https:\/\/skaitytaknyga.lt\/en\/wp-json\/wp\/v2\/media?parent=23297"}],"wp:term":[{"taxonomy":"product_brand","embeddable":true,"href":"https:\/\/skaitytaknyga.lt\/en\/wp-json\/wp\/v2\/product_brand?post=23297"},{"taxonomy":"product_cat","embeddable":true,"href":"https:\/\/skaitytaknyga.lt\/en\/wp-json\/wp\/v2\/product_cat?post=23297"},{"taxonomy":"product_tag","embeddable":true,"href":"https:\/\/skaitytaknyga.lt\/en\/wp-json\/wp\/v2\/product_tag?post=23297"}],"curies":[{"name":"wp","href":"https:\/\/api.w.org\/{rel}","templated":true}]}}