{"id":23296,"date":"2026-03-03T13:41:57","date_gmt":"2026-03-03T11:41:57","guid":{"rendered":"https:\/\/skaitytaknyga.lt\/?post_type=product&#038;p=23296"},"modified":"2026-03-10T17:12:55","modified_gmt":"2026-03-10T15:12:55","slug":"sutrupinti-kaulai-2","status":"publish","type":"product","link":"https:\/\/skaitytaknyga.lt\/en\/produktas\/sutrupinti-kaulai-2\/","title":{"rendered":"Sutrupinti kaulai"},"content":{"rendered":"<p>Jos man\u0117, kad yra saugios. Klydo.<\/p>\n<p>Vien\u0105 \u0161alt\u0105 \u017eiemos vakar\u0105 rasta nu\u017eudyta jauna prostitut\u0117 ir paliktas prie nuovados k\u016bdikis tampa nerim\u0105 kelian\u010dio detektyv\u0117s Kimos Stoun tyrimo prad\u017eia. Tyrimo, kur\u012f atliekant teks susidurti su \u017emogumi i\u0161 savo pa\u010dios siaubingos vaikyst\u0117s.<\/p>\n<p>Kai viena po kitos vis \u017eiauriau \u017e\u016bsta dar trys pla\u0161tak\u0117s, Kima ir jos komanda supranta, kad pirmoji \u017emog\u017eudyst\u0117 \u2015 ne atskiras \u017eiaurus u\u017epuolimas, o gudraus serijinio \u017eudiko med\u017eiokl\u0117s prad\u017eia.<\/p>\n<p>Tuo pat metu Kimos komandai tenka ai\u0161kintis, kokia motina paliko naujagim\u012f prie policijos nuovados. Netrukus tyrimas pakrypsta kur kas rimtesne linkme.<\/p>\n<p>Dingsta dar viena jauna mergina ir tyr\u0117j\u0173 komanda leid\u017eiasi \u012f \u0161iurp\u0173 slapt\u0105 pasaul\u012f, kur\u012f atskleidus Kima rizikuoja pavie\u0161inti savo pa\u010dios paslaptis. Ar kovodama su savo demonais detektyv\u0117 sustabdys \u017eudik\u0105, kol nenutr\u016bko dar viena gyvyb\u0117?<\/p>\n<p>\u012etraukiantis naujas bestseleri\u0173 autor\u0117s detektyvas neleis atsikv\u0117pti iki pabaigos, kuri ver\u010dia i\u0161si\u017eioti.<\/p>\n","protected":false},"excerpt":{"rendered":"<p>Jos man\u0117, kad yra saugios. Klydo. Vien\u0105 \u0161alt\u0105 \u017eiemos vakar\u0105 rasta nu\u017eudyta jauna prostitut\u0117 ir paliktas prie nuovados k\u016bdikis tampa nerim\u0105 kelian\u010dio detektyv\u0117s Kimos Stoun tyrimo prad\u017eia. Tyrimo, kur\u012f atliekant teks susidurti su \u017emogumi i\u0161 savo pa\u010dios siaubingos vaikyst\u0117s. Kai viena po kitos vis \u017eiauriau \u017e\u016bsta dar trys pla\u0161tak\u0117s, Kima ir jos komanda supranta, kad pirmoji \u017emog\u017eudyst\u0117 \u2015 ne atskiras \u017eiaurus u\u017epuolimas, o gudraus serijinio \u017eudiko med\u017eiokl\u0117s prad\u017eia. Tuo pat metu Kimos komandai tenka ai\u0161kintis, kokia motina paliko naujagim\u012f prie policijos nuovados. Netrukus tyrimas pakrypsta kur kas rimtesne linkme. Dingsta dar viena jauna mergina ir tyr\u0117j\u0173 komanda leid\u017eiasi \u012f \u0161iurp\u0173 slapt\u0105 pasaul\u012f, kur\u012f atskleidus Kima rizikuoja pavie\u0161inti savo pa\u010dios paslaptis. Ar kovodama su savo demonais detektyv\u0117 sustabdys \u017eudik\u0105, kol nenutr\u016bko dar viena gyvyb\u0117? \u012etraukiantis naujas bestseleri\u0173 autor\u0117s detektyvas neleis atsikv\u0117pti iki pabaigos, kuri ver\u010dia i\u0161si\u017eioti.<\/p>\n","protected":false},"featured_media":24597,"comment_status":"open","ping_status":"closed","template":"","meta":{"_acf_changed":false,"site-sidebar-layout":"default","site-content-layout":"","ast-site-content-layout":"default","site-content-style":"default","site-sidebar-style":"default","ast-global-header-display":"","ast-banner-title-visibility":"","ast-main-header-display":"","ast-hfb-above-header-display":"","ast-hfb-below-header-display":"","ast-hfb-mobile-header-display":"","site-post-title":"","ast-breadcrumbs-content":"","ast-featured-img":"","footer-sml-layout":"","ast-disable-related-posts":"","theme-transparent-header-meta":"","adv-header-id-meta":"","stick-header-meta":"","header-above-stick-meta":"","header-main-stick-meta":"","header-below-stick-meta":"","astra-migrate-meta-layouts":"default","ast-page-background-enabled":"default","ast-page-background-meta":{"desktop":{"background-color":"","background-image":"","background-repeat":"repeat","background-position":"center center","background-size":"auto","background-attachment":"scroll","background-type":"","background-media":"","overlay-type":"","overlay-color":"","overlay-opacity":"","overlay-gradient":""},"tablet":{"background-color":"","background-image":"","background-repeat":"repeat","background-position":"center center","background-size":"auto","background-attachment":"scroll","background-type":"","background-media":"","overlay-type":"","overlay-color":"","overlay-opacity":"","overlay-gradient":""},"mobile":{"background-color":"","background-image":"","background-repeat":"repeat","background-position":"center center","background-size":"auto","background-attachment":"scroll","background-type":"","background-media":"","overlay-type":"","overlay-color":"","overlay-opacity":"","overlay-gradient":""}},"ast-content-background-meta":{"desktop":{"background-color":"var(--ast-global-color-4)","background-image":"","background-repeat":"repeat","background-position":"center center","background-size":"auto","background-attachment":"scroll","background-type":"","background-media":"","overlay-type":"","overlay-color":"","overlay-opacity":"","overlay-gradient":""},"tablet":{"background-color":"var(--ast-global-color-4)","background-image":"","background-repeat":"repeat","background-position":"center center","background-size":"auto","background-attachment":"scroll","background-type":"","background-media":"","overlay-type":"","overlay-color":"","overlay-opacity":"","overlay-gradient":""},"mobile":{"background-color":"var(--ast-global-color-4)","background-image":"","background-repeat":"repeat","background-position":"center center","background-size":"auto","background-attachment":"scroll","background-type":"","background-media":"","overlay-type":"","overlay-color":"","overlay-opacity":"","overlay-gradient":""}}},"product_brand":[],"product_cat":[9581],"product_tag":[1586],"class_list":{"0":"post-23296","1":"product","2":"type-product","3":"status-publish","4":"has-post-thumbnail","6":"product_cat-kriminaliniai-romanai","7":"product_tag-angela-marsons","8":"desktop-align-left","9":"tablet-align-left","10":"mobile-align-left","12":"first","13":"instock","14":"shipping-taxable","15":"purchasable","16":"product-type-simple"},"acf":[],"yoast_head":"<!-- This site is optimized with the Yoast SEO plugin v27.0 - https:\/\/yoast.com\/product\/yoast-seo-wordpress\/ -->\n<title>Sutrupinti kaulai<\/title>\n<meta name=\"description\" content=\"Jos man\u0117, kad yra saugios. Klydo. Vien\u0105 \u0161alt\u0105 \u017eiemos vakar\u0105 rasta nu\u017eudyta jauna prostitut\u0117 ir paliktas prie nuovados k\u016bdikis tampa nerim\u0105 kelian\u010dio\" \/>\n<meta name=\"robots\" content=\"index, follow, max-snippet:-1, max-image-preview:large, max-video-preview:-1\" \/>\n<link rel=\"canonical\" href=\"https:\/\/skaitytaknyga.lt\/en\/produktas\/sutrupinti-kaulai-2\/\" \/>\n<meta property=\"og:locale\" content=\"en_GB\" \/>\n<meta property=\"og:locale:alternate\" content=\"lt_LT\" \/>\n<meta property=\"og:type\" content=\"article\" \/>\n<meta property=\"og:title\" content=\"Sutrupinti kaulai\" \/>\n<meta property=\"og:description\" content=\"Jos man\u0117, kad yra saugios. Klydo. Vien\u0105 \u0161alt\u0105 \u017eiemos vakar\u0105 rasta nu\u017eudyta jauna prostitut\u0117 ir paliktas prie nuovados k\u016bdikis tampa nerim\u0105 kelian\u010dio\" \/>\n<meta property=\"og:url\" content=\"https:\/\/skaitytaknyga.lt\/en\/produktas\/sutrupinti-kaulai-2\/\" \/>\n<meta property=\"og:site_name\" content=\"Skaitytaknyga\" \/>\n<meta property=\"article:publisher\" content=\"https:\/\/www.facebook.com\/skaitytaknyga\/\" \/>\n<meta property=\"article:modified_time\" content=\"2026-03-10T15:12:55+00:00\" \/>\n<meta property=\"og:image\" content=\"https:\/\/skaitytaknyga.lt\/wp-content\/uploads\/2026\/03\/Sutrupinti-kaulai.webp\" \/>\n\t<meta property=\"og:image:width\" content=\"300\" \/>\n\t<meta property=\"og:image:height\" content=\"451\" \/>\n\t<meta property=\"og:image:type\" content=\"image\/webp\" \/>\n<meta name=\"twitter:card\" content=\"summary_large_image\" \/>\n<meta name=\"twitter:label1\" content=\"Estimated reading time\" \/>\n\t<meta name=\"twitter:data1\" content=\"1 minute\" \/>\n<script type=\"application\/ld+json\" class=\"yoast-schema-graph\">{\"@context\":\"https:\/\/schema.org\",\"@graph\":[{\"@type\":\"WebPage\",\"@id\":\"https:\/\/skaitytaknyga.lt\/produktas\/sutrupinti-kaulai-2\/\",\"url\":\"https:\/\/skaitytaknyga.lt\/produktas\/sutrupinti-kaulai-2\/\",\"name\":\"Sutrupinti kaulai\",\"isPartOf\":{\"@id\":\"https:\/\/skaitytaknyga.lt\/#website\"},\"primaryImageOfPage\":{\"@id\":\"https:\/\/skaitytaknyga.lt\/produktas\/sutrupinti-kaulai-2\/#primaryimage\"},\"image\":{\"@id\":\"https:\/\/skaitytaknyga.lt\/produktas\/sutrupinti-kaulai-2\/#primaryimage\"},\"thumbnailUrl\":\"https:\/\/skaitytaknyga.lt\/wp-content\/uploads\/2026\/03\/Sutrupinti-kaulai.webp\",\"datePublished\":\"2026-03-03T11:41:57+00:00\",\"dateModified\":\"2026-03-10T15:12:55+00:00\",\"description\":\"Jos man\u0117, kad yra saugios. Klydo. Vien\u0105 \u0161alt\u0105 \u017eiemos vakar\u0105 rasta nu\u017eudyta jauna prostitut\u0117 ir paliktas prie nuovados k\u016bdikis tampa nerim\u0105 kelian\u010dio\",\"breadcrumb\":{\"@id\":\"https:\/\/skaitytaknyga.lt\/produktas\/sutrupinti-kaulai-2\/#breadcrumb\"},\"inLanguage\":\"en-GB\",\"potentialAction\":[{\"@type\":\"ReadAction\",\"target\":[\"https:\/\/skaitytaknyga.lt\/produktas\/sutrupinti-kaulai-2\/\"]}]},{\"@type\":\"ImageObject\",\"inLanguage\":\"en-GB\",\"@id\":\"https:\/\/skaitytaknyga.lt\/produktas\/sutrupinti-kaulai-2\/#primaryimage\",\"url\":\"https:\/\/skaitytaknyga.lt\/wp-content\/uploads\/2026\/03\/Sutrupinti-kaulai.webp\",\"contentUrl\":\"https:\/\/skaitytaknyga.lt\/wp-content\/uploads\/2026\/03\/Sutrupinti-kaulai.webp\",\"width\":300,\"height\":451,\"caption\":\"Sutrupinti kaulai\"},{\"@type\":\"BreadcrumbList\",\"@id\":\"https:\/\/skaitytaknyga.lt\/produktas\/sutrupinti-kaulai-2\/#breadcrumb\",\"itemListElement\":[{\"@type\":\"ListItem\",\"position\":1,\"name\":\"Home\",\"item\":\"https:\/\/skaitytaknyga.lt\/\"},{\"@type\":\"ListItem\",\"position\":2,\"name\":\"Parduotuv\u0117\",\"item\":\"https:\/\/skaitytaknyga.lt\/knygu-parduotuve\/\"},{\"@type\":\"ListItem\",\"position\":3,\"name\":\"Sutrupinti kaulai\"}]},{\"@type\":\"WebSite\",\"@id\":\"https:\/\/skaitytaknyga.lt\/#website\",\"url\":\"https:\/\/skaitytaknyga.lt\/\",\"name\":\"skaitytaknyga.lt\",\"description\":\"Skaitytaknyga.lt \u2013 tai ma\u017eas \u0161eimos verslas, kuris prasid\u0117jo nuo meil\u0117s knygoms ir siekio i\u0161gelb\u0117ti knygas nuo likimo prie konteinerio. Kas vienam nereikalingas daiktas \u2013 kitam lobis, o mes esame tarpininkai, kurie padeda abiems tapti laimingesniems ???? \u017dinome kaip nelengva i\u0161gyventi ma\u017eiems verslams, tad nuo \u0161iol, \u010dia rasite ir kit\u0173, ma\u017e\u0173 \u0161eim\u0173 versl\u0173, rank\u0173 darbo, dovan\u0173 sau ir artimiesiems.\",\"publisher\":{\"@id\":\"https:\/\/skaitytaknyga.lt\/#organization\"},\"potentialAction\":[{\"@type\":\"SearchAction\",\"target\":{\"@type\":\"EntryPoint\",\"urlTemplate\":\"https:\/\/skaitytaknyga.lt\/?s={search_term_string}\"},\"query-input\":{\"@type\":\"PropertyValueSpecification\",\"valueRequired\":true,\"valueName\":\"search_term_string\"}}],\"inLanguage\":\"en-GB\"},{\"@type\":\"Organization\",\"@id\":\"https:\/\/skaitytaknyga.lt\/#organization\",\"name\":\"skaitytaknyga.lt\",\"url\":\"https:\/\/skaitytaknyga.lt\/\",\"logo\":{\"@type\":\"ImageObject\",\"inLanguage\":\"en-GB\",\"@id\":\"https:\/\/skaitytaknyga.lt\/#\/schema\/logo\/image\/\",\"url\":\"https:\/\/skaitytaknyga.lt\/wp-content\/uploads\/2024\/05\/cropped-cropped-cropped-02_00843_jt3bggkj1j3HLc7SyY6rEUpg.jpeg\",\"contentUrl\":\"https:\/\/skaitytaknyga.lt\/wp-content\/uploads\/2024\/05\/cropped-cropped-cropped-02_00843_jt3bggkj1j3HLc7SyY6rEUpg.jpeg\",\"width\":1600,\"height\":1600,\"caption\":\"skaitytaknyga.lt\"},\"image\":{\"@id\":\"https:\/\/skaitytaknyga.lt\/#\/schema\/logo\/image\/\"},\"sameAs\":[\"https:\/\/www.facebook.com\/skaitytaknyga\/\"]}]}<\/script>\n<!-- \/ Yoast SEO plugin. -->","yoast_head_json":{"title":"Sutrupinti kaulai","description":"Jos man\u0117, kad yra saugios. Klydo. Vien\u0105 \u0161alt\u0105 \u017eiemos vakar\u0105 rasta nu\u017eudyta jauna prostitut\u0117 ir paliktas prie nuovados k\u016bdikis tampa nerim\u0105 kelian\u010dio","robots":{"index":"index","follow":"follow","max-snippet":"max-snippet:-1","max-image-preview":"max-image-preview:large","max-video-preview":"max-video-preview:-1"},"canonical":"https:\/\/skaitytaknyga.lt\/en\/produktas\/sutrupinti-kaulai-2\/","og_locale":"en_GB","og_type":"article","og_title":"[:lt]Sutrupinti kaulai[:] - Skaitytaknyga","og_description":"Jos man\u0117, kad yra saugios. Klydo. Vien\u0105 \u0161alt\u0105 \u017eiemos vakar\u0105 rasta nu\u017eudyta jauna prostitut\u0117 ir paliktas prie nuovados k\u016bdikis tampa nerim\u0105 kelian\u010dio","og_url":"https:\/\/skaitytaknyga.lt\/en\/produktas\/sutrupinti-kaulai-2\/","og_site_name":"Skaitytaknyga","article_publisher":"https:\/\/www.facebook.com\/skaitytaknyga\/","article_modified_time":"2026-03-10T15:12:55+00:00","og_image":[{"width":300,"height":451,"url":"https:\/\/skaitytaknyga.lt\/wp-content\/uploads\/2026\/03\/Sutrupinti-kaulai.webp","type":"image\/webp"}],"twitter_card":"summary_large_image","twitter_misc":{"Estimated reading time":"1 minute"},"schema":{"@context":"https:\/\/schema.org","@graph":[{"@type":"WebPage","@id":"https:\/\/skaitytaknyga.lt\/produktas\/sutrupinti-kaulai-2\/","url":"https:\/\/skaitytaknyga.lt\/produktas\/sutrupinti-kaulai-2\/","name":"Sutrupinti kaulai","isPartOf":{"@id":"https:\/\/skaitytaknyga.lt\/#website"},"primaryImageOfPage":{"@id":"https:\/\/skaitytaknyga.lt\/produktas\/sutrupinti-kaulai-2\/#primaryimage"},"image":{"@id":"https:\/\/skaitytaknyga.lt\/produktas\/sutrupinti-kaulai-2\/#primaryimage"},"thumbnailUrl":"https:\/\/skaitytaknyga.lt\/wp-content\/uploads\/2026\/03\/Sutrupinti-kaulai.webp","datePublished":"2026-03-03T11:41:57+00:00","dateModified":"2026-03-10T15:12:55+00:00","description":"Jos man\u0117, kad yra saugios. Klydo. Vien\u0105 \u0161alt\u0105 \u017eiemos vakar\u0105 rasta nu\u017eudyta jauna prostitut\u0117 ir paliktas prie nuovados k\u016bdikis tampa nerim\u0105 kelian\u010dio","breadcrumb":{"@id":"https:\/\/skaitytaknyga.lt\/produktas\/sutrupinti-kaulai-2\/#breadcrumb"},"inLanguage":"en-GB","potentialAction":[{"@type":"ReadAction","target":["https:\/\/skaitytaknyga.lt\/produktas\/sutrupinti-kaulai-2\/"]}]},{"@type":"ImageObject","inLanguage":"en-GB","@id":"https:\/\/skaitytaknyga.lt\/produktas\/sutrupinti-kaulai-2\/#primaryimage","url":"https:\/\/skaitytaknyga.lt\/wp-content\/uploads\/2026\/03\/Sutrupinti-kaulai.webp","contentUrl":"https:\/\/skaitytaknyga.lt\/wp-content\/uploads\/2026\/03\/Sutrupinti-kaulai.webp","width":300,"height":451,"caption":"Sutrupinti kaulai"},{"@type":"BreadcrumbList","@id":"https:\/\/skaitytaknyga.lt\/produktas\/sutrupinti-kaulai-2\/#breadcrumb","itemListElement":[{"@type":"ListItem","position":1,"name":"Home","item":"https:\/\/skaitytaknyga.lt\/"},{"@type":"ListItem","position":2,"name":"Parduotuv\u0117","item":"https:\/\/skaitytaknyga.lt\/knygu-parduotuve\/"},{"@type":"ListItem","position":3,"name":"Sutrupinti kaulai"}]},{"@type":"WebSite","@id":"https:\/\/skaitytaknyga.lt\/#website","url":"https:\/\/skaitytaknyga.lt\/","name":"skaitytaknyga.lt","description":"Skaitytaknyga.lt \u2013 tai ma\u017eas \u0161eimos verslas, kuris prasid\u0117jo nuo meil\u0117s knygoms ir siekio i\u0161gelb\u0117ti knygas nuo likimo prie konteinerio. Kas vienam nereikalingas daiktas \u2013 kitam lobis, o mes esame tarpininkai, kurie padeda abiems tapti laimingesniems ???? \u017dinome kaip nelengva i\u0161gyventi ma\u017eiems verslams, tad nuo \u0161iol, \u010dia rasite ir kit\u0173, ma\u017e\u0173 \u0161eim\u0173 versl\u0173, rank\u0173 darbo, dovan\u0173 sau ir artimiesiems.","publisher":{"@id":"https:\/\/skaitytaknyga.lt\/#organization"},"potentialAction":[{"@type":"SearchAction","target":{"@type":"EntryPoint","urlTemplate":"https:\/\/skaitytaknyga.lt\/?s={search_term_string}"},"query-input":{"@type":"PropertyValueSpecification","valueRequired":true,"valueName":"search_term_string"}}],"inLanguage":"en-GB"},{"@type":"Organization","@id":"https:\/\/skaitytaknyga.lt\/#organization","name":"skaitytaknyga.lt","url":"https:\/\/skaitytaknyga.lt\/","logo":{"@type":"ImageObject","inLanguage":"en-GB","@id":"https:\/\/skaitytaknyga.lt\/#\/schema\/logo\/image\/","url":"https:\/\/skaitytaknyga.lt\/wp-content\/uploads\/2024\/05\/cropped-cropped-cropped-02_00843_jt3bggkj1j3HLc7SyY6rEUpg.jpeg","contentUrl":"https:\/\/skaitytaknyga.lt\/wp-content\/uploads\/2024\/05\/cropped-cropped-cropped-02_00843_jt3bggkj1j3HLc7SyY6rEUpg.jpeg","width":1600,"height":1600,"caption":"skaitytaknyga.lt"},"image":{"@id":"https:\/\/skaitytaknyga.lt\/#\/schema\/logo\/image\/"},"sameAs":["https:\/\/www.facebook.com\/skaitytaknyga\/"]}]}},"_links":{"self":[{"href":"https:\/\/skaitytaknyga.lt\/en\/wp-json\/wp\/v2\/product\/23296","targetHints":{"allow":["GET"]}}],"collection":[{"href":"https:\/\/skaitytaknyga.lt\/en\/wp-json\/wp\/v2\/product"}],"about":[{"href":"https:\/\/skaitytaknyga.lt\/en\/wp-json\/wp\/v2\/types\/product"}],"replies":[{"embeddable":true,"href":"https:\/\/skaitytaknyga.lt\/en\/wp-json\/wp\/v2\/comments?post=23296"}],"wp:featuredmedia":[{"embeddable":true,"href":"https:\/\/skaitytaknyga.lt\/en\/wp-json\/wp\/v2\/media\/24597"}],"wp:attachment":[{"href":"https:\/\/skaitytaknyga.lt\/en\/wp-json\/wp\/v2\/media?parent=23296"}],"wp:term":[{"taxonomy":"product_brand","embeddable":true,"href":"https:\/\/skaitytaknyga.lt\/en\/wp-json\/wp\/v2\/product_brand?post=23296"},{"taxonomy":"product_cat","embeddable":true,"href":"https:\/\/skaitytaknyga.lt\/en\/wp-json\/wp\/v2\/product_cat?post=23296"},{"taxonomy":"product_tag","embeddable":true,"href":"https:\/\/skaitytaknyga.lt\/en\/wp-json\/wp\/v2\/product_tag?post=23296"}],"curies":[{"name":"wp","href":"https:\/\/api.w.org\/{rel}","templated":true}]}}