{"id":23294,"date":"2026-03-03T13:41:56","date_gmt":"2026-03-03T11:41:56","guid":{"rendered":"https:\/\/skaitytaknyga.lt\/?post_type=product&#038;p=23294"},"modified":"2026-03-16T14:18:54","modified_gmt":"2026-03-16T12:18:54","slug":"kregsaido-dvaras","status":"publish","type":"product","link":"https:\/\/skaitytaknyga.lt\/en\/produktas\/kregsaido-dvaras\/","title":{"rendered":"Kregsaido dvaras"},"content":{"rendered":"<p>Ar bijai tamsos?..<\/p>\n<p>Po lemtingo susir\u0117mimo su garsiuoju serijiniu \u017eudiku Kirviu detektyvas vyresnysis inspektorius Rajenas su savo su\u017ead\u0117tine Ana vasaroja Kregsaide, \u012fsp\u016bdingame, mi\u0161k\u0173 apsuptame Bavarijos stiliaus dvare. Juos pakvie\u010dia \u012f darbuotoj\u0173 vasaros vakar\u0117l\u012f \u2014 \u017emog\u017eudyst\u0117s karalien\u0117s Viktorijos laikais inscenizacij\u0105. Vakar\u0117lyje visi linksminasi, ta\u010diau linksmyb\u0117s baigiasi, kai r\u016bmuose u\u017eg\u0119sta \u0161viesos ir randamas negyvas pagyven\u0119s vyri\u0161kis. I\u0161 pirmo \u017evilgsnio atrodo, kad \u012fvyko nelaimingas atsitikimas, bet praskleid\u0119 velionio gyvenimo u\u017edang\u0105 Rajenas ir jo komanda suvokia, jog viskas ne taip, kaip atrodo.<\/p>\n<p>Kai aptinkamas antras k\u016bnas, siaubas sukausto nedidel\u0119 dvaro bendruomen\u0119. Rajenui teks i\u0161siai\u0161kinti, kas i\u0161 j\u0173 \u017eudikas, kol ne\u012fvykdyta dar viena \u017emog\u017eudyst\u0117&#8230;<\/p>\n","protected":false},"excerpt":{"rendered":"<p>Ar bijai tamsos?.. Po lemtingo susir\u0117mimo su garsiuoju serijiniu \u017eudiku Kirviu detektyvas vyresnysis inspektorius Rajenas su savo su\u017ead\u0117tine Ana vasaroja Kregsaide, \u012fsp\u016bdingame, mi\u0161k\u0173 apsuptame Bavarijos stiliaus dvare. Juos pakvie\u010dia \u012f darbuotoj\u0173 vasaros vakar\u0117l\u012f \u2014 \u017emog\u017eudyst\u0117s karalien\u0117s Viktorijos laikais inscenizacij\u0105. Vakar\u0117lyje visi linksminasi, ta\u010diau linksmyb\u0117s baigiasi, kai r\u016bmuose u\u017eg\u0119sta \u0161viesos ir randamas negyvas pagyven\u0119s vyri\u0161kis. I\u0161 pirmo \u017evilgsnio atrodo, kad \u012fvyko nelaimingas atsitikimas, bet praskleid\u0119 velionio gyvenimo u\u017edang\u0105 Rajenas ir jo komanda suvokia, jog viskas ne taip, kaip atrodo. Kai aptinkamas antras k\u016bnas, siaubas sukausto nedidel\u0119 dvaro bendruomen\u0119. Rajenui teks i\u0161siai\u0161kinti, kas i\u0161 j\u0173 \u017eudikas, kol ne\u012fvykdyta dar viena \u017emog\u017eudyst\u0117&#8230;<\/p>\n","protected":false},"featured_media":23299,"comment_status":"open","ping_status":"closed","template":"","meta":{"_acf_changed":false,"site-sidebar-layout":"default","site-content-layout":"","ast-site-content-layout":"default","site-content-style":"default","site-sidebar-style":"default","ast-global-header-display":"","ast-banner-title-visibility":"","ast-main-header-display":"","ast-hfb-above-header-display":"","ast-hfb-below-header-display":"","ast-hfb-mobile-header-display":"","site-post-title":"","ast-breadcrumbs-content":"","ast-featured-img":"","footer-sml-layout":"","ast-disable-related-posts":"","theme-transparent-header-meta":"","adv-header-id-meta":"","stick-header-meta":"","header-above-stick-meta":"","header-main-stick-meta":"","header-below-stick-meta":"","astra-migrate-meta-layouts":"default","ast-page-background-enabled":"default","ast-page-background-meta":{"desktop":{"background-color":"","background-image":"","background-repeat":"repeat","background-position":"center center","background-size":"auto","background-attachment":"scroll","background-type":"","background-media":"","overlay-type":"","overlay-color":"","overlay-opacity":"","overlay-gradient":""},"tablet":{"background-color":"","background-image":"","background-repeat":"repeat","background-position":"center center","background-size":"auto","background-attachment":"scroll","background-type":"","background-media":"","overlay-type":"","overlay-color":"","overlay-opacity":"","overlay-gradient":""},"mobile":{"background-color":"","background-image":"","background-repeat":"repeat","background-position":"center center","background-size":"auto","background-attachment":"scroll","background-type":"","background-media":"","overlay-type":"","overlay-color":"","overlay-opacity":"","overlay-gradient":""}},"ast-content-background-meta":{"desktop":{"background-color":"var(--ast-global-color-4)","background-image":"","background-repeat":"repeat","background-position":"center center","background-size":"auto","background-attachment":"scroll","background-type":"","background-media":"","overlay-type":"","overlay-color":"","overlay-opacity":"","overlay-gradient":""},"tablet":{"background-color":"var(--ast-global-color-4)","background-image":"","background-repeat":"repeat","background-position":"center center","background-size":"auto","background-attachment":"scroll","background-type":"","background-media":"","overlay-type":"","overlay-color":"","overlay-opacity":"","overlay-gradient":""},"mobile":{"background-color":"var(--ast-global-color-4)","background-image":"","background-repeat":"repeat","background-position":"center center","background-size":"auto","background-attachment":"scroll","background-type":"","background-media":"","overlay-type":"","overlay-color":"","overlay-opacity":"","overlay-gradient":""}}},"product_brand":[],"product_cat":[9581],"product_tag":[],"class_list":{"0":"post-23294","1":"product","2":"type-product","3":"status-publish","4":"has-post-thumbnail","6":"product_cat-kriminaliniai-romanai","7":"desktop-align-left","8":"tablet-align-left","9":"mobile-align-left","11":"first","12":"outofstock","13":"shipping-taxable","14":"purchasable","15":"product-type-simple"},"acf":[],"yoast_head":"<!-- This site is optimized with the Yoast SEO plugin v27.0 - https:\/\/yoast.com\/product\/yoast-seo-wordpress\/ -->\n<title>Kregsaido dvaras<\/title>\n<meta name=\"description\" content=\"Ar bijai tamsos?.. Po lemtingo susir\u0117mimo su garsiuoju serijiniu \u017eudiku Kirviu detektyvas vyresnysis inspektorius Rajenas su savo su\u017ead\u0117tine Ana vasaroja\" \/>\n<meta name=\"robots\" content=\"index, follow, max-snippet:-1, max-image-preview:large, max-video-preview:-1\" \/>\n<link rel=\"canonical\" href=\"https:\/\/skaitytaknyga.lt\/en\/produktas\/kregsaido-dvaras\/\" \/>\n<meta property=\"og:locale\" content=\"en_GB\" \/>\n<meta property=\"og:locale:alternate\" content=\"lt_LT\" \/>\n<meta property=\"og:type\" content=\"article\" \/>\n<meta property=\"og:title\" content=\"Kregsaido dvaras\" \/>\n<meta property=\"og:description\" content=\"Ar bijai tamsos?.. Po lemtingo susir\u0117mimo su garsiuoju serijiniu \u017eudiku Kirviu detektyvas vyresnysis inspektorius Rajenas su savo su\u017ead\u0117tine Ana vasaroja\" \/>\n<meta property=\"og:url\" content=\"https:\/\/skaitytaknyga.lt\/en\/produktas\/kregsaido-dvaras\/\" \/>\n<meta property=\"og:site_name\" content=\"Skaitytaknyga\" \/>\n<meta property=\"article:publisher\" content=\"https:\/\/www.facebook.com\/skaitytaknyga\/\" \/>\n<meta property=\"article:modified_time\" content=\"2026-03-16T12:18:54+00:00\" \/>\n<meta property=\"og:image\" content=\"https:\/\/skaitytaknyga.lt\/wp-content\/uploads\/2026\/03\/Kregsaido-dvaras-1.webp\" \/>\n\t<meta property=\"og:image:width\" content=\"300\" \/>\n\t<meta property=\"og:image:height\" content=\"456\" \/>\n\t<meta property=\"og:image:type\" content=\"image\/webp\" \/>\n<meta name=\"twitter:card\" content=\"summary_large_image\" \/>\n<meta name=\"twitter:label1\" content=\"Estimated reading time\" \/>\n\t<meta name=\"twitter:data1\" content=\"1 minute\" \/>\n<script type=\"application\/ld+json\" class=\"yoast-schema-graph\">{\"@context\":\"https:\/\/schema.org\",\"@graph\":[{\"@type\":\"WebPage\",\"@id\":\"https:\/\/skaitytaknyga.lt\/produktas\/kregsaido-dvaras\/\",\"url\":\"https:\/\/skaitytaknyga.lt\/produktas\/kregsaido-dvaras\/\",\"name\":\"Kregsaido dvaras\",\"isPartOf\":{\"@id\":\"https:\/\/skaitytaknyga.lt\/#website\"},\"primaryImageOfPage\":{\"@id\":\"https:\/\/skaitytaknyga.lt\/produktas\/kregsaido-dvaras\/#primaryimage\"},\"image\":{\"@id\":\"https:\/\/skaitytaknyga.lt\/produktas\/kregsaido-dvaras\/#primaryimage\"},\"thumbnailUrl\":\"https:\/\/skaitytaknyga.lt\/wp-content\/uploads\/2026\/03\/Kregsaido-dvaras-1.webp\",\"datePublished\":\"2026-03-03T11:41:56+00:00\",\"dateModified\":\"2026-03-16T12:18:54+00:00\",\"description\":\"Ar bijai tamsos?.. Po lemtingo susir\u0117mimo su garsiuoju serijiniu \u017eudiku Kirviu detektyvas vyresnysis inspektorius Rajenas su savo su\u017ead\u0117tine Ana vasaroja\",\"breadcrumb\":{\"@id\":\"https:\/\/skaitytaknyga.lt\/produktas\/kregsaido-dvaras\/#breadcrumb\"},\"inLanguage\":\"en-GB\",\"potentialAction\":[{\"@type\":\"ReadAction\",\"target\":[\"https:\/\/skaitytaknyga.lt\/produktas\/kregsaido-dvaras\/\"]}]},{\"@type\":\"ImageObject\",\"inLanguage\":\"en-GB\",\"@id\":\"https:\/\/skaitytaknyga.lt\/produktas\/kregsaido-dvaras\/#primaryimage\",\"url\":\"https:\/\/skaitytaknyga.lt\/wp-content\/uploads\/2026\/03\/Kregsaido-dvaras-1.webp\",\"contentUrl\":\"https:\/\/skaitytaknyga.lt\/wp-content\/uploads\/2026\/03\/Kregsaido-dvaras-1.webp\",\"width\":300,\"height\":456,\"caption\":\"Kregsaido dvaras\"},{\"@type\":\"BreadcrumbList\",\"@id\":\"https:\/\/skaitytaknyga.lt\/produktas\/kregsaido-dvaras\/#breadcrumb\",\"itemListElement\":[{\"@type\":\"ListItem\",\"position\":1,\"name\":\"Home\",\"item\":\"https:\/\/skaitytaknyga.lt\/\"},{\"@type\":\"ListItem\",\"position\":2,\"name\":\"Parduotuv\u0117\",\"item\":\"https:\/\/skaitytaknyga.lt\/knygu-parduotuve\/\"},{\"@type\":\"ListItem\",\"position\":3,\"name\":\"Kregsaido dvaras\"}]},{\"@type\":\"WebSite\",\"@id\":\"https:\/\/skaitytaknyga.lt\/#website\",\"url\":\"https:\/\/skaitytaknyga.lt\/\",\"name\":\"skaitytaknyga.lt\",\"description\":\"Skaitytaknyga.lt \u2013 tai ma\u017eas \u0161eimos verslas, kuris prasid\u0117jo nuo meil\u0117s knygoms ir siekio i\u0161gelb\u0117ti knygas nuo likimo prie konteinerio. Kas vienam nereikalingas daiktas \u2013 kitam lobis, o mes esame tarpininkai, kurie padeda abiems tapti laimingesniems ???? \u017dinome kaip nelengva i\u0161gyventi ma\u017eiems verslams, tad nuo \u0161iol, \u010dia rasite ir kit\u0173, ma\u017e\u0173 \u0161eim\u0173 versl\u0173, rank\u0173 darbo, dovan\u0173 sau ir artimiesiems.\",\"publisher\":{\"@id\":\"https:\/\/skaitytaknyga.lt\/#organization\"},\"potentialAction\":[{\"@type\":\"SearchAction\",\"target\":{\"@type\":\"EntryPoint\",\"urlTemplate\":\"https:\/\/skaitytaknyga.lt\/?s={search_term_string}\"},\"query-input\":{\"@type\":\"PropertyValueSpecification\",\"valueRequired\":true,\"valueName\":\"search_term_string\"}}],\"inLanguage\":\"en-GB\"},{\"@type\":\"Organization\",\"@id\":\"https:\/\/skaitytaknyga.lt\/#organization\",\"name\":\"skaitytaknyga.lt\",\"url\":\"https:\/\/skaitytaknyga.lt\/\",\"logo\":{\"@type\":\"ImageObject\",\"inLanguage\":\"en-GB\",\"@id\":\"https:\/\/skaitytaknyga.lt\/#\/schema\/logo\/image\/\",\"url\":\"https:\/\/skaitytaknyga.lt\/wp-content\/uploads\/2024\/05\/cropped-cropped-cropped-02_00843_jt3bggkj1j3HLc7SyY6rEUpg.jpeg\",\"contentUrl\":\"https:\/\/skaitytaknyga.lt\/wp-content\/uploads\/2024\/05\/cropped-cropped-cropped-02_00843_jt3bggkj1j3HLc7SyY6rEUpg.jpeg\",\"width\":1600,\"height\":1600,\"caption\":\"skaitytaknyga.lt\"},\"image\":{\"@id\":\"https:\/\/skaitytaknyga.lt\/#\/schema\/logo\/image\/\"},\"sameAs\":[\"https:\/\/www.facebook.com\/skaitytaknyga\/\"]}]}<\/script>\n<!-- \/ Yoast SEO plugin. -->","yoast_head_json":{"title":"Kregsaido dvaras","description":"Ar bijai tamsos?.. Po lemtingo susir\u0117mimo su garsiuoju serijiniu \u017eudiku Kirviu detektyvas vyresnysis inspektorius Rajenas su savo su\u017ead\u0117tine Ana vasaroja","robots":{"index":"index","follow":"follow","max-snippet":"max-snippet:-1","max-image-preview":"max-image-preview:large","max-video-preview":"max-video-preview:-1"},"canonical":"https:\/\/skaitytaknyga.lt\/en\/produktas\/kregsaido-dvaras\/","og_locale":"en_GB","og_type":"article","og_title":"[:lt]Kregsaido dvaras[:] - Skaitytaknyga","og_description":"Ar bijai tamsos?.. Po lemtingo susir\u0117mimo su garsiuoju serijiniu \u017eudiku Kirviu detektyvas vyresnysis inspektorius Rajenas su savo su\u017ead\u0117tine Ana vasaroja","og_url":"https:\/\/skaitytaknyga.lt\/en\/produktas\/kregsaido-dvaras\/","og_site_name":"Skaitytaknyga","article_publisher":"https:\/\/www.facebook.com\/skaitytaknyga\/","article_modified_time":"2026-03-16T12:18:54+00:00","og_image":[{"width":300,"height":456,"url":"https:\/\/skaitytaknyga.lt\/wp-content\/uploads\/2026\/03\/Kregsaido-dvaras-1.webp","type":"image\/webp"}],"twitter_card":"summary_large_image","twitter_misc":{"Estimated reading time":"1 minute"},"schema":{"@context":"https:\/\/schema.org","@graph":[{"@type":"WebPage","@id":"https:\/\/skaitytaknyga.lt\/produktas\/kregsaido-dvaras\/","url":"https:\/\/skaitytaknyga.lt\/produktas\/kregsaido-dvaras\/","name":"Kregsaido dvaras","isPartOf":{"@id":"https:\/\/skaitytaknyga.lt\/#website"},"primaryImageOfPage":{"@id":"https:\/\/skaitytaknyga.lt\/produktas\/kregsaido-dvaras\/#primaryimage"},"image":{"@id":"https:\/\/skaitytaknyga.lt\/produktas\/kregsaido-dvaras\/#primaryimage"},"thumbnailUrl":"https:\/\/skaitytaknyga.lt\/wp-content\/uploads\/2026\/03\/Kregsaido-dvaras-1.webp","datePublished":"2026-03-03T11:41:56+00:00","dateModified":"2026-03-16T12:18:54+00:00","description":"Ar bijai tamsos?.. Po lemtingo susir\u0117mimo su garsiuoju serijiniu \u017eudiku Kirviu detektyvas vyresnysis inspektorius Rajenas su savo su\u017ead\u0117tine Ana vasaroja","breadcrumb":{"@id":"https:\/\/skaitytaknyga.lt\/produktas\/kregsaido-dvaras\/#breadcrumb"},"inLanguage":"en-GB","potentialAction":[{"@type":"ReadAction","target":["https:\/\/skaitytaknyga.lt\/produktas\/kregsaido-dvaras\/"]}]},{"@type":"ImageObject","inLanguage":"en-GB","@id":"https:\/\/skaitytaknyga.lt\/produktas\/kregsaido-dvaras\/#primaryimage","url":"https:\/\/skaitytaknyga.lt\/wp-content\/uploads\/2026\/03\/Kregsaido-dvaras-1.webp","contentUrl":"https:\/\/skaitytaknyga.lt\/wp-content\/uploads\/2026\/03\/Kregsaido-dvaras-1.webp","width":300,"height":456,"caption":"Kregsaido dvaras"},{"@type":"BreadcrumbList","@id":"https:\/\/skaitytaknyga.lt\/produktas\/kregsaido-dvaras\/#breadcrumb","itemListElement":[{"@type":"ListItem","position":1,"name":"Home","item":"https:\/\/skaitytaknyga.lt\/"},{"@type":"ListItem","position":2,"name":"Parduotuv\u0117","item":"https:\/\/skaitytaknyga.lt\/knygu-parduotuve\/"},{"@type":"ListItem","position":3,"name":"Kregsaido dvaras"}]},{"@type":"WebSite","@id":"https:\/\/skaitytaknyga.lt\/#website","url":"https:\/\/skaitytaknyga.lt\/","name":"skaitytaknyga.lt","description":"Skaitytaknyga.lt \u2013 tai ma\u017eas \u0161eimos verslas, kuris prasid\u0117jo nuo meil\u0117s knygoms ir siekio i\u0161gelb\u0117ti knygas nuo likimo prie konteinerio. Kas vienam nereikalingas daiktas \u2013 kitam lobis, o mes esame tarpininkai, kurie padeda abiems tapti laimingesniems ???? \u017dinome kaip nelengva i\u0161gyventi ma\u017eiems verslams, tad nuo \u0161iol, \u010dia rasite ir kit\u0173, ma\u017e\u0173 \u0161eim\u0173 versl\u0173, rank\u0173 darbo, dovan\u0173 sau ir artimiesiems.","publisher":{"@id":"https:\/\/skaitytaknyga.lt\/#organization"},"potentialAction":[{"@type":"SearchAction","target":{"@type":"EntryPoint","urlTemplate":"https:\/\/skaitytaknyga.lt\/?s={search_term_string}"},"query-input":{"@type":"PropertyValueSpecification","valueRequired":true,"valueName":"search_term_string"}}],"inLanguage":"en-GB"},{"@type":"Organization","@id":"https:\/\/skaitytaknyga.lt\/#organization","name":"skaitytaknyga.lt","url":"https:\/\/skaitytaknyga.lt\/","logo":{"@type":"ImageObject","inLanguage":"en-GB","@id":"https:\/\/skaitytaknyga.lt\/#\/schema\/logo\/image\/","url":"https:\/\/skaitytaknyga.lt\/wp-content\/uploads\/2024\/05\/cropped-cropped-cropped-02_00843_jt3bggkj1j3HLc7SyY6rEUpg.jpeg","contentUrl":"https:\/\/skaitytaknyga.lt\/wp-content\/uploads\/2024\/05\/cropped-cropped-cropped-02_00843_jt3bggkj1j3HLc7SyY6rEUpg.jpeg","width":1600,"height":1600,"caption":"skaitytaknyga.lt"},"image":{"@id":"https:\/\/skaitytaknyga.lt\/#\/schema\/logo\/image\/"},"sameAs":["https:\/\/www.facebook.com\/skaitytaknyga\/"]}]}},"_links":{"self":[{"href":"https:\/\/skaitytaknyga.lt\/en\/wp-json\/wp\/v2\/product\/23294","targetHints":{"allow":["GET"]}}],"collection":[{"href":"https:\/\/skaitytaknyga.lt\/en\/wp-json\/wp\/v2\/product"}],"about":[{"href":"https:\/\/skaitytaknyga.lt\/en\/wp-json\/wp\/v2\/types\/product"}],"replies":[{"embeddable":true,"href":"https:\/\/skaitytaknyga.lt\/en\/wp-json\/wp\/v2\/comments?post=23294"}],"wp:featuredmedia":[{"embeddable":true,"href":"https:\/\/skaitytaknyga.lt\/en\/wp-json\/wp\/v2\/media\/23299"}],"wp:attachment":[{"href":"https:\/\/skaitytaknyga.lt\/en\/wp-json\/wp\/v2\/media?parent=23294"}],"wp:term":[{"taxonomy":"product_brand","embeddable":true,"href":"https:\/\/skaitytaknyga.lt\/en\/wp-json\/wp\/v2\/product_brand?post=23294"},{"taxonomy":"product_cat","embeddable":true,"href":"https:\/\/skaitytaknyga.lt\/en\/wp-json\/wp\/v2\/product_cat?post=23294"},{"taxonomy":"product_tag","embeddable":true,"href":"https:\/\/skaitytaknyga.lt\/en\/wp-json\/wp\/v2\/product_tag?post=23294"}],"curies":[{"name":"wp","href":"https:\/\/api.w.org\/{rel}","templated":true}]}}