{"id":23288,"date":"2026-03-02T11:53:51","date_gmt":"2026-03-02T09:53:51","guid":{"rendered":"https:\/\/skaitytaknyga.lt\/?post_type=product&#038;p=23288"},"modified":"2026-03-10T11:12:09","modified_gmt":"2026-03-10T09:12:09","slug":"ligonine","status":"publish","type":"product","link":"https:\/\/skaitytaknyga.lt\/en\/produktas\/ligonine\/","title":{"rendered":"Ligonin\u0117"},"content":{"rendered":"<p>Joks \u017emogus negali gyventi vienas&#8230;<\/p>\n<p>Dusinan\u010diai kar\u0161t\u0105 2014 m. vasar\u0105 Niukaslo gatv\u0117mis slankiojantis \u017eudikas suk\u0117l\u0117 panik\u0105 visame mieste. Kai bylai vadovavusi pareig\u016bn\u0117 aptinkama negyva, vyresniajam inspektoriui Rajenui tenka perimti atsakomyb\u0119 \u2014 rasti kaltinink\u0105 ir u\u017ebaigti byl\u0105.<\/p>\n<p>Glaud\u017eiais ry\u0161iais susijusioje Nortumbrijos kriminalini\u0173 tyrim\u0173 skyriaus komandoje Rajenas vis dar t\u0117ra pa\u0161alietis \u2014 jis laikosi nuo\u0161aliau ir nesileid\u017eia \u012f kompromisus. Vyresnysis inspektorius gim\u0119s po laiminga \u017evaig\u017ede, vargiai kas gali jam prilygti i\u0161ai\u0161kint\u0173 byl\u0173 kiekiu. Ta\u010diau Kirvio auk\u0173 daug\u0117jant, Rajenas suvokia, kad \u0161io prie\u0161ininko vien savo j\u0117gomis ne\u012fveiks&#8230;<\/p>\n<p>\u201eLigonin\u0117&#8221; \u2014 vyresniojo inspektoriaus Rajeno detektyv\u0173 serijos prie\u0161istor\u0117. Su \u0161iais detektyvais nesusipa\u017ein\u0119 skaitytojai gali sekti Rajeno istorij\u0105 chronologi\u0161kai ir toliau skaityti \u201e\u0160vent\u0105j\u0105 sal\u0105&#8221;, kurioje t\u0119siamas pasakojimas po \u012fvyki\u0173 \u201eLigonin\u0117je&#8221;<\/p>\n<p>\u0160iame dinami\u0161ko siu\u017eeto kriminaliniame trileryje, kurio veiksmas vyksta legendiniame \u0161iaur\u0117s ryt\u0173 Anglijos kra\u0161tovaizdyje, netr\u016bksta \u017emog\u017eudys\u010di\u0173 ir paslap\u010di\u0173, perteikiam\u0173 pasitelkiant juod\u0105j\u012f humor\u0105.<\/p>\n","protected":false},"excerpt":{"rendered":"<p>Joks \u017emogus negali gyventi vienas&#8230; Dusinan\u010diai kar\u0161t\u0105 2014 m. vasar\u0105 Niukaslo gatv\u0117mis slankiojantis \u017eudikas suk\u0117l\u0117 panik\u0105 visame mieste. Kai bylai vadovavusi pareig\u016bn\u0117 aptinkama negyva, vyresniajam inspektoriui Rajenui tenka perimti atsakomyb\u0119 \u2014 rasti kaltinink\u0105 ir u\u017ebaigti byl\u0105. Glaud\u017eiais ry\u0161iais susijusioje Nortumbrijos kriminalini\u0173 tyrim\u0173 skyriaus komandoje Rajenas vis dar t\u0117ra pa\u0161alietis \u2014 jis laikosi nuo\u0161aliau ir nesileid\u017eia \u012f kompromisus. Vyresnysis inspektorius gim\u0119s po laiminga \u017evaig\u017ede, vargiai kas gali jam prilygti i\u0161ai\u0161kint\u0173 byl\u0173 kiekiu. Ta\u010diau Kirvio auk\u0173 daug\u0117jant, Rajenas suvokia, kad \u0161io prie\u0161ininko vien savo j\u0117gomis ne\u012fveiks&#8230; \u201eLigonin\u0117&#8221; \u2014 vyresniojo inspektoriaus Rajeno detektyv\u0173 serijos prie\u0161istor\u0117. Su \u0161iais detektyvais nesusipa\u017ein\u0119 skaitytojai gali sekti Rajeno istorij\u0105 chronologi\u0161kai ir toliau skaityti \u201e\u0160vent\u0105j\u0105 sal\u0105&#8221;, kurioje t\u0119siamas pasakojimas po \u012fvyki\u0173 \u201eLigonin\u0117je&#8221; \u0160iame dinami\u0161ko siu\u017eeto kriminaliniame trileryje, kurio veiksmas vyksta legendiniame \u0161iaur\u0117s ryt\u0173 Anglijos kra\u0161tovaizdyje, netr\u016bksta \u017emog\u017eudys\u010di\u0173 ir paslap\u010di\u0173, perteikiam\u0173 pasitelkiant juod\u0105j\u012f humor\u0105.<\/p>\n","protected":false},"featured_media":23293,"comment_status":"open","ping_status":"closed","template":"","meta":{"_acf_changed":false,"site-sidebar-layout":"default","site-content-layout":"","ast-site-content-layout":"default","site-content-style":"default","site-sidebar-style":"default","ast-global-header-display":"","ast-banner-title-visibility":"","ast-main-header-display":"","ast-hfb-above-header-display":"","ast-hfb-below-header-display":"","ast-hfb-mobile-header-display":"","site-post-title":"","ast-breadcrumbs-content":"","ast-featured-img":"","footer-sml-layout":"","ast-disable-related-posts":"","theme-transparent-header-meta":"","adv-header-id-meta":"","stick-header-meta":"","header-above-stick-meta":"","header-main-stick-meta":"","header-below-stick-meta":"","astra-migrate-meta-layouts":"default","ast-page-background-enabled":"default","ast-page-background-meta":{"desktop":{"background-color":"","background-image":"","background-repeat":"repeat","background-position":"center center","background-size":"auto","background-attachment":"scroll","background-type":"","background-media":"","overlay-type":"","overlay-color":"","overlay-opacity":"","overlay-gradient":""},"tablet":{"background-color":"","background-image":"","background-repeat":"repeat","background-position":"center center","background-size":"auto","background-attachment":"scroll","background-type":"","background-media":"","overlay-type":"","overlay-color":"","overlay-opacity":"","overlay-gradient":""},"mobile":{"background-color":"","background-image":"","background-repeat":"repeat","background-position":"center center","background-size":"auto","background-attachment":"scroll","background-type":"","background-media":"","overlay-type":"","overlay-color":"","overlay-opacity":"","overlay-gradient":""}},"ast-content-background-meta":{"desktop":{"background-color":"var(--ast-global-color-4)","background-image":"","background-repeat":"repeat","background-position":"center center","background-size":"auto","background-attachment":"scroll","background-type":"","background-media":"","overlay-type":"","overlay-color":"","overlay-opacity":"","overlay-gradient":""},"tablet":{"background-color":"var(--ast-global-color-4)","background-image":"","background-repeat":"repeat","background-position":"center center","background-size":"auto","background-attachment":"scroll","background-type":"","background-media":"","overlay-type":"","overlay-color":"","overlay-opacity":"","overlay-gradient":""},"mobile":{"background-color":"var(--ast-global-color-4)","background-image":"","background-repeat":"repeat","background-position":"center center","background-size":"auto","background-attachment":"scroll","background-type":"","background-media":"","overlay-type":"","overlay-color":"","overlay-opacity":"","overlay-gradient":""}}},"product_brand":[],"product_cat":[9581],"product_tag":[6566],"class_list":{"0":"post-23288","1":"product","2":"type-product","3":"status-publish","4":"has-post-thumbnail","6":"product_cat-kriminaliniai-romanai","7":"product_tag-l-j-ross","8":"desktop-align-left","9":"tablet-align-left","10":"mobile-align-left","12":"first","13":"instock","14":"shipping-taxable","15":"purchasable","16":"product-type-simple"},"acf":[],"yoast_head":"<!-- This site is optimized with the Yoast SEO plugin v27.0 - https:\/\/yoast.com\/product\/yoast-seo-wordpress\/ -->\n<title>Ligonin\u0117<\/title>\n<meta name=\"description\" content=\"Joks \u017emogus negali gyventi vienas... Dusinan\u010diai kar\u0161t\u0105 2014 m. vasar\u0105 Niukaslo gatv\u0117mis slankiojantis \u017eudikas suk\u0117l\u0117 panik\u0105 visame mieste. Kai bylai\" \/>\n<meta name=\"robots\" content=\"index, follow, max-snippet:-1, max-image-preview:large, max-video-preview:-1\" \/>\n<link rel=\"canonical\" href=\"https:\/\/skaitytaknyga.lt\/en\/produktas\/ligonine\/\" \/>\n<meta property=\"og:locale\" content=\"en_GB\" \/>\n<meta property=\"og:locale:alternate\" content=\"lt_LT\" \/>\n<meta property=\"og:type\" content=\"article\" \/>\n<meta property=\"og:title\" content=\"Ligonin\u0117\" \/>\n<meta property=\"og:description\" content=\"Joks \u017emogus negali gyventi vienas... Dusinan\u010diai kar\u0161t\u0105 2014 m. vasar\u0105 Niukaslo gatv\u0117mis slankiojantis \u017eudikas suk\u0117l\u0117 panik\u0105 visame mieste. Kai bylai\" \/>\n<meta property=\"og:url\" content=\"https:\/\/skaitytaknyga.lt\/en\/produktas\/ligonine\/\" \/>\n<meta property=\"og:site_name\" content=\"Skaitytaknyga\" \/>\n<meta property=\"article:publisher\" content=\"https:\/\/www.facebook.com\/skaitytaknyga\/\" \/>\n<meta property=\"article:modified_time\" content=\"2026-03-10T09:12:09+00:00\" \/>\n<meta property=\"og:image\" content=\"https:\/\/skaitytaknyga.lt\/wp-content\/uploads\/2026\/03\/Ligonine-1.webp\" \/>\n\t<meta property=\"og:image:width\" content=\"300\" \/>\n\t<meta property=\"og:image:height\" content=\"456\" \/>\n\t<meta property=\"og:image:type\" content=\"image\/webp\" \/>\n<meta name=\"twitter:card\" content=\"summary_large_image\" \/>\n<meta name=\"twitter:label1\" content=\"Estimated reading time\" \/>\n\t<meta name=\"twitter:data1\" content=\"1 minute\" \/>\n<script type=\"application\/ld+json\" class=\"yoast-schema-graph\">{\"@context\":\"https:\/\/schema.org\",\"@graph\":[{\"@type\":\"WebPage\",\"@id\":\"https:\/\/skaitytaknyga.lt\/produktas\/ligonine\/\",\"url\":\"https:\/\/skaitytaknyga.lt\/produktas\/ligonine\/\",\"name\":\"Ligonin\u0117\",\"isPartOf\":{\"@id\":\"https:\/\/skaitytaknyga.lt\/#website\"},\"primaryImageOfPage\":{\"@id\":\"https:\/\/skaitytaknyga.lt\/produktas\/ligonine\/#primaryimage\"},\"image\":{\"@id\":\"https:\/\/skaitytaknyga.lt\/produktas\/ligonine\/#primaryimage\"},\"thumbnailUrl\":\"https:\/\/skaitytaknyga.lt\/wp-content\/uploads\/2026\/03\/Ligonine-1.webp\",\"datePublished\":\"2026-03-02T09:53:51+00:00\",\"dateModified\":\"2026-03-10T09:12:09+00:00\",\"description\":\"Joks \u017emogus negali gyventi vienas... Dusinan\u010diai kar\u0161t\u0105 2014 m. vasar\u0105 Niukaslo gatv\u0117mis slankiojantis \u017eudikas suk\u0117l\u0117 panik\u0105 visame mieste. Kai bylai\",\"breadcrumb\":{\"@id\":\"https:\/\/skaitytaknyga.lt\/produktas\/ligonine\/#breadcrumb\"},\"inLanguage\":\"en-GB\",\"potentialAction\":[{\"@type\":\"ReadAction\",\"target\":[\"https:\/\/skaitytaknyga.lt\/produktas\/ligonine\/\"]}]},{\"@type\":\"ImageObject\",\"inLanguage\":\"en-GB\",\"@id\":\"https:\/\/skaitytaknyga.lt\/produktas\/ligonine\/#primaryimage\",\"url\":\"https:\/\/skaitytaknyga.lt\/wp-content\/uploads\/2026\/03\/Ligonine-1.webp\",\"contentUrl\":\"https:\/\/skaitytaknyga.lt\/wp-content\/uploads\/2026\/03\/Ligonine-1.webp\",\"width\":300,\"height\":456,\"caption\":\"Ligonin\u0117\"},{\"@type\":\"BreadcrumbList\",\"@id\":\"https:\/\/skaitytaknyga.lt\/produktas\/ligonine\/#breadcrumb\",\"itemListElement\":[{\"@type\":\"ListItem\",\"position\":1,\"name\":\"Home\",\"item\":\"https:\/\/skaitytaknyga.lt\/\"},{\"@type\":\"ListItem\",\"position\":2,\"name\":\"Parduotuv\u0117\",\"item\":\"https:\/\/skaitytaknyga.lt\/knygu-parduotuve\/\"},{\"@type\":\"ListItem\",\"position\":3,\"name\":\"Ligonin\u0117\"}]},{\"@type\":\"WebSite\",\"@id\":\"https:\/\/skaitytaknyga.lt\/#website\",\"url\":\"https:\/\/skaitytaknyga.lt\/\",\"name\":\"skaitytaknyga.lt\",\"description\":\"Skaitytaknyga.lt \u2013 tai ma\u017eas \u0161eimos verslas, kuris prasid\u0117jo nuo meil\u0117s knygoms ir siekio i\u0161gelb\u0117ti knygas nuo likimo prie konteinerio. Kas vienam nereikalingas daiktas \u2013 kitam lobis, o mes esame tarpininkai, kurie padeda abiems tapti laimingesniems ???? \u017dinome kaip nelengva i\u0161gyventi ma\u017eiems verslams, tad nuo \u0161iol, \u010dia rasite ir kit\u0173, ma\u017e\u0173 \u0161eim\u0173 versl\u0173, rank\u0173 darbo, dovan\u0173 sau ir artimiesiems.\",\"publisher\":{\"@id\":\"https:\/\/skaitytaknyga.lt\/#organization\"},\"potentialAction\":[{\"@type\":\"SearchAction\",\"target\":{\"@type\":\"EntryPoint\",\"urlTemplate\":\"https:\/\/skaitytaknyga.lt\/?s={search_term_string}\"},\"query-input\":{\"@type\":\"PropertyValueSpecification\",\"valueRequired\":true,\"valueName\":\"search_term_string\"}}],\"inLanguage\":\"en-GB\"},{\"@type\":\"Organization\",\"@id\":\"https:\/\/skaitytaknyga.lt\/#organization\",\"name\":\"skaitytaknyga.lt\",\"url\":\"https:\/\/skaitytaknyga.lt\/\",\"logo\":{\"@type\":\"ImageObject\",\"inLanguage\":\"en-GB\",\"@id\":\"https:\/\/skaitytaknyga.lt\/#\/schema\/logo\/image\/\",\"url\":\"https:\/\/skaitytaknyga.lt\/wp-content\/uploads\/2024\/05\/cropped-cropped-cropped-02_00843_jt3bggkj1j3HLc7SyY6rEUpg.jpeg\",\"contentUrl\":\"https:\/\/skaitytaknyga.lt\/wp-content\/uploads\/2024\/05\/cropped-cropped-cropped-02_00843_jt3bggkj1j3HLc7SyY6rEUpg.jpeg\",\"width\":1600,\"height\":1600,\"caption\":\"skaitytaknyga.lt\"},\"image\":{\"@id\":\"https:\/\/skaitytaknyga.lt\/#\/schema\/logo\/image\/\"},\"sameAs\":[\"https:\/\/www.facebook.com\/skaitytaknyga\/\"]}]}<\/script>\n<!-- \/ Yoast SEO plugin. -->","yoast_head_json":{"title":"Ligonin\u0117","description":"Joks \u017emogus negali gyventi vienas... Dusinan\u010diai kar\u0161t\u0105 2014 m. vasar\u0105 Niukaslo gatv\u0117mis slankiojantis \u017eudikas suk\u0117l\u0117 panik\u0105 visame mieste. Kai bylai","robots":{"index":"index","follow":"follow","max-snippet":"max-snippet:-1","max-image-preview":"max-image-preview:large","max-video-preview":"max-video-preview:-1"},"canonical":"https:\/\/skaitytaknyga.lt\/en\/produktas\/ligonine\/","og_locale":"en_GB","og_type":"article","og_title":"[:lt]Ligonin\u0117[:] - Skaitytaknyga","og_description":"Joks \u017emogus negali gyventi vienas... Dusinan\u010diai kar\u0161t\u0105 2014 m. vasar\u0105 Niukaslo gatv\u0117mis slankiojantis \u017eudikas suk\u0117l\u0117 panik\u0105 visame mieste. Kai bylai","og_url":"https:\/\/skaitytaknyga.lt\/en\/produktas\/ligonine\/","og_site_name":"Skaitytaknyga","article_publisher":"https:\/\/www.facebook.com\/skaitytaknyga\/","article_modified_time":"2026-03-10T09:12:09+00:00","og_image":[{"width":300,"height":456,"url":"https:\/\/skaitytaknyga.lt\/wp-content\/uploads\/2026\/03\/Ligonine-1.webp","type":"image\/webp"}],"twitter_card":"summary_large_image","twitter_misc":{"Estimated reading time":"1 minute"},"schema":{"@context":"https:\/\/schema.org","@graph":[{"@type":"WebPage","@id":"https:\/\/skaitytaknyga.lt\/produktas\/ligonine\/","url":"https:\/\/skaitytaknyga.lt\/produktas\/ligonine\/","name":"Ligonin\u0117","isPartOf":{"@id":"https:\/\/skaitytaknyga.lt\/#website"},"primaryImageOfPage":{"@id":"https:\/\/skaitytaknyga.lt\/produktas\/ligonine\/#primaryimage"},"image":{"@id":"https:\/\/skaitytaknyga.lt\/produktas\/ligonine\/#primaryimage"},"thumbnailUrl":"https:\/\/skaitytaknyga.lt\/wp-content\/uploads\/2026\/03\/Ligonine-1.webp","datePublished":"2026-03-02T09:53:51+00:00","dateModified":"2026-03-10T09:12:09+00:00","description":"Joks \u017emogus negali gyventi vienas... Dusinan\u010diai kar\u0161t\u0105 2014 m. vasar\u0105 Niukaslo gatv\u0117mis slankiojantis \u017eudikas suk\u0117l\u0117 panik\u0105 visame mieste. Kai bylai","breadcrumb":{"@id":"https:\/\/skaitytaknyga.lt\/produktas\/ligonine\/#breadcrumb"},"inLanguage":"en-GB","potentialAction":[{"@type":"ReadAction","target":["https:\/\/skaitytaknyga.lt\/produktas\/ligonine\/"]}]},{"@type":"ImageObject","inLanguage":"en-GB","@id":"https:\/\/skaitytaknyga.lt\/produktas\/ligonine\/#primaryimage","url":"https:\/\/skaitytaknyga.lt\/wp-content\/uploads\/2026\/03\/Ligonine-1.webp","contentUrl":"https:\/\/skaitytaknyga.lt\/wp-content\/uploads\/2026\/03\/Ligonine-1.webp","width":300,"height":456,"caption":"Ligonin\u0117"},{"@type":"BreadcrumbList","@id":"https:\/\/skaitytaknyga.lt\/produktas\/ligonine\/#breadcrumb","itemListElement":[{"@type":"ListItem","position":1,"name":"Home","item":"https:\/\/skaitytaknyga.lt\/"},{"@type":"ListItem","position":2,"name":"Parduotuv\u0117","item":"https:\/\/skaitytaknyga.lt\/knygu-parduotuve\/"},{"@type":"ListItem","position":3,"name":"Ligonin\u0117"}]},{"@type":"WebSite","@id":"https:\/\/skaitytaknyga.lt\/#website","url":"https:\/\/skaitytaknyga.lt\/","name":"skaitytaknyga.lt","description":"Skaitytaknyga.lt \u2013 tai ma\u017eas \u0161eimos verslas, kuris prasid\u0117jo nuo meil\u0117s knygoms ir siekio i\u0161gelb\u0117ti knygas nuo likimo prie konteinerio. Kas vienam nereikalingas daiktas \u2013 kitam lobis, o mes esame tarpininkai, kurie padeda abiems tapti laimingesniems ???? \u017dinome kaip nelengva i\u0161gyventi ma\u017eiems verslams, tad nuo \u0161iol, \u010dia rasite ir kit\u0173, ma\u017e\u0173 \u0161eim\u0173 versl\u0173, rank\u0173 darbo, dovan\u0173 sau ir artimiesiems.","publisher":{"@id":"https:\/\/skaitytaknyga.lt\/#organization"},"potentialAction":[{"@type":"SearchAction","target":{"@type":"EntryPoint","urlTemplate":"https:\/\/skaitytaknyga.lt\/?s={search_term_string}"},"query-input":{"@type":"PropertyValueSpecification","valueRequired":true,"valueName":"search_term_string"}}],"inLanguage":"en-GB"},{"@type":"Organization","@id":"https:\/\/skaitytaknyga.lt\/#organization","name":"skaitytaknyga.lt","url":"https:\/\/skaitytaknyga.lt\/","logo":{"@type":"ImageObject","inLanguage":"en-GB","@id":"https:\/\/skaitytaknyga.lt\/#\/schema\/logo\/image\/","url":"https:\/\/skaitytaknyga.lt\/wp-content\/uploads\/2024\/05\/cropped-cropped-cropped-02_00843_jt3bggkj1j3HLc7SyY6rEUpg.jpeg","contentUrl":"https:\/\/skaitytaknyga.lt\/wp-content\/uploads\/2024\/05\/cropped-cropped-cropped-02_00843_jt3bggkj1j3HLc7SyY6rEUpg.jpeg","width":1600,"height":1600,"caption":"skaitytaknyga.lt"},"image":{"@id":"https:\/\/skaitytaknyga.lt\/#\/schema\/logo\/image\/"},"sameAs":["https:\/\/www.facebook.com\/skaitytaknyga\/"]}]}},"_links":{"self":[{"href":"https:\/\/skaitytaknyga.lt\/en\/wp-json\/wp\/v2\/product\/23288","targetHints":{"allow":["GET"]}}],"collection":[{"href":"https:\/\/skaitytaknyga.lt\/en\/wp-json\/wp\/v2\/product"}],"about":[{"href":"https:\/\/skaitytaknyga.lt\/en\/wp-json\/wp\/v2\/types\/product"}],"replies":[{"embeddable":true,"href":"https:\/\/skaitytaknyga.lt\/en\/wp-json\/wp\/v2\/comments?post=23288"}],"wp:featuredmedia":[{"embeddable":true,"href":"https:\/\/skaitytaknyga.lt\/en\/wp-json\/wp\/v2\/media\/23293"}],"wp:attachment":[{"href":"https:\/\/skaitytaknyga.lt\/en\/wp-json\/wp\/v2\/media?parent=23288"}],"wp:term":[{"taxonomy":"product_brand","embeddable":true,"href":"https:\/\/skaitytaknyga.lt\/en\/wp-json\/wp\/v2\/product_brand?post=23288"},{"taxonomy":"product_cat","embeddable":true,"href":"https:\/\/skaitytaknyga.lt\/en\/wp-json\/wp\/v2\/product_cat?post=23288"},{"taxonomy":"product_tag","embeddable":true,"href":"https:\/\/skaitytaknyga.lt\/en\/wp-json\/wp\/v2\/product_tag?post=23288"}],"curies":[{"name":"wp","href":"https:\/\/api.w.org\/{rel}","templated":true}]}}