{"id":23287,"date":"2026-03-02T11:53:51","date_gmt":"2026-03-02T09:53:51","guid":{"rendered":"https:\/\/skaitytaknyga.lt\/?post_type=product&#038;p=23287"},"modified":"2026-03-05T10:57:56","modified_gmt":"2026-03-05T08:57:56","slug":"atsiskyrelio-buveine","status":"publish","type":"product","link":"https:\/\/skaitytaknyga.lt\/en\/produktas\/atsiskyrelio-buveine\/","title":{"rendered":"Atsiskyr\u0117lio buvein\u0117"},"content":{"rendered":"<p>Jis man\u0117, kad yra nenugalimas, bet klydo&#8230;<\/p>\n<p>Kai senoje Vorkverto pilies atsiskyr\u0117lio buvein\u0117je randamas negyvas vyras, Nortumbrijos kriminalini\u0173 tyrim\u0173 skyriaus detektyvai pakvie\u010diami i\u0161tirti \u0161io \u012fvykio. N\u0117ra jokio akivaizdaus motyvo, tad teks i\u0161narplioti m\u012fsl\u0119, kod\u0117l \u017emogus buvo nu\u017eudytas. Ta\u010diau \u0161\u012fkart jie tur\u0117s dirbti be savo geriausio detektyvo&#8230;<\/p>\n<p>Vyresnysis inspektorius Rajenas \u2014 u\u017e t\u016bkstan\u010di\u0173 kilometr\u0173. Jis nusivijo \u017eudik\u0105 per Europ\u0105 ir prisiek\u0117 negr\u012f\u017eti, kol jo nesuims. Neitanas Armstrongas yra pavojingas psichopatas, bet i\u0161kyla dar viena b\u0117da: jis garsus, visame pasaulyje \u017einomas trileri\u0173 ra\u0161ytojas, nestokojantis pinig\u0173 ir ry\u0161i\u0173. Rajenas atsiduria svetimoje \u0161alyje, kur jo niekas nepa\u017e\u012fsta, bet inspektorius \u017eino viena \u2014 niekada nepasiduos.<\/p>\n<p>\u0160iame greito veiksmo detektyve, kurio pasakojimas vyksta fantasti\u0161ko gro\u017eio Nortumberlando ir Toskanos apylink\u0117se, \u017emog\u017eudystes ir paslaptis pagardina romantika ir humoras.<\/p>\n","protected":false},"excerpt":{"rendered":"<p>Jis man\u0117, kad yra nenugalimas, bet klydo&#8230; Kai senoje Vorkverto pilies atsiskyr\u0117lio buvein\u0117je randamas negyvas vyras, Nortumbrijos kriminalini\u0173 tyrim\u0173 skyriaus detektyvai pakvie\u010diami i\u0161tirti \u0161io \u012fvykio. N\u0117ra jokio akivaizdaus motyvo, tad teks i\u0161narplioti m\u012fsl\u0119, kod\u0117l \u017emogus buvo nu\u017eudytas. Ta\u010diau \u0161\u012fkart jie tur\u0117s dirbti be savo geriausio detektyvo&#8230; Vyresnysis inspektorius Rajenas \u2014 u\u017e t\u016bkstan\u010di\u0173 kilometr\u0173. Jis nusivijo \u017eudik\u0105 per Europ\u0105 ir prisiek\u0117 negr\u012f\u017eti, kol jo nesuims. Neitanas Armstrongas yra pavojingas psichopatas, bet i\u0161kyla dar viena b\u0117da: jis garsus, visame pasaulyje \u017einomas trileri\u0173 ra\u0161ytojas, nestokojantis pinig\u0173 ir ry\u0161i\u0173. Rajenas atsiduria svetimoje \u0161alyje, kur jo niekas nepa\u017e\u012fsta, bet inspektorius \u017eino viena \u2014 niekada nepasiduos. \u0160iame greito veiksmo detektyve, kurio pasakojimas vyksta fantasti\u0161ko gro\u017eio Nortumberlando ir Toskanos apylink\u0117se, \u017emog\u017eudystes ir paslaptis pagardina romantika ir humoras.<\/p>\n","protected":false},"featured_media":23292,"comment_status":"open","ping_status":"closed","template":"","meta":{"_acf_changed":false,"site-sidebar-layout":"default","site-content-layout":"","ast-site-content-layout":"default","site-content-style":"default","site-sidebar-style":"default","ast-global-header-display":"","ast-banner-title-visibility":"","ast-main-header-display":"","ast-hfb-above-header-display":"","ast-hfb-below-header-display":"","ast-hfb-mobile-header-display":"","site-post-title":"","ast-breadcrumbs-content":"","ast-featured-img":"","footer-sml-layout":"","ast-disable-related-posts":"","theme-transparent-header-meta":"","adv-header-id-meta":"","stick-header-meta":"","header-above-stick-meta":"","header-main-stick-meta":"","header-below-stick-meta":"","astra-migrate-meta-layouts":"default","ast-page-background-enabled":"default","ast-page-background-meta":{"desktop":{"background-color":"","background-image":"","background-repeat":"repeat","background-position":"center center","background-size":"auto","background-attachment":"scroll","background-type":"","background-media":"","overlay-type":"","overlay-color":"","overlay-opacity":"","overlay-gradient":""},"tablet":{"background-color":"","background-image":"","background-repeat":"repeat","background-position":"center center","background-size":"auto","background-attachment":"scroll","background-type":"","background-media":"","overlay-type":"","overlay-color":"","overlay-opacity":"","overlay-gradient":""},"mobile":{"background-color":"","background-image":"","background-repeat":"repeat","background-position":"center center","background-size":"auto","background-attachment":"scroll","background-type":"","background-media":"","overlay-type":"","overlay-color":"","overlay-opacity":"","overlay-gradient":""}},"ast-content-background-meta":{"desktop":{"background-color":"var(--ast-global-color-4)","background-image":"","background-repeat":"repeat","background-position":"center center","background-size":"auto","background-attachment":"scroll","background-type":"","background-media":"","overlay-type":"","overlay-color":"","overlay-opacity":"","overlay-gradient":""},"tablet":{"background-color":"var(--ast-global-color-4)","background-image":"","background-repeat":"repeat","background-position":"center center","background-size":"auto","background-attachment":"scroll","background-type":"","background-media":"","overlay-type":"","overlay-color":"","overlay-opacity":"","overlay-gradient":""},"mobile":{"background-color":"var(--ast-global-color-4)","background-image":"","background-repeat":"repeat","background-position":"center center","background-size":"auto","background-attachment":"scroll","background-type":"","background-media":"","overlay-type":"","overlay-color":"","overlay-opacity":"","overlay-gradient":""}}},"product_brand":[],"product_cat":[9581],"product_tag":[9573],"class_list":{"0":"post-23287","1":"product","2":"type-product","3":"status-publish","4":"has-post-thumbnail","6":"product_cat-kriminaliniai-romanai","7":"product_tag-ltl-j-ross","8":"desktop-align-left","9":"tablet-align-left","10":"mobile-align-left","12":"first","13":"instock","14":"shipping-taxable","15":"purchasable","16":"product-type-simple"},"acf":[],"yoast_head":"<!-- This site is optimized with the Yoast SEO plugin v27.0 - https:\/\/yoast.com\/product\/yoast-seo-wordpress\/ -->\n<title>Atsiskyr\u0117lio buvein\u0117<\/title>\n<meta name=\"description\" content=\"Jis man\u0117, kad yra nenugalimas, bet klydo... Kai senoje Vorkverto pilies atsiskyr\u0117lio buvein\u0117je randamas negyvas vyras, Nortumbrijos kriminalini\u0173 tyrim\u0173\" \/>\n<meta name=\"robots\" content=\"index, follow, max-snippet:-1, max-image-preview:large, max-video-preview:-1\" \/>\n<link rel=\"canonical\" href=\"https:\/\/skaitytaknyga.lt\/en\/produktas\/atsiskyrelio-buveine\/\" \/>\n<meta property=\"og:locale\" content=\"en_GB\" \/>\n<meta property=\"og:locale:alternate\" content=\"lt_LT\" \/>\n<meta property=\"og:type\" content=\"article\" \/>\n<meta property=\"og:title\" content=\"Atsiskyr\u0117lio buvein\u0117\" \/>\n<meta property=\"og:description\" content=\"Jis man\u0117, kad yra nenugalimas, bet klydo... Kai senoje Vorkverto pilies atsiskyr\u0117lio buvein\u0117je randamas negyvas vyras, Nortumbrijos kriminalini\u0173 tyrim\u0173\" \/>\n<meta property=\"og:url\" content=\"https:\/\/skaitytaknyga.lt\/en\/produktas\/atsiskyrelio-buveine\/\" \/>\n<meta property=\"og:site_name\" content=\"Skaitytaknyga\" \/>\n<meta property=\"article:publisher\" content=\"https:\/\/www.facebook.com\/skaitytaknyga\/\" \/>\n<meta property=\"article:modified_time\" content=\"2026-03-05T08:57:56+00:00\" \/>\n<meta property=\"og:image\" content=\"https:\/\/skaitytaknyga.lt\/wp-content\/uploads\/2026\/03\/Atsiskyrelio-buveine-1.webp\" \/>\n\t<meta property=\"og:image:width\" content=\"300\" \/>\n\t<meta property=\"og:image:height\" content=\"451\" \/>\n\t<meta property=\"og:image:type\" content=\"image\/webp\" \/>\n<meta name=\"twitter:card\" content=\"summary_large_image\" \/>\n<meta name=\"twitter:label1\" content=\"Estimated reading time\" \/>\n\t<meta name=\"twitter:data1\" content=\"1 minute\" \/>\n<script type=\"application\/ld+json\" class=\"yoast-schema-graph\">{\"@context\":\"https:\/\/schema.org\",\"@graph\":[{\"@type\":\"WebPage\",\"@id\":\"https:\/\/skaitytaknyga.lt\/produktas\/atsiskyrelio-buveine\/\",\"url\":\"https:\/\/skaitytaknyga.lt\/produktas\/atsiskyrelio-buveine\/\",\"name\":\"Atsiskyr\u0117lio buvein\u0117\",\"isPartOf\":{\"@id\":\"https:\/\/skaitytaknyga.lt\/#website\"},\"primaryImageOfPage\":{\"@id\":\"https:\/\/skaitytaknyga.lt\/produktas\/atsiskyrelio-buveine\/#primaryimage\"},\"image\":{\"@id\":\"https:\/\/skaitytaknyga.lt\/produktas\/atsiskyrelio-buveine\/#primaryimage\"},\"thumbnailUrl\":\"https:\/\/skaitytaknyga.lt\/wp-content\/uploads\/2026\/03\/Atsiskyrelio-buveine-1.webp\",\"datePublished\":\"2026-03-02T09:53:51+00:00\",\"dateModified\":\"2026-03-05T08:57:56+00:00\",\"description\":\"Jis man\u0117, kad yra nenugalimas, bet klydo... Kai senoje Vorkverto pilies atsiskyr\u0117lio buvein\u0117je randamas negyvas vyras, Nortumbrijos kriminalini\u0173 tyrim\u0173\",\"breadcrumb\":{\"@id\":\"https:\/\/skaitytaknyga.lt\/produktas\/atsiskyrelio-buveine\/#breadcrumb\"},\"inLanguage\":\"en-GB\",\"potentialAction\":[{\"@type\":\"ReadAction\",\"target\":[\"https:\/\/skaitytaknyga.lt\/produktas\/atsiskyrelio-buveine\/\"]}]},{\"@type\":\"ImageObject\",\"inLanguage\":\"en-GB\",\"@id\":\"https:\/\/skaitytaknyga.lt\/produktas\/atsiskyrelio-buveine\/#primaryimage\",\"url\":\"https:\/\/skaitytaknyga.lt\/wp-content\/uploads\/2026\/03\/Atsiskyrelio-buveine-1.webp\",\"contentUrl\":\"https:\/\/skaitytaknyga.lt\/wp-content\/uploads\/2026\/03\/Atsiskyrelio-buveine-1.webp\",\"width\":300,\"height\":451,\"caption\":\"Atsiskyr\u0117lio buvein\u0117\"},{\"@type\":\"BreadcrumbList\",\"@id\":\"https:\/\/skaitytaknyga.lt\/produktas\/atsiskyrelio-buveine\/#breadcrumb\",\"itemListElement\":[{\"@type\":\"ListItem\",\"position\":1,\"name\":\"Home\",\"item\":\"https:\/\/skaitytaknyga.lt\/\"},{\"@type\":\"ListItem\",\"position\":2,\"name\":\"Parduotuv\u0117\",\"item\":\"https:\/\/skaitytaknyga.lt\/knygu-parduotuve\/\"},{\"@type\":\"ListItem\",\"position\":3,\"name\":\"Atsiskyr\u0117lio buvein\u0117\"}]},{\"@type\":\"WebSite\",\"@id\":\"https:\/\/skaitytaknyga.lt\/#website\",\"url\":\"https:\/\/skaitytaknyga.lt\/\",\"name\":\"skaitytaknyga.lt\",\"description\":\"Skaitytaknyga.lt \u2013 tai ma\u017eas \u0161eimos verslas, kuris prasid\u0117jo nuo meil\u0117s knygoms ir siekio i\u0161gelb\u0117ti knygas nuo likimo prie konteinerio. Kas vienam nereikalingas daiktas \u2013 kitam lobis, o mes esame tarpininkai, kurie padeda abiems tapti laimingesniems ???? \u017dinome kaip nelengva i\u0161gyventi ma\u017eiems verslams, tad nuo \u0161iol, \u010dia rasite ir kit\u0173, ma\u017e\u0173 \u0161eim\u0173 versl\u0173, rank\u0173 darbo, dovan\u0173 sau ir artimiesiems.\",\"publisher\":{\"@id\":\"https:\/\/skaitytaknyga.lt\/#organization\"},\"potentialAction\":[{\"@type\":\"SearchAction\",\"target\":{\"@type\":\"EntryPoint\",\"urlTemplate\":\"https:\/\/skaitytaknyga.lt\/?s={search_term_string}\"},\"query-input\":{\"@type\":\"PropertyValueSpecification\",\"valueRequired\":true,\"valueName\":\"search_term_string\"}}],\"inLanguage\":\"en-GB\"},{\"@type\":\"Organization\",\"@id\":\"https:\/\/skaitytaknyga.lt\/#organization\",\"name\":\"skaitytaknyga.lt\",\"url\":\"https:\/\/skaitytaknyga.lt\/\",\"logo\":{\"@type\":\"ImageObject\",\"inLanguage\":\"en-GB\",\"@id\":\"https:\/\/skaitytaknyga.lt\/#\/schema\/logo\/image\/\",\"url\":\"https:\/\/skaitytaknyga.lt\/wp-content\/uploads\/2024\/05\/cropped-cropped-cropped-02_00843_jt3bggkj1j3HLc7SyY6rEUpg.jpeg\",\"contentUrl\":\"https:\/\/skaitytaknyga.lt\/wp-content\/uploads\/2024\/05\/cropped-cropped-cropped-02_00843_jt3bggkj1j3HLc7SyY6rEUpg.jpeg\",\"width\":1600,\"height\":1600,\"caption\":\"skaitytaknyga.lt\"},\"image\":{\"@id\":\"https:\/\/skaitytaknyga.lt\/#\/schema\/logo\/image\/\"},\"sameAs\":[\"https:\/\/www.facebook.com\/skaitytaknyga\/\"]}]}<\/script>\n<!-- \/ Yoast SEO plugin. -->","yoast_head_json":{"title":"Atsiskyr\u0117lio buvein\u0117","description":"Jis man\u0117, kad yra nenugalimas, bet klydo... Kai senoje Vorkverto pilies atsiskyr\u0117lio buvein\u0117je randamas negyvas vyras, Nortumbrijos kriminalini\u0173 tyrim\u0173","robots":{"index":"index","follow":"follow","max-snippet":"max-snippet:-1","max-image-preview":"max-image-preview:large","max-video-preview":"max-video-preview:-1"},"canonical":"https:\/\/skaitytaknyga.lt\/en\/produktas\/atsiskyrelio-buveine\/","og_locale":"en_GB","og_type":"article","og_title":"[:lt]Atsiskyr\u0117lio buvein\u0117[:] - Skaitytaknyga","og_description":"Jis man\u0117, kad yra nenugalimas, bet klydo... Kai senoje Vorkverto pilies atsiskyr\u0117lio buvein\u0117je randamas negyvas vyras, Nortumbrijos kriminalini\u0173 tyrim\u0173","og_url":"https:\/\/skaitytaknyga.lt\/en\/produktas\/atsiskyrelio-buveine\/","og_site_name":"Skaitytaknyga","article_publisher":"https:\/\/www.facebook.com\/skaitytaknyga\/","article_modified_time":"2026-03-05T08:57:56+00:00","og_image":[{"width":300,"height":451,"url":"https:\/\/skaitytaknyga.lt\/wp-content\/uploads\/2026\/03\/Atsiskyrelio-buveine-1.webp","type":"image\/webp"}],"twitter_card":"summary_large_image","twitter_misc":{"Estimated reading time":"1 minute"},"schema":{"@context":"https:\/\/schema.org","@graph":[{"@type":"WebPage","@id":"https:\/\/skaitytaknyga.lt\/produktas\/atsiskyrelio-buveine\/","url":"https:\/\/skaitytaknyga.lt\/produktas\/atsiskyrelio-buveine\/","name":"Atsiskyr\u0117lio buvein\u0117","isPartOf":{"@id":"https:\/\/skaitytaknyga.lt\/#website"},"primaryImageOfPage":{"@id":"https:\/\/skaitytaknyga.lt\/produktas\/atsiskyrelio-buveine\/#primaryimage"},"image":{"@id":"https:\/\/skaitytaknyga.lt\/produktas\/atsiskyrelio-buveine\/#primaryimage"},"thumbnailUrl":"https:\/\/skaitytaknyga.lt\/wp-content\/uploads\/2026\/03\/Atsiskyrelio-buveine-1.webp","datePublished":"2026-03-02T09:53:51+00:00","dateModified":"2026-03-05T08:57:56+00:00","description":"Jis man\u0117, kad yra nenugalimas, bet klydo... Kai senoje Vorkverto pilies atsiskyr\u0117lio buvein\u0117je randamas negyvas vyras, Nortumbrijos kriminalini\u0173 tyrim\u0173","breadcrumb":{"@id":"https:\/\/skaitytaknyga.lt\/produktas\/atsiskyrelio-buveine\/#breadcrumb"},"inLanguage":"en-GB","potentialAction":[{"@type":"ReadAction","target":["https:\/\/skaitytaknyga.lt\/produktas\/atsiskyrelio-buveine\/"]}]},{"@type":"ImageObject","inLanguage":"en-GB","@id":"https:\/\/skaitytaknyga.lt\/produktas\/atsiskyrelio-buveine\/#primaryimage","url":"https:\/\/skaitytaknyga.lt\/wp-content\/uploads\/2026\/03\/Atsiskyrelio-buveine-1.webp","contentUrl":"https:\/\/skaitytaknyga.lt\/wp-content\/uploads\/2026\/03\/Atsiskyrelio-buveine-1.webp","width":300,"height":451,"caption":"Atsiskyr\u0117lio buvein\u0117"},{"@type":"BreadcrumbList","@id":"https:\/\/skaitytaknyga.lt\/produktas\/atsiskyrelio-buveine\/#breadcrumb","itemListElement":[{"@type":"ListItem","position":1,"name":"Home","item":"https:\/\/skaitytaknyga.lt\/"},{"@type":"ListItem","position":2,"name":"Parduotuv\u0117","item":"https:\/\/skaitytaknyga.lt\/knygu-parduotuve\/"},{"@type":"ListItem","position":3,"name":"Atsiskyr\u0117lio buvein\u0117"}]},{"@type":"WebSite","@id":"https:\/\/skaitytaknyga.lt\/#website","url":"https:\/\/skaitytaknyga.lt\/","name":"skaitytaknyga.lt","description":"Skaitytaknyga.lt \u2013 tai ma\u017eas \u0161eimos verslas, kuris prasid\u0117jo nuo meil\u0117s knygoms ir siekio i\u0161gelb\u0117ti knygas nuo likimo prie konteinerio. Kas vienam nereikalingas daiktas \u2013 kitam lobis, o mes esame tarpininkai, kurie padeda abiems tapti laimingesniems ???? \u017dinome kaip nelengva i\u0161gyventi ma\u017eiems verslams, tad nuo \u0161iol, \u010dia rasite ir kit\u0173, ma\u017e\u0173 \u0161eim\u0173 versl\u0173, rank\u0173 darbo, dovan\u0173 sau ir artimiesiems.","publisher":{"@id":"https:\/\/skaitytaknyga.lt\/#organization"},"potentialAction":[{"@type":"SearchAction","target":{"@type":"EntryPoint","urlTemplate":"https:\/\/skaitytaknyga.lt\/?s={search_term_string}"},"query-input":{"@type":"PropertyValueSpecification","valueRequired":true,"valueName":"search_term_string"}}],"inLanguage":"en-GB"},{"@type":"Organization","@id":"https:\/\/skaitytaknyga.lt\/#organization","name":"skaitytaknyga.lt","url":"https:\/\/skaitytaknyga.lt\/","logo":{"@type":"ImageObject","inLanguage":"en-GB","@id":"https:\/\/skaitytaknyga.lt\/#\/schema\/logo\/image\/","url":"https:\/\/skaitytaknyga.lt\/wp-content\/uploads\/2024\/05\/cropped-cropped-cropped-02_00843_jt3bggkj1j3HLc7SyY6rEUpg.jpeg","contentUrl":"https:\/\/skaitytaknyga.lt\/wp-content\/uploads\/2024\/05\/cropped-cropped-cropped-02_00843_jt3bggkj1j3HLc7SyY6rEUpg.jpeg","width":1600,"height":1600,"caption":"skaitytaknyga.lt"},"image":{"@id":"https:\/\/skaitytaknyga.lt\/#\/schema\/logo\/image\/"},"sameAs":["https:\/\/www.facebook.com\/skaitytaknyga\/"]}]}},"_links":{"self":[{"href":"https:\/\/skaitytaknyga.lt\/en\/wp-json\/wp\/v2\/product\/23287","targetHints":{"allow":["GET"]}}],"collection":[{"href":"https:\/\/skaitytaknyga.lt\/en\/wp-json\/wp\/v2\/product"}],"about":[{"href":"https:\/\/skaitytaknyga.lt\/en\/wp-json\/wp\/v2\/types\/product"}],"replies":[{"embeddable":true,"href":"https:\/\/skaitytaknyga.lt\/en\/wp-json\/wp\/v2\/comments?post=23287"}],"wp:featuredmedia":[{"embeddable":true,"href":"https:\/\/skaitytaknyga.lt\/en\/wp-json\/wp\/v2\/media\/23292"}],"wp:attachment":[{"href":"https:\/\/skaitytaknyga.lt\/en\/wp-json\/wp\/v2\/media?parent=23287"}],"wp:term":[{"taxonomy":"product_brand","embeddable":true,"href":"https:\/\/skaitytaknyga.lt\/en\/wp-json\/wp\/v2\/product_brand?post=23287"},{"taxonomy":"product_cat","embeddable":true,"href":"https:\/\/skaitytaknyga.lt\/en\/wp-json\/wp\/v2\/product_cat?post=23287"},{"taxonomy":"product_tag","embeddable":true,"href":"https:\/\/skaitytaknyga.lt\/en\/wp-json\/wp\/v2\/product_tag?post=23287"}],"curies":[{"name":"wp","href":"https:\/\/api.w.org\/{rel}","templated":true}]}}